
{"id":104422,"date":"2023-02-15T20:24:53","date_gmt":"2023-02-15T19:24:53","guid":{"rendered":"https:\/\/ibecbarcelona.eu\/strategy\/"},"modified":"2025-07-08T14:44:38","modified_gmt":"2025-07-08T12:44:38","slug":"strategy","status":"publish","type":"page","link":"https:\/\/ibecbarcelona.eu\/ca\/about-us\/sustainable-practices\/strategy\/","title":{"rendered":"Estrat\u00e8gia"},"content":{"rendered":"\n<div class=\"wp-block-media-text alignwide is-stacked-on-mobile\" style=\"grid-template-columns:21% auto\"><figure class=\"wp-block-media-text__media\"><img decoding=\"async\" width=\"400\" height=\"566\" data-src=\"https:\/\/ibecbarcelona.eu\/wp-content\/uploads\/2021\/08\/strategy4sustainability_portada.jpg\" alt=\"\" class=\"wp-image-86735 size-full lazyload\" data-srcset=\"https:\/\/ibecbarcelona.eu\/wp-content\/uploads\/2021\/08\/strategy4sustainability_portada.jpg 400w, https:\/\/ibecbarcelona.eu\/wp-content\/uploads\/2021\/08\/strategy4sustainability_portada-212x300.jpg 212w, https:\/\/ibecbarcelona.eu\/wp-content\/uploads\/2021\/08\/strategy4sustainability_portada-106x150.jpg 106w\" data-sizes=\"(max-width: 400px) 100vw, 400px\" src=\"data:image\/svg+xml;base64,PHN2ZyB3aWR0aD0iMSIgaGVpZ2h0PSIxIiB4bWxucz0iaHR0cDovL3d3dy53My5vcmcvMjAwMC9zdmciPjwvc3ZnPg==\" style=\"--smush-placeholder-width: 400px; --smush-placeholder-aspect-ratio: 400\/566;\" \/><\/figure><div class=\"wp-block-media-text__content\">\n<p><\/p>\n\n\n\n<p><\/p>\n\n\n\n<p>Els membres del comit\u00e8 han estat treballant en la recopilaci\u00f3, an\u00e0lisi i suggeriment d&#8217;accions que tenen com a objectiu fer que el nostre Institut sigui m\u00e9s sostenible. Aquestes es recullen a l&#8217;<a href=\"https:\/\/ibecbarcelona.eu\/wp-content\/uploads\/2021\/11\/strategy4sustainability.pdf\">Estrat\u00e8gia de l&#8217;IBEC per promoure la sostenibilitat en la recerca<\/a>, aprovada pel Patronat el 29 de juny de 2021, que \u00e9s un document de treball en evoluci\u00f3 que es revisar\u00e0 i millorar\u00e0 un cop implementada.<\/p>\n\n\n\n<p><\/p>\n\n\n\n<p><\/p>\n\n\n\n<p><\/p>\n<\/div><\/div>\n\n\n<div class=\"responsive-tabs\">\n<h2 class=\"tabtitle\">L\u00cdNIES D'ACCI\u00d3<\/h2>\n<div class=\"tabcontent\">\n\n\n\n\n<p>El Pla d&#8217;Acci\u00f3 per a la Sostenibilitat de l&#8217;IBEC t\u00e9 com a objectiu abordar els problemes m\u00e9s rellevants relacionats amb el canvi clim\u00e0tic i la contaminaci\u00f3:<\/p>\n\n\n\n<ul class=\"wp-block-list\">\n<li>Consum d&#8217;energia i aigua<\/li>\n\n\n\n<li>Residus<\/li>\n\n\n\n<li>\u00das de productes qu\u00edmics i altres productes perillosos<\/li>\n\n\n\n<li>Despla\u00e7aments laborals i despla\u00e7aments a la feina<\/li>\n<\/ul>\n\n\n\n<p>El pla tamb\u00e9 inclou accions transversals com ara:<\/p>\n\n\n\n<ul class=\"wp-block-list\">\n<li>Formaci\u00f3<\/li>\n\n\n\n<li>Comunicaci\u00f3 i sensibilitzaci\u00f3<\/li>\n\n\n\n<li>Participaci\u00f3 en altres iniciatives locals i globals per a la sostenibilitat<\/li>\n\n\n\n<li>Avaluaci\u00f3 de les pr\u00e0ctiques de laboratori i obtenci\u00f3 d&#8217;una certificaci\u00f3 de laboratoris sostenibles: certificaci\u00f3 de My Green Lab <\/li>\n\n\n\n<li>Recerca sobre sostenibilitat energ\u00e8tica i ambiental<\/li>\n\n\n\n<li>Definici\u00f3 i seguiment d&#8217;indicadors, seguiment i actualitzaci\u00f3 del Pla<\/li>\n<\/ul>\n\n\n\n<p>Totes les accions incloses al Pla i les futures seran discutides i acordades entre els \u00f2rgans de presa de decisions i consulta de l&#8217;IBEC i necessitaran la participaci\u00f3 de tot el personal per garantir la seva implementaci\u00f3 amb \u00e8xit mentre l&#8217;IBEC continua amb la seva missi\u00f3 fonamental de dur a terme investigacions interdisciplin\u00e0ries a l&#8217;avantguarda del coneixement en el camp de la bioenginyeria per millorar la salut i la qualitat de vida.<\/p>\n\n\n\n<\/div><h2 class=\"tabtitle\">DECLARACI\u00d3<\/h2>\n<div class=\"tabcontent\">\n\n\n\n\n<p>El setembre de 2019, l&#8217;IBEC va promoure, juntament amb la resta de centres de recerca membres del Barcelona Institute for Science and Technology (BIST), l&#8217;emissi\u00f3 d&#8217;una declaraci\u00f3 de suport a la crida global a l&#8217;acci\u00f3 per afrontar el canvi clim\u00e0tic llan\u00e7ada pel moviment Climate Change Strike. La declaraci\u00f3 va ser signada pel director de l&#8217;IBEC, Josep Samitier, juntament amb la directora general del BIST, Gabby Silberman, i els directors dels altres sis centres BIST, Luis Serrano (CRG), Llu\u00eds Torner (ICFO), Miquel Peric\u00e0s (ICIQ), Pablo Ordej\u00f3n (ICN2), Ramon Miquel (IFAE) i Francesc Posas (IRB Barcelona).<\/p>\n\n\n\n<p><strong>La declaraci\u00f3 \u00e9s la seg\u00fcent:<\/strong><\/p>\n\n\n\n<p>\u201c<em>We work in some of the most advanced research institutions in our country, recognized with awards and<br>certifications of excellence, employing world-class scientists, and participating actively in the international science arena. As such, we are well placed to know the science behind climate change. Likewise, we also have a direct duty to ensure that our scientific conclusions revert to our society.<br>We are both privileged observers and human beings inhabiting this planet. We therefore feel compelled to preserve nature and issue the following statement in connection with the Global Climate Strike actions that are taking place around the globe<\/em>.<\/p>\n\n\n\n<ul class=\"wp-block-list\">\n<li><em>Scientific evidence is strong. All publicly funded research is openly available so that anybody can examine its methodology and reproduce its conclusions. This transparency ensures that anything we say can be verified, irrespective of who said it or who funded their research.<\/em><\/li>\n\n\n\n<li><em>The conclusions from the Intergovernmental Panel on Climate Change (IPCC) are informed by<br>solid science reported transparently for all to examine. Its conclusions are inescapable.<\/em><\/li>\n\n\n\n<li><em>The main conclusions are that global warming emergency is a fact, that it is caused by humans<br>and that, if prompt actions are not undertaken, it will have catastrophic effects and disruptive<br>consequences (from mass migrations to changes in the food we eat) for the whole planet.<\/em><\/li>\n<\/ul>\n\n\n\n<p><em>For these reasons we, the BIST centers, declare our explicit support to the call for action that has been<br>launched around the world by movements such as Global Climate Strike. We invite all science-related and academic personnel to join this call to action. Available data are already strong enough to ignite short and long term personal, social, and political actions. It is time for change.\u201d<\/em><\/p>\n\n\n\n<p><\/p>\n\n\n<\/div><\/div>\n","protected":false},"excerpt":{"rendered":"<p>Els membres del comit\u00e8 han estat treballant en la recopilaci\u00f3, an\u00e0lisi i suggeriment d&#8217;accions que tenen com a objectiu fer que el nostre Institut sigui m\u00e9s sostenible. Aquestes es recullen &#8230; <a title=\"Estrat\u00e8gia\" class=\"read-more\" href=\"https:\/\/ibecbarcelona.eu\/ca\/about-us\/sustainable-practices\/strategy\/\" aria-label=\"More on Estrat\u00e8gia\">Read more<\/a><\/p>\n","protected":false},"author":4,"featured_media":104364,"parent":86276,"menu_order":0,"comment_status":"closed","ping_status":"closed","template":"","meta":{"footnotes":""},"tags":[],"class_list":["post-104422","page","type-page","status-publish","has-post-thumbnail"],"yoast_head":"<!-- This site is optimized with the Yoast SEO plugin v27.3 - https:\/\/yoast.com\/product\/yoast-seo-wordpress\/ -->\n<title>Estrat\u00e8gia - Institute for Bioengineering of Catalonia<\/title>\n<meta name=\"robots\" content=\"index, follow, max-snippet:-1, max-image-preview:large, max-video-preview:-1\" \/>\n<link rel=\"canonical\" href=\"https:\/\/ibecbarcelona.eu\/ca\/about-us\/sustainable-practices\/strategy\/\" \/>\n<meta property=\"og:locale\" content=\"ca_ES\" \/>\n<meta property=\"og:type\" content=\"article\" \/>\n<meta property=\"og:title\" content=\"Estrat\u00e8gia - Institute for Bioengineering of Catalonia\" \/>\n<meta property=\"og:description\" content=\"Els membres del comit\u00e8 han estat treballant en la recopilaci\u00f3, an\u00e0lisi i suggeriment d&#8217;accions que tenen com a objectiu fer que el nostre Institut sigui m\u00e9s sostenible. Aquestes es recullen ... Read more\" \/>\n<meta property=\"og:url\" content=\"https:\/\/ibecbarcelona.eu\/ca\/about-us\/sustainable-practices\/strategy\/\" \/>\n<meta property=\"og:site_name\" content=\"Institute for Bioengineering of Catalonia\" \/>\n<meta property=\"article:modified_time\" content=\"2025-07-08T12:44:38+00:00\" \/>\n<meta property=\"og:image\" content=\"https:\/\/ibecbarcelona.eu\/wp-content\/uploads\/2023\/02\/1_strategy_slide.jpg\" \/>\n\t<meta property=\"og:image:width\" content=\"2000\" \/>\n\t<meta property=\"og:image:height\" content=\"400\" \/>\n\t<meta property=\"og:image:type\" content=\"image\/jpeg\" \/>\n<meta name=\"twitter:card\" content=\"summary_large_image\" \/>\n<meta name=\"twitter:label1\" content=\"Temps estimat de lectura\" \/>\n\t<meta name=\"twitter:data1\" content=\"4 minuts\" \/>\n<script type=\"application\/ld+json\" class=\"yoast-schema-graph\">{\"@context\":\"https:\\\/\\\/schema.org\",\"@graph\":[{\"@type\":\"WebPage\",\"@id\":\"https:\\\/\\\/ibecbarcelona.eu\\\/ca\\\/about-us\\\/sustainable-practices\\\/strategy\\\/\",\"url\":\"https:\\\/\\\/ibecbarcelona.eu\\\/ca\\\/about-us\\\/sustainable-practices\\\/strategy\\\/\",\"name\":\"Estrat\u00e8gia - Institute for Bioengineering of Catalonia\",\"isPartOf\":{\"@id\":\"https:\\\/\\\/ibecbarcelona.eu\\\/#website\"},\"primaryImageOfPage\":{\"@id\":\"https:\\\/\\\/ibecbarcelona.eu\\\/ca\\\/about-us\\\/sustainable-practices\\\/strategy\\\/#primaryimage\"},\"image\":{\"@id\":\"https:\\\/\\\/ibecbarcelona.eu\\\/ca\\\/about-us\\\/sustainable-practices\\\/strategy\\\/#primaryimage\"},\"thumbnailUrl\":\"https:\\\/\\\/ibecbarcelona.eu\\\/wp-content\\\/uploads\\\/2023\\\/02\\\/1_strategy_slide.jpg\",\"datePublished\":\"2023-02-15T19:24:53+00:00\",\"dateModified\":\"2025-07-08T12:44:38+00:00\",\"breadcrumb\":{\"@id\":\"https:\\\/\\\/ibecbarcelona.eu\\\/ca\\\/about-us\\\/sustainable-practices\\\/strategy\\\/#breadcrumb\"},\"inLanguage\":\"ca\",\"potentialAction\":[{\"@type\":\"ReadAction\",\"target\":[\"https:\\\/\\\/ibecbarcelona.eu\\\/ca\\\/about-us\\\/sustainable-practices\\\/strategy\\\/\"]}]},{\"@type\":\"ImageObject\",\"inLanguage\":\"ca\",\"@id\":\"https:\\\/\\\/ibecbarcelona.eu\\\/ca\\\/about-us\\\/sustainable-practices\\\/strategy\\\/#primaryimage\",\"url\":\"https:\\\/\\\/ibecbarcelona.eu\\\/wp-content\\\/uploads\\\/2023\\\/02\\\/1_strategy_slide.jpg\",\"contentUrl\":\"https:\\\/\\\/ibecbarcelona.eu\\\/wp-content\\\/uploads\\\/2023\\\/02\\\/1_strategy_slide.jpg\",\"width\":2000,\"height\":400},{\"@type\":\"BreadcrumbList\",\"@id\":\"https:\\\/\\\/ibecbarcelona.eu\\\/ca\\\/about-us\\\/sustainable-practices\\\/strategy\\\/#breadcrumb\",\"itemListElement\":[{\"@type\":\"ListItem\",\"position\":1,\"name\":\"Home\",\"item\":\"https:\\\/\\\/ibecbarcelona.eu\\\/ca\\\/\"},{\"@type\":\"ListItem\",\"position\":2,\"name\":\"Sobre nosaltres\",\"item\":\"https:\\\/\\\/ibecbarcelona.eu\\\/ca\\\/sobre-nosaltres\\\/\"},{\"@type\":\"ListItem\",\"position\":3,\"name\":\"Recerca sostenible\",\"item\":\"https:\\\/\\\/ibecbarcelona.eu\\\/ca\\\/sobre-nosaltres\\\/ciencia-sostenible\\\/\"},{\"@type\":\"ListItem\",\"position\":4,\"name\":\"Estrat\u00e8gia\"}]},{\"@type\":\"WebSite\",\"@id\":\"https:\\\/\\\/ibecbarcelona.eu\\\/#website\",\"url\":\"https:\\\/\\\/ibecbarcelona.eu\\\/\",\"name\":\"Institute for Bioengineering of Catalonia\",\"description\":\"Bioengineering Solutions for Health\",\"publisher\":{\"@id\":\"https:\\\/\\\/ibecbarcelona.eu\\\/#organization\"},\"potentialAction\":[{\"@type\":\"SearchAction\",\"target\":{\"@type\":\"EntryPoint\",\"urlTemplate\":\"https:\\\/\\\/ibecbarcelona.eu\\\/?s={search_term_string}\"},\"query-input\":{\"@type\":\"PropertyValueSpecification\",\"valueRequired\":true,\"valueName\":\"search_term_string\"}}],\"inLanguage\":\"ca\"},{\"@type\":\"Organization\",\"@id\":\"https:\\\/\\\/ibecbarcelona.eu\\\/#organization\",\"name\":\"Institute for Bioengineering of Catalonia\",\"url\":\"https:\\\/\\\/ibecbarcelona.eu\\\/\",\"logo\":{\"@type\":\"ImageObject\",\"inLanguage\":\"ca\",\"@id\":\"https:\\\/\\\/ibecbarcelona.eu\\\/#\\\/schema\\\/logo\\\/image\\\/\",\"url\":\"https:\\\/\\\/ibecbarcelona.eu\\\/wp-content\\\/uploads\\\/2026\\\/01\\\/cropped-IBEC_20ANYS_GRIS.png\",\"contentUrl\":\"https:\\\/\\\/ibecbarcelona.eu\\\/wp-content\\\/uploads\\\/2026\\\/01\\\/cropped-IBEC_20ANYS_GRIS.png\",\"width\":696,\"height\":257,\"caption\":\"Institute for Bioengineering of Catalonia\"},\"image\":{\"@id\":\"https:\\\/\\\/ibecbarcelona.eu\\\/#\\\/schema\\\/logo\\\/image\\\/\"}}]}<\/script>\n<!-- \/ Yoast SEO plugin. -->","yoast_head_json":{"title":"Estrat\u00e8gia - Institute for Bioengineering of Catalonia","robots":{"index":"index","follow":"follow","max-snippet":"max-snippet:-1","max-image-preview":"max-image-preview:large","max-video-preview":"max-video-preview:-1"},"canonical":"https:\/\/ibecbarcelona.eu\/ca\/about-us\/sustainable-practices\/strategy\/","og_locale":"ca_ES","og_type":"article","og_title":"Estrat\u00e8gia - Institute for Bioengineering of Catalonia","og_description":"Els membres del comit\u00e8 han estat treballant en la recopilaci\u00f3, an\u00e0lisi i suggeriment d&#8217;accions que tenen com a objectiu fer que el nostre Institut sigui m\u00e9s sostenible. Aquestes es recullen ... Read more","og_url":"https:\/\/ibecbarcelona.eu\/ca\/about-us\/sustainable-practices\/strategy\/","og_site_name":"Institute for Bioengineering of Catalonia","article_modified_time":"2025-07-08T12:44:38+00:00","og_image":[{"width":2000,"height":400,"url":"https:\/\/ibecbarcelona.eu\/wp-content\/uploads\/2023\/02\/1_strategy_slide.jpg","type":"image\/jpeg"}],"twitter_card":"summary_large_image","twitter_misc":{"Temps estimat de lectura":"4 minuts"},"schema":{"@context":"https:\/\/schema.org","@graph":[{"@type":"WebPage","@id":"https:\/\/ibecbarcelona.eu\/ca\/about-us\/sustainable-practices\/strategy\/","url":"https:\/\/ibecbarcelona.eu\/ca\/about-us\/sustainable-practices\/strategy\/","name":"Estrat\u00e8gia - Institute for Bioengineering of Catalonia","isPartOf":{"@id":"https:\/\/ibecbarcelona.eu\/#website"},"primaryImageOfPage":{"@id":"https:\/\/ibecbarcelona.eu\/ca\/about-us\/sustainable-practices\/strategy\/#primaryimage"},"image":{"@id":"https:\/\/ibecbarcelona.eu\/ca\/about-us\/sustainable-practices\/strategy\/#primaryimage"},"thumbnailUrl":"https:\/\/ibecbarcelona.eu\/wp-content\/uploads\/2023\/02\/1_strategy_slide.jpg","datePublished":"2023-02-15T19:24:53+00:00","dateModified":"2025-07-08T12:44:38+00:00","breadcrumb":{"@id":"https:\/\/ibecbarcelona.eu\/ca\/about-us\/sustainable-practices\/strategy\/#breadcrumb"},"inLanguage":"ca","potentialAction":[{"@type":"ReadAction","target":["https:\/\/ibecbarcelona.eu\/ca\/about-us\/sustainable-practices\/strategy\/"]}]},{"@type":"ImageObject","inLanguage":"ca","@id":"https:\/\/ibecbarcelona.eu\/ca\/about-us\/sustainable-practices\/strategy\/#primaryimage","url":"https:\/\/ibecbarcelona.eu\/wp-content\/uploads\/2023\/02\/1_strategy_slide.jpg","contentUrl":"https:\/\/ibecbarcelona.eu\/wp-content\/uploads\/2023\/02\/1_strategy_slide.jpg","width":2000,"height":400},{"@type":"BreadcrumbList","@id":"https:\/\/ibecbarcelona.eu\/ca\/about-us\/sustainable-practices\/strategy\/#breadcrumb","itemListElement":[{"@type":"ListItem","position":1,"name":"Home","item":"https:\/\/ibecbarcelona.eu\/ca\/"},{"@type":"ListItem","position":2,"name":"Sobre nosaltres","item":"https:\/\/ibecbarcelona.eu\/ca\/sobre-nosaltres\/"},{"@type":"ListItem","position":3,"name":"Recerca sostenible","item":"https:\/\/ibecbarcelona.eu\/ca\/sobre-nosaltres\/ciencia-sostenible\/"},{"@type":"ListItem","position":4,"name":"Estrat\u00e8gia"}]},{"@type":"WebSite","@id":"https:\/\/ibecbarcelona.eu\/#website","url":"https:\/\/ibecbarcelona.eu\/","name":"Institute for Bioengineering of Catalonia","description":"Bioengineering Solutions for Health","publisher":{"@id":"https:\/\/ibecbarcelona.eu\/#organization"},"potentialAction":[{"@type":"SearchAction","target":{"@type":"EntryPoint","urlTemplate":"https:\/\/ibecbarcelona.eu\/?s={search_term_string}"},"query-input":{"@type":"PropertyValueSpecification","valueRequired":true,"valueName":"search_term_string"}}],"inLanguage":"ca"},{"@type":"Organization","@id":"https:\/\/ibecbarcelona.eu\/#organization","name":"Institute for Bioengineering of Catalonia","url":"https:\/\/ibecbarcelona.eu\/","logo":{"@type":"ImageObject","inLanguage":"ca","@id":"https:\/\/ibecbarcelona.eu\/#\/schema\/logo\/image\/","url":"https:\/\/ibecbarcelona.eu\/wp-content\/uploads\/2026\/01\/cropped-IBEC_20ANYS_GRIS.png","contentUrl":"https:\/\/ibecbarcelona.eu\/wp-content\/uploads\/2026\/01\/cropped-IBEC_20ANYS_GRIS.png","width":696,"height":257,"caption":"Institute for Bioengineering of Catalonia"},"image":{"@id":"https:\/\/ibecbarcelona.eu\/#\/schema\/logo\/image\/"}}]}},"AFP_featured_media_urls":{"full":["https:\/\/ibecbarcelona.eu\/wp-content\/uploads\/2023\/02\/1_strategy_slide.jpg",2000,400,false],"thumbnail":["https:\/\/ibecbarcelona.eu\/wp-content\/uploads\/2023\/02\/1_strategy_slide-150x150.jpg",150,150,true],"medium":["https:\/\/ibecbarcelona.eu\/wp-content\/uploads\/2023\/02\/1_strategy_slide-300x60.jpg",300,60,true],"medium_large":["https:\/\/ibecbarcelona.eu\/wp-content\/uploads\/2023\/02\/1_strategy_slide-768x154.jpg",768,154,true],"large":["https:\/\/ibecbarcelona.eu\/wp-content\/uploads\/2023\/02\/1_strategy_slide-1024x205.jpg",1024,205,true]},"AFP_attachments":[],"AFP_videos":[],"AFP_video_blocks":"","AFP_category_names":[],"_links":{"self":[{"href":"https:\/\/ibecbarcelona.eu\/ca\/wp-json\/wp\/v2\/pages\/104422","targetHints":{"allow":["GET"]}}],"collection":[{"href":"https:\/\/ibecbarcelona.eu\/ca\/wp-json\/wp\/v2\/pages"}],"about":[{"href":"https:\/\/ibecbarcelona.eu\/ca\/wp-json\/wp\/v2\/types\/page"}],"author":[{"embeddable":true,"href":"https:\/\/ibecbarcelona.eu\/ca\/wp-json\/wp\/v2\/users\/4"}],"replies":[{"embeddable":true,"href":"https:\/\/ibecbarcelona.eu\/ca\/wp-json\/wp\/v2\/comments?post=104422"}],"version-history":[{"count":4,"href":"https:\/\/ibecbarcelona.eu\/ca\/wp-json\/wp\/v2\/pages\/104422\/revisions"}],"predecessor-version":[{"id":127267,"href":"https:\/\/ibecbarcelona.eu\/ca\/wp-json\/wp\/v2\/pages\/104422\/revisions\/127267"}],"up":[{"embeddable":true,"href":"https:\/\/ibecbarcelona.eu\/ca\/wp-json\/wp\/v2\/pages\/86276"}],"wp:featuredmedia":[{"embeddable":true,"href":"https:\/\/ibecbarcelona.eu\/ca\/wp-json\/wp\/v2\/media\/104364"}],"wp:attachment":[{"href":"https:\/\/ibecbarcelona.eu\/ca\/wp-json\/wp\/v2\/media?parent=104422"}],"wp:term":[{"taxonomy":"post_tag","embeddable":true,"href":"https:\/\/ibecbarcelona.eu\/ca\/wp-json\/wp\/v2\/tags?post=104422"}],"curies":[{"name":"wp","href":"https:\/\/api.w.org\/{rel}","templated":true}]}}