
{"id":104437,"date":"2023-02-15T20:35:20","date_gmt":"2023-02-15T19:35:20","guid":{"rendered":"https:\/\/ibecbarcelona.eu\/about-us\/sustainable-practices\/committee\/"},"modified":"2025-07-07T15:20:35","modified_gmt":"2025-07-07T13:20:35","slug":"committee","status":"publish","type":"page","link":"https:\/\/ibecbarcelona.eu\/ca\/about-us\/sustainable-practices\/committee\/","title":{"rendered":"Comit\u00e8"},"content":{"rendered":"\n<p>El Comit\u00e8 de Sostenibilitat de l&#8217;IBEC es va crear a finals del 2020, amb el suport de la Direcci\u00f3 de l&#8217;IBEC.<\/p>\n\n\n\n<p>El Comit\u00e8 de Sostenibilitat de l&#8217;IBEC est\u00e0 format per membres dels diferents perfils de l&#8217;institut: investigadors, t\u00e8cnics i administraci\u00f3.<\/p>\n\n\n\n<figure class=\"wp-block-image size-full is-resized\"><img decoding=\"async\" width=\"2048\" height=\"1152\" data-src=\"https:\/\/ibecbarcelona.eu\/wp-content\/uploads\/2024\/04\/IMG-20230606-WA0029-edited-1.jpg\" alt=\"\" class=\"wp-image-117321 lazyload\" style=\"--smush-placeholder-width: 2048px; --smush-placeholder-aspect-ratio: 2048\/1152;width:955px;height:auto\" data-srcset=\"https:\/\/ibecbarcelona.eu\/wp-content\/uploads\/2024\/04\/IMG-20230606-WA0029-edited-1.jpg 2048w, https:\/\/ibecbarcelona.eu\/wp-content\/uploads\/2024\/04\/IMG-20230606-WA0029-edited-1-300x169.jpg 300w, https:\/\/ibecbarcelona.eu\/wp-content\/uploads\/2024\/04\/IMG-20230606-WA0029-edited-1-1024x576.jpg 1024w, https:\/\/ibecbarcelona.eu\/wp-content\/uploads\/2024\/04\/IMG-20230606-WA0029-edited-1-768x432.jpg 768w, https:\/\/ibecbarcelona.eu\/wp-content\/uploads\/2024\/04\/IMG-20230606-WA0029-edited-1-1536x864.jpg 1536w\" data-sizes=\"(max-width: 2048px) 100vw, 2048px\" src=\"data:image\/svg+xml;base64,PHN2ZyB3aWR0aD0iMSIgaGVpZ2h0PSIxIiB4bWxucz0iaHR0cDovL3d3dy53My5vcmcvMjAwMC9zdmciPjwvc3ZnPg==\" \/><\/figure>\n\n\n\n<p>A m\u00e9s, cada Grup de Recerca t\u00e9 un Ecorep que \u00e9s l&#8217;intermediari directe entre el Comit\u00e8 i els Grups de Recerca.<\/p>\n\n\n\n<p>Poseu-vos en contacte amb l&#8217;Ecorep del vostre grup per a qualsevol consulta sobre els procediments del vostre laboratori o de l&#8217;IBEC per fer que la Recerca sigui m\u00e9s sostenible.<\/p>\n\n\n<div class=\"responsive-tabs\">\n<h2 class=\"tabtitle\">COMIT\u00c8 DE SOSTENIBILITAT<\/h2>\n<div class=\"tabcontent\">\n\n\n\n\n<ul class=\"wp-block-list\">\n<li>Teresa Sanchis &#8211; Strategic Initiatives<\/li>\n\n\n\n<li>Isabel Oliveira &#8211; Core Facilities<\/li>\n\n\n\n<li>Cristina Arimany &#8211; Strategic Initiatives<\/li>\n\n\n\n<li>Inmaculada Moreno &#8211; Core Facilities<\/li>\n\n\n\n<li>Mar Chaguaceda &#8211; Sustainability Officer<\/li>\n\n\n\n<li>Anabel-Lise Le Roux &#8211; Cellular and Molecular Mechanobiology&nbsp;<\/li>\n\n\n\n<li>Karolina Zimkowska &#8211; Molecular and Cellular Neurotechnology <\/li>\n\n\n\n<li>N\u00faria Camarero &#8211; Nanoprobes and Nanoswitches <\/li>\n\n\n\n<li>Ona Baguer &#8211; Cellular and Molecular Mechanobiology&nbsp; <\/li>\n\n\n\n<li>M\u00f2nica Purciolas &#8211; Integrative Cell and Tissue Dynamics <\/li>\n\n\n\n<li>Zarina Nauryzgaliyeva &#8211; Pluripotency for organ regeneration <\/li>\n\n\n\n<li>G\u00fclsun Bagci &#8211; Biomaterials for Regenerative Therapies <\/li>\n\n\n\n<li>Alba Herrero &#8211; Molecular Imaging for Precision Medicine <\/li>\n\n\n\n<li>Alice Perucca &#8211; Integrative Cell and Tissue Dynamics <\/li>\n\n\n\n<li>Margherita Gallano &#8211; Cellular and Molecular Mechanobiology <\/li>\n\n\n\n<li>Nicol\u00f2 Accanto &#8211;  Nonlinear photonics for neuroscience<\/li>\n\n\n\n<li>Xiomara Gislen Fern\u00e1ndez Garibay &#8211; Biosensors for bioengineering<\/li>\n\n\n\n<li>Pau Aguilar Crespo &#8211; Core Facilities<\/li>\n\n\n\n<li>Mamatha Nijaguna &#8211; Cellular and Molecular Mechanobiology<\/li>\n\n\n\n<li>Aitor Otero Tarraz\u00f3n &#8211; Biomimetic Systems for Cell Engineering<\/li>\n<\/ul>\n\n\n\n<div class=\"wp-block-columns is-layout-flex wp-container-core-columns-is-layout-9d6595d7 wp-block-columns-is-layout-flex\">\n<div class=\"wp-block-column is-layout-flow wp-block-column-is-layout-flow\">\n<p>Membres previs <\/p>\n<\/div>\n<\/div>\n\n\n\n<ul class=\"wp-block-list\">\n<li>Berta Pla \u2013 Finance unit<\/li>\n\n\n\n<li>Maria Arista &#8211; Communication &amp; PR unit<\/li>\n\n\n\n<li>Peter Pfeifer &#8211; Molecular Bionics<\/li>\n\n\n\n<li>Andr\u00e9s Crespo &#8211; Nanobioengineering<\/li>\n<\/ul>\n\n\n\n<\/div><h2 class=\"tabtitle\">ECOREPS<\/h2>\n<div class=\"tabcontent\">\n\n\n\n\n<ul class=\"wp-block-list\">\n<li>Molecular Bionics: Barbara Borges<\/li>\n\n\n\n<li>Protein phase transitions in health and disease: Trinidad Sanmart\u00edn<\/li>\n\n\n\n<li>Biomaterials for regenerative therapies: Dario Castellana<\/li>\n\n\n\n<li>Nanoscale bioelectrical characterization: Aurora Dols<\/li>\n\n\n\n<li>Nanoprobes and nanoswitches: N\u00faria Camarero <\/li>\n\n\n\n<li>Biomimetic systems for cell engineering: Aitor Otero<\/li>\n\n\n\n<li>Pluripotency for organ regeneration: Zarina Nauryzgaliyeva<\/li>\n\n\n\n<li>Biosensors for bioengineering: Ainhoa Ferret and Ainoa Tejedera<\/li>\n\n\n\n<li>Molecular and cellular neurobiotechnology: Karolina Zimkowska<\/li>\n\n\n\n<li>Cellular and molecular mechanobiology and Integrative cell and tissue dynamics: Anabel-Lise Le Roux and M\u00f2nica Purciolas<\/li>\n\n\n\n<li>Nanobioengineering: Miriam Funes<\/li>\n\n\n\n<li>Biomaterials for Neural Regeneration: Susana Rodr\u00edguez<\/li>\n\n\n\n<li>Smart Nano-Bio-Devices: Valerio Di Carlo<\/li>\n\n\n\n<li>Bacterial Infections: Antimicrobial Therapies: Joel Alvarez<\/li>\n\n\n\n<li>Bioengineering in Reproductive Health: Am\u00e9lie Godeau<\/li>\n\n\n\n<li>Core Facilities: Inmaculada Moreno <\/li>\n\n\n\n<li>Research Management: Cristina Arimany and Berta Pla<\/li>\n\n\n\n<li>Bioengineering in reproductive health : Am\u00e9lie Luise Godeau<\/li>\n\n\n\n<li>Protein phase transitions in health and disease: Trinidad Sanmart\u00edn Olmo<\/li>\n\n\n\n<li>Bacterial infections: antimicrobial therapies: Joel Alvarez Puig<\/li>\n\n\n\n<li>Biomimetic systems for cell engineering: Aitor Otero Tarraz\u00f3n<\/li>\n\n\n\n<li>Biomaterials for neural regeneration: Susana Rodr\u00edguez Gonz\u00e1lez<\/li>\n\n\n\n<li>Biomaterials for regenerative therapies: Dario Castellana<\/li>\n\n\n\n<li>Smart nano-bio-devices: Valerio Di Carlo<\/li>\n<\/ul>\n\n\n<\/div><\/div>\n\n\n\n<p><\/p>\n\n\n\n<p><\/p>\n\n\n\n<hr class=\"wp-block-separator has-alpha-channel-opacity\"\/>\n\n\n\n<p><strong>Per a consultes sobre el comit\u00e8 o l&#8217;ESTRAT\u00c8GIA DE L&#8217;IBEC PER PROMOURE LA SOSTENIBILITAT EN LA RECERCA, poseu-vos en contacte amb sustainabilitycommittee@ibecbarcelona.eu<\/strong><\/p>\n\n\n\n<p><\/p>\n","protected":false},"excerpt":{"rendered":"<p>El Comit\u00e8 de Sostenibilitat de l&#8217;IBEC es va crear a finals del 2020, amb el suport de la Direcci\u00f3 de l&#8217;IBEC. El Comit\u00e8 de Sostenibilitat de l&#8217;IBEC est\u00e0 format per &#8230; <a title=\"Comit\u00e8\" class=\"read-more\" href=\"https:\/\/ibecbarcelona.eu\/ca\/about-us\/sustainable-practices\/committee\/\" aria-label=\"More on Comit\u00e8\">Read more<\/a><\/p>\n","protected":false},"author":4,"featured_media":104370,"parent":86276,"menu_order":0,"comment_status":"closed","ping_status":"closed","template":"","meta":{"footnotes":""},"tags":[],"class_list":["post-104437","page","type-page","status-publish","has-post-thumbnail"],"yoast_head":"<!-- This site is optimized with the Yoast SEO plugin v27.4 - https:\/\/yoast.com\/product\/yoast-seo-wordpress\/ -->\n<title>Comit\u00e8 - Institute for Bioengineering of Catalonia<\/title>\n<meta name=\"robots\" content=\"index, follow, max-snippet:-1, max-image-preview:large, max-video-preview:-1\" \/>\n<link rel=\"canonical\" href=\"https:\/\/ibecbarcelona.eu\/ca\/about-us\/sustainable-practices\/committee\/\" \/>\n<meta property=\"og:locale\" content=\"ca_ES\" \/>\n<meta property=\"og:type\" content=\"article\" \/>\n<meta property=\"og:title\" content=\"Comit\u00e8 - Institute for Bioengineering of Catalonia\" \/>\n<meta property=\"og:description\" content=\"El Comit\u00e8 de Sostenibilitat de l&#8217;IBEC es va crear a finals del 2020, amb el suport de la Direcci\u00f3 de l&#8217;IBEC. El Comit\u00e8 de Sostenibilitat de l&#8217;IBEC est\u00e0 format per ... Read more\" \/>\n<meta property=\"og:url\" content=\"https:\/\/ibecbarcelona.eu\/ca\/about-us\/sustainable-practices\/committee\/\" \/>\n<meta property=\"og:site_name\" content=\"Institute for Bioengineering of Catalonia\" \/>\n<meta property=\"article:modified_time\" content=\"2025-07-07T13:20:35+00:00\" \/>\n<meta property=\"og:image\" content=\"https:\/\/ibecbarcelona.eu\/wp-content\/uploads\/2023\/02\/2_committee_slide.jpg\" \/>\n\t<meta property=\"og:image:width\" content=\"2000\" \/>\n\t<meta property=\"og:image:height\" content=\"400\" \/>\n\t<meta property=\"og:image:type\" content=\"image\/jpeg\" \/>\n<meta name=\"twitter:card\" content=\"summary_large_image\" \/>\n<meta name=\"twitter:label1\" content=\"Temps estimat de lectura\" \/>\n\t<meta name=\"twitter:data1\" content=\"3 minuts\" \/>\n<script type=\"application\/ld+json\" class=\"yoast-schema-graph\">{\"@context\":\"https:\\\/\\\/schema.org\",\"@graph\":[{\"@type\":\"WebPage\",\"@id\":\"https:\\\/\\\/ibecbarcelona.eu\\\/ca\\\/about-us\\\/sustainable-practices\\\/committee\\\/\",\"url\":\"https:\\\/\\\/ibecbarcelona.eu\\\/ca\\\/about-us\\\/sustainable-practices\\\/committee\\\/\",\"name\":\"Comit\u00e8 - Institute for Bioengineering of Catalonia\",\"isPartOf\":{\"@id\":\"https:\\\/\\\/ibecbarcelona.eu\\\/#website\"},\"primaryImageOfPage\":{\"@id\":\"https:\\\/\\\/ibecbarcelona.eu\\\/ca\\\/about-us\\\/sustainable-practices\\\/committee\\\/#primaryimage\"},\"image\":{\"@id\":\"https:\\\/\\\/ibecbarcelona.eu\\\/ca\\\/about-us\\\/sustainable-practices\\\/committee\\\/#primaryimage\"},\"thumbnailUrl\":\"https:\\\/\\\/ibecbarcelona.eu\\\/wp-content\\\/uploads\\\/2023\\\/02\\\/2_committee_slide.jpg\",\"datePublished\":\"2023-02-15T19:35:20+00:00\",\"dateModified\":\"2025-07-07T13:20:35+00:00\",\"breadcrumb\":{\"@id\":\"https:\\\/\\\/ibecbarcelona.eu\\\/ca\\\/about-us\\\/sustainable-practices\\\/committee\\\/#breadcrumb\"},\"inLanguage\":\"ca\",\"potentialAction\":[{\"@type\":\"ReadAction\",\"target\":[\"https:\\\/\\\/ibecbarcelona.eu\\\/ca\\\/about-us\\\/sustainable-practices\\\/committee\\\/\"]}]},{\"@type\":\"ImageObject\",\"inLanguage\":\"ca\",\"@id\":\"https:\\\/\\\/ibecbarcelona.eu\\\/ca\\\/about-us\\\/sustainable-practices\\\/committee\\\/#primaryimage\",\"url\":\"https:\\\/\\\/ibecbarcelona.eu\\\/wp-content\\\/uploads\\\/2023\\\/02\\\/2_committee_slide.jpg\",\"contentUrl\":\"https:\\\/\\\/ibecbarcelona.eu\\\/wp-content\\\/uploads\\\/2023\\\/02\\\/2_committee_slide.jpg\",\"width\":2000,\"height\":400},{\"@type\":\"BreadcrumbList\",\"@id\":\"https:\\\/\\\/ibecbarcelona.eu\\\/ca\\\/about-us\\\/sustainable-practices\\\/committee\\\/#breadcrumb\",\"itemListElement\":[{\"@type\":\"ListItem\",\"position\":1,\"name\":\"Home\",\"item\":\"https:\\\/\\\/ibecbarcelona.eu\\\/ca\\\/\"},{\"@type\":\"ListItem\",\"position\":2,\"name\":\"Sobre nosaltres\",\"item\":\"https:\\\/\\\/ibecbarcelona.eu\\\/ca\\\/sobre-nosaltres\\\/\"},{\"@type\":\"ListItem\",\"position\":3,\"name\":\"Recerca sostenible\",\"item\":\"https:\\\/\\\/ibecbarcelona.eu\\\/ca\\\/sobre-nosaltres\\\/ciencia-sostenible\\\/\"},{\"@type\":\"ListItem\",\"position\":4,\"name\":\"Comit\u00e8\"}]},{\"@type\":\"WebSite\",\"@id\":\"https:\\\/\\\/ibecbarcelona.eu\\\/#website\",\"url\":\"https:\\\/\\\/ibecbarcelona.eu\\\/\",\"name\":\"Institute for Bioengineering of Catalonia\",\"description\":\"Bioengineering Solutions for Health\",\"publisher\":{\"@id\":\"https:\\\/\\\/ibecbarcelona.eu\\\/#organization\"},\"potentialAction\":[{\"@type\":\"SearchAction\",\"target\":{\"@type\":\"EntryPoint\",\"urlTemplate\":\"https:\\\/\\\/ibecbarcelona.eu\\\/?s={search_term_string}\"},\"query-input\":{\"@type\":\"PropertyValueSpecification\",\"valueRequired\":true,\"valueName\":\"search_term_string\"}}],\"inLanguage\":\"ca\"},{\"@type\":\"Organization\",\"@id\":\"https:\\\/\\\/ibecbarcelona.eu\\\/#organization\",\"name\":\"Institute for Bioengineering of Catalonia\",\"url\":\"https:\\\/\\\/ibecbarcelona.eu\\\/\",\"logo\":{\"@type\":\"ImageObject\",\"inLanguage\":\"ca\",\"@id\":\"https:\\\/\\\/ibecbarcelona.eu\\\/#\\\/schema\\\/logo\\\/image\\\/\",\"url\":\"https:\\\/\\\/ibecbarcelona.eu\\\/wp-content\\\/uploads\\\/2026\\\/01\\\/cropped-IBEC_20ANYS_GRIS.png\",\"contentUrl\":\"https:\\\/\\\/ibecbarcelona.eu\\\/wp-content\\\/uploads\\\/2026\\\/01\\\/cropped-IBEC_20ANYS_GRIS.png\",\"width\":696,\"height\":257,\"caption\":\"Institute for Bioengineering of Catalonia\"},\"image\":{\"@id\":\"https:\\\/\\\/ibecbarcelona.eu\\\/#\\\/schema\\\/logo\\\/image\\\/\"}}]}<\/script>\n<!-- \/ Yoast SEO plugin. -->","yoast_head_json":{"title":"Comit\u00e8 - Institute for Bioengineering of Catalonia","robots":{"index":"index","follow":"follow","max-snippet":"max-snippet:-1","max-image-preview":"max-image-preview:large","max-video-preview":"max-video-preview:-1"},"canonical":"https:\/\/ibecbarcelona.eu\/ca\/about-us\/sustainable-practices\/committee\/","og_locale":"ca_ES","og_type":"article","og_title":"Comit\u00e8 - Institute for Bioengineering of Catalonia","og_description":"El Comit\u00e8 de Sostenibilitat de l&#8217;IBEC es va crear a finals del 2020, amb el suport de la Direcci\u00f3 de l&#8217;IBEC. El Comit\u00e8 de Sostenibilitat de l&#8217;IBEC est\u00e0 format per ... Read more","og_url":"https:\/\/ibecbarcelona.eu\/ca\/about-us\/sustainable-practices\/committee\/","og_site_name":"Institute for Bioengineering of Catalonia","article_modified_time":"2025-07-07T13:20:35+00:00","og_image":[{"width":2000,"height":400,"url":"https:\/\/ibecbarcelona.eu\/wp-content\/uploads\/2023\/02\/2_committee_slide.jpg","type":"image\/jpeg"}],"twitter_card":"summary_large_image","twitter_misc":{"Temps estimat de lectura":"3 minuts"},"schema":{"@context":"https:\/\/schema.org","@graph":[{"@type":"WebPage","@id":"https:\/\/ibecbarcelona.eu\/ca\/about-us\/sustainable-practices\/committee\/","url":"https:\/\/ibecbarcelona.eu\/ca\/about-us\/sustainable-practices\/committee\/","name":"Comit\u00e8 - Institute for Bioengineering of Catalonia","isPartOf":{"@id":"https:\/\/ibecbarcelona.eu\/#website"},"primaryImageOfPage":{"@id":"https:\/\/ibecbarcelona.eu\/ca\/about-us\/sustainable-practices\/committee\/#primaryimage"},"image":{"@id":"https:\/\/ibecbarcelona.eu\/ca\/about-us\/sustainable-practices\/committee\/#primaryimage"},"thumbnailUrl":"https:\/\/ibecbarcelona.eu\/wp-content\/uploads\/2023\/02\/2_committee_slide.jpg","datePublished":"2023-02-15T19:35:20+00:00","dateModified":"2025-07-07T13:20:35+00:00","breadcrumb":{"@id":"https:\/\/ibecbarcelona.eu\/ca\/about-us\/sustainable-practices\/committee\/#breadcrumb"},"inLanguage":"ca","potentialAction":[{"@type":"ReadAction","target":["https:\/\/ibecbarcelona.eu\/ca\/about-us\/sustainable-practices\/committee\/"]}]},{"@type":"ImageObject","inLanguage":"ca","@id":"https:\/\/ibecbarcelona.eu\/ca\/about-us\/sustainable-practices\/committee\/#primaryimage","url":"https:\/\/ibecbarcelona.eu\/wp-content\/uploads\/2023\/02\/2_committee_slide.jpg","contentUrl":"https:\/\/ibecbarcelona.eu\/wp-content\/uploads\/2023\/02\/2_committee_slide.jpg","width":2000,"height":400},{"@type":"BreadcrumbList","@id":"https:\/\/ibecbarcelona.eu\/ca\/about-us\/sustainable-practices\/committee\/#breadcrumb","itemListElement":[{"@type":"ListItem","position":1,"name":"Home","item":"https:\/\/ibecbarcelona.eu\/ca\/"},{"@type":"ListItem","position":2,"name":"Sobre nosaltres","item":"https:\/\/ibecbarcelona.eu\/ca\/sobre-nosaltres\/"},{"@type":"ListItem","position":3,"name":"Recerca sostenible","item":"https:\/\/ibecbarcelona.eu\/ca\/sobre-nosaltres\/ciencia-sostenible\/"},{"@type":"ListItem","position":4,"name":"Comit\u00e8"}]},{"@type":"WebSite","@id":"https:\/\/ibecbarcelona.eu\/#website","url":"https:\/\/ibecbarcelona.eu\/","name":"Institute for Bioengineering of Catalonia","description":"Bioengineering Solutions for Health","publisher":{"@id":"https:\/\/ibecbarcelona.eu\/#organization"},"potentialAction":[{"@type":"SearchAction","target":{"@type":"EntryPoint","urlTemplate":"https:\/\/ibecbarcelona.eu\/?s={search_term_string}"},"query-input":{"@type":"PropertyValueSpecification","valueRequired":true,"valueName":"search_term_string"}}],"inLanguage":"ca"},{"@type":"Organization","@id":"https:\/\/ibecbarcelona.eu\/#organization","name":"Institute for Bioengineering of Catalonia","url":"https:\/\/ibecbarcelona.eu\/","logo":{"@type":"ImageObject","inLanguage":"ca","@id":"https:\/\/ibecbarcelona.eu\/#\/schema\/logo\/image\/","url":"https:\/\/ibecbarcelona.eu\/wp-content\/uploads\/2026\/01\/cropped-IBEC_20ANYS_GRIS.png","contentUrl":"https:\/\/ibecbarcelona.eu\/wp-content\/uploads\/2026\/01\/cropped-IBEC_20ANYS_GRIS.png","width":696,"height":257,"caption":"Institute for Bioengineering of Catalonia"},"image":{"@id":"https:\/\/ibecbarcelona.eu\/#\/schema\/logo\/image\/"}}]}},"AFP_featured_media_urls":{"full":["https:\/\/ibecbarcelona.eu\/wp-content\/uploads\/2023\/02\/2_committee_slide.jpg",2000,400,false],"thumbnail":["https:\/\/ibecbarcelona.eu\/wp-content\/uploads\/2023\/02\/2_committee_slide-150x150.jpg",150,150,true],"medium":["https:\/\/ibecbarcelona.eu\/wp-content\/uploads\/2023\/02\/2_committee_slide-300x60.jpg",300,60,true],"medium_large":["https:\/\/ibecbarcelona.eu\/wp-content\/uploads\/2023\/02\/2_committee_slide-768x154.jpg",768,154,true],"large":["https:\/\/ibecbarcelona.eu\/wp-content\/uploads\/2023\/02\/2_committee_slide-1024x205.jpg",1024,205,true]},"AFP_attachments":{"full":["https:\/\/ibecbarcelona.eu\/wp-content\/uploads\/2024\/04\/IMG-20230606-WA0029.jpg",2048,1536,false],"thumbnail":["https:\/\/ibecbarcelona.eu\/wp-content\/uploads\/2024\/04\/IMG-20230606-WA0029-150x150.jpg",150,150,true],"medium":["https:\/\/ibecbarcelona.eu\/wp-content\/uploads\/2024\/04\/IMG-20230606-WA0029-300x225.jpg",300,225,true],"medium_large":["https:\/\/ibecbarcelona.eu\/wp-content\/uploads\/2024\/04\/IMG-20230606-WA0029-768x576.jpg",768,576,true],"large":["https:\/\/ibecbarcelona.eu\/wp-content\/uploads\/2024\/04\/IMG-20230606-WA0029-1024x768.jpg",1024,768,true]},"AFP_videos":[],"AFP_video_blocks":"","AFP_category_names":[],"_links":{"self":[{"href":"https:\/\/ibecbarcelona.eu\/ca\/wp-json\/wp\/v2\/pages\/104437","targetHints":{"allow":["GET"]}}],"collection":[{"href":"https:\/\/ibecbarcelona.eu\/ca\/wp-json\/wp\/v2\/pages"}],"about":[{"href":"https:\/\/ibecbarcelona.eu\/ca\/wp-json\/wp\/v2\/types\/page"}],"author":[{"embeddable":true,"href":"https:\/\/ibecbarcelona.eu\/ca\/wp-json\/wp\/v2\/users\/4"}],"replies":[{"embeddable":true,"href":"https:\/\/ibecbarcelona.eu\/ca\/wp-json\/wp\/v2\/comments?post=104437"}],"version-history":[{"count":26,"href":"https:\/\/ibecbarcelona.eu\/ca\/wp-json\/wp\/v2\/pages\/104437\/revisions"}],"predecessor-version":[{"id":127229,"href":"https:\/\/ibecbarcelona.eu\/ca\/wp-json\/wp\/v2\/pages\/104437\/revisions\/127229"}],"up":[{"embeddable":true,"href":"https:\/\/ibecbarcelona.eu\/ca\/wp-json\/wp\/v2\/pages\/86276"}],"wp:featuredmedia":[{"embeddable":true,"href":"https:\/\/ibecbarcelona.eu\/ca\/wp-json\/wp\/v2\/media\/104370"}],"wp:attachment":[{"href":"https:\/\/ibecbarcelona.eu\/ca\/wp-json\/wp\/v2\/media?parent=104437"}],"wp:term":[{"taxonomy":"post_tag","embeddable":true,"href":"https:\/\/ibecbarcelona.eu\/ca\/wp-json\/wp\/v2\/tags?post=104437"}],"curies":[{"name":"wp","href":"https:\/\/api.w.org\/{rel}","templated":true}]}}