
{"id":108975,"date":"2023-06-21T15:38:59","date_gmt":"2023-06-21T13:38:59","guid":{"rendered":"https:\/\/ibecbarcelona.eu\/societat-i-ciencia\/inclusive-science\/"},"modified":"2023-07-25T10:49:53","modified_gmt":"2023-07-25T08:49:53","slug":"ciencia-inclusiva","status":"publish","type":"page","link":"https:\/\/ibecbarcelona.eu\/ca\/societat-i-ciencia\/ciencia-inclusiva\/","title":{"rendered":"Ci\u00e8ncia inclusiva: atenci\u00f3 a la diversitat en els projectes d&#8217;educaci\u00f3 cient\u00edfica\u00a0"},"content":{"rendered":"\n<h4 class=\"wp-block-heading\">El projecte ci\u00e8ncia inclusiva finan\u00e7at per la&nbsp;FECYT&nbsp;pret\u00e9n ser una ajuda per a transformar les activitats i convertir-les en inclusives, generant recursos que assegurin l&#8217;atenci\u00f3 a la diversitat en els projectes d&#8217;educaci\u00f3 cient\u00edfica i divulgaci\u00f3.<\/h4>\n\n\n\n<p>Volem proporcionar les eines necess\u00e0ries per transformar les propostes d&#8217;educaci\u00f3 cient\u00edfica en propostes que assegurin la participaci\u00f3 i el profit de tot l&#8217;alumnat i ajudar a <strong>implementar l&#8217;accessibilitat universal <\/strong>en activitats d&#8217;educaci\u00f3 cient\u00edfica, per a garantir aix\u00ed l&#8217;acc\u00e9s de tots els nens, nenes i adolescents a la cultura cient\u00edfica.<\/p>\n\n\n\n<p>Amb aquest projecte, hem buscat f\u00f3rmules que permetin acostar-se al coneixement cient\u00edfic des de diferents angles, dissenyant diverses formes d&#8217;acc\u00e9s a la informaci\u00f3 (visual, escrita, sensorial, etc.), proporcionant espais per a la reflexi\u00f3 i garantint l&#8217;aprenentatge a diferents ritmes de comprensi\u00f3. Posem a la disposici\u00f3 de la comunitat cient\u00edfica i de la comunitat educativa, eines, materials i exemples que contribueixin a la democratitzaci\u00f3 del coneixement cient\u00edfic.&nbsp;<\/p>\n\n\n\n<p>Creiem fermament en la necessitat d&#8217;elaborar propostes d&#8217;educaci\u00f3 cient\u00edfica on tot l&#8217;alumnat se senti integrat i on puguin trobar diversitat de materials adaptats a les seves necessitats, garantint aix\u00ed el seu acc\u00e9s a la ci\u00e8ncia i la tecnologia.&nbsp;<\/p>\n\n\n\n<p>Estem conven\u00e7uts, a m\u00e9s, que aquesta necessitat \u00e9s inherent a totes les entitats que fan difusi\u00f3 de la ci\u00e8ncia, per la qual cosa hem dissenyat materials de suport per a posar-los a l&#8217;abast de la comunitat cient\u00edfica i poder aix\u00ed contribuir a millorar les activitats.<\/p>\n\n\n\n<div style=\"height:30px\" aria-hidden=\"true\" class=\"wp-block-spacer\"><\/div>\n\n\n\n<p>Amb la col\u00b7laboraci\u00f3 de la Fundaci\u00f3n Espa\u00f1ola para la Ciencia y la Tecnolog\u00eda &#8211; Ministerio de Ciencia e Innovaci\u00f3n.<\/p>\n\n\n\n<div class=\"wp-block-columns is-layout-flex wp-container-core-columns-is-layout-9d6595d7 wp-block-columns-is-layout-flex\">\n<div class=\"wp-block-column is-layout-flow wp-block-column-is-layout-flow\"><\/div>\n\n\n\n<div class=\"wp-block-column is-layout-flow wp-block-column-is-layout-flow\" style=\"flex-basis:350px\">\n<figure class=\"wp-block-image size-large\"><img decoding=\"async\" width=\"1024\" height=\"207\" data-src=\"https:\/\/ibecbarcelona.eu\/wp-content\/uploads\/2023\/06\/ministerio-fecyt-impreso_JPG-1024x207.jpg\" alt=\"\" class=\"wp-image-108880 lazyload\" data-srcset=\"https:\/\/ibecbarcelona.eu\/wp-content\/uploads\/2023\/06\/ministerio-fecyt-impreso_JPG-1024x207.jpg 1024w, https:\/\/ibecbarcelona.eu\/wp-content\/uploads\/2023\/06\/ministerio-fecyt-impreso_JPG-300x61.jpg 300w, https:\/\/ibecbarcelona.eu\/wp-content\/uploads\/2023\/06\/ministerio-fecyt-impreso_JPG-768x155.jpg 768w, https:\/\/ibecbarcelona.eu\/wp-content\/uploads\/2023\/06\/ministerio-fecyt-impreso_JPG-1536x311.jpg 1536w, https:\/\/ibecbarcelona.eu\/wp-content\/uploads\/2023\/06\/ministerio-fecyt-impreso_JPG-2048x414.jpg 2048w\" data-sizes=\"(max-width: 1024px) 100vw, 1024px\" src=\"data:image\/svg+xml;base64,PHN2ZyB3aWR0aD0iMSIgaGVpZ2h0PSIxIiB4bWxucz0iaHR0cDovL3d3dy53My5vcmcvMjAwMC9zdmciPjwvc3ZnPg==\" style=\"--smush-placeholder-width: 1024px; --smush-placeholder-aspect-ratio: 1024\/207;\" \/><\/figure>\n<\/div>\n\n\n\n<div class=\"wp-block-column is-layout-flow wp-block-column-is-layout-flow\"><\/div>\n<\/div>\n\n\n\n<div style=\"height:30px\" aria-hidden=\"true\" class=\"wp-block-spacer\"><\/div>\n\n\n\n<hr class=\"wp-block-separator has-alpha-channel-opacity\"\/>\n\n\n\n<div class=\"wp-block-columns is-layout-flex wp-container-core-columns-is-layout-9d6595d7 wp-block-columns-is-layout-flex\">\n<div class=\"wp-block-column is-layout-flow wp-block-column-is-layout-flow\" style=\"flex-basis:250px\">\n<figure class=\"wp-block-image size-full\"><a href=\"https:\/\/ibecbarcelona.eu\/wp-content\/uploads\/2023\/06\/Eina-autoavaluacio-IBEC.pdf\"><img decoding=\"async\" width=\"420\" height=\"500\" data-src=\"https:\/\/ibecbarcelona.eu\/wp-content\/uploads\/2023\/06\/autoevaluacion.jpg\" alt=\"\" class=\"wp-image-108940 lazyload\" data-srcset=\"https:\/\/ibecbarcelona.eu\/wp-content\/uploads\/2023\/06\/autoevaluacion.jpg 420w, https:\/\/ibecbarcelona.eu\/wp-content\/uploads\/2023\/06\/autoevaluacion-252x300.jpg 252w\" data-sizes=\"(max-width: 420px) 100vw, 420px\" src=\"data:image\/svg+xml;base64,PHN2ZyB3aWR0aD0iMSIgaGVpZ2h0PSIxIiB4bWxucz0iaHR0cDovL3d3dy53My5vcmcvMjAwMC9zdmciPjwvc3ZnPg==\" style=\"--smush-placeholder-width: 420px; --smush-placeholder-aspect-ratio: 420\/500;\" \/><\/a><\/figure>\n\n\n\n<p><\/p>\n<\/div>\n\n\n\n<div class=\"wp-block-column is-layout-flow wp-block-column-is-layout-flow\" style=\"flex-basis:500px\">\n<h5 class=\"wp-block-heading\"><strong><a href=\"https:\/\/ibecbarcelona.eu\/wp-content\/uploads\/2023\/07\/Eina_autoavaluacio_IBEC_CAT-1.pdf\">Eina d&#8217;autoavaluaci\u00f3<\/a><\/strong><\/h5>\n\n\n\n<p>Eina dissenyada per identificar el grau d&#8217;inclusivitat dels projectes d&#8217;educaci\u00f3 cient\u00edfica.&nbsp;Permet identificar les barreres d&#8217;aprenentatge de les activitats i serveix com a guia de partida per crear canvis metodol\u00f2gics en les propostes.<\/p>\n\n\n\n<p>Orientada a entitats de l&#8217;entorn cient\u00edfic que disposen de diferents recursos i projectes dirigits a l&#8217;\u00e0mbit educatiu.<\/p>\n<\/div>\n\n\n\n<div class=\"wp-block-column is-layout-flow wp-block-column-is-layout-flow\">\n<p><\/p>\n<\/div>\n<\/div>\n\n\n\n<div class=\"wp-block-columns is-layout-flex wp-container-core-columns-is-layout-9d6595d7 wp-block-columns-is-layout-flex\">\n<div class=\"wp-block-column is-layout-flow wp-block-column-is-layout-flow\" style=\"flex-basis:250px\">\n<figure class=\"wp-block-image size-full\"><a href=\"https:\/\/ibecbarcelona.eu\/wp-content\/uploads\/2023\/06\/Guia-de-Bones-Practiques-IBEC-1.pdf\"><img decoding=\"async\" width=\"420\" height=\"500\" data-src=\"https:\/\/ibecbarcelona.eu\/wp-content\/uploads\/2023\/06\/buenaspracticas-1.jpg\" alt=\"\" class=\"wp-image-108952 lazyload\" data-srcset=\"https:\/\/ibecbarcelona.eu\/wp-content\/uploads\/2023\/06\/buenaspracticas-1.jpg 420w, https:\/\/ibecbarcelona.eu\/wp-content\/uploads\/2023\/06\/buenaspracticas-1-252x300.jpg 252w\" data-sizes=\"(max-width: 420px) 100vw, 420px\" src=\"data:image\/svg+xml;base64,PHN2ZyB3aWR0aD0iMSIgaGVpZ2h0PSIxIiB4bWxucz0iaHR0cDovL3d3dy53My5vcmcvMjAwMC9zdmciPjwvc3ZnPg==\" style=\"--smush-placeholder-width: 420px; --smush-placeholder-aspect-ratio: 420\/500;\" \/><\/a><\/figure>\n\n\n\n<p><\/p>\n<\/div>\n\n\n\n<div class=\"wp-block-column is-layout-flow wp-block-column-is-layout-flow\" style=\"flex-basis:500px\">\n<h5 class=\"wp-block-heading\"><strong><a href=\"https:\/\/ibecbarcelona.eu\/wp-content\/uploads\/2023\/07\/Guia-de-bones-practiques_CAT-1.pdf\">Guia de bones pr\u00e0ctiques<\/a><\/strong><\/h5>\n\n\n\n<p>Guia amb recomanacions per a l&#8217;atenci\u00f3 a la diversitat en les activitats d&#8217;educaci\u00f3 cient\u00edfica.<\/p>\n\n\n\n<p>Orientada a talleristes de la comunitat cient\u00edfica que no disposen de formaci\u00f3 espec\u00edfica d&#8217;atenci\u00f3 a la diversitat.<\/p>\n<\/div>\n\n\n\n<div class=\"wp-block-column is-layout-flow wp-block-column-is-layout-flow\">\n<p><\/p>\n<\/div>\n<\/div>\n\n\n\n<hr class=\"wp-block-separator has-alpha-channel-opacity\"\/>\n\n\n\n<h4 class=\"wp-block-heading\"><strong>Activitats d&#8217;educaci\u00f3 cient\u00edfica<\/strong>&nbsp;<\/h4>\n\n\n\n<p>Posem a disposici\u00f3 dues activitats amb una mirada inclusiva per a garantir l&#8217;acc\u00e9s i la compressi\u00f3 de l&#8217;alumnat amb dificultat visual, auditiva i\/o cognitiva, aix\u00ed com amb trastorns d&#8217;aprenentatge. Les activitats estan dissenyades per a atendre a tota la diversitat, proporcionant materials multinivell i completament accessibles.<\/p>\n\n\n<div class=\"responsive-tabs\">\n<h2 class=\"tabtitle\">LA C\u00c8L\u00b7LULA<\/h2>\n<div class=\"tabcontent\">\n\n\n\n\n<h4 class=\"wp-block-heading\">La C\u00e8l\u00b7lula<\/h4>\n\n\n\n<p><em>Activitat dirigida a 5\u00e8-6\u00e8 de prim\u00e0ria&nbsp;<\/em><\/p>\n\n\n\n<p>En aquesta activitat treballarem el concepte de c\u00e8l\u00b7lula i les difer\u00e8ncies entre la c\u00e8l\u00b7lula animal i la vegetal. L&#8217;alumnat podr\u00e0 classificar les tipologies de c\u00e8l\u00b7lula a trav\u00e9s de l&#8217;observaci\u00f3 de mostres de microsc\u00f2pia.<\/p>\n\n\n\n<p><strong>Objectius<\/strong>:&nbsp;<\/p>\n\n\n\n<ul class=\"wp-block-list\">\n<li>Entendre el concepte c\u00e8l\u00b7lula i les difer\u00e8ncies de diferents tipus cel\u00b7lulars (animal \u2013 vegetal)<\/li>\n\n\n\n<li>Iniciaci\u00f3 a l&#8217;activitat cient\u00edfica a trav\u00e9s de l&#8217;experimentaci\u00f3 amb mostres pr\u00f2pies&nbsp;&nbsp;<\/li>\n\n\n\n<li>Observar i interpretar resultats cient\u00edfics<\/li>\n<\/ul>\n\n\n\n<p><strong>Recursos<\/strong>:&nbsp;<\/p>\n\n\n\n<ul class=\"wp-block-list\">\n<li><a href=\"https:\/\/ibecbarcelona.eu\/wp-content\/uploads\/2023\/07\/Questionaris_activitat_CAT.pdf\">Q\u00fcestionari previ i de valoraci\u00f3 de l&#8217;activitat<\/a><\/li>\n\n\n\n<li><a href=\"https:\/\/ibecbarcelona.eu\/wp-content\/uploads\/2023\/07\/3_Dossier_La_Cel_lula.pdf\">Dossier de l&#8217;activitat<\/a><\/li>\n\n\n\n<li><a href=\"https:\/\/ibecbarcelona.eu\/wp-content\/uploads\/2023\/07\/2_Esquema_Act_La_cel\u00b7lula.pdf\">Esquema de l&#8217;activitat<\/a><\/li>\n\n\n\n<li><a href=\"https:\/\/ibecbarcelona.eu\/wp-content\/uploads\/2023\/07\/1_Guio_materials_Activ_La_Cel\u00b7lula.pdf\">Gui\u00f3 de materials<\/a><\/li>\n\n\n\n<li><a href=\"https:\/\/ibecbarcelona.eu\/wp-content\/uploads\/2023\/07\/Annexes.-Material-Didactic.pdf\">Annexes. Material Did\u00e0ctic <\/a><\/li>\n<\/ul>\n\n\n\n<p>Nota: Aquesta activitat est\u00e0 plantejada seguint els principis d&#8217;accessibilitat i del disseny universal d&#8217;aprenentatge (DUA).<\/p>\n\n\n\n<\/div><h2 class=\"tabtitle\">ELS MEDICAMENTS DEL FUTUR<\/h2>\n<div class=\"tabcontent\">\n\n\n\n\n<h4 class=\"wp-block-heading\">Els medicaments del futur<\/h4>\n\n\n\n<p><em>Activitat dirigida a 3r i 4t de la ESO<\/em><\/p>\n\n\n\n<p>En aquesta activitat treballarem com es pot aplicar la nanotecnologia en el camp de la salut. Els alumnes i les alumnes simularan l&#8217;encapsulaci\u00f3 d&#8217;un f\u00e0rmac.<\/p>\n\n\n\n<p><strong>Objectius:&nbsp;<\/strong><\/p>\n\n\n\n<ul class=\"wp-block-list\">\n<li>Aprendre a llegir de manera b\u00e0sica els prospectes dels medicaments&nbsp;<\/li>\n\n\n\n<li>Desenvolupar pensament resolutiu aplicant el m\u00e8tode cient\u00edfic<\/li>\n\n\n\n<li>Iniciaci\u00f3 als principis experimentals de la nanotecnologia&nbsp;<\/li>\n<\/ul>\n\n\n\n<p><strong>Recursos:<\/strong><\/p>\n\n\n\n<ul class=\"wp-block-list\">\n<li><a href=\"https:\/\/ibecbarcelona.eu\/wp-content\/uploads\/2023\/07\/Questionaris_activitat_CAT.pdf\">Q\u00fcestionari previ i de valoraci\u00f3 de l&#8217;activitat<\/a><\/li>\n\n\n\n<li><a href=\"https:\/\/ibecbarcelona.eu\/wp-content\/uploads\/2023\/07\/3_Dossier_Medicaments-1.pdf\">Dossier de l&#8217;activitat<\/a><\/li>\n\n\n\n<li><a href=\"https:\/\/ibecbarcelona.eu\/wp-content\/uploads\/2023\/07\/2_Esquema_Act_Medicaments.pdf\">Esquema de l&#8217;activitat<\/a><\/li>\n\n\n\n<li><a href=\"https:\/\/ibecbarcelona.eu\/wp-content\/uploads\/2023\/07\/1_Guio_materials_Activ_Medicaments.pdf\">Gui\u00f3 de materials<\/a><\/li>\n\n\n\n<li><a href=\"https:\/\/ibecbarcelona.eu\/wp-content\/uploads\/2023\/07\/Fitxa_Prospectes_medicaments.pdf\">Fitxa resum per al professorat<\/a><\/li>\n\n\n\n<li>Material extra per a docents \u2013<a href=\"https:\/\/ibecbarcelona.eu\/wp-content\/uploads\/2023\/07\/Prospecto_estandar_Ibuprofeno-1.pdf\"> Prospecte est\u00e0ndard Ibuprof\u00e8<\/a>\u00a0(Fitxa en\u00a0<a href=\"https:\/\/ibecbarcelona.eu\/wp-content\/uploads\/2023\/07\/Prospecto_Ibuprofeno_lectura_facil-1.pdf\">lectura f\u00e0cil<\/a>)<\/li>\n\n\n\n<li><a href=\"https:\/\/ibecbarcelona.eu\/wp-content\/uploads\/2023\/07\/Annex.-Material-didactic.pdf\">Annexes. Material Did\u00e0ctic<\/a><\/li>\n<\/ul>\n\n\n\n<p>Nota: Aquesta activitat est\u00e0 plantejada seguint els principis d&#8217;accessibilitat i del disseny universal d&#8217;aprenentatge (DUA).<\/p>\n\n\n\n<p><\/p>\n\n\n<\/div><\/div>\n","protected":false},"excerpt":{"rendered":"<p>El projecte ci\u00e8ncia inclusiva finan\u00e7at per la&nbsp;FECYT&nbsp;pret\u00e9n ser una ajuda per a transformar les activitats i convertir-les en inclusives, generant recursos que assegurin l&#8217;atenci\u00f3 a la diversitat en els projectes &#8230; <a title=\"Ci\u00e8ncia inclusiva: atenci\u00f3 a la diversitat en els projectes d&#8217;educaci\u00f3 cient\u00edfica\u00a0\" class=\"read-more\" href=\"https:\/\/ibecbarcelona.eu\/ca\/societat-i-ciencia\/ciencia-inclusiva\/\" aria-label=\"More on Ci\u00e8ncia inclusiva: atenci\u00f3 a la diversitat en els projectes d&#8217;educaci\u00f3 cient\u00edfica\u00a0\">Read more<\/a><\/p>\n","protected":false},"author":4,"featured_media":109001,"parent":17491,"menu_order":0,"comment_status":"closed","ping_status":"closed","template":"","meta":{"footnotes":""},"tags":[],"class_list":["post-108975","page","type-page","status-publish","has-post-thumbnail"],"yoast_head":"<!-- This site is optimized with the Yoast SEO plugin v27.3 - https:\/\/yoast.com\/product\/yoast-seo-wordpress\/ -->\n<title>Ci\u00e8ncia inclusiva: atenci\u00f3 a la diversitat en els projectes d&#039;educaci\u00f3 cient\u00edfica\u00a0 - Institute for Bioengineering of Catalonia<\/title>\n<meta name=\"robots\" content=\"index, follow, max-snippet:-1, max-image-preview:large, max-video-preview:-1\" \/>\n<link rel=\"canonical\" href=\"https:\/\/ibecbarcelona.eu\/ca\/societat-i-ciencia\/ciencia-inclusiva\/\" \/>\n<meta property=\"og:locale\" content=\"ca_ES\" \/>\n<meta property=\"og:type\" content=\"article\" \/>\n<meta property=\"og:title\" content=\"Ci\u00e8ncia inclusiva: atenci\u00f3 a la diversitat en els projectes d&#039;educaci\u00f3 cient\u00edfica\u00a0 - Institute for Bioengineering of Catalonia\" \/>\n<meta property=\"og:description\" content=\"El projecte ci\u00e8ncia inclusiva finan\u00e7at per la&nbsp;FECYT&nbsp;pret\u00e9n ser una ajuda per a transformar les activitats i convertir-les en inclusives, generant recursos que assegurin l&#8217;atenci\u00f3 a la diversitat en els projectes ... Read more\" \/>\n<meta property=\"og:url\" content=\"https:\/\/ibecbarcelona.eu\/ca\/societat-i-ciencia\/ciencia-inclusiva\/\" \/>\n<meta property=\"og:site_name\" content=\"Institute for Bioengineering of Catalonia\" \/>\n<meta property=\"article:modified_time\" content=\"2023-07-25T08:49:53+00:00\" \/>\n<meta property=\"og:image\" content=\"https:\/\/ibecbarcelona.eu\/wp-content\/uploads\/2023\/06\/ciencia-inclusiva_banner.jpg\" \/>\n\t<meta property=\"og:image:width\" content=\"2000\" \/>\n\t<meta property=\"og:image:height\" content=\"400\" \/>\n\t<meta property=\"og:image:type\" content=\"image\/jpeg\" \/>\n<meta name=\"twitter:card\" content=\"summary_large_image\" \/>\n<meta name=\"twitter:label1\" content=\"Temps estimat de lectura\" \/>\n\t<meta name=\"twitter:data1\" content=\"4 minuts\" \/>\n<script type=\"application\/ld+json\" class=\"yoast-schema-graph\">{\"@context\":\"https:\\\/\\\/schema.org\",\"@graph\":[{\"@type\":\"WebPage\",\"@id\":\"https:\\\/\\\/ibecbarcelona.eu\\\/ca\\\/societat-i-ciencia\\\/ciencia-inclusiva\\\/\",\"url\":\"https:\\\/\\\/ibecbarcelona.eu\\\/ca\\\/societat-i-ciencia\\\/ciencia-inclusiva\\\/\",\"name\":\"Ci\u00e8ncia inclusiva: atenci\u00f3 a la diversitat en els projectes d'educaci\u00f3 cient\u00edfica\u00a0 - Institute for Bioengineering of Catalonia\",\"isPartOf\":{\"@id\":\"https:\\\/\\\/ibecbarcelona.eu\\\/#website\"},\"primaryImageOfPage\":{\"@id\":\"https:\\\/\\\/ibecbarcelona.eu\\\/ca\\\/societat-i-ciencia\\\/ciencia-inclusiva\\\/#primaryimage\"},\"image\":{\"@id\":\"https:\\\/\\\/ibecbarcelona.eu\\\/ca\\\/societat-i-ciencia\\\/ciencia-inclusiva\\\/#primaryimage\"},\"thumbnailUrl\":\"https:\\\/\\\/ibecbarcelona.eu\\\/wp-content\\\/uploads\\\/2023\\\/06\\\/ciencia-inclusiva_banner.jpg\",\"datePublished\":\"2023-06-21T13:38:59+00:00\",\"dateModified\":\"2023-07-25T08:49:53+00:00\",\"breadcrumb\":{\"@id\":\"https:\\\/\\\/ibecbarcelona.eu\\\/ca\\\/societat-i-ciencia\\\/ciencia-inclusiva\\\/#breadcrumb\"},\"inLanguage\":\"ca\",\"potentialAction\":[{\"@type\":\"ReadAction\",\"target\":[\"https:\\\/\\\/ibecbarcelona.eu\\\/ca\\\/societat-i-ciencia\\\/ciencia-inclusiva\\\/\"]}]},{\"@type\":\"ImageObject\",\"inLanguage\":\"ca\",\"@id\":\"https:\\\/\\\/ibecbarcelona.eu\\\/ca\\\/societat-i-ciencia\\\/ciencia-inclusiva\\\/#primaryimage\",\"url\":\"https:\\\/\\\/ibecbarcelona.eu\\\/wp-content\\\/uploads\\\/2023\\\/06\\\/ciencia-inclusiva_banner.jpg\",\"contentUrl\":\"https:\\\/\\\/ibecbarcelona.eu\\\/wp-content\\\/uploads\\\/2023\\\/06\\\/ciencia-inclusiva_banner.jpg\",\"width\":2000,\"height\":400},{\"@type\":\"BreadcrumbList\",\"@id\":\"https:\\\/\\\/ibecbarcelona.eu\\\/ca\\\/societat-i-ciencia\\\/ciencia-inclusiva\\\/#breadcrumb\",\"itemListElement\":[{\"@type\":\"ListItem\",\"position\":1,\"name\":\"Home\",\"item\":\"https:\\\/\\\/ibecbarcelona.eu\\\/ca\\\/\"},{\"@type\":\"ListItem\",\"position\":2,\"name\":\"Societat i Ci\u00e8ncia\",\"item\":\"https:\\\/\\\/ibecbarcelona.eu\\\/ca\\\/societat-i-ciencia\\\/\"},{\"@type\":\"ListItem\",\"position\":3,\"name\":\"Ci\u00e8ncia inclusiva: atenci\u00f3 a la diversitat en els projectes d&#8217;educaci\u00f3 cient\u00edfica\u00a0\"}]},{\"@type\":\"WebSite\",\"@id\":\"https:\\\/\\\/ibecbarcelona.eu\\\/#website\",\"url\":\"https:\\\/\\\/ibecbarcelona.eu\\\/\",\"name\":\"Institute for Bioengineering of Catalonia\",\"description\":\"Bioengineering Solutions for Health\",\"publisher\":{\"@id\":\"https:\\\/\\\/ibecbarcelona.eu\\\/#organization\"},\"potentialAction\":[{\"@type\":\"SearchAction\",\"target\":{\"@type\":\"EntryPoint\",\"urlTemplate\":\"https:\\\/\\\/ibecbarcelona.eu\\\/?s={search_term_string}\"},\"query-input\":{\"@type\":\"PropertyValueSpecification\",\"valueRequired\":true,\"valueName\":\"search_term_string\"}}],\"inLanguage\":\"ca\"},{\"@type\":\"Organization\",\"@id\":\"https:\\\/\\\/ibecbarcelona.eu\\\/#organization\",\"name\":\"Institute for Bioengineering of Catalonia\",\"url\":\"https:\\\/\\\/ibecbarcelona.eu\\\/\",\"logo\":{\"@type\":\"ImageObject\",\"inLanguage\":\"ca\",\"@id\":\"https:\\\/\\\/ibecbarcelona.eu\\\/#\\\/schema\\\/logo\\\/image\\\/\",\"url\":\"https:\\\/\\\/ibecbarcelona.eu\\\/wp-content\\\/uploads\\\/2026\\\/01\\\/cropped-IBEC_20ANYS_GRIS.png\",\"contentUrl\":\"https:\\\/\\\/ibecbarcelona.eu\\\/wp-content\\\/uploads\\\/2026\\\/01\\\/cropped-IBEC_20ANYS_GRIS.png\",\"width\":696,\"height\":257,\"caption\":\"Institute for Bioengineering of Catalonia\"},\"image\":{\"@id\":\"https:\\\/\\\/ibecbarcelona.eu\\\/#\\\/schema\\\/logo\\\/image\\\/\"}}]}<\/script>\n<!-- \/ Yoast SEO plugin. -->","yoast_head_json":{"title":"Ci\u00e8ncia inclusiva: atenci\u00f3 a la diversitat en els projectes d'educaci\u00f3 cient\u00edfica\u00a0 - Institute for Bioengineering of Catalonia","robots":{"index":"index","follow":"follow","max-snippet":"max-snippet:-1","max-image-preview":"max-image-preview:large","max-video-preview":"max-video-preview:-1"},"canonical":"https:\/\/ibecbarcelona.eu\/ca\/societat-i-ciencia\/ciencia-inclusiva\/","og_locale":"ca_ES","og_type":"article","og_title":"Ci\u00e8ncia inclusiva: atenci\u00f3 a la diversitat en els projectes d'educaci\u00f3 cient\u00edfica\u00a0 - Institute for Bioengineering of Catalonia","og_description":"El projecte ci\u00e8ncia inclusiva finan\u00e7at per la&nbsp;FECYT&nbsp;pret\u00e9n ser una ajuda per a transformar les activitats i convertir-les en inclusives, generant recursos que assegurin l&#8217;atenci\u00f3 a la diversitat en els projectes ... Read more","og_url":"https:\/\/ibecbarcelona.eu\/ca\/societat-i-ciencia\/ciencia-inclusiva\/","og_site_name":"Institute for Bioengineering of Catalonia","article_modified_time":"2023-07-25T08:49:53+00:00","og_image":[{"width":2000,"height":400,"url":"https:\/\/ibecbarcelona.eu\/wp-content\/uploads\/2023\/06\/ciencia-inclusiva_banner.jpg","type":"image\/jpeg"}],"twitter_card":"summary_large_image","twitter_misc":{"Temps estimat de lectura":"4 minuts"},"schema":{"@context":"https:\/\/schema.org","@graph":[{"@type":"WebPage","@id":"https:\/\/ibecbarcelona.eu\/ca\/societat-i-ciencia\/ciencia-inclusiva\/","url":"https:\/\/ibecbarcelona.eu\/ca\/societat-i-ciencia\/ciencia-inclusiva\/","name":"Ci\u00e8ncia inclusiva: atenci\u00f3 a la diversitat en els projectes d'educaci\u00f3 cient\u00edfica\u00a0 - Institute for Bioengineering of Catalonia","isPartOf":{"@id":"https:\/\/ibecbarcelona.eu\/#website"},"primaryImageOfPage":{"@id":"https:\/\/ibecbarcelona.eu\/ca\/societat-i-ciencia\/ciencia-inclusiva\/#primaryimage"},"image":{"@id":"https:\/\/ibecbarcelona.eu\/ca\/societat-i-ciencia\/ciencia-inclusiva\/#primaryimage"},"thumbnailUrl":"https:\/\/ibecbarcelona.eu\/wp-content\/uploads\/2023\/06\/ciencia-inclusiva_banner.jpg","datePublished":"2023-06-21T13:38:59+00:00","dateModified":"2023-07-25T08:49:53+00:00","breadcrumb":{"@id":"https:\/\/ibecbarcelona.eu\/ca\/societat-i-ciencia\/ciencia-inclusiva\/#breadcrumb"},"inLanguage":"ca","potentialAction":[{"@type":"ReadAction","target":["https:\/\/ibecbarcelona.eu\/ca\/societat-i-ciencia\/ciencia-inclusiva\/"]}]},{"@type":"ImageObject","inLanguage":"ca","@id":"https:\/\/ibecbarcelona.eu\/ca\/societat-i-ciencia\/ciencia-inclusiva\/#primaryimage","url":"https:\/\/ibecbarcelona.eu\/wp-content\/uploads\/2023\/06\/ciencia-inclusiva_banner.jpg","contentUrl":"https:\/\/ibecbarcelona.eu\/wp-content\/uploads\/2023\/06\/ciencia-inclusiva_banner.jpg","width":2000,"height":400},{"@type":"BreadcrumbList","@id":"https:\/\/ibecbarcelona.eu\/ca\/societat-i-ciencia\/ciencia-inclusiva\/#breadcrumb","itemListElement":[{"@type":"ListItem","position":1,"name":"Home","item":"https:\/\/ibecbarcelona.eu\/ca\/"},{"@type":"ListItem","position":2,"name":"Societat i Ci\u00e8ncia","item":"https:\/\/ibecbarcelona.eu\/ca\/societat-i-ciencia\/"},{"@type":"ListItem","position":3,"name":"Ci\u00e8ncia inclusiva: atenci\u00f3 a la diversitat en els projectes d&#8217;educaci\u00f3 cient\u00edfica\u00a0"}]},{"@type":"WebSite","@id":"https:\/\/ibecbarcelona.eu\/#website","url":"https:\/\/ibecbarcelona.eu\/","name":"Institute for Bioengineering of Catalonia","description":"Bioengineering Solutions for Health","publisher":{"@id":"https:\/\/ibecbarcelona.eu\/#organization"},"potentialAction":[{"@type":"SearchAction","target":{"@type":"EntryPoint","urlTemplate":"https:\/\/ibecbarcelona.eu\/?s={search_term_string}"},"query-input":{"@type":"PropertyValueSpecification","valueRequired":true,"valueName":"search_term_string"}}],"inLanguage":"ca"},{"@type":"Organization","@id":"https:\/\/ibecbarcelona.eu\/#organization","name":"Institute for Bioengineering of Catalonia","url":"https:\/\/ibecbarcelona.eu\/","logo":{"@type":"ImageObject","inLanguage":"ca","@id":"https:\/\/ibecbarcelona.eu\/#\/schema\/logo\/image\/","url":"https:\/\/ibecbarcelona.eu\/wp-content\/uploads\/2026\/01\/cropped-IBEC_20ANYS_GRIS.png","contentUrl":"https:\/\/ibecbarcelona.eu\/wp-content\/uploads\/2026\/01\/cropped-IBEC_20ANYS_GRIS.png","width":696,"height":257,"caption":"Institute for Bioengineering of Catalonia"},"image":{"@id":"https:\/\/ibecbarcelona.eu\/#\/schema\/logo\/image\/"}}]}},"AFP_featured_media_urls":{"full":["https:\/\/ibecbarcelona.eu\/wp-content\/uploads\/2023\/06\/ciencia-inclusiva_banner.jpg",2000,400,false],"thumbnail":["https:\/\/ibecbarcelona.eu\/wp-content\/uploads\/2023\/06\/ciencia-inclusiva_banner-150x150.jpg",150,150,true],"medium":["https:\/\/ibecbarcelona.eu\/wp-content\/uploads\/2023\/06\/ciencia-inclusiva_banner-300x60.jpg",300,60,true],"medium_large":["https:\/\/ibecbarcelona.eu\/wp-content\/uploads\/2023\/06\/ciencia-inclusiva_banner-768x154.jpg",768,154,true],"large":["https:\/\/ibecbarcelona.eu\/wp-content\/uploads\/2023\/06\/ciencia-inclusiva_banner-1024x205.jpg",1024,205,true]},"AFP_attachments":{"full":["https:\/\/ibecbarcelona.eu\/wp-content\/uploads\/2023\/06\/ministerio-fecyt-impreso_JPG-scaled.jpg",2560,518,false],"thumbnail":["https:\/\/ibecbarcelona.eu\/wp-content\/uploads\/2023\/06\/ministerio-fecyt-impreso_JPG-150x150.jpg",150,150,true],"medium":["https:\/\/ibecbarcelona.eu\/wp-content\/uploads\/2023\/06\/ministerio-fecyt-impreso_JPG-300x61.jpg",300,61,true],"medium_large":["https:\/\/ibecbarcelona.eu\/wp-content\/uploads\/2023\/06\/ministerio-fecyt-impreso_JPG-768x155.jpg",768,155,true],"large":["https:\/\/ibecbarcelona.eu\/wp-content\/uploads\/2023\/06\/ministerio-fecyt-impreso_JPG-1024x207.jpg",1024,207,true]},"AFP_videos":[],"AFP_video_blocks":"","AFP_category_names":[],"_links":{"self":[{"href":"https:\/\/ibecbarcelona.eu\/ca\/wp-json\/wp\/v2\/pages\/108975","targetHints":{"allow":["GET"]}}],"collection":[{"href":"https:\/\/ibecbarcelona.eu\/ca\/wp-json\/wp\/v2\/pages"}],"about":[{"href":"https:\/\/ibecbarcelona.eu\/ca\/wp-json\/wp\/v2\/types\/page"}],"author":[{"embeddable":true,"href":"https:\/\/ibecbarcelona.eu\/ca\/wp-json\/wp\/v2\/users\/4"}],"replies":[{"embeddable":true,"href":"https:\/\/ibecbarcelona.eu\/ca\/wp-json\/wp\/v2\/comments?post=108975"}],"version-history":[{"count":20,"href":"https:\/\/ibecbarcelona.eu\/ca\/wp-json\/wp\/v2\/pages\/108975\/revisions"}],"predecessor-version":[{"id":110398,"href":"https:\/\/ibecbarcelona.eu\/ca\/wp-json\/wp\/v2\/pages\/108975\/revisions\/110398"}],"up":[{"embeddable":true,"href":"https:\/\/ibecbarcelona.eu\/ca\/wp-json\/wp\/v2\/pages\/17491"}],"wp:featuredmedia":[{"embeddable":true,"href":"https:\/\/ibecbarcelona.eu\/ca\/wp-json\/wp\/v2\/media\/109001"}],"wp:attachment":[{"href":"https:\/\/ibecbarcelona.eu\/ca\/wp-json\/wp\/v2\/media?parent=108975"}],"wp:term":[{"taxonomy":"post_tag","embeddable":true,"href":"https:\/\/ibecbarcelona.eu\/ca\/wp-json\/wp\/v2\/tags?post=108975"}],"curies":[{"name":"wp","href":"https:\/\/api.w.org\/{rel}","templated":true}]}}