
{"id":115540,"date":"2024-02-16T14:48:23","date_gmt":"2024-02-16T13:48:23","guid":{"rendered":"https:\/\/ibecbarcelona.eu\/societat-i-ciencia\/frontiers-programme-science-and-science-journalism\/"},"modified":"2024-06-26T10:57:23","modified_gmt":"2024-06-26T08:57:23","slug":"frontiers-programme-science-and-science-journalism","status":"publish","type":"page","link":"https:\/\/ibecbarcelona.eu\/ca\/frontiers-programme\/","title":{"rendered":"Frontiers programme. Ci\u00e8ncia i periodisme cient\u00edfic"},"content":{"rendered":"\n<figure class=\"wp-block-image size-large\"><img decoding=\"async\" width=\"1024\" height=\"446\" data-src=\"https:\/\/ibecbarcelona.eu\/wp-content\/uploads\/2024\/02\/frontiers-programme-ibec-1024x446.jpg\" alt=\"\" class=\"wp-image-115566 lazyload\" data-srcset=\"https:\/\/ibecbarcelona.eu\/wp-content\/uploads\/2024\/02\/frontiers-programme-ibec-1024x446.jpg 1024w, https:\/\/ibecbarcelona.eu\/wp-content\/uploads\/2024\/02\/frontiers-programme-ibec-300x131.jpg 300w, https:\/\/ibecbarcelona.eu\/wp-content\/uploads\/2024\/02\/frontiers-programme-ibec-768x335.jpg 768w, https:\/\/ibecbarcelona.eu\/wp-content\/uploads\/2024\/02\/frontiers-programme-ibec-1536x669.jpg 1536w, https:\/\/ibecbarcelona.eu\/wp-content\/uploads\/2024\/02\/frontiers-programme-ibec-2048x892.jpg 2048w\" data-sizes=\"(max-width: 1024px) 100vw, 1024px\" src=\"data:image\/svg+xml;base64,PHN2ZyB3aWR0aD0iMSIgaGVpZ2h0PSIxIiB4bWxucz0iaHR0cDovL3d3dy53My5vcmcvMjAwMC9zdmciPjwvc3ZnPg==\" style=\"--smush-placeholder-width: 1024px; --smush-placeholder-aspect-ratio: 1024\/446;\" \/><\/figure>\n\n\n\n<p>Amb l\u2019objectiu d\u2019establir sin\u00e8rgies entre periodistes i cient\u00edfics, l\u2019IBEC s\u2019incorpora al programa europeu FRONTIERS, el qual ofereix finan\u00e7ament a periodistes d\u2019arreu del m\u00f3n que vulguin passar uns mesos en resid\u00e8ncia a un equip o instituci\u00f3 d\u2019investigaci\u00f3 d\u2019avantguarda.<\/p>\n\n\n\n<p><strong>Des de l\u2019IBEC, animem a tots\/es els\/les periodistes cient\u00edfics\/ques interessats\/des en una resid\u00e8ncia a l\u2019IBEC a enviar la seva candidatura mitjan\u00e7ant la p\u00e0gina oficial de <a href=\"https:\/\/frontiers.media\/\">FRONTIERS<\/a>. La data l\u00edmit per enviar sol\u00b7licituds per\u00a0a la segona ronda \u00e9s dia 25 de setembre 2024. \u00a0<\/strong><\/p>\n\n\n\n<p>FRONTIERS est\u00e0 finan\u00e7at pel Consell Europeu d\u2019Investigaci\u00f3 (ERC) i dissenyat per facilitar un programa de resid\u00e8ncia per a periodistes cient\u00edfics que vulguin passar de tres a cinc mesos a una instituci\u00f3 de recerca. El projecte est\u00e0 previst que s&#8217;executi fins el 2027, i permetr\u00e0 que fins a 40 periodistes cient\u00edfics treballin conjuntament amb equips de recerca o institucions cient\u00edfiques.<\/p>\n\n\n\n<p><strong>L\u2019IBEC forma part del programa europeu FRONTIERS amb l\u2019objectiu d\u2019informar, educar i disseminar el coneixement cient\u00edfic i la innovaci\u00f3 que t\u00e9 lloc dins el nostre institut. <\/strong>En efecte, amb aquest projecte l\u2019IBEC vol fomentar una millor comprensi\u00f3 del treball cient\u00edfic, a m\u00e9s de propiciar un context d\u2019aprenentatge rec\u00edproc, on els periodistes poden adquirir un coneixement m\u00e9s profund sobre els temes cient\u00edfics; i els cient\u00edfics poden entendre millor els reptes i les oportunitats associades amb la divulgaci\u00f3 cient\u00edfica als mitjans de comunicaci\u00f3.<\/p>\n\n\n\n<p>Pensem que aquesta col\u00b7laboraci\u00f3 \u00e9s sens dubte indispensable per garantir una comunicaci\u00f3 efectiva i objectiva sobre la ci\u00e8ncia, a m\u00e9s de garantir i donar suport al periodisme cient\u00edfic independent. Amb FRONTIERS contribuirem per una banda, a construir una societat m\u00e9s informada sobre la ci\u00e8ncia i la tecnologia i, per l\u2019altra, m\u00e9s cr\u00edtica envers la desinformaci\u00f3 i les <em>fake news<\/em> que es troben sobretot a l\u2019entorn digital. &nbsp;<\/p>\n\n\n\n<p><\/p>\n\n\n\n<p><strong>Not\u00edcies relacionades:<\/strong><\/p>\n\n\n\n<ul class=\"wp-block-list\">\n<li><a href=\"https:\/\/ibecbarcelona.eu\/ca\/ibec-estrena-el-seu-programa-de-periodistes-en-residencia-amb-astrid-viciano\">L\u2019IBEC estrena el seu programa de Periodistes en Resid\u00e8ncia amb Astrid Viciano&nbsp;<\/a><\/li>\n\n\n\n<li><a href=\"https:\/\/ibecbarcelona.eu\/ca\/societat-i-ciencia\/ibecs-journalist-in-residence-programme-2022\/\">IBEC\u2019s Journalist-in-Residence&nbsp;Programme&nbsp;2022<\/a><\/li>\n<\/ul>\n","protected":false},"excerpt":{"rendered":"<p>Amb l\u2019objectiu d\u2019establir sin\u00e8rgies entre periodistes i cient\u00edfics, l\u2019IBEC s\u2019incorpora al programa europeu FRONTIERS, el qual ofereix finan\u00e7ament a periodistes d\u2019arreu del m\u00f3n que vulguin passar uns mesos en resid\u00e8ncia &#8230; <a title=\"Frontiers programme. Ci\u00e8ncia i periodisme cient\u00edfic\" class=\"read-more\" href=\"https:\/\/ibecbarcelona.eu\/ca\/frontiers-programme\/\" aria-label=\"More on Frontiers programme. Ci\u00e8ncia i periodisme cient\u00edfic\">Read more<\/a><\/p>\n","protected":false},"author":4,"featured_media":115566,"parent":17491,"menu_order":0,"comment_status":"closed","ping_status":"closed","template":"","meta":{"footnotes":""},"tags":[],"class_list":["post-115540","page","type-page","status-publish","has-post-thumbnail"],"yoast_head":"<!-- This site is optimized with the Yoast SEO plugin v27.3 - https:\/\/yoast.com\/product\/yoast-seo-wordpress\/ -->\n<title>Frontiers programme. Ci\u00e8ncia i periodisme cient\u00edfic - Institute for Bioengineering of Catalonia<\/title>\n<meta name=\"robots\" content=\"index, follow, max-snippet:-1, max-image-preview:large, max-video-preview:-1\" \/>\n<link rel=\"canonical\" href=\"https:\/\/ibecbarcelona.eu\/ca\/frontiers-programme\/\" \/>\n<meta property=\"og:locale\" content=\"ca_ES\" \/>\n<meta property=\"og:type\" content=\"article\" \/>\n<meta property=\"og:title\" content=\"Frontiers programme. Ci\u00e8ncia i periodisme cient\u00edfic - Institute for Bioengineering of Catalonia\" \/>\n<meta property=\"og:description\" content=\"Amb l\u2019objectiu d\u2019establir sin\u00e8rgies entre periodistes i cient\u00edfics, l\u2019IBEC s\u2019incorpora al programa europeu FRONTIERS, el qual ofereix finan\u00e7ament a periodistes d\u2019arreu del m\u00f3n que vulguin passar uns mesos en resid\u00e8ncia ... Read more\" \/>\n<meta property=\"og:url\" content=\"https:\/\/ibecbarcelona.eu\/ca\/frontiers-programme\/\" \/>\n<meta property=\"og:site_name\" content=\"Institute for Bioengineering of Catalonia\" \/>\n<meta property=\"article:modified_time\" content=\"2024-06-26T08:57:23+00:00\" \/>\n<meta property=\"og:image\" content=\"https:\/\/ibecbarcelona.eu\/wp-content\/uploads\/2024\/02\/frontiers-programme-ibec-scaled.jpg\" \/>\n\t<meta property=\"og:image:width\" content=\"2560\" \/>\n\t<meta property=\"og:image:height\" content=\"1115\" \/>\n\t<meta property=\"og:image:type\" content=\"image\/jpeg\" \/>\n<meta name=\"twitter:card\" content=\"summary_large_image\" \/>\n<meta name=\"twitter:label1\" content=\"Temps estimat de lectura\" \/>\n\t<meta name=\"twitter:data1\" content=\"2 minuts\" \/>\n<script type=\"application\/ld+json\" class=\"yoast-schema-graph\">{\"@context\":\"https:\\\/\\\/schema.org\",\"@graph\":[{\"@type\":\"WebPage\",\"@id\":\"https:\\\/\\\/ibecbarcelona.eu\\\/ca\\\/frontiers-programme\\\/\",\"url\":\"https:\\\/\\\/ibecbarcelona.eu\\\/ca\\\/frontiers-programme\\\/\",\"name\":\"Frontiers programme. Ci\u00e8ncia i periodisme cient\u00edfic - Institute for Bioengineering of Catalonia\",\"isPartOf\":{\"@id\":\"https:\\\/\\\/ibecbarcelona.eu\\\/#website\"},\"primaryImageOfPage\":{\"@id\":\"https:\\\/\\\/ibecbarcelona.eu\\\/ca\\\/frontiers-programme\\\/#primaryimage\"},\"image\":{\"@id\":\"https:\\\/\\\/ibecbarcelona.eu\\\/ca\\\/frontiers-programme\\\/#primaryimage\"},\"thumbnailUrl\":\"https:\\\/\\\/ibecbarcelona.eu\\\/wp-content\\\/uploads\\\/2024\\\/02\\\/frontiers-programme-ibec-scaled.jpg\",\"datePublished\":\"2024-02-16T13:48:23+00:00\",\"dateModified\":\"2024-06-26T08:57:23+00:00\",\"breadcrumb\":{\"@id\":\"https:\\\/\\\/ibecbarcelona.eu\\\/ca\\\/frontiers-programme\\\/#breadcrumb\"},\"inLanguage\":\"ca\",\"potentialAction\":[{\"@type\":\"ReadAction\",\"target\":[\"https:\\\/\\\/ibecbarcelona.eu\\\/ca\\\/frontiers-programme\\\/\"]}]},{\"@type\":\"ImageObject\",\"inLanguage\":\"ca\",\"@id\":\"https:\\\/\\\/ibecbarcelona.eu\\\/ca\\\/frontiers-programme\\\/#primaryimage\",\"url\":\"https:\\\/\\\/ibecbarcelona.eu\\\/wp-content\\\/uploads\\\/2024\\\/02\\\/frontiers-programme-ibec-scaled.jpg\",\"contentUrl\":\"https:\\\/\\\/ibecbarcelona.eu\\\/wp-content\\\/uploads\\\/2024\\\/02\\\/frontiers-programme-ibec-scaled.jpg\",\"width\":2560,\"height\":1115},{\"@type\":\"BreadcrumbList\",\"@id\":\"https:\\\/\\\/ibecbarcelona.eu\\\/ca\\\/frontiers-programme\\\/#breadcrumb\",\"itemListElement\":[{\"@type\":\"ListItem\",\"position\":1,\"name\":\"Home\",\"item\":\"https:\\\/\\\/ibecbarcelona.eu\\\/ca\\\/\"},{\"@type\":\"ListItem\",\"position\":2,\"name\":\"Societat i Ci\u00e8ncia\",\"item\":\"https:\\\/\\\/ibecbarcelona.eu\\\/ca\\\/societat-i-ciencia\\\/\"},{\"@type\":\"ListItem\",\"position\":3,\"name\":\"Frontiers programme. Ci\u00e8ncia i periodisme cient\u00edfic\"}]},{\"@type\":\"WebSite\",\"@id\":\"https:\\\/\\\/ibecbarcelona.eu\\\/#website\",\"url\":\"https:\\\/\\\/ibecbarcelona.eu\\\/\",\"name\":\"Institute for Bioengineering of Catalonia\",\"description\":\"Bioengineering Solutions for Health\",\"publisher\":{\"@id\":\"https:\\\/\\\/ibecbarcelona.eu\\\/#organization\"},\"potentialAction\":[{\"@type\":\"SearchAction\",\"target\":{\"@type\":\"EntryPoint\",\"urlTemplate\":\"https:\\\/\\\/ibecbarcelona.eu\\\/?s={search_term_string}\"},\"query-input\":{\"@type\":\"PropertyValueSpecification\",\"valueRequired\":true,\"valueName\":\"search_term_string\"}}],\"inLanguage\":\"ca\"},{\"@type\":\"Organization\",\"@id\":\"https:\\\/\\\/ibecbarcelona.eu\\\/#organization\",\"name\":\"Institute for Bioengineering of Catalonia\",\"url\":\"https:\\\/\\\/ibecbarcelona.eu\\\/\",\"logo\":{\"@type\":\"ImageObject\",\"inLanguage\":\"ca\",\"@id\":\"https:\\\/\\\/ibecbarcelona.eu\\\/#\\\/schema\\\/logo\\\/image\\\/\",\"url\":\"https:\\\/\\\/ibecbarcelona.eu\\\/wp-content\\\/uploads\\\/2026\\\/01\\\/cropped-IBEC_20ANYS_GRIS.png\",\"contentUrl\":\"https:\\\/\\\/ibecbarcelona.eu\\\/wp-content\\\/uploads\\\/2026\\\/01\\\/cropped-IBEC_20ANYS_GRIS.png\",\"width\":696,\"height\":257,\"caption\":\"Institute for Bioengineering of Catalonia\"},\"image\":{\"@id\":\"https:\\\/\\\/ibecbarcelona.eu\\\/#\\\/schema\\\/logo\\\/image\\\/\"}}]}<\/script>\n<!-- \/ Yoast SEO plugin. -->","yoast_head_json":{"title":"Frontiers programme. Ci\u00e8ncia i periodisme cient\u00edfic - Institute for Bioengineering of Catalonia","robots":{"index":"index","follow":"follow","max-snippet":"max-snippet:-1","max-image-preview":"max-image-preview:large","max-video-preview":"max-video-preview:-1"},"canonical":"https:\/\/ibecbarcelona.eu\/ca\/frontiers-programme\/","og_locale":"ca_ES","og_type":"article","og_title":"Frontiers programme. Ci\u00e8ncia i periodisme cient\u00edfic - Institute for Bioengineering of Catalonia","og_description":"Amb l\u2019objectiu d\u2019establir sin\u00e8rgies entre periodistes i cient\u00edfics, l\u2019IBEC s\u2019incorpora al programa europeu FRONTIERS, el qual ofereix finan\u00e7ament a periodistes d\u2019arreu del m\u00f3n que vulguin passar uns mesos en resid\u00e8ncia ... Read more","og_url":"https:\/\/ibecbarcelona.eu\/ca\/frontiers-programme\/","og_site_name":"Institute for Bioengineering of Catalonia","article_modified_time":"2024-06-26T08:57:23+00:00","og_image":[{"width":2560,"height":1115,"url":"https:\/\/ibecbarcelona.eu\/wp-content\/uploads\/2024\/02\/frontiers-programme-ibec-scaled.jpg","type":"image\/jpeg"}],"twitter_card":"summary_large_image","twitter_misc":{"Temps estimat de lectura":"2 minuts"},"schema":{"@context":"https:\/\/schema.org","@graph":[{"@type":"WebPage","@id":"https:\/\/ibecbarcelona.eu\/ca\/frontiers-programme\/","url":"https:\/\/ibecbarcelona.eu\/ca\/frontiers-programme\/","name":"Frontiers programme. Ci\u00e8ncia i periodisme cient\u00edfic - Institute for Bioengineering of Catalonia","isPartOf":{"@id":"https:\/\/ibecbarcelona.eu\/#website"},"primaryImageOfPage":{"@id":"https:\/\/ibecbarcelona.eu\/ca\/frontiers-programme\/#primaryimage"},"image":{"@id":"https:\/\/ibecbarcelona.eu\/ca\/frontiers-programme\/#primaryimage"},"thumbnailUrl":"https:\/\/ibecbarcelona.eu\/wp-content\/uploads\/2024\/02\/frontiers-programme-ibec-scaled.jpg","datePublished":"2024-02-16T13:48:23+00:00","dateModified":"2024-06-26T08:57:23+00:00","breadcrumb":{"@id":"https:\/\/ibecbarcelona.eu\/ca\/frontiers-programme\/#breadcrumb"},"inLanguage":"ca","potentialAction":[{"@type":"ReadAction","target":["https:\/\/ibecbarcelona.eu\/ca\/frontiers-programme\/"]}]},{"@type":"ImageObject","inLanguage":"ca","@id":"https:\/\/ibecbarcelona.eu\/ca\/frontiers-programme\/#primaryimage","url":"https:\/\/ibecbarcelona.eu\/wp-content\/uploads\/2024\/02\/frontiers-programme-ibec-scaled.jpg","contentUrl":"https:\/\/ibecbarcelona.eu\/wp-content\/uploads\/2024\/02\/frontiers-programme-ibec-scaled.jpg","width":2560,"height":1115},{"@type":"BreadcrumbList","@id":"https:\/\/ibecbarcelona.eu\/ca\/frontiers-programme\/#breadcrumb","itemListElement":[{"@type":"ListItem","position":1,"name":"Home","item":"https:\/\/ibecbarcelona.eu\/ca\/"},{"@type":"ListItem","position":2,"name":"Societat i Ci\u00e8ncia","item":"https:\/\/ibecbarcelona.eu\/ca\/societat-i-ciencia\/"},{"@type":"ListItem","position":3,"name":"Frontiers programme. Ci\u00e8ncia i periodisme cient\u00edfic"}]},{"@type":"WebSite","@id":"https:\/\/ibecbarcelona.eu\/#website","url":"https:\/\/ibecbarcelona.eu\/","name":"Institute for Bioengineering of Catalonia","description":"Bioengineering Solutions for Health","publisher":{"@id":"https:\/\/ibecbarcelona.eu\/#organization"},"potentialAction":[{"@type":"SearchAction","target":{"@type":"EntryPoint","urlTemplate":"https:\/\/ibecbarcelona.eu\/?s={search_term_string}"},"query-input":{"@type":"PropertyValueSpecification","valueRequired":true,"valueName":"search_term_string"}}],"inLanguage":"ca"},{"@type":"Organization","@id":"https:\/\/ibecbarcelona.eu\/#organization","name":"Institute for Bioengineering of Catalonia","url":"https:\/\/ibecbarcelona.eu\/","logo":{"@type":"ImageObject","inLanguage":"ca","@id":"https:\/\/ibecbarcelona.eu\/#\/schema\/logo\/image\/","url":"https:\/\/ibecbarcelona.eu\/wp-content\/uploads\/2026\/01\/cropped-IBEC_20ANYS_GRIS.png","contentUrl":"https:\/\/ibecbarcelona.eu\/wp-content\/uploads\/2026\/01\/cropped-IBEC_20ANYS_GRIS.png","width":696,"height":257,"caption":"Institute for Bioengineering of Catalonia"},"image":{"@id":"https:\/\/ibecbarcelona.eu\/#\/schema\/logo\/image\/"}}]}},"AFP_featured_media_urls":{"full":["https:\/\/ibecbarcelona.eu\/wp-content\/uploads\/2024\/02\/frontiers-programme-ibec-scaled.jpg",2560,1115,false],"thumbnail":["https:\/\/ibecbarcelona.eu\/wp-content\/uploads\/2024\/02\/frontiers-programme-ibec-150x150.jpg",150,150,true],"medium":["https:\/\/ibecbarcelona.eu\/wp-content\/uploads\/2024\/02\/frontiers-programme-ibec-300x131.jpg",300,131,true],"medium_large":["https:\/\/ibecbarcelona.eu\/wp-content\/uploads\/2024\/02\/frontiers-programme-ibec-768x335.jpg",768,335,true],"large":["https:\/\/ibecbarcelona.eu\/wp-content\/uploads\/2024\/02\/frontiers-programme-ibec-1024x446.jpg",1024,446,true]},"AFP_attachments":{"full":["https:\/\/ibecbarcelona.eu\/wp-content\/uploads\/2024\/02\/Captura-de-pantalla-2024-02-16-a-las-15.30.35.png",2732,948,false],"thumbnail":["https:\/\/ibecbarcelona.eu\/wp-content\/uploads\/2024\/02\/Captura-de-pantalla-2024-02-16-a-las-15.30.35-150x150.png",150,150,true],"medium":["https:\/\/ibecbarcelona.eu\/wp-content\/uploads\/2024\/02\/Captura-de-pantalla-2024-02-16-a-las-15.30.35-300x104.png",300,104,true],"medium_large":["https:\/\/ibecbarcelona.eu\/wp-content\/uploads\/2024\/02\/Captura-de-pantalla-2024-02-16-a-las-15.30.35-768x266.png",768,266,true],"large":["https:\/\/ibecbarcelona.eu\/wp-content\/uploads\/2024\/02\/Captura-de-pantalla-2024-02-16-a-las-15.30.35-1024x355.png",1024,355,true]},"AFP_videos":[],"AFP_video_blocks":"","AFP_category_names":[],"_links":{"self":[{"href":"https:\/\/ibecbarcelona.eu\/ca\/wp-json\/wp\/v2\/pages\/115540","targetHints":{"allow":["GET"]}}],"collection":[{"href":"https:\/\/ibecbarcelona.eu\/ca\/wp-json\/wp\/v2\/pages"}],"about":[{"href":"https:\/\/ibecbarcelona.eu\/ca\/wp-json\/wp\/v2\/types\/page"}],"author":[{"embeddable":true,"href":"https:\/\/ibecbarcelona.eu\/ca\/wp-json\/wp\/v2\/users\/4"}],"replies":[{"embeddable":true,"href":"https:\/\/ibecbarcelona.eu\/ca\/wp-json\/wp\/v2\/comments?post=115540"}],"version-history":[{"count":11,"href":"https:\/\/ibecbarcelona.eu\/ca\/wp-json\/wp\/v2\/pages\/115540\/revisions"}],"predecessor-version":[{"id":118787,"href":"https:\/\/ibecbarcelona.eu\/ca\/wp-json\/wp\/v2\/pages\/115540\/revisions\/118787"}],"up":[{"embeddable":true,"href":"https:\/\/ibecbarcelona.eu\/ca\/wp-json\/wp\/v2\/pages\/17491"}],"wp:featuredmedia":[{"embeddable":true,"href":"https:\/\/ibecbarcelona.eu\/ca\/wp-json\/wp\/v2\/media\/115566"}],"wp:attachment":[{"href":"https:\/\/ibecbarcelona.eu\/ca\/wp-json\/wp\/v2\/media?parent=115540"}],"wp:term":[{"taxonomy":"post_tag","embeddable":true,"href":"https:\/\/ibecbarcelona.eu\/ca\/wp-json\/wp\/v2\/tags?post=115540"}],"curies":[{"name":"wp","href":"https:\/\/api.w.org\/{rel}","templated":true}]}}