
{"id":12207,"date":"2020-08-28T13:12:29","date_gmt":"2020-08-28T11:12:29","guid":{"rendered":"http:\/\/ibecbarcelona.eu\/new\/?page_id=12207"},"modified":"2025-04-17T14:18:17","modified_gmt":"2025-04-17T12:18:17","slug":"services","status":"publish","type":"page","link":"https:\/\/ibecbarcelona.eu\/ca\/corefacilities\/","title":{"rendered":"Core Facilities"},"content":{"rendered":"\n<h4 class=\"wp-block-heading\">IBEC provides its researchers with extensive research facilities and a scientific\u2013technical infrastructure distributed over interdisciplinary open lab spaces. IBEC&#8217;s Core Facilities are designed and managed to facilitate research and promote the interaction and exchange of knowledge between IBEC scientists from different fields of expertise.<\/h4>\n\n\n\n<p>Space and resources shouldn\u2019t be a concern in the day-to-day work of our researchers. An important part of the work of IBEC\u2019s Core Facilities is managing this crucial area and facilitating it. Our researchers share not only the lab space itself but also equipment, bench space and qualified technical staff, thereby helping reducing research costs.<\/p>\n\n\n\n<p>IBEC&#8217;s Core Facilities are also characterized by their interdisciplinarity and versatility, a formula adopted that allows the Institute to carry out research of excellence and, at the same time, collaborate with industry to develop new diagnostic or treatment systems. IBEC Core Facilities are coordinated through a \u201csingle window&#8221; model, with the services currently organized into five thematic areas: Common Core Basics, Biospace, ChemSpace, Microfabspace, Microscopy Characterization, BioImaging and High Performance Analytical Platform.<\/p>\n\n\n\n<div class=\"wp-block-columns are-vertically-aligned-center is-layout-flex wp-container-core-columns-is-layout-9d6595d7 wp-block-columns-is-layout-flex\">\n<div class=\"wp-block-column is-vertically-aligned-center is-layout-flow wp-block-column-is-layout-flow\" style=\"flex-basis:150px\">\n<figure class=\"wp-block-image size-full is-resized\"><img decoding=\"async\" width=\"345\" height=\"367\" data-src=\"https:\/\/ibecbarcelona.eu\/wp-content\/uploads\/2023\/07\/sello_green-lab.png\" alt=\"\" class=\"wp-image-110080 lazyload\" style=\"--smush-placeholder-width: 345px; --smush-placeholder-aspect-ratio: 345\/367;width:150px\" data-srcset=\"https:\/\/ibecbarcelona.eu\/wp-content\/uploads\/2023\/07\/sello_green-lab.png 345w, https:\/\/ibecbarcelona.eu\/wp-content\/uploads\/2023\/07\/sello_green-lab-282x300.png 282w\" data-sizes=\"(max-width: 345px) 100vw, 345px\" src=\"data:image\/svg+xml;base64,PHN2ZyB3aWR0aD0iMSIgaGVpZ2h0PSIxIiB4bWxucz0iaHR0cDovL3d3dy53My5vcmcvMjAwMC9zdmciPjwvc3ZnPg==\" \/><\/figure>\n<\/div>\n\n\n\n<div class=\"wp-block-column is-vertically-aligned-center is-layout-flow wp-block-column-is-layout-flow\">\n<pre class=\"wp-block-verse has-small-font-size\">In May 2023, IBEC's Core Facilities&nbsp;obtained the sustainable laboratory certification -&nbsp;<a href=\"https:\/\/www.mygreenlab.org\/green-lab-certification.html\" target=\"_blank\" rel=\"noreferrer noopener\">My Green Lab Certification<\/a>, which evaluates the sustainable best practices in research laboratories. This certification was selected in 2021 as a key indicator of progress for the United Nations\u2019 Race to Zero campaign. The goal of this global campaign is to take rigorous and immediate action to halve global emissions by 2030 and reach the goal of a carbon-free world by 2050.<\/pre>\n<\/div>\n<\/div>\n\n\n\n<div style=\"height:50px\" aria-hidden=\"true\" class=\"wp-block-spacer\"><\/div>\n\n\n\n<p><strong>STAFF<\/strong><\/p>\n\n\n\n<hr class=\"wp-block-separator has-alpha-channel-opacity\"\/>\n\n\n<div style=\"clear:both; margin-bottom: 10px; \"><h5 style=\"margin-bottom:0; margin-top:40px;\">Head of Core Facilities <\/h5><\/div><a href=\"\/member\/?empID=125&Isabel+Oliveira\">Isabel Oliveira <\/a> <div style=\"clear:both; margin-bottom: 10px; \"><h5 style=\"margin-bottom:0; margin-top:40px;\">Microfab and Microscopy Characterization Facilities Coordinator <\/h5><\/div><a href=\"\/member\/?empID=194&Maria+Teresa+Gal%C3%A1n+Cascales\">Maria Teresa Gal\u00e1n Cascales<\/a> <div style=\"clear:both; margin-bottom: 10px; \"><h5 style=\"margin-bottom:0; margin-top:40px;\">Coordinadora Microscopia <\/h5><\/div><a href=\"\/member\/?empID=3225&Raquel+Imelda+Garc%C3%ADa+Olivas\">Raquel Imelda Garc\u00eda Olivas<\/a> <div style=\"clear:both; margin-bottom: 10px; \"><h5 style=\"margin-bottom:0; margin-top:40px;\"> Staff Members <\/h5><\/div><a href=\"\/member\/?empID=2911&Pau+Aguilar+Crespo\">Pau Aguilar Crespo<\/a><br \/> <a href=\"\/member\/?empID=1002&Ramona+Bravo+Rendo\">Ramona Bravo Rendo<\/a><br \/> <a href=\"\/member\/?empID=2077&Esther+Campanales+Fust%C3%A9\">Esther Campanales Fust\u00e9<\/a><br \/> <a href=\"\/member\/?empID=173&David+Izquierdo+Garcia\">David Izquierdo Garcia<\/a><br \/> <a href=\"\/member\/?empID=2270&Marina+Lantar%C3%B3n+Neumann\">Marina Lantar\u00f3n Neumann<\/a><br \/> <a href=\"\/member\/?empID=2449&Juan+Jos%C3%A9+L%C3%B3pez+Jim%C3%A9nez\">Juan Jos\u00e9 L\u00f3pez Jim\u00e9nez<\/a><br \/> <a href=\"\/member\/?empID=1389&Inmaculada+Moreno+Torres\">Inmaculada Moreno Torres<\/a><br \/> <a href=\"\/member\/?empID=2556&Emma+Oriol+Ferrero\">Emma Oriol Ferrero<\/a><br \/> <a href=\"\/member\/?empID=1044&Silvia+Pujals+Riat%C3%B3s\">Silvia Pujals Riat\u00f3s<\/a><br \/> <a href=\"\/member\/?empID=2937&Llessam%C3%AD+Sabe+el+leil+i+Adell\">Llessam\u00ed Sabe el leil i Adell <\/a><br \/> <a href=\"\/member\/?empID=1477&Sandra+Segura+Feliu\">Sandra Segura Feliu<\/a><br \/> \n\n\n\n<p><\/p>\n\n\n\n<div style=\"height:50px\" aria-hidden=\"true\" class=\"wp-block-spacer\"><\/div>\n\n\n\n<p><strong>PLATFORMS WE ARE PART OF<\/strong><\/p>\n\n\n\n<hr class=\"wp-block-separator has-alpha-channel-opacity\"\/>\n\n\n\n<p><img decoding=\"async\" width=\"170\" height=\"32\" class=\"wp-image-104616 lazyload\" style=\"--smush-placeholder-width: 170px; --smush-placeholder-aspect-ratio: 170\/32;width: 170px;\" data-src=\"https:\/\/ibecbarcelona.eu\/wp-content\/uploads\/2023\/02\/cercaginys_logo.png\" alt=\"\" data-srcset=\"https:\/\/ibecbarcelona.eu\/wp-content\/uploads\/2023\/02\/cercaginys_logo.png 307w, https:\/\/ibecbarcelona.eu\/wp-content\/uploads\/2023\/02\/cercaginys_logo-300x57.png 300w\" data-sizes=\"(max-width: 170px) 100vw, 170px\" src=\"data:image\/svg+xml;base64,PHN2ZyB3aWR0aD0iMSIgaGVpZ2h0PSIxIiB4bWxucz0iaHR0cDovL3d3dy53My5vcmcvMjAwMC9zdmciPjwvc3ZnPg==\" \/> As IBEC is part of CERCA system of research centers in Catalonia, its Core Facilities are integrated within the <a rel=\"noreferrer noopener\" href=\"https:\/\/ginys.cerca.cat\/\" target=\"_blank\">CERCAGINYS<\/a>, which is a platform for accessing the scientific and technical core facilities of the 39 CERCA centres. GINYS aims to optimize resources and open up platforms to external users, with a special focus on the industry.<\/p>\n\n\n\n<hr class=\"wp-block-separator has-alpha-channel-opacity\"\/>\n\n\n\n<p><img decoding=\"async\" width=\"150\" height=\"74\" class=\"wp-image-8647 lazyload\" style=\"--smush-placeholder-width: 150px; --smush-placeholder-aspect-ratio: 150\/74;width: 150px;\" data-src=\"https:\/\/ibecbarcelona.eu\/wp-content\/uploads\/2014\/12\/nanbiosis.jpg\" alt=\"\" data-srcset=\"https:\/\/ibecbarcelona.eu\/wp-content\/uploads\/2014\/12\/nanbiosis.jpg 177w, https:\/\/ibecbarcelona.eu\/wp-content\/uploads\/2014\/12\/nanbiosis-150x73.jpg 150w\" data-sizes=\"(max-width: 150px) 100vw, 150px\" src=\"data:image\/svg+xml;base64,PHN2ZyB3aWR0aD0iMSIgaGVpZ2h0PSIxIiB4bWxucz0iaHR0cDovL3d3dy53My5vcmcvMjAwMC9zdmciPjwvc3ZnPg==\" \/> <span style=\"font-size: inherit; background-color: var(--base-3); color: var(--contrast); font-family: -apple-system, system-ui, BlinkMacSystemFont, &quot;Segoe UI&quot;, Helvetica, Arial, sans-serif, &quot;Apple Color Emoji&quot;, &quot;Segoe UI Emoji&quot;, &quot;Segoe UI Symbol&quot;;\">MicroFabSpace and Microscopy Characterization Facilities are included in MINECO\u2019s updated ICTS (Infraestructuras Cient\u00edficas y T\u00e9cnicas Singulares) map as part of <\/span><a href=\"http:\/\/www.nanbiosis.es\">NANBIOSIS<\/a><span style=\"font-size: inherit; background-color: var(--base-3); color: var(--contrast); font-family: -apple-system, system-ui, BlinkMacSystemFont, &quot;Segoe UI&quot;, Helvetica, Arial, sans-serif, &quot;Apple Color Emoji&quot;, &quot;Segoe UI Emoji&quot;, &quot;Segoe UI Symbol&quot;;\">, an integrated platform for research-oriented medical applications.<\/span><\/p>\n\n\n\n<hr class=\"wp-block-separator has-alpha-channel-opacity\"\/>\n\n\n\n<p><\/p>\n","protected":false},"excerpt":{"rendered":"<p>IBEC provides its researchers with extensive research facilities and a scientific\u2013technical infrastructure distributed over interdisciplinary open lab spaces. IBEC&#8217;s Core Facilities are designed and managed to facilitate research and promote &#8230; <a title=\"Core Facilities\" class=\"read-more\" href=\"https:\/\/ibecbarcelona.eu\/ca\/corefacilities\/\" aria-label=\"More on Core Facilities\">Read more<\/a><\/p>\n","protected":false},"author":4,"featured_media":110065,"parent":0,"menu_order":0,"comment_status":"closed","ping_status":"closed","template":"","meta":{"footnotes":""},"tags":[],"class_list":["post-12207","page","type-page","status-publish","has-post-thumbnail"],"yoast_head":"<!-- This site is optimized with the Yoast SEO plugin v27.3 - https:\/\/yoast.com\/product\/yoast-seo-wordpress\/ -->\n<title>Core Facilities - Institute for Bioengineering of Catalonia<\/title>\n<meta name=\"description\" content=\"IBEC provides its researchers with extensive research facilities and a scientific\u2013technical infrastructure distributed over interdisciplinary open lab spaces. IBEC\u2019s Core Facilities are designed and managed to facilitate research and promote the interaction and exchange of knowledge between IBEC scientists from different fields of expertise.\" \/>\n<meta name=\"robots\" content=\"index, follow, max-snippet:-1, max-image-preview:large, max-video-preview:-1\" \/>\n<link rel=\"canonical\" href=\"https:\/\/ibecbarcelona.eu\/ca\/corefacilities\/\" \/>\n<meta property=\"og:locale\" content=\"ca_ES\" \/>\n<meta property=\"og:type\" content=\"article\" \/>\n<meta property=\"og:title\" content=\"Core Facilities - Institute for Bioengineering of Catalonia\" \/>\n<meta property=\"og:description\" content=\"IBEC provides its researchers with extensive research facilities and a scientific\u2013technical infrastructure distributed over interdisciplinary open lab spaces. IBEC\u2019s Core Facilities are designed and managed to facilitate research and promote the interaction and exchange of knowledge between IBEC scientists from different fields of expertise.\" \/>\n<meta property=\"og:url\" content=\"https:\/\/ibecbarcelona.eu\/ca\/corefacilities\/\" \/>\n<meta property=\"og:site_name\" content=\"Institute for Bioengineering of Catalonia\" \/>\n<meta property=\"article:modified_time\" content=\"2025-04-17T12:18:17+00:00\" \/>\n<meta property=\"og:image\" content=\"https:\/\/ibecbarcelona.eu\/wp-content\/uploads\/2023\/07\/facilities_ibec.jpg\" \/>\n\t<meta property=\"og:image:width\" content=\"1768\" \/>\n\t<meta property=\"og:image:height\" content=\"354\" \/>\n\t<meta property=\"og:image:type\" content=\"image\/jpeg\" \/>\n<meta name=\"twitter:card\" content=\"summary_large_image\" \/>\n<meta name=\"twitter:label1\" content=\"Temps estimat de lectura\" \/>\n\t<meta name=\"twitter:data1\" content=\"2 minuts\" \/>\n<script type=\"application\/ld+json\" class=\"yoast-schema-graph\">{\"@context\":\"https:\\\/\\\/schema.org\",\"@graph\":[{\"@type\":\"WebPage\",\"@id\":\"https:\\\/\\\/ibecbarcelona.eu\\\/ca\\\/corefacilities\\\/\",\"url\":\"https:\\\/\\\/ibecbarcelona.eu\\\/ca\\\/corefacilities\\\/\",\"name\":\"Core Facilities - Institute for Bioengineering of Catalonia\",\"isPartOf\":{\"@id\":\"https:\\\/\\\/ibecbarcelona.eu\\\/#website\"},\"primaryImageOfPage\":{\"@id\":\"https:\\\/\\\/ibecbarcelona.eu\\\/ca\\\/corefacilities\\\/#primaryimage\"},\"image\":{\"@id\":\"https:\\\/\\\/ibecbarcelona.eu\\\/ca\\\/corefacilities\\\/#primaryimage\"},\"thumbnailUrl\":\"https:\\\/\\\/ibecbarcelona.eu\\\/wp-content\\\/uploads\\\/2023\\\/07\\\/facilities_ibec.jpg\",\"datePublished\":\"2020-08-28T11:12:29+00:00\",\"dateModified\":\"2025-04-17T12:18:17+00:00\",\"description\":\"IBEC provides its researchers with extensive research facilities and a scientific\u2013technical infrastructure distributed over interdisciplinary open lab spaces. IBEC\u2019s Core Facilities are designed and managed to facilitate research and promote the interaction and exchange of knowledge between IBEC scientists from different fields of expertise.\",\"breadcrumb\":{\"@id\":\"https:\\\/\\\/ibecbarcelona.eu\\\/ca\\\/corefacilities\\\/#breadcrumb\"},\"inLanguage\":\"ca\",\"potentialAction\":[{\"@type\":\"ReadAction\",\"target\":[\"https:\\\/\\\/ibecbarcelona.eu\\\/ca\\\/corefacilities\\\/\"]}]},{\"@type\":\"ImageObject\",\"inLanguage\":\"ca\",\"@id\":\"https:\\\/\\\/ibecbarcelona.eu\\\/ca\\\/corefacilities\\\/#primaryimage\",\"url\":\"https:\\\/\\\/ibecbarcelona.eu\\\/wp-content\\\/uploads\\\/2023\\\/07\\\/facilities_ibec.jpg\",\"contentUrl\":\"https:\\\/\\\/ibecbarcelona.eu\\\/wp-content\\\/uploads\\\/2023\\\/07\\\/facilities_ibec.jpg\",\"width\":1768,\"height\":354},{\"@type\":\"BreadcrumbList\",\"@id\":\"https:\\\/\\\/ibecbarcelona.eu\\\/ca\\\/corefacilities\\\/#breadcrumb\",\"itemListElement\":[{\"@type\":\"ListItem\",\"position\":1,\"name\":\"Home\",\"item\":\"https:\\\/\\\/ibecbarcelona.eu\\\/ca\\\/\"},{\"@type\":\"ListItem\",\"position\":2,\"name\":\"Core Facilities\"}]},{\"@type\":\"WebSite\",\"@id\":\"https:\\\/\\\/ibecbarcelona.eu\\\/#website\",\"url\":\"https:\\\/\\\/ibecbarcelona.eu\\\/\",\"name\":\"Institute for Bioengineering of Catalonia\",\"description\":\"Bioengineering Solutions for Health\",\"publisher\":{\"@id\":\"https:\\\/\\\/ibecbarcelona.eu\\\/#organization\"},\"potentialAction\":[{\"@type\":\"SearchAction\",\"target\":{\"@type\":\"EntryPoint\",\"urlTemplate\":\"https:\\\/\\\/ibecbarcelona.eu\\\/?s={search_term_string}\"},\"query-input\":{\"@type\":\"PropertyValueSpecification\",\"valueRequired\":true,\"valueName\":\"search_term_string\"}}],\"inLanguage\":\"ca\"},{\"@type\":\"Organization\",\"@id\":\"https:\\\/\\\/ibecbarcelona.eu\\\/#organization\",\"name\":\"Institute for Bioengineering of Catalonia\",\"url\":\"https:\\\/\\\/ibecbarcelona.eu\\\/\",\"logo\":{\"@type\":\"ImageObject\",\"inLanguage\":\"ca\",\"@id\":\"https:\\\/\\\/ibecbarcelona.eu\\\/#\\\/schema\\\/logo\\\/image\\\/\",\"url\":\"https:\\\/\\\/ibecbarcelona.eu\\\/wp-content\\\/uploads\\\/2026\\\/01\\\/cropped-IBEC_20ANYS_GRIS.png\",\"contentUrl\":\"https:\\\/\\\/ibecbarcelona.eu\\\/wp-content\\\/uploads\\\/2026\\\/01\\\/cropped-IBEC_20ANYS_GRIS.png\",\"width\":696,\"height\":257,\"caption\":\"Institute for Bioengineering of Catalonia\"},\"image\":{\"@id\":\"https:\\\/\\\/ibecbarcelona.eu\\\/#\\\/schema\\\/logo\\\/image\\\/\"}}]}<\/script>\n<!-- \/ Yoast SEO plugin. -->","yoast_head_json":{"title":"Core Facilities - Institute for Bioengineering of Catalonia","description":"IBEC provides its researchers with extensive research facilities and a scientific\u2013technical infrastructure distributed over interdisciplinary open lab spaces. IBEC\u2019s Core Facilities are designed and managed to facilitate research and promote the interaction and exchange of knowledge between IBEC scientists from different fields of expertise.","robots":{"index":"index","follow":"follow","max-snippet":"max-snippet:-1","max-image-preview":"max-image-preview:large","max-video-preview":"max-video-preview:-1"},"canonical":"https:\/\/ibecbarcelona.eu\/ca\/corefacilities\/","og_locale":"ca_ES","og_type":"article","og_title":"Core Facilities - Institute for Bioengineering of Catalonia","og_description":"IBEC provides its researchers with extensive research facilities and a scientific\u2013technical infrastructure distributed over interdisciplinary open lab spaces. IBEC\u2019s Core Facilities are designed and managed to facilitate research and promote the interaction and exchange of knowledge between IBEC scientists from different fields of expertise.","og_url":"https:\/\/ibecbarcelona.eu\/ca\/corefacilities\/","og_site_name":"Institute for Bioengineering of Catalonia","article_modified_time":"2025-04-17T12:18:17+00:00","og_image":[{"width":1768,"height":354,"url":"https:\/\/ibecbarcelona.eu\/wp-content\/uploads\/2023\/07\/facilities_ibec.jpg","type":"image\/jpeg"}],"twitter_card":"summary_large_image","twitter_misc":{"Temps estimat de lectura":"2 minuts"},"schema":{"@context":"https:\/\/schema.org","@graph":[{"@type":"WebPage","@id":"https:\/\/ibecbarcelona.eu\/ca\/corefacilities\/","url":"https:\/\/ibecbarcelona.eu\/ca\/corefacilities\/","name":"Core Facilities - Institute for Bioengineering of Catalonia","isPartOf":{"@id":"https:\/\/ibecbarcelona.eu\/#website"},"primaryImageOfPage":{"@id":"https:\/\/ibecbarcelona.eu\/ca\/corefacilities\/#primaryimage"},"image":{"@id":"https:\/\/ibecbarcelona.eu\/ca\/corefacilities\/#primaryimage"},"thumbnailUrl":"https:\/\/ibecbarcelona.eu\/wp-content\/uploads\/2023\/07\/facilities_ibec.jpg","datePublished":"2020-08-28T11:12:29+00:00","dateModified":"2025-04-17T12:18:17+00:00","description":"IBEC provides its researchers with extensive research facilities and a scientific\u2013technical infrastructure distributed over interdisciplinary open lab spaces. IBEC\u2019s Core Facilities are designed and managed to facilitate research and promote the interaction and exchange of knowledge between IBEC scientists from different fields of expertise.","breadcrumb":{"@id":"https:\/\/ibecbarcelona.eu\/ca\/corefacilities\/#breadcrumb"},"inLanguage":"ca","potentialAction":[{"@type":"ReadAction","target":["https:\/\/ibecbarcelona.eu\/ca\/corefacilities\/"]}]},{"@type":"ImageObject","inLanguage":"ca","@id":"https:\/\/ibecbarcelona.eu\/ca\/corefacilities\/#primaryimage","url":"https:\/\/ibecbarcelona.eu\/wp-content\/uploads\/2023\/07\/facilities_ibec.jpg","contentUrl":"https:\/\/ibecbarcelona.eu\/wp-content\/uploads\/2023\/07\/facilities_ibec.jpg","width":1768,"height":354},{"@type":"BreadcrumbList","@id":"https:\/\/ibecbarcelona.eu\/ca\/corefacilities\/#breadcrumb","itemListElement":[{"@type":"ListItem","position":1,"name":"Home","item":"https:\/\/ibecbarcelona.eu\/ca\/"},{"@type":"ListItem","position":2,"name":"Core Facilities"}]},{"@type":"WebSite","@id":"https:\/\/ibecbarcelona.eu\/#website","url":"https:\/\/ibecbarcelona.eu\/","name":"Institute for Bioengineering of Catalonia","description":"Bioengineering Solutions for Health","publisher":{"@id":"https:\/\/ibecbarcelona.eu\/#organization"},"potentialAction":[{"@type":"SearchAction","target":{"@type":"EntryPoint","urlTemplate":"https:\/\/ibecbarcelona.eu\/?s={search_term_string}"},"query-input":{"@type":"PropertyValueSpecification","valueRequired":true,"valueName":"search_term_string"}}],"inLanguage":"ca"},{"@type":"Organization","@id":"https:\/\/ibecbarcelona.eu\/#organization","name":"Institute for Bioengineering of Catalonia","url":"https:\/\/ibecbarcelona.eu\/","logo":{"@type":"ImageObject","inLanguage":"ca","@id":"https:\/\/ibecbarcelona.eu\/#\/schema\/logo\/image\/","url":"https:\/\/ibecbarcelona.eu\/wp-content\/uploads\/2026\/01\/cropped-IBEC_20ANYS_GRIS.png","contentUrl":"https:\/\/ibecbarcelona.eu\/wp-content\/uploads\/2026\/01\/cropped-IBEC_20ANYS_GRIS.png","width":696,"height":257,"caption":"Institute for Bioengineering of Catalonia"},"image":{"@id":"https:\/\/ibecbarcelona.eu\/#\/schema\/logo\/image\/"}}]}},"AFP_featured_media_urls":{"full":["https:\/\/ibecbarcelona.eu\/wp-content\/uploads\/2023\/07\/facilities_ibec.jpg",1768,354,false],"thumbnail":["https:\/\/ibecbarcelona.eu\/wp-content\/uploads\/2023\/07\/facilities_ibec-150x150.jpg",150,150,true],"medium":["https:\/\/ibecbarcelona.eu\/wp-content\/uploads\/2023\/07\/facilities_ibec-300x60.jpg",300,60,true],"medium_large":["https:\/\/ibecbarcelona.eu\/wp-content\/uploads\/2023\/07\/facilities_ibec-768x154.jpg",768,154,true],"large":["https:\/\/ibecbarcelona.eu\/wp-content\/uploads\/2023\/07\/facilities_ibec-1024x205.jpg",1024,205,true]},"AFP_attachments":{"full":["https:\/\/ibecbarcelona.eu\/wp-content\/uploads\/2022\/07\/cerca-ginys-color-scaled.jpg",2560,302,false],"thumbnail":["https:\/\/ibecbarcelona.eu\/wp-content\/uploads\/2022\/07\/cerca-ginys-color-150x150.jpg",150,150,true],"medium":["https:\/\/ibecbarcelona.eu\/wp-content\/uploads\/2022\/07\/cerca-ginys-color-300x35.jpg",300,35,true],"medium_large":["https:\/\/ibecbarcelona.eu\/wp-content\/uploads\/2022\/07\/cerca-ginys-color-768x91.jpg",768,91,true],"large":["https:\/\/ibecbarcelona.eu\/wp-content\/uploads\/2022\/07\/cerca-ginys-color-1024x121.jpg",1024,121,true]},"AFP_videos":[],"AFP_video_blocks":"","AFP_category_names":[],"_links":{"self":[{"href":"https:\/\/ibecbarcelona.eu\/ca\/wp-json\/wp\/v2\/pages\/12207","targetHints":{"allow":["GET"]}}],"collection":[{"href":"https:\/\/ibecbarcelona.eu\/ca\/wp-json\/wp\/v2\/pages"}],"about":[{"href":"https:\/\/ibecbarcelona.eu\/ca\/wp-json\/wp\/v2\/types\/page"}],"author":[{"embeddable":true,"href":"https:\/\/ibecbarcelona.eu\/ca\/wp-json\/wp\/v2\/users\/4"}],"replies":[{"embeddable":true,"href":"https:\/\/ibecbarcelona.eu\/ca\/wp-json\/wp\/v2\/comments?post=12207"}],"version-history":[{"count":40,"href":"https:\/\/ibecbarcelona.eu\/ca\/wp-json\/wp\/v2\/pages\/12207\/revisions"}],"predecessor-version":[{"id":125385,"href":"https:\/\/ibecbarcelona.eu\/ca\/wp-json\/wp\/v2\/pages\/12207\/revisions\/125385"}],"wp:featuredmedia":[{"embeddable":true,"href":"https:\/\/ibecbarcelona.eu\/ca\/wp-json\/wp\/v2\/media\/110065"}],"wp:attachment":[{"href":"https:\/\/ibecbarcelona.eu\/ca\/wp-json\/wp\/v2\/media?parent=12207"}],"wp:term":[{"taxonomy":"post_tag","embeddable":true,"href":"https:\/\/ibecbarcelona.eu\/ca\/wp-json\/wp\/v2\/tags?post=12207"}],"curies":[{"name":"wp","href":"https:\/\/api.w.org\/{rel}","templated":true}]}}