
{"id":12229,"date":"2014-08-28T13:07:06","date_gmt":"2014-08-28T11:07:06","guid":{"rendered":"http:\/\/ibecbarcelona.eu\/new\/?page_id=12229"},"modified":"2018-11-16T12:11:16","modified_gmt":"2018-11-16T11:11:16","slug":"dona-suport","status":"publish","type":"page","link":"https:\/\/ibecbarcelona.eu\/ca\/dona-suport\/","title":{"rendered":"D\u00f3na suport"},"content":{"rendered":"<hr \/>\n<blockquote>\n<h3>\u00c9s fonamental que la recerca en bioenginyeria i nanomedicina rebi suport privat. Sense aquesta ajuda, la nostra missi\u00f3 de fer una recerca de qualitat que trobi solucions per a tecnologies m\u00e8diques innovadores i assequibles, esdev\u00e9 un repte insalvable.<\/h3>\n<div style=\"text-align: right;\"><em>Josep Samitier, Director of IBEC<\/em><\/div>\n<\/blockquote>\n<p><strong><img decoding=\"async\" class=\"alignleft wp-image-9422 size-full lazyload\" data-src=\"https:\/\/ibecbarcelona.eu\/wp-content\/uploads\/2015\/01\/giov.jpg\" alt=\"giov\" width=\"400\" height=\"331\" data-srcset=\"https:\/\/ibecbarcelona.eu\/wp-content\/uploads\/2015\/01\/giov.jpg 400w, https:\/\/ibecbarcelona.eu\/wp-content\/uploads\/2015\/01\/giov-300x248.jpg 300w, https:\/\/ibecbarcelona.eu\/wp-content\/uploads\/2015\/01\/giov-181x150.jpg 181w, https:\/\/ibecbarcelona.eu\/wp-content\/uploads\/2015\/01\/giov-150x124.jpg 150w\" data-sizes=\"(max-width: 400px) 100vw, 400px\" src=\"data:image\/svg+xml;base64,PHN2ZyB3aWR0aD0iMSIgaGVpZ2h0PSIxIiB4bWxucz0iaHR0cDovL3d3dy53My5vcmcvMjAwMC9zdmciPjwvc3ZnPg==\" style=\"--smush-placeholder-width: 400px; --smush-placeholder-aspect-ratio: 400\/331;\" \/>No pot haver-hi cap descobriment en ci\u00e8ncia que no estigui acompanyat d\u2019una recerca b\u00e0sica.<\/strong> La missi\u00f3 de l\u2019IBEC \u00e9s assolir l\u2019excel\u00b7l\u00e8ncia en els \u00e0mbits de la bioenginyeria i la nanomedicina: dur a terme una recerca que representi oportunitats mai abans previstes per a la societat i la salut humana.<\/p>\n<p>La tecnologia i qualitat de vida actuals s\u00f3n conseq\u00fc\u00e8ncia de la inversi\u00f3 destinada a ci\u00e8ncia en el passat. Donant suport a la recerca b\u00e0sica avui contribuir\u00e0s al progr\u00e9s del futur. Amb el teu suport far\u00e0s possible que els laboratoris de l\u2019IBEC aprofitin totes les oportunitats, reaccionin \u00e0gilment als r\u00e0pids aven\u00e7os del m\u00f3n cient\u00edfic i garanteixin un treball de primer nivell amb materials i equipament d\u2019\u00faltima generaci\u00f3.<\/p>\n<p><strong>Ajuda\u2019ns a mantenir-nos al capdavant de la recerca cient\u00edfica de qualitat.<\/strong><br \/>\nSi vols que parlem amb m\u00e9s detall de com podries contribuir positivament a la gran tasca que duu a terme l\u2019IBEC en bioenginyeria i nanomedicina, posa\u2019t en contacte amb:<\/p>\n<h6>Ana Gonz\u00e1lez, responsable de Finances | Ed. Administraci\u00f3 | Baldiri Reixac 10-12 | 08028 | Barcelona<br \/>\nT. +34 934 039 703 | <a href=\"mailto:amgonzalez@ibecbarcelona.eu\" target=\"_blank\" rel=\"noopener\">amgonzalez@ibecbarcelona.eu<\/a><\/h6>\n<div class=\"responsive-tabs\">\n<h2 class=\"tabtitle\">Faster Future<\/h2>\n<div class=\"tabcontent\">\n\n<p><strong><img decoding=\"async\" class=\"wp-image-56432 alignright lazyload\" data-src=\"https:\/\/ibecbarcelona.eu\/wp-content\/uploads\/2017\/11\/newsGT1-300x139.jpg\" alt=\"\" width=\"450\" height=\"209\" data-srcset=\"https:\/\/ibecbarcelona.eu\/wp-content\/uploads\/2017\/11\/newsGT1-300x139.jpg 300w, https:\/\/ibecbarcelona.eu\/wp-content\/uploads\/2017\/11\/newsGT1-230x107.jpg 230w, https:\/\/ibecbarcelona.eu\/wp-content\/uploads\/2017\/11\/newsGT1-150x70.jpg 150w, https:\/\/ibecbarcelona.eu\/wp-content\/uploads\/2017\/11\/newsGT1.jpg 650w\" data-sizes=\"(max-width: 450px) 100vw, 450px\" src=\"data:image\/svg+xml;base64,PHN2ZyB3aWR0aD0iMSIgaGVpZ2h0PSIxIiB4bWxucz0iaHR0cDovL3d3dy53My5vcmcvMjAwMC9zdmciPjwvc3ZnPg==\" style=\"--smush-placeholder-width: 450px; --smush-placeholder-aspect-ratio: 450\/209;\" \/>In 2017 IBEC launched Faster Future, a new initiative that aims to help accelerate research projects that are close to tackling major challenges in health.<\/strong><\/p>\n<p>In its <strong>first year<\/strong>, Faster Future raised money for a new solution for muscular dystrophy being developed in Javier Ramon\u2019s <a href=\"https:\/\/ibecbarcelona.eu\/biosensors\" target=\"_blank\" rel=\"noopener\">Biosensors for Bioengineering<\/a> group. Their \u2018muscle-on-a-chip\u2019 will use a patient\u2019s own cells to study myotonic dystrophy type 1, a progressive disability that begins in adulthood and affects 50,000 people in Spain alone.<\/p>\n<p>As well as modelling the patient\u2019s disease in a personalized way, the platform will also allow the study of different drugs or treatments in conditions that mimic the body as closely as possible, as well as offering a more reliable alternative to animal models.<\/p>\n<p><img decoding=\"async\" class=\"wp-image-59486 aligncenter lazyload\" data-src=\"https:\/\/ibecbarcelona.eu\/wp-content\/uploads\/2018\/06\/progress-bar-June-2018-300x29.jpg\" alt=\"\" width=\"800\" height=\"78\" data-srcset=\"https:\/\/ibecbarcelona.eu\/wp-content\/uploads\/2018\/06\/progress-bar-June-2018-300x29.jpg 300w, https:\/\/ibecbarcelona.eu\/wp-content\/uploads\/2018\/06\/progress-bar-June-2018-768x75.jpg 768w, https:\/\/ibecbarcelona.eu\/wp-content\/uploads\/2018\/06\/progress-bar-June-2018-1024x100.jpg 1024w, https:\/\/ibecbarcelona.eu\/wp-content\/uploads\/2018\/06\/progress-bar-June-2018-230x22.jpg 230w, https:\/\/ibecbarcelona.eu\/wp-content\/uploads\/2018\/06\/progress-bar-June-2018-150x15.jpg 150w, https:\/\/ibecbarcelona.eu\/wp-content\/uploads\/2018\/06\/progress-bar-June-2018.jpg 1464w\" data-sizes=\"(max-width: 800px) 100vw, 800px\" src=\"data:image\/svg+xml;base64,PHN2ZyB3aWR0aD0iMSIgaGVpZ2h0PSIxIiB4bWxucz0iaHR0cDovL3d3dy53My5vcmcvMjAwMC9zdmciPjwvc3ZnPg==\" style=\"--smush-placeholder-width: 800px; --smush-placeholder-aspect-ratio: 800\/78;\" \/><\/p>\n<p>The campaign, which opened on Giving Tuesday 2017, has raised over the 25,000\u20ac needed to carry out the last phases of the project: equipping the chip\u2019s muscle tissue with biosensors, validating the platform and drug testing.<\/p>\n<p><strong>If you&#8217;d like to learn more about the project or make a donation, please visit IBEC&#8217;s <a href=\"http:\/\/www.ibecbarcelona.org\" target=\"_blank\" rel=\"noopener\">Faster Future website<\/a>.<\/strong><\/p>\n\n<\/div><h2 class=\"tabtitle\">Altres maneres d'ajudar<\/h2>\n<div class=\"tabcontent\">\n\n<p><strong>Tens diverses possibilitats de canalitzar el teu suport segons les teves prefer\u00e8ncies i interessos personals:<\/strong><\/p>\n<ul>\n<li><em><span style=\"color: #afbd22;\">Patrocinant activitats de divulgaci\u00f3 entre nens i joves estudiants&#8230;<br \/>\n<\/span><\/em>Pots estimular el sorgiment de la pr\u00f2xima generaci\u00f3 de cient\u00edfics ajudant l\u2019IBEC perqu\u00e8 arribi als m\u00e9s joves mitjan\u00e7ant circuits i activitats de car\u00e0cter pr\u00e0ctic i engrescador.<\/li>\n<\/ul>\n<ul>\n<li><em><span style=\"color: #afbd22;\">Donant suport a esdeveniments internacionals en els camps de la ci\u00e8ncia i la tecnologia&#8230;<br \/>\n<\/span><\/em>Les empreses que volen arribar als destinataris interessats d\u2019arreu del m\u00f3n poden beneficiar-se de les oportunitats de visibilitat i <em>networking<\/em> que ofereix el nostre ampli programa de cursos i congressos. Descarrega\u2019t el fullet de patrocini per obtenir m\u00e9s informaci\u00f3 sobre com donar suport a les activitats de l\u2019IBEC:<br \/>\n<a href=\"https:\/\/ibecbarcelona.eu\/wp-content\/uploads\/2014\/11\/sponsorship-dossier-en.pdf\">Sponsorship dossier<\/a> (English)<br \/>\n<a href=\"https:\/\/ibecbarcelona.eu\/wp-content\/uploads\/2014\/11\/Sponsorship-dossier-CAT.pdf\">Dossier de patrocini<\/a> (Catal\u00e0)<br \/>\n<a href=\"https:\/\/ibecbarcelona.eu\/wp-content\/uploads\/2014\/11\/Sponsorship-dossier-ES.pdf\">Dossier de patrocinio<\/a> (Castellano)<\/li>\n<\/ul>\n<ul>\n<li><em><span style=\"color: #afbd22;\">Patrocinant programes de formaci\u00f3&#8230;<br \/>\n<\/span><\/em>La teva contribuci\u00f3, b\u00e9 donant suport a responsables de grup j\u00faniors mitjan\u00e7ant contractes <em>tenure track<\/em> o b\u00e9 patrocinant els nostres seminaris peri\u00f2dics amb pres\u00e8ncia d\u2019experts internacionals, pot beneficiar directament els joves investigadors.<\/li>\n<\/ul>\n\n<\/div><h2 class=\"tabtitle\">Incentius fiscals del patrocini<\/h2>\n<div class=\"tabcontent\">\n\n<p><em>Tractament fiscal de les donacions a la Fundaci\u00f3 IBEC<\/em><\/p>\n<p>La Fundaci\u00f3 IBEC \u00e9s una fundaci\u00f3 privada sense \u00e0nim de lucre emparada per la Llei 49\/2002, de 23 de desembre, de r\u00e8gim fiscal de les entitats sense finalitats lucratives i dels incentius fiscals al mecenatge.<\/p>\n<p>Amb l\u2019objectiu d\u2019impulsar la col\u00b7laboraci\u00f3 econ\u00f2mica amb les fundacions emparades per la citada llei, les donacions fetes a entitats d\u2019aquesta naturalesa tenen dret a deduccions en l\u2019impost sobre la renda (per a donants individuals) o en l\u2019impost de societats (per a donants corporatius).<\/p>\n<ul>\n<li><strong>1. Donants individuals<\/strong><\/li>\n<li>Els donants individuals tenen dret a una deducci\u00f3 fiscal del 75% en el seu IRPF en els primers 150 \u20ac donats i del 30% (35 % en cas de recurr\u00e8ncia) a partir dels primers 150 \u20ac donats. Per calcular la deducci\u00f3, els donants individuals han de tenir en compte que la base de deducci\u00f3 no pot superar el 10% de la seva base imposable. Addicionalment els residents a Catalunya podran aplicar-se un deducci\u00f3 extra del 25% sobre els % indicats anteriorment (75% + 25 % o 30% + 25%).<\/li>\n<li><strong>2. Donants corporatius <\/strong><br \/>\nEls donants corporatius tenen dret a una deducci\u00f3 fiscal del 35% en el seu impost de societats sobre l\u2019import donat. Els imports que es donin durant l\u2019exercici fiscal en vigor per\u00f2 que no tinguin dret a deducci\u00f3 perqu\u00e8 la base imposable no arriba al m\u00ednim necessari, podran aplicar-se en les liquidacions dels per\u00edodes impositius corresponents als 10 exercicis immediats o successius. De la mateixa manera que els individuals, els donants corporatius han de tenir present que la base de deducci\u00f3 no ha d\u2019excedir el 10% de la base imposable de l\u2019empresa per a l\u2019exercici fiscal corresponent, encara que els imports superiors a aquest l\u00edmit podran aplicar-se en les liquidacions corresponents dels 10 exercicis immediats o successius.<\/li>\n<\/ul>\n\n<\/div><h2 class=\"tabtitle\">Campanyes anteriors<\/h2>\n<div class=\"tabcontent\">\n\n<p><a href=\"https:\/\/ibecbarcelona.eu\/wp-content\/uploads\/2014\/11\/dermoglass.jpg\"><img decoding=\"async\" class=\"alignnone wp-image-2220 size-full lazyload\" data-src=\"https:\/\/ibecbarcelona.eu\/wp-content\/uploads\/2014\/11\/dermoglass.jpg\" alt=\"dermoglass\" width=\"1048\" height=\"828\" data-srcset=\"https:\/\/ibecbarcelona.eu\/wp-content\/uploads\/2014\/11\/dermoglass.jpg 1048w, https:\/\/ibecbarcelona.eu\/wp-content\/uploads\/2014\/11\/dermoglass-300x237.jpg 300w, https:\/\/ibecbarcelona.eu\/wp-content\/uploads\/2014\/11\/dermoglass-1024x809.jpg 1024w, https:\/\/ibecbarcelona.eu\/wp-content\/uploads\/2014\/11\/dermoglass-189x150.jpg 189w, https:\/\/ibecbarcelona.eu\/wp-content\/uploads\/2014\/11\/dermoglass-150x118.jpg 150w\" data-sizes=\"(max-width: 1048px) 100vw, 1048px\" src=\"data:image\/svg+xml;base64,PHN2ZyB3aWR0aD0iMSIgaGVpZ2h0PSIxIiB4bWxucz0iaHR0cDovL3d3dy53My5vcmcvMjAwMC9zdmciPjwvc3ZnPg==\" style=\"--smush-placeholder-width: 1048px; --smush-placeholder-aspect-ratio: 1048\/828;\" \/><\/a><\/p>\n<p>Consulteu les p\u00e0gines de Dermoglass a la plataforma <a href=\"http:\/\/goteo.org\/project\/dermoglass?lang=en\" target=\"_blank\" rel=\"noopener\">Goteo<\/a> i al <a href=\"https:\/\/www.facebook.com\/dermoglassproject?fref=ts\" target=\"_blank\" rel=\"noopener\">Facebook<\/a> per a con\u00e9ixer m\u00e9s.<\/p>\n<\/div><\/div>\n","protected":false},"excerpt":{"rendered":"<p>\u00c9s fonamental que la recerca en bioenginyeria i nanomedicina rebi suport privat. Sense aquesta ajuda, la nostra missi\u00f3 de fer una recerca de qualitat que trobi solucions per a tecnologies &#8230; <a title=\"D\u00f3na suport\" class=\"read-more\" href=\"https:\/\/ibecbarcelona.eu\/ca\/dona-suport\/\" aria-label=\"More on D\u00f3na suport\">Read more<\/a><\/p>\n","protected":false},"author":4,"featured_media":0,"parent":0,"menu_order":0,"comment_status":"closed","ping_status":"closed","template":"templates\/template-onecolumn.php","meta":{"footnotes":""},"tags":[],"class_list":["post-12229","page","type-page","status-publish"],"yoast_head":"<!-- This site is optimized with the Yoast SEO plugin v27.3 - https:\/\/yoast.com\/product\/yoast-seo-wordpress\/ -->\n<title>D\u00f3na suport - Institute for Bioengineering of Catalonia<\/title>\n<meta name=\"robots\" content=\"index, follow, max-snippet:-1, max-image-preview:large, max-video-preview:-1\" \/>\n<link rel=\"canonical\" href=\"https:\/\/ibecbarcelona.eu\/ca\/dona-suport\/\" \/>\n<meta property=\"og:locale\" content=\"ca_ES\" \/>\n<meta property=\"og:type\" content=\"article\" \/>\n<meta property=\"og:title\" content=\"D\u00f3na suport - Institute for Bioengineering of Catalonia\" \/>\n<meta property=\"og:description\" content=\"\u00c9s fonamental que la recerca en bioenginyeria i nanomedicina rebi suport privat. Sense aquesta ajuda, la nostra missi\u00f3 de fer una recerca de qualitat que trobi solucions per a tecnologies ... Read more\" \/>\n<meta property=\"og:url\" content=\"https:\/\/ibecbarcelona.eu\/ca\/dona-suport\/\" \/>\n<meta property=\"og:site_name\" content=\"Institute for Bioengineering of Catalonia\" \/>\n<meta property=\"article:modified_time\" content=\"2018-11-16T11:11:16+00:00\" \/>\n<meta property=\"og:image\" content=\"https:\/\/ibecbarcelona.eu\/wp-content\/uploads\/2015\/01\/giov.jpg\" \/>\n<meta name=\"twitter:card\" content=\"summary_large_image\" \/>\n<meta name=\"twitter:label1\" content=\"Temps estimat de lectura\" \/>\n\t<meta name=\"twitter:data1\" content=\"5 minuts\" \/>\n<script type=\"application\/ld+json\" class=\"yoast-schema-graph\">{\"@context\":\"https:\\\/\\\/schema.org\",\"@graph\":[{\"@type\":\"WebPage\",\"@id\":\"https:\\\/\\\/ibecbarcelona.eu\\\/ca\\\/dona-suport\\\/\",\"url\":\"https:\\\/\\\/ibecbarcelona.eu\\\/ca\\\/dona-suport\\\/\",\"name\":\"D\u00f3na suport - Institute for Bioengineering of Catalonia\",\"isPartOf\":{\"@id\":\"https:\\\/\\\/ibecbarcelona.eu\\\/#website\"},\"primaryImageOfPage\":{\"@id\":\"https:\\\/\\\/ibecbarcelona.eu\\\/ca\\\/dona-suport\\\/#primaryimage\"},\"image\":{\"@id\":\"https:\\\/\\\/ibecbarcelona.eu\\\/ca\\\/dona-suport\\\/#primaryimage\"},\"thumbnailUrl\":\"https:\\\/\\\/ibecbarcelona.eu\\\/wp-content\\\/uploads\\\/2015\\\/01\\\/giov.jpg\",\"datePublished\":\"2014-08-28T11:07:06+00:00\",\"dateModified\":\"2018-11-16T11:11:16+00:00\",\"breadcrumb\":{\"@id\":\"https:\\\/\\\/ibecbarcelona.eu\\\/ca\\\/dona-suport\\\/#breadcrumb\"},\"inLanguage\":\"ca\",\"potentialAction\":[{\"@type\":\"ReadAction\",\"target\":[\"https:\\\/\\\/ibecbarcelona.eu\\\/ca\\\/dona-suport\\\/\"]}]},{\"@type\":\"ImageObject\",\"inLanguage\":\"ca\",\"@id\":\"https:\\\/\\\/ibecbarcelona.eu\\\/ca\\\/dona-suport\\\/#primaryimage\",\"url\":\"https:\\\/\\\/ibecbarcelona.eu\\\/wp-content\\\/uploads\\\/2015\\\/01\\\/giov.jpg\",\"contentUrl\":\"https:\\\/\\\/ibecbarcelona.eu\\\/wp-content\\\/uploads\\\/2015\\\/01\\\/giov.jpg\"},{\"@type\":\"BreadcrumbList\",\"@id\":\"https:\\\/\\\/ibecbarcelona.eu\\\/ca\\\/dona-suport\\\/#breadcrumb\",\"itemListElement\":[{\"@type\":\"ListItem\",\"position\":1,\"name\":\"Home\",\"item\":\"https:\\\/\\\/ibecbarcelona.eu\\\/ca\\\/\"},{\"@type\":\"ListItem\",\"position\":2,\"name\":\"D\u00f3na suport\"}]},{\"@type\":\"WebSite\",\"@id\":\"https:\\\/\\\/ibecbarcelona.eu\\\/#website\",\"url\":\"https:\\\/\\\/ibecbarcelona.eu\\\/\",\"name\":\"Institute for Bioengineering of Catalonia\",\"description\":\"Bioengineering Solutions for Health\",\"publisher\":{\"@id\":\"https:\\\/\\\/ibecbarcelona.eu\\\/#organization\"},\"potentialAction\":[{\"@type\":\"SearchAction\",\"target\":{\"@type\":\"EntryPoint\",\"urlTemplate\":\"https:\\\/\\\/ibecbarcelona.eu\\\/?s={search_term_string}\"},\"query-input\":{\"@type\":\"PropertyValueSpecification\",\"valueRequired\":true,\"valueName\":\"search_term_string\"}}],\"inLanguage\":\"ca\"},{\"@type\":\"Organization\",\"@id\":\"https:\\\/\\\/ibecbarcelona.eu\\\/#organization\",\"name\":\"Institute for Bioengineering of Catalonia\",\"url\":\"https:\\\/\\\/ibecbarcelona.eu\\\/\",\"logo\":{\"@type\":\"ImageObject\",\"inLanguage\":\"ca\",\"@id\":\"https:\\\/\\\/ibecbarcelona.eu\\\/#\\\/schema\\\/logo\\\/image\\\/\",\"url\":\"https:\\\/\\\/ibecbarcelona.eu\\\/wp-content\\\/uploads\\\/2026\\\/01\\\/cropped-IBEC_20ANYS_GRIS.png\",\"contentUrl\":\"https:\\\/\\\/ibecbarcelona.eu\\\/wp-content\\\/uploads\\\/2026\\\/01\\\/cropped-IBEC_20ANYS_GRIS.png\",\"width\":696,\"height\":257,\"caption\":\"Institute for Bioengineering of Catalonia\"},\"image\":{\"@id\":\"https:\\\/\\\/ibecbarcelona.eu\\\/#\\\/schema\\\/logo\\\/image\\\/\"}}]}<\/script>\n<!-- \/ Yoast SEO plugin. -->","yoast_head_json":{"title":"D\u00f3na suport - Institute for Bioengineering of Catalonia","robots":{"index":"index","follow":"follow","max-snippet":"max-snippet:-1","max-image-preview":"max-image-preview:large","max-video-preview":"max-video-preview:-1"},"canonical":"https:\/\/ibecbarcelona.eu\/ca\/dona-suport\/","og_locale":"ca_ES","og_type":"article","og_title":"D\u00f3na suport - Institute for Bioengineering of Catalonia","og_description":"\u00c9s fonamental que la recerca en bioenginyeria i nanomedicina rebi suport privat. Sense aquesta ajuda, la nostra missi\u00f3 de fer una recerca de qualitat que trobi solucions per a tecnologies ... Read more","og_url":"https:\/\/ibecbarcelona.eu\/ca\/dona-suport\/","og_site_name":"Institute for Bioengineering of Catalonia","article_modified_time":"2018-11-16T11:11:16+00:00","og_image":[{"url":"https:\/\/ibecbarcelona.eu\/wp-content\/uploads\/2015\/01\/giov.jpg","type":"","width":"","height":""}],"twitter_card":"summary_large_image","twitter_misc":{"Temps estimat de lectura":"5 minuts"},"schema":{"@context":"https:\/\/schema.org","@graph":[{"@type":"WebPage","@id":"https:\/\/ibecbarcelona.eu\/ca\/dona-suport\/","url":"https:\/\/ibecbarcelona.eu\/ca\/dona-suport\/","name":"D\u00f3na suport - Institute for Bioengineering of Catalonia","isPartOf":{"@id":"https:\/\/ibecbarcelona.eu\/#website"},"primaryImageOfPage":{"@id":"https:\/\/ibecbarcelona.eu\/ca\/dona-suport\/#primaryimage"},"image":{"@id":"https:\/\/ibecbarcelona.eu\/ca\/dona-suport\/#primaryimage"},"thumbnailUrl":"https:\/\/ibecbarcelona.eu\/wp-content\/uploads\/2015\/01\/giov.jpg","datePublished":"2014-08-28T11:07:06+00:00","dateModified":"2018-11-16T11:11:16+00:00","breadcrumb":{"@id":"https:\/\/ibecbarcelona.eu\/ca\/dona-suport\/#breadcrumb"},"inLanguage":"ca","potentialAction":[{"@type":"ReadAction","target":["https:\/\/ibecbarcelona.eu\/ca\/dona-suport\/"]}]},{"@type":"ImageObject","inLanguage":"ca","@id":"https:\/\/ibecbarcelona.eu\/ca\/dona-suport\/#primaryimage","url":"https:\/\/ibecbarcelona.eu\/wp-content\/uploads\/2015\/01\/giov.jpg","contentUrl":"https:\/\/ibecbarcelona.eu\/wp-content\/uploads\/2015\/01\/giov.jpg"},{"@type":"BreadcrumbList","@id":"https:\/\/ibecbarcelona.eu\/ca\/dona-suport\/#breadcrumb","itemListElement":[{"@type":"ListItem","position":1,"name":"Home","item":"https:\/\/ibecbarcelona.eu\/ca\/"},{"@type":"ListItem","position":2,"name":"D\u00f3na suport"}]},{"@type":"WebSite","@id":"https:\/\/ibecbarcelona.eu\/#website","url":"https:\/\/ibecbarcelona.eu\/","name":"Institute for Bioengineering of Catalonia","description":"Bioengineering Solutions for Health","publisher":{"@id":"https:\/\/ibecbarcelona.eu\/#organization"},"potentialAction":[{"@type":"SearchAction","target":{"@type":"EntryPoint","urlTemplate":"https:\/\/ibecbarcelona.eu\/?s={search_term_string}"},"query-input":{"@type":"PropertyValueSpecification","valueRequired":true,"valueName":"search_term_string"}}],"inLanguage":"ca"},{"@type":"Organization","@id":"https:\/\/ibecbarcelona.eu\/#organization","name":"Institute for Bioengineering of Catalonia","url":"https:\/\/ibecbarcelona.eu\/","logo":{"@type":"ImageObject","inLanguage":"ca","@id":"https:\/\/ibecbarcelona.eu\/#\/schema\/logo\/image\/","url":"https:\/\/ibecbarcelona.eu\/wp-content\/uploads\/2026\/01\/cropped-IBEC_20ANYS_GRIS.png","contentUrl":"https:\/\/ibecbarcelona.eu\/wp-content\/uploads\/2026\/01\/cropped-IBEC_20ANYS_GRIS.png","width":696,"height":257,"caption":"Institute for Bioengineering of Catalonia"},"image":{"@id":"https:\/\/ibecbarcelona.eu\/#\/schema\/logo\/image\/"}}]}},"AFP_featured_media_urls":{"full":false,"thumbnail":false,"medium":false,"medium_large":false,"large":false},"AFP_attachments":{"full":["https:\/\/ibecbarcelona.eu\/wp-content\/uploads\/2015\/01\/bionic.jpg",210,43,false],"thumbnail":["https:\/\/ibecbarcelona.eu\/wp-content\/uploads\/2015\/01\/bionic-150x43.jpg",150,43,true],"medium":["https:\/\/ibecbarcelona.eu\/wp-content\/uploads\/2015\/01\/bionic.jpg",210,43,false],"medium_large":["https:\/\/ibecbarcelona.eu\/wp-content\/uploads\/2015\/01\/bionic.jpg",210,43,false],"large":["https:\/\/ibecbarcelona.eu\/wp-content\/uploads\/2015\/01\/bionic.jpg",210,43,false]},"AFP_videos":[],"AFP_video_blocks":"","AFP_category_names":[],"_links":{"self":[{"href":"https:\/\/ibecbarcelona.eu\/ca\/wp-json\/wp\/v2\/pages\/12229","targetHints":{"allow":["GET"]}}],"collection":[{"href":"https:\/\/ibecbarcelona.eu\/ca\/wp-json\/wp\/v2\/pages"}],"about":[{"href":"https:\/\/ibecbarcelona.eu\/ca\/wp-json\/wp\/v2\/types\/page"}],"author":[{"embeddable":true,"href":"https:\/\/ibecbarcelona.eu\/ca\/wp-json\/wp\/v2\/users\/4"}],"replies":[{"embeddable":true,"href":"https:\/\/ibecbarcelona.eu\/ca\/wp-json\/wp\/v2\/comments?post=12229"}],"version-history":[{"count":9,"href":"https:\/\/ibecbarcelona.eu\/ca\/wp-json\/wp\/v2\/pages\/12229\/revisions"}],"predecessor-version":[{"id":63405,"href":"https:\/\/ibecbarcelona.eu\/ca\/wp-json\/wp\/v2\/pages\/12229\/revisions\/63405"}],"wp:attachment":[{"href":"https:\/\/ibecbarcelona.eu\/ca\/wp-json\/wp\/v2\/media?parent=12229"}],"wp:term":[{"taxonomy":"post_tag","embeddable":true,"href":"https:\/\/ibecbarcelona.eu\/ca\/wp-json\/wp\/v2\/tags?post=12229"}],"curies":[{"name":"wp","href":"https:\/\/api.w.org\/{rel}","templated":true}]}}