
{"id":125314,"date":"2025-04-15T15:00:40","date_gmt":"2025-04-15T13:00:40","guid":{"rendered":"https:\/\/ibecbarcelona.eu\/?page_id=125314"},"modified":"2026-02-10T09:34:17","modified_gmt":"2026-02-10T08:34:17","slug":"bioenginyeria-al-territori","status":"publish","type":"page","link":"https:\/\/ibecbarcelona.eu\/ca\/societat-i-ciencia\/bioenginyeria-al-territori\/","title":{"rendered":"Bioenginyeria al Territori"},"content":{"rendered":"\n<h4 class=\"wp-block-heading\">El projecte <em><em>Bioenginyeria al Territori<\/em><\/em> t\u00e9 com a objectiu descentralitzar el coneixement cient\u00edfic i promoure l&#8217;educaci\u00f3 cient\u00edfica de manera igualit\u00e0ria arreu del territori. Volem garantir que tota la poblaci\u00f3, independentment de la seva ubicaci\u00f3 geogr\u00e0fica i perfil social, tingui acc\u00e9s a una educaci\u00f3 cient\u00edfica de qualitat.&nbsp;&nbsp;<\/h4>\n\n\n\n<p><em>Territori<\/em> \u00e9s un dels pilars fonamentals del projecte educatiu de l\u2019IBEC, amb el que volem contribuir a democratitzar la ci\u00e8ncia. Amb aquest programa, pretenem assegurar que l&#8217;educaci\u00f3 cient\u00edfica arribi de manera igualit\u00e0ria a tot el territori, evitant la centralitzaci\u00f3 d&#8217;iniciatives als grans nuclis urbans.&nbsp;<\/p>\n\n\n\n<p>Els nostres objectius:&nbsp;&nbsp;<\/p>\n\n\n\n<ul class=\"wp-block-list\">\n<li><strong>Democratitzar el coneixement<\/strong>&nbsp;<\/li>\n\n\n\n<li><strong>Apropar la ci\u00e8ncia a la societat<\/strong>&nbsp;<\/li>\n\n\n\n<li><strong>Fomentar i consolidar vocacions cient\u00edfiques entre els joves i les nenes<\/strong>&nbsp;<\/li>\n\n\n\n<li><strong>Promoure la inclusi\u00f3 i la igualtat d\u2019oportunitats&nbsp;<\/strong>&nbsp;<\/li>\n<\/ul>\n\n\n<div class=\"responsive-tabs\">\n<h2 class=\"tabtitle\">Escoles<\/h2>\n<div class=\"tabcontent\">\n\n\n\n\n<p>Aquesta iniciativa neix el 2021, quan l\u2019IBEC i el Secretariat d\u2019Escola Rural de Catalunya (SERC) signen un conveni de col\u00b7laboraci\u00f3 amb l\u2019objectiu de promoure activitats conjuntes per a les escoles rurals de prim\u00e0ria. L\u2019objectiu \u00e9s apropar la bioenginyeria a les escoles m\u00e9s petites i a aquelles que tenen menys acc\u00e9s a l\u2019entorn cient\u00edfic.&nbsp;&nbsp;<\/p>\n\n\n\n<p>Cada any, un equip d&#8217;investigadores i investigadors de l&#8217;IBEC viatja a diverses zones escolars rurals (ZER) de Catalunya per dur a terme tallers i activitats pr\u00e0ctiques de ci\u00e8ncia. Aix\u00ed, l\u2019alumnat de zones m\u00e9s allunyades poden gaudir d\u2019experi\u00e8ncies \u00faniques que els permeten con\u00e8ixer el m\u00f3n de la recerca i la tecnologia de primera m\u00e0.&nbsp;&nbsp;&nbsp;<\/p>\n\n\n\n<p>Fins el mar\u00e7 de 2025, hem realitzat activitats en 16 de les 88 <a href=\"https:\/\/xtec.gencat.cat\/ca\/curriculum\/escolarural\/sobre-les-escoles-rurals\/webszer\/\" target=\"_blank\" rel=\"noreferrer noopener\">ZERs existents actualment<\/a> a Catalunya, i en dues <a href=\"https:\/\/xtec.gencat.cat\/ca\/curriculum\/escolarural\/sobre-les-escoles-rurals\/websescoles\/\" target=\"_blank\" rel=\"noreferrer noopener\">escoles rurals<\/a>.&nbsp;&nbsp;&nbsp;&nbsp;<\/p>\n\n\n\n<font size=\"4\">Centres que ha visitat l&#8217;IBEC<\/font><br \/><iframe data-src=\"https:\/\/www.google.com\/maps\/d\/embed?mid=16tUJDtctD-qL4e3Gubqvovl4_Je7gEI&#038;ehbc=2E312F\" width=\"100%\" height=\"720\" src=\"data:image\/svg+xml;base64,PHN2ZyB3aWR0aD0iMSIgaGVpZ2h0PSIxIiB4bWxucz0iaHR0cDovL3d3dy53My5vcmcvMjAwMC9zdmciPjwvc3ZnPg==\" class=\"lazyload\" data-load-mode=\"1\"><\/iframe>\n\n\n\n<figure class=\"wp-block-gallery has-nested-images columns-3 is-cropped wp-block-gallery-1 is-layout-flex wp-block-gallery-is-layout-flex\">\n<figure class=\"wp-block-image size-large\"><img decoding=\"async\" width=\"768\" height=\"1024\" data-id=\"125320\" data-src=\"https:\/\/ibecbarcelona.eu\/wp-content\/uploads\/2025\/04\/IMG_1981-768x1024.jpeg\" alt=\"\" class=\"wp-image-125320 lazyload\" data-srcset=\"https:\/\/ibecbarcelona.eu\/wp-content\/uploads\/2025\/04\/IMG_1981-768x1024.jpeg 768w, https:\/\/ibecbarcelona.eu\/wp-content\/uploads\/2025\/04\/IMG_1981-225x300.jpeg 225w, https:\/\/ibecbarcelona.eu\/wp-content\/uploads\/2025\/04\/IMG_1981.jpeg 800w\" data-sizes=\"(max-width: 768px) 100vw, 768px\" src=\"data:image\/svg+xml;base64,PHN2ZyB3aWR0aD0iMSIgaGVpZ2h0PSIxIiB4bWxucz0iaHR0cDovL3d3dy53My5vcmcvMjAwMC9zdmciPjwvc3ZnPg==\" style=\"--smush-placeholder-width: 768px; --smush-placeholder-aspect-ratio: 768\/1024;\" \/><\/figure>\n\n\n\n<figure class=\"wp-block-image size-large\"><img decoding=\"async\" width=\"1024\" height=\"768\" data-id=\"125319\" data-src=\"https:\/\/ibecbarcelona.eu\/wp-content\/uploads\/2025\/04\/9-1024x768.jpeg\" alt=\"\" class=\"wp-image-125319 lazyload\" data-srcset=\"https:\/\/ibecbarcelona.eu\/wp-content\/uploads\/2025\/04\/9-1024x768.jpeg 1024w, https:\/\/ibecbarcelona.eu\/wp-content\/uploads\/2025\/04\/9-300x225.jpeg 300w, https:\/\/ibecbarcelona.eu\/wp-content\/uploads\/2025\/04\/9-768x576.jpeg 768w, https:\/\/ibecbarcelona.eu\/wp-content\/uploads\/2025\/04\/9.jpeg 1200w\" data-sizes=\"(max-width: 1024px) 100vw, 1024px\" src=\"data:image\/svg+xml;base64,PHN2ZyB3aWR0aD0iMSIgaGVpZ2h0PSIxIiB4bWxucz0iaHR0cDovL3d3dy53My5vcmcvMjAwMC9zdmciPjwvc3ZnPg==\" style=\"--smush-placeholder-width: 1024px; --smush-placeholder-aspect-ratio: 1024\/768;\" \/><\/figure>\n\n\n\n<figure class=\"wp-block-image size-large\"><img decoding=\"async\" width=\"768\" height=\"1024\" data-id=\"125328\" data-src=\"https:\/\/ibecbarcelona.eu\/wp-content\/uploads\/2025\/04\/20241126_155304-768x1024.jpg\" alt=\"\" class=\"wp-image-125328 lazyload\" data-srcset=\"https:\/\/ibecbarcelona.eu\/wp-content\/uploads\/2025\/04\/20241126_155304-768x1023.jpg 768w, https:\/\/ibecbarcelona.eu\/wp-content\/uploads\/2025\/04\/20241126_155304-225x300.jpg 225w, https:\/\/ibecbarcelona.eu\/wp-content\/uploads\/2025\/04\/20241126_155304.jpg 800w\" data-sizes=\"(max-width: 768px) 100vw, 768px\" src=\"data:image\/svg+xml;base64,PHN2ZyB3aWR0aD0iMSIgaGVpZ2h0PSIxIiB4bWxucz0iaHR0cDovL3d3dy53My5vcmcvMjAwMC9zdmciPjwvc3ZnPg==\" style=\"--smush-placeholder-width: 768px; --smush-placeholder-aspect-ratio: 768\/1024;\" \/><\/figure>\n\n\n\n<figure class=\"wp-block-image size-large\"><img decoding=\"async\" width=\"1024\" height=\"768\" data-id=\"125325\" data-src=\"https:\/\/ibecbarcelona.eu\/wp-content\/uploads\/2025\/04\/20241029_100130000_iOS-1024x768.jpg\" alt=\"\" class=\"wp-image-125325 lazyload\" data-srcset=\"https:\/\/ibecbarcelona.eu\/wp-content\/uploads\/2025\/04\/20241029_100130000_iOS-1024x768.jpg 1024w, https:\/\/ibecbarcelona.eu\/wp-content\/uploads\/2025\/04\/20241029_100130000_iOS-300x225.jpg 300w, https:\/\/ibecbarcelona.eu\/wp-content\/uploads\/2025\/04\/20241029_100130000_iOS-768x576.jpg 768w, https:\/\/ibecbarcelona.eu\/wp-content\/uploads\/2025\/04\/20241029_100130000_iOS.jpg 1200w\" data-sizes=\"(max-width: 1024px) 100vw, 1024px\" src=\"data:image\/svg+xml;base64,PHN2ZyB3aWR0aD0iMSIgaGVpZ2h0PSIxIiB4bWxucz0iaHR0cDovL3d3dy53My5vcmcvMjAwMC9zdmciPjwvc3ZnPg==\" style=\"--smush-placeholder-width: 1024px; --smush-placeholder-aspect-ratio: 1024\/768;\" \/><\/figure>\n<\/figure>\n\n\n\n<\/div><h2 class=\"tabtitle\">Projecte Bioenginyeria a les zones rurals<\/h2>\n<div class=\"tabcontent\">\n\n\n\n\n<p><strong>El projecte<\/strong><\/p>\n\n\n\n<p>El projecte \u201c<em>Bioenginyeria a les zones rurals: educaci\u00f3 i divulgaci\u00f3 cient\u00edfica a l\u2019abast de tothom<\/em>\u201d ha rebut el suport del Departament de recerca i Universitats de la Generalitat de Catalunya en la convocat\u00f2ria de 2023 \u201cAjuts per a projectes amb impacte social (IMPACTE)\u201d (<em>2023 IMPAC 00016<\/em>).&nbsp;<\/p>\n\n\n\n<p>En el marc del projecte, a m\u00e9s de les activitats educatives itinerants a les escoles, oferim una activitat educativa per a adults al mateix poble o a un poble proper a l&#8217;escola rural. En aquesta activitat, abordem els \u00faltims avan\u00e7os de la bioenginyeria per a la salut i l\u2019envelliment saludable, com s\u00f3n la bioimpressi\u00f3 3D i la regeneraci\u00f3 de teixits. L\u2019activitat finalitza amb un debat on recollim les opinions de la comunitat sobre aquesta recerca i les possibles futures ter\u00e0pies.&nbsp;&nbsp;<\/p>\n\n\n\n<p><a href=\"https:\/\/ibecbarcelona.eu\/wp-content\/uploads\/2026\/02\/Decaleg_escoles_rurals.pdf\">Dec\u00e0leg de bones pr\u00e0ctiques per a projectes educatius a escoles rurals<\/a><\/p>\n\n\n\n<figure class=\"wp-block-gallery has-nested-images columns-default is-cropped wp-block-gallery-2 is-layout-flex wp-block-gallery-is-layout-flex\">\n<figure class=\"wp-block-image size-large\"><img decoding=\"async\" width=\"1024\" height=\"768\" data-id=\"125339\" data-src=\"https:\/\/ibecbarcelona.eu\/wp-content\/uploads\/2025\/04\/IMG_6548-1024x768.jpeg\" alt=\"\" class=\"wp-image-125339 lazyload\" data-srcset=\"https:\/\/ibecbarcelona.eu\/wp-content\/uploads\/2025\/04\/IMG_6548-1024x768.jpeg 1024w, https:\/\/ibecbarcelona.eu\/wp-content\/uploads\/2025\/04\/IMG_6548-300x225.jpeg 300w, https:\/\/ibecbarcelona.eu\/wp-content\/uploads\/2025\/04\/IMG_6548-768x576.jpeg 768w, https:\/\/ibecbarcelona.eu\/wp-content\/uploads\/2025\/04\/IMG_6548.jpeg 1200w\" data-sizes=\"(max-width: 1024px) 100vw, 1024px\" src=\"data:image\/svg+xml;base64,PHN2ZyB3aWR0aD0iMSIgaGVpZ2h0PSIxIiB4bWxucz0iaHR0cDovL3d3dy53My5vcmcvMjAwMC9zdmciPjwvc3ZnPg==\" style=\"--smush-placeholder-width: 1024px; --smush-placeholder-aspect-ratio: 1024\/768;\" \/><\/figure>\n\n\n\n<figure class=\"wp-block-image size-large\"><img decoding=\"async\" width=\"768\" height=\"1024\" data-id=\"125336\" data-src=\"https:\/\/ibecbarcelona.eu\/wp-content\/uploads\/2025\/04\/IMG_6555-768x1024.jpeg\" alt=\"\" class=\"wp-image-125336 lazyload\" data-srcset=\"https:\/\/ibecbarcelona.eu\/wp-content\/uploads\/2025\/04\/IMG_6555-768x1024.jpeg 768w, https:\/\/ibecbarcelona.eu\/wp-content\/uploads\/2025\/04\/IMG_6555-225x300.jpeg 225w, https:\/\/ibecbarcelona.eu\/wp-content\/uploads\/2025\/04\/IMG_6555.jpeg 800w\" data-sizes=\"(max-width: 768px) 100vw, 768px\" src=\"data:image\/svg+xml;base64,PHN2ZyB3aWR0aD0iMSIgaGVpZ2h0PSIxIiB4bWxucz0iaHR0cDovL3d3dy53My5vcmcvMjAwMC9zdmciPjwvc3ZnPg==\" style=\"--smush-placeholder-width: 768px; --smush-placeholder-aspect-ratio: 768\/1024;\" \/><\/figure>\n\n\n\n<figure class=\"wp-block-image size-large\"><img decoding=\"async\" width=\"1024\" height=\"771\" data-id=\"125333\" data-src=\"https:\/\/ibecbarcelona.eu\/wp-content\/uploads\/2025\/04\/IMG-20241127-WA0004-1024x771.jpg\" alt=\"\" class=\"wp-image-125333 lazyload\" data-srcset=\"https:\/\/ibecbarcelona.eu\/wp-content\/uploads\/2025\/04\/IMG-20241127-WA0004-1024x771.jpg 1024w, https:\/\/ibecbarcelona.eu\/wp-content\/uploads\/2025\/04\/IMG-20241127-WA0004-300x226.jpg 300w, https:\/\/ibecbarcelona.eu\/wp-content\/uploads\/2025\/04\/IMG-20241127-WA0004-768x578.jpg 768w, https:\/\/ibecbarcelona.eu\/wp-content\/uploads\/2025\/04\/IMG-20241127-WA0004-1536x1157.jpg 1536w, https:\/\/ibecbarcelona.eu\/wp-content\/uploads\/2025\/04\/IMG-20241127-WA0004.jpg 2040w\" data-sizes=\"(max-width: 1024px) 100vw, 1024px\" src=\"data:image\/svg+xml;base64,PHN2ZyB3aWR0aD0iMSIgaGVpZ2h0PSIxIiB4bWxucz0iaHR0cDovL3d3dy53My5vcmcvMjAwMC9zdmciPjwvc3ZnPg==\" style=\"--smush-placeholder-width: 1024px; --smush-placeholder-aspect-ratio: 1024\/771;\" \/><\/figure>\n<\/figure>\n\n\n\n<figure class=\"wp-block-image size-full is-resized\"><img decoding=\"async\" width=\"740\" height=\"176\" data-src=\"https:\/\/ibecbarcelona.eu\/wp-content\/uploads\/2025\/04\/logo-generalitat-recerca.png\" alt=\"\" class=\"wp-image-125315 lazyload\" style=\"--smush-placeholder-width: 740px; --smush-placeholder-aspect-ratio: 740\/176;width:300px\" data-srcset=\"https:\/\/ibecbarcelona.eu\/wp-content\/uploads\/2025\/04\/logo-generalitat-recerca.png 740w, https:\/\/ibecbarcelona.eu\/wp-content\/uploads\/2025\/04\/logo-generalitat-recerca-300x71.png 300w\" data-sizes=\"(max-width: 740px) 100vw, 740px\" src=\"data:image\/svg+xml;base64,PHN2ZyB3aWR0aD0iMSIgaGVpZ2h0PSIxIiB4bWxucz0iaHR0cDovL3d3dy53My5vcmcvMjAwMC9zdmciPjwvc3ZnPg==\" \/><\/figure>\n\n\n\n<p><\/p>\n\n\n\n<p><strong>Jornada <em>Ci\u00e8ncia al Territori<\/em> <\/strong><\/p>\n\n\n\n<p>El proper 8 de novembre de 2025, la jornada \u201c<em>Ci\u00e8ncia al Territori: veus i experi\u00e8ncies a l\u2019escola rural<\/em>\u201d es convertir\u00e0 en punt de trobada per a la comunitat educativa, educadores i educadors, institucions i entitats que impulsen projectes i activitats STEAM arreu del territori.&nbsp;<\/p>\n\n\n\n<p>Aquest esdeveniment est\u00e0 coorganitzat per l\u2019Institut de Bioenginyeria de Catalunya (IBEC), el Secretariat d\u2019Escola Rural de Catalunya (SERC) i el Museu Terra de l\u2019Espluga de Francol\u00ed.&nbsp;&nbsp;&nbsp;&nbsp;<\/p>\n\n\n\n<p>M\u00e9s informaci\u00f3 i registre: <a href=\"https:\/\/events.ibecbarcelona.eu\/ciencia-al-territori\/\" target=\"_blank\" rel=\"noreferrer noopener\">https:\/\/events.ibecbarcelona.eu\/ciencia-al-territori\/<\/a>&nbsp;<\/p>\n\n\n\n<hr class=\"wp-block-separator has-alpha-channel-opacity\"\/>\n\n\n\n<p> <br>Si ets una escola rural interessada, no dubtis en posar-te en contacte amb nosaltres escrivint a: <a href=\"mailto:eduscience@ibecbarcelona.eu\">eduscience@ibecbarcelona.eu<\/a>&nbsp;<\/p>\n\n\n\n<p><strong>Recursos<\/strong>:&nbsp;<\/p>\n\n\n\n<ul class=\"wp-block-list\">\n<li><a href=\"https:\/\/ibecbarcelona.eu\/wp-content\/uploads\/2023\/07\/Questionaris_activitat_CAT.pdf\"><\/a><a href=\"https:\/\/criatures.ara.cat\/escola\/projecte-portar-bioenginyeria-escoles-rurals_130_4320430.html\" target=\"_blank\" rel=\"noreferrer noopener\">Un projecte per portar la bioenginyeria a les escoles rurals&nbsp;<\/a><\/li>\n\n\n\n<li><a href=\"https:\/\/ibecbarcelona.eu\/wp-content\/uploads\/2025\/04\/Escoles_Rurals_ARA_2022.pdf\" target=\"_blank\" rel=\"noreferrer noopener\">Un projecte per portar la bioenginyeria a les escoles rurals (PDF)<\/a><\/li>\n<\/ul>\n\n\n<\/div><\/div>\n\n\n\n<p><\/p>\n","protected":false},"excerpt":{"rendered":"<p>El projecte Bioenginyeria al Territori t\u00e9 com a objectiu descentralitzar el coneixement cient\u00edfic i promoure l&#8217;educaci\u00f3 cient\u00edfica de manera igualit\u00e0ria arreu del territori. Volem garantir que tota la poblaci\u00f3, independentment &#8230; <a title=\"Bioenginyeria al Territori\" class=\"read-more\" href=\"https:\/\/ibecbarcelona.eu\/ca\/societat-i-ciencia\/bioenginyeria-al-territori\/\" aria-label=\"More on Bioenginyeria al Territori\">Read more<\/a><\/p>\n","protected":false},"author":26,"featured_media":125374,"parent":17491,"menu_order":0,"comment_status":"closed","ping_status":"closed","template":"","meta":{"footnotes":""},"tags":[],"class_list":["post-125314","page","type-page","status-publish","has-post-thumbnail"],"yoast_head":"<!-- This site is optimized with the Yoast SEO plugin v27.3 - https:\/\/yoast.com\/product\/yoast-seo-wordpress\/ -->\n<title>Bioenginyeria al Territori - Institute for Bioengineering of Catalonia<\/title>\n<meta name=\"robots\" content=\"index, follow, max-snippet:-1, max-image-preview:large, max-video-preview:-1\" \/>\n<link rel=\"canonical\" href=\"https:\/\/ibecbarcelona.eu\/ca\/societat-i-ciencia\/bioenginyeria-al-territori\/\" \/>\n<meta property=\"og:locale\" content=\"ca_ES\" \/>\n<meta property=\"og:type\" content=\"article\" \/>\n<meta property=\"og:title\" content=\"Bioenginyeria al Territori - Institute for Bioengineering of Catalonia\" \/>\n<meta property=\"og:description\" content=\"El projecte Bioenginyeria al Territori t\u00e9 com a objectiu descentralitzar el coneixement cient\u00edfic i promoure l&#8217;educaci\u00f3 cient\u00edfica de manera igualit\u00e0ria arreu del territori. Volem garantir que tota la poblaci\u00f3, independentment ... Read more\" \/>\n<meta property=\"og:url\" content=\"https:\/\/ibecbarcelona.eu\/ca\/societat-i-ciencia\/bioenginyeria-al-territori\/\" \/>\n<meta property=\"og:site_name\" content=\"Institute for Bioengineering of Catalonia\" \/>\n<meta property=\"article:modified_time\" content=\"2026-02-10T08:34:17+00:00\" \/>\n<meta property=\"og:image\" content=\"https:\/\/ibecbarcelona.eu\/wp-content\/uploads\/2025\/04\/cienciaterritori.jpg\" \/>\n\t<meta property=\"og:image:width\" content=\"2000\" \/>\n\t<meta property=\"og:image:height\" content=\"400\" \/>\n\t<meta property=\"og:image:type\" content=\"image\/jpeg\" \/>\n<meta name=\"twitter:card\" content=\"summary_large_image\" \/>\n<meta name=\"twitter:label1\" content=\"Temps estimat de lectura\" \/>\n\t<meta name=\"twitter:data1\" content=\"5 minuts\" \/>\n<script type=\"application\/ld+json\" class=\"yoast-schema-graph\">{\"@context\":\"https:\\\/\\\/schema.org\",\"@graph\":[{\"@type\":\"WebPage\",\"@id\":\"https:\\\/\\\/ibecbarcelona.eu\\\/ca\\\/societat-i-ciencia\\\/bioenginyeria-al-territori\\\/\",\"url\":\"https:\\\/\\\/ibecbarcelona.eu\\\/ca\\\/societat-i-ciencia\\\/bioenginyeria-al-territori\\\/\",\"name\":\"Bioenginyeria al Territori - Institute for Bioengineering of Catalonia\",\"isPartOf\":{\"@id\":\"https:\\\/\\\/ibecbarcelona.eu\\\/#website\"},\"primaryImageOfPage\":{\"@id\":\"https:\\\/\\\/ibecbarcelona.eu\\\/ca\\\/societat-i-ciencia\\\/bioenginyeria-al-territori\\\/#primaryimage\"},\"image\":{\"@id\":\"https:\\\/\\\/ibecbarcelona.eu\\\/ca\\\/societat-i-ciencia\\\/bioenginyeria-al-territori\\\/#primaryimage\"},\"thumbnailUrl\":\"https:\\\/\\\/ibecbarcelona.eu\\\/wp-content\\\/uploads\\\/2025\\\/04\\\/cienciaterritori.jpg\",\"datePublished\":\"2025-04-15T13:00:40+00:00\",\"dateModified\":\"2026-02-10T08:34:17+00:00\",\"breadcrumb\":{\"@id\":\"https:\\\/\\\/ibecbarcelona.eu\\\/ca\\\/societat-i-ciencia\\\/bioenginyeria-al-territori\\\/#breadcrumb\"},\"inLanguage\":\"ca\",\"potentialAction\":[{\"@type\":\"ReadAction\",\"target\":[\"https:\\\/\\\/ibecbarcelona.eu\\\/ca\\\/societat-i-ciencia\\\/bioenginyeria-al-territori\\\/\"]}]},{\"@type\":\"ImageObject\",\"inLanguage\":\"ca\",\"@id\":\"https:\\\/\\\/ibecbarcelona.eu\\\/ca\\\/societat-i-ciencia\\\/bioenginyeria-al-territori\\\/#primaryimage\",\"url\":\"https:\\\/\\\/ibecbarcelona.eu\\\/wp-content\\\/uploads\\\/2025\\\/04\\\/cienciaterritori.jpg\",\"contentUrl\":\"https:\\\/\\\/ibecbarcelona.eu\\\/wp-content\\\/uploads\\\/2025\\\/04\\\/cienciaterritori.jpg\",\"width\":2000,\"height\":400},{\"@type\":\"BreadcrumbList\",\"@id\":\"https:\\\/\\\/ibecbarcelona.eu\\\/ca\\\/societat-i-ciencia\\\/bioenginyeria-al-territori\\\/#breadcrumb\",\"itemListElement\":[{\"@type\":\"ListItem\",\"position\":1,\"name\":\"Home\",\"item\":\"https:\\\/\\\/ibecbarcelona.eu\\\/ca\\\/\"},{\"@type\":\"ListItem\",\"position\":2,\"name\":\"Societat i Ci\u00e8ncia\",\"item\":\"https:\\\/\\\/ibecbarcelona.eu\\\/ca\\\/societat-i-ciencia\\\/\"},{\"@type\":\"ListItem\",\"position\":3,\"name\":\"Bioenginyeria al Territori\"}]},{\"@type\":\"WebSite\",\"@id\":\"https:\\\/\\\/ibecbarcelona.eu\\\/#website\",\"url\":\"https:\\\/\\\/ibecbarcelona.eu\\\/\",\"name\":\"Institute for Bioengineering of Catalonia\",\"description\":\"Bioengineering Solutions for Health\",\"publisher\":{\"@id\":\"https:\\\/\\\/ibecbarcelona.eu\\\/#organization\"},\"potentialAction\":[{\"@type\":\"SearchAction\",\"target\":{\"@type\":\"EntryPoint\",\"urlTemplate\":\"https:\\\/\\\/ibecbarcelona.eu\\\/?s={search_term_string}\"},\"query-input\":{\"@type\":\"PropertyValueSpecification\",\"valueRequired\":true,\"valueName\":\"search_term_string\"}}],\"inLanguage\":\"ca\"},{\"@type\":\"Organization\",\"@id\":\"https:\\\/\\\/ibecbarcelona.eu\\\/#organization\",\"name\":\"Institute for Bioengineering of Catalonia\",\"url\":\"https:\\\/\\\/ibecbarcelona.eu\\\/\",\"logo\":{\"@type\":\"ImageObject\",\"inLanguage\":\"ca\",\"@id\":\"https:\\\/\\\/ibecbarcelona.eu\\\/#\\\/schema\\\/logo\\\/image\\\/\",\"url\":\"https:\\\/\\\/ibecbarcelona.eu\\\/wp-content\\\/uploads\\\/2026\\\/01\\\/cropped-IBEC_20ANYS_GRIS.png\",\"contentUrl\":\"https:\\\/\\\/ibecbarcelona.eu\\\/wp-content\\\/uploads\\\/2026\\\/01\\\/cropped-IBEC_20ANYS_GRIS.png\",\"width\":696,\"height\":257,\"caption\":\"Institute for Bioengineering of Catalonia\"},\"image\":{\"@id\":\"https:\\\/\\\/ibecbarcelona.eu\\\/#\\\/schema\\\/logo\\\/image\\\/\"}}]}<\/script>\n<!-- \/ Yoast SEO plugin. -->","yoast_head_json":{"title":"Bioenginyeria al Territori - Institute for Bioengineering of Catalonia","robots":{"index":"index","follow":"follow","max-snippet":"max-snippet:-1","max-image-preview":"max-image-preview:large","max-video-preview":"max-video-preview:-1"},"canonical":"https:\/\/ibecbarcelona.eu\/ca\/societat-i-ciencia\/bioenginyeria-al-territori\/","og_locale":"ca_ES","og_type":"article","og_title":"Bioenginyeria al Territori - Institute for Bioengineering of Catalonia","og_description":"El projecte Bioenginyeria al Territori t\u00e9 com a objectiu descentralitzar el coneixement cient\u00edfic i promoure l&#8217;educaci\u00f3 cient\u00edfica de manera igualit\u00e0ria arreu del territori. Volem garantir que tota la poblaci\u00f3, independentment ... Read more","og_url":"https:\/\/ibecbarcelona.eu\/ca\/societat-i-ciencia\/bioenginyeria-al-territori\/","og_site_name":"Institute for Bioengineering of Catalonia","article_modified_time":"2026-02-10T08:34:17+00:00","og_image":[{"width":2000,"height":400,"url":"https:\/\/ibecbarcelona.eu\/wp-content\/uploads\/2025\/04\/cienciaterritori.jpg","type":"image\/jpeg"}],"twitter_card":"summary_large_image","twitter_misc":{"Temps estimat de lectura":"5 minuts"},"schema":{"@context":"https:\/\/schema.org","@graph":[{"@type":"WebPage","@id":"https:\/\/ibecbarcelona.eu\/ca\/societat-i-ciencia\/bioenginyeria-al-territori\/","url":"https:\/\/ibecbarcelona.eu\/ca\/societat-i-ciencia\/bioenginyeria-al-territori\/","name":"Bioenginyeria al Territori - Institute for Bioengineering of Catalonia","isPartOf":{"@id":"https:\/\/ibecbarcelona.eu\/#website"},"primaryImageOfPage":{"@id":"https:\/\/ibecbarcelona.eu\/ca\/societat-i-ciencia\/bioenginyeria-al-territori\/#primaryimage"},"image":{"@id":"https:\/\/ibecbarcelona.eu\/ca\/societat-i-ciencia\/bioenginyeria-al-territori\/#primaryimage"},"thumbnailUrl":"https:\/\/ibecbarcelona.eu\/wp-content\/uploads\/2025\/04\/cienciaterritori.jpg","datePublished":"2025-04-15T13:00:40+00:00","dateModified":"2026-02-10T08:34:17+00:00","breadcrumb":{"@id":"https:\/\/ibecbarcelona.eu\/ca\/societat-i-ciencia\/bioenginyeria-al-territori\/#breadcrumb"},"inLanguage":"ca","potentialAction":[{"@type":"ReadAction","target":["https:\/\/ibecbarcelona.eu\/ca\/societat-i-ciencia\/bioenginyeria-al-territori\/"]}]},{"@type":"ImageObject","inLanguage":"ca","@id":"https:\/\/ibecbarcelona.eu\/ca\/societat-i-ciencia\/bioenginyeria-al-territori\/#primaryimage","url":"https:\/\/ibecbarcelona.eu\/wp-content\/uploads\/2025\/04\/cienciaterritori.jpg","contentUrl":"https:\/\/ibecbarcelona.eu\/wp-content\/uploads\/2025\/04\/cienciaterritori.jpg","width":2000,"height":400},{"@type":"BreadcrumbList","@id":"https:\/\/ibecbarcelona.eu\/ca\/societat-i-ciencia\/bioenginyeria-al-territori\/#breadcrumb","itemListElement":[{"@type":"ListItem","position":1,"name":"Home","item":"https:\/\/ibecbarcelona.eu\/ca\/"},{"@type":"ListItem","position":2,"name":"Societat i Ci\u00e8ncia","item":"https:\/\/ibecbarcelona.eu\/ca\/societat-i-ciencia\/"},{"@type":"ListItem","position":3,"name":"Bioenginyeria al Territori"}]},{"@type":"WebSite","@id":"https:\/\/ibecbarcelona.eu\/#website","url":"https:\/\/ibecbarcelona.eu\/","name":"Institute for Bioengineering of Catalonia","description":"Bioengineering Solutions for Health","publisher":{"@id":"https:\/\/ibecbarcelona.eu\/#organization"},"potentialAction":[{"@type":"SearchAction","target":{"@type":"EntryPoint","urlTemplate":"https:\/\/ibecbarcelona.eu\/?s={search_term_string}"},"query-input":{"@type":"PropertyValueSpecification","valueRequired":true,"valueName":"search_term_string"}}],"inLanguage":"ca"},{"@type":"Organization","@id":"https:\/\/ibecbarcelona.eu\/#organization","name":"Institute for Bioengineering of Catalonia","url":"https:\/\/ibecbarcelona.eu\/","logo":{"@type":"ImageObject","inLanguage":"ca","@id":"https:\/\/ibecbarcelona.eu\/#\/schema\/logo\/image\/","url":"https:\/\/ibecbarcelona.eu\/wp-content\/uploads\/2026\/01\/cropped-IBEC_20ANYS_GRIS.png","contentUrl":"https:\/\/ibecbarcelona.eu\/wp-content\/uploads\/2026\/01\/cropped-IBEC_20ANYS_GRIS.png","width":696,"height":257,"caption":"Institute for Bioengineering of Catalonia"},"image":{"@id":"https:\/\/ibecbarcelona.eu\/#\/schema\/logo\/image\/"}}]}},"AFP_featured_media_urls":{"full":["https:\/\/ibecbarcelona.eu\/wp-content\/uploads\/2025\/04\/cienciaterritori.jpg",2000,400,false],"thumbnail":["https:\/\/ibecbarcelona.eu\/wp-content\/uploads\/2025\/04\/cienciaterritori-150x150.jpg",150,150,true],"medium":["https:\/\/ibecbarcelona.eu\/wp-content\/uploads\/2025\/04\/cienciaterritori-300x60.jpg",300,60,true],"medium_large":["https:\/\/ibecbarcelona.eu\/wp-content\/uploads\/2025\/04\/cienciaterritori-768x154.jpg",768,154,true],"large":["https:\/\/ibecbarcelona.eu\/wp-content\/uploads\/2025\/04\/cienciaterritori-1024x205.jpg",1024,205,true]},"AFP_attachments":{"full":["https:\/\/ibecbarcelona.eu\/wp-content\/uploads\/2025\/04\/logo-generalitat-recerca.png",740,176,false],"thumbnail":["https:\/\/ibecbarcelona.eu\/wp-content\/uploads\/2025\/04\/logo-generalitat-recerca-150x150.png",150,150,true],"medium":["https:\/\/ibecbarcelona.eu\/wp-content\/uploads\/2025\/04\/logo-generalitat-recerca-300x71.png",300,71,true],"medium_large":["https:\/\/ibecbarcelona.eu\/wp-content\/uploads\/2025\/04\/logo-generalitat-recerca.png",740,176,false],"large":["https:\/\/ibecbarcelona.eu\/wp-content\/uploads\/2025\/04\/logo-generalitat-recerca.png",740,176,false]},"AFP_videos":[],"AFP_video_blocks":"","AFP_category_names":[],"_links":{"self":[{"href":"https:\/\/ibecbarcelona.eu\/ca\/wp-json\/wp\/v2\/pages\/125314","targetHints":{"allow":["GET"]}}],"collection":[{"href":"https:\/\/ibecbarcelona.eu\/ca\/wp-json\/wp\/v2\/pages"}],"about":[{"href":"https:\/\/ibecbarcelona.eu\/ca\/wp-json\/wp\/v2\/types\/page"}],"author":[{"embeddable":true,"href":"https:\/\/ibecbarcelona.eu\/ca\/wp-json\/wp\/v2\/users\/26"}],"replies":[{"embeddable":true,"href":"https:\/\/ibecbarcelona.eu\/ca\/wp-json\/wp\/v2\/comments?post=125314"}],"version-history":[{"count":24,"href":"https:\/\/ibecbarcelona.eu\/ca\/wp-json\/wp\/v2\/pages\/125314\/revisions"}],"predecessor-version":[{"id":131878,"href":"https:\/\/ibecbarcelona.eu\/ca\/wp-json\/wp\/v2\/pages\/125314\/revisions\/131878"}],"up":[{"embeddable":true,"href":"https:\/\/ibecbarcelona.eu\/ca\/wp-json\/wp\/v2\/pages\/17491"}],"wp:featuredmedia":[{"embeddable":true,"href":"https:\/\/ibecbarcelona.eu\/ca\/wp-json\/wp\/v2\/media\/125374"}],"wp:attachment":[{"href":"https:\/\/ibecbarcelona.eu\/ca\/wp-json\/wp\/v2\/media?parent=125314"}],"wp:term":[{"taxonomy":"post_tag","embeddable":true,"href":"https:\/\/ibecbarcelona.eu\/ca\/wp-json\/wp\/v2\/tags?post=125314"}],"curies":[{"name":"wp","href":"https:\/\/api.w.org\/{rel}","templated":true}]}}