
{"id":128677,"date":"2025-09-30T09:49:39","date_gmt":"2025-09-30T07:49:39","guid":{"rendered":"https:\/\/ibecbarcelona.eu\/?page_id=128677"},"modified":"2026-01-16T14:01:07","modified_gmt":"2026-01-16T13:01:07","slug":"biointegrated-materials-and-engineering","status":"publish","type":"page","link":"https:\/\/ibecbarcelona.eu\/fermat\/","title":{"rendered":"Biointegrated Materials and Engineering"},"content":{"rendered":"<div class=\"responsive-tabs\">\n<h2 class=\"tabtitle\">About<\/h2>\n<div class=\"tabcontent\">\n\n\n\n\n<h4 class=\"wp-block-heading\">At the Biointegrated Materials and Engineering Lab (a.k.a., the Fermart Lab), we believe that materials science and engineering define the boundaries of technological progress and shape the nature of societies. Just as human epochs have been characterized by revolutions in material usage\u2014from stone to bronze, iron, and silicon\/plastic\u2014so too will our coming era be defined by the integration of biological principles and living components into engineered systems. We have named this emerging period the \u201c<a href=\"https:\/\/doi.org\/10.1016\/j.matt.2020.04.009\" target=\"_blank\" rel=\"noreferrer noopener\">Biomaterial Age<\/a>.\u201d<\/h4>\n\n\n\n<p>In our laboratory, materials science provides both the conceptual basis for studying natural phenomena and the practical foundation for engineering applications. We study natural systems at molecular, cellular, and organismal scales, drawing on tools and insights from animal physiology, ecology, standardised materials testing (e.g., ASTM methods), software and robotics, and cellular and synthetic biology. From these investigations, we pursue two intertwined goals:<\/p>\n\n\n\n<ul class=\"wp-block-list\">\n<li>Fundamental discovery: advancing the understanding of the molecular and mechanistic principles that underlie natural materials and biological function.<\/li>\n<\/ul>\n\n\n\n<ul class=\"wp-block-list\">\n<li>Technological translation: embedding biological components, native designs, self-assembling biomolecules, and bioinspired processes into new materials, manufacturing systems, and devices.<\/li>\n<\/ul>\n\n\n\n<p>Our research spans applications in medical engineering (e.g., biomaterials for implants or tissue interfaces), sustainability (biointegrated materials and circular manufacturing), and even planetary colonization (materials and production methods suited for off-planet life support, habitat construction, or extreme environmental conditions). We harness abundant naturally occurring molecules, their evolutionary architectures, and their native synthesis processes to generate materials and methods that integrate seamlessly into their host environments\u2014whether the human body or an ecosystem.<\/p>\n\n\n\n<p>The Biointegrated Materials and Engineering Lab is both the origin and the forefront of the Biomaterial Age, shaping a revolution in materials and manufacturing that has been recognized as \u201cthe future of manufacturing\u201d and \u201cthe missing piece of the circular economy.\u201d<\/p>\n\n\n\n<p><\/p>\n\n\n\n<\/div><h2 class=\"tabtitle\">Staff<\/h2>\n<div class=\"tabcontent\">\n\n\n\n<script> document.title = document.title + '- Javier  Gomez  Fernandez '; <\/script> <div class=\"member\"><div class=\"member-img\"> <img decoding=\"async\" src=\"\"><\/div><h2 class=\"member-name\">Javier  Gomez  Fernandez <\/h2> <div class=\"member-position\">Group Leader\/ICREA Research Pr<\/div> <div class=\"member-info\"> <div class=\"member-email icon-left\"><span class=\"dashicons dashicons-email-alt\"><\/span>jgomez<img decoding=\"async\" data-src=\"\/img\/arroba.png\" src=\"data:image\/svg+xml;base64,PHN2ZyB3aWR0aD0iMSIgaGVpZ2h0PSIxIiB4bWxucz0iaHR0cDovL3d3dy53My5vcmcvMjAwMC9zdmciPjwvc3ZnPg==\" class=\"lazyload\">ibecbarcelona.eu<\/div><div class=\"member-email icon-left\"><span class=\"dashicons dashicons-admin-users\"><\/span><a href=\"\/member\/?empID=22&Javier+Gomez+Fernandez\">Researcher profile<\/a><\/div><\/div><\/div><div class=\"group-staff-member\"><a href=\"\/member\/?empID=3255\">Ard\u00e8vol Teijelo, Marta<\/a> <\/div><div class=\"group-staff-member\"><a href=\"\/member\/?empID=22\">Gomez Fernandez, Javier<\/a> <\/div><div class=\"group-staff-member\"><a href=\"\/member\/?empID=3150\">Kompa , Akshayakumar<\/a> <\/div><div class=\"group-staff-member\"><a href=\"\/member\/?empID=3022\">Ram\u00edrez Rosales, Angela Mar\u00eda<\/a> <\/div><div class=\"group-staff-member\"><a href=\"\/member\/?empID=3113\">Ravindran , Revathi<\/a> <\/div><div class=\"group-staff-member\"><a href=\"\/member\/?empID=3141\">Reghunandanan , Keerthy<\/a> <\/div>\n\n\n\n<\/div><h2 class=\"tabtitle\">Publications<\/h2>\n<div class=\"tabcontent\">\n\n\n\n\n<pre class=\"wp-block-preformatted\">Check for more detailed information on the <a href=\"https:\/\/outputs.ibecbarcelona.eu\/en\/ipublic\/entity\/15529\" target=\"_blank\" rel=\"noreferrer noopener\">outputs of the Group<\/a> at <strong>IBEC CRIS<\/strong> portal.<\/pre>\n\n\n\n<p><strong>Publications list:<\/strong><\/p>\n\n\n<div class=\"loadpubs\"><\/div><script>\n    var url=\"https:\/\/ibecbarcelona.eu\/wp-content\/plugins\/ibec\/pubs\/biointegrated-materials-and-engineering.html\";\n    jQuery(document).ready(function(){\n            jQuery(\".loadpubs\").load(url);\n    });\n    <\/script>\n\n\n\n<\/div><h2 class=\"tabtitle\">Collaborations<\/h2>\n<div class=\"tabcontent\">\n\n\n\n\n<ul class=\"wp-block-list\">\n<li>Massachusetts&nbsp;Institute of Technology, Harvard University, Wyss Institute, Singapore University of Technology&nbsp;and Design, National University of Singapore<\/li>\n<\/ul>\n\n\n\n<\/div><h2 class=\"tabtitle\">News<\/h2>\n<div class=\"tabcontent\">\n\n\n\n<div id=\"gutentastic-grid-0\" class=\"wp-block-gutentastic-post-layouts grid_style4   gutentastic-grid\" data-layout=\"grid_style4\" data-columns=\"1\" data-readmore=\"\" style=\"--block-title-color:var(--accent);--block-text-color:var(--contrast-2);--block-hover-color:var(--contrast-2);--item-gap : 0.5px; --item-gap-negative : -0.5px; --item-margin-bottom : 1px; --item-height: 285px; --image-height:; --columns-number:1;\"><div id=\"grid-posts\" class=\"grid-posts grid-column-12\"><article id=\"grid-article-131941\" class=\"post-item  grid-column-1 grid_style4 \" data-id=\"131941\" data-category=\"96\"><div class=\"post-content-area left\"><a class=\"post-link\" target=\"_self\" href=https:\/\/ibecbarcelona.eu\/ca\/un-material-biologico-que-aumenta-su-fuerza-cuando-se-moja-podria-sustituir-al-plastico><div class=\"hover-excerpt\">Un nou estudi liderat per l&#8217;Institut de Bioenginyeria de Catalunya (IBEC) ha presentat el primer biomaterial que no nom\u00e9s \u00e9s resistent a l&#8217;aigua, sin\u00f3 que es torna m\u00e9s fort en entrar en contacte amb l&#8217;aigua. El material s&#8217;obt\u00e9 mitjan\u00e7ant la incorporaci\u00f3 de n\u00edquel en l&#8217;estructura del quitosan, un pol\u00edmer derivat de la quitina que s&#8217;obt\u00e9 de les deixalles de closques de gambes. El desenvolupament d&#8217;aquest nou biomaterial, publicat a Nature Communications, mostra com els materials sostenibles poden connectar amb el seu entorn i aprofitar-lo, utilitzant l&#8217;aigua que els envolta per aconseguir un rendiment mec\u00e0nic superior al dels pl\u00e0stics convencionals i trencant amb la mentalitat de l&#8217;era del pl\u00e0stic basada a a\u00efllar els materials del medi ambient.<\/div><\/a><div class=\"post-image\"><img decoding=\"async\" width=\"1024\" height=\"768\" data-src=\"https:\/\/ibecbarcelona.eu\/wp-content\/uploads\/2026\/02\/JFernandez-AKompa-1024x768.jpg\" class=\"attachment-large size-large wp-post-image lazyload\" alt=\"\" data-srcset=\"https:\/\/ibecbarcelona.eu\/wp-content\/uploads\/2026\/02\/JFernandez-AKompa-1024x768.jpg 1024w, https:\/\/ibecbarcelona.eu\/wp-content\/uploads\/2026\/02\/JFernandez-AKompa-300x225.jpg 300w, https:\/\/ibecbarcelona.eu\/wp-content\/uploads\/2026\/02\/JFernandez-AKompa-768x576.jpg 768w, https:\/\/ibecbarcelona.eu\/wp-content\/uploads\/2026\/02\/JFernandez-AKompa-1536x1152.jpg 1536w, https:\/\/ibecbarcelona.eu\/wp-content\/uploads\/2026\/02\/JFernandez-AKompa-2048x1536.jpg 2048w\" data-sizes=\"(max-width: 1024px) 100vw, 1024px\" src=\"data:image\/svg+xml;base64,PHN2ZyB3aWR0aD0iMSIgaGVpZ2h0PSIxIiB4bWxucz0iaHR0cDovL3d3dy53My5vcmcvMjAwMC9zdmciPjwvc3ZnPg==\" style=\"--smush-placeholder-width: 1024px; --smush-placeholder-aspect-ratio: 1024\/768;\" \/> <\/div><div class=\"inner-post-content\"><div class=\"post-meta post-meta-category below\"><div class=\"post-meta-time-author\"><div class=\"time_meta\"><time datetime=\"2026-02-18T11:00:00+01:00\">febr. 18, 2026<\/time><\/div><\/div><\/div><h2 class=\"post-title\"><a href=\"https:\/\/ibecbarcelona.eu\/ca\/un-material-biologico-que-aumenta-su-fuerza-cuando-se-moja-podria-sustituir-al-plastico\" target=\"_self\" rel=\"bookmark\">Un material biol\u00f2gic que augmenta la seva for\u00e7a quan es mulla podria substituir el pl\u00e0stic<\/a><\/h2> <div class=\"post-excerpt\"><p>Un nou estudi liderat per l&#8217;Institut de Bioenginyeria de Catalunya (IBEC) ha presentat el primer biomaterial que no nom\u00e9s \u00e9s resistent a l&#8217;aigua, sin\u00f3 que es torna m\u00e9s fort en entrar en contacte amb l&#8217;aigua. El material s&#8217;obt\u00e9 mitjan\u00e7ant la incorporaci\u00f3 de n\u00edquel en l&#8217;estructura del quitosan, un pol\u00edmer derivat de la quitina que s&#8217;obt\u00e9 de les deixalles de closques de gambes. El desenvolupament d&#8217;aquest nou biomaterial, publicat a Nature Communications, mostra com els materials sostenibles poden connectar amb el seu entorn i aprofitar-lo, utilitzant l&#8217;aigua que els envolta per aconseguir un rendiment mec\u00e0nic superior al dels pl\u00e0stics convencionals i trencant amb la mentalitat de l&#8217;era del pl\u00e0stic basada a a\u00efllar els materials del medi ambient.<\/p><\/div><\/div><\/div><\/article><article id=\"grid-article-129735\" class=\"post-item  grid-column-1 grid_style4 \" data-id=\"129735\" data-category=\"98\"><div class=\"post-content-area left\"><a class=\"post-link\" target=\"_self\" href=https:\/\/ibecbarcelona.eu\/ca\/ibec-incorpora-dos-nous-grups-de-recerca><div class=\"hover-excerpt\">El 2025 l&#8217;Institut de Bioenginyeria de Catalunya (IBEC) ha donat la benvinguda a dos nous grups de recerca liderats, respectivament, pel professor de recerca ICREA Javier G. Fern\u00e1ndez i el Dr. Nicol\u00f2 Accanto. El grup de Materials i Enginyeria Biointegrats, de Fern\u00e1ndez, busca integrar principis biol\u00f2gics i components vius en sistemes d&#8217;enginyeria, donant lloc al que anomenen l&#8217;Era dels Biomaterials. El grup d&#8217;Accanto, Fot\u00f2nica No Lineal per a Neuroci\u00e8ncia, busca desenvolupar tecnologies \u00f2ptiques avan\u00e7ades que permetin desentranyar els mecanismes que regeixen l&#8217;activitat neuronal.<\/div><\/a><div class=\"post-image\"><img decoding=\"async\" width=\"1024\" height=\"576\" data-src=\"https:\/\/ibecbarcelona.eu\/wp-content\/uploads\/2025\/11\/NAccanto-JFernandez-1024x576.jpg\" class=\"attachment-large size-large wp-post-image lazyload\" alt=\"\" data-srcset=\"https:\/\/ibecbarcelona.eu\/wp-content\/uploads\/2025\/11\/NAccanto-JFernandez-1024x576.jpg 1024w, https:\/\/ibecbarcelona.eu\/wp-content\/uploads\/2025\/11\/NAccanto-JFernandez-300x169.jpg 300w, https:\/\/ibecbarcelona.eu\/wp-content\/uploads\/2025\/11\/NAccanto-JFernandez-768x432.jpg 768w, https:\/\/ibecbarcelona.eu\/wp-content\/uploads\/2025\/11\/NAccanto-JFernandez.jpg 1344w\" data-sizes=\"(max-width: 1024px) 100vw, 1024px\" src=\"data:image\/svg+xml;base64,PHN2ZyB3aWR0aD0iMSIgaGVpZ2h0PSIxIiB4bWxucz0iaHR0cDovL3d3dy53My5vcmcvMjAwMC9zdmciPjwvc3ZnPg==\" style=\"--smush-placeholder-width: 1024px; --smush-placeholder-aspect-ratio: 1024\/576;\" \/> <\/div><div class=\"inner-post-content\"><div class=\"post-meta post-meta-category below\"><div class=\"post-meta-time-author\"><div class=\"time_meta\"><time datetime=\"2025-11-18T11:11:13+01:00\">nov. 18, 2025<\/time><\/div><\/div><\/div><h2 class=\"post-title\"><a href=\"https:\/\/ibecbarcelona.eu\/ca\/ibec-incorpora-dos-nous-grups-de-recerca\" target=\"_self\" rel=\"bookmark\">L&#8217;IBEC incorpora dos nous grups de recerca<\/a><\/h2> <div class=\"post-excerpt\"><p>El 2025 l&#8217;Institut de Bioenginyeria de Catalunya (IBEC) ha donat la benvinguda a dos nous grups de recerca liderats, respectivament, pel professor de recerca ICREA Javier G. Fern\u00e1ndez i el Dr. Nicol\u00f2 Accanto. El grup de Materials i Enginyeria Biointegrats, de Fern\u00e1ndez, busca integrar principis biol\u00f2gics i components vius en sistemes d&#8217;enginyeria, donant lloc al que anomenen l&#8217;Era dels Biomaterials. El grup d&#8217;Accanto, Fot\u00f2nica No Lineal per a Neuroci\u00e8ncia, busca desenvolupar tecnologies \u00f2ptiques avan\u00e7ades que permetin desentranyar els mecanismes que regeixen l&#8217;activitat neuronal.<\/p><\/div><\/div><\/div><\/article><div class=\"gutentastic-pagination-loading-container\"><\/div><\/div><div class=\"gutentastic-pagination center gutentastic-navigation gutentastic-pagination-style1 ajax 0\" data-paged=\"1\"><\/div><\/div>\n\n\n<\/div><h2 class=\"tabtitle\">Jobs<\/h2>\n<div class=\"tabcontent\">\n\n\n\n\n<h6 class=\"wp-block-heading\"><\/h6>\n\n\n\n\n<\/div><\/div>\n\n\n\n<p><\/p>\n","protected":false},"excerpt":{"rendered":"<p>At the Biointegrated Materials and Engineering Lab (a.k.a., the Fermart Lab), we believe that materials science and engineering define the boundaries of technological progress and shape the nature of societies. &#8230; <a title=\"Biointegrated Materials and Engineering\" class=\"read-more\" href=\"https:\/\/ibecbarcelona.eu\/fermat\/\" aria-label=\"More on Biointegrated Materials and Engineering\">Read more<\/a><\/p>\n","protected":false},"author":26,"featured_media":0,"parent":531,"menu_order":0,"comment_status":"closed","ping_status":"closed","template":"","meta":{"footnotes":""},"tags":[2166,2168],"class_list":["post-128677","page","type-page","status-publish","tag-biointegrated-materials-and-engineering","tag-javier-g-fernandez"],"yoast_head":"<!-- This site is optimized with the Yoast SEO plugin v27.3 - https:\/\/yoast.com\/product\/yoast-seo-wordpress\/ -->\n<title>Biointegrated Materials and Engineering - Institute for Bioengineering of Catalonia<\/title>\n<meta name=\"robots\" content=\"index, follow, max-snippet:-1, max-image-preview:large, max-video-preview:-1\" \/>\n<link rel=\"canonical\" href=\"https:\/\/ibecbarcelona.eu\/fermat\/\" \/>\n<meta property=\"og:locale\" content=\"ca_ES\" \/>\n<meta property=\"og:type\" content=\"article\" \/>\n<meta property=\"og:title\" content=\"Biointegrated Materials and Engineering - Institute for Bioengineering of Catalonia\" \/>\n<meta property=\"og:description\" content=\"At the Biointegrated Materials and Engineering Lab (a.k.a., the Fermart Lab), we believe that materials science and engineering define the boundaries of technological progress and shape the nature of societies. ... Read more\" \/>\n<meta property=\"og:url\" content=\"https:\/\/ibecbarcelona.eu\/fermat\/\" \/>\n<meta property=\"og:site_name\" content=\"Institute for Bioengineering of Catalonia\" \/>\n<meta property=\"article:modified_time\" content=\"2026-01-16T13:01:07+00:00\" \/>\n<meta name=\"twitter:card\" content=\"summary_large_image\" \/>\n<meta name=\"twitter:label1\" content=\"Temps estimat de lectura\" \/>\n\t<meta name=\"twitter:data1\" content=\"2 minuts\" \/>\n<script type=\"application\/ld+json\" class=\"yoast-schema-graph\">{\"@context\":\"https:\\\/\\\/schema.org\",\"@graph\":[{\"@type\":\"WebPage\",\"@id\":\"https:\\\/\\\/ibecbarcelona.eu\\\/fermat\\\/\",\"url\":\"https:\\\/\\\/ibecbarcelona.eu\\\/fermat\\\/\",\"name\":\"Biointegrated Materials and Engineering - Institute for Bioengineering of Catalonia\",\"isPartOf\":{\"@id\":\"https:\\\/\\\/ibecbarcelona.eu\\\/#website\"},\"datePublished\":\"2025-09-30T07:49:39+00:00\",\"dateModified\":\"2026-01-16T13:01:07+00:00\",\"breadcrumb\":{\"@id\":\"https:\\\/\\\/ibecbarcelona.eu\\\/fermat\\\/#breadcrumb\"},\"inLanguage\":\"ca\",\"potentialAction\":[{\"@type\":\"ReadAction\",\"target\":[\"https:\\\/\\\/ibecbarcelona.eu\\\/fermat\\\/\"]}]},{\"@type\":\"BreadcrumbList\",\"@id\":\"https:\\\/\\\/ibecbarcelona.eu\\\/fermat\\\/#breadcrumb\",\"itemListElement\":[{\"@type\":\"ListItem\",\"position\":1,\"name\":\"Home\",\"item\":\"https:\\\/\\\/ibecbarcelona.eu\\\/ca\\\/\"},{\"@type\":\"ListItem\",\"position\":2,\"name\":\"Research groups\",\"item\":\"https:\\\/\\\/ibecbarcelona.eu\\\/research-groups\\\/\"},{\"@type\":\"ListItem\",\"position\":3,\"name\":\"Biointegrated Materials and Engineering\"}]},{\"@type\":\"WebSite\",\"@id\":\"https:\\\/\\\/ibecbarcelona.eu\\\/#website\",\"url\":\"https:\\\/\\\/ibecbarcelona.eu\\\/\",\"name\":\"Institute for Bioengineering of Catalonia\",\"description\":\"Bioengineering Solutions for Health\",\"publisher\":{\"@id\":\"https:\\\/\\\/ibecbarcelona.eu\\\/#organization\"},\"potentialAction\":[{\"@type\":\"SearchAction\",\"target\":{\"@type\":\"EntryPoint\",\"urlTemplate\":\"https:\\\/\\\/ibecbarcelona.eu\\\/?s={search_term_string}\"},\"query-input\":{\"@type\":\"PropertyValueSpecification\",\"valueRequired\":true,\"valueName\":\"search_term_string\"}}],\"inLanguage\":\"ca\"},{\"@type\":\"Organization\",\"@id\":\"https:\\\/\\\/ibecbarcelona.eu\\\/#organization\",\"name\":\"Institute for Bioengineering of Catalonia\",\"url\":\"https:\\\/\\\/ibecbarcelona.eu\\\/\",\"logo\":{\"@type\":\"ImageObject\",\"inLanguage\":\"ca\",\"@id\":\"https:\\\/\\\/ibecbarcelona.eu\\\/#\\\/schema\\\/logo\\\/image\\\/\",\"url\":\"https:\\\/\\\/ibecbarcelona.eu\\\/wp-content\\\/uploads\\\/2026\\\/01\\\/cropped-IBEC_20ANYS_GRIS.png\",\"contentUrl\":\"https:\\\/\\\/ibecbarcelona.eu\\\/wp-content\\\/uploads\\\/2026\\\/01\\\/cropped-IBEC_20ANYS_GRIS.png\",\"width\":696,\"height\":257,\"caption\":\"Institute for Bioengineering of Catalonia\"},\"image\":{\"@id\":\"https:\\\/\\\/ibecbarcelona.eu\\\/#\\\/schema\\\/logo\\\/image\\\/\"}}]}<\/script>\n<!-- \/ Yoast SEO plugin. -->","yoast_head_json":{"title":"Biointegrated Materials and Engineering - Institute for Bioengineering of Catalonia","robots":{"index":"index","follow":"follow","max-snippet":"max-snippet:-1","max-image-preview":"max-image-preview:large","max-video-preview":"max-video-preview:-1"},"canonical":"https:\/\/ibecbarcelona.eu\/fermat\/","og_locale":"ca_ES","og_type":"article","og_title":"Biointegrated Materials and Engineering - Institute for Bioengineering of Catalonia","og_description":"At the Biointegrated Materials and Engineering Lab (a.k.a., the Fermart Lab), we believe that materials science and engineering define the boundaries of technological progress and shape the nature of societies. ... Read more","og_url":"https:\/\/ibecbarcelona.eu\/fermat\/","og_site_name":"Institute for Bioengineering of Catalonia","article_modified_time":"2026-01-16T13:01:07+00:00","twitter_card":"summary_large_image","twitter_misc":{"Temps estimat de lectura":"2 minuts"},"schema":{"@context":"https:\/\/schema.org","@graph":[{"@type":"WebPage","@id":"https:\/\/ibecbarcelona.eu\/fermat\/","url":"https:\/\/ibecbarcelona.eu\/fermat\/","name":"Biointegrated Materials and Engineering - Institute for Bioengineering of Catalonia","isPartOf":{"@id":"https:\/\/ibecbarcelona.eu\/#website"},"datePublished":"2025-09-30T07:49:39+00:00","dateModified":"2026-01-16T13:01:07+00:00","breadcrumb":{"@id":"https:\/\/ibecbarcelona.eu\/fermat\/#breadcrumb"},"inLanguage":"ca","potentialAction":[{"@type":"ReadAction","target":["https:\/\/ibecbarcelona.eu\/fermat\/"]}]},{"@type":"BreadcrumbList","@id":"https:\/\/ibecbarcelona.eu\/fermat\/#breadcrumb","itemListElement":[{"@type":"ListItem","position":1,"name":"Home","item":"https:\/\/ibecbarcelona.eu\/ca\/"},{"@type":"ListItem","position":2,"name":"Research groups","item":"https:\/\/ibecbarcelona.eu\/research-groups\/"},{"@type":"ListItem","position":3,"name":"Biointegrated Materials and Engineering"}]},{"@type":"WebSite","@id":"https:\/\/ibecbarcelona.eu\/#website","url":"https:\/\/ibecbarcelona.eu\/","name":"Institute for Bioengineering of Catalonia","description":"Bioengineering Solutions for Health","publisher":{"@id":"https:\/\/ibecbarcelona.eu\/#organization"},"potentialAction":[{"@type":"SearchAction","target":{"@type":"EntryPoint","urlTemplate":"https:\/\/ibecbarcelona.eu\/?s={search_term_string}"},"query-input":{"@type":"PropertyValueSpecification","valueRequired":true,"valueName":"search_term_string"}}],"inLanguage":"ca"},{"@type":"Organization","@id":"https:\/\/ibecbarcelona.eu\/#organization","name":"Institute for Bioengineering of Catalonia","url":"https:\/\/ibecbarcelona.eu\/","logo":{"@type":"ImageObject","inLanguage":"ca","@id":"https:\/\/ibecbarcelona.eu\/#\/schema\/logo\/image\/","url":"https:\/\/ibecbarcelona.eu\/wp-content\/uploads\/2026\/01\/cropped-IBEC_20ANYS_GRIS.png","contentUrl":"https:\/\/ibecbarcelona.eu\/wp-content\/uploads\/2026\/01\/cropped-IBEC_20ANYS_GRIS.png","width":696,"height":257,"caption":"Institute for Bioengineering of Catalonia"},"image":{"@id":"https:\/\/ibecbarcelona.eu\/#\/schema\/logo\/image\/"}}]}},"AFP_featured_media_urls":{"full":false,"thumbnail":false,"medium":false,"medium_large":false,"large":false},"AFP_attachments":[],"AFP_videos":[],"AFP_video_blocks":"","AFP_category_names":[],"_links":{"self":[{"href":"https:\/\/ibecbarcelona.eu\/ca\/wp-json\/wp\/v2\/pages\/128677","targetHints":{"allow":["GET"]}}],"collection":[{"href":"https:\/\/ibecbarcelona.eu\/ca\/wp-json\/wp\/v2\/pages"}],"about":[{"href":"https:\/\/ibecbarcelona.eu\/ca\/wp-json\/wp\/v2\/types\/page"}],"author":[{"embeddable":true,"href":"https:\/\/ibecbarcelona.eu\/ca\/wp-json\/wp\/v2\/users\/26"}],"replies":[{"embeddable":true,"href":"https:\/\/ibecbarcelona.eu\/ca\/wp-json\/wp\/v2\/comments?post=128677"}],"version-history":[{"count":3,"href":"https:\/\/ibecbarcelona.eu\/ca\/wp-json\/wp\/v2\/pages\/128677\/revisions"}],"predecessor-version":[{"id":131420,"href":"https:\/\/ibecbarcelona.eu\/ca\/wp-json\/wp\/v2\/pages\/128677\/revisions\/131420"}],"up":[{"embeddable":true,"href":"https:\/\/ibecbarcelona.eu\/ca\/wp-json\/wp\/v2\/pages\/531"}],"wp:attachment":[{"href":"https:\/\/ibecbarcelona.eu\/ca\/wp-json\/wp\/v2\/media?parent=128677"}],"wp:term":[{"taxonomy":"post_tag","embeddable":true,"href":"https:\/\/ibecbarcelona.eu\/ca\/wp-json\/wp\/v2\/tags?post=128677"}],"curies":[{"name":"wp","href":"https:\/\/api.w.org\/{rel}","templated":true}]}}