
{"id":16508,"date":"2014-08-11T09:01:39","date_gmt":"2014-08-11T07:01:39","guid":{"rendered":"http:\/\/ibecbarcelona.eu\/?page_id=16508"},"modified":"2025-02-26T09:48:11","modified_gmt":"2025-02-26T08:48:11","slug":"aplicacions-en-bioenginyeria","status":"publish","type":"page","link":"https:\/\/ibecbarcelona.eu\/ca\/sobre-nosaltres\/aplicacions-en-bioenginyeria\/","title":{"rendered":"Aplicacions en Bioenginyeria"},"content":{"rendered":"\n<h4 class=\"wp-block-heading\">La bioenginyeria implica abordar, entendre i resoldre problemes de gran complexitat en biomedicina, combinant les eines disponibles en els \u00e0mbits de la ci\u00e8ncia experimental, la ci\u00e8ncia de la vida i l\u2019enginyeria en totes les seves facetes.<\/h4>\n\n\n\n<p>El model concebut per l\u2019IBEC s\u2019inspira en un nou ecosistema, creatiu i innovador, basat en la interacci\u00f3 entre investigadors experts en diferents tecnologies (nano-bio-info-cogno) amb un objectiu: generar nou coneixement i solucions d\u2019enginyeria en tecnologia sanit\u00e0ria.<\/p>\n\n\n\n<p>L&#8217;activitat cient\u00edfica de l&#8217;IBEC s&#8217;estructura al voltant de tres aplicacions transformadores que aborden grans desafiaments de recerca: bioenginyeria per a ter\u00e0pies emergents i avan\u00e7ades, bioenginyeria per a medicina de precisi\u00f3 i bioenginyeria per a la salut global i pand\u00e8mies.<\/p>\n\n\n\n<figure class=\"wp-block-image size-large\"><img decoding=\"async\" width=\"1024\" height=\"734\" data-src=\"https:\/\/ibecbarcelona.eu\/wp-content\/uploads\/2024\/04\/esquema-IBEC-SO_v5-1024x734.jpg\" alt=\"\" class=\"wp-image-116616 lazyload\" data-srcset=\"https:\/\/ibecbarcelona.eu\/wp-content\/uploads\/2024\/04\/esquema-IBEC-SO_v5-1024x734.jpg 1024w, https:\/\/ibecbarcelona.eu\/wp-content\/uploads\/2024\/04\/esquema-IBEC-SO_v5-300x215.jpg 300w, https:\/\/ibecbarcelona.eu\/wp-content\/uploads\/2024\/04\/esquema-IBEC-SO_v5-768x551.jpg 768w, https:\/\/ibecbarcelona.eu\/wp-content\/uploads\/2024\/04\/esquema-IBEC-SO_v5-1536x1102.jpg 1536w, https:\/\/ibecbarcelona.eu\/wp-content\/uploads\/2024\/04\/esquema-IBEC-SO_v5.jpg 1800w\" data-sizes=\"(max-width: 1024px) 100vw, 1024px\" src=\"data:image\/svg+xml;base64,PHN2ZyB3aWR0aD0iMSIgaGVpZ2h0PSIxIiB4bWxucz0iaHR0cDovL3d3dy53My5vcmcvMjAwMC9zdmciPjwvc3ZnPg==\" style=\"--smush-placeholder-width: 1024px; --smush-placeholder-aspect-ratio: 1024\/734;\" \/><\/figure>\n\n\n\n<h4 class=\"wp-block-heading\"> <br><strong>BIOENGINYERIA PER A TER\u00c0PIES EMERGENTS I AVAN\u00c7ADES<\/strong><\/h4>\n\n\n\n<p>Les ter\u00e0pies avan\u00e7ades s\u00f3n tractaments m\u00e8dics innovadors que utilitzen tecnologies d&#8217;avantguarda per abordar malalties i afeccions complexes. Implica la manipulaci\u00f3 o modificaci\u00f3 de material biol\u00f2gic, com ara c\u00e8l\u00b7lules, gens i teixits, amb l&#8217;objectiu de reparar o reempla\u00e7ar c\u00e8l\u00b7lules o teixits danyats o malalts en l&#8217;organisme.<\/p>\n\n\n\n<p>L\u2019IBEC desenvolupar\u00e0 les seg\u00fcents eines de bioenginyeria per al desenvolupament i producci\u00f3 de productes de ter\u00e0pies avan\u00e7ades:<\/p>\n\n\n\n<ul class=\"wp-block-list\">\n<li>Ter\u00e0pies G\u00e8niques<\/li>\n\n\n\n<li>Ter\u00e0pies Cel\u00b7lulars<\/li>\n\n\n\n<li>Enginyeria de Teixits<\/li>\n<\/ul>\n\n\n\n<h4 class=\"wp-block-heading\"> <br><strong>BIOENGINYERIA PER A TER\u00c0PIES EMERGENTS I AVAN\u00c7ADES<\/strong><\/h4>\n\n\n\n<p>Malgrat la gran quantitat de dades \u00f2miques disponibles, encara no coneixem els efectes de totes les possibles variants pat\u00f2genes en els genomes, transcriptomes i proteomes humans. Per a la majoria d&#8217;aquestes variants, encara es desconeix quines s\u00f3n les que causen malalties. Aquestes limitacions dificulten el desenvolupament de sistemes avan\u00e7ats de diagn\u00f2stic i pron\u00f2stic, aix\u00ed com la identificaci\u00f3 de nous objectius terap\u00e8utics.<\/p>\n\n\n\n<p>D\u2019altra banda, el desenvolupament de noves ter\u00e0pies fa temps que est\u00e0 estancat en un carrer\u00f3 sense sortida, amb taxes d\u2019\u00e8xit inferiors al 15 % en els assaigs cl\u00ednics a causa de la manca d\u2019efic\u00e0cia i\/o seguretat, fet que comporta un cost elevat i un retard en la comercialitzaci\u00f3 de nous f\u00e0rmacs. Una part important d\u2019aquestes baixes taxes d\u2019\u00e8xit es deu a l\u2019abs\u00e8ncia de models precl\u00ednics precisos de malalties que aprofitin el potencial dels sistemes biomim\u00e8tics i biomodels. Nom\u00e9s amb un enfocament integrador podrem respondre als principals desafiaments de salut als quals ens enfrontem: c\u00e0ncer, malalties associades a l\u2019envelliment (neurodegeneratives, cr\u00f2niques, etc.), malalties rares i malalties infeccioses i zoon\u00f2tiques emergents.<\/p>\n\n\n\n<p>Ens centrarem en:<\/p>\n\n\n\n<ul class=\"wp-block-list\">\n<li>Millorar les dades del Programa de l&#8217;Atles de Variabilitat Gen\u00f2mica d&#8217;Alta Resoluci\u00f3 per predir els efectes de la majoria de les variants gen\u00e8tiques en els nostres genomes.<\/li>\n\n\n\n<li>Desenvolupar i oferir biomodels humanitzats millorats, aix\u00ed com els seus bessons digitals, per a una medicina intel\u00b7ligent i de precisi\u00f3.<\/li>\n<\/ul>\n\n\n\n<h4 class=\"wp-block-heading\"> <br><strong>BIOENGINYERIA PER A LA SALUT GLOBAL I LES PAND\u00c8MIES<\/strong><\/h4>\n\n\n\n<p>L\u2019enfocament <strong>One Health<\/strong> reconeix la connexi\u00f3 entre les persones, els animals, les plantes i el medi ambient, i busca contribuir a una resposta multidisciplin\u00e0ria. La bioenginyeria t\u00e9 el potencial de millorar la salut a escala global mitjan\u00e7ant aquest enfocament integral.<\/p>\n\n\n\n<p>Per millorar la salut a nivell mundial, \u00e9s necessari desenvolupar estrat\u00e8gies i solucions que funcionin en diversos entorns, inclosos aquells amb recursos limitats, utilitzant plataformes d\u2019enginyeria per al diagn\u00f2stic, el tractament i el monitoratge de malalties. La bioenginyeria pot proporcionar noves solucions diagn\u00f2stiques i terap\u00e8utiques per abordar la resist\u00e8ncia als antimicrobians, aix\u00ed com les epid\u00e8mies i pand\u00e8mies de malalties infeccioses.<\/p>\n\n\n\n<p> <\/p>\n\n\n\n<p><\/p>\n\n\n\n<h4 class=\"wp-block-heading\"> <br>DESAFIAMENTS AVAN\u00c7ATS EN SALUT SOCIAL<\/h4>\n\n\n\n<figure class=\"wp-block-table alignwide\"><table class=\"has-base-background-color has-background\"><tbody><tr><td class=\"has-text-align-left\" data-align=\"left\"><a href=\"https:\/\/ibecbarcelona.eu\/wp-content\/uploads\/2021\/02\/IBEC-Bioengineering-against-Cancer.pdf\" target=\"_blank\" rel=\"noopener\"><img decoding=\"async\" class=\"wp-image-81943 size-medium alignnone lazyload\" data-src=\"https:\/\/ibecbarcelona.eu\/wp-content\/uploads\/2021\/02\/cancer-204x300.png\" alt=\"\" width=\"204\" height=\"300\" data-srcset=\"https:\/\/ibecbarcelona.eu\/wp-content\/uploads\/2021\/02\/cancer-204x300.png 204w, https:\/\/ibecbarcelona.eu\/wp-content\/uploads\/2021\/02\/cancer-102x150.png 102w, https:\/\/ibecbarcelona.eu\/wp-content\/uploads\/2021\/02\/cancer.png 425w\" data-sizes=\"(max-width: 204px) 100vw, 204px\" src=\"data:image\/svg+xml;base64,PHN2ZyB3aWR0aD0iMSIgaGVpZ2h0PSIxIiB4bWxucz0iaHR0cDovL3d3dy53My5vcmcvMjAwMC9zdmciPjwvc3ZnPg==\" style=\"--smush-placeholder-width: 204px; --smush-placeholder-aspect-ratio: 204\/300;\" \/><\/a><\/td><td class=\"has-text-align-left\" data-align=\"left\"><a href=\"https:\/\/ibecbarcelona.eu\/wp-content\/uploads\/2021\/02\/IBEC-Bioengineering-for-rare-diseases-treatments.pdf\" target=\"_blank\" rel=\"noopener\"><img decoding=\"async\" width=\"204\" height=\"300\" class=\"wp-image-81940 size-medium alignnone lazyload\" data-src=\"https:\/\/ibecbarcelona.eu\/wp-content\/uploads\/2021\/02\/rarediseases-204x300.png\" alt=\"\" data-srcset=\"https:\/\/ibecbarcelona.eu\/wp-content\/uploads\/2021\/02\/rarediseases-204x300.png 204w, https:\/\/ibecbarcelona.eu\/wp-content\/uploads\/2021\/02\/rarediseases-102x150.png 102w, https:\/\/ibecbarcelona.eu\/wp-content\/uploads\/2021\/02\/rarediseases.png 425w\" data-sizes=\"(max-width: 204px) 100vw, 204px\" src=\"data:image\/svg+xml;base64,PHN2ZyB3aWR0aD0iMSIgaGVpZ2h0PSIxIiB4bWxucz0iaHR0cDovL3d3dy53My5vcmcvMjAwMC9zdmciPjwvc3ZnPg==\" style=\"--smush-placeholder-width: 204px; --smush-placeholder-aspect-ratio: 204\/300;\" \/><\/a><\/td><td class=\"has-text-align-left\" data-align=\"left\"><a href=\"https:\/\/ibecbarcelona.eu\/wp-content\/uploads\/2022\/07\/Bioengineering-for-Healthy-Ageing.pdf\" target=\"_blank\" rel=\"noreferrer noopener\"><img decoding=\"async\" width=\"195\" height=\"292\" class=\"wp-image-98292 lazyload\" style=\"--smush-placeholder-width: 195px; --smush-placeholder-aspect-ratio: 195\/292;width: 195px;\" data-src=\"https:\/\/ibecbarcelona.eu\/wp-content\/uploads\/2022\/07\/Captura-de-Pantalla-2022-07-29-a-las-13.37.40.png\" alt=\"\" data-srcset=\"https:\/\/ibecbarcelona.eu\/wp-content\/uploads\/2022\/07\/Captura-de-Pantalla-2022-07-29-a-las-13.37.40.png 632w, https:\/\/ibecbarcelona.eu\/wp-content\/uploads\/2022\/07\/Captura-de-Pantalla-2022-07-29-a-las-13.37.40-200x300.png 200w, https:\/\/ibecbarcelona.eu\/wp-content\/uploads\/2022\/07\/Captura-de-Pantalla-2022-07-29-a-las-13.37.40-600x900.png 600w\" data-sizes=\"(max-width: 195px) 100vw, 195px\" src=\"data:image\/svg+xml;base64,PHN2ZyB3aWR0aD0iMSIgaGVpZ2h0PSIxIiB4bWxucz0iaHR0cDovL3d3dy53My5vcmcvMjAwMC9zdmciPjwvc3ZnPg==\" \/><\/a><\/td><\/tr><\/tbody><\/table><\/figure>\n","protected":false},"excerpt":{"rendered":"<p>La bioenginyeria implica abordar, entendre i resoldre problemes de gran complexitat en biomedicina, combinant les eines disponibles en els \u00e0mbits de la ci\u00e8ncia experimental, la ci\u00e8ncia de la vida i &#8230; <a title=\"Aplicacions en Bioenginyeria\" class=\"read-more\" href=\"https:\/\/ibecbarcelona.eu\/ca\/sobre-nosaltres\/aplicacions-en-bioenginyeria\/\" aria-label=\"More on Aplicacions en Bioenginyeria\">Read more<\/a><\/p>\n","protected":false},"author":4,"featured_media":90743,"parent":16504,"menu_order":0,"comment_status":"closed","ping_status":"closed","template":"","meta":{"footnotes":""},"tags":[],"class_list":["post-16508","page","type-page","status-publish","has-post-thumbnail"],"yoast_head":"<!-- This site is optimized with the Yoast SEO plugin v27.3 - https:\/\/yoast.com\/product\/yoast-seo-wordpress\/ -->\n<title>Aplicacions en Bioenginyeria - Institute for Bioengineering of Catalonia<\/title>\n<meta name=\"robots\" content=\"index, follow, max-snippet:-1, max-image-preview:large, max-video-preview:-1\" \/>\n<link rel=\"canonical\" href=\"https:\/\/ibecbarcelona.eu\/ca\/sobre-nosaltres\/aplicacions-en-bioenginyeria\/\" \/>\n<meta property=\"og:locale\" content=\"ca_ES\" \/>\n<meta property=\"og:type\" content=\"article\" \/>\n<meta property=\"og:title\" content=\"Aplicacions en Bioenginyeria - Institute for Bioengineering of Catalonia\" \/>\n<meta property=\"og:description\" content=\"La bioenginyeria implica abordar, entendre i resoldre problemes de gran complexitat en biomedicina, combinant les eines disponibles en els \u00e0mbits de la ci\u00e8ncia experimental, la ci\u00e8ncia de la vida i ... Read more\" \/>\n<meta property=\"og:url\" content=\"https:\/\/ibecbarcelona.eu\/ca\/sobre-nosaltres\/aplicacions-en-bioenginyeria\/\" \/>\n<meta property=\"og:site_name\" content=\"Institute for Bioengineering of Catalonia\" \/>\n<meta property=\"article:modified_time\" content=\"2025-02-26T08:48:11+00:00\" \/>\n<meta property=\"og:image\" content=\"https:\/\/ibecbarcelona.eu\/wp-content\/uploads\/2022\/01\/bioengineering.jpg\" \/>\n\t<meta property=\"og:image:width\" content=\"2000\" \/>\n\t<meta property=\"og:image:height\" content=\"500\" \/>\n\t<meta property=\"og:image:type\" content=\"image\/jpeg\" \/>\n<meta name=\"twitter:card\" content=\"summary_large_image\" \/>\n<meta name=\"twitter:label1\" content=\"Temps estimat de lectura\" \/>\n\t<meta name=\"twitter:data1\" content=\"4 minuts\" \/>\n<script type=\"application\/ld+json\" class=\"yoast-schema-graph\">{\"@context\":\"https:\\\/\\\/schema.org\",\"@graph\":[{\"@type\":\"WebPage\",\"@id\":\"https:\\\/\\\/ibecbarcelona.eu\\\/ca\\\/sobre-nosaltres\\\/aplicacions-en-bioenginyeria\\\/\",\"url\":\"https:\\\/\\\/ibecbarcelona.eu\\\/ca\\\/sobre-nosaltres\\\/aplicacions-en-bioenginyeria\\\/\",\"name\":\"Aplicacions en Bioenginyeria - Institute for Bioengineering of Catalonia\",\"isPartOf\":{\"@id\":\"https:\\\/\\\/ibecbarcelona.eu\\\/#website\"},\"primaryImageOfPage\":{\"@id\":\"https:\\\/\\\/ibecbarcelona.eu\\\/ca\\\/sobre-nosaltres\\\/aplicacions-en-bioenginyeria\\\/#primaryimage\"},\"image\":{\"@id\":\"https:\\\/\\\/ibecbarcelona.eu\\\/ca\\\/sobre-nosaltres\\\/aplicacions-en-bioenginyeria\\\/#primaryimage\"},\"thumbnailUrl\":\"https:\\\/\\\/ibecbarcelona.eu\\\/wp-content\\\/uploads\\\/2022\\\/01\\\/bioengineering.jpg\",\"datePublished\":\"2014-08-11T07:01:39+00:00\",\"dateModified\":\"2025-02-26T08:48:11+00:00\",\"breadcrumb\":{\"@id\":\"https:\\\/\\\/ibecbarcelona.eu\\\/ca\\\/sobre-nosaltres\\\/aplicacions-en-bioenginyeria\\\/#breadcrumb\"},\"inLanguage\":\"ca\",\"potentialAction\":[{\"@type\":\"ReadAction\",\"target\":[\"https:\\\/\\\/ibecbarcelona.eu\\\/ca\\\/sobre-nosaltres\\\/aplicacions-en-bioenginyeria\\\/\"]}]},{\"@type\":\"ImageObject\",\"inLanguage\":\"ca\",\"@id\":\"https:\\\/\\\/ibecbarcelona.eu\\\/ca\\\/sobre-nosaltres\\\/aplicacions-en-bioenginyeria\\\/#primaryimage\",\"url\":\"https:\\\/\\\/ibecbarcelona.eu\\\/wp-content\\\/uploads\\\/2022\\\/01\\\/bioengineering.jpg\",\"contentUrl\":\"https:\\\/\\\/ibecbarcelona.eu\\\/wp-content\\\/uploads\\\/2022\\\/01\\\/bioengineering.jpg\",\"width\":2000,\"height\":500},{\"@type\":\"BreadcrumbList\",\"@id\":\"https:\\\/\\\/ibecbarcelona.eu\\\/ca\\\/sobre-nosaltres\\\/aplicacions-en-bioenginyeria\\\/#breadcrumb\",\"itemListElement\":[{\"@type\":\"ListItem\",\"position\":1,\"name\":\"Home\",\"item\":\"https:\\\/\\\/ibecbarcelona.eu\\\/ca\\\/\"},{\"@type\":\"ListItem\",\"position\":2,\"name\":\"Sobre nosaltres\",\"item\":\"https:\\\/\\\/ibecbarcelona.eu\\\/ca\\\/sobre-nosaltres\\\/\"},{\"@type\":\"ListItem\",\"position\":3,\"name\":\"Aplicacions en Bioenginyeria\"}]},{\"@type\":\"WebSite\",\"@id\":\"https:\\\/\\\/ibecbarcelona.eu\\\/#website\",\"url\":\"https:\\\/\\\/ibecbarcelona.eu\\\/\",\"name\":\"Institute for Bioengineering of Catalonia\",\"description\":\"Bioengineering Solutions for Health\",\"publisher\":{\"@id\":\"https:\\\/\\\/ibecbarcelona.eu\\\/#organization\"},\"potentialAction\":[{\"@type\":\"SearchAction\",\"target\":{\"@type\":\"EntryPoint\",\"urlTemplate\":\"https:\\\/\\\/ibecbarcelona.eu\\\/?s={search_term_string}\"},\"query-input\":{\"@type\":\"PropertyValueSpecification\",\"valueRequired\":true,\"valueName\":\"search_term_string\"}}],\"inLanguage\":\"ca\"},{\"@type\":\"Organization\",\"@id\":\"https:\\\/\\\/ibecbarcelona.eu\\\/#organization\",\"name\":\"Institute for Bioengineering of Catalonia\",\"url\":\"https:\\\/\\\/ibecbarcelona.eu\\\/\",\"logo\":{\"@type\":\"ImageObject\",\"inLanguage\":\"ca\",\"@id\":\"https:\\\/\\\/ibecbarcelona.eu\\\/#\\\/schema\\\/logo\\\/image\\\/\",\"url\":\"https:\\\/\\\/ibecbarcelona.eu\\\/wp-content\\\/uploads\\\/2026\\\/01\\\/cropped-IBEC_20ANYS_GRIS.png\",\"contentUrl\":\"https:\\\/\\\/ibecbarcelona.eu\\\/wp-content\\\/uploads\\\/2026\\\/01\\\/cropped-IBEC_20ANYS_GRIS.png\",\"width\":696,\"height\":257,\"caption\":\"Institute for Bioengineering of Catalonia\"},\"image\":{\"@id\":\"https:\\\/\\\/ibecbarcelona.eu\\\/#\\\/schema\\\/logo\\\/image\\\/\"}}]}<\/script>\n<!-- \/ Yoast SEO plugin. -->","yoast_head_json":{"title":"Aplicacions en Bioenginyeria - Institute for Bioengineering of Catalonia","robots":{"index":"index","follow":"follow","max-snippet":"max-snippet:-1","max-image-preview":"max-image-preview:large","max-video-preview":"max-video-preview:-1"},"canonical":"https:\/\/ibecbarcelona.eu\/ca\/sobre-nosaltres\/aplicacions-en-bioenginyeria\/","og_locale":"ca_ES","og_type":"article","og_title":"Aplicacions en Bioenginyeria - Institute for Bioengineering of Catalonia","og_description":"La bioenginyeria implica abordar, entendre i resoldre problemes de gran complexitat en biomedicina, combinant les eines disponibles en els \u00e0mbits de la ci\u00e8ncia experimental, la ci\u00e8ncia de la vida i ... Read more","og_url":"https:\/\/ibecbarcelona.eu\/ca\/sobre-nosaltres\/aplicacions-en-bioenginyeria\/","og_site_name":"Institute for Bioengineering of Catalonia","article_modified_time":"2025-02-26T08:48:11+00:00","og_image":[{"width":2000,"height":500,"url":"https:\/\/ibecbarcelona.eu\/wp-content\/uploads\/2022\/01\/bioengineering.jpg","type":"image\/jpeg"}],"twitter_card":"summary_large_image","twitter_misc":{"Temps estimat de lectura":"4 minuts"},"schema":{"@context":"https:\/\/schema.org","@graph":[{"@type":"WebPage","@id":"https:\/\/ibecbarcelona.eu\/ca\/sobre-nosaltres\/aplicacions-en-bioenginyeria\/","url":"https:\/\/ibecbarcelona.eu\/ca\/sobre-nosaltres\/aplicacions-en-bioenginyeria\/","name":"Aplicacions en Bioenginyeria - Institute for Bioengineering of Catalonia","isPartOf":{"@id":"https:\/\/ibecbarcelona.eu\/#website"},"primaryImageOfPage":{"@id":"https:\/\/ibecbarcelona.eu\/ca\/sobre-nosaltres\/aplicacions-en-bioenginyeria\/#primaryimage"},"image":{"@id":"https:\/\/ibecbarcelona.eu\/ca\/sobre-nosaltres\/aplicacions-en-bioenginyeria\/#primaryimage"},"thumbnailUrl":"https:\/\/ibecbarcelona.eu\/wp-content\/uploads\/2022\/01\/bioengineering.jpg","datePublished":"2014-08-11T07:01:39+00:00","dateModified":"2025-02-26T08:48:11+00:00","breadcrumb":{"@id":"https:\/\/ibecbarcelona.eu\/ca\/sobre-nosaltres\/aplicacions-en-bioenginyeria\/#breadcrumb"},"inLanguage":"ca","potentialAction":[{"@type":"ReadAction","target":["https:\/\/ibecbarcelona.eu\/ca\/sobre-nosaltres\/aplicacions-en-bioenginyeria\/"]}]},{"@type":"ImageObject","inLanguage":"ca","@id":"https:\/\/ibecbarcelona.eu\/ca\/sobre-nosaltres\/aplicacions-en-bioenginyeria\/#primaryimage","url":"https:\/\/ibecbarcelona.eu\/wp-content\/uploads\/2022\/01\/bioengineering.jpg","contentUrl":"https:\/\/ibecbarcelona.eu\/wp-content\/uploads\/2022\/01\/bioengineering.jpg","width":2000,"height":500},{"@type":"BreadcrumbList","@id":"https:\/\/ibecbarcelona.eu\/ca\/sobre-nosaltres\/aplicacions-en-bioenginyeria\/#breadcrumb","itemListElement":[{"@type":"ListItem","position":1,"name":"Home","item":"https:\/\/ibecbarcelona.eu\/ca\/"},{"@type":"ListItem","position":2,"name":"Sobre nosaltres","item":"https:\/\/ibecbarcelona.eu\/ca\/sobre-nosaltres\/"},{"@type":"ListItem","position":3,"name":"Aplicacions en Bioenginyeria"}]},{"@type":"WebSite","@id":"https:\/\/ibecbarcelona.eu\/#website","url":"https:\/\/ibecbarcelona.eu\/","name":"Institute for Bioengineering of Catalonia","description":"Bioengineering Solutions for Health","publisher":{"@id":"https:\/\/ibecbarcelona.eu\/#organization"},"potentialAction":[{"@type":"SearchAction","target":{"@type":"EntryPoint","urlTemplate":"https:\/\/ibecbarcelona.eu\/?s={search_term_string}"},"query-input":{"@type":"PropertyValueSpecification","valueRequired":true,"valueName":"search_term_string"}}],"inLanguage":"ca"},{"@type":"Organization","@id":"https:\/\/ibecbarcelona.eu\/#organization","name":"Institute for Bioengineering of Catalonia","url":"https:\/\/ibecbarcelona.eu\/","logo":{"@type":"ImageObject","inLanguage":"ca","@id":"https:\/\/ibecbarcelona.eu\/#\/schema\/logo\/image\/","url":"https:\/\/ibecbarcelona.eu\/wp-content\/uploads\/2026\/01\/cropped-IBEC_20ANYS_GRIS.png","contentUrl":"https:\/\/ibecbarcelona.eu\/wp-content\/uploads\/2026\/01\/cropped-IBEC_20ANYS_GRIS.png","width":696,"height":257,"caption":"Institute for Bioengineering of Catalonia"},"image":{"@id":"https:\/\/ibecbarcelona.eu\/#\/schema\/logo\/image\/"}}]}},"AFP_featured_media_urls":{"full":["https:\/\/ibecbarcelona.eu\/wp-content\/uploads\/2022\/01\/bioengineering.jpg",2000,500,false],"thumbnail":["https:\/\/ibecbarcelona.eu\/wp-content\/uploads\/2022\/01\/bioengineering-150x150.jpg",150,150,true],"medium":["https:\/\/ibecbarcelona.eu\/wp-content\/uploads\/2022\/01\/bioengineering-300x75.jpg",300,75,true],"medium_large":["https:\/\/ibecbarcelona.eu\/wp-content\/uploads\/2022\/01\/bioengineering-768x192.jpg",768,192,true],"large":["https:\/\/ibecbarcelona.eu\/wp-content\/uploads\/2022\/01\/bioengineering-1024x256.jpg",1024,256,true]},"AFP_attachments":{"full":["https:\/\/ibecbarcelona.eu\/wp-content\/uploads\/2021\/02\/rarediseases.png",425,624,false],"thumbnail":["https:\/\/ibecbarcelona.eu\/wp-content\/uploads\/2021\/02\/rarediseases-150x150.png",150,150,true],"medium":["https:\/\/ibecbarcelona.eu\/wp-content\/uploads\/2021\/02\/rarediseases-204x300.png",204,300,true],"medium_large":["https:\/\/ibecbarcelona.eu\/wp-content\/uploads\/2021\/02\/rarediseases.png",425,624,false],"large":["https:\/\/ibecbarcelona.eu\/wp-content\/uploads\/2021\/02\/rarediseases.png",425,624,false]},"AFP_videos":[],"AFP_video_blocks":"","AFP_category_names":[],"_links":{"self":[{"href":"https:\/\/ibecbarcelona.eu\/ca\/wp-json\/wp\/v2\/pages\/16508","targetHints":{"allow":["GET"]}}],"collection":[{"href":"https:\/\/ibecbarcelona.eu\/ca\/wp-json\/wp\/v2\/pages"}],"about":[{"href":"https:\/\/ibecbarcelona.eu\/ca\/wp-json\/wp\/v2\/types\/page"}],"author":[{"embeddable":true,"href":"https:\/\/ibecbarcelona.eu\/ca\/wp-json\/wp\/v2\/users\/4"}],"replies":[{"embeddable":true,"href":"https:\/\/ibecbarcelona.eu\/ca\/wp-json\/wp\/v2\/comments?post=16508"}],"version-history":[{"count":16,"href":"https:\/\/ibecbarcelona.eu\/ca\/wp-json\/wp\/v2\/pages\/16508\/revisions"}],"predecessor-version":[{"id":124439,"href":"https:\/\/ibecbarcelona.eu\/ca\/wp-json\/wp\/v2\/pages\/16508\/revisions\/124439"}],"up":[{"embeddable":true,"href":"https:\/\/ibecbarcelona.eu\/ca\/wp-json\/wp\/v2\/pages\/16504"}],"wp:featuredmedia":[{"embeddable":true,"href":"https:\/\/ibecbarcelona.eu\/ca\/wp-json\/wp\/v2\/media\/90743"}],"wp:attachment":[{"href":"https:\/\/ibecbarcelona.eu\/ca\/wp-json\/wp\/v2\/media?parent=16508"}],"wp:term":[{"taxonomy":"post_tag","embeddable":true,"href":"https:\/\/ibecbarcelona.eu\/ca\/wp-json\/wp\/v2\/tags?post=16508"}],"curies":[{"name":"wp","href":"https:\/\/api.w.org\/{rel}","templated":true}]}}