
{"id":16512,"date":"2014-08-08T09:18:23","date_gmt":"2014-08-08T07:18:23","guid":{"rendered":"http:\/\/ibecbarcelona.eu\/?page_id=16512"},"modified":"2025-07-30T13:04:56","modified_gmt":"2025-07-30T11:04:56","slug":"la-nostra-missio","status":"publish","type":"page","link":"https:\/\/ibecbarcelona.eu\/ca\/sobre-nosaltres\/missio-i-visio\/","title":{"rendered":"La nostra missi\u00f3"},"content":{"rendered":"<div class=\"wp-block-image is-style-default\">\n<figure class=\"alignright\"><a href=\"https:\/\/ibecbarcelona.eu\/wp-content\/uploads\/2018\/09\/missionandvision2018-1.png\"><img decoding=\"async\" data-src=\"https:\/\/ibecbarcelona.eu\/wp-content\/uploads\/2018\/09\/missionandvision2018-1.png\" alt=\"\" class=\"wp-image-61658 lazyload\" src=\"data:image\/svg+xml;base64,PHN2ZyB3aWR0aD0iMSIgaGVpZ2h0PSIxIiB4bWxucz0iaHR0cDovL3d3dy53My5vcmcvMjAwMC9zdmciPjwvc3ZnPg==\" style=\"--smush-placeholder-width: 556px; --smush-placeholder-aspect-ratio: 556\/557;\" \/><\/a><\/figure><\/div>\n\n\n<h4 class=\"wp-block-heading\">L\u2019IBEC \u00e9s un centre de recerca dedicat a la investigaci\u00f3 interdisciplin\u00e0ria de primera l\u00ednia mundial, amb la qual, mitjan\u00e7ant la creaci\u00f3 de coneixement, contribueix a millorar la salut i la qualitat de vida i a generar riquesa.<\/h4>\n\n\n\n<p>Entre els beneficiaris de la tasca desenvolupada per l\u2019Institut de Bioenginyeria de Catalunya hi ha les universitats, els centres de recerca, la comunitat cient\u00edfica, el sector empresarial impulsor de la recerca en l\u2019\u00e0mbit de la bioenginyeria i la societat en general.<\/p>\n\n\n<div class=\"responsive-tabs\">\n<h2 class=\"tabtitle\">ELS NOSTRES VALORS<\/h2>\n<div class=\"tabcontent\">\n\n\n\n\n<h4 class=\"wp-block-heading\">Basats en la missi\u00f3 i visi\u00f3 de l\u2019IBEC, els nostres valors van ser identificats i definits a trav\u00e9s del projecte &#8220;Dels valors a l&#8217;excel\u00b7l\u00e8ncia&#8221;, una acci\u00f3 en el marc de l&#8217;<a href=\"https:\/\/ibecbarcelona.eu\/ca\/human-resources-strategy\">Estrat\u00e8gia de Recursos Humans per a Investigador<\/a><a href=\"https:\/\/ibecbarcelona.eu\/human-resources-strategy\">s<\/a> d&#8217;acord amb la Carta i el Codi Europeus.<\/h4>\n\n\n\n<p>Va ser un proc\u00e9s participatiu en el qual diversos grups de treball interdisciplinaris, formats per directius, investigadors de tots els nivells i personal de suport, es van reunir entre l\u2019octubre i el novembre de 2016 per identificar i definir, en funci\u00f3 de la seva percepci\u00f3 i experi\u00e8ncia, els valors que fan \u00fanic a l&#8217;institut.<\/p>\n\n\n\n<p>Aquests valors ajuden a guiar les eleccions i decisions que els nostres investigadors prenen en la seva vida laboral.<\/p>\n\n\n\n<ul class=\"wp-block-list\">\n<li><strong>Col\u00b7laboraci\u00f3<\/strong><br>Col\u00b7laboraci\u00f3 en el sentit de suport mutu i constant. La col\u00b7laboraci\u00f3 implica sentir-se segur, recolzat i ben representat, i est\u00e0 present en tots els nivells professionals, independentment de la jerarquia. Significa estar orientat als serveis tant interna com externament, i predisposat a integrar el coneixement i els recursos pel b\u00e9 com\u00fa.<\/li>\n\n\n\n<li><strong>Creativitat<\/strong><br>La creativitat est\u00e0 darrere de les iniciatives i propostes de recerca que porten a l\u2019IBEC a tenir \u00e8xit i obtenir reconeixement internacional. La creativitat prov\u00e9 de la curiositat, i \u00e9s la capacitat de moure&#8217;s fora de la nostra zona de confort, valorant i integrant el que ja existeix per transformar-ho en alguna cosa original, que d&#8217;una altra manera no podria existir.<br>La creativitat tamb\u00e9 es veu en la integraci\u00f3 de diferents talents i recursos per aconseguir resultats innovadors i d&#8217;alt impacte.<\/li>\n\n\n\n<li><strong>Respecte<\/strong><br>El respecte \u00e9s la base del treball col\u00b7laboratiu, es basa en l&#8217;acceptaci\u00f3 i l&#8217;atenci\u00f3 a les difer\u00e8ncies, i permet un enfocament lliure de prejudicis i obert a diverses idees, aix\u00ed com la construcci\u00f3 de relacions fortes i enriquidores.<\/li>\n\n\n\n<li><strong>Perseveran\u00e7a<\/strong><br>La perseveran\u00e7a \u00e9s la cerca constant d&#8217;un alt rendiment realista, mantenint l&#8217;enfocament en la motivaci\u00f3 individual i corporativa i l&#8217;aprenentatge continu per fer que els processos, resultats i recursos siguin sostenibles en el temps.<br>Es basa a comprendre les demandes dels nostres llocs de feina, saber com valorar els recursos interns i externs i convertir els esfor\u00e7os en una font de satisfacci\u00f3 positiva.<\/li>\n\n\n\n<li><strong>Responsabilitat (cient\u00edfica i social)&nbsp;<\/strong><br>La responsabilitat \u00e9s el comprom\u00eds amb la professi\u00f3 i, per tant, actuar d&#8217;acord amb els principis de bona fe, integritat, honestedat i comunicaci\u00f3 transparent, buscar i mantenir un codi \u00e8tic de conducta clara i adherir-se a les millors pr\u00e0ctiques en ci\u00e8ncia. Es basa en l&#8217;individu assumint les conseq\u00fc\u00e8ncies de les decisions que pren, sent conscient i responsable d&#8217;elles, i reportant-les quan sigui necessari. Fa possible la llibertat cient\u00edfica i ens ajuda a ser confiables i rellevants al m\u00f3n de la recerca.<\/li>\n\n\n\n<li><strong>Interdisciplinarietat<br><\/strong>&nbsp;El nostre entorn de treball interdisciplinari est\u00e0 compost per persones vers\u00e0tils amb m\u00faltiples talents. Tamb\u00e9 reflecteix la capacitat de contribuir des de diferents perspectives, integrant el coneixement tant a nivell grupal com individual.Es basa en la capacitat de funcionar en m\u00e9s \u00e0rees que aquelles dominades gr\u00e0cies a la capacitaci\u00f3 i el desenvolupament continu, la qual cosa ajuda a crear un sistema adaptable i flexible que \u00e9s capa\u00e7 d&#8217;aconseguir excel\u00b7lents resultats fins i tot amb recursos limitats.<\/li>\n\n\n\n<li><strong>Transpar\u00e8ncia<\/strong><br>Externament, la transpar\u00e8ncia significa explicar, fer entendre les coses i establir una relaci\u00f3 de confian\u00e7a amb els socis, els empleats i la societat, actuant de manera oberta i precisa en el lliurament i comunicaci\u00f3 dels resultats cient\u00edfics i no cient\u00edfics. Internament, la transpar\u00e8ncia garanteix la coher\u00e8ncia i la presa de responsabilitat sobre les nostres pr\u00f2pies decisions, identificant un marc de refer\u00e8ncia que permeti la comprensi\u00f3.<\/li>\n<\/ul>\n\n\n<\/div><\/div>\n","protected":false},"excerpt":{"rendered":"<p>L\u2019IBEC \u00e9s un centre de recerca dedicat a la investigaci\u00f3 interdisciplin\u00e0ria de primera l\u00ednia mundial, amb la qual, mitjan\u00e7ant la creaci\u00f3 de coneixement, contribueix a millorar la salut i la &#8230; <a title=\"La nostra missi\u00f3\" class=\"read-more\" href=\"https:\/\/ibecbarcelona.eu\/ca\/sobre-nosaltres\/missio-i-visio\/\" aria-label=\"More on La nostra missi\u00f3\">Read more<\/a><\/p>\n","protected":false},"author":4,"featured_media":0,"parent":16504,"menu_order":0,"comment_status":"closed","ping_status":"closed","template":"","meta":{"footnotes":""},"tags":[],"class_list":["post-16512","page","type-page","status-publish"],"yoast_head":"<!-- This site is optimized with the Yoast SEO plugin v27.3 - https:\/\/yoast.com\/product\/yoast-seo-wordpress\/ -->\n<title>La nostra missi\u00f3 - Institute for Bioengineering of Catalonia<\/title>\n<meta name=\"robots\" content=\"index, follow, max-snippet:-1, max-image-preview:large, max-video-preview:-1\" \/>\n<link rel=\"canonical\" href=\"https:\/\/ibecbarcelona.eu\/ca\/sobre-nosaltres\/missio-i-visio\/\" \/>\n<meta property=\"og:locale\" content=\"ca_ES\" \/>\n<meta property=\"og:type\" content=\"article\" \/>\n<meta property=\"og:title\" content=\"La nostra missi\u00f3 - Institute for Bioengineering of Catalonia\" \/>\n<meta property=\"og:description\" content=\"L\u2019IBEC \u00e9s un centre de recerca dedicat a la investigaci\u00f3 interdisciplin\u00e0ria de primera l\u00ednia mundial, amb la qual, mitjan\u00e7ant la creaci\u00f3 de coneixement, contribueix a millorar la salut i la ... Read more\" \/>\n<meta property=\"og:url\" content=\"https:\/\/ibecbarcelona.eu\/ca\/sobre-nosaltres\/missio-i-visio\/\" \/>\n<meta property=\"og:site_name\" content=\"Institute for Bioengineering of Catalonia\" \/>\n<meta property=\"article:modified_time\" content=\"2025-07-30T11:04:56+00:00\" \/>\n<meta property=\"og:image\" content=\"https:\/\/ibecbarcelona.eu\/wp-content\/uploads\/2018\/09\/missionandvision2018-1-e1538132583993.png\" \/>\n\t<meta property=\"og:image:width\" content=\"555\" \/>\n\t<meta property=\"og:image:height\" content=\"442\" \/>\n\t<meta property=\"og:image:type\" content=\"image\/png\" \/>\n<meta name=\"twitter:card\" content=\"summary_large_image\" \/>\n<meta name=\"twitter:label1\" content=\"Temps estimat de lectura\" \/>\n\t<meta name=\"twitter:data1\" content=\"4 minuts\" \/>\n<script type=\"application\/ld+json\" class=\"yoast-schema-graph\">{\"@context\":\"https:\\\/\\\/schema.org\",\"@graph\":[{\"@type\":\"WebPage\",\"@id\":\"https:\\\/\\\/ibecbarcelona.eu\\\/ca\\\/sobre-nosaltres\\\/missio-i-visio\\\/\",\"url\":\"https:\\\/\\\/ibecbarcelona.eu\\\/ca\\\/sobre-nosaltres\\\/missio-i-visio\\\/\",\"name\":\"La nostra missi\u00f3 - Institute for Bioengineering of Catalonia\",\"isPartOf\":{\"@id\":\"https:\\\/\\\/ibecbarcelona.eu\\\/#website\"},\"primaryImageOfPage\":{\"@id\":\"https:\\\/\\\/ibecbarcelona.eu\\\/ca\\\/sobre-nosaltres\\\/missio-i-visio\\\/#primaryimage\"},\"image\":{\"@id\":\"https:\\\/\\\/ibecbarcelona.eu\\\/ca\\\/sobre-nosaltres\\\/missio-i-visio\\\/#primaryimage\"},\"thumbnailUrl\":\"https:\\\/\\\/ibecbarcelona.eu\\\/wp-content\\\/uploads\\\/2018\\\/09\\\/missionandvision2018-1.png\",\"datePublished\":\"2014-08-08T07:18:23+00:00\",\"dateModified\":\"2025-07-30T11:04:56+00:00\",\"breadcrumb\":{\"@id\":\"https:\\\/\\\/ibecbarcelona.eu\\\/ca\\\/sobre-nosaltres\\\/missio-i-visio\\\/#breadcrumb\"},\"inLanguage\":\"ca\",\"potentialAction\":[{\"@type\":\"ReadAction\",\"target\":[\"https:\\\/\\\/ibecbarcelona.eu\\\/ca\\\/sobre-nosaltres\\\/missio-i-visio\\\/\"]}]},{\"@type\":\"ImageObject\",\"inLanguage\":\"ca\",\"@id\":\"https:\\\/\\\/ibecbarcelona.eu\\\/ca\\\/sobre-nosaltres\\\/missio-i-visio\\\/#primaryimage\",\"url\":\"https:\\\/\\\/ibecbarcelona.eu\\\/wp-content\\\/uploads\\\/2018\\\/09\\\/missionandvision2018-1.png\",\"contentUrl\":\"https:\\\/\\\/ibecbarcelona.eu\\\/wp-content\\\/uploads\\\/2018\\\/09\\\/missionandvision2018-1.png\"},{\"@type\":\"BreadcrumbList\",\"@id\":\"https:\\\/\\\/ibecbarcelona.eu\\\/ca\\\/sobre-nosaltres\\\/missio-i-visio\\\/#breadcrumb\",\"itemListElement\":[{\"@type\":\"ListItem\",\"position\":1,\"name\":\"Home\",\"item\":\"https:\\\/\\\/ibecbarcelona.eu\\\/ca\\\/\"},{\"@type\":\"ListItem\",\"position\":2,\"name\":\"Sobre nosaltres\",\"item\":\"https:\\\/\\\/ibecbarcelona.eu\\\/ca\\\/sobre-nosaltres\\\/\"},{\"@type\":\"ListItem\",\"position\":3,\"name\":\"La nostra missi\u00f3\"}]},{\"@type\":\"WebSite\",\"@id\":\"https:\\\/\\\/ibecbarcelona.eu\\\/#website\",\"url\":\"https:\\\/\\\/ibecbarcelona.eu\\\/\",\"name\":\"Institute for Bioengineering of Catalonia\",\"description\":\"Bioengineering Solutions for Health\",\"publisher\":{\"@id\":\"https:\\\/\\\/ibecbarcelona.eu\\\/#organization\"},\"potentialAction\":[{\"@type\":\"SearchAction\",\"target\":{\"@type\":\"EntryPoint\",\"urlTemplate\":\"https:\\\/\\\/ibecbarcelona.eu\\\/?s={search_term_string}\"},\"query-input\":{\"@type\":\"PropertyValueSpecification\",\"valueRequired\":true,\"valueName\":\"search_term_string\"}}],\"inLanguage\":\"ca\"},{\"@type\":\"Organization\",\"@id\":\"https:\\\/\\\/ibecbarcelona.eu\\\/#organization\",\"name\":\"Institute for Bioengineering of Catalonia\",\"url\":\"https:\\\/\\\/ibecbarcelona.eu\\\/\",\"logo\":{\"@type\":\"ImageObject\",\"inLanguage\":\"ca\",\"@id\":\"https:\\\/\\\/ibecbarcelona.eu\\\/#\\\/schema\\\/logo\\\/image\\\/\",\"url\":\"https:\\\/\\\/ibecbarcelona.eu\\\/wp-content\\\/uploads\\\/2026\\\/01\\\/cropped-IBEC_20ANYS_GRIS.png\",\"contentUrl\":\"https:\\\/\\\/ibecbarcelona.eu\\\/wp-content\\\/uploads\\\/2026\\\/01\\\/cropped-IBEC_20ANYS_GRIS.png\",\"width\":696,\"height\":257,\"caption\":\"Institute for Bioengineering of Catalonia\"},\"image\":{\"@id\":\"https:\\\/\\\/ibecbarcelona.eu\\\/#\\\/schema\\\/logo\\\/image\\\/\"}}]}<\/script>\n<!-- \/ Yoast SEO plugin. -->","yoast_head_json":{"title":"La nostra missi\u00f3 - Institute for Bioengineering of Catalonia","robots":{"index":"index","follow":"follow","max-snippet":"max-snippet:-1","max-image-preview":"max-image-preview:large","max-video-preview":"max-video-preview:-1"},"canonical":"https:\/\/ibecbarcelona.eu\/ca\/sobre-nosaltres\/missio-i-visio\/","og_locale":"ca_ES","og_type":"article","og_title":"La nostra missi\u00f3 - Institute for Bioengineering of Catalonia","og_description":"L\u2019IBEC \u00e9s un centre de recerca dedicat a la investigaci\u00f3 interdisciplin\u00e0ria de primera l\u00ednia mundial, amb la qual, mitjan\u00e7ant la creaci\u00f3 de coneixement, contribueix a millorar la salut i la ... Read more","og_url":"https:\/\/ibecbarcelona.eu\/ca\/sobre-nosaltres\/missio-i-visio\/","og_site_name":"Institute for Bioengineering of Catalonia","article_modified_time":"2025-07-30T11:04:56+00:00","og_image":[{"width":555,"height":442,"url":"https:\/\/ibecbarcelona.eu\/wp-content\/uploads\/2018\/09\/missionandvision2018-1-e1538132583993.png","type":"image\/png"}],"twitter_card":"summary_large_image","twitter_misc":{"Temps estimat de lectura":"4 minuts"},"schema":{"@context":"https:\/\/schema.org","@graph":[{"@type":"WebPage","@id":"https:\/\/ibecbarcelona.eu\/ca\/sobre-nosaltres\/missio-i-visio\/","url":"https:\/\/ibecbarcelona.eu\/ca\/sobre-nosaltres\/missio-i-visio\/","name":"La nostra missi\u00f3 - Institute for Bioengineering of Catalonia","isPartOf":{"@id":"https:\/\/ibecbarcelona.eu\/#website"},"primaryImageOfPage":{"@id":"https:\/\/ibecbarcelona.eu\/ca\/sobre-nosaltres\/missio-i-visio\/#primaryimage"},"image":{"@id":"https:\/\/ibecbarcelona.eu\/ca\/sobre-nosaltres\/missio-i-visio\/#primaryimage"},"thumbnailUrl":"https:\/\/ibecbarcelona.eu\/wp-content\/uploads\/2018\/09\/missionandvision2018-1.png","datePublished":"2014-08-08T07:18:23+00:00","dateModified":"2025-07-30T11:04:56+00:00","breadcrumb":{"@id":"https:\/\/ibecbarcelona.eu\/ca\/sobre-nosaltres\/missio-i-visio\/#breadcrumb"},"inLanguage":"ca","potentialAction":[{"@type":"ReadAction","target":["https:\/\/ibecbarcelona.eu\/ca\/sobre-nosaltres\/missio-i-visio\/"]}]},{"@type":"ImageObject","inLanguage":"ca","@id":"https:\/\/ibecbarcelona.eu\/ca\/sobre-nosaltres\/missio-i-visio\/#primaryimage","url":"https:\/\/ibecbarcelona.eu\/wp-content\/uploads\/2018\/09\/missionandvision2018-1.png","contentUrl":"https:\/\/ibecbarcelona.eu\/wp-content\/uploads\/2018\/09\/missionandvision2018-1.png"},{"@type":"BreadcrumbList","@id":"https:\/\/ibecbarcelona.eu\/ca\/sobre-nosaltres\/missio-i-visio\/#breadcrumb","itemListElement":[{"@type":"ListItem","position":1,"name":"Home","item":"https:\/\/ibecbarcelona.eu\/ca\/"},{"@type":"ListItem","position":2,"name":"Sobre nosaltres","item":"https:\/\/ibecbarcelona.eu\/ca\/sobre-nosaltres\/"},{"@type":"ListItem","position":3,"name":"La nostra missi\u00f3"}]},{"@type":"WebSite","@id":"https:\/\/ibecbarcelona.eu\/#website","url":"https:\/\/ibecbarcelona.eu\/","name":"Institute for Bioengineering of Catalonia","description":"Bioengineering Solutions for Health","publisher":{"@id":"https:\/\/ibecbarcelona.eu\/#organization"},"potentialAction":[{"@type":"SearchAction","target":{"@type":"EntryPoint","urlTemplate":"https:\/\/ibecbarcelona.eu\/?s={search_term_string}"},"query-input":{"@type":"PropertyValueSpecification","valueRequired":true,"valueName":"search_term_string"}}],"inLanguage":"ca"},{"@type":"Organization","@id":"https:\/\/ibecbarcelona.eu\/#organization","name":"Institute for Bioengineering of Catalonia","url":"https:\/\/ibecbarcelona.eu\/","logo":{"@type":"ImageObject","inLanguage":"ca","@id":"https:\/\/ibecbarcelona.eu\/#\/schema\/logo\/image\/","url":"https:\/\/ibecbarcelona.eu\/wp-content\/uploads\/2026\/01\/cropped-IBEC_20ANYS_GRIS.png","contentUrl":"https:\/\/ibecbarcelona.eu\/wp-content\/uploads\/2026\/01\/cropped-IBEC_20ANYS_GRIS.png","width":696,"height":257,"caption":"Institute for Bioengineering of Catalonia"},"image":{"@id":"https:\/\/ibecbarcelona.eu\/#\/schema\/logo\/image\/"}}]}},"AFP_featured_media_urls":{"full":false,"thumbnail":false,"medium":false,"medium_large":false,"large":false},"AFP_attachments":{"full":["https:\/\/ibecbarcelona.eu\/wp-content\/uploads\/2018\/04\/code_cover.jpg",244,334,false],"thumbnail":["https:\/\/ibecbarcelona.eu\/wp-content\/uploads\/2018\/04\/code_cover-150x150.jpg",150,150,true],"medium":["https:\/\/ibecbarcelona.eu\/wp-content\/uploads\/2018\/04\/code_cover-219x300.jpg",219,300,true],"medium_large":["https:\/\/ibecbarcelona.eu\/wp-content\/uploads\/2018\/04\/code_cover.jpg",244,334,false],"large":["https:\/\/ibecbarcelona.eu\/wp-content\/uploads\/2018\/04\/code_cover.jpg",244,334,false]},"AFP_videos":{"90597":{"ID":90597,"post_author":"4","post_date":"2022-01-24 17:34:05","post_date_gmt":"2022-01-24 16:34:05","post_content":"","post_title":"mision","post_excerpt":"","post_status":"inherit","comment_status":"closed","ping_status":"closed","post_password":"","post_name":"mision-2","to_ping":"","pinged":"","post_modified":"2022-01-24 17:34:05","post_modified_gmt":"2022-01-24 16:34:05","post_content_filtered":"","post_parent":16512,"guid":"https:\/\/testweb.ibecbarcelona.eu\/wp-content\/uploads\/2022\/01\/mision.mov","menu_order":0,"post_type":"attachment","post_mime_type":"video\/quicktime","comment_count":"0","filter":"raw"},"90614":{"ID":90614,"post_author":"4","post_date":"2022-01-24 17:38:18","post_date_gmt":"2022-01-24 16:38:18","post_content":"","post_title":"mision","post_excerpt":"","post_status":"inherit","comment_status":"closed","ping_status":"closed","post_password":"","post_name":"mision-2-2","to_ping":"","pinged":"","post_modified":"2022-01-24 17:38:18","post_modified_gmt":"2022-01-24 16:38:18","post_content_filtered":"","post_parent":16512,"guid":"https:\/\/testweb.ibecbarcelona.eu\/wp-content\/uploads\/2022\/01\/mision-1.mov","menu_order":0,"post_type":"attachment","post_mime_type":"video\/quicktime","comment_count":"0","filter":"raw"},"90615":90597,"90616":90614},"AFP_video_blocks":"","AFP_category_names":[],"_links":{"self":[{"href":"https:\/\/ibecbarcelona.eu\/ca\/wp-json\/wp\/v2\/pages\/16512","targetHints":{"allow":["GET"]}}],"collection":[{"href":"https:\/\/ibecbarcelona.eu\/ca\/wp-json\/wp\/v2\/pages"}],"about":[{"href":"https:\/\/ibecbarcelona.eu\/ca\/wp-json\/wp\/v2\/types\/page"}],"author":[{"embeddable":true,"href":"https:\/\/ibecbarcelona.eu\/ca\/wp-json\/wp\/v2\/users\/4"}],"replies":[{"embeddable":true,"href":"https:\/\/ibecbarcelona.eu\/ca\/wp-json\/wp\/v2\/comments?post=16512"}],"version-history":[{"count":35,"href":"https:\/\/ibecbarcelona.eu\/ca\/wp-json\/wp\/v2\/pages\/16512\/revisions"}],"predecessor-version":[{"id":127953,"href":"https:\/\/ibecbarcelona.eu\/ca\/wp-json\/wp\/v2\/pages\/16512\/revisions\/127953"}],"up":[{"embeddable":true,"href":"https:\/\/ibecbarcelona.eu\/ca\/wp-json\/wp\/v2\/pages\/16504"}],"wp:attachment":[{"href":"https:\/\/ibecbarcelona.eu\/ca\/wp-json\/wp\/v2\/media?parent=16512"}],"wp:term":[{"taxonomy":"post_tag","embeddable":true,"href":"https:\/\/ibecbarcelona.eu\/ca\/wp-json\/wp\/v2\/tags?post=16512"}],"curies":[{"name":"wp","href":"https:\/\/api.w.org\/{rel}","templated":true}]}}