
{"id":17335,"date":"2015-02-13T15:00:37","date_gmt":"2015-02-13T14:00:37","guid":{"rendered":"http:\/\/ibecbarcelona.eu\/?page_id=17335"},"modified":"2023-06-21T17:22:18","modified_gmt":"2023-06-21T15:22:18","slug":"licensing-opportunities","status":"publish","type":"page","link":"https:\/\/ibecbarcelona.eu\/ca\/industria-i-hospitals\/llicencies","title":{"rendered":"Oportunitats de concessi\u00f3 de llic\u00e8ncies"},"content":{"rendered":"\n<h4 class=\"wp-block-heading\">Aqu\u00ed trobar\u00e0 la nostra cartera de llic\u00e8ncies no confidencials.<\/h4>\n\n\n\n<p>Els projectes inclosos en el nostre&nbsp;portfoli conjuguen el nostre coneixement cient\u00edfic i les necessitats de la ind\u00fastria amb un enfocament orientat al mercat.<\/p>\n\n\n\n<p>Per obtenir informaci\u00f3 addicional sobre cada projecte, contacti&#8217;ns en <a href=\"mailto:techtransfer@ibecbarcelona.eu\">techtransfer@ibecbarcelona.eu<\/a>.<\/p>\n\n\n\n<p><\/p>\n\n\n<div class=\"responsive-tabs\">\n<h2 class=\"tabtitle\">THERAPEUTICS<\/h2>\n<div class=\"tabcontent\">\n\n\n\n\n<p><a data-type=\"URL\" href=\"https:\/\/ibecbarcelona.eu\/wp-content\/uploads\/2023\/04\/1.-IBEC_onepager_MechanoforOncology_260423.pdf\" target=\"_blank\" rel=\"noreferrer noopener\"><strong>MechanoforOncology<\/strong><\/a><br>First-in-class molecule that specifically targets mechanotransduction for cancer therapy<\/p>\n\n\n\n<p><\/p>\n\n\n\n<p><strong><a href=\"https:\/\/ibecbarcelona.eu\/wp-content\/uploads\/2023\/06\/IBEC_onepager_Drug4Sight.pdf\" target=\"_blank\" rel=\"noreferrer noopener\">DRUG4SIGHT<\/a><\/strong><br>Light-regulated drugs to restore sight<\/p>\n\n\n\n<p><\/p>\n\n\n\n<p><a href=\"https:\/\/ibecbarcelona.eu\/wp-content\/uploads\/2023\/04\/3.-IBEC_onepager_Hyperpigmentation_260423.pdf\" target=\"_blank\" rel=\"noreferrer noopener\"><strong>Hyperpigmentation<\/strong><\/a><br>Novel depigmenting treatment<\/p>\n\n\n\n<p><\/p>\n\n\n\n<p><strong><a href=\"https:\/\/ibecbarcelona.eu\/wp-content\/uploads\/2023\/04\/4.-IBEC_onepager_DERMOGLASS_260423.pdf\" target=\"_blank\" rel=\"noreferrer noopener\">DERMOGLASS<\/a><\/strong><br>Calcium nanoparticle-based biodegradable material with controllable ion release properties for wound healing applications<\/p>\n\n\n\n<p><\/p>\n\n\n\n<p><strong><a href=\"https:\/\/ibecbarcelona.eu\/wp-content\/uploads\/2023\/04\/5.-IBEC_onepager_Mimetic-lymph-nodes_260423.pdf\" target=\"_blank\" rel=\"noreferrer noopener\">MIMETIC LYMPH NODES<br><\/a><\/strong>Synthetic lymph nodes made of biocompatible and 3D-printable polymer matrix that enable cell proliferation and expansion for adoptive cellular cancer immunotherapy<\/p>\n\n\n\n<p><\/p>\n\n\n\n<p><a href=\"https:\/\/ibecbarcelona.eu\/wp-content\/uploads\/2023\/04\/6.-IBEC_Uniink_onepager_250423.pdf\" target=\"_blank\" rel=\"noreferrer noopener\"><strong>Uniink<\/strong><\/a><br>Bioink for cell therapy<\/p>\n\n\n\n<p><\/p>\n\n\n\n<p><\/p>\n\n\n\n<\/div><h2 class=\"tabtitle\">MEDICAL DEVICE<\/h2>\n<div class=\"tabcontent\">\n\n\n\n\n<p><\/p>\n\n\n\n<p> <\/p>\n\n\n\n<p><strong><a rel=\"noreferrer noopener\" href=\"https:\/\/ibecbarcelona.eu\/wp-content\/uploads\/2023\/05\/IBEC_onepager_BioFilmChip.pdf\" data-type=\"URL\" target=\"_blank\">BIOFILMCHIP<\/a><\/strong><a rel=\"noreferrer noopener\" href=\"https:\/\/ibecbarcelona.eu\/wp-content\/uploads\/2022\/07\/IBEC_onepager_Biofilmchip2022.pdf\" target=\"_blank\"><br><\/a>In vitro diagnostic device to monitor biofilm growth<\/p>\n\n\n\n<p><\/p>\n\n\n\n<p><strong><a href=\"https:\/\/ibecbarcelona.eu\/wp-content\/uploads\/2023\/04\/2.-IBEC_GLAM_onepager_260423.pdf\" target=\"_blank\" rel=\"noreferrer noopener\">GLAM<\/a><br><\/strong>An innovative device for personalised diagnosis and therapy monitoring for genitourinary cancers<\/p>\n\n\n\n<p><\/p>\n\n\n\n<p><a rel=\"noreferrer noopener\" href=\"https:\/\/ibecbarcelona.eu\/wp-content\/uploads\/2023\/04\/3.-IBEC_onepager_BIOMETASENS_RAND_260423.pdf\" target=\"_blank\"><strong>BIOMETASENS<\/strong><\/a><strong><br><\/strong>Point-of-care device for monitoring of disease-related antibodies<\/p>\n\n\n\n<\/div><h2 class=\"tabtitle\">TISSUE ENGINEERING<\/h2>\n<div class=\"tabcontent\">\n\n\n\n\n<p> <\/p>\n\n\n\n<p><strong><a rel=\"noreferrer noopener\" href=\"https:\/\/ibecbarcelona.eu\/wp-content\/uploads\/2023\/04\/1.-IBEC_onepager_COAXIAL_2022_v3_260423.pdf\" target=\"_blank\">COAXIAL<\/a><\/strong><br>Width-controlled 3D bioprinting of thin and homogeneous biomimetic fibres<\/p>\n\n\n\n<p><\/p>\n\n\n\n<p><strong><a href=\"https:\/\/ibecbarcelona.eu\/wp-content\/uploads\/2023\/05\/IBEC_onepager_BRIGHTER.pdf\" target=\"_blank\" rel=\"noreferrer noopener\">BRIGHTER<\/a><\/strong><br>Stereolithographic 3D bioprinting<\/p>\n\n\n\n<p><\/p>\n\n\n\n<p><a href=\"https:\/\/ibecbarcelona.eu\/wp-content\/uploads\/2023\/05\/IBEC_onepager_GUT3DPLATE.pdf\" target=\"_blank\" rel=\"noreferrer noopener\"><strong>GUT3D-PLATE<\/strong><\/a><br>Ready-to-use cell culture plates for gut 3D models<\/p>\n\n\n\n<p><\/p>\n\n\n\n<p><a rel=\"noreferrer noopener\" href=\"https:\/\/ibecbarcelona.eu\/wp-content\/uploads\/2023\/04\/4.-IBEC_onepager_MIRO_March_260423.pdf\" target=\"_blank\"><strong>MIRO<\/strong><\/a><br>Micro Immuno Response On a Chip<\/p>\n\n\n\n<p><\/p>\n\n\n\n<\/div><h2 class=\"tabtitle\">DIGITAL HEALTH<\/h2>\n<div class=\"tabcontent\">\n\n\n\n\n<p><\/p>\n\n\n\n<p><a rel=\"noreferrer noopener\" href=\"https:\/\/ibecbarcelona.eu\/wp-content\/uploads\/2023\/04\/IBEC_onepager_mHealthySleep_260423.pdf\" target=\"_blank\"><strong>mhealthySleep<\/strong><\/a><strong><br><\/strong>Early detection, assessment, and management of sleep disorders at home<\/p>\n\n\n\n<p><\/p>\n\n\n\n<\/div><h2 class=\"tabtitle\">NON-HEALTHCARE APPLICATIONS<\/h2>\n<div class=\"tabcontent\">\n\n\n\n\n<p><\/p>\n\n\n\n<p><a rel=\"noreferrer noopener\" href=\"https:\/\/ibecbarcelona.eu\/wp-content\/uploads\/2023\/04\/IBEC_onepager_EDRONE_260423.pdf\" target=\"_blank\"><strong>EDRON<\/strong><\/a><br>Drone for measuring the concentration of odour<\/p>\n\n\n\n<p><\/p>\n\n\n<\/div><\/div>\n","protected":false},"excerpt":{"rendered":"<p>Aqu\u00ed trobar\u00e0 la nostra cartera de llic\u00e8ncies no confidencials. Els projectes inclosos en el nostre&nbsp;portfoli conjuguen el nostre coneixement cient\u00edfic i les necessitats de la ind\u00fastria amb un enfocament orientat &#8230; <a title=\"Oportunitats de concessi\u00f3 de llic\u00e8ncies\" class=\"read-more\" href=\"https:\/\/ibecbarcelona.eu\/ca\/industria-i-hospitals\/llicencies\" aria-label=\"More on Oportunitats de concessi\u00f3 de llic\u00e8ncies\">Read more<\/a><\/p>\n","protected":false},"author":4,"featured_media":94954,"parent":95521,"menu_order":0,"comment_status":"closed","ping_status":"closed","template":"","meta":{"footnotes":""},"tags":[],"class_list":["post-17335","page","type-page","status-publish","has-post-thumbnail"],"yoast_head":"<!-- This site is optimized with the Yoast SEO plugin v27.4 - https:\/\/yoast.com\/product\/yoast-seo-wordpress\/ -->\n<title>Oportunitats de concessi\u00f3 de llic\u00e8ncies - Institute for Bioengineering of Catalonia<\/title>\n<meta name=\"description\" content=\"Els projectes inclosos en el nostre\u00a0portfoli conjuguen el nostre coneixement cient\u00edfic i les necessitats de la ind\u00fastria amb un enfocament orientat al mercat.\" \/>\n<meta name=\"robots\" content=\"index, follow, max-snippet:-1, max-image-preview:large, max-video-preview:-1\" \/>\n<link rel=\"canonical\" href=\"https:\/\/ibecbarcelona.eu\/ca\/industria-i-hospitals\/llicencies\/\" \/>\n<meta property=\"og:locale\" content=\"ca_ES\" \/>\n<meta property=\"og:type\" content=\"article\" \/>\n<meta property=\"og:title\" content=\"Oportunitats de concessi\u00f3 de llic\u00e8ncies - Institute for Bioengineering of Catalonia\" \/>\n<meta property=\"og:description\" content=\"Els projectes inclosos en el nostre\u00a0portfoli conjuguen el nostre coneixement cient\u00edfic i les necessitats de la ind\u00fastria amb un enfocament orientat al mercat.\" \/>\n<meta property=\"og:url\" content=\"https:\/\/ibecbarcelona.eu\/ca\/industria-i-hospitals\/llicencies\/\" \/>\n<meta property=\"og:site_name\" content=\"Institute for Bioengineering of Catalonia\" \/>\n<meta property=\"article:modified_time\" content=\"2023-06-21T15:22:18+00:00\" \/>\n<meta property=\"og:image\" content=\"https:\/\/ibecbarcelona.eu\/wp-content\/uploads\/2022\/07\/4x1_lisensing.jpg\" \/>\n\t<meta property=\"og:image:width\" content=\"2000\" \/>\n\t<meta property=\"og:image:height\" content=\"500\" \/>\n\t<meta property=\"og:image:type\" content=\"image\/jpeg\" \/>\n<meta name=\"twitter:card\" content=\"summary_large_image\" \/>\n<meta name=\"twitter:label1\" content=\"Temps estimat de lectura\" \/>\n\t<meta name=\"twitter:data1\" content=\"2 minuts\" \/>\n<script type=\"application\/ld+json\" class=\"yoast-schema-graph\">{\"@context\":\"https:\\\/\\\/schema.org\",\"@graph\":[{\"@type\":\"WebPage\",\"@id\":\"https:\\\/\\\/ibecbarcelona.eu\\\/ca\\\/industria-i-hospitals\\\/llicencies\\\/\",\"url\":\"https:\\\/\\\/ibecbarcelona.eu\\\/ca\\\/industria-i-hospitals\\\/llicencies\\\/\",\"name\":\"Oportunitats de concessi\u00f3 de llic\u00e8ncies - Institute for Bioengineering of Catalonia\",\"isPartOf\":{\"@id\":\"https:\\\/\\\/ibecbarcelona.eu\\\/#website\"},\"primaryImageOfPage\":{\"@id\":\"https:\\\/\\\/ibecbarcelona.eu\\\/ca\\\/industria-i-hospitals\\\/llicencies\\\/#primaryimage\"},\"image\":{\"@id\":\"https:\\\/\\\/ibecbarcelona.eu\\\/ca\\\/industria-i-hospitals\\\/llicencies\\\/#primaryimage\"},\"thumbnailUrl\":\"https:\\\/\\\/ibecbarcelona.eu\\\/wp-content\\\/uploads\\\/2022\\\/07\\\/4x1_lisensing.jpg\",\"datePublished\":\"2015-02-13T14:00:37+00:00\",\"dateModified\":\"2023-06-21T15:22:18+00:00\",\"description\":\"Els projectes inclosos en el nostre\u00a0portfoli conjuguen el nostre coneixement cient\u00edfic i les necessitats de la ind\u00fastria amb un enfocament orientat al mercat.\",\"breadcrumb\":{\"@id\":\"https:\\\/\\\/ibecbarcelona.eu\\\/ca\\\/industria-i-hospitals\\\/llicencies\\\/#breadcrumb\"},\"inLanguage\":\"ca\",\"potentialAction\":[{\"@type\":\"ReadAction\",\"target\":[\"https:\\\/\\\/ibecbarcelona.eu\\\/ca\\\/industria-i-hospitals\\\/llicencies\\\/\"]}]},{\"@type\":\"ImageObject\",\"inLanguage\":\"ca\",\"@id\":\"https:\\\/\\\/ibecbarcelona.eu\\\/ca\\\/industria-i-hospitals\\\/llicencies\\\/#primaryimage\",\"url\":\"https:\\\/\\\/ibecbarcelona.eu\\\/wp-content\\\/uploads\\\/2022\\\/07\\\/4x1_lisensing.jpg\",\"contentUrl\":\"https:\\\/\\\/ibecbarcelona.eu\\\/wp-content\\\/uploads\\\/2022\\\/07\\\/4x1_lisensing.jpg\",\"width\":2000,\"height\":500},{\"@type\":\"BreadcrumbList\",\"@id\":\"https:\\\/\\\/ibecbarcelona.eu\\\/ca\\\/industria-i-hospitals\\\/llicencies\\\/#breadcrumb\",\"itemListElement\":[{\"@type\":\"ListItem\",\"position\":1,\"name\":\"Home\",\"item\":\"https:\\\/\\\/ibecbarcelona.eu\\\/ca\\\/\"},{\"@type\":\"ListItem\",\"position\":2,\"name\":\"Industria i Hospitals\",\"item\":\"https:\\\/\\\/ibecbarcelona.eu\\\/ca\\\/industria-i-hospitals\\\/\"},{\"@type\":\"ListItem\",\"position\":3,\"name\":\"Oportunitats de concessi\u00f3 de llic\u00e8ncies\"}]},{\"@type\":\"WebSite\",\"@id\":\"https:\\\/\\\/ibecbarcelona.eu\\\/#website\",\"url\":\"https:\\\/\\\/ibecbarcelona.eu\\\/\",\"name\":\"Institute for Bioengineering of Catalonia\",\"description\":\"Bioengineering Solutions for Health\",\"publisher\":{\"@id\":\"https:\\\/\\\/ibecbarcelona.eu\\\/#organization\"},\"potentialAction\":[{\"@type\":\"SearchAction\",\"target\":{\"@type\":\"EntryPoint\",\"urlTemplate\":\"https:\\\/\\\/ibecbarcelona.eu\\\/?s={search_term_string}\"},\"query-input\":{\"@type\":\"PropertyValueSpecification\",\"valueRequired\":true,\"valueName\":\"search_term_string\"}}],\"inLanguage\":\"ca\"},{\"@type\":\"Organization\",\"@id\":\"https:\\\/\\\/ibecbarcelona.eu\\\/#organization\",\"name\":\"Institute for Bioengineering of Catalonia\",\"url\":\"https:\\\/\\\/ibecbarcelona.eu\\\/\",\"logo\":{\"@type\":\"ImageObject\",\"inLanguage\":\"ca\",\"@id\":\"https:\\\/\\\/ibecbarcelona.eu\\\/#\\\/schema\\\/logo\\\/image\\\/\",\"url\":\"https:\\\/\\\/ibecbarcelona.eu\\\/wp-content\\\/uploads\\\/2026\\\/01\\\/cropped-IBEC_20ANYS_GRIS.png\",\"contentUrl\":\"https:\\\/\\\/ibecbarcelona.eu\\\/wp-content\\\/uploads\\\/2026\\\/01\\\/cropped-IBEC_20ANYS_GRIS.png\",\"width\":696,\"height\":257,\"caption\":\"Institute for Bioengineering of Catalonia\"},\"image\":{\"@id\":\"https:\\\/\\\/ibecbarcelona.eu\\\/#\\\/schema\\\/logo\\\/image\\\/\"}}]}<\/script>\n<!-- \/ Yoast SEO plugin. -->","yoast_head_json":{"title":"Oportunitats de concessi\u00f3 de llic\u00e8ncies - Institute for Bioengineering of Catalonia","description":"Els projectes inclosos en el nostre\u00a0portfoli conjuguen el nostre coneixement cient\u00edfic i les necessitats de la ind\u00fastria amb un enfocament orientat al mercat.","robots":{"index":"index","follow":"follow","max-snippet":"max-snippet:-1","max-image-preview":"max-image-preview:large","max-video-preview":"max-video-preview:-1"},"canonical":"https:\/\/ibecbarcelona.eu\/ca\/industria-i-hospitals\/llicencies\/","og_locale":"ca_ES","og_type":"article","og_title":"Oportunitats de concessi\u00f3 de llic\u00e8ncies - Institute for Bioengineering of Catalonia","og_description":"Els projectes inclosos en el nostre\u00a0portfoli conjuguen el nostre coneixement cient\u00edfic i les necessitats de la ind\u00fastria amb un enfocament orientat al mercat.","og_url":"https:\/\/ibecbarcelona.eu\/ca\/industria-i-hospitals\/llicencies\/","og_site_name":"Institute for Bioengineering of Catalonia","article_modified_time":"2023-06-21T15:22:18+00:00","og_image":[{"width":2000,"height":500,"url":"https:\/\/ibecbarcelona.eu\/wp-content\/uploads\/2022\/07\/4x1_lisensing.jpg","type":"image\/jpeg"}],"twitter_card":"summary_large_image","twitter_misc":{"Temps estimat de lectura":"2 minuts"},"schema":{"@context":"https:\/\/schema.org","@graph":[{"@type":"WebPage","@id":"https:\/\/ibecbarcelona.eu\/ca\/industria-i-hospitals\/llicencies\/","url":"https:\/\/ibecbarcelona.eu\/ca\/industria-i-hospitals\/llicencies\/","name":"Oportunitats de concessi\u00f3 de llic\u00e8ncies - Institute for Bioengineering of Catalonia","isPartOf":{"@id":"https:\/\/ibecbarcelona.eu\/#website"},"primaryImageOfPage":{"@id":"https:\/\/ibecbarcelona.eu\/ca\/industria-i-hospitals\/llicencies\/#primaryimage"},"image":{"@id":"https:\/\/ibecbarcelona.eu\/ca\/industria-i-hospitals\/llicencies\/#primaryimage"},"thumbnailUrl":"https:\/\/ibecbarcelona.eu\/wp-content\/uploads\/2022\/07\/4x1_lisensing.jpg","datePublished":"2015-02-13T14:00:37+00:00","dateModified":"2023-06-21T15:22:18+00:00","description":"Els projectes inclosos en el nostre\u00a0portfoli conjuguen el nostre coneixement cient\u00edfic i les necessitats de la ind\u00fastria amb un enfocament orientat al mercat.","breadcrumb":{"@id":"https:\/\/ibecbarcelona.eu\/ca\/industria-i-hospitals\/llicencies\/#breadcrumb"},"inLanguage":"ca","potentialAction":[{"@type":"ReadAction","target":["https:\/\/ibecbarcelona.eu\/ca\/industria-i-hospitals\/llicencies\/"]}]},{"@type":"ImageObject","inLanguage":"ca","@id":"https:\/\/ibecbarcelona.eu\/ca\/industria-i-hospitals\/llicencies\/#primaryimage","url":"https:\/\/ibecbarcelona.eu\/wp-content\/uploads\/2022\/07\/4x1_lisensing.jpg","contentUrl":"https:\/\/ibecbarcelona.eu\/wp-content\/uploads\/2022\/07\/4x1_lisensing.jpg","width":2000,"height":500},{"@type":"BreadcrumbList","@id":"https:\/\/ibecbarcelona.eu\/ca\/industria-i-hospitals\/llicencies\/#breadcrumb","itemListElement":[{"@type":"ListItem","position":1,"name":"Home","item":"https:\/\/ibecbarcelona.eu\/ca\/"},{"@type":"ListItem","position":2,"name":"Industria i Hospitals","item":"https:\/\/ibecbarcelona.eu\/ca\/industria-i-hospitals\/"},{"@type":"ListItem","position":3,"name":"Oportunitats de concessi\u00f3 de llic\u00e8ncies"}]},{"@type":"WebSite","@id":"https:\/\/ibecbarcelona.eu\/#website","url":"https:\/\/ibecbarcelona.eu\/","name":"Institute for Bioengineering of Catalonia","description":"Bioengineering Solutions for Health","publisher":{"@id":"https:\/\/ibecbarcelona.eu\/#organization"},"potentialAction":[{"@type":"SearchAction","target":{"@type":"EntryPoint","urlTemplate":"https:\/\/ibecbarcelona.eu\/?s={search_term_string}"},"query-input":{"@type":"PropertyValueSpecification","valueRequired":true,"valueName":"search_term_string"}}],"inLanguage":"ca"},{"@type":"Organization","@id":"https:\/\/ibecbarcelona.eu\/#organization","name":"Institute for Bioengineering of Catalonia","url":"https:\/\/ibecbarcelona.eu\/","logo":{"@type":"ImageObject","inLanguage":"ca","@id":"https:\/\/ibecbarcelona.eu\/#\/schema\/logo\/image\/","url":"https:\/\/ibecbarcelona.eu\/wp-content\/uploads\/2026\/01\/cropped-IBEC_20ANYS_GRIS.png","contentUrl":"https:\/\/ibecbarcelona.eu\/wp-content\/uploads\/2026\/01\/cropped-IBEC_20ANYS_GRIS.png","width":696,"height":257,"caption":"Institute for Bioengineering of Catalonia"},"image":{"@id":"https:\/\/ibecbarcelona.eu\/#\/schema\/logo\/image\/"}}]}},"AFP_featured_media_urls":{"full":["https:\/\/ibecbarcelona.eu\/wp-content\/uploads\/2022\/07\/4x1_lisensing.jpg",2000,500,false],"thumbnail":["https:\/\/ibecbarcelona.eu\/wp-content\/uploads\/2022\/07\/4x1_lisensing-150x150.jpg",150,150,true],"medium":["https:\/\/ibecbarcelona.eu\/wp-content\/uploads\/2022\/07\/4x1_lisensing-300x75.jpg",300,75,true],"medium_large":["https:\/\/ibecbarcelona.eu\/wp-content\/uploads\/2022\/07\/4x1_lisensing-768x192.jpg",768,192,true],"large":["https:\/\/ibecbarcelona.eu\/wp-content\/uploads\/2022\/07\/4x1_lisensing-1024x256.jpg",1024,256,true]},"AFP_attachments":{"full":["https:\/\/ibecbarcelona.eu\/wp-content\/uploads\/2022\/04\/licensing-oportunities_200x5.jpg",2000,500,false],"thumbnail":["https:\/\/ibecbarcelona.eu\/wp-content\/uploads\/2022\/04\/licensing-oportunities_200x5-150x150.jpg",150,150,true],"medium":["https:\/\/ibecbarcelona.eu\/wp-content\/uploads\/2022\/04\/licensing-oportunities_200x5-300x75.jpg",300,75,true],"medium_large":["https:\/\/ibecbarcelona.eu\/wp-content\/uploads\/2022\/04\/licensing-oportunities_200x5-768x192.jpg",768,192,true],"large":["https:\/\/ibecbarcelona.eu\/wp-content\/uploads\/2022\/04\/licensing-oportunities_200x5-1024x256.jpg",1024,256,true]},"AFP_videos":[],"AFP_video_blocks":"","AFP_category_names":[],"_links":{"self":[{"href":"https:\/\/ibecbarcelona.eu\/ca\/wp-json\/wp\/v2\/pages\/17335","targetHints":{"allow":["GET"]}}],"collection":[{"href":"https:\/\/ibecbarcelona.eu\/ca\/wp-json\/wp\/v2\/pages"}],"about":[{"href":"https:\/\/ibecbarcelona.eu\/ca\/wp-json\/wp\/v2\/types\/page"}],"author":[{"embeddable":true,"href":"https:\/\/ibecbarcelona.eu\/ca\/wp-json\/wp\/v2\/users\/4"}],"replies":[{"embeddable":true,"href":"https:\/\/ibecbarcelona.eu\/ca\/wp-json\/wp\/v2\/comments?post=17335"}],"version-history":[{"count":30,"href":"https:\/\/ibecbarcelona.eu\/ca\/wp-json\/wp\/v2\/pages\/17335\/revisions"}],"predecessor-version":[{"id":108937,"href":"https:\/\/ibecbarcelona.eu\/ca\/wp-json\/wp\/v2\/pages\/17335\/revisions\/108937"}],"up":[{"embeddable":true,"href":"https:\/\/ibecbarcelona.eu\/ca\/wp-json\/wp\/v2\/pages\/95521"}],"wp:featuredmedia":[{"embeddable":true,"href":"https:\/\/ibecbarcelona.eu\/ca\/wp-json\/wp\/v2\/media\/94954"}],"wp:attachment":[{"href":"https:\/\/ibecbarcelona.eu\/ca\/wp-json\/wp\/v2\/media?parent=17335"}],"wp:term":[{"taxonomy":"post_tag","embeddable":true,"href":"https:\/\/ibecbarcelona.eu\/ca\/wp-json\/wp\/v2\/tags?post=17335"}],"curies":[{"name":"wp","href":"https:\/\/api.w.org\/{rel}","templated":true}]}}