
{"id":17370,"date":"2014-10-16T11:26:53","date_gmt":"2014-10-16T09:26:53","guid":{"rendered":"http:\/\/ibecbarcelona.eu\/?page_id=17370"},"modified":"2025-10-13T09:40:46","modified_gmt":"2025-10-13T07:40:46","slug":"market-driven-technology-transfer","status":"publish","type":"page","link":"https:\/\/ibecbarcelona.eu\/ca\/industria-i-hospitals\/transferencia-de-tecnologia-impulsada-des-del-mercat","title":{"rendered":"Transfer\u00e8ncia de tecnologia impulsada des del mercat"},"content":{"rendered":"\n<h4 class=\"wp-block-heading\">L&#8217;IBEC es compromet a convertir els resultats de la recerca en aplicacions pr\u00e0ctiques, proporcionant solucions innovadores a la ind\u00fastria i els hospitals, i tamb\u00e9 a la societat.<\/h4>\n\n\n\n<p>La <strong>transfer\u00e8ncia de tecnologia que duem a terme s&#8217;impulsa des del mercat<\/strong>, gestionant els nostres projectes des d&#8217;una perspectiva de mercat. Identifiquem i patentem nous descobriments i resultats i definim estrat\u00e8gies de comercialitzaci\u00f3, ja sigui mitjan\u00e7ant acords de llic\u00e8ncia o&nbsp;spin-offs. Ens relacionem amb socis industrials, brindant solucions que poden convertir-se en productes o en recerca col\u00b7laborativa.<\/p>\n\n\n\n<p>Hem establert un s\u00f2lid canal de comunicaci\u00f3 amb la <strong>ind\u00fastria<\/strong> i som conscients de les seves necessitats i limitacions en cada pas del proc\u00e9s. Consultem amb<strong> l\u00edders d&#8217;opini\u00f3<\/strong> claus per a con\u00e8ixer les oportunitats del mercat, i enquestem a <strong>personal cl\u00ednic<\/strong> amb la finalitat de comprendre millor la pr\u00e0ctica cl\u00ednica actual i identificar quins productes i serveis serien valuosos. Incorporem <strong>estrat\u00e8gies d&#8217;assumptes reguladors<\/strong> per a identificar el millor m\u00e8tode per a portar un producte al mercat i anticipar-nos a les necessitats dels nostres socis.<\/p>\n\n\n\n<ul class=\"wp-block-list\">\n<li><strong>Contacti amb la nostra <a href=\"https:\/\/ibecbarcelona.eu\/ca\/for-industry\/meet-the-tech-transfer-team\">Oficina de Transfer\u00e8ncia de Tecnologia<\/a><\/strong>, que facilitar\u00e0 el proc\u00e9s i mediar\u00e0 entre la seva empresa i els equips de recerca.<\/li>\n\n\n\n<li><strong>IBEC alberga equips de recerca multidisciplinaris<\/strong>, amb diverses habilitats i antecedents; podem oferir una varietat de tecnologies i experi\u00e8ncia.<\/li>\n\n\n\n<li><strong>IBEC es compromet a explotar al m\u00e0xim els resultats de la nostra recerca<\/strong>, donem suport a la protecci\u00f3 adequada de la PI generada i busquem activament oportunitats de llic\u00e8ncia.<\/li>\n\n\n\n<li><strong>Entenem les prioritats de la seva empresa<\/strong>. Comparteixi les seves necessitats i limitacions amb nosaltres; i podem definir quina soluci\u00f3 funciona millor per a vost\u00e8.<\/li>\n\n\n\n<li><strong>Busquem les millors oportunitats de finan\u00e7ament per a projectes col\u00b7laboratius<\/strong>. L&#8217;Oficina de Projectes de l&#8217;IBEC fa costat tant als nostres cient\u00edfics com als seus col\u00b7laboradors per a identificar fonts i els acompanya a trav\u00e9s dels complicats processos de sol\u00b7licitud.<\/li>\n<\/ul>\n\n\n<div class=\"responsive-tabs\">\n<h2 class=\"tabtitle\">LINIES D'INVESTIGACI\u00d3<\/h2>\n<div class=\"tabcontent\">\n\n\n\n<div class=\"wp-block-image is-style-default\">\n<figure class=\"aligncenter size-full is-resized\"><img decoding=\"async\" width=\"401\" height=\"497\" data-src=\"https:\/\/ibecbarcelona.eu\/wp-content\/uploads\/2022\/04\/applied-focus-areas.jpg\" alt=\"\" class=\"wp-image-93620 lazyload\" style=\"--smush-placeholder-width: 401px; --smush-placeholder-aspect-ratio: 401\/497;width:520px\" data-srcset=\"https:\/\/ibecbarcelona.eu\/wp-content\/uploads\/2022\/04\/applied-focus-areas.jpg 401w, https:\/\/ibecbarcelona.eu\/wp-content\/uploads\/2022\/04\/applied-focus-areas-242x300.jpg 242w\" data-sizes=\"(max-width: 401px) 100vw, 401px\" src=\"data:image\/svg+xml;base64,PHN2ZyB3aWR0aD0iMSIgaGVpZ2h0PSIxIiB4bWxucz0iaHR0cDovL3d3dy53My5vcmcvMjAwMC9zdmciPjwvc3ZnPg==\" \/><\/figure><\/div>\n\n\n<\/div><h2 class=\"tabtitle\">CENTRE TECNIO<\/h2>\n<div class=\"tabcontent\">\n\n\n\n\n<h4 class=\"wp-block-heading\">La Generalitat de Catalunya, a trav\u00e9s d&#8217;<a href=\"http:\/\/www.accio.gencat.cat\/ca\/inici\" target=\"_blank\" rel=\"noreferrer noopener\">ACCI\u00d3<\/a> \u2013Ag\u00e8ncia per al foment de la competitivitat de les empreses catalanes- va acreditar l&#8217;any 2019 l&#8217;Institut de Bioenginyeria de Catalunya (IBEC) amb el segell <a href=\"https:\/\/www.accio.gencat.cat\/ca\/serveis\/innovacio\/tecnologia-per-a-lempresa\/tecnio\/\" target=\"_blank\" rel=\"noreferrer noopener\">TECNIO<\/a>.<\/h4>\n\n\n\n<div class=\"wp-block-columns is-layout-flex wp-container-core-columns-is-layout-9d6595d7 wp-block-columns-is-layout-flex\">\n<div class=\"wp-block-column is-layout-flow wp-block-column-is-layout-flow\" style=\"flex-basis:33.33%\">\n<figure class=\"wp-block-image size-full\" id=\"www.accio.gencat.cat\"><img decoding=\"async\" width=\"939\" height=\"558\" data-src=\"https:\/\/ibecbarcelona.eu\/wp-content\/uploads\/2025\/10\/segell-acreditacions-entitat-TECNIO-horitzontal-1.png\" alt=\"\" class=\"wp-image-129033 lazyload\" data-srcset=\"https:\/\/ibecbarcelona.eu\/wp-content\/uploads\/2025\/10\/segell-acreditacions-entitat-TECNIO-horitzontal-1.png 939w, https:\/\/ibecbarcelona.eu\/wp-content\/uploads\/2025\/10\/segell-acreditacions-entitat-TECNIO-horitzontal-1-300x178.png 300w, https:\/\/ibecbarcelona.eu\/wp-content\/uploads\/2025\/10\/segell-acreditacions-entitat-TECNIO-horitzontal-1-768x456.png 768w\" data-sizes=\"(max-width: 939px) 100vw, 939px\" src=\"data:image\/svg+xml;base64,PHN2ZyB3aWR0aD0iMSIgaGVpZ2h0PSIxIiB4bWxucz0iaHR0cDovL3d3dy53My5vcmcvMjAwMC9zdmciPjwvc3ZnPg==\" style=\"--smush-placeholder-width: 939px; --smush-placeholder-aspect-ratio: 939\/558;\" \/><\/figure>\n<\/div>\n\n\n\n<div class=\"wp-block-column is-layout-flow wp-block-column-is-layout-flow\" style=\"flex-basis:66.66%\">\n<p>Aquest programa t\u00e9 com a objectiu identificar les institucions catalanes que desenvolupin tecnologies innovadores i aportin impacte a l&#8217;ecosistema d&#8217;R+D+I. Aix\u00f2 permet que les pimes i grans empreses reconeguin els centres tecnol\u00f2gics i de recerca de primer nivell catalans, per facilitar la transfer\u00e8ncia de tecnologia en productes i serveis.<\/p>\n\n\n\n<p>El segell TECNIO \u00e9s una oportunitat per als centres tecnol\u00f2gics per atraure nous socis i prove\u00efdors, tant locals com internacionals. L&#8217;objectiu principal d&#8217;aquest programa \u00e9s enfortir l&#8217;ecosistema d&#8217;innovaci\u00f3 catal\u00e0.<\/p>\n<\/div>\n<\/div>\n\n\n\n<div class=\"wp-block-columns is-layout-flex wp-container-core-columns-is-layout-9d6595d7 wp-block-columns-is-layout-flex\">\n<div class=\"wp-block-column is-layout-flow wp-block-column-is-layout-flow\" style=\"flex-basis:100%\">\n<p><\/p>\n<\/div>\n<\/div>\n\n\n\n<figure class=\"wp-block-embed is-type-video is-provider-youtube wp-block-embed-youtube wp-embed-aspect-16-9 wp-has-aspect-ratio\"><div class=\"wp-block-embed__wrapper\">\n<iframe title=\"[TECNIO] Do you want your business to be more competitive?\" width=\"1200\" height=\"675\" data-src=\"https:\/\/www.youtube.com\/embed\/pTEdmRi2TMQ?start=4&#038;feature=oembed\" frameborder=\"0\" allow=\"accelerometer; autoplay; clipboard-write; encrypted-media; gyroscope; picture-in-picture\" allowfullscreen src=\"data:image\/svg+xml;base64,PHN2ZyB3aWR0aD0iMSIgaGVpZ2h0PSIxIiB4bWxucz0iaHR0cDovL3d3dy53My5vcmcvMjAwMC9zdmciPjwvc3ZnPg==\" class=\"lazyload\" data-load-mode=\"1\"><\/iframe>\n<\/div><\/figure>\n\n\n\n<\/div><h2 class=\"tabtitle\">JUNTA D'INNOVACI\u00d3 EMPRESARIAL<\/h2>\n<div class=\"tabcontent\">\n\n\n\n\n<h4 class=\"wp-block-heading\">El Patronat d&#8217;Innovaci\u00f3 Empresarial de l&#8217;IBEC est\u00e0 format per experts d&#8217;empreses tecnol\u00f2giques l\u00edders que ajuden l&#8217;institut a configurar les seves estrat\u00e8gies de valoritzaci\u00f3 i comercialitzaci\u00f3 de la recerca i per a col\u00b7laboracions fruct\u00edferes i eficients amb la ind\u00fastria.<\/h4>\n\n\n\n<figure class=\"wp-block-image size-full is-style-default\"><img decoding=\"async\" width=\"800\" height=\"337\" data-src=\"https:\/\/ibecbarcelona.eu\/wp-content\/uploads\/2019\/12\/businessboardlogos.jpg\" alt=\"\" class=\"wp-image-70031 lazyload\" data-srcset=\"https:\/\/ibecbarcelona.eu\/wp-content\/uploads\/2019\/12\/businessboardlogos.jpg 800w, https:\/\/ibecbarcelona.eu\/wp-content\/uploads\/2019\/12\/businessboardlogos-300x126.jpg 300w, https:\/\/ibecbarcelona.eu\/wp-content\/uploads\/2019\/12\/businessboardlogos-768x324.jpg 768w, https:\/\/ibecbarcelona.eu\/wp-content\/uploads\/2019\/12\/businessboardlogos-150x63.jpg 150w\" data-sizes=\"(max-width: 800px) 100vw, 800px\" src=\"data:image\/svg+xml;base64,PHN2ZyB3aWR0aD0iMSIgaGVpZ2h0PSIxIiB4bWxucz0iaHR0cDovL3d3dy53My5vcmcvMjAwMC9zdmciPjwvc3ZnPg==\" style=\"--smush-placeholder-width: 800px; --smush-placeholder-aspect-ratio: 800\/337;\" \/><\/figure>\n\n\n<\/div><\/div>\n\n\n\n<p><\/p>\n","protected":false},"excerpt":{"rendered":"<p>L&#8217;IBEC es compromet a convertir els resultats de la recerca en aplicacions pr\u00e0ctiques, proporcionant solucions innovadores a la ind\u00fastria i els hospitals, i tamb\u00e9 a la societat. La transfer\u00e8ncia de &#8230; <a title=\"Transfer\u00e8ncia de tecnologia impulsada des del mercat\" class=\"read-more\" href=\"https:\/\/ibecbarcelona.eu\/ca\/industria-i-hospitals\/transferencia-de-tecnologia-impulsada-des-del-mercat\" aria-label=\"More on Transfer\u00e8ncia de tecnologia impulsada des del mercat\">Read more<\/a><\/p>\n","protected":false},"author":4,"featured_media":94943,"parent":95521,"menu_order":0,"comment_status":"closed","ping_status":"closed","template":"","meta":{"footnotes":""},"tags":[],"class_list":["post-17370","page","type-page","status-publish","has-post-thumbnail"],"yoast_head":"<!-- This site is optimized with the Yoast SEO plugin v27.4 - https:\/\/yoast.com\/product\/yoast-seo-wordpress\/ -->\n<title>Transfer\u00e8ncia de tecnologia impulsada des del mercat - Institute for Bioengineering of Catalonia<\/title>\n<meta name=\"robots\" content=\"index, follow, max-snippet:-1, max-image-preview:large, max-video-preview:-1\" \/>\n<link rel=\"canonical\" href=\"https:\/\/ibecbarcelona.eu\/ca\/industria-i-hospitals\/transferencia-de-tecnologia-impulsada-des-del-mercat\/\" \/>\n<meta property=\"og:locale\" content=\"ca_ES\" \/>\n<meta property=\"og:type\" content=\"article\" \/>\n<meta property=\"og:title\" content=\"Transfer\u00e8ncia de tecnologia impulsada des del mercat - Institute for Bioengineering of Catalonia\" \/>\n<meta property=\"og:description\" content=\"L&#8217;IBEC es compromet a convertir els resultats de la recerca en aplicacions pr\u00e0ctiques, proporcionant solucions innovadores a la ind\u00fastria i els hospitals, i tamb\u00e9 a la societat. La transfer\u00e8ncia de ... Read more\" \/>\n<meta property=\"og:url\" content=\"https:\/\/ibecbarcelona.eu\/ca\/industria-i-hospitals\/transferencia-de-tecnologia-impulsada-des-del-mercat\/\" \/>\n<meta property=\"og:site_name\" content=\"Institute for Bioengineering of Catalonia\" \/>\n<meta property=\"article:modified_time\" content=\"2025-10-13T07:40:46+00:00\" \/>\n<meta property=\"og:image\" content=\"https:\/\/ibecbarcelona.eu\/wp-content\/uploads\/2022\/07\/4x1_techtransfer-market-driven.jpg\" \/>\n\t<meta property=\"og:image:width\" content=\"2000\" \/>\n\t<meta property=\"og:image:height\" content=\"500\" \/>\n\t<meta property=\"og:image:type\" content=\"image\/jpeg\" \/>\n<meta name=\"twitter:card\" content=\"summary_large_image\" \/>\n<meta name=\"twitter:label1\" content=\"Temps estimat de lectura\" \/>\n\t<meta name=\"twitter:data1\" content=\"4 minuts\" \/>\n<script type=\"application\/ld+json\" class=\"yoast-schema-graph\">{\"@context\":\"https:\\\/\\\/schema.org\",\"@graph\":[{\"@type\":\"WebPage\",\"@id\":\"https:\\\/\\\/ibecbarcelona.eu\\\/ca\\\/industria-i-hospitals\\\/transferencia-de-tecnologia-impulsada-des-del-mercat\\\/\",\"url\":\"https:\\\/\\\/ibecbarcelona.eu\\\/ca\\\/industria-i-hospitals\\\/transferencia-de-tecnologia-impulsada-des-del-mercat\\\/\",\"name\":\"Transfer\u00e8ncia de tecnologia impulsada des del mercat - Institute for Bioengineering of Catalonia\",\"isPartOf\":{\"@id\":\"https:\\\/\\\/ibecbarcelona.eu\\\/#website\"},\"primaryImageOfPage\":{\"@id\":\"https:\\\/\\\/ibecbarcelona.eu\\\/ca\\\/industria-i-hospitals\\\/transferencia-de-tecnologia-impulsada-des-del-mercat\\\/#primaryimage\"},\"image\":{\"@id\":\"https:\\\/\\\/ibecbarcelona.eu\\\/ca\\\/industria-i-hospitals\\\/transferencia-de-tecnologia-impulsada-des-del-mercat\\\/#primaryimage\"},\"thumbnailUrl\":\"https:\\\/\\\/ibecbarcelona.eu\\\/wp-content\\\/uploads\\\/2022\\\/07\\\/4x1_techtransfer-market-driven.jpg\",\"datePublished\":\"2014-10-16T09:26:53+00:00\",\"dateModified\":\"2025-10-13T07:40:46+00:00\",\"breadcrumb\":{\"@id\":\"https:\\\/\\\/ibecbarcelona.eu\\\/ca\\\/industria-i-hospitals\\\/transferencia-de-tecnologia-impulsada-des-del-mercat\\\/#breadcrumb\"},\"inLanguage\":\"ca\",\"potentialAction\":[{\"@type\":\"ReadAction\",\"target\":[\"https:\\\/\\\/ibecbarcelona.eu\\\/ca\\\/industria-i-hospitals\\\/transferencia-de-tecnologia-impulsada-des-del-mercat\\\/\"]}]},{\"@type\":\"ImageObject\",\"inLanguage\":\"ca\",\"@id\":\"https:\\\/\\\/ibecbarcelona.eu\\\/ca\\\/industria-i-hospitals\\\/transferencia-de-tecnologia-impulsada-des-del-mercat\\\/#primaryimage\",\"url\":\"https:\\\/\\\/ibecbarcelona.eu\\\/wp-content\\\/uploads\\\/2022\\\/07\\\/4x1_techtransfer-market-driven.jpg\",\"contentUrl\":\"https:\\\/\\\/ibecbarcelona.eu\\\/wp-content\\\/uploads\\\/2022\\\/07\\\/4x1_techtransfer-market-driven.jpg\",\"width\":2000,\"height\":500},{\"@type\":\"BreadcrumbList\",\"@id\":\"https:\\\/\\\/ibecbarcelona.eu\\\/ca\\\/industria-i-hospitals\\\/transferencia-de-tecnologia-impulsada-des-del-mercat\\\/#breadcrumb\",\"itemListElement\":[{\"@type\":\"ListItem\",\"position\":1,\"name\":\"Home\",\"item\":\"https:\\\/\\\/ibecbarcelona.eu\\\/ca\\\/\"},{\"@type\":\"ListItem\",\"position\":2,\"name\":\"Industria i Hospitals\",\"item\":\"https:\\\/\\\/ibecbarcelona.eu\\\/ca\\\/industria-i-hospitals\\\/\"},{\"@type\":\"ListItem\",\"position\":3,\"name\":\"Transfer\u00e8ncia de tecnologia impulsada des del mercat\"}]},{\"@type\":\"WebSite\",\"@id\":\"https:\\\/\\\/ibecbarcelona.eu\\\/#website\",\"url\":\"https:\\\/\\\/ibecbarcelona.eu\\\/\",\"name\":\"Institute for Bioengineering of Catalonia\",\"description\":\"Bioengineering Solutions for Health\",\"publisher\":{\"@id\":\"https:\\\/\\\/ibecbarcelona.eu\\\/#organization\"},\"potentialAction\":[{\"@type\":\"SearchAction\",\"target\":{\"@type\":\"EntryPoint\",\"urlTemplate\":\"https:\\\/\\\/ibecbarcelona.eu\\\/?s={search_term_string}\"},\"query-input\":{\"@type\":\"PropertyValueSpecification\",\"valueRequired\":true,\"valueName\":\"search_term_string\"}}],\"inLanguage\":\"ca\"},{\"@type\":\"Organization\",\"@id\":\"https:\\\/\\\/ibecbarcelona.eu\\\/#organization\",\"name\":\"Institute for Bioengineering of Catalonia\",\"url\":\"https:\\\/\\\/ibecbarcelona.eu\\\/\",\"logo\":{\"@type\":\"ImageObject\",\"inLanguage\":\"ca\",\"@id\":\"https:\\\/\\\/ibecbarcelona.eu\\\/#\\\/schema\\\/logo\\\/image\\\/\",\"url\":\"https:\\\/\\\/ibecbarcelona.eu\\\/wp-content\\\/uploads\\\/2026\\\/01\\\/cropped-IBEC_20ANYS_GRIS.png\",\"contentUrl\":\"https:\\\/\\\/ibecbarcelona.eu\\\/wp-content\\\/uploads\\\/2026\\\/01\\\/cropped-IBEC_20ANYS_GRIS.png\",\"width\":696,\"height\":257,\"caption\":\"Institute for Bioengineering of Catalonia\"},\"image\":{\"@id\":\"https:\\\/\\\/ibecbarcelona.eu\\\/#\\\/schema\\\/logo\\\/image\\\/\"}}]}<\/script>\n<!-- \/ Yoast SEO plugin. -->","yoast_head_json":{"title":"Transfer\u00e8ncia de tecnologia impulsada des del mercat - Institute for Bioengineering of Catalonia","robots":{"index":"index","follow":"follow","max-snippet":"max-snippet:-1","max-image-preview":"max-image-preview:large","max-video-preview":"max-video-preview:-1"},"canonical":"https:\/\/ibecbarcelona.eu\/ca\/industria-i-hospitals\/transferencia-de-tecnologia-impulsada-des-del-mercat\/","og_locale":"ca_ES","og_type":"article","og_title":"Transfer\u00e8ncia de tecnologia impulsada des del mercat - Institute for Bioengineering of Catalonia","og_description":"L&#8217;IBEC es compromet a convertir els resultats de la recerca en aplicacions pr\u00e0ctiques, proporcionant solucions innovadores a la ind\u00fastria i els hospitals, i tamb\u00e9 a la societat. La transfer\u00e8ncia de ... Read more","og_url":"https:\/\/ibecbarcelona.eu\/ca\/industria-i-hospitals\/transferencia-de-tecnologia-impulsada-des-del-mercat\/","og_site_name":"Institute for Bioengineering of Catalonia","article_modified_time":"2025-10-13T07:40:46+00:00","og_image":[{"width":2000,"height":500,"url":"https:\/\/ibecbarcelona.eu\/wp-content\/uploads\/2022\/07\/4x1_techtransfer-market-driven.jpg","type":"image\/jpeg"}],"twitter_card":"summary_large_image","twitter_misc":{"Temps estimat de lectura":"4 minuts"},"schema":{"@context":"https:\/\/schema.org","@graph":[{"@type":"WebPage","@id":"https:\/\/ibecbarcelona.eu\/ca\/industria-i-hospitals\/transferencia-de-tecnologia-impulsada-des-del-mercat\/","url":"https:\/\/ibecbarcelona.eu\/ca\/industria-i-hospitals\/transferencia-de-tecnologia-impulsada-des-del-mercat\/","name":"Transfer\u00e8ncia de tecnologia impulsada des del mercat - Institute for Bioengineering of Catalonia","isPartOf":{"@id":"https:\/\/ibecbarcelona.eu\/#website"},"primaryImageOfPage":{"@id":"https:\/\/ibecbarcelona.eu\/ca\/industria-i-hospitals\/transferencia-de-tecnologia-impulsada-des-del-mercat\/#primaryimage"},"image":{"@id":"https:\/\/ibecbarcelona.eu\/ca\/industria-i-hospitals\/transferencia-de-tecnologia-impulsada-des-del-mercat\/#primaryimage"},"thumbnailUrl":"https:\/\/ibecbarcelona.eu\/wp-content\/uploads\/2022\/07\/4x1_techtransfer-market-driven.jpg","datePublished":"2014-10-16T09:26:53+00:00","dateModified":"2025-10-13T07:40:46+00:00","breadcrumb":{"@id":"https:\/\/ibecbarcelona.eu\/ca\/industria-i-hospitals\/transferencia-de-tecnologia-impulsada-des-del-mercat\/#breadcrumb"},"inLanguage":"ca","potentialAction":[{"@type":"ReadAction","target":["https:\/\/ibecbarcelona.eu\/ca\/industria-i-hospitals\/transferencia-de-tecnologia-impulsada-des-del-mercat\/"]}]},{"@type":"ImageObject","inLanguage":"ca","@id":"https:\/\/ibecbarcelona.eu\/ca\/industria-i-hospitals\/transferencia-de-tecnologia-impulsada-des-del-mercat\/#primaryimage","url":"https:\/\/ibecbarcelona.eu\/wp-content\/uploads\/2022\/07\/4x1_techtransfer-market-driven.jpg","contentUrl":"https:\/\/ibecbarcelona.eu\/wp-content\/uploads\/2022\/07\/4x1_techtransfer-market-driven.jpg","width":2000,"height":500},{"@type":"BreadcrumbList","@id":"https:\/\/ibecbarcelona.eu\/ca\/industria-i-hospitals\/transferencia-de-tecnologia-impulsada-des-del-mercat\/#breadcrumb","itemListElement":[{"@type":"ListItem","position":1,"name":"Home","item":"https:\/\/ibecbarcelona.eu\/ca\/"},{"@type":"ListItem","position":2,"name":"Industria i Hospitals","item":"https:\/\/ibecbarcelona.eu\/ca\/industria-i-hospitals\/"},{"@type":"ListItem","position":3,"name":"Transfer\u00e8ncia de tecnologia impulsada des del mercat"}]},{"@type":"WebSite","@id":"https:\/\/ibecbarcelona.eu\/#website","url":"https:\/\/ibecbarcelona.eu\/","name":"Institute for Bioengineering of Catalonia","description":"Bioengineering Solutions for Health","publisher":{"@id":"https:\/\/ibecbarcelona.eu\/#organization"},"potentialAction":[{"@type":"SearchAction","target":{"@type":"EntryPoint","urlTemplate":"https:\/\/ibecbarcelona.eu\/?s={search_term_string}"},"query-input":{"@type":"PropertyValueSpecification","valueRequired":true,"valueName":"search_term_string"}}],"inLanguage":"ca"},{"@type":"Organization","@id":"https:\/\/ibecbarcelona.eu\/#organization","name":"Institute for Bioengineering of Catalonia","url":"https:\/\/ibecbarcelona.eu\/","logo":{"@type":"ImageObject","inLanguage":"ca","@id":"https:\/\/ibecbarcelona.eu\/#\/schema\/logo\/image\/","url":"https:\/\/ibecbarcelona.eu\/wp-content\/uploads\/2026\/01\/cropped-IBEC_20ANYS_GRIS.png","contentUrl":"https:\/\/ibecbarcelona.eu\/wp-content\/uploads\/2026\/01\/cropped-IBEC_20ANYS_GRIS.png","width":696,"height":257,"caption":"Institute for Bioengineering of Catalonia"},"image":{"@id":"https:\/\/ibecbarcelona.eu\/#\/schema\/logo\/image\/"}}]}},"AFP_featured_media_urls":{"full":["https:\/\/ibecbarcelona.eu\/wp-content\/uploads\/2022\/07\/4x1_techtransfer-market-driven.jpg",2000,500,false],"thumbnail":["https:\/\/ibecbarcelona.eu\/wp-content\/uploads\/2022\/07\/4x1_techtransfer-market-driven-150x150.jpg",150,150,true],"medium":["https:\/\/ibecbarcelona.eu\/wp-content\/uploads\/2022\/07\/4x1_techtransfer-market-driven-300x75.jpg",300,75,true],"medium_large":["https:\/\/ibecbarcelona.eu\/wp-content\/uploads\/2022\/07\/4x1_techtransfer-market-driven-768x192.jpg",768,192,true],"large":["https:\/\/ibecbarcelona.eu\/wp-content\/uploads\/2022\/07\/4x1_techtransfer-market-driven-1024x256.jpg",1024,256,true]},"AFP_attachments":{"full":["https:\/\/ibecbarcelona.eu\/wp-content\/uploads\/2025\/10\/segell-acreditacions-entitat-TECNIO-horitzontal.png",939,558,false],"thumbnail":["https:\/\/ibecbarcelona.eu\/wp-content\/uploads\/2025\/10\/segell-acreditacions-entitat-TECNIO-horitzontal-150x150.png",150,150,true],"medium":["https:\/\/ibecbarcelona.eu\/wp-content\/uploads\/2025\/10\/segell-acreditacions-entitat-TECNIO-horitzontal-300x178.png",300,178,true],"medium_large":["https:\/\/ibecbarcelona.eu\/wp-content\/uploads\/2025\/10\/segell-acreditacions-entitat-TECNIO-horitzontal-768x456.png",768,456,true],"large":["https:\/\/ibecbarcelona.eu\/wp-content\/uploads\/2025\/10\/segell-acreditacions-entitat-TECNIO-horitzontal.png",939,558,false]},"AFP_videos":[],"AFP_video_blocks":"","AFP_category_names":[],"_links":{"self":[{"href":"https:\/\/ibecbarcelona.eu\/ca\/wp-json\/wp\/v2\/pages\/17370","targetHints":{"allow":["GET"]}}],"collection":[{"href":"https:\/\/ibecbarcelona.eu\/ca\/wp-json\/wp\/v2\/pages"}],"about":[{"href":"https:\/\/ibecbarcelona.eu\/ca\/wp-json\/wp\/v2\/types\/page"}],"author":[{"embeddable":true,"href":"https:\/\/ibecbarcelona.eu\/ca\/wp-json\/wp\/v2\/users\/4"}],"replies":[{"embeddable":true,"href":"https:\/\/ibecbarcelona.eu\/ca\/wp-json\/wp\/v2\/comments?post=17370"}],"version-history":[{"count":13,"href":"https:\/\/ibecbarcelona.eu\/ca\/wp-json\/wp\/v2\/pages\/17370\/revisions"}],"predecessor-version":[{"id":129036,"href":"https:\/\/ibecbarcelona.eu\/ca\/wp-json\/wp\/v2\/pages\/17370\/revisions\/129036"}],"up":[{"embeddable":true,"href":"https:\/\/ibecbarcelona.eu\/ca\/wp-json\/wp\/v2\/pages\/95521"}],"wp:featuredmedia":[{"embeddable":true,"href":"https:\/\/ibecbarcelona.eu\/ca\/wp-json\/wp\/v2\/media\/94943"}],"wp:attachment":[{"href":"https:\/\/ibecbarcelona.eu\/ca\/wp-json\/wp\/v2\/media?parent=17370"}],"wp:term":[{"taxonomy":"post_tag","embeddable":true,"href":"https:\/\/ibecbarcelona.eu\/ca\/wp-json\/wp\/v2\/tags?post=17370"}],"curies":[{"name":"wp","href":"https:\/\/api.w.org\/{rel}","templated":true}]}}