
{"id":17376,"date":"2014-08-08T11:29:44","date_gmt":"2014-08-08T09:29:44","guid":{"rendered":"http:\/\/ibecbarcelona.eu\/?page_id=17376"},"modified":"2023-06-21T17:14:44","modified_gmt":"2023-06-21T15:14:44","slug":"262-2","status":"publish","type":"page","link":"https:\/\/ibecbarcelona.eu\/ca\/industria-i-hospitals\/spin-offs","title":{"rendered":"Spin offs"},"content":{"rendered":"\n<h4 class=\"wp-block-heading\">La creaci\u00f3 d&#8217;empreses spin-off \u00e9s una de les vies m\u00e9s valuoses per portar la tecnologia i solucions de l&#8217;IBEC directament al mercat i, en definitiva, a la societat.<\/h4>\n\n\n\n<p>Aquesta ruta comercial requereix emprenedoria interna i externa i la capacitat d&#8217;atraure inversi\u00f3 externa. A l&#8217;IBEC fomentem l&#8217;emprenedoria i estem en contacte amb possibles finan\u00e7adors.<\/p>\n\n\n\n<p>Aquestes s\u00f3n les empreses que fins ara han estat spin-off de l&#8217;IBEC.<\/p>\n\n\n<div class=\"responsive-tabs\">\n<h2 class=\"tabtitle\">ROB SURGICAL SYSTEMS<\/h2>\n<div class=\"tabcontent\">\n\n\n\n\n<h4 class=\"wp-block-heading\"><a href=\"https:\/\/www.robsurgical.com\/\" target=\"_blank\" rel=\"noreferrer noopener\">Rob Surgical Systems<\/a> is developing the Bitrack System, a surgical robotic system for use in minimally invasive laparoscopy surgery. <\/h4>\n\n\n\n<p><\/p>\n\n\n\n<div class=\"wp-block-columns is-layout-flex wp-container-core-columns-is-layout-9d6595d7 wp-block-columns-is-layout-flex\">\n<div class=\"wp-block-column is-layout-flow wp-block-column-is-layout-flow\" style=\"flex-basis:230px\">\n<figure class=\"wp-block-image size-full\"><img decoding=\"async\" width=\"200\" height=\"91\" data-src=\"https:\/\/ibecbarcelona.eu\/wp-content\/uploads\/2014\/08\/robsurgicalsystems_sm1.jpg\" alt=\"\" class=\"wp-image-1137 lazyload\" data-srcset=\"https:\/\/ibecbarcelona.eu\/wp-content\/uploads\/2014\/08\/robsurgicalsystems_sm1.jpg 200w, https:\/\/ibecbarcelona.eu\/wp-content\/uploads\/2014\/08\/robsurgicalsystems_sm1-150x68.jpg 150w\" data-sizes=\"(max-width: 200px) 100vw, 200px\" src=\"data:image\/svg+xml;base64,PHN2ZyB3aWR0aD0iMSIgaGVpZ2h0PSIxIiB4bWxucz0iaHR0cDovL3d3dy53My5vcmcvMjAwMC9zdmciPjwvc3ZnPg==\" style=\"--smush-placeholder-width: 200px; --smush-placeholder-aspect-ratio: 200\/91;\" \/><\/figure>\n<\/div>\n\n\n\n<div class=\"wp-block-column is-layout-flow wp-block-column-is-layout-flow\">\n<p>The Bitrack System is the result of a long track record of experience in robotic research done by Prof. Alicia Casals at IBEC together with researchers from Universitat Polit\u00e8cnica de Catalunya (UPC).<\/p>\n\n\n\n<p>The BITRACK robotic system provides better flexibility, modularity and efficiency compared to existing robotic systems, thanks to its innovative design that facilitates work in sterile and cramped environments such as operating rooms. It offers the advantages of minimally invasive surgery (minimizing the risk of infection and bleeding and shortening the recovery period) and surgical robotics (it provides control and mobility of surgical instruments and improves vision and access to difficult places).<\/p>\n\n\n\n<p>The prototype for the robot is already finished in terms of technology and will soon move into the clinical validation phase to gain approval for the European and US regulatory agencies and the markets.<\/p>\n<\/div>\n<\/div>\n\n\n\n<p><\/p>\n\n\n\n<\/div><h2 class=\"tabtitle\">SURGITRAINER<\/h2>\n<div class=\"tabcontent\">\n\n\n\n\n<h4 class=\"wp-block-heading\"><a href=\"http:\/\/surgitrainer.com\/\" target=\"_blank\" rel=\"noopener noreferrer\">SurgiTrainer<\/a> is a company founded by dedicated entrepreneurs in Prof. Alicia Casals\u2019 Robotics group and a clinical counterpart from the research institute of Hospital de la Santa Creu i Sant Pau (IR-HSCSP), Dr. Ramon Rovira, dedicated to the development and production of training systems for endoscopic and laparoscopic surgery. <\/h4>\n\n\n\n<div class=\"wp-block-columns is-layout-flex wp-container-core-columns-is-layout-9d6595d7 wp-block-columns-is-layout-flex\">\n<div class=\"wp-block-column is-layout-flow wp-block-column-is-layout-flow\" style=\"flex-basis:230px\">\n<figure class=\"wp-block-image size-full\"><img decoding=\"async\" width=\"200\" height=\"134\" data-src=\"https:\/\/ibecbarcelona.eu\/wp-content\/uploads\/2014\/08\/surgitrainer.jpg\" alt=\"\" class=\"wp-image-30897 lazyload\" data-srcset=\"https:\/\/ibecbarcelona.eu\/wp-content\/uploads\/2014\/08\/surgitrainer.jpg 200w, https:\/\/ibecbarcelona.eu\/wp-content\/uploads\/2014\/08\/surgitrainer-194x130.jpg 194w, https:\/\/ibecbarcelona.eu\/wp-content\/uploads\/2014\/08\/surgitrainer-150x101.jpg 150w\" data-sizes=\"(max-width: 200px) 100vw, 200px\" src=\"data:image\/svg+xml;base64,PHN2ZyB3aWR0aD0iMSIgaGVpZ2h0PSIxIiB4bWxucz0iaHR0cDovL3d3dy53My5vcmcvMjAwMC9zdmciPjwvc3ZnPg==\" style=\"--smush-placeholder-width: 200px; --smush-placeholder-aspect-ratio: 200\/134;\" \/><\/figure>\n<\/div>\n\n\n\n<div class=\"wp-block-column is-layout-flow wp-block-column-is-layout-flow\">\n<p>It is a spin-off of IBEC, IR-HSCSP and the Universitat Polit\u00e8cnica de Catalunya (UPC).<\/p>\n\n\n\n<p>The platform has been evaluated by the European Society for Gynaecological Endoscopy and its training programme Gynaecological Endoscopic Surgical Education and Assessment (GESEA), and meets a recognized shortfall in the training and specialization of surgeons. The use of this kind of training reduces cost overruns in the health system and improves the quality of surgery. It reduces the risk to the patient, secures a faster recovery, and cuts the number of surgical re-interventions and the length of operations.<\/p>\n\n\n\n<p>The company is finalizing an industrial prototype in collaboration with the European Society for Gynaecological Endoscopy (ESGE), with sales due to start very soon.<\/p>\n<\/div>\n<\/div>\n\n\n\n<p><\/p>\n\n\n\n<\/div><h2 class=\"tabtitle\">VITALA TECHNOLOGIES<\/h2>\n<div class=\"tabcontent\">\n\n\n\n\n<h4 class=\"wp-block-heading\"><a href=\"https:\/\/vitala.tech\/\">Vitala Technologies<\/a> is a IBEC&#8217;s spin off positioned in the market as an Analytical Service Provider. <\/h4>\n\n\n\n<div class=\"wp-block-columns is-layout-flex wp-container-core-columns-is-layout-9d6595d7 wp-block-columns-is-layout-flex\">\n<div class=\"wp-block-column is-layout-flow wp-block-column-is-layout-flow\" style=\"flex-basis:230px\">\n<figure class=\"wp-block-image size-large\"><img decoding=\"async\" width=\"1024\" height=\"358\" data-src=\"https:\/\/ibecbarcelona.eu\/wp-content\/uploads\/2023\/06\/logo_vitala-1024x358.jpeg\" alt=\"\" class=\"wp-image-108917 lazyload\" data-srcset=\"https:\/\/ibecbarcelona.eu\/wp-content\/uploads\/2023\/06\/logo_vitala-1024x358.jpeg 1024w, https:\/\/ibecbarcelona.eu\/wp-content\/uploads\/2023\/06\/logo_vitala-300x105.jpeg 300w, https:\/\/ibecbarcelona.eu\/wp-content\/uploads\/2023\/06\/logo_vitala-768x269.jpeg 768w, https:\/\/ibecbarcelona.eu\/wp-content\/uploads\/2023\/06\/logo_vitala.jpeg 1118w\" data-sizes=\"(max-width: 1024px) 100vw, 1024px\" src=\"data:image\/svg+xml;base64,PHN2ZyB3aWR0aD0iMSIgaGVpZ2h0PSIxIiB4bWxucz0iaHR0cDovL3d3dy53My5vcmcvMjAwMC9zdmciPjwvc3ZnPg==\" style=\"--smush-placeholder-width: 1024px; --smush-placeholder-aspect-ratio: 1024\/358;\" \/><\/figure>\n<\/div>\n\n\n\n<div class=\"wp-block-column is-layout-flow wp-block-column-is-layout-flow\">\n<p>This Analytics-as-a-Service (AaaS) business model combines cutting-edge technologies such as Organ-On-Chip (OOC) and Hyperpolarized- Magnetic Resonance imaging (HP-MRI) and advanced analytics such as AI to deliver deep insights into metabolic kinetics at the cellular and tissue level. Vitala brings together multiple new patented technologies to develop an efficient and ethical treatment analysis that will revolutionize drug discovery, medical diagnosis, and personalized medicine.<\/p>\n<\/div>\n<\/div>\n\n\n\n<p><\/p>\n\n\n\n<p><\/p>\n\n\n\n<\/div><h2 class=\"tabtitle\">EODYNE<\/h2>\n<div class=\"tabcontent\">\n\n\n\n\n<h4 class=\"wp-block-heading\"><a href=\"https:\/\/www.eodyne.com\/\" target=\"_blank\" rel=\"noreferrer noopener\">Eodyne<\/a> is specialised in real-time interactive systems and technologies for virtual and augmented reality, ambient and wearable sensors, robotics, machine perception, cognitive processes, and user experience.<\/h4>\n\n\n\n<div class=\"wp-block-columns is-layout-flex wp-container-core-columns-is-layout-9d6595d7 wp-block-columns-is-layout-flex\">\n<div class=\"wp-block-column is-layout-flow wp-block-column-is-layout-flow\" style=\"flex-basis:230px\">\n<figure class=\"wp-block-image size-large is-resized\"><img decoding=\"async\" data-src=\"https:\/\/ibecbarcelona.eu\/wp-content\/uploads\/2023\/06\/logo_eodyne_-1024x280.png\" alt=\"\" class=\"wp-image-108896 lazyload\" width=\"256\" height=\"70\" data-srcset=\"https:\/\/ibecbarcelona.eu\/wp-content\/uploads\/2023\/06\/logo_eodyne_-1024x280.png 1024w, https:\/\/ibecbarcelona.eu\/wp-content\/uploads\/2023\/06\/logo_eodyne_-300x82.png 300w, https:\/\/ibecbarcelona.eu\/wp-content\/uploads\/2023\/06\/logo_eodyne_-768x210.png 768w, https:\/\/ibecbarcelona.eu\/wp-content\/uploads\/2023\/06\/logo_eodyne_-1536x420.png 1536w, https:\/\/ibecbarcelona.eu\/wp-content\/uploads\/2023\/06\/logo_eodyne_-2048x559.png 2048w\" data-sizes=\"(max-width: 256px) 100vw, 256px\" src=\"data:image\/svg+xml;base64,PHN2ZyB3aWR0aD0iMSIgaGVpZ2h0PSIxIiB4bWxucz0iaHR0cDovL3d3dy53My5vcmcvMjAwMC9zdmciPjwvc3ZnPg==\" style=\"--smush-placeholder-width: 256px; --smush-placeholder-aspect-ratio: 256\/70;\" \/><\/figure>\n<\/div>\n\n\n\n<div class=\"wp-block-column is-layout-flow wp-block-column-is-layout-flow\">\n<p>Eodyne has expertise in developing and validating technologies in different domains linked to the long track record of the SPECS-lab research areas of interest which include neurorehabilitation, research tools in neuroscience and humanities, human-robot interaction.<\/p>\n\n\n\n<p>Eodyne\u2019s flagship product is the Rehabilitation Gaming System (RGS), a science-based neuro-rehabilitation solution for the integrated treatment of deficits resulting from brain damage. RGS has been validated in several clinical studies and is used daily in a number of hospitals for the treatment of stroke patients.<\/p>\n<\/div>\n<\/div>\n\n\n\n<\/div><h2 class=\"tabtitle\">NANOBOTS THERAPEUTICS<\/h2>\n<div class=\"tabcontent\">\n\n\n\n\n<h4 class=\"wp-block-heading\"><a href=\"https:\/\/www.nanobotstx.com\/\" target=\"_blank\" rel=\"noreferrer noopener\">Nanobots Therapeutics<\/a> aims at developing and commercializing a technological platform (Therapeutics-in-Motion) for different applications, including the implementation of innovative, more effective and safer strategies to treat cancer.<\/h4>\n\n\n\n<div class=\"wp-block-columns is-layout-flex wp-container-core-columns-is-layout-9d6595d7 wp-block-columns-is-layout-flex\">\n<div class=\"wp-block-column is-layout-flow wp-block-column-is-layout-flow\" style=\"flex-basis:230px\">\n<figure class=\"wp-block-image size-full\"><img decoding=\"async\" width=\"686\" height=\"625\" data-src=\"https:\/\/ibecbarcelona.eu\/wp-content\/uploads\/2023\/06\/logo_nanobots.png\" alt=\"\" class=\"wp-image-108903 lazyload\" data-srcset=\"https:\/\/ibecbarcelona.eu\/wp-content\/uploads\/2023\/06\/logo_nanobots.png 686w, https:\/\/ibecbarcelona.eu\/wp-content\/uploads\/2023\/06\/logo_nanobots-300x273.png 300w\" data-sizes=\"(max-width: 686px) 100vw, 686px\" src=\"data:image\/svg+xml;base64,PHN2ZyB3aWR0aD0iMSIgaGVpZ2h0PSIxIiB4bWxucz0iaHR0cDovL3d3dy53My5vcmcvMjAwMC9zdmciPjwvc3ZnPg==\" style=\"--smush-placeholder-width: 686px; --smush-placeholder-aspect-ratio: 686\/625;\" \/><\/figure>\n<\/div>\n\n\n\n<div class=\"wp-block-column is-layout-flow wp-block-column-is-layout-flow\">\n<p>The company is a spin-off of IBEC and ICREA, and counts with the participation of other private founders. Its innovative technology has been developed by Dr. Samuel S\u00e1nchez, head of the Smart Nano-Bio Devices group at IBEC and academic founder of the company. The new technology is based on the development of nanocarriers decorated with different enzymes, which allows them to move in fluids containing specific substrates that act as the fuel for their movement. This platform enables the penetration and accumulation of different types of drugs in cancer cells by crossing biological barrier of cancer tissues. Its goal is to improve the safety and efficacy of current cancer treatments.<\/p>\n\n\n\n<p>Initially, Nanobots Therapeutics will focus on a first program to treat non- muscle invasive bladder cancer (NMIBC).<\/p>\n<\/div>\n<\/div>\n\n\n\n<p><\/p>\n\n\n<\/div><\/div>\n","protected":false},"excerpt":{"rendered":"<p>La creaci\u00f3 d&#8217;empreses spin-off \u00e9s una de les vies m\u00e9s valuoses per portar la tecnologia i solucions de l&#8217;IBEC directament al mercat i, en definitiva, a la societat. Aquesta ruta &#8230; <a title=\"Spin offs\" class=\"read-more\" href=\"https:\/\/ibecbarcelona.eu\/ca\/industria-i-hospitals\/spin-offs\" aria-label=\"More on Spin offs\">Read more<\/a><\/p>\n","protected":false},"author":4,"featured_media":94972,"parent":95521,"menu_order":0,"comment_status":"closed","ping_status":"closed","template":"","meta":{"footnotes":""},"tags":[],"class_list":["post-17376","page","type-page","status-publish","has-post-thumbnail"],"yoast_head":"<!-- This site is optimized with the Yoast SEO plugin v27.3 - https:\/\/yoast.com\/product\/yoast-seo-wordpress\/ -->\n<title>Spin offs - Institute for Bioengineering of Catalonia<\/title>\n<meta name=\"robots\" content=\"index, follow, max-snippet:-1, max-image-preview:large, max-video-preview:-1\" \/>\n<link rel=\"canonical\" href=\"https:\/\/ibecbarcelona.eu\/ca\/industria-i-hospitals\/spin-offs\/\" \/>\n<meta property=\"og:locale\" content=\"ca_ES\" \/>\n<meta property=\"og:type\" content=\"article\" \/>\n<meta property=\"og:title\" content=\"Spin offs - Institute for Bioengineering of Catalonia\" \/>\n<meta property=\"og:description\" content=\"La creaci\u00f3 d&#8217;empreses spin-off \u00e9s una de les vies m\u00e9s valuoses per portar la tecnologia i solucions de l&#8217;IBEC directament al mercat i, en definitiva, a la societat. Aquesta ruta ... Read more\" \/>\n<meta property=\"og:url\" content=\"https:\/\/ibecbarcelona.eu\/ca\/industria-i-hospitals\/spin-offs\/\" \/>\n<meta property=\"og:site_name\" content=\"Institute for Bioengineering of Catalonia\" \/>\n<meta property=\"article:modified_time\" content=\"2023-06-21T15:14:44+00:00\" \/>\n<meta property=\"og:image\" content=\"https:\/\/ibecbarcelona.eu\/wp-content\/uploads\/2022\/07\/20x4_spinnof.jpg\" \/>\n\t<meta property=\"og:image:width\" content=\"2000\" \/>\n\t<meta property=\"og:image:height\" content=\"400\" \/>\n\t<meta property=\"og:image:type\" content=\"image\/jpeg\" \/>\n<meta name=\"twitter:card\" content=\"summary_large_image\" \/>\n<meta name=\"twitter:label1\" content=\"Temps estimat de lectura\" \/>\n\t<meta name=\"twitter:data1\" content=\"6 minuts\" \/>\n<script type=\"application\/ld+json\" class=\"yoast-schema-graph\">{\"@context\":\"https:\\\/\\\/schema.org\",\"@graph\":[{\"@type\":\"WebPage\",\"@id\":\"https:\\\/\\\/ibecbarcelona.eu\\\/ca\\\/industria-i-hospitals\\\/spin-offs\\\/\",\"url\":\"https:\\\/\\\/ibecbarcelona.eu\\\/ca\\\/industria-i-hospitals\\\/spin-offs\\\/\",\"name\":\"Spin offs - Institute for Bioengineering of Catalonia\",\"isPartOf\":{\"@id\":\"https:\\\/\\\/ibecbarcelona.eu\\\/#website\"},\"primaryImageOfPage\":{\"@id\":\"https:\\\/\\\/ibecbarcelona.eu\\\/ca\\\/industria-i-hospitals\\\/spin-offs\\\/#primaryimage\"},\"image\":{\"@id\":\"https:\\\/\\\/ibecbarcelona.eu\\\/ca\\\/industria-i-hospitals\\\/spin-offs\\\/#primaryimage\"},\"thumbnailUrl\":\"https:\\\/\\\/ibecbarcelona.eu\\\/wp-content\\\/uploads\\\/2022\\\/07\\\/20x4_spinnof.jpg\",\"datePublished\":\"2014-08-08T09:29:44+00:00\",\"dateModified\":\"2023-06-21T15:14:44+00:00\",\"breadcrumb\":{\"@id\":\"https:\\\/\\\/ibecbarcelona.eu\\\/ca\\\/industria-i-hospitals\\\/spin-offs\\\/#breadcrumb\"},\"inLanguage\":\"ca\",\"potentialAction\":[{\"@type\":\"ReadAction\",\"target\":[\"https:\\\/\\\/ibecbarcelona.eu\\\/ca\\\/industria-i-hospitals\\\/spin-offs\\\/\"]}]},{\"@type\":\"ImageObject\",\"inLanguage\":\"ca\",\"@id\":\"https:\\\/\\\/ibecbarcelona.eu\\\/ca\\\/industria-i-hospitals\\\/spin-offs\\\/#primaryimage\",\"url\":\"https:\\\/\\\/ibecbarcelona.eu\\\/wp-content\\\/uploads\\\/2022\\\/07\\\/20x4_spinnof.jpg\",\"contentUrl\":\"https:\\\/\\\/ibecbarcelona.eu\\\/wp-content\\\/uploads\\\/2022\\\/07\\\/20x4_spinnof.jpg\",\"width\":2000,\"height\":400},{\"@type\":\"BreadcrumbList\",\"@id\":\"https:\\\/\\\/ibecbarcelona.eu\\\/ca\\\/industria-i-hospitals\\\/spin-offs\\\/#breadcrumb\",\"itemListElement\":[{\"@type\":\"ListItem\",\"position\":1,\"name\":\"Home\",\"item\":\"https:\\\/\\\/ibecbarcelona.eu\\\/ca\\\/\"},{\"@type\":\"ListItem\",\"position\":2,\"name\":\"Industria i Hospitals\",\"item\":\"https:\\\/\\\/ibecbarcelona.eu\\\/ca\\\/industria-i-hospitals\\\/\"},{\"@type\":\"ListItem\",\"position\":3,\"name\":\"Spin offs\"}]},{\"@type\":\"WebSite\",\"@id\":\"https:\\\/\\\/ibecbarcelona.eu\\\/#website\",\"url\":\"https:\\\/\\\/ibecbarcelona.eu\\\/\",\"name\":\"Institute for Bioengineering of Catalonia\",\"description\":\"Bioengineering Solutions for Health\",\"publisher\":{\"@id\":\"https:\\\/\\\/ibecbarcelona.eu\\\/#organization\"},\"potentialAction\":[{\"@type\":\"SearchAction\",\"target\":{\"@type\":\"EntryPoint\",\"urlTemplate\":\"https:\\\/\\\/ibecbarcelona.eu\\\/?s={search_term_string}\"},\"query-input\":{\"@type\":\"PropertyValueSpecification\",\"valueRequired\":true,\"valueName\":\"search_term_string\"}}],\"inLanguage\":\"ca\"},{\"@type\":\"Organization\",\"@id\":\"https:\\\/\\\/ibecbarcelona.eu\\\/#organization\",\"name\":\"Institute for Bioengineering of Catalonia\",\"url\":\"https:\\\/\\\/ibecbarcelona.eu\\\/\",\"logo\":{\"@type\":\"ImageObject\",\"inLanguage\":\"ca\",\"@id\":\"https:\\\/\\\/ibecbarcelona.eu\\\/#\\\/schema\\\/logo\\\/image\\\/\",\"url\":\"https:\\\/\\\/ibecbarcelona.eu\\\/wp-content\\\/uploads\\\/2026\\\/01\\\/cropped-IBEC_20ANYS_GRIS.png\",\"contentUrl\":\"https:\\\/\\\/ibecbarcelona.eu\\\/wp-content\\\/uploads\\\/2026\\\/01\\\/cropped-IBEC_20ANYS_GRIS.png\",\"width\":696,\"height\":257,\"caption\":\"Institute for Bioengineering of Catalonia\"},\"image\":{\"@id\":\"https:\\\/\\\/ibecbarcelona.eu\\\/#\\\/schema\\\/logo\\\/image\\\/\"}}]}<\/script>\n<!-- \/ Yoast SEO plugin. -->","yoast_head_json":{"title":"Spin offs - Institute for Bioengineering of Catalonia","robots":{"index":"index","follow":"follow","max-snippet":"max-snippet:-1","max-image-preview":"max-image-preview:large","max-video-preview":"max-video-preview:-1"},"canonical":"https:\/\/ibecbarcelona.eu\/ca\/industria-i-hospitals\/spin-offs\/","og_locale":"ca_ES","og_type":"article","og_title":"Spin offs - Institute for Bioengineering of Catalonia","og_description":"La creaci\u00f3 d&#8217;empreses spin-off \u00e9s una de les vies m\u00e9s valuoses per portar la tecnologia i solucions de l&#8217;IBEC directament al mercat i, en definitiva, a la societat. Aquesta ruta ... Read more","og_url":"https:\/\/ibecbarcelona.eu\/ca\/industria-i-hospitals\/spin-offs\/","og_site_name":"Institute for Bioengineering of Catalonia","article_modified_time":"2023-06-21T15:14:44+00:00","og_image":[{"width":2000,"height":400,"url":"https:\/\/ibecbarcelona.eu\/wp-content\/uploads\/2022\/07\/20x4_spinnof.jpg","type":"image\/jpeg"}],"twitter_card":"summary_large_image","twitter_misc":{"Temps estimat de lectura":"6 minuts"},"schema":{"@context":"https:\/\/schema.org","@graph":[{"@type":"WebPage","@id":"https:\/\/ibecbarcelona.eu\/ca\/industria-i-hospitals\/spin-offs\/","url":"https:\/\/ibecbarcelona.eu\/ca\/industria-i-hospitals\/spin-offs\/","name":"Spin offs - Institute for Bioengineering of Catalonia","isPartOf":{"@id":"https:\/\/ibecbarcelona.eu\/#website"},"primaryImageOfPage":{"@id":"https:\/\/ibecbarcelona.eu\/ca\/industria-i-hospitals\/spin-offs\/#primaryimage"},"image":{"@id":"https:\/\/ibecbarcelona.eu\/ca\/industria-i-hospitals\/spin-offs\/#primaryimage"},"thumbnailUrl":"https:\/\/ibecbarcelona.eu\/wp-content\/uploads\/2022\/07\/20x4_spinnof.jpg","datePublished":"2014-08-08T09:29:44+00:00","dateModified":"2023-06-21T15:14:44+00:00","breadcrumb":{"@id":"https:\/\/ibecbarcelona.eu\/ca\/industria-i-hospitals\/spin-offs\/#breadcrumb"},"inLanguage":"ca","potentialAction":[{"@type":"ReadAction","target":["https:\/\/ibecbarcelona.eu\/ca\/industria-i-hospitals\/spin-offs\/"]}]},{"@type":"ImageObject","inLanguage":"ca","@id":"https:\/\/ibecbarcelona.eu\/ca\/industria-i-hospitals\/spin-offs\/#primaryimage","url":"https:\/\/ibecbarcelona.eu\/wp-content\/uploads\/2022\/07\/20x4_spinnof.jpg","contentUrl":"https:\/\/ibecbarcelona.eu\/wp-content\/uploads\/2022\/07\/20x4_spinnof.jpg","width":2000,"height":400},{"@type":"BreadcrumbList","@id":"https:\/\/ibecbarcelona.eu\/ca\/industria-i-hospitals\/spin-offs\/#breadcrumb","itemListElement":[{"@type":"ListItem","position":1,"name":"Home","item":"https:\/\/ibecbarcelona.eu\/ca\/"},{"@type":"ListItem","position":2,"name":"Industria i Hospitals","item":"https:\/\/ibecbarcelona.eu\/ca\/industria-i-hospitals\/"},{"@type":"ListItem","position":3,"name":"Spin offs"}]},{"@type":"WebSite","@id":"https:\/\/ibecbarcelona.eu\/#website","url":"https:\/\/ibecbarcelona.eu\/","name":"Institute for Bioengineering of Catalonia","description":"Bioengineering Solutions for Health","publisher":{"@id":"https:\/\/ibecbarcelona.eu\/#organization"},"potentialAction":[{"@type":"SearchAction","target":{"@type":"EntryPoint","urlTemplate":"https:\/\/ibecbarcelona.eu\/?s={search_term_string}"},"query-input":{"@type":"PropertyValueSpecification","valueRequired":true,"valueName":"search_term_string"}}],"inLanguage":"ca"},{"@type":"Organization","@id":"https:\/\/ibecbarcelona.eu\/#organization","name":"Institute for Bioengineering of Catalonia","url":"https:\/\/ibecbarcelona.eu\/","logo":{"@type":"ImageObject","inLanguage":"ca","@id":"https:\/\/ibecbarcelona.eu\/#\/schema\/logo\/image\/","url":"https:\/\/ibecbarcelona.eu\/wp-content\/uploads\/2026\/01\/cropped-IBEC_20ANYS_GRIS.png","contentUrl":"https:\/\/ibecbarcelona.eu\/wp-content\/uploads\/2026\/01\/cropped-IBEC_20ANYS_GRIS.png","width":696,"height":257,"caption":"Institute for Bioengineering of Catalonia"},"image":{"@id":"https:\/\/ibecbarcelona.eu\/#\/schema\/logo\/image\/"}}]}},"AFP_featured_media_urls":{"full":["https:\/\/ibecbarcelona.eu\/wp-content\/uploads\/2022\/07\/20x4_spinnof.jpg",2000,400,false],"thumbnail":["https:\/\/ibecbarcelona.eu\/wp-content\/uploads\/2022\/07\/20x4_spinnof-150x150.jpg",150,150,true],"medium":["https:\/\/ibecbarcelona.eu\/wp-content\/uploads\/2022\/07\/20x4_spinnof-300x60.jpg",300,60,true],"medium_large":["https:\/\/ibecbarcelona.eu\/wp-content\/uploads\/2022\/07\/20x4_spinnof-768x154.jpg",768,154,true],"large":["https:\/\/ibecbarcelona.eu\/wp-content\/uploads\/2022\/07\/20x4_spinnof-1024x205.jpg",1024,205,true]},"AFP_attachments":{"full":["https:\/\/ibecbarcelona.eu\/wp-content\/uploads\/2014\/08\/robsurgicalsystems_sm1.jpg",200,91,false],"thumbnail":["https:\/\/ibecbarcelona.eu\/wp-content\/uploads\/2014\/08\/robsurgicalsystems_sm1-150x91.jpg",150,91,true],"medium":["https:\/\/ibecbarcelona.eu\/wp-content\/uploads\/2014\/08\/robsurgicalsystems_sm1.jpg",200,91,false],"medium_large":["https:\/\/ibecbarcelona.eu\/wp-content\/uploads\/2014\/08\/robsurgicalsystems_sm1.jpg",200,91,false],"large":["https:\/\/ibecbarcelona.eu\/wp-content\/uploads\/2014\/08\/robsurgicalsystems_sm1.jpg",200,91,false]},"AFP_videos":[],"AFP_video_blocks":"","AFP_category_names":[],"_links":{"self":[{"href":"https:\/\/ibecbarcelona.eu\/ca\/wp-json\/wp\/v2\/pages\/17376","targetHints":{"allow":["GET"]}}],"collection":[{"href":"https:\/\/ibecbarcelona.eu\/ca\/wp-json\/wp\/v2\/pages"}],"about":[{"href":"https:\/\/ibecbarcelona.eu\/ca\/wp-json\/wp\/v2\/types\/page"}],"author":[{"embeddable":true,"href":"https:\/\/ibecbarcelona.eu\/ca\/wp-json\/wp\/v2\/users\/4"}],"replies":[{"embeddable":true,"href":"https:\/\/ibecbarcelona.eu\/ca\/wp-json\/wp\/v2\/comments?post=17376"}],"version-history":[{"count":6,"href":"https:\/\/ibecbarcelona.eu\/ca\/wp-json\/wp\/v2\/pages\/17376\/revisions"}],"predecessor-version":[{"id":108930,"href":"https:\/\/ibecbarcelona.eu\/ca\/wp-json\/wp\/v2\/pages\/17376\/revisions\/108930"}],"up":[{"embeddable":true,"href":"https:\/\/ibecbarcelona.eu\/ca\/wp-json\/wp\/v2\/pages\/95521"}],"wp:featuredmedia":[{"embeddable":true,"href":"https:\/\/ibecbarcelona.eu\/ca\/wp-json\/wp\/v2\/media\/94972"}],"wp:attachment":[{"href":"https:\/\/ibecbarcelona.eu\/ca\/wp-json\/wp\/v2\/media?parent=17376"}],"wp:term":[{"taxonomy":"post_tag","embeddable":true,"href":"https:\/\/ibecbarcelona.eu\/ca\/wp-json\/wp\/v2\/tags?post=17376"}],"curies":[{"name":"wp","href":"https:\/\/api.w.org\/{rel}","templated":true}]}}