
{"id":17404,"date":"2014-08-11T09:32:28","date_gmt":"2014-08-11T07:32:28","guid":{"rendered":"http:\/\/ibecbarcelona.eu\/?page_id=17404"},"modified":"2017-06-08T12:55:17","modified_gmt":"2017-06-08T10:55:17","slug":"17404-2","status":"publish","type":"page","link":"https:\/\/ibecbarcelona.eu\/ca\/societat-i-ciencia\/17404-2\/","title":{"rendered":"Curiositats"},"content":{"rendered":"<hr \/>\n<p>| <a href=\"#com\">10th anniversary comic<\/a><br \/>\n| <a href=\"#mer\">Material promocional de l\u2019IBEC<\/a><br \/>\n| <a href=\"#gam\">Jocs<\/a><br \/>\n| <a href=\"#cro\">Campanya de finan\u00e7ament col\u00b7lectiu de Dermoglass<\/a><\/p>\n<h4><a name=\"com\"><\/a>10th anniversary comic: &#8220;10 anys d&#8217;impacte&#8221;<\/h4>\n<hr \/>\n<p><img decoding=\"async\" class=\"alignleft size-full wp-image-29803 lazyload\" data-src=\"https:\/\/ibecbarcelona.eu\/wp-content\/uploads\/2014\/08\/IBEC_10_anys_dimpacte_cover.jpg\" alt=\"\" width=\"300\" height=\"193\" data-srcset=\"https:\/\/ibecbarcelona.eu\/wp-content\/uploads\/2014\/08\/IBEC_10_anys_dimpacte_cover.jpg 300w, https:\/\/ibecbarcelona.eu\/wp-content\/uploads\/2014\/08\/IBEC_10_anys_dimpacte_cover-202x130.jpg 202w, https:\/\/ibecbarcelona.eu\/wp-content\/uploads\/2014\/08\/IBEC_10_anys_dimpacte_cover-150x97.jpg 150w\" data-sizes=\"(max-width: 300px) 100vw, 300px\" src=\"data:image\/svg+xml;base64,PHN2ZyB3aWR0aD0iMSIgaGVpZ2h0PSIxIiB4bWxucz0iaHR0cDovL3d3dy53My5vcmcvMjAwMC9zdmciPjwvc3ZnPg==\" style=\"--smush-placeholder-width: 300px; --smush-placeholder-aspect-ratio: 300\/193;\" \/><strong>&#8220;10 anys d&#8217;impacte&#8221;<\/strong>: A souvenir to commemorate our 10th anniversary in 2017, with illustrations by <a href=\"http:\/\/www.miguel-bustos.com\/\" target=\"_blank\" rel=\"noopener noreferrer\">Miguel Bustos<\/a>.<\/p>\n<p>Download it <a href=\"https:\/\/ibecbarcelona.eu\/wp-content\/uploads\/2017\/06\/IBEC_10_anys_dimpacte.pdf\" target=\"_blank\" rel=\"noopener noreferrer\">here<\/a>.<\/p>\n<div style=\"clear: both;\"><\/div>\n<h4><a name=\"mer\"><\/a>Material promocional de l\u2019IBEC<\/h4>\n<hr \/>\n<figure id=\"attachment_12399\" aria-describedby=\"caption-attachment-12399\" style=\"width: 290px\" class=\"wp-caption alignleft\"><img decoding=\"async\" class=\"size-medium wp-image-12399 lazyload\" data-src=\"https:\/\/ibecbarcelona.eu\/wp-content\/uploads\/2015\/02\/puzzle-300x169.jpg\" alt=\"Jigsaw puzzle (70 pieces)\" width=\"300\" height=\"169\" data-srcset=\"https:\/\/ibecbarcelona.eu\/wp-content\/uploads\/2015\/02\/puzzle-300x169.jpg 300w, https:\/\/ibecbarcelona.eu\/wp-content\/uploads\/2015\/02\/puzzle-230x130.jpg 230w, https:\/\/ibecbarcelona.eu\/wp-content\/uploads\/2015\/02\/puzzle-150x84.jpg 150w, https:\/\/ibecbarcelona.eu\/wp-content\/uploads\/2015\/02\/puzzle.jpg 400w\" data-sizes=\"(max-width: 300px) 100vw, 300px\" src=\"data:image\/svg+xml;base64,PHN2ZyB3aWR0aD0iMSIgaGVpZ2h0PSIxIiB4bWxucz0iaHR0cDovL3d3dy53My5vcmcvMjAwMC9zdmciPjwvc3ZnPg==\" style=\"--smush-placeholder-width: 300px; --smush-placeholder-aspect-ratio: 300\/169;\" \/><figcaption id=\"caption-attachment-12399\" class=\"wp-caption-text\">Jigsaw puzzle (70 pieces)<\/figcaption><\/figure>\n<figure id=\"attachment_12396\" aria-describedby=\"caption-attachment-12396\" style=\"width: 290px\" class=\"wp-caption alignleft\"><img decoding=\"async\" class=\"wp-image-12396 size-medium lazyload\" data-src=\"https:\/\/ibecbarcelona.eu\/wp-content\/uploads\/2015\/02\/calendar-300x169.jpg\" alt=\"\" width=\"300\" height=\"169\" data-srcset=\"https:\/\/ibecbarcelona.eu\/wp-content\/uploads\/2015\/02\/calendar-300x169.jpg 300w, https:\/\/ibecbarcelona.eu\/wp-content\/uploads\/2015\/02\/calendar-230x130.jpg 230w, https:\/\/ibecbarcelona.eu\/wp-content\/uploads\/2015\/02\/calendar-150x84.jpg 150w, https:\/\/ibecbarcelona.eu\/wp-content\/uploads\/2015\/02\/calendar.jpg 400w\" data-sizes=\"(max-width: 300px) 100vw, 300px\" src=\"data:image\/svg+xml;base64,PHN2ZyB3aWR0aD0iMSIgaGVpZ2h0PSIxIiB4bWxucz0iaHR0cDovL3d3dy53My5vcmcvMjAwMC9zdmciPjwvc3ZnPg==\" style=\"--smush-placeholder-width: 300px; --smush-placeholder-aspect-ratio: 300\/169;\" \/><figcaption id=\"caption-attachment-12396\" class=\"wp-caption-text\">Calendar 2015<\/figcaption><\/figure>\n<p>&nbsp;<\/p>\n<figure id=\"attachment_12393\" aria-describedby=\"caption-attachment-12393\" style=\"width: 290px\" class=\"wp-caption alignleft\"><img decoding=\"async\" class=\"size-medium wp-image-12393 lazyload\" data-src=\"https:\/\/ibecbarcelona.eu\/wp-content\/uploads\/2015\/02\/buff-300x169.jpg\" alt=\"Scarf (50 x 40 cm)\" width=\"300\" height=\"169\" data-srcset=\"https:\/\/ibecbarcelona.eu\/wp-content\/uploads\/2015\/02\/buff-300x169.jpg 300w, https:\/\/ibecbarcelona.eu\/wp-content\/uploads\/2015\/02\/buff-230x130.jpg 230w, https:\/\/ibecbarcelona.eu\/wp-content\/uploads\/2015\/02\/buff-150x84.jpg 150w, https:\/\/ibecbarcelona.eu\/wp-content\/uploads\/2015\/02\/buff.jpg 400w\" data-sizes=\"(max-width: 300px) 100vw, 300px\" src=\"data:image\/svg+xml;base64,PHN2ZyB3aWR0aD0iMSIgaGVpZ2h0PSIxIiB4bWxucz0iaHR0cDovL3d3dy53My5vcmcvMjAwMC9zdmciPjwvc3ZnPg==\" style=\"--smush-placeholder-width: 300px; --smush-placeholder-aspect-ratio: 300\/169;\" \/><figcaption id=\"caption-attachment-12393\" class=\"wp-caption-text\">Scarf (50 x 40 cm)<\/figcaption><\/figure>\n<figure id=\"attachment_12390\" aria-describedby=\"caption-attachment-12390\" style=\"width: 290px\" class=\"wp-caption alignleft\"><img decoding=\"async\" class=\"size-medium wp-image-12390 lazyload\" data-src=\"https:\/\/ibecbarcelona.eu\/wp-content\/uploads\/2015\/02\/bolis-300x169.jpg\" alt=\"IBEC Pen\" width=\"300\" height=\"169\" data-srcset=\"https:\/\/ibecbarcelona.eu\/wp-content\/uploads\/2015\/02\/bolis-300x169.jpg 300w, https:\/\/ibecbarcelona.eu\/wp-content\/uploads\/2015\/02\/bolis-230x130.jpg 230w, https:\/\/ibecbarcelona.eu\/wp-content\/uploads\/2015\/02\/bolis-150x84.jpg 150w, https:\/\/ibecbarcelona.eu\/wp-content\/uploads\/2015\/02\/bolis.jpg 400w\" data-sizes=\"(max-width: 300px) 100vw, 300px\" src=\"data:image\/svg+xml;base64,PHN2ZyB3aWR0aD0iMSIgaGVpZ2h0PSIxIiB4bWxucz0iaHR0cDovL3d3dy53My5vcmcvMjAwMC9zdmciPjwvc3ZnPg==\" style=\"--smush-placeholder-width: 300px; --smush-placeholder-aspect-ratio: 300\/169;\" \/><figcaption id=\"caption-attachment-12390\" class=\"wp-caption-text\">IBEC Pen<\/figcaption><\/figure>\n<div style=\"clear: both;\"><\/div>\n<p>El personal de l\u2019IBEC I els investigadors poden contactar amb el Departament de Comunicaci\u00f3 per tal d\u2019obtenir qualsevol dels \u00edtems anteriors. [br]<\/p>\n<h4><a name=\"gam\"><\/a>Jocs<\/h4>\n<hr \/>\n<p><strong><a href=\"http:\/\/www.nanopinion.eu\/sites\/default\/files\/virtual-experiment-stm\/index.html\"><img decoding=\"async\" class=\"alignleft size-medium wp-image-8056 lazyload\" data-src=\"https:\/\/ibecbarcelona.eu\/wp-content\/uploads\/2014\/02\/nanopinionfeb-300x228.jpg\" alt=\"nanopinionfeb\" width=\"300\" height=\"228\" data-srcset=\"https:\/\/ibecbarcelona.eu\/wp-content\/uploads\/2014\/02\/nanopinionfeb-300x228.jpg 300w, https:\/\/ibecbarcelona.eu\/wp-content\/uploads\/2014\/02\/nanopinionfeb-197x150.jpg 197w, https:\/\/ibecbarcelona.eu\/wp-content\/uploads\/2014\/02\/nanopinionfeb-150x114.jpg 150w, https:\/\/ibecbarcelona.eu\/wp-content\/uploads\/2014\/02\/nanopinionfeb.jpg 795w\" data-sizes=\"(max-width: 300px) 100vw, 300px\" src=\"data:image\/svg+xml;base64,PHN2ZyB3aWR0aD0iMSIgaGVpZ2h0PSIxIiB4bWxucz0iaHR0cDovL3d3dy53My5vcmcvMjAwMC9zdmciPjwvc3ZnPg==\" style=\"--smush-placeholder-width: 300px; --smush-placeholder-aspect-ratio: 300\/228;\" \/><\/a><\/strong> <strong>&#8220;Pots fer que el teu m\u00f2bil sigui m\u00e9s petit?&#8221;<\/strong>, Un experiment virtual desenvolupat per la Unitat de Participaci\u00f3 P\u00fablica per a la Investigaci\u00f3 de la Salut al IrisCaixa, amb l&#8217;ajuda de la Montse L\u00f3pez i del Pau Gorostiza (grup de Nanosondes i Nanoconmutadores de l&#8217;IBEC). Feu clic a la imatge per iniciar l&#8217;experiment.<\/p>\n<div style=\"clear: both;\"><\/div>\n<p>[br]<\/p>\n<h4><a name=\"cro\"><\/a>Campanya de finan\u00e7ament col\u00b7lectiu de Dermoglass<\/h4>\n<hr \/>\n<p><a href=\"https:\/\/ibecbarcelona.eu\/wp-content\/uploads\/2014\/11\/dermoglass.jpg\"><img decoding=\"async\" class=\"alignnone wp-image-2220 size-full lazyload\" data-src=\"https:\/\/ibecbarcelona.eu\/wp-content\/uploads\/2014\/11\/dermoglass.jpg\" alt=\"dermoglass\" width=\"1048\" height=\"828\" data-srcset=\"https:\/\/ibecbarcelona.eu\/wp-content\/uploads\/2014\/11\/dermoglass.jpg 1048w, https:\/\/ibecbarcelona.eu\/wp-content\/uploads\/2014\/11\/dermoglass-300x237.jpg 300w, https:\/\/ibecbarcelona.eu\/wp-content\/uploads\/2014\/11\/dermoglass-1024x809.jpg 1024w, https:\/\/ibecbarcelona.eu\/wp-content\/uploads\/2014\/11\/dermoglass-189x150.jpg 189w, https:\/\/ibecbarcelona.eu\/wp-content\/uploads\/2014\/11\/dermoglass-150x118.jpg 150w\" data-sizes=\"(max-width: 1048px) 100vw, 1048px\" src=\"data:image\/svg+xml;base64,PHN2ZyB3aWR0aD0iMSIgaGVpZ2h0PSIxIiB4bWxucz0iaHR0cDovL3d3dy53My5vcmcvMjAwMC9zdmciPjwvc3ZnPg==\" style=\"--smush-placeholder-width: 1048px; --smush-placeholder-aspect-ratio: 1048\/828;\" \/><\/a> Consulteu les p\u00e0gines de Dermoglass a la plataforma <a href=\"http:\/\/goteo.org\/project\/dermoglass?lang=en\" target=\"_blank\">Goteo<\/a> i al <a href=\"https:\/\/www.facebook.com\/dermoglassproject?fref=ts\" target=\"_blank\">Facebook<\/a> per a con\u00e9ixer m\u00e9s. [br]<\/p>\n","protected":false},"excerpt":{"rendered":"<p>| 10th anniversary comic | Material promocional de l\u2019IBEC | Jocs | Campanya de finan\u00e7ament col\u00b7lectiu de Dermoglass 10th anniversary comic: &#8220;10 anys d&#8217;impacte&#8221; &#8220;10 anys d&#8217;impacte&#8221;: A souvenir to &#8230; <a title=\"Curiositats\" class=\"read-more\" href=\"https:\/\/ibecbarcelona.eu\/ca\/societat-i-ciencia\/17404-2\/\" aria-label=\"More on Curiositats\">Read more<\/a><\/p>\n","protected":false},"author":4,"featured_media":0,"parent":17491,"menu_order":0,"comment_status":"closed","ping_status":"closed","template":"template-twocolumns-leftpress.php","meta":{"footnotes":""},"tags":[],"class_list":["post-17404","page","type-page","status-publish"],"yoast_head":"<!-- This site is optimized with the Yoast SEO plugin v27.4 - https:\/\/yoast.com\/product\/yoast-seo-wordpress\/ -->\n<title>Curiositats - Institute for Bioengineering of Catalonia<\/title>\n<meta name=\"robots\" content=\"index, follow, max-snippet:-1, max-image-preview:large, max-video-preview:-1\" \/>\n<link rel=\"canonical\" href=\"https:\/\/ibecbarcelona.eu\/ca\/press\/17404-2\/\" \/>\n<meta property=\"og:locale\" content=\"ca_ES\" \/>\n<meta property=\"og:type\" content=\"article\" \/>\n<meta property=\"og:title\" content=\"Curiositats - Institute for Bioengineering of Catalonia\" \/>\n<meta property=\"og:description\" content=\"| 10th anniversary comic | Material promocional de l\u2019IBEC | Jocs | Campanya de finan\u00e7ament col\u00b7lectiu de Dermoglass 10th anniversary comic: &#8220;10 anys d&#8217;impacte&#8221; &#8220;10 anys d&#8217;impacte&#8221;: A souvenir to ... Read more\" \/>\n<meta property=\"og:url\" content=\"https:\/\/ibecbarcelona.eu\/ca\/press\/17404-2\/\" \/>\n<meta property=\"og:site_name\" content=\"Institute for Bioengineering of Catalonia\" \/>\n<meta property=\"article:modified_time\" content=\"2017-06-08T10:55:17+00:00\" \/>\n<meta property=\"og:image\" content=\"https:\/\/ibecbarcelona.eu\/wp-content\/uploads\/2014\/08\/IBEC_10_anys_dimpacte_cover.jpg\" \/>\n<meta name=\"twitter:card\" content=\"summary_large_image\" \/>\n<meta name=\"twitter:label1\" content=\"Temps estimat de lectura\" \/>\n\t<meta name=\"twitter:data1\" content=\"1 minut\" \/>\n<script type=\"application\/ld+json\" class=\"yoast-schema-graph\">{\"@context\":\"https:\\\/\\\/schema.org\",\"@graph\":[{\"@type\":\"WebPage\",\"@id\":\"https:\\\/\\\/ibecbarcelona.eu\\\/ca\\\/press\\\/17404-2\\\/\",\"url\":\"https:\\\/\\\/ibecbarcelona.eu\\\/ca\\\/press\\\/17404-2\\\/\",\"name\":\"Curiositats - Institute for Bioengineering of Catalonia\",\"isPartOf\":{\"@id\":\"https:\\\/\\\/ibecbarcelona.eu\\\/#website\"},\"primaryImageOfPage\":{\"@id\":\"https:\\\/\\\/ibecbarcelona.eu\\\/ca\\\/press\\\/17404-2\\\/#primaryimage\"},\"image\":{\"@id\":\"https:\\\/\\\/ibecbarcelona.eu\\\/ca\\\/press\\\/17404-2\\\/#primaryimage\"},\"thumbnailUrl\":\"https:\\\/\\\/ibecbarcelona.eu\\\/wp-content\\\/uploads\\\/2014\\\/08\\\/IBEC_10_anys_dimpacte_cover.jpg\",\"datePublished\":\"2014-08-11T07:32:28+00:00\",\"dateModified\":\"2017-06-08T10:55:17+00:00\",\"breadcrumb\":{\"@id\":\"https:\\\/\\\/ibecbarcelona.eu\\\/ca\\\/press\\\/17404-2\\\/#breadcrumb\"},\"inLanguage\":\"ca\",\"potentialAction\":[{\"@type\":\"ReadAction\",\"target\":[\"https:\\\/\\\/ibecbarcelona.eu\\\/ca\\\/press\\\/17404-2\\\/\"]}]},{\"@type\":\"ImageObject\",\"inLanguage\":\"ca\",\"@id\":\"https:\\\/\\\/ibecbarcelona.eu\\\/ca\\\/press\\\/17404-2\\\/#primaryimage\",\"url\":\"https:\\\/\\\/ibecbarcelona.eu\\\/wp-content\\\/uploads\\\/2014\\\/08\\\/IBEC_10_anys_dimpacte_cover.jpg\",\"contentUrl\":\"https:\\\/\\\/ibecbarcelona.eu\\\/wp-content\\\/uploads\\\/2014\\\/08\\\/IBEC_10_anys_dimpacte_cover.jpg\"},{\"@type\":\"BreadcrumbList\",\"@id\":\"https:\\\/\\\/ibecbarcelona.eu\\\/ca\\\/press\\\/17404-2\\\/#breadcrumb\",\"itemListElement\":[{\"@type\":\"ListItem\",\"position\":1,\"name\":\"Home\",\"item\":\"https:\\\/\\\/ibecbarcelona.eu\\\/ca\\\/\"},{\"@type\":\"ListItem\",\"position\":2,\"name\":\"Societat i Ci\u00e8ncia\",\"item\":\"https:\\\/\\\/ibecbarcelona.eu\\\/ca\\\/societat-i-ciencia\\\/\"},{\"@type\":\"ListItem\",\"position\":3,\"name\":\"Curiositats\"}]},{\"@type\":\"WebSite\",\"@id\":\"https:\\\/\\\/ibecbarcelona.eu\\\/#website\",\"url\":\"https:\\\/\\\/ibecbarcelona.eu\\\/\",\"name\":\"Institute for Bioengineering of Catalonia\",\"description\":\"Bioengineering Solutions for Health\",\"publisher\":{\"@id\":\"https:\\\/\\\/ibecbarcelona.eu\\\/#organization\"},\"potentialAction\":[{\"@type\":\"SearchAction\",\"target\":{\"@type\":\"EntryPoint\",\"urlTemplate\":\"https:\\\/\\\/ibecbarcelona.eu\\\/?s={search_term_string}\"},\"query-input\":{\"@type\":\"PropertyValueSpecification\",\"valueRequired\":true,\"valueName\":\"search_term_string\"}}],\"inLanguage\":\"ca\"},{\"@type\":\"Organization\",\"@id\":\"https:\\\/\\\/ibecbarcelona.eu\\\/#organization\",\"name\":\"Institute for Bioengineering of Catalonia\",\"url\":\"https:\\\/\\\/ibecbarcelona.eu\\\/\",\"logo\":{\"@type\":\"ImageObject\",\"inLanguage\":\"ca\",\"@id\":\"https:\\\/\\\/ibecbarcelona.eu\\\/#\\\/schema\\\/logo\\\/image\\\/\",\"url\":\"https:\\\/\\\/ibecbarcelona.eu\\\/wp-content\\\/uploads\\\/2026\\\/01\\\/cropped-IBEC_20ANYS_GRIS.png\",\"contentUrl\":\"https:\\\/\\\/ibecbarcelona.eu\\\/wp-content\\\/uploads\\\/2026\\\/01\\\/cropped-IBEC_20ANYS_GRIS.png\",\"width\":696,\"height\":257,\"caption\":\"Institute for Bioengineering of Catalonia\"},\"image\":{\"@id\":\"https:\\\/\\\/ibecbarcelona.eu\\\/#\\\/schema\\\/logo\\\/image\\\/\"}}]}<\/script>\n<!-- \/ Yoast SEO plugin. -->","yoast_head_json":{"title":"Curiositats - Institute for Bioengineering of Catalonia","robots":{"index":"index","follow":"follow","max-snippet":"max-snippet:-1","max-image-preview":"max-image-preview:large","max-video-preview":"max-video-preview:-1"},"canonical":"https:\/\/ibecbarcelona.eu\/ca\/press\/17404-2\/","og_locale":"ca_ES","og_type":"article","og_title":"Curiositats - Institute for Bioengineering of Catalonia","og_description":"| 10th anniversary comic | Material promocional de l\u2019IBEC | Jocs | Campanya de finan\u00e7ament col\u00b7lectiu de Dermoglass 10th anniversary comic: &#8220;10 anys d&#8217;impacte&#8221; &#8220;10 anys d&#8217;impacte&#8221;: A souvenir to ... Read more","og_url":"https:\/\/ibecbarcelona.eu\/ca\/press\/17404-2\/","og_site_name":"Institute for Bioengineering of Catalonia","article_modified_time":"2017-06-08T10:55:17+00:00","og_image":[{"url":"https:\/\/ibecbarcelona.eu\/wp-content\/uploads\/2014\/08\/IBEC_10_anys_dimpacte_cover.jpg","type":"","width":"","height":""}],"twitter_card":"summary_large_image","twitter_misc":{"Temps estimat de lectura":"1 minut"},"schema":{"@context":"https:\/\/schema.org","@graph":[{"@type":"WebPage","@id":"https:\/\/ibecbarcelona.eu\/ca\/press\/17404-2\/","url":"https:\/\/ibecbarcelona.eu\/ca\/press\/17404-2\/","name":"Curiositats - Institute for Bioengineering of Catalonia","isPartOf":{"@id":"https:\/\/ibecbarcelona.eu\/#website"},"primaryImageOfPage":{"@id":"https:\/\/ibecbarcelona.eu\/ca\/press\/17404-2\/#primaryimage"},"image":{"@id":"https:\/\/ibecbarcelona.eu\/ca\/press\/17404-2\/#primaryimage"},"thumbnailUrl":"https:\/\/ibecbarcelona.eu\/wp-content\/uploads\/2014\/08\/IBEC_10_anys_dimpacte_cover.jpg","datePublished":"2014-08-11T07:32:28+00:00","dateModified":"2017-06-08T10:55:17+00:00","breadcrumb":{"@id":"https:\/\/ibecbarcelona.eu\/ca\/press\/17404-2\/#breadcrumb"},"inLanguage":"ca","potentialAction":[{"@type":"ReadAction","target":["https:\/\/ibecbarcelona.eu\/ca\/press\/17404-2\/"]}]},{"@type":"ImageObject","inLanguage":"ca","@id":"https:\/\/ibecbarcelona.eu\/ca\/press\/17404-2\/#primaryimage","url":"https:\/\/ibecbarcelona.eu\/wp-content\/uploads\/2014\/08\/IBEC_10_anys_dimpacte_cover.jpg","contentUrl":"https:\/\/ibecbarcelona.eu\/wp-content\/uploads\/2014\/08\/IBEC_10_anys_dimpacte_cover.jpg"},{"@type":"BreadcrumbList","@id":"https:\/\/ibecbarcelona.eu\/ca\/press\/17404-2\/#breadcrumb","itemListElement":[{"@type":"ListItem","position":1,"name":"Home","item":"https:\/\/ibecbarcelona.eu\/ca\/"},{"@type":"ListItem","position":2,"name":"Societat i Ci\u00e8ncia","item":"https:\/\/ibecbarcelona.eu\/ca\/societat-i-ciencia\/"},{"@type":"ListItem","position":3,"name":"Curiositats"}]},{"@type":"WebSite","@id":"https:\/\/ibecbarcelona.eu\/#website","url":"https:\/\/ibecbarcelona.eu\/","name":"Institute for Bioengineering of Catalonia","description":"Bioengineering Solutions for Health","publisher":{"@id":"https:\/\/ibecbarcelona.eu\/#organization"},"potentialAction":[{"@type":"SearchAction","target":{"@type":"EntryPoint","urlTemplate":"https:\/\/ibecbarcelona.eu\/?s={search_term_string}"},"query-input":{"@type":"PropertyValueSpecification","valueRequired":true,"valueName":"search_term_string"}}],"inLanguage":"ca"},{"@type":"Organization","@id":"https:\/\/ibecbarcelona.eu\/#organization","name":"Institute for Bioengineering of Catalonia","url":"https:\/\/ibecbarcelona.eu\/","logo":{"@type":"ImageObject","inLanguage":"ca","@id":"https:\/\/ibecbarcelona.eu\/#\/schema\/logo\/image\/","url":"https:\/\/ibecbarcelona.eu\/wp-content\/uploads\/2026\/01\/cropped-IBEC_20ANYS_GRIS.png","contentUrl":"https:\/\/ibecbarcelona.eu\/wp-content\/uploads\/2026\/01\/cropped-IBEC_20ANYS_GRIS.png","width":696,"height":257,"caption":"Institute for Bioengineering of Catalonia"},"image":{"@id":"https:\/\/ibecbarcelona.eu\/#\/schema\/logo\/image\/"}}]}},"AFP_featured_media_urls":{"full":false,"thumbnail":false,"medium":false,"medium_large":false,"large":false},"AFP_attachments":{"full":["https:\/\/ibecbarcelona.eu\/wp-content\/uploads\/2015\/02\/bolis.jpg",400,225,false],"thumbnail":["https:\/\/ibecbarcelona.eu\/wp-content\/uploads\/2015\/02\/bolis-150x150.jpg",150,150,true],"medium":["https:\/\/ibecbarcelona.eu\/wp-content\/uploads\/2015\/02\/bolis-300x169.jpg",300,169,true],"medium_large":["https:\/\/ibecbarcelona.eu\/wp-content\/uploads\/2015\/02\/bolis.jpg",400,225,false],"large":["https:\/\/ibecbarcelona.eu\/wp-content\/uploads\/2015\/02\/bolis.jpg",400,225,false]},"AFP_videos":[],"AFP_video_blocks":"","AFP_category_names":[],"_links":{"self":[{"href":"https:\/\/ibecbarcelona.eu\/ca\/wp-json\/wp\/v2\/pages\/17404","targetHints":{"allow":["GET"]}}],"collection":[{"href":"https:\/\/ibecbarcelona.eu\/ca\/wp-json\/wp\/v2\/pages"}],"about":[{"href":"https:\/\/ibecbarcelona.eu\/ca\/wp-json\/wp\/v2\/types\/page"}],"author":[{"embeddable":true,"href":"https:\/\/ibecbarcelona.eu\/ca\/wp-json\/wp\/v2\/users\/4"}],"replies":[{"embeddable":true,"href":"https:\/\/ibecbarcelona.eu\/ca\/wp-json\/wp\/v2\/comments?post=17404"}],"version-history":[{"count":1,"href":"https:\/\/ibecbarcelona.eu\/ca\/wp-json\/wp\/v2\/pages\/17404\/revisions"}],"predecessor-version":[{"id":29809,"href":"https:\/\/ibecbarcelona.eu\/ca\/wp-json\/wp\/v2\/pages\/17404\/revisions\/29809"}],"up":[{"embeddable":true,"href":"https:\/\/ibecbarcelona.eu\/ca\/wp-json\/wp\/v2\/pages\/17491"}],"wp:attachment":[{"href":"https:\/\/ibecbarcelona.eu\/ca\/wp-json\/wp\/v2\/media?parent=17404"}],"wp:term":[{"taxonomy":"post_tag","embeddable":true,"href":"https:\/\/ibecbarcelona.eu\/ca\/wp-json\/wp\/v2\/tags?post=17404"}],"curies":[{"name":"wp","href":"https:\/\/api.w.org\/{rel}","templated":true}]}}