
{"id":17487,"date":"2014-08-11T09:13:29","date_gmt":"2014-08-11T07:13:29","guid":{"rendered":"http:\/\/ibecbarcelona.eu\/?page_id=17487"},"modified":"2025-12-17T12:11:32","modified_gmt":"2025-12-17T11:11:32","slug":"p","status":"publish","type":"page","link":"https:\/\/ibecbarcelona.eu\/ca\/investigacio\/publicacions","title":{"rendered":"Publicacions"},"content":{"rendered":"\n<pre class=\"wp-block-preformatted\"><a href=\"https:\/\/outputs.ibecbarcelona.eu\/cat\/\" target=\"_blank\" rel=\"noreferrer noopener\">Accediu al portal de producci\u00f3 cient\u00edfica de l\u2019IBEC<\/a> (<strong>IBEC CRIS<\/strong>), per <strong>informaci\u00f3 m\u00e9s detallada<\/strong> i funcions de<strong> cerca<\/strong> <strong>avan\u00e7ada<\/strong>. <br><br>Aqu\u00ed trobareu la llista de totes les publicacions de l'IBEC per anys.<\/pre>\n\n\n<p style='margin-top: 30px; margin-bottom: 40px;'>By year:<br \/>[ <a href='\/for-researchers\/publications\/?any=2027'>2027<\/a> | <a href='\/for-researchers\/publications\/?any=2026'>2026<\/a> | <a href='\/for-researchers\/publications\/?any=2025'>2025<\/a> | <a href='\/for-researchers\/publications\/?any=2024'>2024<\/a> | <a href='\/for-researchers\/publications\/?any=2023'>2023<\/a> | <a href='\/for-researchers\/publications\/?any=2022'>2022<\/a> | <a href='\/for-researchers\/publications\/?any=2021'>2021<\/a> | <a href='\/for-researchers\/publications\/?any=2020'>2020<\/a> | <a href='\/for-researchers\/publications\/?any=2019'>2019<\/a> | <a href='\/for-researchers\/publications\/?any=2018'>2018<\/a> | <a href='\/for-researchers\/publications\/?any=2017'>2017<\/a> | <a href='\/for-researchers\/publications\/?any=2016'>2016<\/a> | <a href='\/for-researchers\/publications\/?any=2015'>2015<\/a> | <a href='\/for-researchers\/publications\/?any=2014'>2014<\/a> | <a href='\/for-researchers\/publications\/?any=2013'>2013<\/a> | <a href='\/for-researchers\/publications\/?any=2012'>2012<\/a> | <a href='\/for-researchers\/publications\/?any=2011'>2011<\/a> | <a href='\/for-researchers\/publications\/?any=2010'>2010<\/a> | <a href='\/for-researchers\/publications\/?any=2009'>2009<\/a> | <a href='\/for-researchers\/publications\/?any=2008'>2008<\/a> | <a href='\/for-researchers\/publications\/?any=2007'>2007<\/a> | <a href='\/for-researchers\/publications\/?any=2006'>2006<\/a> | <a href='\/for-researchers\/publications\/?any=2005'>2005<\/a> ]<\/p><hr><h4>Year 2026<\/h4><script> document.title = '2026 - ' + document.title<\/script><div class=\"loadpubs\"><\/div><script>\n                var url=\"https:\/\/ibecbarcelona.eu\/wp-content\/plugins\/ibec\/pubs\/2026.html\";\n                jQuery(document).ready(function(){\n                    \n                        jQuery(\".loadpubs\").load(url);\n                    \n                });\n                <\/script>\n\n\n\n<p><\/p>\n\n\n\n<p><\/p>\n\n\n\n<p><\/p>\n","protected":false},"excerpt":{"rendered":"<p>Accediu al portal de producci\u00f3 cient\u00edfica de l\u2019IBEC (IBEC CRIS), per informaci\u00f3 m\u00e9s detallada i funcions de cerca avan\u00e7ada. Aqu\u00ed trobareu la llista de totes les publicacions de l&#8217;IBEC per &#8230; <a title=\"Publicacions\" class=\"read-more\" href=\"https:\/\/ibecbarcelona.eu\/ca\/investigacio\/publicacions\" aria-label=\"More on Publicacions\">Read more<\/a><\/p>\n","protected":false},"author":4,"featured_media":94776,"parent":17499,"menu_order":0,"comment_status":"closed","ping_status":"closed","template":"","meta":{"footnotes":""},"tags":[],"class_list":["post-17487","page","type-page","status-publish","has-post-thumbnail"],"yoast_head":"<!-- This site is optimized with the Yoast SEO plugin v27.3 - https:\/\/yoast.com\/product\/yoast-seo-wordpress\/ -->\n<title>Publicacions - Institute for Bioengineering of Catalonia<\/title>\n<meta name=\"robots\" content=\"index, follow, max-snippet:-1, max-image-preview:large, max-video-preview:-1\" \/>\n<link rel=\"canonical\" href=\"https:\/\/ibecbarcelona.eu\/ca\/investigacio\/publicacions\/\" \/>\n<meta property=\"og:locale\" content=\"ca_ES\" \/>\n<meta property=\"og:type\" content=\"article\" \/>\n<meta property=\"og:title\" content=\"Publicacions - Institute for Bioengineering of Catalonia\" \/>\n<meta property=\"og:description\" content=\"Accediu al portal de producci\u00f3 cient\u00edfica de l\u2019IBEC (IBEC CRIS), per informaci\u00f3 m\u00e9s detallada i funcions de cerca avan\u00e7ada. Aqu\u00ed trobareu la llista de totes les publicacions de l&#039;IBEC per ... Read more\" \/>\n<meta property=\"og:url\" content=\"https:\/\/ibecbarcelona.eu\/ca\/investigacio\/publicacions\/\" \/>\n<meta property=\"og:site_name\" content=\"Institute for Bioengineering of Catalonia\" \/>\n<meta property=\"article:modified_time\" content=\"2025-12-17T11:11:32+00:00\" \/>\n<meta property=\"og:image\" content=\"https:\/\/ibecbarcelona.eu\/wp-content\/uploads\/2022\/07\/publications_20x5.jpg\" \/>\n\t<meta property=\"og:image:width\" content=\"2000\" \/>\n\t<meta property=\"og:image:height\" content=\"502\" \/>\n\t<meta property=\"og:image:type\" content=\"image\/jpeg\" \/>\n<meta name=\"twitter:card\" content=\"summary_large_image\" \/>\n<meta name=\"twitter:label1\" content=\"Temps estimat de lectura\" \/>\n\t<meta name=\"twitter:data1\" content=\"1 minut\" \/>\n<script type=\"application\/ld+json\" class=\"yoast-schema-graph\">{\"@context\":\"https:\\\/\\\/schema.org\",\"@graph\":[{\"@type\":\"WebPage\",\"@id\":\"https:\\\/\\\/ibecbarcelona.eu\\\/ca\\\/investigacio\\\/publicacions\\\/\",\"url\":\"https:\\\/\\\/ibecbarcelona.eu\\\/ca\\\/investigacio\\\/publicacions\\\/\",\"name\":\"Publicacions - Institute for Bioengineering of Catalonia\",\"isPartOf\":{\"@id\":\"https:\\\/\\\/ibecbarcelona.eu\\\/#website\"},\"primaryImageOfPage\":{\"@id\":\"https:\\\/\\\/ibecbarcelona.eu\\\/ca\\\/investigacio\\\/publicacions\\\/#primaryimage\"},\"image\":{\"@id\":\"https:\\\/\\\/ibecbarcelona.eu\\\/ca\\\/investigacio\\\/publicacions\\\/#primaryimage\"},\"thumbnailUrl\":\"https:\\\/\\\/ibecbarcelona.eu\\\/wp-content\\\/uploads\\\/2022\\\/07\\\/publications_20x5.jpg\",\"datePublished\":\"2014-08-11T07:13:29+00:00\",\"dateModified\":\"2025-12-17T11:11:32+00:00\",\"breadcrumb\":{\"@id\":\"https:\\\/\\\/ibecbarcelona.eu\\\/ca\\\/investigacio\\\/publicacions\\\/#breadcrumb\"},\"inLanguage\":\"ca\",\"potentialAction\":[{\"@type\":\"ReadAction\",\"target\":[\"https:\\\/\\\/ibecbarcelona.eu\\\/ca\\\/investigacio\\\/publicacions\\\/\"]}]},{\"@type\":\"ImageObject\",\"inLanguage\":\"ca\",\"@id\":\"https:\\\/\\\/ibecbarcelona.eu\\\/ca\\\/investigacio\\\/publicacions\\\/#primaryimage\",\"url\":\"https:\\\/\\\/ibecbarcelona.eu\\\/wp-content\\\/uploads\\\/2022\\\/07\\\/publications_20x5.jpg\",\"contentUrl\":\"https:\\\/\\\/ibecbarcelona.eu\\\/wp-content\\\/uploads\\\/2022\\\/07\\\/publications_20x5.jpg\",\"width\":2000,\"height\":502},{\"@type\":\"BreadcrumbList\",\"@id\":\"https:\\\/\\\/ibecbarcelona.eu\\\/ca\\\/investigacio\\\/publicacions\\\/#breadcrumb\",\"itemListElement\":[{\"@type\":\"ListItem\",\"position\":1,\"name\":\"Home\",\"item\":\"https:\\\/\\\/ibecbarcelona.eu\\\/ca\\\/\"},{\"@type\":\"ListItem\",\"position\":2,\"name\":\"Recerca\",\"item\":\"https:\\\/\\\/ibecbarcelona.eu\\\/ca\\\/recerca\\\/\"},{\"@type\":\"ListItem\",\"position\":3,\"name\":\"Publicacions\"}]},{\"@type\":\"WebSite\",\"@id\":\"https:\\\/\\\/ibecbarcelona.eu\\\/#website\",\"url\":\"https:\\\/\\\/ibecbarcelona.eu\\\/\",\"name\":\"Institute for Bioengineering of Catalonia\",\"description\":\"Bioengineering Solutions for Health\",\"publisher\":{\"@id\":\"https:\\\/\\\/ibecbarcelona.eu\\\/#organization\"},\"potentialAction\":[{\"@type\":\"SearchAction\",\"target\":{\"@type\":\"EntryPoint\",\"urlTemplate\":\"https:\\\/\\\/ibecbarcelona.eu\\\/?s={search_term_string}\"},\"query-input\":{\"@type\":\"PropertyValueSpecification\",\"valueRequired\":true,\"valueName\":\"search_term_string\"}}],\"inLanguage\":\"ca\"},{\"@type\":\"Organization\",\"@id\":\"https:\\\/\\\/ibecbarcelona.eu\\\/#organization\",\"name\":\"Institute for Bioengineering of Catalonia\",\"url\":\"https:\\\/\\\/ibecbarcelona.eu\\\/\",\"logo\":{\"@type\":\"ImageObject\",\"inLanguage\":\"ca\",\"@id\":\"https:\\\/\\\/ibecbarcelona.eu\\\/#\\\/schema\\\/logo\\\/image\\\/\",\"url\":\"https:\\\/\\\/ibecbarcelona.eu\\\/wp-content\\\/uploads\\\/2026\\\/01\\\/cropped-IBEC_20ANYS_GRIS.png\",\"contentUrl\":\"https:\\\/\\\/ibecbarcelona.eu\\\/wp-content\\\/uploads\\\/2026\\\/01\\\/cropped-IBEC_20ANYS_GRIS.png\",\"width\":696,\"height\":257,\"caption\":\"Institute for Bioengineering of Catalonia\"},\"image\":{\"@id\":\"https:\\\/\\\/ibecbarcelona.eu\\\/#\\\/schema\\\/logo\\\/image\\\/\"}}]}<\/script>\n<!-- \/ Yoast SEO plugin. -->","yoast_head_json":{"title":"Publicacions - Institute for Bioengineering of Catalonia","robots":{"index":"index","follow":"follow","max-snippet":"max-snippet:-1","max-image-preview":"max-image-preview:large","max-video-preview":"max-video-preview:-1"},"canonical":"https:\/\/ibecbarcelona.eu\/ca\/investigacio\/publicacions\/","og_locale":"ca_ES","og_type":"article","og_title":"Publicacions - Institute for Bioengineering of Catalonia","og_description":"Accediu al portal de producci\u00f3 cient\u00edfica de l\u2019IBEC (IBEC CRIS), per informaci\u00f3 m\u00e9s detallada i funcions de cerca avan\u00e7ada. Aqu\u00ed trobareu la llista de totes les publicacions de l'IBEC per ... Read more","og_url":"https:\/\/ibecbarcelona.eu\/ca\/investigacio\/publicacions\/","og_site_name":"Institute for Bioengineering of Catalonia","article_modified_time":"2025-12-17T11:11:32+00:00","og_image":[{"width":2000,"height":502,"url":"https:\/\/ibecbarcelona.eu\/wp-content\/uploads\/2022\/07\/publications_20x5.jpg","type":"image\/jpeg"}],"twitter_card":"summary_large_image","twitter_misc":{"Temps estimat de lectura":"1 minut"},"schema":{"@context":"https:\/\/schema.org","@graph":[{"@type":"WebPage","@id":"https:\/\/ibecbarcelona.eu\/ca\/investigacio\/publicacions\/","url":"https:\/\/ibecbarcelona.eu\/ca\/investigacio\/publicacions\/","name":"Publicacions - Institute for Bioengineering of Catalonia","isPartOf":{"@id":"https:\/\/ibecbarcelona.eu\/#website"},"primaryImageOfPage":{"@id":"https:\/\/ibecbarcelona.eu\/ca\/investigacio\/publicacions\/#primaryimage"},"image":{"@id":"https:\/\/ibecbarcelona.eu\/ca\/investigacio\/publicacions\/#primaryimage"},"thumbnailUrl":"https:\/\/ibecbarcelona.eu\/wp-content\/uploads\/2022\/07\/publications_20x5.jpg","datePublished":"2014-08-11T07:13:29+00:00","dateModified":"2025-12-17T11:11:32+00:00","breadcrumb":{"@id":"https:\/\/ibecbarcelona.eu\/ca\/investigacio\/publicacions\/#breadcrumb"},"inLanguage":"ca","potentialAction":[{"@type":"ReadAction","target":["https:\/\/ibecbarcelona.eu\/ca\/investigacio\/publicacions\/"]}]},{"@type":"ImageObject","inLanguage":"ca","@id":"https:\/\/ibecbarcelona.eu\/ca\/investigacio\/publicacions\/#primaryimage","url":"https:\/\/ibecbarcelona.eu\/wp-content\/uploads\/2022\/07\/publications_20x5.jpg","contentUrl":"https:\/\/ibecbarcelona.eu\/wp-content\/uploads\/2022\/07\/publications_20x5.jpg","width":2000,"height":502},{"@type":"BreadcrumbList","@id":"https:\/\/ibecbarcelona.eu\/ca\/investigacio\/publicacions\/#breadcrumb","itemListElement":[{"@type":"ListItem","position":1,"name":"Home","item":"https:\/\/ibecbarcelona.eu\/ca\/"},{"@type":"ListItem","position":2,"name":"Recerca","item":"https:\/\/ibecbarcelona.eu\/ca\/recerca\/"},{"@type":"ListItem","position":3,"name":"Publicacions"}]},{"@type":"WebSite","@id":"https:\/\/ibecbarcelona.eu\/#website","url":"https:\/\/ibecbarcelona.eu\/","name":"Institute for Bioengineering of Catalonia","description":"Bioengineering Solutions for Health","publisher":{"@id":"https:\/\/ibecbarcelona.eu\/#organization"},"potentialAction":[{"@type":"SearchAction","target":{"@type":"EntryPoint","urlTemplate":"https:\/\/ibecbarcelona.eu\/?s={search_term_string}"},"query-input":{"@type":"PropertyValueSpecification","valueRequired":true,"valueName":"search_term_string"}}],"inLanguage":"ca"},{"@type":"Organization","@id":"https:\/\/ibecbarcelona.eu\/#organization","name":"Institute for Bioengineering of Catalonia","url":"https:\/\/ibecbarcelona.eu\/","logo":{"@type":"ImageObject","inLanguage":"ca","@id":"https:\/\/ibecbarcelona.eu\/#\/schema\/logo\/image\/","url":"https:\/\/ibecbarcelona.eu\/wp-content\/uploads\/2026\/01\/cropped-IBEC_20ANYS_GRIS.png","contentUrl":"https:\/\/ibecbarcelona.eu\/wp-content\/uploads\/2026\/01\/cropped-IBEC_20ANYS_GRIS.png","width":696,"height":257,"caption":"Institute for Bioengineering of Catalonia"},"image":{"@id":"https:\/\/ibecbarcelona.eu\/#\/schema\/logo\/image\/"}}]}},"AFP_featured_media_urls":{"full":["https:\/\/ibecbarcelona.eu\/wp-content\/uploads\/2022\/07\/publications_20x5.jpg",2000,502,false],"thumbnail":["https:\/\/ibecbarcelona.eu\/wp-content\/uploads\/2022\/07\/publications_20x5-150x150.jpg",150,150,true],"medium":["https:\/\/ibecbarcelona.eu\/wp-content\/uploads\/2022\/07\/publications_20x5-300x75.jpg",300,75,true],"medium_large":["https:\/\/ibecbarcelona.eu\/wp-content\/uploads\/2022\/07\/publications_20x5-768x193.jpg",768,193,true],"large":["https:\/\/ibecbarcelona.eu\/wp-content\/uploads\/2022\/07\/publications_20x5-1024x257.jpg",1024,257,true]},"AFP_attachments":[],"AFP_videos":[],"AFP_video_blocks":"","AFP_category_names":[],"_links":{"self":[{"href":"https:\/\/ibecbarcelona.eu\/ca\/wp-json\/wp\/v2\/pages\/17487","targetHints":{"allow":["GET"]}}],"collection":[{"href":"https:\/\/ibecbarcelona.eu\/ca\/wp-json\/wp\/v2\/pages"}],"about":[{"href":"https:\/\/ibecbarcelona.eu\/ca\/wp-json\/wp\/v2\/types\/page"}],"author":[{"embeddable":true,"href":"https:\/\/ibecbarcelona.eu\/ca\/wp-json\/wp\/v2\/users\/4"}],"replies":[{"embeddable":true,"href":"https:\/\/ibecbarcelona.eu\/ca\/wp-json\/wp\/v2\/comments?post=17487"}],"version-history":[{"count":14,"href":"https:\/\/ibecbarcelona.eu\/ca\/wp-json\/wp\/v2\/pages\/17487\/revisions"}],"predecessor-version":[{"id":130964,"href":"https:\/\/ibecbarcelona.eu\/ca\/wp-json\/wp\/v2\/pages\/17487\/revisions\/130964"}],"up":[{"embeddable":true,"href":"https:\/\/ibecbarcelona.eu\/ca\/wp-json\/wp\/v2\/pages\/17499"}],"wp:featuredmedia":[{"embeddable":true,"href":"https:\/\/ibecbarcelona.eu\/ca\/wp-json\/wp\/v2\/media\/94776"}],"wp:attachment":[{"href":"https:\/\/ibecbarcelona.eu\/ca\/wp-json\/wp\/v2\/media?parent=17487"}],"wp:term":[{"taxonomy":"post_tag","embeddable":true,"href":"https:\/\/ibecbarcelona.eu\/ca\/wp-json\/wp\/v2\/tags?post=17487"}],"curies":[{"name":"wp","href":"https:\/\/api.w.org\/{rel}","templated":true}]}}