
{"id":25686,"date":"2016-11-07T13:08:24","date_gmt":"2016-11-07T12:08:24","guid":{"rendered":"http:\/\/ibecbarcelona.eu\/?page_id=25686"},"modified":"2016-11-07T17:27:33","modified_gmt":"2016-11-07T16:27:33","slug":"hystrainer-entrenador-quirurgic-per-cirurgia-histeroscopica","status":"publish","type":"page","link":"https:\/\/ibecbarcelona.eu\/ca\/research-groups\/former-groups\/robotics\/hystrainer-entrenador-quirurgic-per-cirurgia-histeroscopica\/","title":{"rendered":"Hystrainer: Entrenador quir\u00fargic per cirurgia histerosc\u00f2pica"},"content":{"rendered":"<h5 class=\"p1\">Programa Ind\u00fastria del Coneixement LLAVOR 2014<\/h5>\n<p class=\"p1\">Resum del projecte:<\/p>\n<p class=\"p1\">La comunitat m\u00e8dica t\u00e9 un creixent inter\u00e8s en la correcta adquisici\u00f3 d&#8217;habilitats quir\u00fargiques de cirurgians i residents i proposa programes de formaci\u00f3 i acreditaci\u00f3. Una formaci\u00f3 correcta beneficia al pacient i redueix els costos associats de la intervenci\u00f3 i la recuperaci\u00f3.<\/p>\n<p class=\"p1\">Hystrainer, HT, \u00e9s una plataforma de formaci\u00f3 i acreditaci\u00f3 que integra un programa educatiu complet amb un simulador per a l&#8217;adquisici\u00f3 dels coneixements i habilitats necessaris en el camp de la histerosc\u00f2pia. HT ofereix un canal de comunicaci\u00f3, capacitaci\u00f3 i supervisi\u00f3 dels especialistes. S&#8217;ha dissenyat juntament amb l&#8217;actual president de la Societat Europea d&#8217;Endosc\u00f2pia Ginecol\u00f2gica (ESGE) amb l&#8217;objectiu d&#8217;integrar-lo en el Programa GESEA (Educaci\u00f3 i avaluaci\u00f3 en cirurgia endosc\u00f2pica).<\/p>\n<p class=\"p1\">HT utilitza Internet per a connectar cada unitat a un programa global que inclou classes te\u00f2riques, multim\u00e8dia, cursos en l\u00ednia i la connexi\u00f3 amb els especialistes. HT registra i analitza l&#8217;execuci\u00f3 dels exercicis d&#8217;entrenament i proporciona realitat virtual per ajudar a la formaci\u00f3 dels seus usuaris i l&#8217;aprenentatge dels procediments quir\u00fargics, reduint la necessitat de mentors.\u00a0HT, com a simulador, \u00e9s el resultat de la combinaci\u00f3 de dues tecnologies: un simulador f\u00edsic i un virtual. El seu \u00fas combinat els refor\u00e7a m\u00fatuament. HT es compon d&#8217;un espai de treball (la vagina, el coll uter\u00ed i l&#8217;\u00fater), un conjunt de sensors per registrar les dades i un ordinador amb una pantalla interactiva que proporciona realitat augmentada.<\/p>\n<p class=\"p1\">HT \u00e9s el primer prototipus d&#8217;un conjunt de simuladors orientats a diversos camps quir\u00fargics. El seu disseny modular permet la seva reutilitzaci\u00f3 en camps com la cistosc\u00f2pia, artrosc\u00f2pia i cirurgia transanal m\u00ednimament invasiva, amb la introducci\u00f3 de canvis menors.\u00a0Actualment, HT est\u00e0 sent validada en diversos departaments de ginecologia d\u2019hospitals p\u00fablics a Espanya i B\u00e8lgica. Els primers resultats amb m\u00e9s de 30 subjectes demostren la seva viabilitat. En paral\u2022lel, s\u2019est\u00e0 desenvolupant un prototipus preindustrial.<\/p>\n<hr \/>\n<h6 class=\"p1\">Aquest projecte ha estat confinan\u00e7at en el marc de la convocat\u00f2ria d&#8217;ajuts per a projectes innovadors amb potencial d&#8217;incorporaci\u00f3 al sector productiu (LLAVOR 2014) en un 50% pel Fons Europeus de Desenvolupament Regional de la Uni\u00f3 Europea en el marc del Programa operatiu FEDER de Catalunya 2014-2020<\/h6>\n<p>&nbsp;<\/p>\n<p><img decoding=\"async\" class=\"aligncenter size-full wp-image-25742 lazyload\" data-src=\"https:\/\/ibecbarcelona.eu\/wp-content\/uploads\/2016\/11\/todoslogos-1.jpg\" alt=\"todoslogos\" width=\"1000\" height=\"77\" data-srcset=\"https:\/\/ibecbarcelona.eu\/wp-content\/uploads\/2016\/11\/todoslogos-1.jpg 1000w, https:\/\/ibecbarcelona.eu\/wp-content\/uploads\/2016\/11\/todoslogos-1-300x23.jpg 300w, https:\/\/ibecbarcelona.eu\/wp-content\/uploads\/2016\/11\/todoslogos-1-768x59.jpg 768w, https:\/\/ibecbarcelona.eu\/wp-content\/uploads\/2016\/11\/todoslogos-1-230x18.jpg 230w, https:\/\/ibecbarcelona.eu\/wp-content\/uploads\/2016\/11\/todoslogos-1-150x12.jpg 150w\" data-sizes=\"(max-width: 1000px) 100vw, 1000px\" src=\"data:image\/svg+xml;base64,PHN2ZyB3aWR0aD0iMSIgaGVpZ2h0PSIxIiB4bWxucz0iaHR0cDovL3d3dy53My5vcmcvMjAwMC9zdmciPjwvc3ZnPg==\" style=\"--smush-placeholder-width: 1000px; --smush-placeholder-aspect-ratio: 1000\/77;\" \/><\/p>\n","protected":false},"excerpt":{"rendered":"<p>Programa Ind\u00fastria del Coneixement LLAVOR 2014 Resum del projecte: La comunitat m\u00e8dica t\u00e9 un creixent inter\u00e8s en la correcta adquisici\u00f3 d&#8217;habilitats quir\u00fargiques de cirurgians i residents i proposa programes de &#8230; <a title=\"Hystrainer: Entrenador quir\u00fargic per cirurgia histerosc\u00f2pica\" class=\"read-more\" href=\"https:\/\/ibecbarcelona.eu\/ca\/research-groups\/former-groups\/robotics\/hystrainer-entrenador-quirurgic-per-cirurgia-histeroscopica\/\" aria-label=\"More on Hystrainer: Entrenador quir\u00fargic per cirurgia histerosc\u00f2pica\">Read more<\/a><\/p>\n","protected":false},"author":4,"featured_media":0,"parent":17148,"menu_order":0,"comment_status":"closed","ping_status":"closed","template":"template-twocolumns-leftresearch.php","meta":{"footnotes":""},"tags":[],"class_list":["post-25686","page","type-page","status-publish"],"yoast_head":"<!-- This site is optimized with the Yoast SEO plugin v27.3 - https:\/\/yoast.com\/product\/yoast-seo-wordpress\/ -->\n<title>Hystrainer: Entrenador quir\u00fargic per cirurgia histerosc\u00f2pica - Institute for Bioengineering of Catalonia<\/title>\n<meta name=\"robots\" content=\"index, follow, max-snippet:-1, max-image-preview:large, max-video-preview:-1\" \/>\n<link rel=\"canonical\" href=\"https:\/\/ibecbarcelona.eu\/ca\/research-groups__trashed\/former-groups\/robotics\/hystrainer-entrenador-quirurgic-per-cirurgia-histeroscopica\/\" \/>\n<meta property=\"og:locale\" content=\"ca_ES\" \/>\n<meta property=\"og:type\" content=\"article\" \/>\n<meta property=\"og:title\" content=\"Hystrainer: Entrenador quir\u00fargic per cirurgia histerosc\u00f2pica - Institute for Bioengineering of Catalonia\" \/>\n<meta property=\"og:description\" content=\"Programa Ind\u00fastria del Coneixement LLAVOR 2014 Resum del projecte: La comunitat m\u00e8dica t\u00e9 un creixent inter\u00e8s en la correcta adquisici\u00f3 d&#8217;habilitats quir\u00fargiques de cirurgians i residents i proposa programes de ... Read more\" \/>\n<meta property=\"og:url\" content=\"https:\/\/ibecbarcelona.eu\/ca\/research-groups__trashed\/former-groups\/robotics\/hystrainer-entrenador-quirurgic-per-cirurgia-histeroscopica\/\" \/>\n<meta property=\"og:site_name\" content=\"Institute for Bioengineering of Catalonia\" \/>\n<meta property=\"article:modified_time\" content=\"2016-11-07T16:27:33+00:00\" \/>\n<meta property=\"og:image\" content=\"https:\/\/ibecbarcelona.eu\/wp-content\/uploads\/2016\/11\/todoslogos-1.jpg\" \/>\n<meta name=\"twitter:card\" content=\"summary_large_image\" \/>\n<meta name=\"twitter:label1\" content=\"Temps estimat de lectura\" \/>\n\t<meta name=\"twitter:data1\" content=\"2 minuts\" \/>\n<script type=\"application\/ld+json\" class=\"yoast-schema-graph\">{\"@context\":\"https:\\\/\\\/schema.org\",\"@graph\":[{\"@type\":\"WebPage\",\"@id\":\"https:\\\/\\\/ibecbarcelona.eu\\\/ca\\\/research-groups__trashed\\\/former-groups\\\/robotics\\\/hystrainer-entrenador-quirurgic-per-cirurgia-histeroscopica\\\/\",\"url\":\"https:\\\/\\\/ibecbarcelona.eu\\\/ca\\\/research-groups__trashed\\\/former-groups\\\/robotics\\\/hystrainer-entrenador-quirurgic-per-cirurgia-histeroscopica\\\/\",\"name\":\"Hystrainer: Entrenador quir\u00fargic per cirurgia histerosc\u00f2pica - Institute for Bioengineering of Catalonia\",\"isPartOf\":{\"@id\":\"https:\\\/\\\/ibecbarcelona.eu\\\/#website\"},\"primaryImageOfPage\":{\"@id\":\"https:\\\/\\\/ibecbarcelona.eu\\\/ca\\\/research-groups__trashed\\\/former-groups\\\/robotics\\\/hystrainer-entrenador-quirurgic-per-cirurgia-histeroscopica\\\/#primaryimage\"},\"image\":{\"@id\":\"https:\\\/\\\/ibecbarcelona.eu\\\/ca\\\/research-groups__trashed\\\/former-groups\\\/robotics\\\/hystrainer-entrenador-quirurgic-per-cirurgia-histeroscopica\\\/#primaryimage\"},\"thumbnailUrl\":\"https:\\\/\\\/ibecbarcelona.eu\\\/wp-content\\\/uploads\\\/2016\\\/11\\\/todoslogos-1.jpg\",\"datePublished\":\"2016-11-07T12:08:24+00:00\",\"dateModified\":\"2016-11-07T16:27:33+00:00\",\"breadcrumb\":{\"@id\":\"https:\\\/\\\/ibecbarcelona.eu\\\/ca\\\/research-groups__trashed\\\/former-groups\\\/robotics\\\/hystrainer-entrenador-quirurgic-per-cirurgia-histeroscopica\\\/#breadcrumb\"},\"inLanguage\":\"ca\",\"potentialAction\":[{\"@type\":\"ReadAction\",\"target\":[\"https:\\\/\\\/ibecbarcelona.eu\\\/ca\\\/research-groups__trashed\\\/former-groups\\\/robotics\\\/hystrainer-entrenador-quirurgic-per-cirurgia-histeroscopica\\\/\"]}]},{\"@type\":\"ImageObject\",\"inLanguage\":\"ca\",\"@id\":\"https:\\\/\\\/ibecbarcelona.eu\\\/ca\\\/research-groups__trashed\\\/former-groups\\\/robotics\\\/hystrainer-entrenador-quirurgic-per-cirurgia-histeroscopica\\\/#primaryimage\",\"url\":\"https:\\\/\\\/ibecbarcelona.eu\\\/wp-content\\\/uploads\\\/2016\\\/11\\\/todoslogos-1.jpg\",\"contentUrl\":\"https:\\\/\\\/ibecbarcelona.eu\\\/wp-content\\\/uploads\\\/2016\\\/11\\\/todoslogos-1.jpg\"},{\"@type\":\"BreadcrumbList\",\"@id\":\"https:\\\/\\\/ibecbarcelona.eu\\\/ca\\\/research-groups__trashed\\\/former-groups\\\/robotics\\\/hystrainer-entrenador-quirurgic-per-cirurgia-histeroscopica\\\/#breadcrumb\",\"itemListElement\":[{\"@type\":\"ListItem\",\"position\":1,\"name\":\"Home\",\"item\":\"https:\\\/\\\/ibecbarcelona.eu\\\/ca\\\/\"},{\"@type\":\"ListItem\",\"position\":2,\"name\":\"Former groups\",\"item\":\"https:\\\/\\\/ibecbarcelona.eu\\\/ca\\\/research-groups__trashed\\\/former-groups\\\/\"},{\"@type\":\"ListItem\",\"position\":3,\"name\":\"Robotics\",\"item\":\"https:\\\/\\\/ibecbarcelona.eu\\\/ca\\\/research-groups__trashed\\\/former-groups\\\/robotics\\\/\"},{\"@type\":\"ListItem\",\"position\":4,\"name\":\"Hystrainer: Entrenador quir\u00fargic per cirurgia histerosc\u00f2pica\"}]},{\"@type\":\"WebSite\",\"@id\":\"https:\\\/\\\/ibecbarcelona.eu\\\/#website\",\"url\":\"https:\\\/\\\/ibecbarcelona.eu\\\/\",\"name\":\"Institute for Bioengineering of Catalonia\",\"description\":\"Bioengineering Solutions for Health\",\"publisher\":{\"@id\":\"https:\\\/\\\/ibecbarcelona.eu\\\/#organization\"},\"potentialAction\":[{\"@type\":\"SearchAction\",\"target\":{\"@type\":\"EntryPoint\",\"urlTemplate\":\"https:\\\/\\\/ibecbarcelona.eu\\\/?s={search_term_string}\"},\"query-input\":{\"@type\":\"PropertyValueSpecification\",\"valueRequired\":true,\"valueName\":\"search_term_string\"}}],\"inLanguage\":\"ca\"},{\"@type\":\"Organization\",\"@id\":\"https:\\\/\\\/ibecbarcelona.eu\\\/#organization\",\"name\":\"Institute for Bioengineering of Catalonia\",\"url\":\"https:\\\/\\\/ibecbarcelona.eu\\\/\",\"logo\":{\"@type\":\"ImageObject\",\"inLanguage\":\"ca\",\"@id\":\"https:\\\/\\\/ibecbarcelona.eu\\\/#\\\/schema\\\/logo\\\/image\\\/\",\"url\":\"https:\\\/\\\/ibecbarcelona.eu\\\/wp-content\\\/uploads\\\/2026\\\/01\\\/cropped-IBEC_20ANYS_GRIS.png\",\"contentUrl\":\"https:\\\/\\\/ibecbarcelona.eu\\\/wp-content\\\/uploads\\\/2026\\\/01\\\/cropped-IBEC_20ANYS_GRIS.png\",\"width\":696,\"height\":257,\"caption\":\"Institute for Bioengineering of Catalonia\"},\"image\":{\"@id\":\"https:\\\/\\\/ibecbarcelona.eu\\\/#\\\/schema\\\/logo\\\/image\\\/\"}}]}<\/script>\n<!-- \/ Yoast SEO plugin. -->","yoast_head_json":{"title":"Hystrainer: Entrenador quir\u00fargic per cirurgia histerosc\u00f2pica - Institute for Bioengineering of Catalonia","robots":{"index":"index","follow":"follow","max-snippet":"max-snippet:-1","max-image-preview":"max-image-preview:large","max-video-preview":"max-video-preview:-1"},"canonical":"https:\/\/ibecbarcelona.eu\/ca\/research-groups__trashed\/former-groups\/robotics\/hystrainer-entrenador-quirurgic-per-cirurgia-histeroscopica\/","og_locale":"ca_ES","og_type":"article","og_title":"Hystrainer: Entrenador quir\u00fargic per cirurgia histerosc\u00f2pica - Institute for Bioengineering of Catalonia","og_description":"Programa Ind\u00fastria del Coneixement LLAVOR 2014 Resum del projecte: La comunitat m\u00e8dica t\u00e9 un creixent inter\u00e8s en la correcta adquisici\u00f3 d&#8217;habilitats quir\u00fargiques de cirurgians i residents i proposa programes de ... Read more","og_url":"https:\/\/ibecbarcelona.eu\/ca\/research-groups__trashed\/former-groups\/robotics\/hystrainer-entrenador-quirurgic-per-cirurgia-histeroscopica\/","og_site_name":"Institute for Bioengineering of Catalonia","article_modified_time":"2016-11-07T16:27:33+00:00","og_image":[{"url":"https:\/\/ibecbarcelona.eu\/wp-content\/uploads\/2016\/11\/todoslogos-1.jpg","type":"","width":"","height":""}],"twitter_card":"summary_large_image","twitter_misc":{"Temps estimat de lectura":"2 minuts"},"schema":{"@context":"https:\/\/schema.org","@graph":[{"@type":"WebPage","@id":"https:\/\/ibecbarcelona.eu\/ca\/research-groups__trashed\/former-groups\/robotics\/hystrainer-entrenador-quirurgic-per-cirurgia-histeroscopica\/","url":"https:\/\/ibecbarcelona.eu\/ca\/research-groups__trashed\/former-groups\/robotics\/hystrainer-entrenador-quirurgic-per-cirurgia-histeroscopica\/","name":"Hystrainer: Entrenador quir\u00fargic per cirurgia histerosc\u00f2pica - Institute for Bioengineering of Catalonia","isPartOf":{"@id":"https:\/\/ibecbarcelona.eu\/#website"},"primaryImageOfPage":{"@id":"https:\/\/ibecbarcelona.eu\/ca\/research-groups__trashed\/former-groups\/robotics\/hystrainer-entrenador-quirurgic-per-cirurgia-histeroscopica\/#primaryimage"},"image":{"@id":"https:\/\/ibecbarcelona.eu\/ca\/research-groups__trashed\/former-groups\/robotics\/hystrainer-entrenador-quirurgic-per-cirurgia-histeroscopica\/#primaryimage"},"thumbnailUrl":"https:\/\/ibecbarcelona.eu\/wp-content\/uploads\/2016\/11\/todoslogos-1.jpg","datePublished":"2016-11-07T12:08:24+00:00","dateModified":"2016-11-07T16:27:33+00:00","breadcrumb":{"@id":"https:\/\/ibecbarcelona.eu\/ca\/research-groups__trashed\/former-groups\/robotics\/hystrainer-entrenador-quirurgic-per-cirurgia-histeroscopica\/#breadcrumb"},"inLanguage":"ca","potentialAction":[{"@type":"ReadAction","target":["https:\/\/ibecbarcelona.eu\/ca\/research-groups__trashed\/former-groups\/robotics\/hystrainer-entrenador-quirurgic-per-cirurgia-histeroscopica\/"]}]},{"@type":"ImageObject","inLanguage":"ca","@id":"https:\/\/ibecbarcelona.eu\/ca\/research-groups__trashed\/former-groups\/robotics\/hystrainer-entrenador-quirurgic-per-cirurgia-histeroscopica\/#primaryimage","url":"https:\/\/ibecbarcelona.eu\/wp-content\/uploads\/2016\/11\/todoslogos-1.jpg","contentUrl":"https:\/\/ibecbarcelona.eu\/wp-content\/uploads\/2016\/11\/todoslogos-1.jpg"},{"@type":"BreadcrumbList","@id":"https:\/\/ibecbarcelona.eu\/ca\/research-groups__trashed\/former-groups\/robotics\/hystrainer-entrenador-quirurgic-per-cirurgia-histeroscopica\/#breadcrumb","itemListElement":[{"@type":"ListItem","position":1,"name":"Home","item":"https:\/\/ibecbarcelona.eu\/ca\/"},{"@type":"ListItem","position":2,"name":"Former groups","item":"https:\/\/ibecbarcelona.eu\/ca\/research-groups__trashed\/former-groups\/"},{"@type":"ListItem","position":3,"name":"Robotics","item":"https:\/\/ibecbarcelona.eu\/ca\/research-groups__trashed\/former-groups\/robotics\/"},{"@type":"ListItem","position":4,"name":"Hystrainer: Entrenador quir\u00fargic per cirurgia histerosc\u00f2pica"}]},{"@type":"WebSite","@id":"https:\/\/ibecbarcelona.eu\/#website","url":"https:\/\/ibecbarcelona.eu\/","name":"Institute for Bioengineering of Catalonia","description":"Bioengineering Solutions for Health","publisher":{"@id":"https:\/\/ibecbarcelona.eu\/#organization"},"potentialAction":[{"@type":"SearchAction","target":{"@type":"EntryPoint","urlTemplate":"https:\/\/ibecbarcelona.eu\/?s={search_term_string}"},"query-input":{"@type":"PropertyValueSpecification","valueRequired":true,"valueName":"search_term_string"}}],"inLanguage":"ca"},{"@type":"Organization","@id":"https:\/\/ibecbarcelona.eu\/#organization","name":"Institute for Bioengineering of Catalonia","url":"https:\/\/ibecbarcelona.eu\/","logo":{"@type":"ImageObject","inLanguage":"ca","@id":"https:\/\/ibecbarcelona.eu\/#\/schema\/logo\/image\/","url":"https:\/\/ibecbarcelona.eu\/wp-content\/uploads\/2026\/01\/cropped-IBEC_20ANYS_GRIS.png","contentUrl":"https:\/\/ibecbarcelona.eu\/wp-content\/uploads\/2026\/01\/cropped-IBEC_20ANYS_GRIS.png","width":696,"height":257,"caption":"Institute for Bioengineering of Catalonia"},"image":{"@id":"https:\/\/ibecbarcelona.eu\/#\/schema\/logo\/image\/"}}]}},"AFP_featured_media_urls":{"full":false,"thumbnail":false,"medium":false,"medium_large":false,"large":false},"AFP_attachments":{"full":["https:\/\/ibecbarcelona.eu\/wp-content\/uploads\/2016\/11\/todoslogos-1.jpg",1000,77,false],"thumbnail":["https:\/\/ibecbarcelona.eu\/wp-content\/uploads\/2016\/11\/todoslogos-1-150x77.jpg",150,77,true],"medium":["https:\/\/ibecbarcelona.eu\/wp-content\/uploads\/2016\/11\/todoslogos-1-300x23.jpg",300,23,true],"medium_large":["https:\/\/ibecbarcelona.eu\/wp-content\/uploads\/2016\/11\/todoslogos-1-768x59.jpg",768,59,true],"large":["https:\/\/ibecbarcelona.eu\/wp-content\/uploads\/2016\/11\/todoslogos-1.jpg",1000,77,false]},"AFP_videos":[],"AFP_video_blocks":"","AFP_category_names":[],"_links":{"self":[{"href":"https:\/\/ibecbarcelona.eu\/ca\/wp-json\/wp\/v2\/pages\/25686","targetHints":{"allow":["GET"]}}],"collection":[{"href":"https:\/\/ibecbarcelona.eu\/ca\/wp-json\/wp\/v2\/pages"}],"about":[{"href":"https:\/\/ibecbarcelona.eu\/ca\/wp-json\/wp\/v2\/types\/page"}],"author":[{"embeddable":true,"href":"https:\/\/ibecbarcelona.eu\/ca\/wp-json\/wp\/v2\/users\/4"}],"replies":[{"embeddable":true,"href":"https:\/\/ibecbarcelona.eu\/ca\/wp-json\/wp\/v2\/comments?post=25686"}],"version-history":[{"count":0,"href":"https:\/\/ibecbarcelona.eu\/ca\/wp-json\/wp\/v2\/pages\/25686\/revisions"}],"up":[{"embeddable":true,"href":"https:\/\/ibecbarcelona.eu\/ca\/wp-json\/wp\/v2\/pages\/17148"}],"wp:attachment":[{"href":"https:\/\/ibecbarcelona.eu\/ca\/wp-json\/wp\/v2\/media?parent=25686"}],"wp:term":[{"taxonomy":"post_tag","embeddable":true,"href":"https:\/\/ibecbarcelona.eu\/ca\/wp-json\/wp\/v2\/tags?post=25686"}],"curies":[{"name":"wp","href":"https:\/\/api.w.org\/{rel}","templated":true}]}}