
{"id":62630,"date":"2018-11-07T14:21:05","date_gmt":"2018-11-07T13:21:05","guid":{"rendered":"http:\/\/ibecbarcelona.eu\/promoting-cardiac-regeneration-by-biomimetic-microenvironments\/"},"modified":"2018-11-08T12:29:43","modified_gmt":"2018-11-08T11:29:43","slug":"promoting-cardiac-regeneration-by-biomimetic-microenvironments","status":"publish","type":"page","link":"https:\/\/ibecbarcelona.eu\/ca\/promoting-cardiac-regeneration-by-biomimetic-microenvironments\/","title":{"rendered":"Promoting cardiac regeneration by biomimetic microenvironments"},"content":{"rendered":"<p><a href=\"https:\/\/ibecbarcelona.eu\/biomaterials\" target=\"_blank\" rel=\"noopener\">Biomaterials for regenerative therapies group<\/a> \u00b7\u00a0Elisabeth Engel\u00a0 \/\u00a0\u00a0<a href=\"https:\/\/ibecbarcelona.eu\/biomsyscelleng\" target=\"_blank\" rel=\"noopener\">Biomimetic systems for cell engineering group<\/a> \u00b7\u00a0Elena Mart\u00ednez<\/p>\n<p>&nbsp;<\/p>\n<h2>Research project<\/h2>\n<hr \/>\n<p>Traditionally, the mammalian heart has been considered a post-mitotic terminally differentiated organ. It was believed that cardiomyocytes present at birth would persist, without further division, throughout the entire organism life. Consequently, upon injury, such as the one produced by a myocardial infarction, cardiac tissue is not able to regenerate. The scar formed interferes with the normal heart functioning, leading to organ failure.<\/p>\n<p>Recently, the identification and characterization of resident cardiac stem cells (CSCs) changed the paradigms towards cardiac regeneration. Data support that activation of cell molecular machinery can result in cardiomyocyte dedifferentiation and improved heart functionality. These findings open the possibility of heart self-healing in response to specific stimuli after infarction.<\/p>\n<p>Given the prospect of true myocardial regeneration, new strategies to induce <em>in situ<\/em> cell activation sources with myogenic and angiogenic properties is a great opportunity for myocardial tissue regeneration. This project proposes an original strategy towards <em>in situ<\/em> cardiac tissue regeneration that relies on novel biomaterials (Organogels). Preliminary data support that these biomaterials possess unique physicochemical properties resulting in chemotactic cell attraction, activation and vascularization at the infarcted tissue. The project will explore this strategy as a novel way of <em>in vivo<\/em> cardiomyocyte reprogramming system.<\/p>\n<p>This project will be carried out in collaboration between IBEC groups of \u201cBiomaterials for Regenerative Therapies\u201d and \u201cBiomimetic systems for cell engineering\u201d. Both groups work at the interface between material science, microengineering, cell biology and material-cell interface. They combine cutting edge engineering techniques (3D bioprinting, electrospinning, microfabrication, microfluidics, multistimuli bioreactors) with cell biological models (stem cells, organoids and spheroids) aiming new strategies in regenerative medicine.<\/p>\n<p>&nbsp;<\/p>\n<h2>Job position<\/h2>\n<hr \/>\n<p>The person involved in this project will have the opportunity to be immersed in the field of tissue engineering by working on the design and fabrication of a novel biomaterial with the requirements needed for promoting heart regeneration<em> in situ<\/em>. Innovative technologies based on 3D printing and bioprinting will be the core of his\/her research to produce appropriate materials that will create a specific environment to control scar formation and cardiac tissue regeneration after ischemia.<\/p>\n<p>Cell culture and biochemistry techniques will also be part of his\/her work, in order to characterize the obtained biomaterial and better define its properties. The new concept of in situ cardiac regeneration would be tested in <em>in vitro<\/em> systems, which model cardiac tissue surrogates (microengineered tissues and cardiac spheroids), and in <em>in vivo <\/em>models. Thus, the student will both learn about material science, bioengineering and biology, as well as the indispensable interaction between both fields. Scientific papers writing as well as conference attendance will be highly encouraged. International stays in other research centers are offered. Thus, a thorough formation in different skills (scientific writing, oral communication, IP protection, etc) will also be offered by the institution.<\/p>\n<p>&nbsp;<\/p>\n<p><strong>References:<\/strong><\/p>\n<p style=\"padding-left: 30px;\">[1] Mateos-Timoneda, <a href=\"https:\/\/www.ncbi.nlm.nih.gov\/pubmed\/?term=Levato%20R%5BAuthor%5D&amp;cauthor=true&amp;cauthor_uid=26736615\">Levato R<\/a>,\u00a0<a href=\"https:\/\/www.ncbi.nlm.nih.gov\/pubmed\/?term=Pu%C3%B1et%20X%5BAuthor%5D&amp;cauthor=true&amp;cauthor_uid=26736615\">Pu\u00f1et X<\/a>,\u00a0<a href=\"https:\/\/www.ncbi.nlm.nih.gov\/pubmed\/?term=Cano%20I%5BAuthor%5D&amp;cauthor=true&amp;cauthor_uid=26736615\">Cano I<\/a>,\u00a0<a href=\"https:\/\/www.ncbi.nlm.nih.gov\/pubmed\/?term=Castano%20O%5BAuthor%5D&amp;cauthor=true&amp;cauthor_uid=26736615\">Castano O<\/a>,\u00a0<a href=\"https:\/\/www.ncbi.nlm.nih.gov\/pubmed\/?term=Engel%20E%5BAuthor%5D&amp;cauthor=true&amp;cauthor_uid=26736615\">Engel E<\/a>. Biofunctionalization of polymeric surfaces, <a href=\"https:\/\/www.ncbi.nlm.nih.gov\/pubmed\/?term=levato+r+punet+x\">Conf Proc IEEE Eng Med Biol Soc.<\/a>(2015); 15:1745,<\/p>\n<p style=\"padding-left: 30px;\">[2] PATENT: European Patent Application No. EP18382391.3 &#8211; CardioLoaf: eliciting cardiac tissue-like functionality at the macroscale (2018)<\/p>\n<p style=\"padding-left: 30px;\">[3] Hortig\u00fcela V., Larra\u00f1aga E., Cutrale F., Seriola A., Garc\u00eda-D\u00edaz M., Lagunas A., Andilla J., Loza-Alvarez P., Samitier J., Ojosnegros S., Martinez E., Nanopatterns of surface-bound ephrinB1 produce multivalent ligand-receptor interactions that tune EphB2 receptor clustering. Nano Letters (2018); 18, (1), 629-637.<\/p>\n<p style=\"padding-left: 30px;\">[4] Casta\u00f1o AG; Hortig\u00fcela V, Lagunas A, Cortina C; Montserrat N; Samitier J; Mart\u00ednez E. Protein patterning on hydrogels by direct microcontact printing: application to cardiac differentiation, RSC Adv. (2014); 4, 29120.<\/p>\n","protected":false},"excerpt":{"rendered":"<p>Biomaterials for regenerative therapies group \u00b7\u00a0Elisabeth Engel\u00a0 \/\u00a0\u00a0Biomimetic systems for cell engineering group \u00b7\u00a0Elena Mart\u00ednez &nbsp; Research project Traditionally, the mammalian heart has been considered a post-mitotic terminally differentiated organ. &#8230; <a title=\"Promoting cardiac regeneration by biomimetic microenvironments\" class=\"read-more\" href=\"https:\/\/ibecbarcelona.eu\/ca\/promoting-cardiac-regeneration-by-biomimetic-microenvironments\/\" aria-label=\"More on Promoting cardiac regeneration by biomimetic microenvironments\">Read more<\/a><\/p>\n","protected":false},"author":4,"featured_media":0,"parent":0,"menu_order":0,"comment_status":"closed","ping_status":"closed","template":"","meta":{"footnotes":""},"tags":[],"class_list":["post-62630","page","type-page","status-publish"],"yoast_head":"<!-- This site is optimized with the Yoast SEO plugin v27.3 - https:\/\/yoast.com\/product\/yoast-seo-wordpress\/ -->\n<title>Promoting cardiac regeneration by biomimetic microenvironments - Institute for Bioengineering of Catalonia<\/title>\n<meta name=\"robots\" content=\"index, follow, max-snippet:-1, max-image-preview:large, max-video-preview:-1\" \/>\n<link rel=\"canonical\" href=\"https:\/\/ibecbarcelona.eu\/ca\/promoting-cardiac-regeneration-by-biomimetic-microenvironments\/\" \/>\n<meta property=\"og:locale\" content=\"ca_ES\" \/>\n<meta property=\"og:type\" content=\"article\" \/>\n<meta property=\"og:title\" content=\"Promoting cardiac regeneration by biomimetic microenvironments - Institute for Bioengineering of Catalonia\" \/>\n<meta property=\"og:description\" content=\"Biomaterials for regenerative therapies group \u00b7\u00a0Elisabeth Engel\u00a0 \/\u00a0\u00a0Biomimetic systems for cell engineering group \u00b7\u00a0Elena Mart\u00ednez &nbsp; Research project Traditionally, the mammalian heart has been considered a post-mitotic terminally differentiated organ. ... Read more\" \/>\n<meta property=\"og:url\" content=\"https:\/\/ibecbarcelona.eu\/ca\/promoting-cardiac-regeneration-by-biomimetic-microenvironments\/\" \/>\n<meta property=\"og:site_name\" content=\"Institute for Bioengineering of Catalonia\" \/>\n<meta property=\"article:modified_time\" content=\"2018-11-08T11:29:43+00:00\" \/>\n<meta name=\"twitter:card\" content=\"summary_large_image\" \/>\n<meta name=\"twitter:label1\" content=\"Temps estimat de lectura\" \/>\n\t<meta name=\"twitter:data1\" content=\"3 minuts\" \/>\n<script type=\"application\/ld+json\" class=\"yoast-schema-graph\">{\"@context\":\"https:\\\/\\\/schema.org\",\"@graph\":[{\"@type\":\"WebPage\",\"@id\":\"https:\\\/\\\/ibecbarcelona.eu\\\/ca\\\/promoting-cardiac-regeneration-by-biomimetic-microenvironments\\\/\",\"url\":\"https:\\\/\\\/ibecbarcelona.eu\\\/ca\\\/promoting-cardiac-regeneration-by-biomimetic-microenvironments\\\/\",\"name\":\"Promoting cardiac regeneration by biomimetic microenvironments - Institute for Bioengineering of Catalonia\",\"isPartOf\":{\"@id\":\"https:\\\/\\\/ibecbarcelona.eu\\\/#website\"},\"datePublished\":\"2018-11-07T13:21:05+00:00\",\"dateModified\":\"2018-11-08T11:29:43+00:00\",\"breadcrumb\":{\"@id\":\"https:\\\/\\\/ibecbarcelona.eu\\\/ca\\\/promoting-cardiac-regeneration-by-biomimetic-microenvironments\\\/#breadcrumb\"},\"inLanguage\":\"ca\",\"potentialAction\":[{\"@type\":\"ReadAction\",\"target\":[\"https:\\\/\\\/ibecbarcelona.eu\\\/ca\\\/promoting-cardiac-regeneration-by-biomimetic-microenvironments\\\/\"]}]},{\"@type\":\"BreadcrumbList\",\"@id\":\"https:\\\/\\\/ibecbarcelona.eu\\\/ca\\\/promoting-cardiac-regeneration-by-biomimetic-microenvironments\\\/#breadcrumb\",\"itemListElement\":[{\"@type\":\"ListItem\",\"position\":1,\"name\":\"Home\",\"item\":\"https:\\\/\\\/ibecbarcelona.eu\\\/ca\\\/\"},{\"@type\":\"ListItem\",\"position\":2,\"name\":\"Promoting cardiac regeneration by biomimetic microenvironments\"}]},{\"@type\":\"WebSite\",\"@id\":\"https:\\\/\\\/ibecbarcelona.eu\\\/#website\",\"url\":\"https:\\\/\\\/ibecbarcelona.eu\\\/\",\"name\":\"Institute for Bioengineering of Catalonia\",\"description\":\"Bioengineering Solutions for Health\",\"publisher\":{\"@id\":\"https:\\\/\\\/ibecbarcelona.eu\\\/#organization\"},\"potentialAction\":[{\"@type\":\"SearchAction\",\"target\":{\"@type\":\"EntryPoint\",\"urlTemplate\":\"https:\\\/\\\/ibecbarcelona.eu\\\/?s={search_term_string}\"},\"query-input\":{\"@type\":\"PropertyValueSpecification\",\"valueRequired\":true,\"valueName\":\"search_term_string\"}}],\"inLanguage\":\"ca\"},{\"@type\":\"Organization\",\"@id\":\"https:\\\/\\\/ibecbarcelona.eu\\\/#organization\",\"name\":\"Institute for Bioengineering of Catalonia\",\"url\":\"https:\\\/\\\/ibecbarcelona.eu\\\/\",\"logo\":{\"@type\":\"ImageObject\",\"inLanguage\":\"ca\",\"@id\":\"https:\\\/\\\/ibecbarcelona.eu\\\/#\\\/schema\\\/logo\\\/image\\\/\",\"url\":\"https:\\\/\\\/ibecbarcelona.eu\\\/wp-content\\\/uploads\\\/2026\\\/01\\\/cropped-IBEC_20ANYS_GRIS.png\",\"contentUrl\":\"https:\\\/\\\/ibecbarcelona.eu\\\/wp-content\\\/uploads\\\/2026\\\/01\\\/cropped-IBEC_20ANYS_GRIS.png\",\"width\":696,\"height\":257,\"caption\":\"Institute for Bioengineering of Catalonia\"},\"image\":{\"@id\":\"https:\\\/\\\/ibecbarcelona.eu\\\/#\\\/schema\\\/logo\\\/image\\\/\"}}]}<\/script>\n<!-- \/ Yoast SEO plugin. -->","yoast_head_json":{"title":"Promoting cardiac regeneration by biomimetic microenvironments - Institute for Bioengineering of Catalonia","robots":{"index":"index","follow":"follow","max-snippet":"max-snippet:-1","max-image-preview":"max-image-preview:large","max-video-preview":"max-video-preview:-1"},"canonical":"https:\/\/ibecbarcelona.eu\/ca\/promoting-cardiac-regeneration-by-biomimetic-microenvironments\/","og_locale":"ca_ES","og_type":"article","og_title":"Promoting cardiac regeneration by biomimetic microenvironments - Institute for Bioengineering of Catalonia","og_description":"Biomaterials for regenerative therapies group \u00b7\u00a0Elisabeth Engel\u00a0 \/\u00a0\u00a0Biomimetic systems for cell engineering group \u00b7\u00a0Elena Mart\u00ednez &nbsp; Research project Traditionally, the mammalian heart has been considered a post-mitotic terminally differentiated organ. ... Read more","og_url":"https:\/\/ibecbarcelona.eu\/ca\/promoting-cardiac-regeneration-by-biomimetic-microenvironments\/","og_site_name":"Institute for Bioengineering of Catalonia","article_modified_time":"2018-11-08T11:29:43+00:00","twitter_card":"summary_large_image","twitter_misc":{"Temps estimat de lectura":"3 minuts"},"schema":{"@context":"https:\/\/schema.org","@graph":[{"@type":"WebPage","@id":"https:\/\/ibecbarcelona.eu\/ca\/promoting-cardiac-regeneration-by-biomimetic-microenvironments\/","url":"https:\/\/ibecbarcelona.eu\/ca\/promoting-cardiac-regeneration-by-biomimetic-microenvironments\/","name":"Promoting cardiac regeneration by biomimetic microenvironments - Institute for Bioengineering of Catalonia","isPartOf":{"@id":"https:\/\/ibecbarcelona.eu\/#website"},"datePublished":"2018-11-07T13:21:05+00:00","dateModified":"2018-11-08T11:29:43+00:00","breadcrumb":{"@id":"https:\/\/ibecbarcelona.eu\/ca\/promoting-cardiac-regeneration-by-biomimetic-microenvironments\/#breadcrumb"},"inLanguage":"ca","potentialAction":[{"@type":"ReadAction","target":["https:\/\/ibecbarcelona.eu\/ca\/promoting-cardiac-regeneration-by-biomimetic-microenvironments\/"]}]},{"@type":"BreadcrumbList","@id":"https:\/\/ibecbarcelona.eu\/ca\/promoting-cardiac-regeneration-by-biomimetic-microenvironments\/#breadcrumb","itemListElement":[{"@type":"ListItem","position":1,"name":"Home","item":"https:\/\/ibecbarcelona.eu\/ca\/"},{"@type":"ListItem","position":2,"name":"Promoting cardiac regeneration by biomimetic microenvironments"}]},{"@type":"WebSite","@id":"https:\/\/ibecbarcelona.eu\/#website","url":"https:\/\/ibecbarcelona.eu\/","name":"Institute for Bioengineering of Catalonia","description":"Bioengineering Solutions for Health","publisher":{"@id":"https:\/\/ibecbarcelona.eu\/#organization"},"potentialAction":[{"@type":"SearchAction","target":{"@type":"EntryPoint","urlTemplate":"https:\/\/ibecbarcelona.eu\/?s={search_term_string}"},"query-input":{"@type":"PropertyValueSpecification","valueRequired":true,"valueName":"search_term_string"}}],"inLanguage":"ca"},{"@type":"Organization","@id":"https:\/\/ibecbarcelona.eu\/#organization","name":"Institute for Bioengineering of Catalonia","url":"https:\/\/ibecbarcelona.eu\/","logo":{"@type":"ImageObject","inLanguage":"ca","@id":"https:\/\/ibecbarcelona.eu\/#\/schema\/logo\/image\/","url":"https:\/\/ibecbarcelona.eu\/wp-content\/uploads\/2026\/01\/cropped-IBEC_20ANYS_GRIS.png","contentUrl":"https:\/\/ibecbarcelona.eu\/wp-content\/uploads\/2026\/01\/cropped-IBEC_20ANYS_GRIS.png","width":696,"height":257,"caption":"Institute for Bioengineering of Catalonia"},"image":{"@id":"https:\/\/ibecbarcelona.eu\/#\/schema\/logo\/image\/"}}]}},"AFP_featured_media_urls":{"full":false,"thumbnail":false,"medium":false,"medium_large":false,"large":false},"AFP_attachments":[],"AFP_videos":[],"AFP_video_blocks":"","AFP_category_names":[],"_links":{"self":[{"href":"https:\/\/ibecbarcelona.eu\/ca\/wp-json\/wp\/v2\/pages\/62630","targetHints":{"allow":["GET"]}}],"collection":[{"href":"https:\/\/ibecbarcelona.eu\/ca\/wp-json\/wp\/v2\/pages"}],"about":[{"href":"https:\/\/ibecbarcelona.eu\/ca\/wp-json\/wp\/v2\/types\/page"}],"author":[{"embeddable":true,"href":"https:\/\/ibecbarcelona.eu\/ca\/wp-json\/wp\/v2\/users\/4"}],"replies":[{"embeddable":true,"href":"https:\/\/ibecbarcelona.eu\/ca\/wp-json\/wp\/v2\/comments?post=62630"}],"version-history":[{"count":5,"href":"https:\/\/ibecbarcelona.eu\/ca\/wp-json\/wp\/v2\/pages\/62630\/revisions"}],"predecessor-version":[{"id":62644,"href":"https:\/\/ibecbarcelona.eu\/ca\/wp-json\/wp\/v2\/pages\/62630\/revisions\/62644"}],"wp:attachment":[{"href":"https:\/\/ibecbarcelona.eu\/ca\/wp-json\/wp\/v2\/media?parent=62630"}],"wp:term":[{"taxonomy":"post_tag","embeddable":true,"href":"https:\/\/ibecbarcelona.eu\/ca\/wp-json\/wp\/v2\/tags?post=62630"}],"curies":[{"name":"wp","href":"https:\/\/api.w.org\/{rel}","templated":true}]}}