
{"id":62692,"date":"2018-11-07T15:00:26","date_gmt":"2018-11-07T14:00:26","guid":{"rendered":"http:\/\/ibecbarcelona.eu\/guiding-neuroregeneration-with-light-at-the-peripheral-nervous-system\/"},"modified":"2018-11-08T14:31:30","modified_gmt":"2018-11-08T13:31:30","slug":"guiding-neuroregeneration-with-light-at-the-peripheral-nervous-system","status":"publish","type":"page","link":"https:\/\/ibecbarcelona.eu\/ca\/guiding-neuroregeneration-with-light-at-the-peripheral-nervous-system\/guiding-neuroregeneration-with-light-at-the-peripheral-nervous-system\/","title":{"rendered":"Guiding neuroregeneration with light at the peripheral nervous system"},"content":{"rendered":"<p><a href=\"https:\/\/ibecbarcelona.eu\/neurobiotechnology\" target=\"_blank\" rel=\"noopener\">Molecular and cellular neurobiotechnology group<\/a>\u00a0\u00b7 Jos\u00e9 Antonio del Rio \/\u00a0<a href=\"https:\/\/ibecbarcelona.eu\/nanoprobes\" target=\"_blank\" rel=\"noopener\">Nanoprobes and nanoswitches group<\/a> \u00b7\u00a0Pau Gorostiza<\/p>\n<h2><\/h2>\n<h2>Research project<\/h2>\n<hr \/>\n<p>Axonal injuries can result in paralysis and profound degenerative alterations to skeletal muscle leading to muscle atrophy, force deficits, even after repair employing micro-surgical techniques. Beyond surgical repair of the nerve, there are currently no treatment options for these patients. Understanding the basic mechanisms of neural regeneration after injury is a pre-requisite for developing appropriate treatments.<\/p>\n<p>Neuronal activity has long been known to modulate many processes during development. Moreover, it has also been seen that neuronal activity can lead to regeneration in the peripheral nervous system (PNS). The manipulation of neuronal activity with light is currently the state of the art approach to investigate the nervous system, due to its specificity and capacity to induce more physiological neural activation. In this proposal we plan to use optogenetics (genetic manipulation to express light-sensitive proteins) and photophamacology (the development of light-regulated drugs) as tools to control neuronal activity. We aim to enhance the intrinsic capacity of peripheral nerves to regenerate by modulating neuronal activity. The laboratory of Jos\u00e9 A. del R\u00edo has developed an axotomy microfluidic device system that allows for simultaneous 3D co-culture and compartmentalization of mouse embryonic ventral spinal cord explants and skeletal muscle [1, 2]. This platform capitalizes on microfluidic designs for 3D cultures and the presence of an axotomy channel for the study of neuromuscular junction (NMJ) injuries and regeneration.<\/p>\n<p>Preliminary results pointed out the importance of the modulation of neuronal activity to induce axonal regeneration after axotomy. Additionally, the system enables the culture of functional NMJs and myofibers, the evaluation of muscle cell contractility, the observation of axonal regeneration after axotomy, and the formation of functional NMJs, proving it to be useful as a tool to investigate NMJ mechanisms and treatments in health and disease, including axotomy.<\/p>\n<p>&nbsp;<\/p>\n<h2>Job position<\/h2>\n<hr \/>\n<p>We will combine the characterization of neuronal regeneration using our axotomy microfluidic device and advanced imaging techniques, with spatiotemporally and pharmacologically selective photostimulation of neuronal activity. In particular, we will use (1) transfection of muscle cells and postsynaptic neurons with excitatory optogenetic constructs (Channelrhodopsin-2), and (2) light-regulated ligands of postsynaptic receptors (acetylcholine, glutamate, and gamma-aminobutyric acid (GABA) receptors) to control the activity of NMJs and neuron-neuron synapses with patterns and pulses of illumination. The laboratory of Pau Gorostiza has developed several light-regulated agonists and antagonists of ionotropic [3] and metabotropic [4] glutamate receptors, and is currently working on ionotropic GABA receptors [5], muscarinic [6] and nicotinic receptors including muscle- and brain-subtypes. These compounds allow manipulating the activity of endogenous synaptic receptors without genetic manipulations and thus offer a powerful research tool and an interesting therapeutic opportunity for activity-dependent regeneration.<\/p>\n<p>This multidisciplinary proposal encompasses the objective of engineering neuronal regeneration with a great diversity of experimental methods, ranging from microfluidics, 3D cell culture, and fluorescnce imaging, to advanced photomanipulation techniques like optogenetics and photopharmacology. Therefore, the project offers unique opportunities to train students and to develop novel neuroregeneration therapies.<\/p>\n<p><strong>References:<\/strong><\/p>\n<p style=\"padding-left: 30px;\">[1] Tong Z, Seira O, Casas C, Reginensi D, Homs-Corbera A, Samitier J, Del R\u00edo JA (2014) Engineering a functional neuro-muscular junction model in a chip. RSC Advances 4 (97): 54788-54797.<\/p>\n<p style=\"padding-left: 30px;\">[2] Tong Z, Segura-Feliu M, Seira O, Homs-Corbera A, Del R\u00edo JA, Samitier J (2015). A microfluidic neuronal platform for neuron axotomy and controlled regenerative studies. RSC Advances.\u00a090 (20): 73457-73466.<\/p>\n<p style=\"padding-left: 30px;\">[3] Izquierdo-Serra M, Bautista-Barrufet A, Trapero A, Garrido-Charles A, D\u00edaz-Tahoces A, Camarero N, Pittolo S, Valbuena S, P\u00e9rez-Jim\u00e9nez A, Gay M, Garc\u00eda-Moll A, Rodr\u00edguez-Escrich C, Lerma J, de la Villa P, Fern\u00e1ndez E, Peric\u00e0s M\u00c0, Llebaria A, Gorostiza P. Nat Commun. 2016 Jul 20;7:12221. doi: 10.1038\/ncomms12221.<\/p>\n<p style=\"padding-left: 30px;\">[4] Pittolo S, G\u00f3mez-Santacana X, Eckelt K, Rovira X, Dalton J, Goudet C, Pin JP, Llobet A, Giraldo J, Llebaria A, Gorostiza P. Nat Chem Biol. 2014 Oct;10(10):813-5. doi: 10.1038\/nchembio.1612.<\/p>\n<p style=\"padding-left: 30px;\">[5] Maleeva G, Wutz D, Rustler K, Nin-Hill A, Alfonso-Prieto M, Petukhova E, Bautista-Barrufet A, Gomila-Juaneda A, Scholze P, Peiretti F, Rovira C, Ko\u0308nig B, GorostizaP, Bregestovski P. Under review (2018).<\/p>\n<p style=\"padding-left: 30px;\">[6] Riefolo, F; Matera, C; Garrido-Charles, A; Gomila-Juaneda, A; Agnetta, L; Claro, E; Masgrau, R; Holzgrabe, U; Batlle, M; Decker, M; Guasch, E; Gorostiza, P. Under review (2018).<\/p>\n<div><\/div>\n<div class=\"entry-content\"><\/div>\n","protected":false},"excerpt":{"rendered":"<p>Molecular and cellular neurobiotechnology group\u00a0\u00b7 Jos\u00e9 Antonio del Rio \/\u00a0Nanoprobes and nanoswitches group \u00b7\u00a0Pau Gorostiza Research project Axonal injuries can result in paralysis and profound degenerative alterations to skeletal muscle &#8230; <a title=\"Guiding neuroregeneration with light at the peripheral nervous system\" class=\"read-more\" href=\"https:\/\/ibecbarcelona.eu\/ca\/guiding-neuroregeneration-with-light-at-the-peripheral-nervous-system\/guiding-neuroregeneration-with-light-at-the-peripheral-nervous-system\/\" aria-label=\"More on Guiding neuroregeneration with light at the peripheral nervous system\">Read more<\/a><\/p>\n","protected":false},"author":4,"featured_media":0,"parent":0,"menu_order":0,"comment_status":"closed","ping_status":"closed","template":"","meta":{"footnotes":""},"tags":[],"class_list":["post-62692","page","type-page","status-publish"],"yoast_head":"<!-- This site is optimized with the Yoast SEO plugin v27.4 - https:\/\/yoast.com\/product\/yoast-seo-wordpress\/ -->\n<title>Guiding neuroregeneration with light at the peripheral nervous system - Institute for Bioengineering of Catalonia<\/title>\n<meta name=\"robots\" content=\"index, follow, max-snippet:-1, max-image-preview:large, max-video-preview:-1\" \/>\n<link rel=\"canonical\" href=\"https:\/\/ibecbarcelona.eu\/ca\/guiding-neuroregeneration-with-light-at-the-peripheral-nervous-system\/guiding-neuroregeneration-with-light-at-the-peripheral-nervous-system\/\" \/>\n<meta property=\"og:locale\" content=\"ca_ES\" \/>\n<meta property=\"og:type\" content=\"article\" \/>\n<meta property=\"og:title\" content=\"Guiding neuroregeneration with light at the peripheral nervous system - Institute for Bioengineering of Catalonia\" \/>\n<meta property=\"og:description\" content=\"Molecular and cellular neurobiotechnology group\u00a0\u00b7 Jos\u00e9 Antonio del Rio \/\u00a0Nanoprobes and nanoswitches group \u00b7\u00a0Pau Gorostiza Research project Axonal injuries can result in paralysis and profound degenerative alterations to skeletal muscle ... Read more\" \/>\n<meta property=\"og:url\" content=\"https:\/\/ibecbarcelona.eu\/ca\/guiding-neuroregeneration-with-light-at-the-peripheral-nervous-system\/guiding-neuroregeneration-with-light-at-the-peripheral-nervous-system\/\" \/>\n<meta property=\"og:site_name\" content=\"Institute for Bioengineering of Catalonia\" \/>\n<meta property=\"article:modified_time\" content=\"2018-11-08T13:31:30+00:00\" \/>\n<meta name=\"twitter:card\" content=\"summary_large_image\" \/>\n<meta name=\"twitter:label1\" content=\"Temps estimat de lectura\" \/>\n\t<meta name=\"twitter:data1\" content=\"3 minuts\" \/>\n<script type=\"application\/ld+json\" class=\"yoast-schema-graph\">{\"@context\":\"https:\\\/\\\/schema.org\",\"@graph\":[{\"@type\":\"WebPage\",\"@id\":\"https:\\\/\\\/ibecbarcelona.eu\\\/ca\\\/guiding-neuroregeneration-with-light-at-the-peripheral-nervous-system\\\/guiding-neuroregeneration-with-light-at-the-peripheral-nervous-system\\\/\",\"url\":\"https:\\\/\\\/ibecbarcelona.eu\\\/ca\\\/guiding-neuroregeneration-with-light-at-the-peripheral-nervous-system\\\/guiding-neuroregeneration-with-light-at-the-peripheral-nervous-system\\\/\",\"name\":\"Guiding neuroregeneration with light at the peripheral nervous system - Institute for Bioengineering of Catalonia\",\"isPartOf\":{\"@id\":\"https:\\\/\\\/ibecbarcelona.eu\\\/#website\"},\"datePublished\":\"2018-11-07T14:00:26+00:00\",\"dateModified\":\"2018-11-08T13:31:30+00:00\",\"breadcrumb\":{\"@id\":\"https:\\\/\\\/ibecbarcelona.eu\\\/ca\\\/guiding-neuroregeneration-with-light-at-the-peripheral-nervous-system\\\/guiding-neuroregeneration-with-light-at-the-peripheral-nervous-system\\\/#breadcrumb\"},\"inLanguage\":\"ca\",\"potentialAction\":[{\"@type\":\"ReadAction\",\"target\":[\"https:\\\/\\\/ibecbarcelona.eu\\\/ca\\\/guiding-neuroregeneration-with-light-at-the-peripheral-nervous-system\\\/guiding-neuroregeneration-with-light-at-the-peripheral-nervous-system\\\/\"]}]},{\"@type\":\"BreadcrumbList\",\"@id\":\"https:\\\/\\\/ibecbarcelona.eu\\\/ca\\\/guiding-neuroregeneration-with-light-at-the-peripheral-nervous-system\\\/guiding-neuroregeneration-with-light-at-the-peripheral-nervous-system\\\/#breadcrumb\",\"itemListElement\":[{\"@type\":\"ListItem\",\"position\":1,\"name\":\"Home\",\"item\":\"https:\\\/\\\/ibecbarcelona.eu\\\/ca\\\/\"},{\"@type\":\"ListItem\",\"position\":2,\"name\":\"Guiding neuroregeneration with light at the peripheral nervous system\"}]},{\"@type\":\"WebSite\",\"@id\":\"https:\\\/\\\/ibecbarcelona.eu\\\/#website\",\"url\":\"https:\\\/\\\/ibecbarcelona.eu\\\/\",\"name\":\"Institute for Bioengineering of Catalonia\",\"description\":\"Bioengineering Solutions for Health\",\"publisher\":{\"@id\":\"https:\\\/\\\/ibecbarcelona.eu\\\/#organization\"},\"potentialAction\":[{\"@type\":\"SearchAction\",\"target\":{\"@type\":\"EntryPoint\",\"urlTemplate\":\"https:\\\/\\\/ibecbarcelona.eu\\\/?s={search_term_string}\"},\"query-input\":{\"@type\":\"PropertyValueSpecification\",\"valueRequired\":true,\"valueName\":\"search_term_string\"}}],\"inLanguage\":\"ca\"},{\"@type\":\"Organization\",\"@id\":\"https:\\\/\\\/ibecbarcelona.eu\\\/#organization\",\"name\":\"Institute for Bioengineering of Catalonia\",\"url\":\"https:\\\/\\\/ibecbarcelona.eu\\\/\",\"logo\":{\"@type\":\"ImageObject\",\"inLanguage\":\"ca\",\"@id\":\"https:\\\/\\\/ibecbarcelona.eu\\\/#\\\/schema\\\/logo\\\/image\\\/\",\"url\":\"https:\\\/\\\/ibecbarcelona.eu\\\/wp-content\\\/uploads\\\/2026\\\/01\\\/cropped-IBEC_20ANYS_GRIS.png\",\"contentUrl\":\"https:\\\/\\\/ibecbarcelona.eu\\\/wp-content\\\/uploads\\\/2026\\\/01\\\/cropped-IBEC_20ANYS_GRIS.png\",\"width\":696,\"height\":257,\"caption\":\"Institute for Bioengineering of Catalonia\"},\"image\":{\"@id\":\"https:\\\/\\\/ibecbarcelona.eu\\\/#\\\/schema\\\/logo\\\/image\\\/\"}}]}<\/script>\n<!-- \/ Yoast SEO plugin. -->","yoast_head_json":{"title":"Guiding neuroregeneration with light at the peripheral nervous system - Institute for Bioengineering of Catalonia","robots":{"index":"index","follow":"follow","max-snippet":"max-snippet:-1","max-image-preview":"max-image-preview:large","max-video-preview":"max-video-preview:-1"},"canonical":"https:\/\/ibecbarcelona.eu\/ca\/guiding-neuroregeneration-with-light-at-the-peripheral-nervous-system\/guiding-neuroregeneration-with-light-at-the-peripheral-nervous-system\/","og_locale":"ca_ES","og_type":"article","og_title":"Guiding neuroregeneration with light at the peripheral nervous system - Institute for Bioengineering of Catalonia","og_description":"Molecular and cellular neurobiotechnology group\u00a0\u00b7 Jos\u00e9 Antonio del Rio \/\u00a0Nanoprobes and nanoswitches group \u00b7\u00a0Pau Gorostiza Research project Axonal injuries can result in paralysis and profound degenerative alterations to skeletal muscle ... Read more","og_url":"https:\/\/ibecbarcelona.eu\/ca\/guiding-neuroregeneration-with-light-at-the-peripheral-nervous-system\/guiding-neuroregeneration-with-light-at-the-peripheral-nervous-system\/","og_site_name":"Institute for Bioengineering of Catalonia","article_modified_time":"2018-11-08T13:31:30+00:00","twitter_card":"summary_large_image","twitter_misc":{"Temps estimat de lectura":"3 minuts"},"schema":{"@context":"https:\/\/schema.org","@graph":[{"@type":"WebPage","@id":"https:\/\/ibecbarcelona.eu\/ca\/guiding-neuroregeneration-with-light-at-the-peripheral-nervous-system\/guiding-neuroregeneration-with-light-at-the-peripheral-nervous-system\/","url":"https:\/\/ibecbarcelona.eu\/ca\/guiding-neuroregeneration-with-light-at-the-peripheral-nervous-system\/guiding-neuroregeneration-with-light-at-the-peripheral-nervous-system\/","name":"Guiding neuroregeneration with light at the peripheral nervous system - Institute for Bioengineering of Catalonia","isPartOf":{"@id":"https:\/\/ibecbarcelona.eu\/#website"},"datePublished":"2018-11-07T14:00:26+00:00","dateModified":"2018-11-08T13:31:30+00:00","breadcrumb":{"@id":"https:\/\/ibecbarcelona.eu\/ca\/guiding-neuroregeneration-with-light-at-the-peripheral-nervous-system\/guiding-neuroregeneration-with-light-at-the-peripheral-nervous-system\/#breadcrumb"},"inLanguage":"ca","potentialAction":[{"@type":"ReadAction","target":["https:\/\/ibecbarcelona.eu\/ca\/guiding-neuroregeneration-with-light-at-the-peripheral-nervous-system\/guiding-neuroregeneration-with-light-at-the-peripheral-nervous-system\/"]}]},{"@type":"BreadcrumbList","@id":"https:\/\/ibecbarcelona.eu\/ca\/guiding-neuroregeneration-with-light-at-the-peripheral-nervous-system\/guiding-neuroregeneration-with-light-at-the-peripheral-nervous-system\/#breadcrumb","itemListElement":[{"@type":"ListItem","position":1,"name":"Home","item":"https:\/\/ibecbarcelona.eu\/ca\/"},{"@type":"ListItem","position":2,"name":"Guiding neuroregeneration with light at the peripheral nervous system"}]},{"@type":"WebSite","@id":"https:\/\/ibecbarcelona.eu\/#website","url":"https:\/\/ibecbarcelona.eu\/","name":"Institute for Bioengineering of Catalonia","description":"Bioengineering Solutions for Health","publisher":{"@id":"https:\/\/ibecbarcelona.eu\/#organization"},"potentialAction":[{"@type":"SearchAction","target":{"@type":"EntryPoint","urlTemplate":"https:\/\/ibecbarcelona.eu\/?s={search_term_string}"},"query-input":{"@type":"PropertyValueSpecification","valueRequired":true,"valueName":"search_term_string"}}],"inLanguage":"ca"},{"@type":"Organization","@id":"https:\/\/ibecbarcelona.eu\/#organization","name":"Institute for Bioengineering of Catalonia","url":"https:\/\/ibecbarcelona.eu\/","logo":{"@type":"ImageObject","inLanguage":"ca","@id":"https:\/\/ibecbarcelona.eu\/#\/schema\/logo\/image\/","url":"https:\/\/ibecbarcelona.eu\/wp-content\/uploads\/2026\/01\/cropped-IBEC_20ANYS_GRIS.png","contentUrl":"https:\/\/ibecbarcelona.eu\/wp-content\/uploads\/2026\/01\/cropped-IBEC_20ANYS_GRIS.png","width":696,"height":257,"caption":"Institute for Bioengineering of Catalonia"},"image":{"@id":"https:\/\/ibecbarcelona.eu\/#\/schema\/logo\/image\/"}}]}},"AFP_featured_media_urls":{"full":false,"thumbnail":false,"medium":false,"medium_large":false,"large":false},"AFP_attachments":[],"AFP_videos":[],"AFP_video_blocks":"","AFP_category_names":[],"_links":{"self":[{"href":"https:\/\/ibecbarcelona.eu\/ca\/wp-json\/wp\/v2\/pages\/62692","targetHints":{"allow":["GET"]}}],"collection":[{"href":"https:\/\/ibecbarcelona.eu\/ca\/wp-json\/wp\/v2\/pages"}],"about":[{"href":"https:\/\/ibecbarcelona.eu\/ca\/wp-json\/wp\/v2\/types\/page"}],"author":[{"embeddable":true,"href":"https:\/\/ibecbarcelona.eu\/ca\/wp-json\/wp\/v2\/users\/4"}],"replies":[{"embeddable":true,"href":"https:\/\/ibecbarcelona.eu\/ca\/wp-json\/wp\/v2\/comments?post=62692"}],"version-history":[{"count":1,"href":"https:\/\/ibecbarcelona.eu\/ca\/wp-json\/wp\/v2\/pages\/62692\/revisions"}],"predecessor-version":[{"id":62694,"href":"https:\/\/ibecbarcelona.eu\/ca\/wp-json\/wp\/v2\/pages\/62692\/revisions\/62694"}],"wp:attachment":[{"href":"https:\/\/ibecbarcelona.eu\/ca\/wp-json\/wp\/v2\/media?parent=62692"}],"wp:term":[{"taxonomy":"post_tag","embeddable":true,"href":"https:\/\/ibecbarcelona.eu\/ca\/wp-json\/wp\/v2\/tags?post=62692"}],"curies":[{"name":"wp","href":"https:\/\/api.w.org\/{rel}","templated":true}]}}