
{"id":71336,"date":"2020-02-12T11:50:06","date_gmt":"2020-02-12T10:50:06","guid":{"rendered":"http:\/\/ibecbarcelona.eu\/?page_id=71336"},"modified":"2020-02-12T11:50:46","modified_gmt":"2020-02-12T10:50:46","slug":"big-data-methods-for-electric-functional-scanning-probe-microscopies-in-biology","status":"publish","type":"page","link":"https:\/\/ibecbarcelona.eu\/for-students\/doing-your-phd\/ibec-international-phd-programme\/big-data-methods-for-electric-functional-scanning-probe-microscopies-in-biology\/","title":{"rendered":"Big data methods for electric functional scanning probe microscopies in Biology"},"content":{"rendered":"<p><em>Group: Nanoscale bioelectric characterization<br \/>\n<\/em><em>Grou<\/em>p leader: Gabriel Gomila (ggomila@ibecbarcelona.eu)<\/p>\n<p>The passive electrical properties of biological systems, such as the electric charge, conductivity or electrical polarization play a fundamental role in several physiological processes such as cellular communication, adherence to surfaces, internalization of nutrients, molecules or particles and cellular growth. Due to this relevance, several techniques have been developed along the years to probe the electrical properties in biological systems. However, in most cases, these techniques only provide a spatial resolution in the micrometer range, what does not allow accessing the very local electrical properties at the nanoscale, which are fundamental in most electrophysiological phenomena. To address these properties at this scale specific innovative methods are required to acquire, process and analyze huge volume of data. The objective of the present project is to develop big data methods, including machine learning methods, adapted to electric scanning probe microscopes, to produce the first electrical functional images of living cells at high spatial resolution (sub-100 nm).<\/p>\n<p><em> <img decoding=\"async\" class=\"size-full wp-image-71337 alignleft lazyload\" data-src=\"https:\/\/ibecbarcelona.eu\/wp-content\/uploads\/2020\/02\/ggomila.png\" alt=\"\" width=\"431\" height=\"306\" data-srcset=\"https:\/\/ibecbarcelona.eu\/wp-content\/uploads\/2020\/02\/ggomila.png 431w, https:\/\/ibecbarcelona.eu\/wp-content\/uploads\/2020\/02\/ggomila-300x213.png 300w, https:\/\/ibecbarcelona.eu\/wp-content\/uploads\/2020\/02\/ggomila-150x106.png 150w\" data-sizes=\"(max-width: 431px) 100vw, 431px\" src=\"data:image\/svg+xml;base64,PHN2ZyB3aWR0aD0iMSIgaGVpZ2h0PSIxIiB4bWxucz0iaHR0cDovL3d3dy53My5vcmcvMjAwMC9zdmciPjwvc3ZnPg==\" style=\"--smush-placeholder-width: 431px; --smush-placeholder-aspect-ratio: 431\/306;\" \/><\/em><\/p>\n<p><em>Checa, Marti, Mill\u00e1n, Rub\u00e9n, Blanco, N\u00faria, Torrents, Eduard, Fabregas, Rene, Gomila, Gabriel, (2019).\u00a0<a href=\"http:\/\/dx.doi.org\/10.1039\/C9NR07659J\">Mapping the dielectric constant of a single bacterial cell at the nanoscale with scanning dielectric force volume microscopy<\/a>\u00a0Nanoscale\u00a011, 20809-20819<\/em><\/p>\n","protected":false},"excerpt":{"rendered":"<p>Group: Nanoscale bioelectric characterization Group leader: Gabriel Gomila (ggomila@ibecbarcelona.eu) The passive electrical properties of biological systems, such as the electric charge, conductivity or electrical polarization play a fundamental role in &#8230; <a title=\"Big data methods for electric functional scanning probe microscopies in Biology\" class=\"read-more\" href=\"https:\/\/ibecbarcelona.eu\/for-students\/doing-your-phd\/ibec-international-phd-programme\/big-data-methods-for-electric-functional-scanning-probe-microscopies-in-biology\/\" aria-label=\"More on Big data methods for electric functional scanning probe microscopies in Biology\">Read more<\/a><\/p>\n","protected":false},"author":4,"featured_media":0,"parent":24978,"menu_order":0,"comment_status":"closed","ping_status":"closed","template":"","meta":{"footnotes":""},"tags":[],"class_list":["post-71336","page","type-page","status-publish"],"yoast_head":"<!-- This site is optimized with the Yoast SEO plugin v27.4 - https:\/\/yoast.com\/product\/yoast-seo-wordpress\/ -->\n<title>Big data methods for electric functional scanning probe microscopies in Biology - Institute for Bioengineering of Catalonia<\/title>\n<meta name=\"robots\" content=\"index, follow, max-snippet:-1, max-image-preview:large, max-video-preview:-1\" \/>\n<link rel=\"canonical\" href=\"https:\/\/ibecbarcelona.eu\/for-students\/doing-your-phd\/ibec-international-phd-programme\/big-data-methods-for-electric-functional-scanning-probe-microscopies-in-biology\/\" \/>\n<meta property=\"og:locale\" content=\"ca_ES\" \/>\n<meta property=\"og:type\" content=\"article\" \/>\n<meta property=\"og:title\" content=\"Big data methods for electric functional scanning probe microscopies in Biology - Institute for Bioengineering of Catalonia\" \/>\n<meta property=\"og:description\" content=\"Group: Nanoscale bioelectric characterization Group leader: Gabriel Gomila (ggomila@ibecbarcelona.eu) The passive electrical properties of biological systems, such as the electric charge, conductivity or electrical polarization play a fundamental role in ... Read more\" \/>\n<meta property=\"og:url\" content=\"https:\/\/ibecbarcelona.eu\/for-students\/doing-your-phd\/ibec-international-phd-programme\/big-data-methods-for-electric-functional-scanning-probe-microscopies-in-biology\/\" \/>\n<meta property=\"og:site_name\" content=\"Institute for Bioengineering of Catalonia\" \/>\n<meta property=\"article:modified_time\" content=\"2020-02-12T10:50:46+00:00\" \/>\n<meta property=\"og:image\" content=\"https:\/\/ibecbarcelona.eu\/wp-content\/uploads\/2020\/02\/ggomila.png\" \/>\n<meta name=\"twitter:card\" content=\"summary_large_image\" \/>\n<meta name=\"twitter:label1\" content=\"Temps estimat de lectura\" \/>\n\t<meta name=\"twitter:data1\" content=\"1 minut\" \/>\n<script type=\"application\/ld+json\" class=\"yoast-schema-graph\">{\"@context\":\"https:\\\/\\\/schema.org\",\"@graph\":[{\"@type\":\"WebPage\",\"@id\":\"https:\\\/\\\/ibecbarcelona.eu\\\/for-students\\\/doing-your-phd\\\/ibec-international-phd-programme\\\/big-data-methods-for-electric-functional-scanning-probe-microscopies-in-biology\\\/\",\"url\":\"https:\\\/\\\/ibecbarcelona.eu\\\/for-students\\\/doing-your-phd\\\/ibec-international-phd-programme\\\/big-data-methods-for-electric-functional-scanning-probe-microscopies-in-biology\\\/\",\"name\":\"Big data methods for electric functional scanning probe microscopies in Biology - Institute for Bioengineering of Catalonia\",\"isPartOf\":{\"@id\":\"https:\\\/\\\/ibecbarcelona.eu\\\/#website\"},\"primaryImageOfPage\":{\"@id\":\"https:\\\/\\\/ibecbarcelona.eu\\\/for-students\\\/doing-your-phd\\\/ibec-international-phd-programme\\\/big-data-methods-for-electric-functional-scanning-probe-microscopies-in-biology\\\/#primaryimage\"},\"image\":{\"@id\":\"https:\\\/\\\/ibecbarcelona.eu\\\/for-students\\\/doing-your-phd\\\/ibec-international-phd-programme\\\/big-data-methods-for-electric-functional-scanning-probe-microscopies-in-biology\\\/#primaryimage\"},\"thumbnailUrl\":\"https:\\\/\\\/ibecbarcelona.eu\\\/wp-content\\\/uploads\\\/2020\\\/02\\\/ggomila.png\",\"datePublished\":\"2020-02-12T10:50:06+00:00\",\"dateModified\":\"2020-02-12T10:50:46+00:00\",\"breadcrumb\":{\"@id\":\"https:\\\/\\\/ibecbarcelona.eu\\\/for-students\\\/doing-your-phd\\\/ibec-international-phd-programme\\\/big-data-methods-for-electric-functional-scanning-probe-microscopies-in-biology\\\/#breadcrumb\"},\"inLanguage\":\"ca\",\"potentialAction\":[{\"@type\":\"ReadAction\",\"target\":[\"https:\\\/\\\/ibecbarcelona.eu\\\/for-students\\\/doing-your-phd\\\/ibec-international-phd-programme\\\/big-data-methods-for-electric-functional-scanning-probe-microscopies-in-biology\\\/\"]}]},{\"@type\":\"ImageObject\",\"inLanguage\":\"ca\",\"@id\":\"https:\\\/\\\/ibecbarcelona.eu\\\/for-students\\\/doing-your-phd\\\/ibec-international-phd-programme\\\/big-data-methods-for-electric-functional-scanning-probe-microscopies-in-biology\\\/#primaryimage\",\"url\":\"https:\\\/\\\/ibecbarcelona.eu\\\/wp-content\\\/uploads\\\/2020\\\/02\\\/ggomila.png\",\"contentUrl\":\"https:\\\/\\\/ibecbarcelona.eu\\\/wp-content\\\/uploads\\\/2020\\\/02\\\/ggomila.png\"},{\"@type\":\"BreadcrumbList\",\"@id\":\"https:\\\/\\\/ibecbarcelona.eu\\\/for-students\\\/doing-your-phd\\\/ibec-international-phd-programme\\\/big-data-methods-for-electric-functional-scanning-probe-microscopies-in-biology\\\/#breadcrumb\",\"itemListElement\":[{\"@type\":\"ListItem\",\"position\":1,\"name\":\"Home\",\"item\":\"https:\\\/\\\/ibecbarcelona.eu\\\/ca\\\/\"},{\"@type\":\"ListItem\",\"position\":2,\"name\":\"Career in Bioengineering\",\"item\":\"https:\\\/\\\/ibecbarcelona.eu\\\/career-in-bioengineering\\\/\"},{\"@type\":\"ListItem\",\"position\":3,\"name\":\"Doing your PhD at IBEC\",\"item\":\"https:\\\/\\\/ibecbarcelona.eu\\\/career-in-bioengineering\\\/doing-your-phd\\\/\"},{\"@type\":\"ListItem\",\"position\":4,\"name\":\"IBEC International PhD Programme fellowships\",\"item\":\"https:\\\/\\\/ibecbarcelona.eu\\\/phd\\\/iippfellowships\\\/\"},{\"@type\":\"ListItem\",\"position\":5,\"name\":\"Big data methods for electric functional scanning probe microscopies in Biology\"}]},{\"@type\":\"WebSite\",\"@id\":\"https:\\\/\\\/ibecbarcelona.eu\\\/#website\",\"url\":\"https:\\\/\\\/ibecbarcelona.eu\\\/\",\"name\":\"Institute for Bioengineering of Catalonia\",\"description\":\"Bioengineering Solutions for Health\",\"publisher\":{\"@id\":\"https:\\\/\\\/ibecbarcelona.eu\\\/#organization\"},\"potentialAction\":[{\"@type\":\"SearchAction\",\"target\":{\"@type\":\"EntryPoint\",\"urlTemplate\":\"https:\\\/\\\/ibecbarcelona.eu\\\/?s={search_term_string}\"},\"query-input\":{\"@type\":\"PropertyValueSpecification\",\"valueRequired\":true,\"valueName\":\"search_term_string\"}}],\"inLanguage\":\"ca\"},{\"@type\":\"Organization\",\"@id\":\"https:\\\/\\\/ibecbarcelona.eu\\\/#organization\",\"name\":\"Institute for Bioengineering of Catalonia\",\"url\":\"https:\\\/\\\/ibecbarcelona.eu\\\/\",\"logo\":{\"@type\":\"ImageObject\",\"inLanguage\":\"ca\",\"@id\":\"https:\\\/\\\/ibecbarcelona.eu\\\/#\\\/schema\\\/logo\\\/image\\\/\",\"url\":\"https:\\\/\\\/ibecbarcelona.eu\\\/wp-content\\\/uploads\\\/2026\\\/01\\\/cropped-IBEC_20ANYS_GRIS.png\",\"contentUrl\":\"https:\\\/\\\/ibecbarcelona.eu\\\/wp-content\\\/uploads\\\/2026\\\/01\\\/cropped-IBEC_20ANYS_GRIS.png\",\"width\":696,\"height\":257,\"caption\":\"Institute for Bioengineering of Catalonia\"},\"image\":{\"@id\":\"https:\\\/\\\/ibecbarcelona.eu\\\/#\\\/schema\\\/logo\\\/image\\\/\"}}]}<\/script>\n<!-- \/ Yoast SEO plugin. -->","yoast_head_json":{"title":"Big data methods for electric functional scanning probe microscopies in Biology - Institute for Bioengineering of Catalonia","robots":{"index":"index","follow":"follow","max-snippet":"max-snippet:-1","max-image-preview":"max-image-preview:large","max-video-preview":"max-video-preview:-1"},"canonical":"https:\/\/ibecbarcelona.eu\/for-students\/doing-your-phd\/ibec-international-phd-programme\/big-data-methods-for-electric-functional-scanning-probe-microscopies-in-biology\/","og_locale":"ca_ES","og_type":"article","og_title":"Big data methods for electric functional scanning probe microscopies in Biology - Institute for Bioengineering of Catalonia","og_description":"Group: Nanoscale bioelectric characterization Group leader: Gabriel Gomila (ggomila@ibecbarcelona.eu) The passive electrical properties of biological systems, such as the electric charge, conductivity or electrical polarization play a fundamental role in ... Read more","og_url":"https:\/\/ibecbarcelona.eu\/for-students\/doing-your-phd\/ibec-international-phd-programme\/big-data-methods-for-electric-functional-scanning-probe-microscopies-in-biology\/","og_site_name":"Institute for Bioengineering of Catalonia","article_modified_time":"2020-02-12T10:50:46+00:00","og_image":[{"url":"https:\/\/ibecbarcelona.eu\/wp-content\/uploads\/2020\/02\/ggomila.png","type":"","width":"","height":""}],"twitter_card":"summary_large_image","twitter_misc":{"Temps estimat de lectura":"1 minut"},"schema":{"@context":"https:\/\/schema.org","@graph":[{"@type":"WebPage","@id":"https:\/\/ibecbarcelona.eu\/for-students\/doing-your-phd\/ibec-international-phd-programme\/big-data-methods-for-electric-functional-scanning-probe-microscopies-in-biology\/","url":"https:\/\/ibecbarcelona.eu\/for-students\/doing-your-phd\/ibec-international-phd-programme\/big-data-methods-for-electric-functional-scanning-probe-microscopies-in-biology\/","name":"Big data methods for electric functional scanning probe microscopies in Biology - Institute for Bioengineering of Catalonia","isPartOf":{"@id":"https:\/\/ibecbarcelona.eu\/#website"},"primaryImageOfPage":{"@id":"https:\/\/ibecbarcelona.eu\/for-students\/doing-your-phd\/ibec-international-phd-programme\/big-data-methods-for-electric-functional-scanning-probe-microscopies-in-biology\/#primaryimage"},"image":{"@id":"https:\/\/ibecbarcelona.eu\/for-students\/doing-your-phd\/ibec-international-phd-programme\/big-data-methods-for-electric-functional-scanning-probe-microscopies-in-biology\/#primaryimage"},"thumbnailUrl":"https:\/\/ibecbarcelona.eu\/wp-content\/uploads\/2020\/02\/ggomila.png","datePublished":"2020-02-12T10:50:06+00:00","dateModified":"2020-02-12T10:50:46+00:00","breadcrumb":{"@id":"https:\/\/ibecbarcelona.eu\/for-students\/doing-your-phd\/ibec-international-phd-programme\/big-data-methods-for-electric-functional-scanning-probe-microscopies-in-biology\/#breadcrumb"},"inLanguage":"ca","potentialAction":[{"@type":"ReadAction","target":["https:\/\/ibecbarcelona.eu\/for-students\/doing-your-phd\/ibec-international-phd-programme\/big-data-methods-for-electric-functional-scanning-probe-microscopies-in-biology\/"]}]},{"@type":"ImageObject","inLanguage":"ca","@id":"https:\/\/ibecbarcelona.eu\/for-students\/doing-your-phd\/ibec-international-phd-programme\/big-data-methods-for-electric-functional-scanning-probe-microscopies-in-biology\/#primaryimage","url":"https:\/\/ibecbarcelona.eu\/wp-content\/uploads\/2020\/02\/ggomila.png","contentUrl":"https:\/\/ibecbarcelona.eu\/wp-content\/uploads\/2020\/02\/ggomila.png"},{"@type":"BreadcrumbList","@id":"https:\/\/ibecbarcelona.eu\/for-students\/doing-your-phd\/ibec-international-phd-programme\/big-data-methods-for-electric-functional-scanning-probe-microscopies-in-biology\/#breadcrumb","itemListElement":[{"@type":"ListItem","position":1,"name":"Home","item":"https:\/\/ibecbarcelona.eu\/ca\/"},{"@type":"ListItem","position":2,"name":"Career in Bioengineering","item":"https:\/\/ibecbarcelona.eu\/career-in-bioengineering\/"},{"@type":"ListItem","position":3,"name":"Doing your PhD at IBEC","item":"https:\/\/ibecbarcelona.eu\/career-in-bioengineering\/doing-your-phd\/"},{"@type":"ListItem","position":4,"name":"IBEC International PhD Programme fellowships","item":"https:\/\/ibecbarcelona.eu\/phd\/iippfellowships\/"},{"@type":"ListItem","position":5,"name":"Big data methods for electric functional scanning probe microscopies in Biology"}]},{"@type":"WebSite","@id":"https:\/\/ibecbarcelona.eu\/#website","url":"https:\/\/ibecbarcelona.eu\/","name":"Institute for Bioengineering of Catalonia","description":"Bioengineering Solutions for Health","publisher":{"@id":"https:\/\/ibecbarcelona.eu\/#organization"},"potentialAction":[{"@type":"SearchAction","target":{"@type":"EntryPoint","urlTemplate":"https:\/\/ibecbarcelona.eu\/?s={search_term_string}"},"query-input":{"@type":"PropertyValueSpecification","valueRequired":true,"valueName":"search_term_string"}}],"inLanguage":"ca"},{"@type":"Organization","@id":"https:\/\/ibecbarcelona.eu\/#organization","name":"Institute for Bioengineering of Catalonia","url":"https:\/\/ibecbarcelona.eu\/","logo":{"@type":"ImageObject","inLanguage":"ca","@id":"https:\/\/ibecbarcelona.eu\/#\/schema\/logo\/image\/","url":"https:\/\/ibecbarcelona.eu\/wp-content\/uploads\/2026\/01\/cropped-IBEC_20ANYS_GRIS.png","contentUrl":"https:\/\/ibecbarcelona.eu\/wp-content\/uploads\/2026\/01\/cropped-IBEC_20ANYS_GRIS.png","width":696,"height":257,"caption":"Institute for Bioengineering of Catalonia"},"image":{"@id":"https:\/\/ibecbarcelona.eu\/#\/schema\/logo\/image\/"}}]}},"AFP_featured_media_urls":{"full":false,"thumbnail":false,"medium":false,"medium_large":false,"large":false},"AFP_attachments":{"full":["https:\/\/ibecbarcelona.eu\/wp-content\/uploads\/2020\/02\/ggomila.png",431,306,false],"thumbnail":["https:\/\/ibecbarcelona.eu\/wp-content\/uploads\/2020\/02\/ggomila-150x150.png",150,150,true],"medium":["https:\/\/ibecbarcelona.eu\/wp-content\/uploads\/2020\/02\/ggomila-300x213.png",300,213,true],"medium_large":["https:\/\/ibecbarcelona.eu\/wp-content\/uploads\/2020\/02\/ggomila.png",431,306,false],"large":["https:\/\/ibecbarcelona.eu\/wp-content\/uploads\/2020\/02\/ggomila.png",431,306,false]},"AFP_videos":[],"AFP_video_blocks":"","AFP_category_names":[],"_links":{"self":[{"href":"https:\/\/ibecbarcelona.eu\/ca\/wp-json\/wp\/v2\/pages\/71336","targetHints":{"allow":["GET"]}}],"collection":[{"href":"https:\/\/ibecbarcelona.eu\/ca\/wp-json\/wp\/v2\/pages"}],"about":[{"href":"https:\/\/ibecbarcelona.eu\/ca\/wp-json\/wp\/v2\/types\/page"}],"author":[{"embeddable":true,"href":"https:\/\/ibecbarcelona.eu\/ca\/wp-json\/wp\/v2\/users\/4"}],"replies":[{"embeddable":true,"href":"https:\/\/ibecbarcelona.eu\/ca\/wp-json\/wp\/v2\/comments?post=71336"}],"version-history":[{"count":1,"href":"https:\/\/ibecbarcelona.eu\/ca\/wp-json\/wp\/v2\/pages\/71336\/revisions"}],"predecessor-version":[{"id":71340,"href":"https:\/\/ibecbarcelona.eu\/ca\/wp-json\/wp\/v2\/pages\/71336\/revisions\/71340"}],"up":[{"embeddable":true,"href":"https:\/\/ibecbarcelona.eu\/ca\/wp-json\/wp\/v2\/pages\/24978"}],"wp:attachment":[{"href":"https:\/\/ibecbarcelona.eu\/ca\/wp-json\/wp\/v2\/media?parent=71336"}],"wp:term":[{"taxonomy":"post_tag","embeddable":true,"href":"https:\/\/ibecbarcelona.eu\/ca\/wp-json\/wp\/v2\/tags?post=71336"}],"curies":[{"name":"wp","href":"https:\/\/api.w.org\/{rel}","templated":true}]}}