
{"id":87862,"date":"2015-11-16T15:45:44","date_gmt":"2015-11-16T14:45:44","guid":{"rendered":"https:\/\/ibecbarcelona.eu\/per-a-estudiants\/doing-your-phd-at-ibec-other-fellowships-and-funding\/"},"modified":"2026-03-30T11:15:04","modified_gmt":"2026-03-30T09:15:04","slug":"doing-your-phd-at-ibec-other-fellowships-and-funding","status":"publish","type":"page","link":"https:\/\/ibecbarcelona.eu\/ca\/careers-at-ibec\/doing-your-phd-at-ibec-other-fellowships-and-funding\/","title":{"rendered":"Doing your PhD at IBEC: other fellowships and funding"},"content":{"rendered":"<div class=\"wp-block-image\">\n<figure class=\"alignleft\"><img decoding=\"async\" width=\"810\" height=\"234\" data-src=\"https:\/\/ibecbarcelona.eu\/wp-content\/uploads\/2015\/02\/phddoing.jpg\" alt=\"phddoing\" class=\"wp-image-13364 lazyload\" data-srcset=\"https:\/\/ibecbarcelona.eu\/wp-content\/uploads\/2015\/02\/phddoing.jpg 810w, https:\/\/ibecbarcelona.eu\/wp-content\/uploads\/2015\/02\/phddoing-300x87.jpg 300w, https:\/\/ibecbarcelona.eu\/wp-content\/uploads\/2015\/02\/phddoing-230x66.jpg 230w, https:\/\/ibecbarcelona.eu\/wp-content\/uploads\/2015\/02\/phddoing-150x43.jpg 150w\" data-sizes=\"(max-width: 810px) 100vw, 810px\" src=\"data:image\/svg+xml;base64,PHN2ZyB3aWR0aD0iMSIgaGVpZ2h0PSIxIiB4bWxucz0iaHR0cDovL3d3dy53My5vcmcvMjAwMC9zdmciPjwvc3ZnPg==\" style=\"--smush-placeholder-width: 810px; --smush-placeholder-aspect-ratio: 810\/234;\" \/><\/figure><\/div>\n\n\n<div style=\"height:30px\" aria-hidden=\"true\" class=\"wp-block-spacer\"><\/div>\n\n\n\n<p>This page lists alternative funding options for doing your PhD at IBEC apart from the <a href=\"https:\/\/ibecbarcelona.eu\/phd\/iippfellowships\/\">&#8216;La Caixa\u2019 \u00b7 Severo Ochoa IBEC International PhD Programme <\/a>(IIPP) and the INPhINIT \u201cla Caixa\u201d Fellowship Programme.<\/p>\n\n\n\n<figure class=\"wp-block-table\"><table><tbody><tr><th>PhD funding<\/th><\/tr><tr><td><strong>Ajuts Joan Or\u00f3 per a la contractaci\u00f3 de personal investigador predoctoral en formaci\u00f3 (FI 2026)<\/strong>.<br> <br><p><a href=\"https:\/\/agaur.gencat.cat\/en\/beques-i-ajuts\/convocatories-per-temes\/Ajuts_Joan_Oro_per_a_la_contractacio_de_personal_investigador_predoctoral_en_formacio_FI_2026\" target=\"_blank\" rel=\"noreferrer noopener\">AGAUR&#8217;s grants<\/a> for universities, research centers, hospitals and foundations to hire new research staff and promote research quality, incorporating them into research groups to develop a valid project for research and development.<\/p><br><p>&#8211;\u00a0<a href=\"https:\/\/ibecbarcelona.eu\/wp-content\/uploads\/2026\/01\/Document_criteris_prioritzacio_FI_2026_signed.pdf\">FI2026 Prioritization criteria<\/a> (selection criteria).<\/p>&#8211; <a href=\"https:\/\/ibecbarcelona.eu\/wp-content\/uploads\/2026\/03\/Llistat_prioritzacio_provisional_IBEC_FI-Joan-Oro-2026-ms.pdf\">FI2026 Draft priorization list<\/a><\/td><\/tr><\/tbody><\/table><\/figure>\n\n\n\n<p><\/p>\n","protected":false},"excerpt":{"rendered":"<p>This page lists alternative funding options for doing your PhD at IBEC apart from the &#8216;La Caixa\u2019 \u00b7 Severo Ochoa IBEC International PhD Programme (IIPP) and the INPhINIT \u201cla Caixa\u201d &#8230; <a title=\"Doing your PhD at IBEC: other fellowships and funding\" class=\"read-more\" href=\"https:\/\/ibecbarcelona.eu\/ca\/careers-at-ibec\/doing-your-phd-at-ibec-other-fellowships-and-funding\/\" aria-label=\"More on Doing your PhD at IBEC: other fellowships and funding\">Read more<\/a><\/p>\n","protected":false},"author":4,"featured_media":0,"parent":17519,"menu_order":0,"comment_status":"closed","ping_status":"closed","template":"","meta":{"footnotes":""},"tags":[],"class_list":["post-87862","page","type-page","status-publish"],"yoast_head":"<!-- This site is optimized with the Yoast SEO plugin v27.4 - https:\/\/yoast.com\/product\/yoast-seo-wordpress\/ -->\n<title>Doing your PhD at IBEC: other fellowships and funding - Institute for Bioengineering of Catalonia<\/title>\n<meta name=\"robots\" content=\"index, follow, max-snippet:-1, max-image-preview:large, max-video-preview:-1\" \/>\n<link rel=\"canonical\" href=\"https:\/\/ibecbarcelona.eu\/ca\/careers-at-ibec\/doing-your-phd-at-ibec-other-fellowships-and-funding\/\" \/>\n<meta property=\"og:locale\" content=\"ca_ES\" \/>\n<meta property=\"og:type\" content=\"article\" \/>\n<meta property=\"og:title\" content=\"Doing your PhD at IBEC: other fellowships and funding - Institute for Bioengineering of Catalonia\" \/>\n<meta property=\"og:description\" content=\"This page lists alternative funding options for doing your PhD at IBEC apart from the &#8216;La Caixa\u2019 \u00b7 Severo Ochoa IBEC International PhD Programme (IIPP) and the INPhINIT \u201cla Caixa\u201d ... Read more\" \/>\n<meta property=\"og:url\" content=\"https:\/\/ibecbarcelona.eu\/ca\/careers-at-ibec\/doing-your-phd-at-ibec-other-fellowships-and-funding\/\" \/>\n<meta property=\"og:site_name\" content=\"Institute for Bioengineering of Catalonia\" \/>\n<meta property=\"article:modified_time\" content=\"2026-03-30T09:15:04+00:00\" \/>\n<meta property=\"og:image\" content=\"https:\/\/ibecbarcelona.eu\/wp-content\/uploads\/2015\/02\/phddoing.jpg\" \/>\n\t<meta property=\"og:image:width\" content=\"810\" \/>\n\t<meta property=\"og:image:height\" content=\"234\" \/>\n\t<meta property=\"og:image:type\" content=\"image\/jpeg\" \/>\n<meta name=\"twitter:card\" content=\"summary_large_image\" \/>\n<meta name=\"twitter:label1\" content=\"Temps estimat de lectura\" \/>\n\t<meta name=\"twitter:data1\" content=\"1 minut\" \/>\n<script type=\"application\/ld+json\" class=\"yoast-schema-graph\">{\"@context\":\"https:\\\/\\\/schema.org\",\"@graph\":[{\"@type\":\"WebPage\",\"@id\":\"https:\\\/\\\/ibecbarcelona.eu\\\/ca\\\/careers-at-ibec\\\/doing-your-phd-at-ibec-other-fellowships-and-funding\\\/\",\"url\":\"https:\\\/\\\/ibecbarcelona.eu\\\/ca\\\/careers-at-ibec\\\/doing-your-phd-at-ibec-other-fellowships-and-funding\\\/\",\"name\":\"Doing your PhD at IBEC: other fellowships and funding - Institute for Bioengineering of Catalonia\",\"isPartOf\":{\"@id\":\"https:\\\/\\\/ibecbarcelona.eu\\\/#website\"},\"primaryImageOfPage\":{\"@id\":\"https:\\\/\\\/ibecbarcelona.eu\\\/ca\\\/careers-at-ibec\\\/doing-your-phd-at-ibec-other-fellowships-and-funding\\\/#primaryimage\"},\"image\":{\"@id\":\"https:\\\/\\\/ibecbarcelona.eu\\\/ca\\\/careers-at-ibec\\\/doing-your-phd-at-ibec-other-fellowships-and-funding\\\/#primaryimage\"},\"thumbnailUrl\":\"https:\\\/\\\/ibecbarcelona.eu\\\/wp-content\\\/uploads\\\/2015\\\/02\\\/phddoing.jpg\",\"datePublished\":\"2015-11-16T14:45:44+00:00\",\"dateModified\":\"2026-03-30T09:15:04+00:00\",\"breadcrumb\":{\"@id\":\"https:\\\/\\\/ibecbarcelona.eu\\\/ca\\\/careers-at-ibec\\\/doing-your-phd-at-ibec-other-fellowships-and-funding\\\/#breadcrumb\"},\"inLanguage\":\"ca\",\"potentialAction\":[{\"@type\":\"ReadAction\",\"target\":[\"https:\\\/\\\/ibecbarcelona.eu\\\/ca\\\/careers-at-ibec\\\/doing-your-phd-at-ibec-other-fellowships-and-funding\\\/\"]}]},{\"@type\":\"ImageObject\",\"inLanguage\":\"ca\",\"@id\":\"https:\\\/\\\/ibecbarcelona.eu\\\/ca\\\/careers-at-ibec\\\/doing-your-phd-at-ibec-other-fellowships-and-funding\\\/#primaryimage\",\"url\":\"https:\\\/\\\/ibecbarcelona.eu\\\/wp-content\\\/uploads\\\/2015\\\/02\\\/phddoing.jpg\",\"contentUrl\":\"https:\\\/\\\/ibecbarcelona.eu\\\/wp-content\\\/uploads\\\/2015\\\/02\\\/phddoing.jpg\"},{\"@type\":\"BreadcrumbList\",\"@id\":\"https:\\\/\\\/ibecbarcelona.eu\\\/ca\\\/careers-at-ibec\\\/doing-your-phd-at-ibec-other-fellowships-and-funding\\\/#breadcrumb\",\"itemListElement\":[{\"@type\":\"ListItem\",\"position\":1,\"name\":\"Home\",\"item\":\"https:\\\/\\\/ibecbarcelona.eu\\\/ca\\\/\"},{\"@type\":\"ListItem\",\"position\":2,\"name\":\"Career in Bioengineering\",\"item\":\"https:\\\/\\\/ibecbarcelona.eu\\\/ca\\\/career-in-bioengineering\\\/\"},{\"@type\":\"ListItem\",\"position\":3,\"name\":\"Doing your PhD at IBEC: other fellowships and funding\"}]},{\"@type\":\"WebSite\",\"@id\":\"https:\\\/\\\/ibecbarcelona.eu\\\/#website\",\"url\":\"https:\\\/\\\/ibecbarcelona.eu\\\/\",\"name\":\"Institute for Bioengineering of Catalonia\",\"description\":\"Bioengineering Solutions for Health\",\"publisher\":{\"@id\":\"https:\\\/\\\/ibecbarcelona.eu\\\/#organization\"},\"potentialAction\":[{\"@type\":\"SearchAction\",\"target\":{\"@type\":\"EntryPoint\",\"urlTemplate\":\"https:\\\/\\\/ibecbarcelona.eu\\\/?s={search_term_string}\"},\"query-input\":{\"@type\":\"PropertyValueSpecification\",\"valueRequired\":true,\"valueName\":\"search_term_string\"}}],\"inLanguage\":\"ca\"},{\"@type\":\"Organization\",\"@id\":\"https:\\\/\\\/ibecbarcelona.eu\\\/#organization\",\"name\":\"Institute for Bioengineering of Catalonia\",\"url\":\"https:\\\/\\\/ibecbarcelona.eu\\\/\",\"logo\":{\"@type\":\"ImageObject\",\"inLanguage\":\"ca\",\"@id\":\"https:\\\/\\\/ibecbarcelona.eu\\\/#\\\/schema\\\/logo\\\/image\\\/\",\"url\":\"https:\\\/\\\/ibecbarcelona.eu\\\/wp-content\\\/uploads\\\/2026\\\/01\\\/cropped-IBEC_20ANYS_GRIS.png\",\"contentUrl\":\"https:\\\/\\\/ibecbarcelona.eu\\\/wp-content\\\/uploads\\\/2026\\\/01\\\/cropped-IBEC_20ANYS_GRIS.png\",\"width\":696,\"height\":257,\"caption\":\"Institute for Bioengineering of Catalonia\"},\"image\":{\"@id\":\"https:\\\/\\\/ibecbarcelona.eu\\\/#\\\/schema\\\/logo\\\/image\\\/\"}}]}<\/script>\n<!-- \/ Yoast SEO plugin. -->","yoast_head_json":{"title":"Doing your PhD at IBEC: other fellowships and funding - Institute for Bioengineering of Catalonia","robots":{"index":"index","follow":"follow","max-snippet":"max-snippet:-1","max-image-preview":"max-image-preview:large","max-video-preview":"max-video-preview:-1"},"canonical":"https:\/\/ibecbarcelona.eu\/ca\/careers-at-ibec\/doing-your-phd-at-ibec-other-fellowships-and-funding\/","og_locale":"ca_ES","og_type":"article","og_title":"Doing your PhD at IBEC: other fellowships and funding - Institute for Bioengineering of Catalonia","og_description":"This page lists alternative funding options for doing your PhD at IBEC apart from the &#8216;La Caixa\u2019 \u00b7 Severo Ochoa IBEC International PhD Programme (IIPP) and the INPhINIT \u201cla Caixa\u201d ... Read more","og_url":"https:\/\/ibecbarcelona.eu\/ca\/careers-at-ibec\/doing-your-phd-at-ibec-other-fellowships-and-funding\/","og_site_name":"Institute for Bioengineering of Catalonia","article_modified_time":"2026-03-30T09:15:04+00:00","og_image":[{"width":810,"height":234,"url":"https:\/\/ibecbarcelona.eu\/wp-content\/uploads\/2015\/02\/phddoing.jpg","type":"image\/jpeg"}],"twitter_card":"summary_large_image","twitter_misc":{"Temps estimat de lectura":"1 minut"},"schema":{"@context":"https:\/\/schema.org","@graph":[{"@type":"WebPage","@id":"https:\/\/ibecbarcelona.eu\/ca\/careers-at-ibec\/doing-your-phd-at-ibec-other-fellowships-and-funding\/","url":"https:\/\/ibecbarcelona.eu\/ca\/careers-at-ibec\/doing-your-phd-at-ibec-other-fellowships-and-funding\/","name":"Doing your PhD at IBEC: other fellowships and funding - Institute for Bioengineering of Catalonia","isPartOf":{"@id":"https:\/\/ibecbarcelona.eu\/#website"},"primaryImageOfPage":{"@id":"https:\/\/ibecbarcelona.eu\/ca\/careers-at-ibec\/doing-your-phd-at-ibec-other-fellowships-and-funding\/#primaryimage"},"image":{"@id":"https:\/\/ibecbarcelona.eu\/ca\/careers-at-ibec\/doing-your-phd-at-ibec-other-fellowships-and-funding\/#primaryimage"},"thumbnailUrl":"https:\/\/ibecbarcelona.eu\/wp-content\/uploads\/2015\/02\/phddoing.jpg","datePublished":"2015-11-16T14:45:44+00:00","dateModified":"2026-03-30T09:15:04+00:00","breadcrumb":{"@id":"https:\/\/ibecbarcelona.eu\/ca\/careers-at-ibec\/doing-your-phd-at-ibec-other-fellowships-and-funding\/#breadcrumb"},"inLanguage":"ca","potentialAction":[{"@type":"ReadAction","target":["https:\/\/ibecbarcelona.eu\/ca\/careers-at-ibec\/doing-your-phd-at-ibec-other-fellowships-and-funding\/"]}]},{"@type":"ImageObject","inLanguage":"ca","@id":"https:\/\/ibecbarcelona.eu\/ca\/careers-at-ibec\/doing-your-phd-at-ibec-other-fellowships-and-funding\/#primaryimage","url":"https:\/\/ibecbarcelona.eu\/wp-content\/uploads\/2015\/02\/phddoing.jpg","contentUrl":"https:\/\/ibecbarcelona.eu\/wp-content\/uploads\/2015\/02\/phddoing.jpg"},{"@type":"BreadcrumbList","@id":"https:\/\/ibecbarcelona.eu\/ca\/careers-at-ibec\/doing-your-phd-at-ibec-other-fellowships-and-funding\/#breadcrumb","itemListElement":[{"@type":"ListItem","position":1,"name":"Home","item":"https:\/\/ibecbarcelona.eu\/ca\/"},{"@type":"ListItem","position":2,"name":"Career in Bioengineering","item":"https:\/\/ibecbarcelona.eu\/ca\/career-in-bioengineering\/"},{"@type":"ListItem","position":3,"name":"Doing your PhD at IBEC: other fellowships and funding"}]},{"@type":"WebSite","@id":"https:\/\/ibecbarcelona.eu\/#website","url":"https:\/\/ibecbarcelona.eu\/","name":"Institute for Bioengineering of Catalonia","description":"Bioengineering Solutions for Health","publisher":{"@id":"https:\/\/ibecbarcelona.eu\/#organization"},"potentialAction":[{"@type":"SearchAction","target":{"@type":"EntryPoint","urlTemplate":"https:\/\/ibecbarcelona.eu\/?s={search_term_string}"},"query-input":{"@type":"PropertyValueSpecification","valueRequired":true,"valueName":"search_term_string"}}],"inLanguage":"ca"},{"@type":"Organization","@id":"https:\/\/ibecbarcelona.eu\/#organization","name":"Institute for Bioengineering of Catalonia","url":"https:\/\/ibecbarcelona.eu\/","logo":{"@type":"ImageObject","inLanguage":"ca","@id":"https:\/\/ibecbarcelona.eu\/#\/schema\/logo\/image\/","url":"https:\/\/ibecbarcelona.eu\/wp-content\/uploads\/2026\/01\/cropped-IBEC_20ANYS_GRIS.png","contentUrl":"https:\/\/ibecbarcelona.eu\/wp-content\/uploads\/2026\/01\/cropped-IBEC_20ANYS_GRIS.png","width":696,"height":257,"caption":"Institute for Bioengineering of Catalonia"},"image":{"@id":"https:\/\/ibecbarcelona.eu\/#\/schema\/logo\/image\/"}}]}},"AFP_featured_media_urls":{"full":false,"thumbnail":false,"medium":false,"medium_large":false,"large":false},"AFP_attachments":[],"AFP_videos":[],"AFP_video_blocks":"","AFP_category_names":[],"_links":{"self":[{"href":"https:\/\/ibecbarcelona.eu\/ca\/wp-json\/wp\/v2\/pages\/87862","targetHints":{"allow":["GET"]}}],"collection":[{"href":"https:\/\/ibecbarcelona.eu\/ca\/wp-json\/wp\/v2\/pages"}],"about":[{"href":"https:\/\/ibecbarcelona.eu\/ca\/wp-json\/wp\/v2\/types\/page"}],"author":[{"embeddable":true,"href":"https:\/\/ibecbarcelona.eu\/ca\/wp-json\/wp\/v2\/users\/4"}],"replies":[{"embeddable":true,"href":"https:\/\/ibecbarcelona.eu\/ca\/wp-json\/wp\/v2\/comments?post=87862"}],"version-history":[{"count":39,"href":"https:\/\/ibecbarcelona.eu\/ca\/wp-json\/wp\/v2\/pages\/87862\/revisions"}],"predecessor-version":[{"id":133020,"href":"https:\/\/ibecbarcelona.eu\/ca\/wp-json\/wp\/v2\/pages\/87862\/revisions\/133020"}],"up":[{"embeddable":true,"href":"https:\/\/ibecbarcelona.eu\/ca\/wp-json\/wp\/v2\/pages\/17519"}],"wp:attachment":[{"href":"https:\/\/ibecbarcelona.eu\/ca\/wp-json\/wp\/v2\/media?parent=87862"}],"wp:term":[{"taxonomy":"post_tag","embeddable":true,"href":"https:\/\/ibecbarcelona.eu\/ca\/wp-json\/wp\/v2\/tags?post=87862"}],"curies":[{"name":"wp","href":"https:\/\/api.w.org\/{rel}","templated":true}]}}