
{"id":88868,"date":"2021-11-27T14:43:22","date_gmt":"2021-11-27T13:43:22","guid":{"rendered":"https:\/\/ibecbarcelona.eu\/?page_id=88868"},"modified":"2025-07-02T13:04:20","modified_gmt":"2025-07-02T11:04:20","slug":"gutenberg-test","status":"publish","type":"page","link":"https:\/\/ibecbarcelona.eu\/ca\/gutenberg-test\/","title":{"rendered":"Gutenberg Test"},"content":{"rendered":"<div id=\"slick-slider-slick-slider-69e185c4b2804\" class=\"gutentastic-slider  style-classic\"  data-count=\"5\" data-slides-to-show=\"1\" data-autoplay=\"\" data-navigation=\"dots\" data-speed=\"4000\" data-vertical=\"false\" data-alignment=\"100%\" data-layout=\"style-classic\" data-slidescroll=\"false\" data-arrows=\"true\" data-fade=\"false\" data-dots=\"true\" data-hasinnerwidth=\"\" style=\"height:475px;    \"><div  class=\" gutentastic-post-slider-one wp-block-gutentastic-post-layouts gutentastic-d-flex gutentastic-flex-wrap navigation-dots left\" data-layout=\"style-classic\" ><article class=\"post-item  article-style-classic\" data-title=\"BUSINESS INSIDER: Cient\u00edficos espa\u00f1oles desarrollar\u00e1n un nuevo modelo humano que promete mejores tratamientos para lesiones medulares\" style=\"width:100% !important;\" data-category=\"\" data-thumb=\"https:\/\/ibecbarcelona.eu\/wp-content\/uploads\/2025\/12\/0M0A1535_low-300x200.jpg\"><div class=\"slider-container \" style=\"height:475px;;\"><img decoding=\"async\" width=\"1024\" height=\"683\" data-src=\"https:\/\/ibecbarcelona.eu\/wp-content\/uploads\/2025\/12\/0M0A1535_low-1024x683.jpg\" class=\"attachment-large size-large wp-post-image lazyload\" alt=\"\" data-srcset=\"https:\/\/ibecbarcelona.eu\/wp-content\/uploads\/2025\/12\/0M0A1535_low-1024x683.jpg 1024w, https:\/\/ibecbarcelona.eu\/wp-content\/uploads\/2025\/12\/0M0A1535_low-300x200.jpg 300w, https:\/\/ibecbarcelona.eu\/wp-content\/uploads\/2025\/12\/0M0A1535_low-768x512.jpg 768w, https:\/\/ibecbarcelona.eu\/wp-content\/uploads\/2025\/12\/0M0A1535_low-600x400.jpg 600w, https:\/\/ibecbarcelona.eu\/wp-content\/uploads\/2025\/12\/0M0A1535_low.jpg 1200w\" data-sizes=\"(max-width: 1024px) 100vw, 1024px\" src=\"data:image\/svg+xml;base64,PHN2ZyB3aWR0aD0iMSIgaGVpZ2h0PSIxIiB4bWxucz0iaHR0cDovL3d3dy53My5vcmcvMjAwMC9zdmciPjwvc3ZnPg==\" style=\"--smush-placeholder-width: 1024px; --smush-placeholder-aspect-ratio: 1024\/683;\" \/> <div class=\"gutentastic-overlay-effect\" style=\"background-color:rgba(,,,)\"><\/div><div class=\"post-content-area left\"><div class=\"gutentastic-slider-inner-post-content inner-post-content left \"><div class=\"post-meta\"><\/div><h2 class=\"post-title\"><a href=\"https:\/\/ibecbarcelona.eu\/ca\/business-insider-cientificos-espanoles-desarrollaran-un-nuevo-modelo-humano-que-promete-mejores-tratamientos-para-lesiones-medulares\/\" target=\"_self\" rel=\"bookmark\">BUSINESS INSIDER: Cient\u00edficos espa\u00f1oles desarrollar\u00e1n un nuevo modelo humano que promete mejores tratamientos para lesiones medulares<\/a><\/h2><div class=\"post-meta post-meta-time-author below\">&nbsp;<div class=\"time_meta\"><time datetime=\"2025-12-10T07:00:00+01:00\">10 de desembre de 2025<\/time><\/div><\/div><a class=\"more-link\" href=\"https:\/\/ibecbarcelona.eu\/ca\/business-insider-cientificos-espanoles-desarrollaran-un-nuevo-modelo-humano-que-promete-mejores-tratamientos-para-lesiones-medulares\/\" target=\"_self\" rel=\"bookmark\"><span class=\"more-link-span\"> Read More<\/span><i class=\"dashicons dashicons-arrow-right-alt2\"><\/i><\/a><\/><\/div><\/div><\/article><article class=\"post-item  article-style-classic\" data-title=\"Fundaci\u00f3n &#8220;la Caixa&#8221;: Di\u00e1logos entre Irene Marco y Llucia Ramis\" style=\"width:100% !important;\" data-category=\"\" data-thumb=\"https:\/\/ibecbarcelona.eu\/wp-content\/uploads\/2026\/01\/Captura-de-pantalla-2026-01-19-113404-300x202.png\"><div class=\"slider-container \" style=\"height:475px;;\"><img decoding=\"async\" width=\"1024\" height=\"690\" data-src=\"https:\/\/ibecbarcelona.eu\/wp-content\/uploads\/2026\/01\/Captura-de-pantalla-2026-01-19-113404-1024x690.png\" class=\"attachment-large size-large wp-post-image lazyload\" alt=\"\" data-srcset=\"https:\/\/ibecbarcelona.eu\/wp-content\/uploads\/2026\/01\/Captura-de-pantalla-2026-01-19-113404-1024x690.png 1024w, https:\/\/ibecbarcelona.eu\/wp-content\/uploads\/2026\/01\/Captura-de-pantalla-2026-01-19-113404-300x202.png 300w, https:\/\/ibecbarcelona.eu\/wp-content\/uploads\/2026\/01\/Captura-de-pantalla-2026-01-19-113404-768x517.png 768w, https:\/\/ibecbarcelona.eu\/wp-content\/uploads\/2026\/01\/Captura-de-pantalla-2026-01-19-113404.png 1097w\" data-sizes=\"(max-width: 1024px) 100vw, 1024px\" src=\"data:image\/svg+xml;base64,PHN2ZyB3aWR0aD0iMSIgaGVpZ2h0PSIxIiB4bWxucz0iaHR0cDovL3d3dy53My5vcmcvMjAwMC9zdmciPjwvc3ZnPg==\" style=\"--smush-placeholder-width: 1024px; --smush-placeholder-aspect-ratio: 1024\/690;\" \/> <div class=\"gutentastic-overlay-effect\" style=\"background-color:rgba(,,,)\"><\/div><div class=\"post-content-area left\"><div class=\"gutentastic-slider-inner-post-content inner-post-content left \"><div class=\"post-meta\"><\/div><h2 class=\"post-title\"><a href=\"https:\/\/ibecbarcelona.eu\/ca\/fundacion-la-caixa-dialogos-entre-irene-marco-y-llucia-ramis\/\" target=\"_self\" rel=\"bookmark\">Fundaci\u00f3n &#8220;la Caixa&#8221;: Di\u00e1logos entre Irene Marco y Llucia Ramis<\/a><\/h2><div class=\"post-meta post-meta-time-author below\">&nbsp;<div class=\"time_meta\"><time datetime=\"2025-12-02T11:30:00+01:00\">2 de desembre de 2025<\/time><\/div><\/div><a class=\"more-link\" href=\"https:\/\/ibecbarcelona.eu\/ca\/fundacion-la-caixa-dialogos-entre-irene-marco-y-llucia-ramis\/\" target=\"_self\" rel=\"bookmark\"><span class=\"more-link-span\"> Read More<\/span><i class=\"dashicons dashicons-arrow-right-alt2\"><\/i><\/a><\/><\/div><\/div><\/article><article class=\"post-item  article-style-classic\" data-title=\"LA VANGUARDIA: \u00bfDianes artificials per fer arribar medicaments al cervell?\" style=\"width:100% !important;\" data-category=\"\" data-thumb=\"https:\/\/ibecbarcelona.eu\/wp-content\/uploads\/2025\/11\/BigVang_CAT-300x106.png\"><div class=\"slider-container \" style=\"height:475px;;\"><img decoding=\"async\" width=\"1024\" height=\"363\" data-src=\"https:\/\/ibecbarcelona.eu\/wp-content\/uploads\/2025\/11\/BigVang_CAT-1024x363.png\" class=\"attachment-large size-large wp-post-image lazyload\" alt=\"\" data-srcset=\"https:\/\/ibecbarcelona.eu\/wp-content\/uploads\/2025\/11\/BigVang_CAT-1024x363.png 1024w, https:\/\/ibecbarcelona.eu\/wp-content\/uploads\/2025\/11\/BigVang_CAT-300x106.png 300w, https:\/\/ibecbarcelona.eu\/wp-content\/uploads\/2025\/11\/BigVang_CAT-768x272.png 768w, https:\/\/ibecbarcelona.eu\/wp-content\/uploads\/2025\/11\/BigVang_CAT.png 1117w\" data-sizes=\"(max-width: 1024px) 100vw, 1024px\" src=\"data:image\/svg+xml;base64,PHN2ZyB3aWR0aD0iMSIgaGVpZ2h0PSIxIiB4bWxucz0iaHR0cDovL3d3dy53My5vcmcvMjAwMC9zdmciPjwvc3ZnPg==\" style=\"--smush-placeholder-width: 1024px; --smush-placeholder-aspect-ratio: 1024\/363;\" \/> <div class=\"gutentastic-overlay-effect\" style=\"background-color:rgba(,,,)\"><\/div><div class=\"post-content-area left\"><div class=\"gutentastic-slider-inner-post-content inner-post-content left \"><div class=\"post-meta\"><\/div><h2 class=\"post-title\"><a href=\"https:\/\/ibecbarcelona.eu\/ca\/la-vanguardia-dianas-artificiales-para-hacer-llegar-medicamentos-al-cerebro\/\" target=\"_self\" rel=\"bookmark\">LA VANGUARDIA: \u00bfDianes artificials per fer arribar medicaments al cervell?<\/a><\/h2><div class=\"post-meta post-meta-time-author below\">&nbsp;<div class=\"time_meta\"><time datetime=\"2025-11-10T06:00:00+01:00\">10 de novembre de 2025<\/time><\/div><\/div><a class=\"more-link\" href=\"https:\/\/ibecbarcelona.eu\/ca\/la-vanguardia-dianas-artificiales-para-hacer-llegar-medicamentos-al-cerebro\/\" target=\"_self\" rel=\"bookmark\"><span class=\"more-link-span\"> Read More<\/span><i class=\"dashicons dashicons-arrow-right-alt2\"><\/i><\/a><\/><\/div><\/div><\/article><article class=\"post-item  article-style-classic\" data-title=\"La Raz\u00f3n: \u00abNuestro chip eval\u00faa si un f\u00e1rmaco puede llegar al cerebro de un determinado paciente\u00bb\" style=\"width:100% !important;\" data-category=\"\" data-thumb=\"https:\/\/ibecbarcelona.eu\/wp-content\/uploads\/2025\/11\/ALagunas_Olfato-2-300x200.jpg\"><div class=\"slider-container \" style=\"height:475px;;\"><img decoding=\"async\" width=\"1024\" height=\"683\" data-src=\"https:\/\/ibecbarcelona.eu\/wp-content\/uploads\/2025\/11\/ALagunas_Olfato-2-1024x683.jpg\" class=\"attachment-large size-large wp-post-image lazyload\" alt=\"\" data-srcset=\"https:\/\/ibecbarcelona.eu\/wp-content\/uploads\/2025\/11\/ALagunas_Olfato-2-1024x683.jpg 1024w, https:\/\/ibecbarcelona.eu\/wp-content\/uploads\/2025\/11\/ALagunas_Olfato-2-300x200.jpg 300w, https:\/\/ibecbarcelona.eu\/wp-content\/uploads\/2025\/11\/ALagunas_Olfato-2-768x512.jpg 768w, https:\/\/ibecbarcelona.eu\/wp-content\/uploads\/2025\/11\/ALagunas_Olfato-2-1536x1024.jpg 1536w, https:\/\/ibecbarcelona.eu\/wp-content\/uploads\/2025\/11\/ALagunas_Olfato-2-2048x1365.jpg 2048w, https:\/\/ibecbarcelona.eu\/wp-content\/uploads\/2025\/11\/ALagunas_Olfato-2-1200x800.jpg 1200w, https:\/\/ibecbarcelona.eu\/wp-content\/uploads\/2025\/11\/ALagunas_Olfato-2-600x400.jpg 600w\" data-sizes=\"(max-width: 1024px) 100vw, 1024px\" src=\"data:image\/svg+xml;base64,PHN2ZyB3aWR0aD0iMSIgaGVpZ2h0PSIxIiB4bWxucz0iaHR0cDovL3d3dy53My5vcmcvMjAwMC9zdmciPjwvc3ZnPg==\" style=\"--smush-placeholder-width: 1024px; --smush-placeholder-aspect-ratio: 1024\/683;\" \/> <div class=\"gutentastic-overlay-effect\" style=\"background-color:rgba(,,,)\"><\/div><div class=\"post-content-area left\"><div class=\"gutentastic-slider-inner-post-content inner-post-content left \"><div class=\"post-meta\"><\/div><h2 class=\"post-title\"><a href=\"https:\/\/ibecbarcelona.eu\/ca\/la-razon-nuestro-chip-evalua-si-un-farmaco-puede-llegar-al-cerebro-de-un-determinado-paciente\/\" target=\"_self\" rel=\"bookmark\">La Raz\u00f3n: \u00abNuestro chip eval\u00faa si un f\u00e1rmaco puede llegar al cerebro de un determinado paciente\u00bb<\/a><\/h2><div class=\"post-meta post-meta-time-author below\">&nbsp;<div class=\"time_meta\"><time datetime=\"2025-11-09T06:00:00+01:00\">9 de novembre de 2025<\/time><\/div><\/div><a class=\"more-link\" href=\"https:\/\/ibecbarcelona.eu\/ca\/la-razon-nuestro-chip-evalua-si-un-farmaco-puede-llegar-al-cerebro-de-un-determinado-paciente\/\" target=\"_self\" rel=\"bookmark\"><span class=\"more-link-span\"> Read More<\/span><i class=\"dashicons dashicons-arrow-right-alt2\"><\/i><\/a><\/><\/div><\/div><\/article><article class=\"post-item  article-style-classic\" data-title=\"DIARI DE TARRAGONA: L\u2019Espluga de Francol\u00ed. Jornada sobre bioenginyeria a escoles rurals\" style=\"width:100% !important;\" data-category=\"\" data-thumb=\"https:\/\/ibecbarcelona.eu\/wp-content\/uploads\/2025\/11\/G5OmEk3XoAAPHfN-edited-300x169.jpg\"><div class=\"slider-container \" style=\"height:475px;;\"><img decoding=\"async\" width=\"1024\" height=\"576\" data-src=\"https:\/\/ibecbarcelona.eu\/wp-content\/uploads\/2025\/11\/G5OmEk3XoAAPHfN-edited.jpg\" class=\"attachment-large size-large wp-post-image lazyload\" alt=\"\" data-srcset=\"https:\/\/ibecbarcelona.eu\/wp-content\/uploads\/2025\/11\/G5OmEk3XoAAPHfN-edited.jpg 1024w, https:\/\/ibecbarcelona.eu\/wp-content\/uploads\/2025\/11\/G5OmEk3XoAAPHfN-edited-300x169.jpg 300w, https:\/\/ibecbarcelona.eu\/wp-content\/uploads\/2025\/11\/G5OmEk3XoAAPHfN-edited-768x432.jpg 768w\" data-sizes=\"(max-width: 1024px) 100vw, 1024px\" src=\"data:image\/svg+xml;base64,PHN2ZyB3aWR0aD0iMSIgaGVpZ2h0PSIxIiB4bWxucz0iaHR0cDovL3d3dy53My5vcmcvMjAwMC9zdmciPjwvc3ZnPg==\" style=\"--smush-placeholder-width: 1024px; --smush-placeholder-aspect-ratio: 1024\/576;\" \/> <div class=\"gutentastic-overlay-effect\" style=\"background-color:rgba(,,,)\"><\/div><div class=\"post-content-area left\"><div class=\"gutentastic-slider-inner-post-content inner-post-content left \"><div class=\"post-meta\"><\/div><h2 class=\"post-title\"><a href=\"https:\/\/ibecbarcelona.eu\/ca\/diari-de-tarragona-lespluga-de-francoli-jornada-sobrebioenginyeria-aescoles-rurals\/\" target=\"_self\" rel=\"bookmark\">DIARI DE TARRAGONA: L\u2019Espluga de Francol\u00ed. Jornada sobre bioenginyeria a escoles rurals<\/a><\/h2><div class=\"post-meta post-meta-time-author below\">&nbsp;<div class=\"time_meta\"><time datetime=\"2025-11-08T06:00:00+01:00\">8 de novembre de 2025<\/time><\/div><\/div><a class=\"more-link\" href=\"https:\/\/ibecbarcelona.eu\/ca\/diari-de-tarragona-lespluga-de-francoli-jornada-sobrebioenginyeria-aescoles-rurals\/\" target=\"_self\" rel=\"bookmark\"><span class=\"more-link-span\"> Read More<\/span><i class=\"dashicons dashicons-arrow-right-alt2\"><\/i><\/a><\/><\/div><\/div><\/article><\/div><\/div>","protected":false},"excerpt":{"rendered":"","protected":false},"author":26,"featured_media":0,"parent":0,"menu_order":0,"comment_status":"closed","ping_status":"closed","template":"","meta":{"footnotes":""},"tags":[],"class_list":["post-88868","page","type-page","status-publish"],"yoast_head":"<!-- This site is optimized with the Yoast SEO plugin v27.4 - https:\/\/yoast.com\/product\/yoast-seo-wordpress\/ -->\n<title>Gutenberg Test - Institute for Bioengineering of Catalonia<\/title>\n<meta name=\"robots\" content=\"noindex, follow\" \/>\n<meta property=\"og:locale\" content=\"ca_ES\" \/>\n<meta property=\"og:type\" content=\"article\" \/>\n<meta property=\"og:title\" content=\"Gutenberg Test - Institute for Bioengineering of Catalonia\" \/>\n<meta property=\"og:url\" content=\"https:\/\/ibecbarcelona.eu\/gutenberg-test\/\" \/>\n<meta property=\"og:site_name\" content=\"Institute for Bioengineering of Catalonia\" \/>\n<meta property=\"article:modified_time\" content=\"2025-07-02T11:04:20+00:00\" \/>\n<meta name=\"twitter:card\" content=\"summary_large_image\" \/>\n<script type=\"application\/ld+json\" class=\"yoast-schema-graph\">{\"@context\":\"https:\\\/\\\/schema.org\",\"@graph\":[{\"@type\":\"WebPage\",\"@id\":\"https:\\\/\\\/ibecbarcelona.eu\\\/gutenberg-test\\\/\",\"url\":\"https:\\\/\\\/ibecbarcelona.eu\\\/gutenberg-test\\\/\",\"name\":\"Gutenberg Test - Institute for Bioengineering of Catalonia\",\"isPartOf\":{\"@id\":\"https:\\\/\\\/ibecbarcelona.eu\\\/#website\"},\"datePublished\":\"2021-11-27T13:43:22+00:00\",\"dateModified\":\"2025-07-02T11:04:20+00:00\",\"breadcrumb\":{\"@id\":\"https:\\\/\\\/ibecbarcelona.eu\\\/gutenberg-test\\\/#breadcrumb\"},\"inLanguage\":\"ca\",\"potentialAction\":[{\"@type\":\"ReadAction\",\"target\":[\"https:\\\/\\\/ibecbarcelona.eu\\\/gutenberg-test\\\/\"]}]},{\"@type\":\"BreadcrumbList\",\"@id\":\"https:\\\/\\\/ibecbarcelona.eu\\\/gutenberg-test\\\/#breadcrumb\",\"itemListElement\":[{\"@type\":\"ListItem\",\"position\":1,\"name\":\"Home\",\"item\":\"https:\\\/\\\/ibecbarcelona.eu\\\/ca\\\/\"},{\"@type\":\"ListItem\",\"position\":2,\"name\":\"Gutenberg Test\"}]},{\"@type\":\"WebSite\",\"@id\":\"https:\\\/\\\/ibecbarcelona.eu\\\/#website\",\"url\":\"https:\\\/\\\/ibecbarcelona.eu\\\/\",\"name\":\"Institute for Bioengineering of Catalonia\",\"description\":\"Bioengineering Solutions for Health\",\"publisher\":{\"@id\":\"https:\\\/\\\/ibecbarcelona.eu\\\/#organization\"},\"potentialAction\":[{\"@type\":\"SearchAction\",\"target\":{\"@type\":\"EntryPoint\",\"urlTemplate\":\"https:\\\/\\\/ibecbarcelona.eu\\\/?s={search_term_string}\"},\"query-input\":{\"@type\":\"PropertyValueSpecification\",\"valueRequired\":true,\"valueName\":\"search_term_string\"}}],\"inLanguage\":\"ca\"},{\"@type\":\"Organization\",\"@id\":\"https:\\\/\\\/ibecbarcelona.eu\\\/#organization\",\"name\":\"Institute for Bioengineering of Catalonia\",\"url\":\"https:\\\/\\\/ibecbarcelona.eu\\\/\",\"logo\":{\"@type\":\"ImageObject\",\"inLanguage\":\"ca\",\"@id\":\"https:\\\/\\\/ibecbarcelona.eu\\\/#\\\/schema\\\/logo\\\/image\\\/\",\"url\":\"https:\\\/\\\/ibecbarcelona.eu\\\/wp-content\\\/uploads\\\/2026\\\/01\\\/cropped-IBEC_20ANYS_GRIS.png\",\"contentUrl\":\"https:\\\/\\\/ibecbarcelona.eu\\\/wp-content\\\/uploads\\\/2026\\\/01\\\/cropped-IBEC_20ANYS_GRIS.png\",\"width\":696,\"height\":257,\"caption\":\"Institute for Bioengineering of Catalonia\"},\"image\":{\"@id\":\"https:\\\/\\\/ibecbarcelona.eu\\\/#\\\/schema\\\/logo\\\/image\\\/\"}}]}<\/script>\n<!-- \/ Yoast SEO plugin. -->","yoast_head_json":{"title":"Gutenberg Test - Institute for Bioengineering of Catalonia","robots":{"index":"noindex","follow":"follow"},"og_locale":"ca_ES","og_type":"article","og_title":"Gutenberg Test - Institute for Bioengineering of Catalonia","og_url":"https:\/\/ibecbarcelona.eu\/gutenberg-test\/","og_site_name":"Institute for Bioengineering of Catalonia","article_modified_time":"2025-07-02T11:04:20+00:00","twitter_card":"summary_large_image","schema":{"@context":"https:\/\/schema.org","@graph":[{"@type":"WebPage","@id":"https:\/\/ibecbarcelona.eu\/gutenberg-test\/","url":"https:\/\/ibecbarcelona.eu\/gutenberg-test\/","name":"Gutenberg Test - Institute for Bioengineering of Catalonia","isPartOf":{"@id":"https:\/\/ibecbarcelona.eu\/#website"},"datePublished":"2021-11-27T13:43:22+00:00","dateModified":"2025-07-02T11:04:20+00:00","breadcrumb":{"@id":"https:\/\/ibecbarcelona.eu\/gutenberg-test\/#breadcrumb"},"inLanguage":"ca","potentialAction":[{"@type":"ReadAction","target":["https:\/\/ibecbarcelona.eu\/gutenberg-test\/"]}]},{"@type":"BreadcrumbList","@id":"https:\/\/ibecbarcelona.eu\/gutenberg-test\/#breadcrumb","itemListElement":[{"@type":"ListItem","position":1,"name":"Home","item":"https:\/\/ibecbarcelona.eu\/ca\/"},{"@type":"ListItem","position":2,"name":"Gutenberg Test"}]},{"@type":"WebSite","@id":"https:\/\/ibecbarcelona.eu\/#website","url":"https:\/\/ibecbarcelona.eu\/","name":"Institute for Bioengineering of Catalonia","description":"Bioengineering Solutions for Health","publisher":{"@id":"https:\/\/ibecbarcelona.eu\/#organization"},"potentialAction":[{"@type":"SearchAction","target":{"@type":"EntryPoint","urlTemplate":"https:\/\/ibecbarcelona.eu\/?s={search_term_string}"},"query-input":{"@type":"PropertyValueSpecification","valueRequired":true,"valueName":"search_term_string"}}],"inLanguage":"ca"},{"@type":"Organization","@id":"https:\/\/ibecbarcelona.eu\/#organization","name":"Institute for Bioengineering of Catalonia","url":"https:\/\/ibecbarcelona.eu\/","logo":{"@type":"ImageObject","inLanguage":"ca","@id":"https:\/\/ibecbarcelona.eu\/#\/schema\/logo\/image\/","url":"https:\/\/ibecbarcelona.eu\/wp-content\/uploads\/2026\/01\/cropped-IBEC_20ANYS_GRIS.png","contentUrl":"https:\/\/ibecbarcelona.eu\/wp-content\/uploads\/2026\/01\/cropped-IBEC_20ANYS_GRIS.png","width":696,"height":257,"caption":"Institute for Bioengineering of Catalonia"},"image":{"@id":"https:\/\/ibecbarcelona.eu\/#\/schema\/logo\/image\/"}}]}},"AFP_featured_media_urls":{"full":false,"thumbnail":false,"medium":false,"medium_large":false,"large":false},"AFP_attachments":[],"AFP_videos":[],"AFP_video_blocks":"","AFP_category_names":[],"_links":{"self":[{"href":"https:\/\/ibecbarcelona.eu\/ca\/wp-json\/wp\/v2\/pages\/88868","targetHints":{"allow":["GET"]}}],"collection":[{"href":"https:\/\/ibecbarcelona.eu\/ca\/wp-json\/wp\/v2\/pages"}],"about":[{"href":"https:\/\/ibecbarcelona.eu\/ca\/wp-json\/wp\/v2\/types\/page"}],"author":[{"embeddable":true,"href":"https:\/\/ibecbarcelona.eu\/ca\/wp-json\/wp\/v2\/users\/26"}],"replies":[{"embeddable":true,"href":"https:\/\/ibecbarcelona.eu\/ca\/wp-json\/wp\/v2\/comments?post=88868"}],"version-history":[{"count":29,"href":"https:\/\/ibecbarcelona.eu\/ca\/wp-json\/wp\/v2\/pages\/88868\/revisions"}],"predecessor-version":[{"id":127121,"href":"https:\/\/ibecbarcelona.eu\/ca\/wp-json\/wp\/v2\/pages\/88868\/revisions\/127121"}],"wp:attachment":[{"href":"https:\/\/ibecbarcelona.eu\/ca\/wp-json\/wp\/v2\/media?parent=88868"}],"wp:term":[{"taxonomy":"post_tag","embeddable":true,"href":"https:\/\/ibecbarcelona.eu\/ca\/wp-json\/wp\/v2\/tags?post=88868"}],"curies":[{"name":"wp","href":"https:\/\/api.w.org\/{rel}","templated":true}]}}