
{"id":88883,"date":"2021-11-27T20:05:34","date_gmt":"2021-11-27T19:05:34","guid":{"rendered":"https:\/\/ibecbarcelona.eu\/?page_id=88883"},"modified":"2021-11-28T18:13:21","modified_gmt":"2021-11-28T17:13:21","slug":"hello-gutenberg","status":"publish","type":"page","link":"https:\/\/ibecbarcelona.eu\/ca\/hello-gutenberg\/","title":{"rendered":"Hello Gutenberg"},"content":{"rendered":"<div id=\"gutentastic-grid-0\" class=\"wp-block-gutentastic-post-layouts grid_style5   gutentastic-grid\" data-layout=\"grid_style5\" data-columns=\"2\" data-readmore=\"\" style=\"--item-gap : 15px; --item-gap-negative : -15px; --item-margin-bottom : 30px; --item-height: 285px; --image-height:; --columns-number:2;\"><div class=\"gutentastic-filter-container\"><ul><li id=\"buttonFilterAll\" data-filter=\"all\"> All items <\/li><li class=\"buttonFilter\" data-filter=\"99\">IBEC als mitjans<\/li><li class=\"buttonFilter\" data-filter=\"96\">Not\u00edcies de recerca<\/li><li class=\"buttonFilter\" data-filter=\"98\">Not\u00edcies institucionals<\/li><\/ul><\/div><div id=\"grid-posts\" class=\"grid-posts grid-column-12\"><article id=\"grid-article-133539\" class=\"post-item  grid_style5 filtr-item\" data-id=\"133539\" data-category=\"98\"><div class=\"post-content-area left\"><a class=\"post-link\" target=\"_self\" href=https:\/\/ibecbarcelona.eu\/ca\/together-with-patients-with-duchenne-ibec-is-developing-a-heart-on-a-chip-to-halt-the-cardiac-damage-caused-by-the-condition><div class=\"hover-excerpt\"><\/div><\/a><div class=\"post-image\"><img decoding=\"async\" width=\"1024\" height=\"682\" data-src=\"https:\/\/ibecbarcelona.eu\/wp-content\/uploads\/2026\/05\/JFernandez-MMontolio-Editada-1024x682.jpg\" class=\"attachment-large size-large wp-post-image lazyload\" alt=\"\" data-srcset=\"https:\/\/ibecbarcelona.eu\/wp-content\/uploads\/2026\/05\/JFernandez-MMontolio-Editada-1024x682.jpg 1024w, https:\/\/ibecbarcelona.eu\/wp-content\/uploads\/2026\/05\/JFernandez-MMontolio-Editada-300x200.jpg 300w, https:\/\/ibecbarcelona.eu\/wp-content\/uploads\/2026\/05\/JFernandez-MMontolio-Editada-768x512.jpg 768w, https:\/\/ibecbarcelona.eu\/wp-content\/uploads\/2026\/05\/JFernandez-MMontolio-Editada-1200x800.jpg 1200w, https:\/\/ibecbarcelona.eu\/wp-content\/uploads\/2026\/05\/JFernandez-MMontolio-Editada-600x400.jpg 600w, https:\/\/ibecbarcelona.eu\/wp-content\/uploads\/2026\/05\/JFernandez-MMontolio-Editada.jpg 1457w\" data-sizes=\"(max-width: 1024px) 100vw, 1024px\" src=\"data:image\/svg+xml;base64,PHN2ZyB3aWR0aD0iMSIgaGVpZ2h0PSIxIiB4bWxucz0iaHR0cDovL3d3dy53My5vcmcvMjAwMC9zdmciPjwvc3ZnPg==\" style=\"--smush-placeholder-width: 1024px; --smush-placeholder-aspect-ratio: 1024\/682;\" \/> <\/div><div class=\"inner-post-content\"><div class=\"post-meta post-meta-category below\"><div class=\"post-meta-time-author\"><div class=\"time_meta\"><time datetime=\"2026-05-07T09:00:00+02:00\">maig 7, 2026<\/time><\/div><\/div><div class=\"postmeta_categories\"><a href=\"https:\/\/ibecbarcelona.eu\/ca\/category\/noticies-institucionals\/\" >Not\u00edcies institucionals<\/a><\/div><\/div><h2 class=\"post-title\"><a href=\"https:\/\/ibecbarcelona.eu\/ca\/together-with-patients-with-duchenne-ibec-is-developing-a-heart-on-a-chip-to-halt-the-cardiac-damage-caused-by-the-condition\" target=\"_self\" rel=\"bookmark\">L&#8217;IBEC, juntament amb pacients amb Duchenne, impulsa un &#8216;cor en un xip&#8217; per frenar el dany card\u00edac de la distr\u00f2fia<\/a><\/h2><\/div><\/div><\/article><article id=\"grid-article-133478\" class=\"post-item  grid_style5 filtr-item\" data-id=\"133478\" data-category=\"98\"><div class=\"post-content-area left\"><a class=\"post-link\" target=\"_self\" href=https:\/\/ibecbarcelona.eu\/ca\/ibec-rep-a-joves-talents-a-les-seves-portes-obertes-research4talent><div class=\"hover-excerpt\"><\/div><\/a><div class=\"post-image\"><img decoding=\"async\" width=\"1024\" height=\"576\" data-src=\"https:\/\/ibecbarcelona.eu\/wp-content\/uploads\/2026\/05\/20260430_115844-Editada-1024x576.jpg\" class=\"attachment-large size-large wp-post-image lazyload\" alt=\"\" data-srcset=\"https:\/\/ibecbarcelona.eu\/wp-content\/uploads\/2026\/05\/20260430_115844-Editada-1024x576.jpg 1024w, https:\/\/ibecbarcelona.eu\/wp-content\/uploads\/2026\/05\/20260430_115844-Editada-300x169.jpg 300w, https:\/\/ibecbarcelona.eu\/wp-content\/uploads\/2026\/05\/20260430_115844-Editada-768x432.jpg 768w, https:\/\/ibecbarcelona.eu\/wp-content\/uploads\/2026\/05\/20260430_115844-Editada-1536x864.jpg 1536w, https:\/\/ibecbarcelona.eu\/wp-content\/uploads\/2026\/05\/20260430_115844-Editada-2048x1152.jpg 2048w\" data-sizes=\"(max-width: 1024px) 100vw, 1024px\" src=\"data:image\/svg+xml;base64,PHN2ZyB3aWR0aD0iMSIgaGVpZ2h0PSIxIiB4bWxucz0iaHR0cDovL3d3dy53My5vcmcvMjAwMC9zdmciPjwvc3ZnPg==\" style=\"--smush-placeholder-width: 1024px; --smush-placeholder-aspect-ratio: 1024\/576;\" \/> <\/div><div class=\"inner-post-content\"><div class=\"post-meta post-meta-category below\"><div class=\"post-meta-time-author\"><div class=\"time_meta\"><time datetime=\"2026-05-04T13:06:21+02:00\">maig 4, 2026<\/time><\/div><\/div><div class=\"postmeta_categories\"><a href=\"https:\/\/ibecbarcelona.eu\/ca\/category\/noticies-institucionals\/\" >Not\u00edcies institucionals<\/a><\/div><\/div><h2 class=\"post-title\"><a href=\"https:\/\/ibecbarcelona.eu\/ca\/ibec-rep-a-joves-talents-a-les-seves-portes-obertes-research4talent\" target=\"_self\" rel=\"bookmark\">L&#8217;IBEC rep a joves talents a les seves portes obertes reSEARCH4TALENT<\/a><\/h2><\/div><\/div><\/article><article id=\"grid-article-133371\" class=\"post-item  grid_style5 filtr-item\" data-id=\"133371\" data-category=\"96\"><div class=\"post-content-area left\"><a class=\"post-link\" target=\"_self\" href=https:\/\/ibecbarcelona.eu\/ca\/la-forma-en-que-les-cel%C2%B7lules-decideixen-quan-reaccionar-podria-influir-en-futurs-tractaments-per-al-cancer-i-la-fibrosi><div class=\"hover-excerpt\"><\/div><\/a><div class=\"post-image\"><img decoding=\"async\" width=\"795\" height=\"496\" data-src=\"https:\/\/ibecbarcelona.eu\/wp-content\/uploads\/2026\/04\/Imatge1.png\" class=\"attachment-large size-large wp-post-image lazyload\" alt=\"\" data-srcset=\"https:\/\/ibecbarcelona.eu\/wp-content\/uploads\/2026\/04\/Imatge1.png 795w, https:\/\/ibecbarcelona.eu\/wp-content\/uploads\/2026\/04\/Imatge1-300x187.png 300w, https:\/\/ibecbarcelona.eu\/wp-content\/uploads\/2026\/04\/Imatge1-768x479.png 768w\" data-sizes=\"(max-width: 795px) 100vw, 795px\" src=\"data:image\/svg+xml;base64,PHN2ZyB3aWR0aD0iMSIgaGVpZ2h0PSIxIiB4bWxucz0iaHR0cDovL3d3dy53My5vcmcvMjAwMC9zdmciPjwvc3ZnPg==\" style=\"--smush-placeholder-width: 795px; --smush-placeholder-aspect-ratio: 795\/496;\" \/> <\/div><div class=\"inner-post-content\"><div class=\"post-meta post-meta-category below\"><div class=\"post-meta-time-author\"><div class=\"time_meta\"><time datetime=\"2026-04-29T11:00:00+02:00\">abr. 29, 2026<\/time><\/div><\/div><div class=\"postmeta_categories\"><a href=\"https:\/\/ibecbarcelona.eu\/ca\/category\/noticies-de-recerca\/\" >Not\u00edcies de recerca<\/a><\/div><\/div><h2 class=\"post-title\"><a href=\"https:\/\/ibecbarcelona.eu\/ca\/la-forma-en-que-les-cel%C2%B7lules-decideixen-quan-reaccionar-podria-influir-en-futurs-tractaments-per-al-cancer-i-la-fibrosi\" target=\"_self\" rel=\"bookmark\">La forma en qu\u00e8 les c\u00e8l\u00b7lules decideixen quan reaccionar podria influir en futurs tractaments per al c\u00e0ncer i la fibrosi<\/a><\/h2><\/div><\/div><\/article><article id=\"grid-article-133358\" class=\"post-item  grid_style5 filtr-item\" data-id=\"133358\" data-category=\"98\"><div class=\"post-content-area left\"><a class=\"post-link\" target=\"_self\" href=https:\/\/ibecbarcelona.eu\/ca\/ibec-destaca-a-termis-eu-2026-amb-una-amplia-participacio-cientifica-i-un-paper-clau-en-el-lideratge-del-congres><div class=\"hover-excerpt\"><\/div><\/a><div class=\"post-image\"><img decoding=\"async\" width=\"1024\" height=\"768\" data-src=\"https:\/\/ibecbarcelona.eu\/wp-content\/uploads\/2026\/04\/MSalmeron-TERMIS26-1024x768.jpg\" class=\"attachment-large size-large wp-post-image lazyload\" alt=\"\" data-srcset=\"https:\/\/ibecbarcelona.eu\/wp-content\/uploads\/2026\/04\/MSalmeron-TERMIS26-1024x768.jpg 1024w, https:\/\/ibecbarcelona.eu\/wp-content\/uploads\/2026\/04\/MSalmeron-TERMIS26-300x225.jpg 300w, https:\/\/ibecbarcelona.eu\/wp-content\/uploads\/2026\/04\/MSalmeron-TERMIS26-768x576.jpg 768w, https:\/\/ibecbarcelona.eu\/wp-content\/uploads\/2026\/04\/MSalmeron-TERMIS26.jpg 1498w\" data-sizes=\"(max-width: 1024px) 100vw, 1024px\" src=\"data:image\/svg+xml;base64,PHN2ZyB3aWR0aD0iMSIgaGVpZ2h0PSIxIiB4bWxucz0iaHR0cDovL3d3dy53My5vcmcvMjAwMC9zdmciPjwvc3ZnPg==\" style=\"--smush-placeholder-width: 1024px; --smush-placeholder-aspect-ratio: 1024\/768;\" \/> <\/div><div class=\"inner-post-content\"><div class=\"post-meta post-meta-category below\"><div class=\"post-meta-time-author\"><div class=\"time_meta\"><time datetime=\"2026-04-27T16:47:02+02:00\">abr. 27, 2026<\/time><\/div><\/div><div class=\"postmeta_categories\"><a href=\"https:\/\/ibecbarcelona.eu\/ca\/category\/noticies-institucionals\/\" >Not\u00edcies institucionals<\/a><\/div><\/div><h2 class=\"post-title\"><a href=\"https:\/\/ibecbarcelona.eu\/ca\/ibec-destaca-a-termis-eu-2026-amb-una-amplia-participacio-cientifica-i-un-paper-clau-en-el-lideratge-del-congres\" target=\"_self\" rel=\"bookmark\">L\u2019IBEC destaca a TERMIS\u2011EU 2026 amb una \u00e0mplia participaci\u00f3 cient\u00edfica i un paper clau en el lideratge del congr\u00e9s<\/a><\/h2><\/div><\/div><\/article><article id=\"grid-article-133198\" class=\"post-item  grid_style5 filtr-item\" data-id=\"133198\" data-category=\"96\"><div class=\"post-content-area left\"><a class=\"post-link\" target=\"_self\" href=https:\/\/ibecbarcelona.eu\/ca\/creen-teixits-vius-capacos-de-canviar-de-forma-de-manera-programada><div class=\"hover-excerpt\"><\/div><\/a><div class=\"post-image\"><img decoding=\"async\" width=\"1024\" height=\"683\" data-src=\"https:\/\/ibecbarcelona.eu\/wp-content\/uploads\/2026\/04\/XTrepat-PGuillamat-MArroyo-1024x683.jpg\" class=\"attachment-large size-large wp-post-image lazyload\" alt=\"\" data-srcset=\"https:\/\/ibecbarcelona.eu\/wp-content\/uploads\/2026\/04\/XTrepat-PGuillamat-MArroyo-1024x683.jpg 1024w, https:\/\/ibecbarcelona.eu\/wp-content\/uploads\/2026\/04\/XTrepat-PGuillamat-MArroyo-300x200.jpg 300w, https:\/\/ibecbarcelona.eu\/wp-content\/uploads\/2026\/04\/XTrepat-PGuillamat-MArroyo-768x512.jpg 768w, https:\/\/ibecbarcelona.eu\/wp-content\/uploads\/2026\/04\/XTrepat-PGuillamat-MArroyo-1536x1024.jpg 1536w, https:\/\/ibecbarcelona.eu\/wp-content\/uploads\/2026\/04\/XTrepat-PGuillamat-MArroyo-2048x1365.jpg 2048w, https:\/\/ibecbarcelona.eu\/wp-content\/uploads\/2026\/04\/XTrepat-PGuillamat-MArroyo-1200x800.jpg 1200w, https:\/\/ibecbarcelona.eu\/wp-content\/uploads\/2026\/04\/XTrepat-PGuillamat-MArroyo-600x400.jpg 600w\" data-sizes=\"(max-width: 1024px) 100vw, 1024px\" src=\"data:image\/svg+xml;base64,PHN2ZyB3aWR0aD0iMSIgaGVpZ2h0PSIxIiB4bWxucz0iaHR0cDovL3d3dy53My5vcmcvMjAwMC9zdmciPjwvc3ZnPg==\" style=\"--smush-placeholder-width: 1024px; --smush-placeholder-aspect-ratio: 1024\/683;\" \/> <\/div><div class=\"inner-post-content\"><div class=\"post-meta post-meta-category below\"><div class=\"post-meta-time-author\"><div class=\"time_meta\"><time datetime=\"2026-04-16T20:01:00+02:00\">abr. 16, 2026<\/time><\/div><\/div><div class=\"postmeta_categories\"><a href=\"https:\/\/ibecbarcelona.eu\/ca\/category\/noticies-de-recerca\/\" >Not\u00edcies de recerca<\/a><\/div><\/div><h2 class=\"post-title\"><a href=\"https:\/\/ibecbarcelona.eu\/ca\/creen-teixits-vius-capacos-de-canviar-de-forma-de-manera-programada\" target=\"_self\" rel=\"bookmark\">Creen teixits vius capa\u00e7os de canviar de forma de manera programada<\/a><\/h2><\/div><\/div><\/article><div class=\"gutentastic-pagination-loading-container\"><\/div><\/div><div class=\"gutentastic-pagination center gutentastic-pagination-arrows gutentastic-pagination-style1 ajax 0\" data-paged=\"1\"><span aria-current=\"page\" class=\"page-numbers current\">1<\/span>\n<a class=\"page-numbers\" href=\"https:\/\/ibecbarcelona.eu\/ca\/wp-json\/wp\/v2\/pages\/88883\/?paged0=2\">2<\/a>\n<a class=\"page-numbers\" href=\"https:\/\/ibecbarcelona.eu\/ca\/wp-json\/wp\/v2\/pages\/88883\/?paged0=3\">3<\/a>\n<span class=\"page-numbers dots\">&hellip;<\/span>\n<a class=\"page-numbers\" href=\"https:\/\/ibecbarcelona.eu\/ca\/wp-json\/wp\/v2\/pages\/88883\/?paged0=327\">327<\/a>\n<a class=\"next page-numbers\" href=\"https:\/\/ibecbarcelona.eu\/ca\/wp-json\/wp\/v2\/pages\/88883\/?paged0=2\"><i class=\"dashicons dashicons-arrow-right-alt2\"><\/i><\/a><\/div><\/div>","protected":false},"excerpt":{"rendered":"","protected":false},"author":26,"featured_media":0,"parent":0,"menu_order":0,"comment_status":"closed","ping_status":"closed","template":"templates\/template-onecolumn.php","meta":{"footnotes":""},"tags":[],"class_list":["post-88883","page","type-page","status-publish"],"yoast_head":"<!-- This site is optimized with the Yoast SEO plugin v27.5 - https:\/\/yoast.com\/product\/yoast-seo-wordpress\/ -->\n<title>Hello Gutenberg - Institute for Bioengineering of Catalonia<\/title>\n<meta name=\"robots\" content=\"index, follow, max-snippet:-1, max-image-preview:large, max-video-preview:-1\" \/>\n<link rel=\"canonical\" href=\"https:\/\/ibecbarcelona.eu\/ca\/hello-gutenberg\/\" \/>\n<meta property=\"og:locale\" content=\"ca_ES\" \/>\n<meta property=\"og:type\" content=\"article\" \/>\n<meta property=\"og:title\" content=\"Hello Gutenberg - Institute for Bioengineering of Catalonia\" \/>\n<meta property=\"og:url\" content=\"https:\/\/ibecbarcelona.eu\/ca\/hello-gutenberg\/\" \/>\n<meta property=\"og:site_name\" content=\"Institute for Bioengineering of Catalonia\" \/>\n<meta property=\"article:modified_time\" content=\"2021-11-28T17:13:21+00:00\" \/>\n<meta name=\"twitter:card\" content=\"summary_large_image\" \/>\n<script type=\"application\/ld+json\" class=\"yoast-schema-graph\">{\"@context\":\"https:\\\/\\\/schema.org\",\"@graph\":[{\"@type\":\"WebPage\",\"@id\":\"https:\\\/\\\/ibecbarcelona.eu\\\/ca\\\/hello-gutenberg\\\/\",\"url\":\"https:\\\/\\\/ibecbarcelona.eu\\\/ca\\\/hello-gutenberg\\\/\",\"name\":\"Hello Gutenberg - Institute for Bioengineering of Catalonia\",\"isPartOf\":{\"@id\":\"https:\\\/\\\/ibecbarcelona.eu\\\/#website\"},\"datePublished\":\"2021-11-27T19:05:34+00:00\",\"dateModified\":\"2021-11-28T17:13:21+00:00\",\"breadcrumb\":{\"@id\":\"https:\\\/\\\/ibecbarcelona.eu\\\/ca\\\/hello-gutenberg\\\/#breadcrumb\"},\"inLanguage\":\"ca\",\"potentialAction\":[{\"@type\":\"ReadAction\",\"target\":[\"https:\\\/\\\/ibecbarcelona.eu\\\/ca\\\/hello-gutenberg\\\/\"]}]},{\"@type\":\"BreadcrumbList\",\"@id\":\"https:\\\/\\\/ibecbarcelona.eu\\\/ca\\\/hello-gutenberg\\\/#breadcrumb\",\"itemListElement\":[{\"@type\":\"ListItem\",\"position\":1,\"name\":\"Home\",\"item\":\"https:\\\/\\\/ibecbarcelona.eu\\\/ca\\\/\"},{\"@type\":\"ListItem\",\"position\":2,\"name\":\"Hello Gutenberg\"}]},{\"@type\":\"WebSite\",\"@id\":\"https:\\\/\\\/ibecbarcelona.eu\\\/#website\",\"url\":\"https:\\\/\\\/ibecbarcelona.eu\\\/\",\"name\":\"Institute for Bioengineering of Catalonia\",\"description\":\"Bioengineering Solutions for Health\",\"publisher\":{\"@id\":\"https:\\\/\\\/ibecbarcelona.eu\\\/#organization\"},\"potentialAction\":[{\"@type\":\"SearchAction\",\"target\":{\"@type\":\"EntryPoint\",\"urlTemplate\":\"https:\\\/\\\/ibecbarcelona.eu\\\/?s={search_term_string}\"},\"query-input\":{\"@type\":\"PropertyValueSpecification\",\"valueRequired\":true,\"valueName\":\"search_term_string\"}}],\"inLanguage\":\"ca\"},{\"@type\":\"Organization\",\"@id\":\"https:\\\/\\\/ibecbarcelona.eu\\\/#organization\",\"name\":\"Institute for Bioengineering of Catalonia\",\"url\":\"https:\\\/\\\/ibecbarcelona.eu\\\/\",\"logo\":{\"@type\":\"ImageObject\",\"inLanguage\":\"ca\",\"@id\":\"https:\\\/\\\/ibecbarcelona.eu\\\/#\\\/schema\\\/logo\\\/image\\\/\",\"url\":\"https:\\\/\\\/ibecbarcelona.eu\\\/wp-content\\\/uploads\\\/2026\\\/01\\\/cropped-IBEC_20ANYS_GRIS.png\",\"contentUrl\":\"https:\\\/\\\/ibecbarcelona.eu\\\/wp-content\\\/uploads\\\/2026\\\/01\\\/cropped-IBEC_20ANYS_GRIS.png\",\"width\":696,\"height\":257,\"caption\":\"Institute for Bioengineering of Catalonia\"},\"image\":{\"@id\":\"https:\\\/\\\/ibecbarcelona.eu\\\/#\\\/schema\\\/logo\\\/image\\\/\"}}]}<\/script>\n<!-- \/ Yoast SEO plugin. -->","yoast_head_json":{"title":"Hello Gutenberg - Institute for Bioengineering of Catalonia","robots":{"index":"index","follow":"follow","max-snippet":"max-snippet:-1","max-image-preview":"max-image-preview:large","max-video-preview":"max-video-preview:-1"},"canonical":"https:\/\/ibecbarcelona.eu\/ca\/hello-gutenberg\/","og_locale":"ca_ES","og_type":"article","og_title":"Hello Gutenberg - Institute for Bioengineering of Catalonia","og_url":"https:\/\/ibecbarcelona.eu\/ca\/hello-gutenberg\/","og_site_name":"Institute for Bioengineering of Catalonia","article_modified_time":"2021-11-28T17:13:21+00:00","twitter_card":"summary_large_image","schema":{"@context":"https:\/\/schema.org","@graph":[{"@type":"WebPage","@id":"https:\/\/ibecbarcelona.eu\/ca\/hello-gutenberg\/","url":"https:\/\/ibecbarcelona.eu\/ca\/hello-gutenberg\/","name":"Hello Gutenberg - Institute for Bioengineering of Catalonia","isPartOf":{"@id":"https:\/\/ibecbarcelona.eu\/#website"},"datePublished":"2021-11-27T19:05:34+00:00","dateModified":"2021-11-28T17:13:21+00:00","breadcrumb":{"@id":"https:\/\/ibecbarcelona.eu\/ca\/hello-gutenberg\/#breadcrumb"},"inLanguage":"ca","potentialAction":[{"@type":"ReadAction","target":["https:\/\/ibecbarcelona.eu\/ca\/hello-gutenberg\/"]}]},{"@type":"BreadcrumbList","@id":"https:\/\/ibecbarcelona.eu\/ca\/hello-gutenberg\/#breadcrumb","itemListElement":[{"@type":"ListItem","position":1,"name":"Home","item":"https:\/\/ibecbarcelona.eu\/ca\/"},{"@type":"ListItem","position":2,"name":"Hello Gutenberg"}]},{"@type":"WebSite","@id":"https:\/\/ibecbarcelona.eu\/#website","url":"https:\/\/ibecbarcelona.eu\/","name":"Institute for Bioengineering of Catalonia","description":"Bioengineering Solutions for Health","publisher":{"@id":"https:\/\/ibecbarcelona.eu\/#organization"},"potentialAction":[{"@type":"SearchAction","target":{"@type":"EntryPoint","urlTemplate":"https:\/\/ibecbarcelona.eu\/?s={search_term_string}"},"query-input":{"@type":"PropertyValueSpecification","valueRequired":true,"valueName":"search_term_string"}}],"inLanguage":"ca"},{"@type":"Organization","@id":"https:\/\/ibecbarcelona.eu\/#organization","name":"Institute for Bioengineering of Catalonia","url":"https:\/\/ibecbarcelona.eu\/","logo":{"@type":"ImageObject","inLanguage":"ca","@id":"https:\/\/ibecbarcelona.eu\/#\/schema\/logo\/image\/","url":"https:\/\/ibecbarcelona.eu\/wp-content\/uploads\/2026\/01\/cropped-IBEC_20ANYS_GRIS.png","contentUrl":"https:\/\/ibecbarcelona.eu\/wp-content\/uploads\/2026\/01\/cropped-IBEC_20ANYS_GRIS.png","width":696,"height":257,"caption":"Institute for Bioengineering of Catalonia"},"image":{"@id":"https:\/\/ibecbarcelona.eu\/#\/schema\/logo\/image\/"}}]}},"AFP_featured_media_urls":{"full":false,"thumbnail":false,"medium":false,"medium_large":false,"large":false},"AFP_attachments":[],"AFP_videos":[],"AFP_video_blocks":"","AFP_category_names":[],"_links":{"self":[{"href":"https:\/\/ibecbarcelona.eu\/ca\/wp-json\/wp\/v2\/pages\/88883","targetHints":{"allow":["GET"]}}],"collection":[{"href":"https:\/\/ibecbarcelona.eu\/ca\/wp-json\/wp\/v2\/pages"}],"about":[{"href":"https:\/\/ibecbarcelona.eu\/ca\/wp-json\/wp\/v2\/types\/page"}],"author":[{"embeddable":true,"href":"https:\/\/ibecbarcelona.eu\/ca\/wp-json\/wp\/v2\/users\/26"}],"replies":[{"embeddable":true,"href":"https:\/\/ibecbarcelona.eu\/ca\/wp-json\/wp\/v2\/comments?post=88883"}],"version-history":[{"count":8,"href":"https:\/\/ibecbarcelona.eu\/ca\/wp-json\/wp\/v2\/pages\/88883\/revisions"}],"predecessor-version":[{"id":88898,"href":"https:\/\/ibecbarcelona.eu\/ca\/wp-json\/wp\/v2\/pages\/88883\/revisions\/88898"}],"wp:attachment":[{"href":"https:\/\/ibecbarcelona.eu\/ca\/wp-json\/wp\/v2\/media?parent=88883"}],"wp:term":[{"taxonomy":"post_tag","embeddable":true,"href":"https:\/\/ibecbarcelona.eu\/ca\/wp-json\/wp\/v2\/tags?post=88883"}],"curies":[{"name":"wp","href":"https:\/\/api.w.org\/{rel}","templated":true}]}}