
{"id":92037,"date":"2022-01-28T10:20:13","date_gmt":"2022-01-28T09:20:13","guid":{"rendered":"https:\/\/testweb.ibecbarcelona.eu\/open-science\/"},"modified":"2026-04-01T11:38:35","modified_gmt":"2026-04-01T09:38:35","slug":"open-science","status":"publish","type":"page","link":"https:\/\/ibecbarcelona.eu\/ca\/ciencia-oberta\/","title":{"rendered":"Ci\u00e8ncia Oberta"},"content":{"rendered":"\n<blockquote class=\"wp-block-quote is-layout-flow wp-block-quote-is-layout-flow\">\n<p><em>La ci\u00e8ncia oberta \u00e9s l&#8217;impuls per fer que la recerca cient\u00edfica i la seva difusi\u00f3 siguin accessibles a tots els nivells de la societat. <\/em><\/p>\n<\/blockquote>\n\n\n\n<p>La ci\u00e8ncia oberta \u00e9s un coneixement transparent i accessible que es comparteix i es desenvolupa a trav\u00e9s de xarxes col\u00b7laboratives. Engloba pr\u00e0ctiques com la publicaci\u00f3 en acc\u00e9s obert, dades FAIR, difusi\u00f3 m\u00e9s \u00e0mplia i participaci\u00f3 en la ci\u00e8ncia i, en general, facilitar la publicaci\u00f3, l&#8217;acc\u00e9s i la comunicaci\u00f3 del coneixement cient\u00edfic.<\/p>\n\n\n\n<div style=\"height:20px\" aria-hidden=\"true\" class=\"wp-block-spacer\"><\/div>\n\n\n\n<p>L&#8217;<strong>Institut de Bioenginyeria de Catalunya<\/strong> est\u00e0 plenament comprom\u00e8s amb la Ci\u00e8ncia Oberta. Aquest espai virtual \u00e9s un punt d&#8217;acc\u00e9s p\u00fablic a tota la documentaci\u00f3 i iniciatives que es duen a terme per promoure la implementaci\u00f3 de la ci\u00e8ncia oberta.<\/p>\n\n\n\n<figure class=\"wp-block-gallery has-nested-images columns-default is-cropped wp-block-gallery-1 is-layout-flex wp-block-gallery-is-layout-flex\">\n<figure class=\"wp-block-image size-large\"><a href=\"https:\/\/ibecbarcelona.eu\/open-science\/strategy-and-policies-at-ibec\/\"><img decoding=\"async\" width=\"500\" height=\"500\" data-id=\"101686\" data-src=\"https:\/\/ibecbarcelona.eu\/wp-content\/uploads\/2022\/11\/1x1_strategy.jpg\" alt=\"\" class=\"wp-image-101686 lazyload\" data-srcset=\"https:\/\/ibecbarcelona.eu\/wp-content\/uploads\/2022\/11\/1x1_strategy.jpg 500w, https:\/\/ibecbarcelona.eu\/wp-content\/uploads\/2022\/11\/1x1_strategy-300x300.jpg 300w, https:\/\/ibecbarcelona.eu\/wp-content\/uploads\/2022\/11\/1x1_strategy-150x150.jpg 150w\" data-sizes=\"(max-width: 500px) 100vw, 500px\" src=\"data:image\/svg+xml;base64,PHN2ZyB3aWR0aD0iMSIgaGVpZ2h0PSIxIiB4bWxucz0iaHR0cDovL3d3dy53My5vcmcvMjAwMC9zdmciPjwvc3ZnPg==\" style=\"--smush-placeholder-width: 500px; --smush-placeholder-aspect-ratio: 500\/500;\" \/><\/a><figcaption class=\"wp-element-caption\"><mark style=\"background-color:var(--accent)\" class=\"has-inline-color\">                              <\/mark><mark style=\"background-color:var(--accent)\" class=\"has-inline-color has-base-2-color\"> ESTRAT\u00c8GIA I POL\u00cdTIQUES<strong>    <\/strong><\/mark><mark style=\"background-color:var(--accent)\" class=\"has-inline-color\"><strong>              <\/strong><\/mark><mark style=\"background-color:rgba(0, 0, 0, 0)\" class=\"has-inline-color has-base-3-color\"><strong>             <\/strong> <\/mark>     <\/figcaption><\/figure>\n\n\n\n<figure class=\"wp-block-image size-large\"><a href=\"https:\/\/ibecbarcelona.eu\/open-science\/training-for-researchers\/\" target=\"_blank\" rel=\"noreferrer noopener\"><img decoding=\"async\" width=\"500\" height=\"500\" data-id=\"101689\" data-src=\"https:\/\/ibecbarcelona.eu\/wp-content\/uploads\/2022\/11\/1x1_training.jpg\" alt=\"\" class=\"wp-image-101689 lazyload\" data-srcset=\"https:\/\/ibecbarcelona.eu\/wp-content\/uploads\/2022\/11\/1x1_training.jpg 500w, https:\/\/ibecbarcelona.eu\/wp-content\/uploads\/2022\/11\/1x1_training-300x300.jpg 300w, https:\/\/ibecbarcelona.eu\/wp-content\/uploads\/2022\/11\/1x1_training-150x150.jpg 150w\" data-sizes=\"(max-width: 500px) 100vw, 500px\" src=\"data:image\/svg+xml;base64,PHN2ZyB3aWR0aD0iMSIgaGVpZ2h0PSIxIiB4bWxucz0iaHR0cDovL3d3dy53My5vcmcvMjAwMC9zdmciPjwvc3ZnPg==\" style=\"--smush-placeholder-width: 500px; --smush-placeholder-aspect-ratio: 500\/500;\" \/><\/a><figcaption class=\"wp-element-caption\"><mark style=\"background-color:var(--accent)\" class=\"has-inline-color has-base-3-color\"><strong>               FORMACI\u00d3 PER A INVESTIGADORS            <\/strong><\/mark>     <\/figcaption><\/figure>\n\n\n\n<figure class=\"wp-block-image size-large is-style-default\"><a href=\"https:\/\/ibecbarcelona.eu\/open-science\/science-education\/\" target=\"_blank\" rel=\"noreferrer noopener\"><img decoding=\"async\" width=\"500\" height=\"500\" data-id=\"97090\" data-src=\"https:\/\/ibecbarcelona.eu\/wp-content\/uploads\/2022\/07\/1X1_education.jpg\" alt=\"\" class=\"wp-image-97090 lazyload\" data-srcset=\"https:\/\/ibecbarcelona.eu\/wp-content\/uploads\/2022\/07\/1X1_education.jpg 500w, https:\/\/ibecbarcelona.eu\/wp-content\/uploads\/2022\/07\/1X1_education-300x300.jpg 300w, https:\/\/ibecbarcelona.eu\/wp-content\/uploads\/2022\/07\/1X1_education-150x150.jpg 150w\" data-sizes=\"(max-width: 500px) 100vw, 500px\" src=\"data:image\/svg+xml;base64,PHN2ZyB3aWR0aD0iMSIgaGVpZ2h0PSIxIiB4bWxucz0iaHR0cDovL3d3dy53My5vcmcvMjAwMC9zdmciPjwvc3ZnPg==\" style=\"--smush-placeholder-width: 500px; --smush-placeholder-aspect-ratio: 500\/500;\" \/><\/a><figcaption class=\"wp-element-caption\">     <mark style=\"background-color:var(--accent)\" class=\"has-inline-color has-base-3-color\">                               EDUCACI\u00d3 CIENT\u00cdFICA                    <\/mark><\/figcaption><\/figure>\n\n\n\n<figure class=\"wp-block-image size-large is-style-default\"><a href=\"https:\/\/ibecbarcelona.eu\/open-science\/open-access-publications\/\" target=\"_blank\" rel=\"noreferrer noopener\"><img decoding=\"async\" width=\"500\" height=\"500\" data-id=\"97096\" data-src=\"https:\/\/ibecbarcelona.eu\/wp-content\/uploads\/2022\/07\/1X1_publications.jpg\" alt=\"\" class=\"wp-image-97096 lazyload\" data-srcset=\"https:\/\/ibecbarcelona.eu\/wp-content\/uploads\/2022\/07\/1X1_publications.jpg 500w, https:\/\/ibecbarcelona.eu\/wp-content\/uploads\/2022\/07\/1X1_publications-300x300.jpg 300w, https:\/\/ibecbarcelona.eu\/wp-content\/uploads\/2022\/07\/1X1_publications-150x150.jpg 150w\" data-sizes=\"(max-width: 500px) 100vw, 500px\" src=\"data:image\/svg+xml;base64,PHN2ZyB3aWR0aD0iMSIgaGVpZ2h0PSIxIiB4bWxucz0iaHR0cDovL3d3dy53My5vcmcvMjAwMC9zdmciPjwvc3ZnPg==\" style=\"--smush-placeholder-width: 500px; --smush-placeholder-aspect-ratio: 500\/500;\" \/><\/a><figcaption class=\"wp-element-caption\"><mark style=\"background-color:var(--accent)\" class=\"has-inline-color has-base-3-color\">               ACC\u00c9S OBERT A LES PUBLICACIONS<\/mark>  <\/figcaption><\/figure>\n\n\n\n<figure class=\"wp-block-image size-large is-style-default\"><a href=\"https:\/\/ibecbarcelona.eu\/open-science\/research-data\/\" target=\"_blank\" rel=\"noreferrer noopener\"><img decoding=\"async\" width=\"500\" height=\"500\" data-id=\"97087\" data-src=\"https:\/\/ibecbarcelona.eu\/wp-content\/uploads\/2022\/07\/1X1_dates.jpg\" alt=\"\" class=\"wp-image-97087 lazyload\" data-srcset=\"https:\/\/ibecbarcelona.eu\/wp-content\/uploads\/2022\/07\/1X1_dates.jpg 500w, https:\/\/ibecbarcelona.eu\/wp-content\/uploads\/2022\/07\/1X1_dates-300x300.jpg 300w, https:\/\/ibecbarcelona.eu\/wp-content\/uploads\/2022\/07\/1X1_dates-150x150.jpg 150w\" data-sizes=\"(max-width: 500px) 100vw, 500px\" src=\"data:image\/svg+xml;base64,PHN2ZyB3aWR0aD0iMSIgaGVpZ2h0PSIxIiB4bWxucz0iaHR0cDovL3d3dy53My5vcmcvMjAwMC9zdmciPjwvc3ZnPg==\" style=\"--smush-placeholder-width: 500px; --smush-placeholder-aspect-ratio: 500\/500;\" \/><\/a><figcaption class=\"wp-element-caption\"> <mark style=\"background-color:var(--accent)\" class=\"has-inline-color has-base-3-color\">                          <strong>             DADES DE RECERCA <\/strong>                       <\/mark><\/figcaption><\/figure>\n\n\n\n<figure class=\"wp-block-image size-large is-style-default\"><a href=\"https:\/\/ibecbarcelona.eu\/open-science\/citizen-science\/\" target=\"_blank\" rel=\"noreferrer noopener\"><img decoding=\"async\" width=\"500\" height=\"500\" data-id=\"97084\" data-src=\"https:\/\/ibecbarcelona.eu\/wp-content\/uploads\/2022\/07\/1X1_citizen-science.jpg\" alt=\"\" class=\"wp-image-97084 lazyload\" data-srcset=\"https:\/\/ibecbarcelona.eu\/wp-content\/uploads\/2022\/07\/1X1_citizen-science.jpg 500w, https:\/\/ibecbarcelona.eu\/wp-content\/uploads\/2022\/07\/1X1_citizen-science-300x300.jpg 300w, https:\/\/ibecbarcelona.eu\/wp-content\/uploads\/2022\/07\/1X1_citizen-science-150x150.jpg 150w\" data-sizes=\"(max-width: 500px) 100vw, 500px\" src=\"data:image\/svg+xml;base64,PHN2ZyB3aWR0aD0iMSIgaGVpZ2h0PSIxIiB4bWxucz0iaHR0cDovL3d3dy53My5vcmcvMjAwMC9zdmciPjwvc3ZnPg==\" style=\"--smush-placeholder-width: 500px; --smush-placeholder-aspect-ratio: 500\/500;\" \/><\/a><figcaption class=\"wp-element-caption\"><mark style=\"background-color:var(--accent)\" class=\"has-inline-color has-base-3-color\">                        <strong>              CI\u00c8NCIA CIUTADANA<\/strong>                         <\/mark><\/figcaption><\/figure>\n\n\n\n<figure class=\"wp-block-image size-large is-style-default\"><a href=\"https:\/\/divulga.ibecbarcelona.eu\/\" target=\"_blank\" rel=\"noreferrer noopener\"><img decoding=\"async\" width=\"500\" height=\"500\" data-id=\"97093\" data-src=\"https:\/\/ibecbarcelona.eu\/wp-content\/uploads\/2022\/07\/1X1_oureach.jpg\" alt=\"\" class=\"wp-image-97093 lazyload\" data-srcset=\"https:\/\/ibecbarcelona.eu\/wp-content\/uploads\/2022\/07\/1X1_oureach.jpg 500w, https:\/\/ibecbarcelona.eu\/wp-content\/uploads\/2022\/07\/1X1_oureach-300x300.jpg 300w, https:\/\/ibecbarcelona.eu\/wp-content\/uploads\/2022\/07\/1X1_oureach-150x150.jpg 150w\" data-sizes=\"(max-width: 500px) 100vw, 500px\" src=\"data:image\/svg+xml;base64,PHN2ZyB3aWR0aD0iMSIgaGVpZ2h0PSIxIiB4bWxucz0iaHR0cDovL3d3dy53My5vcmcvMjAwMC9zdmciPjwvc3ZnPg==\" style=\"--smush-placeholder-width: 500px; --smush-placeholder-aspect-ratio: 500\/500;\" \/><\/a><figcaption class=\"wp-element-caption\"><mark style=\"background-color:var(--accent)\" class=\"has-inline-color has-base-3-color\">                                  DIVULFACI\u00d3 CIENT\u00cdFICA<strong>                              <\/strong> <\/mark><\/figcaption><\/figure>\n\n\n\n<figure class=\"wp-block-image size-large is-style-default\"><a href=\"https:\/\/ibecbarcelona.eu\/ca\/sobre-nosaltres\/transparencia\/\" target=\"_blank\" rel=\"noreferrer noopener\"><img decoding=\"async\" width=\"500\" height=\"500\" data-id=\"97099\" data-src=\"https:\/\/ibecbarcelona.eu\/wp-content\/uploads\/2022\/07\/1X1_transparency.jpg\" alt=\"\" class=\"wp-image-97099 lazyload\" data-srcset=\"https:\/\/ibecbarcelona.eu\/wp-content\/uploads\/2022\/07\/1X1_transparency.jpg 500w, https:\/\/ibecbarcelona.eu\/wp-content\/uploads\/2022\/07\/1X1_transparency-300x300.jpg 300w, https:\/\/ibecbarcelona.eu\/wp-content\/uploads\/2022\/07\/1X1_transparency-150x150.jpg 150w\" data-sizes=\"(max-width: 500px) 100vw, 500px\" src=\"data:image\/svg+xml;base64,PHN2ZyB3aWR0aD0iMSIgaGVpZ2h0PSIxIiB4bWxucz0iaHR0cDovL3d3dy53My5vcmcvMjAwMC9zdmciPjwvc3ZnPg==\" style=\"--smush-placeholder-width: 500px; --smush-placeholder-aspect-ratio: 500\/500;\" \/><\/a><figcaption class=\"wp-element-caption\"><mark style=\"background-color:var(--accent)\" class=\"has-inline-color has-base-3-color\"> <strong>                                           TRANSPAR\u00c8NCIA<\/strong>                         <\/mark><\/figcaption><\/figure>\n\n\n\n<figure class=\"wp-block-image size-large\"><a href=\"https:\/\/ibecbarcelona.eu\/open-science\/external-resources-on-open-science\/\" target=\"_blank\" rel=\"noreferrer noopener\"><img decoding=\"async\" width=\"500\" height=\"500\" data-id=\"101683\" data-src=\"https:\/\/ibecbarcelona.eu\/wp-content\/uploads\/2022\/11\/1x1_externalresources.jpg\" alt=\"\" class=\"wp-image-101683 lazyload\" data-srcset=\"https:\/\/ibecbarcelona.eu\/wp-content\/uploads\/2022\/11\/1x1_externalresources.jpg 500w, https:\/\/ibecbarcelona.eu\/wp-content\/uploads\/2022\/11\/1x1_externalresources-300x300.jpg 300w, https:\/\/ibecbarcelona.eu\/wp-content\/uploads\/2022\/11\/1x1_externalresources-150x150.jpg 150w\" data-sizes=\"(max-width: 500px) 100vw, 500px\" src=\"data:image\/svg+xml;base64,PHN2ZyB3aWR0aD0iMSIgaGVpZ2h0PSIxIiB4bWxucz0iaHR0cDovL3d3dy53My5vcmcvMjAwMC9zdmciPjwvc3ZnPg==\" style=\"--smush-placeholder-width: 500px; --smush-placeholder-aspect-ratio: 500\/500;\" \/><\/a><figcaption class=\"wp-element-caption\"><mark style=\"background-color:var(--accent)\" class=\"has-inline-color has-base-3-color\"><strong>                                       RECURSOS EXTERNS<\/strong>                   <\/mark><\/figcaption><\/figure>\n<\/figure>\n","protected":false},"excerpt":{"rendered":"<p>La ci\u00e8ncia oberta \u00e9s l&#8217;impuls per fer que la recerca cient\u00edfica i la seva difusi\u00f3 siguin accessibles a tots els nivells de la societat. La ci\u00e8ncia oberta \u00e9s un coneixement &#8230; <a title=\"Ci\u00e8ncia Oberta\" class=\"read-more\" href=\"https:\/\/ibecbarcelona.eu\/ca\/ciencia-oberta\/\" aria-label=\"More on Ci\u00e8ncia Oberta\">Read more<\/a><\/p>\n","protected":false},"author":4,"featured_media":97247,"parent":17491,"menu_order":0,"comment_status":"closed","ping_status":"closed","template":"","meta":{"footnotes":""},"tags":[1854],"class_list":["post-92037","page","type-page","status-publish","has-post-thumbnail","tag-ciencia-oberta"],"yoast_head":"<!-- This site is optimized with the Yoast SEO plugin v27.4 - https:\/\/yoast.com\/product\/yoast-seo-wordpress\/ -->\n<title>Ci\u00e8ncia Oberta - Institute for Bioengineering of Catalonia<\/title>\n<meta name=\"robots\" content=\"index, follow, max-snippet:-1, max-image-preview:large, max-video-preview:-1\" \/>\n<link rel=\"canonical\" href=\"https:\/\/ibecbarcelona.eu\/ca\/ciencia-oberta\/\" \/>\n<meta property=\"og:locale\" content=\"ca_ES\" \/>\n<meta property=\"og:type\" content=\"article\" \/>\n<meta property=\"og:title\" content=\"Ci\u00e8ncia Oberta - Institute for Bioengineering of Catalonia\" \/>\n<meta property=\"og:description\" content=\"La ci\u00e8ncia oberta \u00e9s l&#8217;impuls per fer que la recerca cient\u00edfica i la seva difusi\u00f3 siguin accessibles a tots els nivells de la societat. La ci\u00e8ncia oberta \u00e9s un coneixement ... Read more\" \/>\n<meta property=\"og:url\" content=\"https:\/\/ibecbarcelona.eu\/ca\/ciencia-oberta\/\" \/>\n<meta property=\"og:site_name\" content=\"Institute for Bioengineering of Catalonia\" \/>\n<meta property=\"article:modified_time\" content=\"2026-04-01T09:38:35+00:00\" \/>\n<meta property=\"og:image\" content=\"https:\/\/ibecbarcelona.eu\/wp-content\/uploads\/2022\/07\/4X1_open-science.jpg\" \/>\n\t<meta property=\"og:image:width\" content=\"2000\" \/>\n\t<meta property=\"og:image:height\" content=\"400\" \/>\n\t<meta property=\"og:image:type\" content=\"image\/jpeg\" \/>\n<meta name=\"twitter:card\" content=\"summary_large_image\" \/>\n<meta name=\"twitter:label1\" content=\"Temps estimat de lectura\" \/>\n\t<meta name=\"twitter:data1\" content=\"3 minuts\" \/>\n<script type=\"application\/ld+json\" class=\"yoast-schema-graph\">{\"@context\":\"https:\\\/\\\/schema.org\",\"@graph\":[{\"@type\":\"WebPage\",\"@id\":\"https:\\\/\\\/ibecbarcelona.eu\\\/ca\\\/ciencia-oberta\\\/\",\"url\":\"https:\\\/\\\/ibecbarcelona.eu\\\/ca\\\/ciencia-oberta\\\/\",\"name\":\"Ci\u00e8ncia Oberta - Institute for Bioengineering of Catalonia\",\"isPartOf\":{\"@id\":\"https:\\\/\\\/ibecbarcelona.eu\\\/#website\"},\"primaryImageOfPage\":{\"@id\":\"https:\\\/\\\/ibecbarcelona.eu\\\/ca\\\/ciencia-oberta\\\/#primaryimage\"},\"image\":{\"@id\":\"https:\\\/\\\/ibecbarcelona.eu\\\/ca\\\/ciencia-oberta\\\/#primaryimage\"},\"thumbnailUrl\":\"https:\\\/\\\/ibecbarcelona.eu\\\/wp-content\\\/uploads\\\/2022\\\/07\\\/4X1_open-science.jpg\",\"datePublished\":\"2022-01-28T09:20:13+00:00\",\"dateModified\":\"2026-04-01T09:38:35+00:00\",\"breadcrumb\":{\"@id\":\"https:\\\/\\\/ibecbarcelona.eu\\\/ca\\\/ciencia-oberta\\\/#breadcrumb\"},\"inLanguage\":\"ca\",\"potentialAction\":[{\"@type\":\"ReadAction\",\"target\":[\"https:\\\/\\\/ibecbarcelona.eu\\\/ca\\\/ciencia-oberta\\\/\"]}]},{\"@type\":\"ImageObject\",\"inLanguage\":\"ca\",\"@id\":\"https:\\\/\\\/ibecbarcelona.eu\\\/ca\\\/ciencia-oberta\\\/#primaryimage\",\"url\":\"https:\\\/\\\/ibecbarcelona.eu\\\/wp-content\\\/uploads\\\/2022\\\/07\\\/4X1_open-science.jpg\",\"contentUrl\":\"https:\\\/\\\/ibecbarcelona.eu\\\/wp-content\\\/uploads\\\/2022\\\/07\\\/4X1_open-science.jpg\",\"width\":2000,\"height\":400},{\"@type\":\"BreadcrumbList\",\"@id\":\"https:\\\/\\\/ibecbarcelona.eu\\\/ca\\\/ciencia-oberta\\\/#breadcrumb\",\"itemListElement\":[{\"@type\":\"ListItem\",\"position\":1,\"name\":\"Home\",\"item\":\"https:\\\/\\\/ibecbarcelona.eu\\\/ca\\\/\"},{\"@type\":\"ListItem\",\"position\":2,\"name\":\"Societat i Ci\u00e8ncia\",\"item\":\"https:\\\/\\\/ibecbarcelona.eu\\\/ca\\\/societat-i-ciencia\\\/\"},{\"@type\":\"ListItem\",\"position\":3,\"name\":\"Ci\u00e8ncia Oberta\"}]},{\"@type\":\"WebSite\",\"@id\":\"https:\\\/\\\/ibecbarcelona.eu\\\/#website\",\"url\":\"https:\\\/\\\/ibecbarcelona.eu\\\/\",\"name\":\"Institute for Bioengineering of Catalonia\",\"description\":\"Bioengineering Solutions for Health\",\"publisher\":{\"@id\":\"https:\\\/\\\/ibecbarcelona.eu\\\/#organization\"},\"potentialAction\":[{\"@type\":\"SearchAction\",\"target\":{\"@type\":\"EntryPoint\",\"urlTemplate\":\"https:\\\/\\\/ibecbarcelona.eu\\\/?s={search_term_string}\"},\"query-input\":{\"@type\":\"PropertyValueSpecification\",\"valueRequired\":true,\"valueName\":\"search_term_string\"}}],\"inLanguage\":\"ca\"},{\"@type\":\"Organization\",\"@id\":\"https:\\\/\\\/ibecbarcelona.eu\\\/#organization\",\"name\":\"Institute for Bioengineering of Catalonia\",\"url\":\"https:\\\/\\\/ibecbarcelona.eu\\\/\",\"logo\":{\"@type\":\"ImageObject\",\"inLanguage\":\"ca\",\"@id\":\"https:\\\/\\\/ibecbarcelona.eu\\\/#\\\/schema\\\/logo\\\/image\\\/\",\"url\":\"https:\\\/\\\/ibecbarcelona.eu\\\/wp-content\\\/uploads\\\/2026\\\/01\\\/cropped-IBEC_20ANYS_GRIS.png\",\"contentUrl\":\"https:\\\/\\\/ibecbarcelona.eu\\\/wp-content\\\/uploads\\\/2026\\\/01\\\/cropped-IBEC_20ANYS_GRIS.png\",\"width\":696,\"height\":257,\"caption\":\"Institute for Bioengineering of Catalonia\"},\"image\":{\"@id\":\"https:\\\/\\\/ibecbarcelona.eu\\\/#\\\/schema\\\/logo\\\/image\\\/\"}}]}<\/script>\n<!-- \/ Yoast SEO plugin. -->","yoast_head_json":{"title":"Ci\u00e8ncia Oberta - Institute for Bioengineering of Catalonia","robots":{"index":"index","follow":"follow","max-snippet":"max-snippet:-1","max-image-preview":"max-image-preview:large","max-video-preview":"max-video-preview:-1"},"canonical":"https:\/\/ibecbarcelona.eu\/ca\/ciencia-oberta\/","og_locale":"ca_ES","og_type":"article","og_title":"Ci\u00e8ncia Oberta - Institute for Bioengineering of Catalonia","og_description":"La ci\u00e8ncia oberta \u00e9s l&#8217;impuls per fer que la recerca cient\u00edfica i la seva difusi\u00f3 siguin accessibles a tots els nivells de la societat. La ci\u00e8ncia oberta \u00e9s un coneixement ... Read more","og_url":"https:\/\/ibecbarcelona.eu\/ca\/ciencia-oberta\/","og_site_name":"Institute for Bioengineering of Catalonia","article_modified_time":"2026-04-01T09:38:35+00:00","og_image":[{"width":2000,"height":400,"url":"https:\/\/ibecbarcelona.eu\/wp-content\/uploads\/2022\/07\/4X1_open-science.jpg","type":"image\/jpeg"}],"twitter_card":"summary_large_image","twitter_misc":{"Temps estimat de lectura":"3 minuts"},"schema":{"@context":"https:\/\/schema.org","@graph":[{"@type":"WebPage","@id":"https:\/\/ibecbarcelona.eu\/ca\/ciencia-oberta\/","url":"https:\/\/ibecbarcelona.eu\/ca\/ciencia-oberta\/","name":"Ci\u00e8ncia Oberta - Institute for Bioengineering of Catalonia","isPartOf":{"@id":"https:\/\/ibecbarcelona.eu\/#website"},"primaryImageOfPage":{"@id":"https:\/\/ibecbarcelona.eu\/ca\/ciencia-oberta\/#primaryimage"},"image":{"@id":"https:\/\/ibecbarcelona.eu\/ca\/ciencia-oberta\/#primaryimage"},"thumbnailUrl":"https:\/\/ibecbarcelona.eu\/wp-content\/uploads\/2022\/07\/4X1_open-science.jpg","datePublished":"2022-01-28T09:20:13+00:00","dateModified":"2026-04-01T09:38:35+00:00","breadcrumb":{"@id":"https:\/\/ibecbarcelona.eu\/ca\/ciencia-oberta\/#breadcrumb"},"inLanguage":"ca","potentialAction":[{"@type":"ReadAction","target":["https:\/\/ibecbarcelona.eu\/ca\/ciencia-oberta\/"]}]},{"@type":"ImageObject","inLanguage":"ca","@id":"https:\/\/ibecbarcelona.eu\/ca\/ciencia-oberta\/#primaryimage","url":"https:\/\/ibecbarcelona.eu\/wp-content\/uploads\/2022\/07\/4X1_open-science.jpg","contentUrl":"https:\/\/ibecbarcelona.eu\/wp-content\/uploads\/2022\/07\/4X1_open-science.jpg","width":2000,"height":400},{"@type":"BreadcrumbList","@id":"https:\/\/ibecbarcelona.eu\/ca\/ciencia-oberta\/#breadcrumb","itemListElement":[{"@type":"ListItem","position":1,"name":"Home","item":"https:\/\/ibecbarcelona.eu\/ca\/"},{"@type":"ListItem","position":2,"name":"Societat i Ci\u00e8ncia","item":"https:\/\/ibecbarcelona.eu\/ca\/societat-i-ciencia\/"},{"@type":"ListItem","position":3,"name":"Ci\u00e8ncia Oberta"}]},{"@type":"WebSite","@id":"https:\/\/ibecbarcelona.eu\/#website","url":"https:\/\/ibecbarcelona.eu\/","name":"Institute for Bioengineering of Catalonia","description":"Bioengineering Solutions for Health","publisher":{"@id":"https:\/\/ibecbarcelona.eu\/#organization"},"potentialAction":[{"@type":"SearchAction","target":{"@type":"EntryPoint","urlTemplate":"https:\/\/ibecbarcelona.eu\/?s={search_term_string}"},"query-input":{"@type":"PropertyValueSpecification","valueRequired":true,"valueName":"search_term_string"}}],"inLanguage":"ca"},{"@type":"Organization","@id":"https:\/\/ibecbarcelona.eu\/#organization","name":"Institute for Bioengineering of Catalonia","url":"https:\/\/ibecbarcelona.eu\/","logo":{"@type":"ImageObject","inLanguage":"ca","@id":"https:\/\/ibecbarcelona.eu\/#\/schema\/logo\/image\/","url":"https:\/\/ibecbarcelona.eu\/wp-content\/uploads\/2026\/01\/cropped-IBEC_20ANYS_GRIS.png","contentUrl":"https:\/\/ibecbarcelona.eu\/wp-content\/uploads\/2026\/01\/cropped-IBEC_20ANYS_GRIS.png","width":696,"height":257,"caption":"Institute for Bioengineering of Catalonia"},"image":{"@id":"https:\/\/ibecbarcelona.eu\/#\/schema\/logo\/image\/"}}]}},"AFP_featured_media_urls":{"full":["https:\/\/ibecbarcelona.eu\/wp-content\/uploads\/2022\/07\/4X1_open-science.jpg",2000,400,false],"thumbnail":["https:\/\/ibecbarcelona.eu\/wp-content\/uploads\/2022\/07\/4X1_open-science-150x150.jpg",150,150,true],"medium":["https:\/\/ibecbarcelona.eu\/wp-content\/uploads\/2022\/07\/4X1_open-science-300x60.jpg",300,60,true],"medium_large":["https:\/\/ibecbarcelona.eu\/wp-content\/uploads\/2022\/07\/4X1_open-science-768x154.jpg",768,154,true],"large":["https:\/\/ibecbarcelona.eu\/wp-content\/uploads\/2022\/07\/4X1_open-science-1024x205.jpg",1024,205,true]},"AFP_attachments":{"full":["https:\/\/ibecbarcelona.eu\/wp-content\/uploads\/2022\/07\/publications-an-scientifc.png",413,422,false],"thumbnail":["https:\/\/ibecbarcelona.eu\/wp-content\/uploads\/2022\/07\/publications-an-scientifc-150x150.png",150,150,true],"medium":["https:\/\/ibecbarcelona.eu\/wp-content\/uploads\/2022\/07\/publications-an-scientifc-294x300.png",294,300,true],"medium_large":["https:\/\/ibecbarcelona.eu\/wp-content\/uploads\/2022\/07\/publications-an-scientifc.png",413,422,false],"large":["https:\/\/ibecbarcelona.eu\/wp-content\/uploads\/2022\/07\/publications-an-scientifc.png",413,422,false]},"AFP_videos":[],"AFP_video_blocks":"","AFP_category_names":[],"_links":{"self":[{"href":"https:\/\/ibecbarcelona.eu\/ca\/wp-json\/wp\/v2\/pages\/92037","targetHints":{"allow":["GET"]}}],"collection":[{"href":"https:\/\/ibecbarcelona.eu\/ca\/wp-json\/wp\/v2\/pages"}],"about":[{"href":"https:\/\/ibecbarcelona.eu\/ca\/wp-json\/wp\/v2\/types\/page"}],"author":[{"embeddable":true,"href":"https:\/\/ibecbarcelona.eu\/ca\/wp-json\/wp\/v2\/users\/4"}],"replies":[{"embeddable":true,"href":"https:\/\/ibecbarcelona.eu\/ca\/wp-json\/wp\/v2\/comments?post=92037"}],"version-history":[{"count":51,"href":"https:\/\/ibecbarcelona.eu\/ca\/wp-json\/wp\/v2\/pages\/92037\/revisions"}],"predecessor-version":[{"id":133102,"href":"https:\/\/ibecbarcelona.eu\/ca\/wp-json\/wp\/v2\/pages\/92037\/revisions\/133102"}],"up":[{"embeddable":true,"href":"https:\/\/ibecbarcelona.eu\/ca\/wp-json\/wp\/v2\/pages\/17491"}],"wp:featuredmedia":[{"embeddable":true,"href":"https:\/\/ibecbarcelona.eu\/ca\/wp-json\/wp\/v2\/media\/97247"}],"wp:attachment":[{"href":"https:\/\/ibecbarcelona.eu\/ca\/wp-json\/wp\/v2\/media?parent=92037"}],"wp:term":[{"taxonomy":"post_tag","embeddable":true,"href":"https:\/\/ibecbarcelona.eu\/ca\/wp-json\/wp\/v2\/tags?post=92037"}],"curies":[{"name":"wp","href":"https:\/\/api.w.org\/{rel}","templated":true}]}}