
{"id":9644,"date":"2014-08-05T08:33:00","date_gmt":"2014-08-05T06:33:00","guid":{"rendered":"http:\/\/ibecbarcelona.eu\/new\/?page_id=9644"},"modified":"2018-02-02T10:38:52","modified_gmt":"2018-02-02T09:38:52","slug":"contact","status":"publish","type":"page","link":"https:\/\/ibecbarcelona.eu\/ca\/contact\/","title":{"rendered":"Contacte"},"content":{"rendered":"<hr \/>\n<p><a href=\"https:\/\/ibecbarcelona.eu\/wp-content\/uploads\/2018\/02\/mappcb2018.jpg\"><img decoding=\"async\" class=\"wp-image-57531 size-full alignright lazyload\" style=\"--smush-placeholder-width: 600px; --smush-placeholder-aspect-ratio: 600\/600;margin-top: 10px;\" data-src=\"https:\/\/ibecbarcelona.eu\/wp-content\/uploads\/2018\/02\/mappcb2018.jpg\" alt=\"\" width=\"600\" height=\"600\" data-srcset=\"https:\/\/ibecbarcelona.eu\/wp-content\/uploads\/2018\/02\/mappcb2018.jpg 600w, https:\/\/ibecbarcelona.eu\/wp-content\/uploads\/2018\/02\/mappcb2018-150x150.jpg 150w, https:\/\/ibecbarcelona.eu\/wp-content\/uploads\/2018\/02\/mappcb2018-300x300.jpg 300w, https:\/\/ibecbarcelona.eu\/wp-content\/uploads\/2018\/02\/mappcb2018-130x130.jpg 130w, https:\/\/ibecbarcelona.eu\/wp-content\/uploads\/2018\/02\/mappcb2018-45x45.jpg 45w\" data-sizes=\"(max-width: 600px) 100vw, 600px\" src=\"data:image\/svg+xml;base64,PHN2ZyB3aWR0aD0iMSIgaGVpZ2h0PSIxIiB4bWxucz0iaHR0cDovL3d3dy53My5vcmcvMjAwMC9zdmciPjwvc3ZnPg==\" \/><\/a><br \/>\n<a href=\"https:\/\/ibecbarcelona.eu\/wp-content\/uploads\/2018\/02\/mapbesos2018.jpg\"><img decoding=\"async\" class=\"alignright size-full wp-image-57530 lazyload\" data-src=\"https:\/\/ibecbarcelona.eu\/wp-content\/uploads\/2018\/02\/mapbesos2018.jpg\" alt=\"\" width=\"600\" height=\"600\" data-srcset=\"https:\/\/ibecbarcelona.eu\/wp-content\/uploads\/2018\/02\/mapbesos2018.jpg 600w, https:\/\/ibecbarcelona.eu\/wp-content\/uploads\/2018\/02\/mapbesos2018-150x150.jpg 150w, https:\/\/ibecbarcelona.eu\/wp-content\/uploads\/2018\/02\/mapbesos2018-300x300.jpg 300w, https:\/\/ibecbarcelona.eu\/wp-content\/uploads\/2018\/02\/mapbesos2018-130x130.jpg 130w, https:\/\/ibecbarcelona.eu\/wp-content\/uploads\/2018\/02\/mapbesos2018-45x45.jpg 45w\" data-sizes=\"(max-width: 600px) 100vw, 600px\" src=\"data:image\/svg+xml;base64,PHN2ZyB3aWR0aD0iMSIgaGVpZ2h0PSIxIiB4bWxucz0iaHR0cDovL3d3dy53My5vcmcvMjAwMC9zdmciPjwvc3ZnPg==\" style=\"--smush-placeholder-width: 600px; --smush-placeholder-aspect-ratio: 600\/600;\" \/><\/a><\/p>\n<h5>Administraci\u00f3<\/h5>\n<p style=\"padding-left: 30px;\">Parc Cient\u00edfic de Barcelona (PCB)<br \/>\nEdifici Cl\u00faster<br \/>\nc\/ Baldiri Reixac 10-12<br \/>\n08028 Barcelona<\/p>\n<ul>\n<li>Tel. +34 934 039 706 | <a href=\"mailto:info@ibecbarcelona.eu\">info@ibecbarcelona.eu<\/a><\/li>\n<\/ul>\n<h5>Laboratoris<\/h5>\n<p style=\"padding-left: 30px;\"><strong>Parc Cient\u00edfic de Barcelona (PCB):<\/strong><br \/>\nEdifici H\u00e8lix<br \/>\nc\/ Baldiri Reixac 15-21<br \/>\n08028 Barcelona<\/p>\n<p style=\"padding-left: 30px;\">Torre I, floors 8 &amp; 9<br \/>\nc\/ Baldiri Reixac 4-8<br \/>\n08028 Barcelona<\/p>\n<p style=\"padding-left: 30px;\"><strong>Campus Diagonal \u2013 Bes\u00f2s UPC:<\/strong><br \/>\nEdifici C (floors 5, 6 and part of basements C and I)<br \/>\nAv. d&#8217;Eduard Maristany 16<br \/>\n08019 Barcelona<\/p>\n<p style=\"padding-left: 30px;\"><strong>Centre Esther Koplowitz:<\/strong><br \/>\nISGlobal (floor 1)<br \/>\nc. Rossell\u00f3 149-153<br \/>\n08036 Barcelona<\/p>\n<p class=\"section-hero-header-title\" style=\"padding-left: 30px;\"><strong>Hospital Universitari de Bellvitge:<br \/>\n<\/strong><span class=\"section-info-text\"><span class=\"widget-pane-link\">Carrer de la Feixa Llarga, s\/n<br \/>\n08907 L&#8217;Hospitalet de Llobregat<br \/>\nBarcelona<\/span><\/span><\/p>\n<h5>Reunions i seminaris<\/h5>\n<p style=\"padding-left: 30px;\">Parc Cient\u00edfic de Barcelona (PCB)<br \/>\nTorre I, floors 8 and 11<br \/>\nc\/ Baldiri Reixac 4-8<br \/>\n08028 Barcelona<\/p>\n","protected":false},"excerpt":{"rendered":"<p>Administraci\u00f3 Parc Cient\u00edfic de Barcelona (PCB) Edifici Cl\u00faster c\/ Baldiri Reixac 10-12 08028 Barcelona Tel. +34 934 039 706 | info@ibecbarcelona.eu Laboratoris Parc Cient\u00edfic de Barcelona (PCB): Edifici H\u00e8lix c\/ &#8230; <a title=\"Contacte\" class=\"read-more\" href=\"https:\/\/ibecbarcelona.eu\/ca\/contact\/\" aria-label=\"More on Contacte\">Read more<\/a><\/p>\n","protected":false},"author":4,"featured_media":0,"parent":0,"menu_order":0,"comment_status":"closed","ping_status":"closed","template":"templates\/template-onecolumn.php","meta":{"footnotes":""},"tags":[],"class_list":["post-9644","page","type-page","status-publish"],"yoast_head":"<!-- This site is optimized with the Yoast SEO plugin v27.4 - https:\/\/yoast.com\/product\/yoast-seo-wordpress\/ -->\n<title>Contacte - Institute for Bioengineering of Catalonia<\/title>\n<meta name=\"robots\" content=\"index, follow, max-snippet:-1, max-image-preview:large, max-video-preview:-1\" \/>\n<link rel=\"canonical\" href=\"https:\/\/ibecbarcelona.eu\/ca\/contact\/\" \/>\n<meta property=\"og:locale\" content=\"ca_ES\" \/>\n<meta property=\"og:type\" content=\"article\" \/>\n<meta property=\"og:title\" content=\"Contacte - Institute for Bioengineering of Catalonia\" \/>\n<meta property=\"og:description\" content=\"Administraci\u00f3 Parc Cient\u00edfic de Barcelona (PCB) Edifici Cl\u00faster c\/ Baldiri Reixac 10-12 08028 Barcelona Tel. +34 934 039 706 | info@ibecbarcelona.eu Laboratoris Parc Cient\u00edfic de Barcelona (PCB): Edifici H\u00e8lix c\/ ... Read more\" \/>\n<meta property=\"og:url\" content=\"https:\/\/ibecbarcelona.eu\/ca\/contact\/\" \/>\n<meta property=\"og:site_name\" content=\"Institute for Bioengineering of Catalonia\" \/>\n<meta property=\"article:modified_time\" content=\"2018-02-02T09:38:52+00:00\" \/>\n<meta property=\"og:image\" content=\"https:\/\/ibecbarcelona.eu\/wp-content\/uploads\/2018\/02\/mappcb2018.jpg\" \/>\n<meta name=\"twitter:card\" content=\"summary_large_image\" \/>\n<meta name=\"twitter:label1\" content=\"Temps estimat de lectura\" \/>\n\t<meta name=\"twitter:data1\" content=\"1 minut\" \/>\n<script type=\"application\/ld+json\" class=\"yoast-schema-graph\">{\"@context\":\"https:\\\/\\\/schema.org\",\"@graph\":[{\"@type\":\"WebPage\",\"@id\":\"https:\\\/\\\/ibecbarcelona.eu\\\/ca\\\/contact\\\/\",\"url\":\"https:\\\/\\\/ibecbarcelona.eu\\\/ca\\\/contact\\\/\",\"name\":\"Contacte - Institute for Bioengineering of Catalonia\",\"isPartOf\":{\"@id\":\"https:\\\/\\\/ibecbarcelona.eu\\\/#website\"},\"primaryImageOfPage\":{\"@id\":\"https:\\\/\\\/ibecbarcelona.eu\\\/ca\\\/contact\\\/#primaryimage\"},\"image\":{\"@id\":\"https:\\\/\\\/ibecbarcelona.eu\\\/ca\\\/contact\\\/#primaryimage\"},\"thumbnailUrl\":\"https:\\\/\\\/ibecbarcelona.eu\\\/wp-content\\\/uploads\\\/2018\\\/02\\\/mappcb2018.jpg\",\"datePublished\":\"2014-08-05T06:33:00+00:00\",\"dateModified\":\"2018-02-02T09:38:52+00:00\",\"breadcrumb\":{\"@id\":\"https:\\\/\\\/ibecbarcelona.eu\\\/ca\\\/contact\\\/#breadcrumb\"},\"inLanguage\":\"ca\",\"potentialAction\":[{\"@type\":\"ReadAction\",\"target\":[\"https:\\\/\\\/ibecbarcelona.eu\\\/ca\\\/contact\\\/\"]}]},{\"@type\":\"ImageObject\",\"inLanguage\":\"ca\",\"@id\":\"https:\\\/\\\/ibecbarcelona.eu\\\/ca\\\/contact\\\/#primaryimage\",\"url\":\"https:\\\/\\\/ibecbarcelona.eu\\\/wp-content\\\/uploads\\\/2018\\\/02\\\/mappcb2018.jpg\",\"contentUrl\":\"https:\\\/\\\/ibecbarcelona.eu\\\/wp-content\\\/uploads\\\/2018\\\/02\\\/mappcb2018.jpg\"},{\"@type\":\"BreadcrumbList\",\"@id\":\"https:\\\/\\\/ibecbarcelona.eu\\\/ca\\\/contact\\\/#breadcrumb\",\"itemListElement\":[{\"@type\":\"ListItem\",\"position\":1,\"name\":\"Home\",\"item\":\"https:\\\/\\\/ibecbarcelona.eu\\\/ca\\\/\"},{\"@type\":\"ListItem\",\"position\":2,\"name\":\"Contacte\"}]},{\"@type\":\"WebSite\",\"@id\":\"https:\\\/\\\/ibecbarcelona.eu\\\/#website\",\"url\":\"https:\\\/\\\/ibecbarcelona.eu\\\/\",\"name\":\"Institute for Bioengineering of Catalonia\",\"description\":\"Bioengineering Solutions for Health\",\"publisher\":{\"@id\":\"https:\\\/\\\/ibecbarcelona.eu\\\/#organization\"},\"potentialAction\":[{\"@type\":\"SearchAction\",\"target\":{\"@type\":\"EntryPoint\",\"urlTemplate\":\"https:\\\/\\\/ibecbarcelona.eu\\\/?s={search_term_string}\"},\"query-input\":{\"@type\":\"PropertyValueSpecification\",\"valueRequired\":true,\"valueName\":\"search_term_string\"}}],\"inLanguage\":\"ca\"},{\"@type\":\"Organization\",\"@id\":\"https:\\\/\\\/ibecbarcelona.eu\\\/#organization\",\"name\":\"Institute for Bioengineering of Catalonia\",\"url\":\"https:\\\/\\\/ibecbarcelona.eu\\\/\",\"logo\":{\"@type\":\"ImageObject\",\"inLanguage\":\"ca\",\"@id\":\"https:\\\/\\\/ibecbarcelona.eu\\\/#\\\/schema\\\/logo\\\/image\\\/\",\"url\":\"https:\\\/\\\/ibecbarcelona.eu\\\/wp-content\\\/uploads\\\/2026\\\/01\\\/cropped-IBEC_20ANYS_GRIS.png\",\"contentUrl\":\"https:\\\/\\\/ibecbarcelona.eu\\\/wp-content\\\/uploads\\\/2026\\\/01\\\/cropped-IBEC_20ANYS_GRIS.png\",\"width\":696,\"height\":257,\"caption\":\"Institute for Bioengineering of Catalonia\"},\"image\":{\"@id\":\"https:\\\/\\\/ibecbarcelona.eu\\\/#\\\/schema\\\/logo\\\/image\\\/\"}}]}<\/script>\n<!-- \/ Yoast SEO plugin. -->","yoast_head_json":{"title":"Contacte - Institute for Bioengineering of Catalonia","robots":{"index":"index","follow":"follow","max-snippet":"max-snippet:-1","max-image-preview":"max-image-preview:large","max-video-preview":"max-video-preview:-1"},"canonical":"https:\/\/ibecbarcelona.eu\/ca\/contact\/","og_locale":"ca_ES","og_type":"article","og_title":"Contacte - Institute for Bioengineering of Catalonia","og_description":"Administraci\u00f3 Parc Cient\u00edfic de Barcelona (PCB) Edifici Cl\u00faster c\/ Baldiri Reixac 10-12 08028 Barcelona Tel. +34 934 039 706 | info@ibecbarcelona.eu Laboratoris Parc Cient\u00edfic de Barcelona (PCB): Edifici H\u00e8lix c\/ ... Read more","og_url":"https:\/\/ibecbarcelona.eu\/ca\/contact\/","og_site_name":"Institute for Bioengineering of Catalonia","article_modified_time":"2018-02-02T09:38:52+00:00","og_image":[{"url":"https:\/\/ibecbarcelona.eu\/wp-content\/uploads\/2018\/02\/mappcb2018.jpg","type":"","width":"","height":""}],"twitter_card":"summary_large_image","twitter_misc":{"Temps estimat de lectura":"1 minut"},"schema":{"@context":"https:\/\/schema.org","@graph":[{"@type":"WebPage","@id":"https:\/\/ibecbarcelona.eu\/ca\/contact\/","url":"https:\/\/ibecbarcelona.eu\/ca\/contact\/","name":"Contacte - Institute for Bioengineering of Catalonia","isPartOf":{"@id":"https:\/\/ibecbarcelona.eu\/#website"},"primaryImageOfPage":{"@id":"https:\/\/ibecbarcelona.eu\/ca\/contact\/#primaryimage"},"image":{"@id":"https:\/\/ibecbarcelona.eu\/ca\/contact\/#primaryimage"},"thumbnailUrl":"https:\/\/ibecbarcelona.eu\/wp-content\/uploads\/2018\/02\/mappcb2018.jpg","datePublished":"2014-08-05T06:33:00+00:00","dateModified":"2018-02-02T09:38:52+00:00","breadcrumb":{"@id":"https:\/\/ibecbarcelona.eu\/ca\/contact\/#breadcrumb"},"inLanguage":"ca","potentialAction":[{"@type":"ReadAction","target":["https:\/\/ibecbarcelona.eu\/ca\/contact\/"]}]},{"@type":"ImageObject","inLanguage":"ca","@id":"https:\/\/ibecbarcelona.eu\/ca\/contact\/#primaryimage","url":"https:\/\/ibecbarcelona.eu\/wp-content\/uploads\/2018\/02\/mappcb2018.jpg","contentUrl":"https:\/\/ibecbarcelona.eu\/wp-content\/uploads\/2018\/02\/mappcb2018.jpg"},{"@type":"BreadcrumbList","@id":"https:\/\/ibecbarcelona.eu\/ca\/contact\/#breadcrumb","itemListElement":[{"@type":"ListItem","position":1,"name":"Home","item":"https:\/\/ibecbarcelona.eu\/ca\/"},{"@type":"ListItem","position":2,"name":"Contacte"}]},{"@type":"WebSite","@id":"https:\/\/ibecbarcelona.eu\/#website","url":"https:\/\/ibecbarcelona.eu\/","name":"Institute for Bioengineering of Catalonia","description":"Bioengineering Solutions for Health","publisher":{"@id":"https:\/\/ibecbarcelona.eu\/#organization"},"potentialAction":[{"@type":"SearchAction","target":{"@type":"EntryPoint","urlTemplate":"https:\/\/ibecbarcelona.eu\/?s={search_term_string}"},"query-input":{"@type":"PropertyValueSpecification","valueRequired":true,"valueName":"search_term_string"}}],"inLanguage":"ca"},{"@type":"Organization","@id":"https:\/\/ibecbarcelona.eu\/#organization","name":"Institute for Bioengineering of Catalonia","url":"https:\/\/ibecbarcelona.eu\/","logo":{"@type":"ImageObject","inLanguage":"ca","@id":"https:\/\/ibecbarcelona.eu\/#\/schema\/logo\/image\/","url":"https:\/\/ibecbarcelona.eu\/wp-content\/uploads\/2026\/01\/cropped-IBEC_20ANYS_GRIS.png","contentUrl":"https:\/\/ibecbarcelona.eu\/wp-content\/uploads\/2026\/01\/cropped-IBEC_20ANYS_GRIS.png","width":696,"height":257,"caption":"Institute for Bioengineering of Catalonia"},"image":{"@id":"https:\/\/ibecbarcelona.eu\/#\/schema\/logo\/image\/"}}]}},"AFP_featured_media_urls":{"full":false,"thumbnail":false,"medium":false,"medium_large":false,"large":false},"AFP_attachments":{"full":["https:\/\/ibecbarcelona.eu\/wp-content\/uploads\/2014\/08\/map.jpg",600,580,false],"thumbnail":["https:\/\/ibecbarcelona.eu\/wp-content\/uploads\/2014\/08\/map-150x150.jpg",150,150,true],"medium":["https:\/\/ibecbarcelona.eu\/wp-content\/uploads\/2014\/08\/map-300x290.jpg",300,290,true],"medium_large":["https:\/\/ibecbarcelona.eu\/wp-content\/uploads\/2014\/08\/map.jpg",600,580,false],"large":["https:\/\/ibecbarcelona.eu\/wp-content\/uploads\/2014\/08\/map.jpg",600,580,false]},"AFP_videos":[],"AFP_video_blocks":"","AFP_category_names":[],"_links":{"self":[{"href":"https:\/\/ibecbarcelona.eu\/ca\/wp-json\/wp\/v2\/pages\/9644","targetHints":{"allow":["GET"]}}],"collection":[{"href":"https:\/\/ibecbarcelona.eu\/ca\/wp-json\/wp\/v2\/pages"}],"about":[{"href":"https:\/\/ibecbarcelona.eu\/ca\/wp-json\/wp\/v2\/types\/page"}],"author":[{"embeddable":true,"href":"https:\/\/ibecbarcelona.eu\/ca\/wp-json\/wp\/v2\/users\/4"}],"replies":[{"embeddable":true,"href":"https:\/\/ibecbarcelona.eu\/ca\/wp-json\/wp\/v2\/comments?post=9644"}],"version-history":[{"count":7,"href":"https:\/\/ibecbarcelona.eu\/ca\/wp-json\/wp\/v2\/pages\/9644\/revisions"}],"predecessor-version":[{"id":57557,"href":"https:\/\/ibecbarcelona.eu\/ca\/wp-json\/wp\/v2\/pages\/9644\/revisions\/57557"}],"wp:attachment":[{"href":"https:\/\/ibecbarcelona.eu\/ca\/wp-json\/wp\/v2\/media?parent=9644"}],"wp:term":[{"taxonomy":"post_tag","embeddable":true,"href":"https:\/\/ibecbarcelona.eu\/ca\/wp-json\/wp\/v2\/tags?post=9644"}],"curies":[{"name":"wp","href":"https:\/\/api.w.org\/{rel}","templated":true}]}}