
{"id":97504,"date":"2022-07-20T15:44:56","date_gmt":"2022-07-20T13:44:56","guid":{"rendered":"https:\/\/testweb.ibecbarcelona.eu\/industry-and-hospitals\/isciii-biobanks-and-biomodels-platform\/"},"modified":"2022-07-20T16:18:47","modified_gmt":"2022-07-20T14:18:47","slug":"isciii-biobanks-and-biomodels-platform","status":"publish","type":"page","link":"https:\/\/ibecbarcelona.eu\/ca\/industria-i-hospitals\/plataforma-biobancs-i-biomodels","title":{"rendered":"Plataforma\u00a0ISCIII\u00a0Biobancs\u00a0i Biomodels"},"content":{"rendered":"\n<h4 class=\"wp-block-heading\">Durant l&#8217;any 2020, l&#8217;Institut de Salud Carlos III (ISCIII)&nbsp;va iniciar una experi\u00e8ncia pionera en promoure la creaci\u00f3 de la <a href=\"https:\/\/www.isciiibiobanksbiomodels.es\/\" target=\"_blank\" rel=\"noreferrer noopener\">Plataforma&nbsp;ISCIII&nbsp;de&nbsp;Biobancs&nbsp;i&nbsp;Biomodels<\/a>&nbsp;(P_ISCIII_BB).<\/h4>\n\n\n\n<p>En l&#8217;actualitat la P_ISCIII_BB, coordinada des d&#8217;IBEC, compta amb una composici\u00f3 excepcional que inclou a les 64 Unitats que la conformen. Per a cada&nbsp;HUB&nbsp;cient\u00edfic-tecnol\u00f2gic la composici\u00f3 inclou: 57 Unitats en el&nbsp;HUB&nbsp;de&nbsp;Biobancs, 18 Unitats en&nbsp;HUB&nbsp;de model animal, 19 Unitats en el&nbsp;HUB&nbsp;de&nbsp;Organoids&nbsp;i 15 Unitats en el&nbsp;HUB&nbsp;d&#8217;impressi\u00f3 3D.&nbsp;<\/p>\n\n\n\n<p>Aquestes unitats estan distribu\u00efdes per tota la geografia espanyola representant a 16 CCAA, que inclouen: Andalusia, Arag\u00f3, Principat d&#8217;Ast\u00faries, Illes Balears, Cant\u00e0bria, Castella-la Manxa, Castella i Lle\u00f3, Catalunya, Comunitat Valenciana, Gal\u00edcia, Comunitat de Madrid, Regi\u00f3 de M\u00farcia, Comunitat Foral de Navarra, Pa\u00eds Basc, Extremadura, i Can\u00e0ries. D&#8217;aquesta manera la P_ISCIII_BB&nbsp;ofereix el m\u00e9s alt nivell de qualitat i serveis d&#8217;avantguarda per a facilitar i avan\u00e7ar en la definici\u00f3 de la millor ter\u00e0pia per al pacient i aix\u00ed tancar el cicle des de la recerca b\u00e0sica fins a la realitzaci\u00f3 de l&#8217;aplicaci\u00f3 cl\u00ednica.<\/p>\n\n\n\n<p>Cal destacar tamb\u00e9, que des de l&#8217;any 2021 el Regne d&#8217;Espanya \u00e9s membre associat de la Infraestructura de Recerca de&nbsp;Biobancos&nbsp;i Recursos Biomoleculars\u2013 Consorci Europeu d&#8217;Infraestructures de Recerca (BBMRI-ERIC)&nbsp;designant a m\u00e9s a la P_ISCIII_BB&nbsp;com a Node Nacional. L&#8217;entrada d&#8217;Espanya i el&nbsp;ISCIII&nbsp;en el&nbsp;BBMRI-ERIC&nbsp;\u00e9s un pas m\u00e9s per a la consolidaci\u00f3 de la recerca col\u00b7laborativa amb suport europeu i internacional. D&#8217;aquesta manera, el&nbsp;ISCIII&nbsp;a m\u00e9s impulsa i cristal\u00b7litza el seu model de plataformes de recerca cooperativa i la Plataforma&nbsp;ISCIII_BB.<\/p>\n\n\n\n<p><\/p>\n\n\n<div class=\"responsive-tabs\">\n<h2 class=\"tabtitle\">SERVEIS<\/h2>\n<div class=\"tabcontent\">\n\n\n\n\n<p><\/p>\n\n\n\n<p>En el marc de la <a href=\"https:\/\/www.isciiibiobanksbiomodels.es\/\" target=\"_blank\" rel=\"noreferrer noopener\">Plataforma&nbsp;Biobancs&nbsp;i&nbsp;Biomodels<\/a>, l&#8217;IBEC ofereix els seg\u00fcents serveis:<\/p>\n\n\n\n<ul class=\"wp-block-list\"><li>Generaci\u00f3 de sistemes de cultiu 3D (inclosos&nbsp;organoides, esferoides i&nbsp;tumoroides)&nbsp;a partir de c\u00e8l\u00b7lules mare pluripotents humanes i mostres de pacients per a aplicacions en el modelatge de malalties. Els nostres sistemes de cultiu 3D inclouen:&nbsp;organoides&nbsp;de rony\u00f3,&nbsp;organoides&nbsp;de retina,&nbsp;organoides&nbsp;de fetge,&nbsp;organoides&nbsp;de fetge i&nbsp;organoides&nbsp;de bufeta.<\/li><li>Edici\u00f3 de genomes en c\u00e8l\u00b7lules prim\u00e0ries i sistemes de cultiu 3D (inclosos&nbsp;organoides,&nbsp;tumoroides&nbsp;i esferoides) per a aplicacions en modelatge de malalties i descobriment de f\u00e0rmacs. Les nostres eines d&#8217;edici\u00f3 del genoma inclouen&nbsp;CRISPR\/Cas9&nbsp;i TALIN.<\/li><li>S\u00edntesi i caracteritzaci\u00f3 de (bio)materials per a aplicacions en enginyeria de teixits i&nbsp;bioimpresi\u00f3n&nbsp;3D.<\/li><li>Generaci\u00f3 de construccions de teixits i \u00f2rgans mitjan\u00e7ant&nbsp;biofabricaci\u00f3n&nbsp;(inclosa la&nbsp;bioimpresi\u00f3n&nbsp;3D i l&#8217;\u00fas de matrius biol\u00f2giques).<\/li><li>Disseny i microfabricaci\u00f3 de dispositius d&#8217;\u00f2rgans-en-xips per a dirigir la derivaci\u00f3 de cultius 3D (inclosos&nbsp;organoides,&nbsp;tumoroides&nbsp;i esferoides) per a aplicacions en modelatge de malalties i detecci\u00f3 de f\u00e0rmacs.<\/li><\/ul>\n\n\n\n<p><\/p>\n\n\n<\/div><\/div>\n\n\n\n<p><\/p>\n\n\n\n<hr class=\"wp-block-separator has-alpha-channel-opacity\"\/>\n\n\n\n<p>M\u00e9s informaci\u00f3<strong><em>:<br><\/em><\/strong>requestsplatformisciiibb@ibecbarcelona.eu<br>biomodels_unit_ibec@ibecbarcelona.eu<\/p>\n","protected":false},"excerpt":{"rendered":"<p>Durant l&#8217;any 2020, l&#8217;Institut de Salud Carlos III (ISCIII)&nbsp;va iniciar una experi\u00e8ncia pionera en promoure la creaci\u00f3 de la Plataforma&nbsp;ISCIII&nbsp;de&nbsp;Biobancs&nbsp;i&nbsp;Biomodels&nbsp;(P_ISCIII_BB). En l&#8217;actualitat la P_ISCIII_BB, coordinada des d&#8217;IBEC, compta amb una &#8230; <a title=\"Plataforma\u00a0ISCIII\u00a0Biobancs\u00a0i Biomodels\" class=\"read-more\" href=\"https:\/\/ibecbarcelona.eu\/ca\/industria-i-hospitals\/plataforma-biobancs-i-biomodels\" aria-label=\"More on Plataforma\u00a0ISCIII\u00a0Biobancs\u00a0i Biomodels\">Read more<\/a><\/p>\n","protected":false},"author":4,"featured_media":97499,"parent":95521,"menu_order":0,"comment_status":"closed","ping_status":"closed","template":"","meta":{"footnotes":""},"tags":[],"class_list":["post-97504","page","type-page","status-publish","has-post-thumbnail"],"yoast_head":"<!-- This site is optimized with the Yoast SEO plugin v27.3 - https:\/\/yoast.com\/product\/yoast-seo-wordpress\/ -->\n<title>Plataforma\u00a0ISCIII\u00a0Biobancs\u00a0i Biomodels - Institute for Bioengineering of Catalonia<\/title>\n<meta name=\"robots\" content=\"index, follow, max-snippet:-1, max-image-preview:large, max-video-preview:-1\" \/>\n<link rel=\"canonical\" href=\"https:\/\/ibecbarcelona.eu\/ca\/industria-i-hospitals\/plataforma-biobancs-i-biomodels\/\" \/>\n<meta property=\"og:locale\" content=\"ca_ES\" \/>\n<meta property=\"og:type\" content=\"article\" \/>\n<meta property=\"og:title\" content=\"Plataforma\u00a0ISCIII\u00a0Biobancs\u00a0i Biomodels - Institute for Bioengineering of Catalonia\" \/>\n<meta property=\"og:description\" content=\"Durant l&#8217;any 2020, l&#8217;Institut de Salud Carlos III (ISCIII)&nbsp;va iniciar una experi\u00e8ncia pionera en promoure la creaci\u00f3 de la Plataforma&nbsp;ISCIII&nbsp;de&nbsp;Biobancs&nbsp;i&nbsp;Biomodels&nbsp;(P_ISCIII_BB). En l&#8217;actualitat la P_ISCIII_BB, coordinada des d&#8217;IBEC, compta amb una ... Read more\" \/>\n<meta property=\"og:url\" content=\"https:\/\/ibecbarcelona.eu\/ca\/industria-i-hospitals\/plataforma-biobancs-i-biomodels\/\" \/>\n<meta property=\"og:site_name\" content=\"Institute for Bioengineering of Catalonia\" \/>\n<meta property=\"article:modified_time\" content=\"2022-07-20T14:18:47+00:00\" \/>\n<meta property=\"og:image\" content=\"https:\/\/ibecbarcelona.eu\/wp-content\/uploads\/2022\/07\/biobanks_banner.jpg\" \/>\n\t<meta property=\"og:image:width\" content=\"1993\" \/>\n\t<meta property=\"og:image:height\" content=\"399\" \/>\n\t<meta property=\"og:image:type\" content=\"image\/jpeg\" \/>\n<meta name=\"twitter:card\" content=\"summary_large_image\" \/>\n<meta name=\"twitter:label1\" content=\"Temps estimat de lectura\" \/>\n\t<meta name=\"twitter:data1\" content=\"2 minuts\" \/>\n<script type=\"application\/ld+json\" class=\"yoast-schema-graph\">{\"@context\":\"https:\\\/\\\/schema.org\",\"@graph\":[{\"@type\":\"WebPage\",\"@id\":\"https:\\\/\\\/ibecbarcelona.eu\\\/ca\\\/industria-i-hospitals\\\/plataforma-biobancs-i-biomodels\\\/\",\"url\":\"https:\\\/\\\/ibecbarcelona.eu\\\/ca\\\/industria-i-hospitals\\\/plataforma-biobancs-i-biomodels\\\/\",\"name\":\"Plataforma\u00a0ISCIII\u00a0Biobancs\u00a0i Biomodels - Institute for Bioengineering of Catalonia\",\"isPartOf\":{\"@id\":\"https:\\\/\\\/ibecbarcelona.eu\\\/#website\"},\"primaryImageOfPage\":{\"@id\":\"https:\\\/\\\/ibecbarcelona.eu\\\/ca\\\/industria-i-hospitals\\\/plataforma-biobancs-i-biomodels\\\/#primaryimage\"},\"image\":{\"@id\":\"https:\\\/\\\/ibecbarcelona.eu\\\/ca\\\/industria-i-hospitals\\\/plataforma-biobancs-i-biomodels\\\/#primaryimage\"},\"thumbnailUrl\":\"https:\\\/\\\/ibecbarcelona.eu\\\/wp-content\\\/uploads\\\/2022\\\/07\\\/biobanks_banner.jpg\",\"datePublished\":\"2022-07-20T13:44:56+00:00\",\"dateModified\":\"2022-07-20T14:18:47+00:00\",\"breadcrumb\":{\"@id\":\"https:\\\/\\\/ibecbarcelona.eu\\\/ca\\\/industria-i-hospitals\\\/plataforma-biobancs-i-biomodels\\\/#breadcrumb\"},\"inLanguage\":\"ca\",\"potentialAction\":[{\"@type\":\"ReadAction\",\"target\":[\"https:\\\/\\\/ibecbarcelona.eu\\\/ca\\\/industria-i-hospitals\\\/plataforma-biobancs-i-biomodels\\\/\"]}]},{\"@type\":\"ImageObject\",\"inLanguage\":\"ca\",\"@id\":\"https:\\\/\\\/ibecbarcelona.eu\\\/ca\\\/industria-i-hospitals\\\/plataforma-biobancs-i-biomodels\\\/#primaryimage\",\"url\":\"https:\\\/\\\/ibecbarcelona.eu\\\/wp-content\\\/uploads\\\/2022\\\/07\\\/biobanks_banner.jpg\",\"contentUrl\":\"https:\\\/\\\/ibecbarcelona.eu\\\/wp-content\\\/uploads\\\/2022\\\/07\\\/biobanks_banner.jpg\",\"width\":1993,\"height\":399},{\"@type\":\"BreadcrumbList\",\"@id\":\"https:\\\/\\\/ibecbarcelona.eu\\\/ca\\\/industria-i-hospitals\\\/plataforma-biobancs-i-biomodels\\\/#breadcrumb\",\"itemListElement\":[{\"@type\":\"ListItem\",\"position\":1,\"name\":\"Home\",\"item\":\"https:\\\/\\\/ibecbarcelona.eu\\\/ca\\\/\"},{\"@type\":\"ListItem\",\"position\":2,\"name\":\"Industria i Hospitals\",\"item\":\"https:\\\/\\\/ibecbarcelona.eu\\\/ca\\\/industria-i-hospitals\\\/\"},{\"@type\":\"ListItem\",\"position\":3,\"name\":\"Plataforma\u00a0ISCIII\u00a0Biobancs\u00a0i Biomodels\"}]},{\"@type\":\"WebSite\",\"@id\":\"https:\\\/\\\/ibecbarcelona.eu\\\/#website\",\"url\":\"https:\\\/\\\/ibecbarcelona.eu\\\/\",\"name\":\"Institute for Bioengineering of Catalonia\",\"description\":\"Bioengineering Solutions for Health\",\"publisher\":{\"@id\":\"https:\\\/\\\/ibecbarcelona.eu\\\/#organization\"},\"potentialAction\":[{\"@type\":\"SearchAction\",\"target\":{\"@type\":\"EntryPoint\",\"urlTemplate\":\"https:\\\/\\\/ibecbarcelona.eu\\\/?s={search_term_string}\"},\"query-input\":{\"@type\":\"PropertyValueSpecification\",\"valueRequired\":true,\"valueName\":\"search_term_string\"}}],\"inLanguage\":\"ca\"},{\"@type\":\"Organization\",\"@id\":\"https:\\\/\\\/ibecbarcelona.eu\\\/#organization\",\"name\":\"Institute for Bioengineering of Catalonia\",\"url\":\"https:\\\/\\\/ibecbarcelona.eu\\\/\",\"logo\":{\"@type\":\"ImageObject\",\"inLanguage\":\"ca\",\"@id\":\"https:\\\/\\\/ibecbarcelona.eu\\\/#\\\/schema\\\/logo\\\/image\\\/\",\"url\":\"https:\\\/\\\/ibecbarcelona.eu\\\/wp-content\\\/uploads\\\/2026\\\/01\\\/cropped-IBEC_20ANYS_GRIS.png\",\"contentUrl\":\"https:\\\/\\\/ibecbarcelona.eu\\\/wp-content\\\/uploads\\\/2026\\\/01\\\/cropped-IBEC_20ANYS_GRIS.png\",\"width\":696,\"height\":257,\"caption\":\"Institute for Bioengineering of Catalonia\"},\"image\":{\"@id\":\"https:\\\/\\\/ibecbarcelona.eu\\\/#\\\/schema\\\/logo\\\/image\\\/\"}}]}<\/script>\n<!-- \/ Yoast SEO plugin. -->","yoast_head_json":{"title":"Plataforma\u00a0ISCIII\u00a0Biobancs\u00a0i Biomodels - Institute for Bioengineering of Catalonia","robots":{"index":"index","follow":"follow","max-snippet":"max-snippet:-1","max-image-preview":"max-image-preview:large","max-video-preview":"max-video-preview:-1"},"canonical":"https:\/\/ibecbarcelona.eu\/ca\/industria-i-hospitals\/plataforma-biobancs-i-biomodels\/","og_locale":"ca_ES","og_type":"article","og_title":"Plataforma\u00a0ISCIII\u00a0Biobancs\u00a0i Biomodels - Institute for Bioengineering of Catalonia","og_description":"Durant l&#8217;any 2020, l&#8217;Institut de Salud Carlos III (ISCIII)&nbsp;va iniciar una experi\u00e8ncia pionera en promoure la creaci\u00f3 de la Plataforma&nbsp;ISCIII&nbsp;de&nbsp;Biobancs&nbsp;i&nbsp;Biomodels&nbsp;(P_ISCIII_BB). En l&#8217;actualitat la P_ISCIII_BB, coordinada des d&#8217;IBEC, compta amb una ... Read more","og_url":"https:\/\/ibecbarcelona.eu\/ca\/industria-i-hospitals\/plataforma-biobancs-i-biomodels\/","og_site_name":"Institute for Bioengineering of Catalonia","article_modified_time":"2022-07-20T14:18:47+00:00","og_image":[{"width":1993,"height":399,"url":"https:\/\/ibecbarcelona.eu\/wp-content\/uploads\/2022\/07\/biobanks_banner.jpg","type":"image\/jpeg"}],"twitter_card":"summary_large_image","twitter_misc":{"Temps estimat de lectura":"2 minuts"},"schema":{"@context":"https:\/\/schema.org","@graph":[{"@type":"WebPage","@id":"https:\/\/ibecbarcelona.eu\/ca\/industria-i-hospitals\/plataforma-biobancs-i-biomodels\/","url":"https:\/\/ibecbarcelona.eu\/ca\/industria-i-hospitals\/plataforma-biobancs-i-biomodels\/","name":"Plataforma\u00a0ISCIII\u00a0Biobancs\u00a0i Biomodels - Institute for Bioengineering of Catalonia","isPartOf":{"@id":"https:\/\/ibecbarcelona.eu\/#website"},"primaryImageOfPage":{"@id":"https:\/\/ibecbarcelona.eu\/ca\/industria-i-hospitals\/plataforma-biobancs-i-biomodels\/#primaryimage"},"image":{"@id":"https:\/\/ibecbarcelona.eu\/ca\/industria-i-hospitals\/plataforma-biobancs-i-biomodels\/#primaryimage"},"thumbnailUrl":"https:\/\/ibecbarcelona.eu\/wp-content\/uploads\/2022\/07\/biobanks_banner.jpg","datePublished":"2022-07-20T13:44:56+00:00","dateModified":"2022-07-20T14:18:47+00:00","breadcrumb":{"@id":"https:\/\/ibecbarcelona.eu\/ca\/industria-i-hospitals\/plataforma-biobancs-i-biomodels\/#breadcrumb"},"inLanguage":"ca","potentialAction":[{"@type":"ReadAction","target":["https:\/\/ibecbarcelona.eu\/ca\/industria-i-hospitals\/plataforma-biobancs-i-biomodels\/"]}]},{"@type":"ImageObject","inLanguage":"ca","@id":"https:\/\/ibecbarcelona.eu\/ca\/industria-i-hospitals\/plataforma-biobancs-i-biomodels\/#primaryimage","url":"https:\/\/ibecbarcelona.eu\/wp-content\/uploads\/2022\/07\/biobanks_banner.jpg","contentUrl":"https:\/\/ibecbarcelona.eu\/wp-content\/uploads\/2022\/07\/biobanks_banner.jpg","width":1993,"height":399},{"@type":"BreadcrumbList","@id":"https:\/\/ibecbarcelona.eu\/ca\/industria-i-hospitals\/plataforma-biobancs-i-biomodels\/#breadcrumb","itemListElement":[{"@type":"ListItem","position":1,"name":"Home","item":"https:\/\/ibecbarcelona.eu\/ca\/"},{"@type":"ListItem","position":2,"name":"Industria i Hospitals","item":"https:\/\/ibecbarcelona.eu\/ca\/industria-i-hospitals\/"},{"@type":"ListItem","position":3,"name":"Plataforma\u00a0ISCIII\u00a0Biobancs\u00a0i Biomodels"}]},{"@type":"WebSite","@id":"https:\/\/ibecbarcelona.eu\/#website","url":"https:\/\/ibecbarcelona.eu\/","name":"Institute for Bioengineering of Catalonia","description":"Bioengineering Solutions for Health","publisher":{"@id":"https:\/\/ibecbarcelona.eu\/#organization"},"potentialAction":[{"@type":"SearchAction","target":{"@type":"EntryPoint","urlTemplate":"https:\/\/ibecbarcelona.eu\/?s={search_term_string}"},"query-input":{"@type":"PropertyValueSpecification","valueRequired":true,"valueName":"search_term_string"}}],"inLanguage":"ca"},{"@type":"Organization","@id":"https:\/\/ibecbarcelona.eu\/#organization","name":"Institute for Bioengineering of Catalonia","url":"https:\/\/ibecbarcelona.eu\/","logo":{"@type":"ImageObject","inLanguage":"ca","@id":"https:\/\/ibecbarcelona.eu\/#\/schema\/logo\/image\/","url":"https:\/\/ibecbarcelona.eu\/wp-content\/uploads\/2026\/01\/cropped-IBEC_20ANYS_GRIS.png","contentUrl":"https:\/\/ibecbarcelona.eu\/wp-content\/uploads\/2026\/01\/cropped-IBEC_20ANYS_GRIS.png","width":696,"height":257,"caption":"Institute for Bioengineering of Catalonia"},"image":{"@id":"https:\/\/ibecbarcelona.eu\/#\/schema\/logo\/image\/"}}]}},"AFP_featured_media_urls":{"full":["https:\/\/ibecbarcelona.eu\/wp-content\/uploads\/2022\/07\/biobanks_banner.jpg",1993,399,false],"thumbnail":["https:\/\/ibecbarcelona.eu\/wp-content\/uploads\/2022\/07\/biobanks_banner-150x150.jpg",150,150,true],"medium":["https:\/\/ibecbarcelona.eu\/wp-content\/uploads\/2022\/07\/biobanks_banner-300x60.jpg",300,60,true],"medium_large":["https:\/\/ibecbarcelona.eu\/wp-content\/uploads\/2022\/07\/biobanks_banner-768x154.jpg",768,154,true],"large":["https:\/\/ibecbarcelona.eu\/wp-content\/uploads\/2022\/07\/biobanks_banner-1024x205.jpg",1024,205,true]},"AFP_attachments":{"full":["https:\/\/ibecbarcelona.eu\/wp-content\/uploads\/2022\/07\/biobanks_banner.jpg",1993,399,false],"thumbnail":["https:\/\/ibecbarcelona.eu\/wp-content\/uploads\/2022\/07\/biobanks_banner-150x150.jpg",150,150,true],"medium":["https:\/\/ibecbarcelona.eu\/wp-content\/uploads\/2022\/07\/biobanks_banner-300x60.jpg",300,60,true],"medium_large":["https:\/\/ibecbarcelona.eu\/wp-content\/uploads\/2022\/07\/biobanks_banner-768x154.jpg",768,154,true],"large":["https:\/\/ibecbarcelona.eu\/wp-content\/uploads\/2022\/07\/biobanks_banner-1024x205.jpg",1024,205,true]},"AFP_videos":[],"AFP_video_blocks":"","AFP_category_names":[],"_links":{"self":[{"href":"https:\/\/ibecbarcelona.eu\/ca\/wp-json\/wp\/v2\/pages\/97504","targetHints":{"allow":["GET"]}}],"collection":[{"href":"https:\/\/ibecbarcelona.eu\/ca\/wp-json\/wp\/v2\/pages"}],"about":[{"href":"https:\/\/ibecbarcelona.eu\/ca\/wp-json\/wp\/v2\/types\/page"}],"author":[{"embeddable":true,"href":"https:\/\/ibecbarcelona.eu\/ca\/wp-json\/wp\/v2\/users\/4"}],"replies":[{"embeddable":true,"href":"https:\/\/ibecbarcelona.eu\/ca\/wp-json\/wp\/v2\/comments?post=97504"}],"version-history":[{"count":5,"href":"https:\/\/ibecbarcelona.eu\/ca\/wp-json\/wp\/v2\/pages\/97504\/revisions"}],"predecessor-version":[{"id":97535,"href":"https:\/\/ibecbarcelona.eu\/ca\/wp-json\/wp\/v2\/pages\/97504\/revisions\/97535"}],"up":[{"embeddable":true,"href":"https:\/\/ibecbarcelona.eu\/ca\/wp-json\/wp\/v2\/pages\/95521"}],"wp:featuredmedia":[{"embeddable":true,"href":"https:\/\/ibecbarcelona.eu\/ca\/wp-json\/wp\/v2\/media\/97499"}],"wp:attachment":[{"href":"https:\/\/ibecbarcelona.eu\/ca\/wp-json\/wp\/v2\/media?parent=97504"}],"wp:term":[{"taxonomy":"post_tag","embeddable":true,"href":"https:\/\/ibecbarcelona.eu\/ca\/wp-json\/wp\/v2\/tags?post=97504"}],"curies":[{"name":"wp","href":"https:\/\/api.w.org\/{rel}","templated":true}]}}