
{"id":104423,"date":"2023-02-15T20:24:53","date_gmt":"2023-02-15T19:24:53","guid":{"rendered":"https:\/\/ibecbarcelona.eu\/strategy\/"},"modified":"2025-07-08T15:13:12","modified_gmt":"2025-07-08T13:13:12","slug":"strategy","status":"publish","type":"page","link":"https:\/\/ibecbarcelona.eu\/es\/about-us\/sustainable-practices\/strategy\/","title":{"rendered":"Estrategia"},"content":{"rendered":"\n<div class=\"wp-block-media-text alignwide is-stacked-on-mobile\" style=\"grid-template-columns:21% auto\"><figure class=\"wp-block-media-text__media\"><img decoding=\"async\" width=\"400\" height=\"566\" data-src=\"https:\/\/ibecbarcelona.eu\/wp-content\/uploads\/2021\/08\/strategy4sustainability_portada.jpg\" alt=\"\" class=\"wp-image-86735 size-full lazyload\" data-srcset=\"https:\/\/ibecbarcelona.eu\/wp-content\/uploads\/2021\/08\/strategy4sustainability_portada.jpg 400w, https:\/\/ibecbarcelona.eu\/wp-content\/uploads\/2021\/08\/strategy4sustainability_portada-212x300.jpg 212w, https:\/\/ibecbarcelona.eu\/wp-content\/uploads\/2021\/08\/strategy4sustainability_portada-106x150.jpg 106w\" data-sizes=\"(max-width: 400px) 100vw, 400px\" src=\"data:image\/svg+xml;base64,PHN2ZyB3aWR0aD0iMSIgaGVpZ2h0PSIxIiB4bWxucz0iaHR0cDovL3d3dy53My5vcmcvMjAwMC9zdmciPjwvc3ZnPg==\" style=\"--smush-placeholder-width: 400px; --smush-placeholder-aspect-ratio: 400\/566;\" \/><\/figure><div class=\"wp-block-media-text__content\">\n<p><\/p>\n\n\n\n<p>Los miembros del comit\u00e9 han estado trabajando en la recopilaci\u00f3n, an\u00e1lisis y propuesta de acciones para que nuestro Instituto sea m\u00e1s sostenible. Estas acciones se recogen en la <a href=\"https:\/\/ibecbarcelona.eu\/wp-content\/uploads\/2021\/11\/strategy4sustainability.pdf\">Estrategia del IBEC para promover la sostenibilidad en la investigaci\u00f3n<\/a>, aprobada por el Consejo Directivo el 29 de junio de 2021. Se trata de un documento de trabajo en constante evoluci\u00f3n que se revisar\u00e1 y mejorar\u00e1 a medida que se implemente.<\/p>\n\n\n\n<p><\/p>\n\n\n\n<p><\/p>\n\n\n\n<p><\/p>\n<\/div><\/div>\n\n\n<div class=\"responsive-tabs\">\n<h2 class=\"tabtitle\">L\u00cdNEAS DE ACCI\u00d3N<\/h2>\n<div class=\"tabcontent\">\n\n\n\n\n<p>El Plan de Acci\u00f3n del IBEC para la Sostenibilidad pretende abordar los problemas m\u00e1s relevantes relacionados con el cambio clim\u00e1tico y la contaminaci\u00f3n:<\/p>\n\n\n\n<ul class=\"wp-block-list\">\n<li>Consumo de energ\u00eda y agua<\/li>\n\n\n\n<li>Residuos<\/li>\n\n\n\n<li>Uso de productos qu\u00edmicos y otros productos peligrosos<\/li>\n\n\n\n<li>Desplazamientos y desplazamientos al trabajo<\/li>\n<\/ul>\n\n\n\n<p>El plan tambi\u00e9n incluye acciones transversales como:<\/p>\n\n\n\n<ul class=\"wp-block-list\">\n<li>Formaci\u00f3n<\/li>\n\n\n\n<li>Comunicaci\u00f3n y sensibilizaci\u00f3n<\/li>\n\n\n\n<li>Participaci\u00f3n en otras iniciativas locales y globales de sostenibilidad<\/li>\n\n\n\n<li>Evaluation of lab practices and obtention of a certification of sustainable laboratories: green lab<br>certification<\/li>\n\n\n\n<li>Research on Energy and Environmental sustainability<\/li>\n\n\n\n<li>Definition and monitoring of indicators, follow-up and updating of the Plan<\/li>\n<\/ul>\n\n\n\n<p>Todas las acciones incluidas en el Plan y las futuras ser\u00e1n discutidas y acordadas entre los \u00f3rganos de toma de decisiones y consulta del IBEC. Necesitar\u00e1n la participaci\u00f3n de todo el personal para asegurar su implementaci\u00f3n exitosa, mientras el IBEC contin\u00faa con su misi\u00f3n fundamental de realizar investigaci\u00f3n interdisciplinaria en la vanguardia del conocimiento en el campo de la bioingenier\u00eda para mejorar la salud y la calidad de vida.<\/p>\n\n\n\n<\/div><h2 class=\"tabtitle\">STATEMENT<\/h2>\n<div class=\"tabcontent\">\n\n\n\n\n<p>En septiembre de 2019, el IBEC promovi\u00f3, junto con el resto de centros de investigaci\u00f3n miembros del Barcelona Institute for Science and Technology (BIST), la publicaci\u00f3n de una declaraci\u00f3n en apoyo al llamamiento global a la acci\u00f3n para afrontar el cambio clim\u00e1tico lanzado por el movimiento Climate Change Strike. La declaraci\u00f3n fue firmada por el director del IBEC, Josep Samitier, junto con la directora general del BIST, Gabby Silberman, y los directores de los otros seis centros del BIST: Luis Serrano (CRG), Llu\u00eds Torner (ICFO), Miquel Peric\u00e0s (ICIQ), Pablo Ordej\u00f3n (ICN2), Ramon Miquel (IFAE) y Francesc Posas (IRB Barcelona).<\/p>\n\n\n\n<p><strong>La declaraci\u00f3n es la siguiente:<\/strong><\/p>\n\n\n\n<p>\u201c<em>We work in some of the most advanced research institutions in our country, recognized with awards and<br>certifications of excellence, employing world-class scientists, and participating actively in the international science arena. As such, we are well placed to know the science behind climate change. Likewise, we also have a direct duty to ensure that our scientific conclusions revert to our society.<br>We are both privileged observers and human beings inhabiting this planet. We therefore feel compelled to preserve nature and issue the following statement in connection with the Global Climate Strike actions that are taking place around the globe<\/em>.<\/p>\n\n\n\n<ul class=\"wp-block-list\">\n<li><em>Scientific evidence is strong. All publicly funded research is openly available so that anybody can examine its methodology and reproduce its conclusions. This transparency ensures that anything we say can be verified, irrespective of who said it or who funded their research.<\/em><\/li>\n\n\n\n<li><em>The conclusions from the Intergovernmental Panel on Climate Change (IPCC) are informed by<br>solid science reported transparently for all to examine. Its conclusions are inescapable.<\/em><\/li>\n\n\n\n<li><em>The main conclusions are that global warming emergency is a fact, that it is caused by humans<br>and that, if prompt actions are not undertaken, it will have catastrophic effects and disruptive<br>consequences (from mass migrations to changes in the food we eat) for the whole planet.<\/em><\/li>\n<\/ul>\n\n\n\n<p><em>For these reasons we, the BIST centers, declare our explicit support to the call for action that has been<br>launched around the world by movements such as Global Climate Strike. We invite all science-related and academic personnel to join this call to action. Available data are already strong enough to ignite short and long term personal, social, and political actions. It is time for change.\u201d<\/em>are already strong enough to ignite short and long term personal, social, and political actions. It is time for change.\u201d<\/p>\n\n\n\n<p><\/p>\n\n\n<\/div><\/div>\n","protected":false},"excerpt":{"rendered":"<p>Los miembros del comit\u00e9 han estado trabajando en la recopilaci\u00f3n, an\u00e1lisis y propuesta de acciones para que nuestro Instituto sea m\u00e1s sostenible. Estas acciones se recogen en la Estrategia del &#8230; <a title=\"Estrategia\" class=\"read-more\" href=\"https:\/\/ibecbarcelona.eu\/es\/about-us\/sustainable-practices\/strategy\/\" aria-label=\"More on Estrategia\">Read more<\/a><\/p>\n","protected":false},"author":4,"featured_media":104365,"parent":86277,"menu_order":0,"comment_status":"closed","ping_status":"closed","template":"","meta":{"footnotes":""},"tags":[],"class_list":["post-104423","page","type-page","status-publish","has-post-thumbnail"],"yoast_head":"<!-- This site is optimized with the Yoast SEO plugin v27.4 - https:\/\/yoast.com\/product\/yoast-seo-wordpress\/ -->\n<title>Estrategia - Institute for Bioengineering of Catalonia<\/title>\n<meta name=\"robots\" content=\"index, follow, max-snippet:-1, max-image-preview:large, max-video-preview:-1\" \/>\n<link rel=\"canonical\" href=\"https:\/\/ibecbarcelona.eu\/es\/about-us\/sustainable-practices\/strategy\/\" \/>\n<meta property=\"og:locale\" content=\"es_ES\" \/>\n<meta property=\"og:type\" content=\"article\" \/>\n<meta property=\"og:title\" content=\"Estrategia - Institute for Bioengineering of Catalonia\" \/>\n<meta property=\"og:description\" content=\"Los miembros del comit\u00e9 han estado trabajando en la recopilaci\u00f3n, an\u00e1lisis y propuesta de acciones para que nuestro Instituto sea m\u00e1s sostenible. Estas acciones se recogen en la Estrategia del ... Read more\" \/>\n<meta property=\"og:url\" content=\"https:\/\/ibecbarcelona.eu\/es\/about-us\/sustainable-practices\/strategy\/\" \/>\n<meta property=\"og:site_name\" content=\"Institute for Bioengineering of Catalonia\" \/>\n<meta property=\"article:modified_time\" content=\"2025-07-08T13:13:12+00:00\" \/>\n<meta property=\"og:image\" content=\"https:\/\/ibecbarcelona.eu\/wp-content\/uploads\/2023\/02\/1_strategy_slide.jpg\" \/>\n\t<meta property=\"og:image:width\" content=\"2000\" \/>\n\t<meta property=\"og:image:height\" content=\"400\" \/>\n\t<meta property=\"og:image:type\" content=\"image\/jpeg\" \/>\n<meta name=\"twitter:card\" content=\"summary_large_image\" \/>\n<meta name=\"twitter:label1\" content=\"Tiempo de lectura\" \/>\n\t<meta name=\"twitter:data1\" content=\"4 minutos\" \/>\n<script type=\"application\/ld+json\" class=\"yoast-schema-graph\">{\"@context\":\"https:\\\/\\\/schema.org\",\"@graph\":[{\"@type\":\"WebPage\",\"@id\":\"https:\\\/\\\/ibecbarcelona.eu\\\/es\\\/about-us\\\/sustainable-practices\\\/strategy\\\/\",\"url\":\"https:\\\/\\\/ibecbarcelona.eu\\\/es\\\/about-us\\\/sustainable-practices\\\/strategy\\\/\",\"name\":\"Estrategia - Institute for Bioengineering of Catalonia\",\"isPartOf\":{\"@id\":\"https:\\\/\\\/ibecbarcelona.eu\\\/#website\"},\"primaryImageOfPage\":{\"@id\":\"https:\\\/\\\/ibecbarcelona.eu\\\/es\\\/about-us\\\/sustainable-practices\\\/strategy\\\/#primaryimage\"},\"image\":{\"@id\":\"https:\\\/\\\/ibecbarcelona.eu\\\/es\\\/about-us\\\/sustainable-practices\\\/strategy\\\/#primaryimage\"},\"thumbnailUrl\":\"https:\\\/\\\/ibecbarcelona.eu\\\/wp-content\\\/uploads\\\/2023\\\/02\\\/1_strategy_slide.jpg\",\"datePublished\":\"2023-02-15T19:24:53+00:00\",\"dateModified\":\"2025-07-08T13:13:12+00:00\",\"breadcrumb\":{\"@id\":\"https:\\\/\\\/ibecbarcelona.eu\\\/es\\\/about-us\\\/sustainable-practices\\\/strategy\\\/#breadcrumb\"},\"inLanguage\":\"es\",\"potentialAction\":[{\"@type\":\"ReadAction\",\"target\":[\"https:\\\/\\\/ibecbarcelona.eu\\\/es\\\/about-us\\\/sustainable-practices\\\/strategy\\\/\"]}]},{\"@type\":\"ImageObject\",\"inLanguage\":\"es\",\"@id\":\"https:\\\/\\\/ibecbarcelona.eu\\\/es\\\/about-us\\\/sustainable-practices\\\/strategy\\\/#primaryimage\",\"url\":\"https:\\\/\\\/ibecbarcelona.eu\\\/wp-content\\\/uploads\\\/2023\\\/02\\\/1_strategy_slide.jpg\",\"contentUrl\":\"https:\\\/\\\/ibecbarcelona.eu\\\/wp-content\\\/uploads\\\/2023\\\/02\\\/1_strategy_slide.jpg\",\"width\":2000,\"height\":400},{\"@type\":\"BreadcrumbList\",\"@id\":\"https:\\\/\\\/ibecbarcelona.eu\\\/es\\\/about-us\\\/sustainable-practices\\\/strategy\\\/#breadcrumb\",\"itemListElement\":[{\"@type\":\"ListItem\",\"position\":1,\"name\":\"Home\",\"item\":\"https:\\\/\\\/ibecbarcelona.eu\\\/es\\\/\"},{\"@type\":\"ListItem\",\"position\":2,\"name\":\"Sobre nosotros\",\"item\":\"https:\\\/\\\/ibecbarcelona.eu\\\/es\\\/sobre-nosotros\\\/\"},{\"@type\":\"ListItem\",\"position\":3,\"name\":\"Investigaci\u00f3n sostenible\",\"item\":\"https:\\\/\\\/ibecbarcelona.eu\\\/es\\\/sobre-nosotros\\\/investigacion-sostenible\\\/\"},{\"@type\":\"ListItem\",\"position\":4,\"name\":\"Estrategia\"}]},{\"@type\":\"WebSite\",\"@id\":\"https:\\\/\\\/ibecbarcelona.eu\\\/#website\",\"url\":\"https:\\\/\\\/ibecbarcelona.eu\\\/\",\"name\":\"Institute for Bioengineering of Catalonia\",\"description\":\"Bioengineering solutions for health\",\"publisher\":{\"@id\":\"https:\\\/\\\/ibecbarcelona.eu\\\/#organization\"},\"potentialAction\":[{\"@type\":\"SearchAction\",\"target\":{\"@type\":\"EntryPoint\",\"urlTemplate\":\"https:\\\/\\\/ibecbarcelona.eu\\\/?s={search_term_string}\"},\"query-input\":{\"@type\":\"PropertyValueSpecification\",\"valueRequired\":true,\"valueName\":\"search_term_string\"}}],\"inLanguage\":\"es\"},{\"@type\":\"Organization\",\"@id\":\"https:\\\/\\\/ibecbarcelona.eu\\\/#organization\",\"name\":\"Institute for Bioengineering of Catalonia\",\"url\":\"https:\\\/\\\/ibecbarcelona.eu\\\/\",\"logo\":{\"@type\":\"ImageObject\",\"inLanguage\":\"es\",\"@id\":\"https:\\\/\\\/ibecbarcelona.eu\\\/#\\\/schema\\\/logo\\\/image\\\/\",\"url\":\"https:\\\/\\\/ibecbarcelona.eu\\\/wp-content\\\/uploads\\\/2026\\\/01\\\/cropped-IBEC_20ANYS_GRIS.png\",\"contentUrl\":\"https:\\\/\\\/ibecbarcelona.eu\\\/wp-content\\\/uploads\\\/2026\\\/01\\\/cropped-IBEC_20ANYS_GRIS.png\",\"width\":696,\"height\":257,\"caption\":\"Institute for Bioengineering of Catalonia\"},\"image\":{\"@id\":\"https:\\\/\\\/ibecbarcelona.eu\\\/#\\\/schema\\\/logo\\\/image\\\/\"}}]}<\/script>\n<!-- \/ Yoast SEO plugin. -->","yoast_head_json":{"title":"Estrategia - Institute for Bioengineering of Catalonia","robots":{"index":"index","follow":"follow","max-snippet":"max-snippet:-1","max-image-preview":"max-image-preview:large","max-video-preview":"max-video-preview:-1"},"canonical":"https:\/\/ibecbarcelona.eu\/es\/about-us\/sustainable-practices\/strategy\/","og_locale":"es_ES","og_type":"article","og_title":"Estrategia - Institute for Bioengineering of Catalonia","og_description":"Los miembros del comit\u00e9 han estado trabajando en la recopilaci\u00f3n, an\u00e1lisis y propuesta de acciones para que nuestro Instituto sea m\u00e1s sostenible. Estas acciones se recogen en la Estrategia del ... Read more","og_url":"https:\/\/ibecbarcelona.eu\/es\/about-us\/sustainable-practices\/strategy\/","og_site_name":"Institute for Bioengineering of Catalonia","article_modified_time":"2025-07-08T13:13:12+00:00","og_image":[{"width":2000,"height":400,"url":"https:\/\/ibecbarcelona.eu\/wp-content\/uploads\/2023\/02\/1_strategy_slide.jpg","type":"image\/jpeg"}],"twitter_card":"summary_large_image","twitter_misc":{"Tiempo de lectura":"4 minutos"},"schema":{"@context":"https:\/\/schema.org","@graph":[{"@type":"WebPage","@id":"https:\/\/ibecbarcelona.eu\/es\/about-us\/sustainable-practices\/strategy\/","url":"https:\/\/ibecbarcelona.eu\/es\/about-us\/sustainable-practices\/strategy\/","name":"Estrategia - Institute for Bioengineering of Catalonia","isPartOf":{"@id":"https:\/\/ibecbarcelona.eu\/#website"},"primaryImageOfPage":{"@id":"https:\/\/ibecbarcelona.eu\/es\/about-us\/sustainable-practices\/strategy\/#primaryimage"},"image":{"@id":"https:\/\/ibecbarcelona.eu\/es\/about-us\/sustainable-practices\/strategy\/#primaryimage"},"thumbnailUrl":"https:\/\/ibecbarcelona.eu\/wp-content\/uploads\/2023\/02\/1_strategy_slide.jpg","datePublished":"2023-02-15T19:24:53+00:00","dateModified":"2025-07-08T13:13:12+00:00","breadcrumb":{"@id":"https:\/\/ibecbarcelona.eu\/es\/about-us\/sustainable-practices\/strategy\/#breadcrumb"},"inLanguage":"es","potentialAction":[{"@type":"ReadAction","target":["https:\/\/ibecbarcelona.eu\/es\/about-us\/sustainable-practices\/strategy\/"]}]},{"@type":"ImageObject","inLanguage":"es","@id":"https:\/\/ibecbarcelona.eu\/es\/about-us\/sustainable-practices\/strategy\/#primaryimage","url":"https:\/\/ibecbarcelona.eu\/wp-content\/uploads\/2023\/02\/1_strategy_slide.jpg","contentUrl":"https:\/\/ibecbarcelona.eu\/wp-content\/uploads\/2023\/02\/1_strategy_slide.jpg","width":2000,"height":400},{"@type":"BreadcrumbList","@id":"https:\/\/ibecbarcelona.eu\/es\/about-us\/sustainable-practices\/strategy\/#breadcrumb","itemListElement":[{"@type":"ListItem","position":1,"name":"Home","item":"https:\/\/ibecbarcelona.eu\/es\/"},{"@type":"ListItem","position":2,"name":"Sobre nosotros","item":"https:\/\/ibecbarcelona.eu\/es\/sobre-nosotros\/"},{"@type":"ListItem","position":3,"name":"Investigaci\u00f3n sostenible","item":"https:\/\/ibecbarcelona.eu\/es\/sobre-nosotros\/investigacion-sostenible\/"},{"@type":"ListItem","position":4,"name":"Estrategia"}]},{"@type":"WebSite","@id":"https:\/\/ibecbarcelona.eu\/#website","url":"https:\/\/ibecbarcelona.eu\/","name":"Institute for Bioengineering of Catalonia","description":"Bioengineering solutions for health","publisher":{"@id":"https:\/\/ibecbarcelona.eu\/#organization"},"potentialAction":[{"@type":"SearchAction","target":{"@type":"EntryPoint","urlTemplate":"https:\/\/ibecbarcelona.eu\/?s={search_term_string}"},"query-input":{"@type":"PropertyValueSpecification","valueRequired":true,"valueName":"search_term_string"}}],"inLanguage":"es"},{"@type":"Organization","@id":"https:\/\/ibecbarcelona.eu\/#organization","name":"Institute for Bioengineering of Catalonia","url":"https:\/\/ibecbarcelona.eu\/","logo":{"@type":"ImageObject","inLanguage":"es","@id":"https:\/\/ibecbarcelona.eu\/#\/schema\/logo\/image\/","url":"https:\/\/ibecbarcelona.eu\/wp-content\/uploads\/2026\/01\/cropped-IBEC_20ANYS_GRIS.png","contentUrl":"https:\/\/ibecbarcelona.eu\/wp-content\/uploads\/2026\/01\/cropped-IBEC_20ANYS_GRIS.png","width":696,"height":257,"caption":"Institute for Bioengineering of Catalonia"},"image":{"@id":"https:\/\/ibecbarcelona.eu\/#\/schema\/logo\/image\/"}}]}},"AFP_featured_media_urls":{"full":["https:\/\/ibecbarcelona.eu\/wp-content\/uploads\/2023\/02\/1_strategy_slide.jpg",2000,400,false],"thumbnail":["https:\/\/ibecbarcelona.eu\/wp-content\/uploads\/2023\/02\/1_strategy_slide-150x150.jpg",150,150,true],"medium":["https:\/\/ibecbarcelona.eu\/wp-content\/uploads\/2023\/02\/1_strategy_slide-300x60.jpg",300,60,true],"medium_large":["https:\/\/ibecbarcelona.eu\/wp-content\/uploads\/2023\/02\/1_strategy_slide-768x154.jpg",768,154,true],"large":["https:\/\/ibecbarcelona.eu\/wp-content\/uploads\/2023\/02\/1_strategy_slide-1024x205.jpg",1024,205,true]},"AFP_attachments":[],"AFP_videos":[],"AFP_video_blocks":"","AFP_category_names":[],"_links":{"self":[{"href":"https:\/\/ibecbarcelona.eu\/es\/wp-json\/wp\/v2\/pages\/104423","targetHints":{"allow":["GET"]}}],"collection":[{"href":"https:\/\/ibecbarcelona.eu\/es\/wp-json\/wp\/v2\/pages"}],"about":[{"href":"https:\/\/ibecbarcelona.eu\/es\/wp-json\/wp\/v2\/types\/page"}],"author":[{"embeddable":true,"href":"https:\/\/ibecbarcelona.eu\/es\/wp-json\/wp\/v2\/users\/4"}],"replies":[{"embeddable":true,"href":"https:\/\/ibecbarcelona.eu\/es\/wp-json\/wp\/v2\/comments?post=104423"}],"version-history":[{"count":4,"href":"https:\/\/ibecbarcelona.eu\/es\/wp-json\/wp\/v2\/pages\/104423\/revisions"}],"predecessor-version":[{"id":127269,"href":"https:\/\/ibecbarcelona.eu\/es\/wp-json\/wp\/v2\/pages\/104423\/revisions\/127269"}],"up":[{"embeddable":true,"href":"https:\/\/ibecbarcelona.eu\/es\/wp-json\/wp\/v2\/pages\/86277"}],"wp:featuredmedia":[{"embeddable":true,"href":"https:\/\/ibecbarcelona.eu\/es\/wp-json\/wp\/v2\/media\/104365"}],"wp:attachment":[{"href":"https:\/\/ibecbarcelona.eu\/es\/wp-json\/wp\/v2\/media?parent=104423"}],"wp:term":[{"taxonomy":"post_tag","embeddable":true,"href":"https:\/\/ibecbarcelona.eu\/es\/wp-json\/wp\/v2\/tags?post=104423"}],"curies":[{"name":"wp","href":"https:\/\/api.w.org\/{rel}","templated":true}]}}