
{"id":104522,"date":"2023-02-15T21:03:25","date_gmt":"2023-02-15T20:03:25","guid":{"rendered":"https:\/\/ibecbarcelona.eu\/about-us\/sustainable-practices\/travel-and-commuting\/"},"modified":"2025-07-21T10:45:39","modified_gmt":"2025-07-21T08:45:39","slug":"travel-and-commuting","status":"publish","type":"page","link":"https:\/\/ibecbarcelona.eu\/es\/about-us\/sustainable-practices\/travel-and-commuting\/","title":{"rendered":"Viajes y desplazamientos"},"content":{"rendered":"\n<p><a rel=\"noreferrer noopener\" href=\"https:\/\/pcb.us10.list-manage.com\/track\/click?u=67304c96a37fe05bbb8faa90b&amp;id=4c85b3f8ac&amp;e=12b2d3dbb4\" target=\"_blank\"><\/a><a rel=\"noreferrer noopener\" href=\"https:\/\/pcb.us10.list-manage.com\/track\/click?u=67304c96a37fe05bbb8faa90b&amp;id=4c85b3f8ac&amp;e=12b2d3dbb4\" target=\"_blank\"><\/a><\/p>\n\n\n\n<p><\/p>\n\n\n\n<div class=\"wp-block-columns is-layout-flex wp-container-core-columns-is-layout-9d6595d7 wp-block-columns-is-layout-flex\">\n<div class=\"wp-block-column is-layout-flow wp-block-column-is-layout-flow\" style=\"flex-basis:66.66%\">\n<p><\/p>\n\n\n\n<p>Actualmente, muchos centros de trabajo han impulsado pol\u00edticas de movilidad para reducir el n\u00famero de desplazamientos al trabajo en veh\u00edculos individuales, como el uso compartido de veh\u00edculos. Adem\u00e1s, se promueve cada vez m\u00e1s el uso del transporte p\u00fablico y otros medios de transporte sostenibles, como bicicletas, patinetes, etc., especialmente en grandes ciudades como Barcelona.<\/p>\n\n\n\n<p>En el IBEC queremos fomentar el uso de m\u00e9todos sostenibles para desplazarse al trabajo. Tambi\u00e9n queremos concienciar a los investigadores sobre la importancia de reducir los viajes en avi\u00f3n.<\/p>\n<\/div>\n\n\n\n<div class=\"wp-block-column is-layout-flow wp-block-column-is-layout-flow\" style=\"flex-basis:33.33%\">\n<figure class=\"wp-block-image alignwide size-full\"><img decoding=\"async\" width=\"334\" height=\"363\" data-src=\"https:\/\/ibecbarcelona.eu\/wp-content\/uploads\/2023\/02\/image-21.png\" alt=\"\" class=\"wp-image-104912 lazyload\" data-srcset=\"https:\/\/ibecbarcelona.eu\/wp-content\/uploads\/2023\/02\/image-21.png 334w, https:\/\/ibecbarcelona.eu\/wp-content\/uploads\/2023\/02\/image-21-276x300.png 276w\" data-sizes=\"(max-width: 334px) 100vw, 334px\" src=\"data:image\/svg+xml;base64,PHN2ZyB3aWR0aD0iMSIgaGVpZ2h0PSIxIiB4bWxucz0iaHR0cDovL3d3dy53My5vcmcvMjAwMC9zdmciPjwvc3ZnPg==\" style=\"--smush-placeholder-width: 334px; --smush-placeholder-aspect-ratio: 334\/363;\" \/><\/figure>\n<\/div>\n<\/div>\n\n\n\n<p><\/p>\n\n\n\n<p>Ejemplos de acciones:<\/p>\n\n\n\n<div class=\"wp-block-columns is-layout-flex wp-container-core-columns-is-layout-9d6595d7 wp-block-columns-is-layout-flex\">\n<div class=\"wp-block-column is-layout-flow wp-block-column-is-layout-flow\">\n<figure class=\"wp-block-image size-full\"><img decoding=\"async\" width=\"621\" height=\"382\" data-src=\"https:\/\/ibecbarcelona.eu\/wp-content\/uploads\/2023\/02\/image-18.png\" alt=\"\" class=\"wp-image-104894 lazyload\" data-srcset=\"https:\/\/ibecbarcelona.eu\/wp-content\/uploads\/2023\/02\/image-18.png 621w, https:\/\/ibecbarcelona.eu\/wp-content\/uploads\/2023\/02\/image-18-300x185.png 300w\" data-sizes=\"(max-width: 621px) 100vw, 621px\" src=\"data:image\/svg+xml;base64,PHN2ZyB3aWR0aD0iMSIgaGVpZ2h0PSIxIiB4bWxucz0iaHR0cDovL3d3dy53My5vcmcvMjAwMC9zdmciPjwvc3ZnPg==\" style=\"--smush-placeholder-width: 621px; --smush-placeholder-aspect-ratio: 621\/382;\" \/><\/figure>\n<\/div>\n\n\n\n<div class=\"wp-block-column is-layout-flow wp-block-column-is-layout-flow\">\n<figure class=\"wp-block-image size-full\"><a href=\"https:\/\/earth.google.com\/web\/@41.39460449,2.14653275,57.01650623a,22150.26728723d,30.00057643y,0h,0t,0r\/data=MikKJwolCiExWUFLcERWUGZJZXpTM3R2TUpsMzlYTUxybllkRDZwREYgAQ\"><img decoding=\"async\" width=\"626\" height=\"383\" data-src=\"https:\/\/ibecbarcelona.eu\/wp-content\/uploads\/2023\/02\/image-19.png\" alt=\"\" class=\"wp-image-104897 lazyload\" data-srcset=\"https:\/\/ibecbarcelona.eu\/wp-content\/uploads\/2023\/02\/image-19.png 626w, https:\/\/ibecbarcelona.eu\/wp-content\/uploads\/2023\/02\/image-19-300x184.png 300w\" data-sizes=\"(max-width: 626px) 100vw, 626px\" src=\"data:image\/svg+xml;base64,PHN2ZyB3aWR0aD0iMSIgaGVpZ2h0PSIxIiB4bWxucz0iaHR0cDovL3d3dy53My5vcmcvMjAwMC9zdmciPjwvc3ZnPg==\" style=\"--smush-placeholder-width: 626px; --smush-placeholder-aspect-ratio: 626\/383;\" \/><\/a><\/figure>\n<\/div>\n<\/div>\n\n\n\n<p>Campa\u00f1a en el marco del D\u00eda de la Bicicleta al Trabajo. Se registraron y compartieron en un mapa todas las rutas ciclistas de la comunidad IBEC.<\/p>\n\n\n\n<hr class=\"wp-block-separator has-alpha-channel-opacity\"\/>\n\n\n\n<div class=\"wp-block-columns is-layout-flex wp-container-core-columns-is-layout-9d6595d7 wp-block-columns-is-layout-flex\">\n<div class=\"wp-block-column is-layout-flow wp-block-column-is-layout-flow\">\n<figure class=\"wp-block-image size-medium\"><img decoding=\"async\" width=\"300\" height=\"169\" data-src=\"https:\/\/ibecbarcelona.eu\/wp-content\/uploads\/2023\/02\/rear-view-blond-woman-waiting-train-platform-1-edited-300x169.jpg\" alt=\"\" class=\"wp-image-104921 lazyload\" data-srcset=\"https:\/\/ibecbarcelona.eu\/wp-content\/uploads\/2023\/02\/rear-view-blond-woman-waiting-train-platform-1-edited-300x169.jpg 300w, https:\/\/ibecbarcelona.eu\/wp-content\/uploads\/2023\/02\/rear-view-blond-woman-waiting-train-platform-1-edited-1024x576.jpg 1024w, https:\/\/ibecbarcelona.eu\/wp-content\/uploads\/2023\/02\/rear-view-blond-woman-waiting-train-platform-1-edited-768x432.jpg 768w, https:\/\/ibecbarcelona.eu\/wp-content\/uploads\/2023\/02\/rear-view-blond-woman-waiting-train-platform-1-edited.jpg 1500w\" data-sizes=\"(max-width: 300px) 100vw, 300px\" src=\"data:image\/svg+xml;base64,PHN2ZyB3aWR0aD0iMSIgaGVpZ2h0PSIxIiB4bWxucz0iaHR0cDovL3d3dy53My5vcmcvMjAwMC9zdmciPjwvc3ZnPg==\" style=\"--smush-placeholder-width: 300px; --smush-placeholder-aspect-ratio: 300\/169;\" \/><\/figure>\n\n\n\n<p><\/p>\n<\/div>\n\n\n\n<div class=\"wp-block-column is-layout-flow wp-block-column-is-layout-flow\">\n<p><\/p>\n\n\n\n<p>Se ha incluido un mensaje en los formularios de viaje para animar a los investigadores y al personal directivo a utilizar transporte sostenible para viajes de trabajo y a no viajar si no es esencial.<\/p>\n<\/div>\n<\/div>\n\n\n\n<hr class=\"wp-block-separator has-alpha-channel-opacity\"\/>\n\n\n\n<div class=\"wp-block-columns is-layout-flex wp-container-core-columns-is-layout-9d6595d7 wp-block-columns-is-layout-flex\">\n<div class=\"wp-block-column is-layout-flow wp-block-column-is-layout-flow\">\n<figure class=\"wp-block-image size-medium\"><img decoding=\"async\" width=\"300\" height=\"169\" data-src=\"https:\/\/ibecbarcelona.eu\/wp-content\/uploads\/2023\/02\/car-service-icon-sign-symbol-edited-1-300x169.jpg\" alt=\"\" class=\"wp-image-104915 lazyload\" data-srcset=\"https:\/\/ibecbarcelona.eu\/wp-content\/uploads\/2023\/02\/car-service-icon-sign-symbol-edited-1-300x169.jpg 300w, https:\/\/ibecbarcelona.eu\/wp-content\/uploads\/2023\/02\/car-service-icon-sign-symbol-edited-1-1024x576.jpg 1024w, https:\/\/ibecbarcelona.eu\/wp-content\/uploads\/2023\/02\/car-service-icon-sign-symbol-edited-1-768x432.jpg 768w, https:\/\/ibecbarcelona.eu\/wp-content\/uploads\/2023\/02\/car-service-icon-sign-symbol-edited-1-1536x864.jpg 1536w, https:\/\/ibecbarcelona.eu\/wp-content\/uploads\/2023\/02\/car-service-icon-sign-symbol-edited-1-2048x1152.jpg 2048w\" data-sizes=\"(max-width: 300px) 100vw, 300px\" src=\"data:image\/svg+xml;base64,PHN2ZyB3aWR0aD0iMSIgaGVpZ2h0PSIxIiB4bWxucz0iaHR0cDovL3d3dy53My5vcmcvMjAwMC9zdmciPjwvc3ZnPg==\" style=\"--smush-placeholder-width: 300px; --smush-placeholder-aspect-ratio: 300\/169;\" \/><\/figure>\n<\/div>\n\n\n\n<div class=\"wp-block-column is-layout-flow wp-block-column-is-layout-flow\">\n<p><\/p>\n\n\n\n<p>Junto con el PCB, el IBEC ha impulsado un sistema de coche compartido. Puede encontrar m\u00e1s informaci\u00f3n en <a href=\"https:\/\/www.pcb.ub.edu\/en\/carpooling\/\">car pooling webpage<\/a>.<\/p>\n<\/div>\n<\/div>\n\n\n\n<hr class=\"wp-block-separator has-alpha-channel-opacity\"\/>\n\n\n\n<div class=\"wp-block-columns is-layout-flex wp-container-core-columns-is-layout-9d6595d7 wp-block-columns-is-layout-flex\">\n<div class=\"wp-block-column is-layout-flow wp-block-column-is-layout-flow\">\n<figure class=\"wp-block-image size-large\"><img decoding=\"async\" width=\"1024\" height=\"539\" data-src=\"https:\/\/ibecbarcelona.eu\/wp-content\/uploads\/2023\/02\/crosswalk-with-blur-people-1024x539.jpg\" alt=\"\" class=\"wp-image-105057 lazyload\" data-srcset=\"https:\/\/ibecbarcelona.eu\/wp-content\/uploads\/2023\/02\/crosswalk-with-blur-people-1024x539.jpg 1024w, https:\/\/ibecbarcelona.eu\/wp-content\/uploads\/2023\/02\/crosswalk-with-blur-people-300x158.jpg 300w, https:\/\/ibecbarcelona.eu\/wp-content\/uploads\/2023\/02\/crosswalk-with-blur-people-768x404.jpg 768w, https:\/\/ibecbarcelona.eu\/wp-content\/uploads\/2023\/02\/crosswalk-with-blur-people.jpg 1500w\" data-sizes=\"(max-width: 1024px) 100vw, 1024px\" src=\"data:image\/svg+xml;base64,PHN2ZyB3aWR0aD0iMSIgaGVpZ2h0PSIxIiB4bWxucz0iaHR0cDovL3d3dy53My5vcmcvMjAwMC9zdmciPjwvc3ZnPg==\" style=\"--smush-placeholder-width: 1024px; --smush-placeholder-aspect-ratio: 1024\/539;\" \/><\/figure>\n<\/div>\n\n\n\n<div class=\"wp-block-column is-layout-flow wp-block-column-is-layout-flow\">\n<p><\/p>\n\n\n\n<p>Encuesta e <a href=\"https:\/\/ibecbarcelona.eu\/wp-content\/uploads\/2023\/02\/Survey-Commuting-11_2021.pdf\">informe <\/a>sobre los h\u00e1bitos de desplazamiento del personal del IBEC.<\/p>\n<\/div>\n<\/div>\n\n\n\n<hr class=\"wp-block-separator has-alpha-channel-opacity\"\/>\n\n\n\n<p>Recursos y consejos \u00fatiles para desplazamientos sostenibles:<\/p>\n\n\n\n<ul class=\"wp-block-list\">\n<li><a href=\"https:\/\/w33.bcn.cat\/planolBCN\/es\/guia\/act\/carril-bici-K023,puntos-de-anclaje-de-bicicletas-K021\/zoom\/4\/position\/426088,4581615\/\">Mapa \u00fatil con carriles bici y plazas de aparcamiento en Barcelona.<\/a><\/li>\n\n\n\n<li>En el <a href=\"https:\/\/www.pcb.ub.edu\/es\/entra-en-funcionamiento-el-nuevo-aparcamiento-publico-del-parc-cientific-barcelona\/\">aparcamiento del PCB hay plazas gratuitas para bicicletas y patinetes el\u00e9ctricos.<\/a> Solo necesitas registrarte y traer tu propio candado.<\/li>\n\n\n\n<li>Tambi\u00e9n puedes usar los <a href=\"https:\/\/www.pcb.ub.edu\/en\/leasing-of-spaces\/other-services-associated-with-the-spaces\/\">vestuarios del PCB<\/a>, equipados con taquillas y duchas.<\/li>\n\n\n\n<li>Informaci\u00f3n detallada sobre la <a href=\"https:\/\/ajuntament.barcelona.cat\/bicicleta\/en\/opting-for-bicycles\">\u00abEstrategia de la Bicicleta para Barcelona\u00bb.<\/a><\/li>\n<\/ul>\n","protected":false},"excerpt":{"rendered":"<p>Actualmente, muchos centros de trabajo han impulsado pol\u00edticas de movilidad para reducir el n\u00famero de desplazamientos al trabajo en veh\u00edculos individuales, como el uso compartido de veh\u00edculos. Adem\u00e1s, se promueve &#8230; <a title=\"Viajes y desplazamientos\" class=\"read-more\" href=\"https:\/\/ibecbarcelona.eu\/es\/about-us\/sustainable-practices\/travel-and-commuting\/\" aria-label=\"More on Viajes y desplazamientos\">Read more<\/a><\/p>\n","protected":false},"author":4,"featured_media":104401,"parent":86277,"menu_order":0,"comment_status":"closed","ping_status":"closed","template":"","meta":{"footnotes":""},"tags":[],"class_list":["post-104522","page","type-page","status-publish","has-post-thumbnail"],"yoast_head":"<!-- This site is optimized with the Yoast SEO plugin v27.4 - https:\/\/yoast.com\/product\/yoast-seo-wordpress\/ -->\n<title>Viajes y desplazamientos - Institute for Bioengineering of Catalonia<\/title>\n<meta name=\"robots\" content=\"index, follow, max-snippet:-1, max-image-preview:large, max-video-preview:-1\" \/>\n<link rel=\"canonical\" href=\"https:\/\/ibecbarcelona.eu\/es\/about-us\/sustainable-practices\/travel-and-commuting\/\" \/>\n<meta property=\"og:locale\" content=\"es_ES\" \/>\n<meta property=\"og:type\" content=\"article\" \/>\n<meta property=\"og:title\" content=\"Viajes y desplazamientos - Institute for Bioengineering of Catalonia\" \/>\n<meta property=\"og:description\" content=\"Actualmente, muchos centros de trabajo han impulsado pol\u00edticas de movilidad para reducir el n\u00famero de desplazamientos al trabajo en veh\u00edculos individuales, como el uso compartido de veh\u00edculos. Adem\u00e1s, se promueve ... Read more\" \/>\n<meta property=\"og:url\" content=\"https:\/\/ibecbarcelona.eu\/es\/about-us\/sustainable-practices\/travel-and-commuting\/\" \/>\n<meta property=\"og:site_name\" content=\"Institute for Bioengineering of Catalonia\" \/>\n<meta property=\"article:modified_time\" content=\"2025-07-21T08:45:39+00:00\" \/>\n<meta property=\"og:image\" content=\"https:\/\/ibecbarcelona.eu\/wp-content\/uploads\/2023\/02\/7_travel_slide.jpg\" \/>\n\t<meta property=\"og:image:width\" content=\"2000\" \/>\n\t<meta property=\"og:image:height\" content=\"400\" \/>\n\t<meta property=\"og:image:type\" content=\"image\/jpeg\" \/>\n<meta name=\"twitter:card\" content=\"summary_large_image\" \/>\n<meta name=\"twitter:label1\" content=\"Tiempo de lectura\" \/>\n\t<meta name=\"twitter:data1\" content=\"3 minutos\" \/>\n<script type=\"application\/ld+json\" class=\"yoast-schema-graph\">{\"@context\":\"https:\\\/\\\/schema.org\",\"@graph\":[{\"@type\":\"WebPage\",\"@id\":\"https:\\\/\\\/ibecbarcelona.eu\\\/es\\\/about-us\\\/sustainable-practices\\\/travel-and-commuting\\\/\",\"url\":\"https:\\\/\\\/ibecbarcelona.eu\\\/es\\\/about-us\\\/sustainable-practices\\\/travel-and-commuting\\\/\",\"name\":\"Viajes y desplazamientos - Institute for Bioengineering of Catalonia\",\"isPartOf\":{\"@id\":\"https:\\\/\\\/ibecbarcelona.eu\\\/#website\"},\"primaryImageOfPage\":{\"@id\":\"https:\\\/\\\/ibecbarcelona.eu\\\/es\\\/about-us\\\/sustainable-practices\\\/travel-and-commuting\\\/#primaryimage\"},\"image\":{\"@id\":\"https:\\\/\\\/ibecbarcelona.eu\\\/es\\\/about-us\\\/sustainable-practices\\\/travel-and-commuting\\\/#primaryimage\"},\"thumbnailUrl\":\"https:\\\/\\\/ibecbarcelona.eu\\\/wp-content\\\/uploads\\\/2023\\\/02\\\/7_travel_slide.jpg\",\"datePublished\":\"2023-02-15T20:03:25+00:00\",\"dateModified\":\"2025-07-21T08:45:39+00:00\",\"breadcrumb\":{\"@id\":\"https:\\\/\\\/ibecbarcelona.eu\\\/es\\\/about-us\\\/sustainable-practices\\\/travel-and-commuting\\\/#breadcrumb\"},\"inLanguage\":\"es\",\"potentialAction\":[{\"@type\":\"ReadAction\",\"target\":[\"https:\\\/\\\/ibecbarcelona.eu\\\/es\\\/about-us\\\/sustainable-practices\\\/travel-and-commuting\\\/\"]}]},{\"@type\":\"ImageObject\",\"inLanguage\":\"es\",\"@id\":\"https:\\\/\\\/ibecbarcelona.eu\\\/es\\\/about-us\\\/sustainable-practices\\\/travel-and-commuting\\\/#primaryimage\",\"url\":\"https:\\\/\\\/ibecbarcelona.eu\\\/wp-content\\\/uploads\\\/2023\\\/02\\\/7_travel_slide.jpg\",\"contentUrl\":\"https:\\\/\\\/ibecbarcelona.eu\\\/wp-content\\\/uploads\\\/2023\\\/02\\\/7_travel_slide.jpg\",\"width\":2000,\"height\":400},{\"@type\":\"BreadcrumbList\",\"@id\":\"https:\\\/\\\/ibecbarcelona.eu\\\/es\\\/about-us\\\/sustainable-practices\\\/travel-and-commuting\\\/#breadcrumb\",\"itemListElement\":[{\"@type\":\"ListItem\",\"position\":1,\"name\":\"Home\",\"item\":\"https:\\\/\\\/ibecbarcelona.eu\\\/es\\\/\"},{\"@type\":\"ListItem\",\"position\":2,\"name\":\"Sobre nosotros\",\"item\":\"https:\\\/\\\/ibecbarcelona.eu\\\/es\\\/sobre-nosotros\\\/\"},{\"@type\":\"ListItem\",\"position\":3,\"name\":\"Investigaci\u00f3n sostenible\",\"item\":\"https:\\\/\\\/ibecbarcelona.eu\\\/es\\\/sobre-nosotros\\\/investigacion-sostenible\\\/\"},{\"@type\":\"ListItem\",\"position\":4,\"name\":\"Viajes y desplazamientos\"}]},{\"@type\":\"WebSite\",\"@id\":\"https:\\\/\\\/ibecbarcelona.eu\\\/#website\",\"url\":\"https:\\\/\\\/ibecbarcelona.eu\\\/\",\"name\":\"Institute for Bioengineering of Catalonia\",\"description\":\"Bioengineering solutions for health\",\"publisher\":{\"@id\":\"https:\\\/\\\/ibecbarcelona.eu\\\/#organization\"},\"potentialAction\":[{\"@type\":\"SearchAction\",\"target\":{\"@type\":\"EntryPoint\",\"urlTemplate\":\"https:\\\/\\\/ibecbarcelona.eu\\\/?s={search_term_string}\"},\"query-input\":{\"@type\":\"PropertyValueSpecification\",\"valueRequired\":true,\"valueName\":\"search_term_string\"}}],\"inLanguage\":\"es\"},{\"@type\":\"Organization\",\"@id\":\"https:\\\/\\\/ibecbarcelona.eu\\\/#organization\",\"name\":\"Institute for Bioengineering of Catalonia\",\"url\":\"https:\\\/\\\/ibecbarcelona.eu\\\/\",\"logo\":{\"@type\":\"ImageObject\",\"inLanguage\":\"es\",\"@id\":\"https:\\\/\\\/ibecbarcelona.eu\\\/#\\\/schema\\\/logo\\\/image\\\/\",\"url\":\"https:\\\/\\\/ibecbarcelona.eu\\\/wp-content\\\/uploads\\\/2026\\\/01\\\/cropped-IBEC_20ANYS_GRIS.png\",\"contentUrl\":\"https:\\\/\\\/ibecbarcelona.eu\\\/wp-content\\\/uploads\\\/2026\\\/01\\\/cropped-IBEC_20ANYS_GRIS.png\",\"width\":696,\"height\":257,\"caption\":\"Institute for Bioengineering of Catalonia\"},\"image\":{\"@id\":\"https:\\\/\\\/ibecbarcelona.eu\\\/#\\\/schema\\\/logo\\\/image\\\/\"}}]}<\/script>\n<!-- \/ Yoast SEO plugin. -->","yoast_head_json":{"title":"Viajes y desplazamientos - Institute for Bioengineering of Catalonia","robots":{"index":"index","follow":"follow","max-snippet":"max-snippet:-1","max-image-preview":"max-image-preview:large","max-video-preview":"max-video-preview:-1"},"canonical":"https:\/\/ibecbarcelona.eu\/es\/about-us\/sustainable-practices\/travel-and-commuting\/","og_locale":"es_ES","og_type":"article","og_title":"Viajes y desplazamientos - Institute for Bioengineering of Catalonia","og_description":"Actualmente, muchos centros de trabajo han impulsado pol\u00edticas de movilidad para reducir el n\u00famero de desplazamientos al trabajo en veh\u00edculos individuales, como el uso compartido de veh\u00edculos. Adem\u00e1s, se promueve ... Read more","og_url":"https:\/\/ibecbarcelona.eu\/es\/about-us\/sustainable-practices\/travel-and-commuting\/","og_site_name":"Institute for Bioengineering of Catalonia","article_modified_time":"2025-07-21T08:45:39+00:00","og_image":[{"width":2000,"height":400,"url":"https:\/\/ibecbarcelona.eu\/wp-content\/uploads\/2023\/02\/7_travel_slide.jpg","type":"image\/jpeg"}],"twitter_card":"summary_large_image","twitter_misc":{"Tiempo de lectura":"3 minutos"},"schema":{"@context":"https:\/\/schema.org","@graph":[{"@type":"WebPage","@id":"https:\/\/ibecbarcelona.eu\/es\/about-us\/sustainable-practices\/travel-and-commuting\/","url":"https:\/\/ibecbarcelona.eu\/es\/about-us\/sustainable-practices\/travel-and-commuting\/","name":"Viajes y desplazamientos - Institute for Bioengineering of Catalonia","isPartOf":{"@id":"https:\/\/ibecbarcelona.eu\/#website"},"primaryImageOfPage":{"@id":"https:\/\/ibecbarcelona.eu\/es\/about-us\/sustainable-practices\/travel-and-commuting\/#primaryimage"},"image":{"@id":"https:\/\/ibecbarcelona.eu\/es\/about-us\/sustainable-practices\/travel-and-commuting\/#primaryimage"},"thumbnailUrl":"https:\/\/ibecbarcelona.eu\/wp-content\/uploads\/2023\/02\/7_travel_slide.jpg","datePublished":"2023-02-15T20:03:25+00:00","dateModified":"2025-07-21T08:45:39+00:00","breadcrumb":{"@id":"https:\/\/ibecbarcelona.eu\/es\/about-us\/sustainable-practices\/travel-and-commuting\/#breadcrumb"},"inLanguage":"es","potentialAction":[{"@type":"ReadAction","target":["https:\/\/ibecbarcelona.eu\/es\/about-us\/sustainable-practices\/travel-and-commuting\/"]}]},{"@type":"ImageObject","inLanguage":"es","@id":"https:\/\/ibecbarcelona.eu\/es\/about-us\/sustainable-practices\/travel-and-commuting\/#primaryimage","url":"https:\/\/ibecbarcelona.eu\/wp-content\/uploads\/2023\/02\/7_travel_slide.jpg","contentUrl":"https:\/\/ibecbarcelona.eu\/wp-content\/uploads\/2023\/02\/7_travel_slide.jpg","width":2000,"height":400},{"@type":"BreadcrumbList","@id":"https:\/\/ibecbarcelona.eu\/es\/about-us\/sustainable-practices\/travel-and-commuting\/#breadcrumb","itemListElement":[{"@type":"ListItem","position":1,"name":"Home","item":"https:\/\/ibecbarcelona.eu\/es\/"},{"@type":"ListItem","position":2,"name":"Sobre nosotros","item":"https:\/\/ibecbarcelona.eu\/es\/sobre-nosotros\/"},{"@type":"ListItem","position":3,"name":"Investigaci\u00f3n sostenible","item":"https:\/\/ibecbarcelona.eu\/es\/sobre-nosotros\/investigacion-sostenible\/"},{"@type":"ListItem","position":4,"name":"Viajes y desplazamientos"}]},{"@type":"WebSite","@id":"https:\/\/ibecbarcelona.eu\/#website","url":"https:\/\/ibecbarcelona.eu\/","name":"Institute for Bioengineering of Catalonia","description":"Bioengineering solutions for health","publisher":{"@id":"https:\/\/ibecbarcelona.eu\/#organization"},"potentialAction":[{"@type":"SearchAction","target":{"@type":"EntryPoint","urlTemplate":"https:\/\/ibecbarcelona.eu\/?s={search_term_string}"},"query-input":{"@type":"PropertyValueSpecification","valueRequired":true,"valueName":"search_term_string"}}],"inLanguage":"es"},{"@type":"Organization","@id":"https:\/\/ibecbarcelona.eu\/#organization","name":"Institute for Bioengineering of Catalonia","url":"https:\/\/ibecbarcelona.eu\/","logo":{"@type":"ImageObject","inLanguage":"es","@id":"https:\/\/ibecbarcelona.eu\/#\/schema\/logo\/image\/","url":"https:\/\/ibecbarcelona.eu\/wp-content\/uploads\/2026\/01\/cropped-IBEC_20ANYS_GRIS.png","contentUrl":"https:\/\/ibecbarcelona.eu\/wp-content\/uploads\/2026\/01\/cropped-IBEC_20ANYS_GRIS.png","width":696,"height":257,"caption":"Institute for Bioengineering of Catalonia"},"image":{"@id":"https:\/\/ibecbarcelona.eu\/#\/schema\/logo\/image\/"}}]}},"AFP_featured_media_urls":{"full":["https:\/\/ibecbarcelona.eu\/wp-content\/uploads\/2023\/02\/7_travel_slide.jpg",2000,400,false],"thumbnail":["https:\/\/ibecbarcelona.eu\/wp-content\/uploads\/2023\/02\/7_travel_slide-150x150.jpg",150,150,true],"medium":["https:\/\/ibecbarcelona.eu\/wp-content\/uploads\/2023\/02\/7_travel_slide-300x60.jpg",300,60,true],"medium_large":["https:\/\/ibecbarcelona.eu\/wp-content\/uploads\/2023\/02\/7_travel_slide-768x154.jpg",768,154,true],"large":["https:\/\/ibecbarcelona.eu\/wp-content\/uploads\/2023\/02\/7_travel_slide-1024x205.jpg",1024,205,true]},"AFP_attachments":{"full":["https:\/\/ibecbarcelona.eu\/wp-content\/uploads\/2023\/02\/crosswalk-with-blur-people.jpg",1500,790,false],"thumbnail":["https:\/\/ibecbarcelona.eu\/wp-content\/uploads\/2023\/02\/crosswalk-with-blur-people-150x150.jpg",150,150,true],"medium":["https:\/\/ibecbarcelona.eu\/wp-content\/uploads\/2023\/02\/crosswalk-with-blur-people-300x158.jpg",300,158,true],"medium_large":["https:\/\/ibecbarcelona.eu\/wp-content\/uploads\/2023\/02\/crosswalk-with-blur-people-768x404.jpg",768,404,true],"large":["https:\/\/ibecbarcelona.eu\/wp-content\/uploads\/2023\/02\/crosswalk-with-blur-people-1024x539.jpg",1024,539,true]},"AFP_videos":[],"AFP_video_blocks":"","AFP_category_names":[],"_links":{"self":[{"href":"https:\/\/ibecbarcelona.eu\/es\/wp-json\/wp\/v2\/pages\/104522","targetHints":{"allow":["GET"]}}],"collection":[{"href":"https:\/\/ibecbarcelona.eu\/es\/wp-json\/wp\/v2\/pages"}],"about":[{"href":"https:\/\/ibecbarcelona.eu\/es\/wp-json\/wp\/v2\/types\/page"}],"author":[{"embeddable":true,"href":"https:\/\/ibecbarcelona.eu\/es\/wp-json\/wp\/v2\/users\/4"}],"replies":[{"embeddable":true,"href":"https:\/\/ibecbarcelona.eu\/es\/wp-json\/wp\/v2\/comments?post=104522"}],"version-history":[{"count":7,"href":"https:\/\/ibecbarcelona.eu\/es\/wp-json\/wp\/v2\/pages\/104522\/revisions"}],"predecessor-version":[{"id":127591,"href":"https:\/\/ibecbarcelona.eu\/es\/wp-json\/wp\/v2\/pages\/104522\/revisions\/127591"}],"up":[{"embeddable":true,"href":"https:\/\/ibecbarcelona.eu\/es\/wp-json\/wp\/v2\/pages\/86277"}],"wp:featuredmedia":[{"embeddable":true,"href":"https:\/\/ibecbarcelona.eu\/es\/wp-json\/wp\/v2\/media\/104401"}],"wp:attachment":[{"href":"https:\/\/ibecbarcelona.eu\/es\/wp-json\/wp\/v2\/media?parent=104522"}],"wp:term":[{"taxonomy":"post_tag","embeddable":true,"href":"https:\/\/ibecbarcelona.eu\/es\/wp-json\/wp\/v2\/tags?post=104522"}],"curies":[{"name":"wp","href":"https:\/\/api.w.org\/{rel}","templated":true}]}}