
{"id":104529,"date":"2023-02-15T21:05:11","date_gmt":"2023-02-15T20:05:11","guid":{"rendered":"https:\/\/ibecbarcelona.eu\/about-us\/sustainable-practices\/research\/"},"modified":"2025-07-18T09:45:39","modified_gmt":"2025-07-18T07:45:39","slug":"research","status":"publish","type":"page","link":"https:\/\/ibecbarcelona.eu\/es\/about-us\/sustainable-practices\/research\/","title":{"rendered":"Investigaci\u00f3n"},"content":{"rendered":"\n<p>El cambio clim\u00e1tico y la contaminaci\u00f3n ya est\u00e1n afectando la salud y el bienestar de millones de personas. La bioingenier\u00eda es una herramienta poderosa para estudiar, prevenir y mitigar estos efectos negativos. Como parte de su misi\u00f3n, el IBEC busca contribuir a la investigaci\u00f3n y la innovaci\u00f3n en materia de sostenibilidad energ\u00e9tica y ambiental.<\/p>\n\n\n\n<div class=\"wp-block-columns is-layout-flex wp-container-core-columns-is-layout-9d6595d7 wp-block-columns-is-layout-flex\">\n<div class=\"wp-block-column is-layout-flow wp-block-column-is-layout-flow\">\n<figure class=\"wp-block-image size-full\"><img decoding=\"async\" width=\"768\" height=\"432\" data-src=\"https:\/\/ibecbarcelona.eu\/wp-content\/uploads\/2023\/02\/image-30-edited.png\" alt=\"\" class=\"wp-image-105036 lazyload\" data-srcset=\"https:\/\/ibecbarcelona.eu\/wp-content\/uploads\/2023\/02\/image-30-edited.png 768w, https:\/\/ibecbarcelona.eu\/wp-content\/uploads\/2023\/02\/image-30-edited-300x169.png 300w\" data-sizes=\"(max-width: 768px) 100vw, 768px\" src=\"data:image\/svg+xml;base64,PHN2ZyB3aWR0aD0iMSIgaGVpZ2h0PSIxIiB4bWxucz0iaHR0cDovL3d3dy53My5vcmcvMjAwMC9zdmciPjwvc3ZnPg==\" style=\"--smush-placeholder-width: 768px; --smush-placeholder-aspect-ratio: 768\/432;\" \/><\/figure>\n\n\n\n<p><a href=\"https:\/\/ibecbarcelona.eu\/es\/la-nariz-electronica-de-un-dron-detecta-el-hedor-de-plantas-de-aguas-residuales\/\"><\/a><a href=\"https:\/\/ibecbarcelona.eu\/ca\/el-nas-electronic-dun-dron-detecta-la-pudor-de-plantes-daigues-residuals\/\">Una nariz electr\u00f3nica en un dron detecta el mal olor de una planta de aguas residuales<\/a><\/p>\n<\/div>\n\n\n\n<div class=\"wp-block-column is-layout-flow wp-block-column-is-layout-flow\">\n<figure class=\"wp-block-image size-full is-resized\"><img decoding=\"async\" width=\"150\" height=\"84\" data-src=\"https:\/\/ibecbarcelona.eu\/wp-content\/uploads\/2023\/02\/image-31-edited.png\" alt=\"\" class=\"wp-image-105039 lazyload\" style=\"--smush-placeholder-width: 150px; --smush-placeholder-aspect-ratio: 150\/84;width:768px\" src=\"data:image\/svg+xml;base64,PHN2ZyB3aWR0aD0iMSIgaGVpZ2h0PSIxIiB4bWxucz0iaHR0cDovL3d3dy53My5vcmcvMjAwMC9zdmciPjwvc3ZnPg==\" \/><\/figure>\n\n\n\n<p><a href=\"https:\/\/ibecbarcelona.eu\/es\/pequenos-microrrobots-que-limpian-el-agua\/\"><\/a><a href=\"https:\/\/ibecbarcelona.eu\/ca\/petits-microrrobots-que-netegen-laigua\/\">Peque\u00f1os microbots que pueden limpiar el agua<\/a><\/p>\n<\/div>\n\n\n\n<div class=\"wp-block-column is-layout-flow wp-block-column-is-layout-flow\"><\/div>\n<\/div>\n\n\n\n<p><\/p>\n","protected":false},"excerpt":{"rendered":"<p>El cambio clim\u00e1tico y la contaminaci\u00f3n ya est\u00e1n afectando la salud y el bienestar de millones de personas. La bioingenier\u00eda es una herramienta poderosa para estudiar, prevenir y mitigar estos &#8230; <a title=\"Investigaci\u00f3n\" class=\"read-more\" href=\"https:\/\/ibecbarcelona.eu\/es\/about-us\/sustainable-practices\/research\/\" aria-label=\"More on Investigaci\u00f3n\">Read more<\/a><\/p>\n","protected":false},"author":4,"featured_media":104407,"parent":86277,"menu_order":0,"comment_status":"closed","ping_status":"closed","template":"","meta":{"footnotes":""},"tags":[],"class_list":["post-104529","page","type-page","status-publish","has-post-thumbnail"],"yoast_head":"<!-- This site is optimized with the Yoast SEO plugin v27.4 - https:\/\/yoast.com\/product\/yoast-seo-wordpress\/ -->\n<title>Investigaci\u00f3n - Institute for Bioengineering of Catalonia<\/title>\n<meta name=\"robots\" content=\"index, follow, max-snippet:-1, max-image-preview:large, max-video-preview:-1\" \/>\n<link rel=\"canonical\" href=\"https:\/\/ibecbarcelona.eu\/es\/about-us\/sustainable-practices\/research\/\" \/>\n<meta property=\"og:locale\" content=\"es_ES\" \/>\n<meta property=\"og:type\" content=\"article\" \/>\n<meta property=\"og:title\" content=\"Investigaci\u00f3n - Institute for Bioengineering of Catalonia\" \/>\n<meta property=\"og:description\" content=\"El cambio clim\u00e1tico y la contaminaci\u00f3n ya est\u00e1n afectando la salud y el bienestar de millones de personas. La bioingenier\u00eda es una herramienta poderosa para estudiar, prevenir y mitigar estos ... Read more\" \/>\n<meta property=\"og:url\" content=\"https:\/\/ibecbarcelona.eu\/es\/about-us\/sustainable-practices\/research\/\" \/>\n<meta property=\"og:site_name\" content=\"Institute for Bioengineering of Catalonia\" \/>\n<meta property=\"article:modified_time\" content=\"2025-07-18T07:45:39+00:00\" \/>\n<meta property=\"og:image\" content=\"https:\/\/ibecbarcelona.eu\/wp-content\/uploads\/2023\/02\/8_research_slidejpg.jpg\" \/>\n\t<meta property=\"og:image:width\" content=\"2000\" \/>\n\t<meta property=\"og:image:height\" content=\"400\" \/>\n\t<meta property=\"og:image:type\" content=\"image\/jpeg\" \/>\n<meta name=\"twitter:card\" content=\"summary_large_image\" \/>\n<meta name=\"twitter:label1\" content=\"Tiempo de lectura\" \/>\n\t<meta name=\"twitter:data1\" content=\"2 minutos\" \/>\n<script type=\"application\/ld+json\" class=\"yoast-schema-graph\">{\"@context\":\"https:\\\/\\\/schema.org\",\"@graph\":[{\"@type\":\"WebPage\",\"@id\":\"https:\\\/\\\/ibecbarcelona.eu\\\/es\\\/about-us\\\/sustainable-practices\\\/research\\\/\",\"url\":\"https:\\\/\\\/ibecbarcelona.eu\\\/es\\\/about-us\\\/sustainable-practices\\\/research\\\/\",\"name\":\"Investigaci\u00f3n - Institute for Bioengineering of Catalonia\",\"isPartOf\":{\"@id\":\"https:\\\/\\\/ibecbarcelona.eu\\\/#website\"},\"primaryImageOfPage\":{\"@id\":\"https:\\\/\\\/ibecbarcelona.eu\\\/es\\\/about-us\\\/sustainable-practices\\\/research\\\/#primaryimage\"},\"image\":{\"@id\":\"https:\\\/\\\/ibecbarcelona.eu\\\/es\\\/about-us\\\/sustainable-practices\\\/research\\\/#primaryimage\"},\"thumbnailUrl\":\"https:\\\/\\\/ibecbarcelona.eu\\\/wp-content\\\/uploads\\\/2023\\\/02\\\/8_research_slidejpg.jpg\",\"datePublished\":\"2023-02-15T20:05:11+00:00\",\"dateModified\":\"2025-07-18T07:45:39+00:00\",\"breadcrumb\":{\"@id\":\"https:\\\/\\\/ibecbarcelona.eu\\\/es\\\/about-us\\\/sustainable-practices\\\/research\\\/#breadcrumb\"},\"inLanguage\":\"es\",\"potentialAction\":[{\"@type\":\"ReadAction\",\"target\":[\"https:\\\/\\\/ibecbarcelona.eu\\\/es\\\/about-us\\\/sustainable-practices\\\/research\\\/\"]}]},{\"@type\":\"ImageObject\",\"inLanguage\":\"es\",\"@id\":\"https:\\\/\\\/ibecbarcelona.eu\\\/es\\\/about-us\\\/sustainable-practices\\\/research\\\/#primaryimage\",\"url\":\"https:\\\/\\\/ibecbarcelona.eu\\\/wp-content\\\/uploads\\\/2023\\\/02\\\/8_research_slidejpg.jpg\",\"contentUrl\":\"https:\\\/\\\/ibecbarcelona.eu\\\/wp-content\\\/uploads\\\/2023\\\/02\\\/8_research_slidejpg.jpg\",\"width\":2000,\"height\":400},{\"@type\":\"BreadcrumbList\",\"@id\":\"https:\\\/\\\/ibecbarcelona.eu\\\/es\\\/about-us\\\/sustainable-practices\\\/research\\\/#breadcrumb\",\"itemListElement\":[{\"@type\":\"ListItem\",\"position\":1,\"name\":\"Home\",\"item\":\"https:\\\/\\\/ibecbarcelona.eu\\\/es\\\/\"},{\"@type\":\"ListItem\",\"position\":2,\"name\":\"Sobre nosotros\",\"item\":\"https:\\\/\\\/ibecbarcelona.eu\\\/es\\\/sobre-nosotros\\\/\"},{\"@type\":\"ListItem\",\"position\":3,\"name\":\"Investigaci\u00f3n sostenible\",\"item\":\"https:\\\/\\\/ibecbarcelona.eu\\\/es\\\/sobre-nosotros\\\/investigacion-sostenible\\\/\"},{\"@type\":\"ListItem\",\"position\":4,\"name\":\"Investigaci\u00f3n\"}]},{\"@type\":\"WebSite\",\"@id\":\"https:\\\/\\\/ibecbarcelona.eu\\\/#website\",\"url\":\"https:\\\/\\\/ibecbarcelona.eu\\\/\",\"name\":\"Institute for Bioengineering of Catalonia\",\"description\":\"Bioengineering solutions for health\",\"publisher\":{\"@id\":\"https:\\\/\\\/ibecbarcelona.eu\\\/#organization\"},\"potentialAction\":[{\"@type\":\"SearchAction\",\"target\":{\"@type\":\"EntryPoint\",\"urlTemplate\":\"https:\\\/\\\/ibecbarcelona.eu\\\/?s={search_term_string}\"},\"query-input\":{\"@type\":\"PropertyValueSpecification\",\"valueRequired\":true,\"valueName\":\"search_term_string\"}}],\"inLanguage\":\"es\"},{\"@type\":\"Organization\",\"@id\":\"https:\\\/\\\/ibecbarcelona.eu\\\/#organization\",\"name\":\"Institute for Bioengineering of Catalonia\",\"url\":\"https:\\\/\\\/ibecbarcelona.eu\\\/\",\"logo\":{\"@type\":\"ImageObject\",\"inLanguage\":\"es\",\"@id\":\"https:\\\/\\\/ibecbarcelona.eu\\\/#\\\/schema\\\/logo\\\/image\\\/\",\"url\":\"https:\\\/\\\/ibecbarcelona.eu\\\/wp-content\\\/uploads\\\/2026\\\/01\\\/cropped-IBEC_20ANYS_GRIS.png\",\"contentUrl\":\"https:\\\/\\\/ibecbarcelona.eu\\\/wp-content\\\/uploads\\\/2026\\\/01\\\/cropped-IBEC_20ANYS_GRIS.png\",\"width\":696,\"height\":257,\"caption\":\"Institute for Bioengineering of Catalonia\"},\"image\":{\"@id\":\"https:\\\/\\\/ibecbarcelona.eu\\\/#\\\/schema\\\/logo\\\/image\\\/\"}}]}<\/script>\n<!-- \/ Yoast SEO plugin. -->","yoast_head_json":{"title":"Investigaci\u00f3n - Institute for Bioengineering of Catalonia","robots":{"index":"index","follow":"follow","max-snippet":"max-snippet:-1","max-image-preview":"max-image-preview:large","max-video-preview":"max-video-preview:-1"},"canonical":"https:\/\/ibecbarcelona.eu\/es\/about-us\/sustainable-practices\/research\/","og_locale":"es_ES","og_type":"article","og_title":"Investigaci\u00f3n - Institute for Bioengineering of Catalonia","og_description":"El cambio clim\u00e1tico y la contaminaci\u00f3n ya est\u00e1n afectando la salud y el bienestar de millones de personas. La bioingenier\u00eda es una herramienta poderosa para estudiar, prevenir y mitigar estos ... Read more","og_url":"https:\/\/ibecbarcelona.eu\/es\/about-us\/sustainable-practices\/research\/","og_site_name":"Institute for Bioengineering of Catalonia","article_modified_time":"2025-07-18T07:45:39+00:00","og_image":[{"width":2000,"height":400,"url":"https:\/\/ibecbarcelona.eu\/wp-content\/uploads\/2023\/02\/8_research_slidejpg.jpg","type":"image\/jpeg"}],"twitter_card":"summary_large_image","twitter_misc":{"Tiempo de lectura":"2 minutos"},"schema":{"@context":"https:\/\/schema.org","@graph":[{"@type":"WebPage","@id":"https:\/\/ibecbarcelona.eu\/es\/about-us\/sustainable-practices\/research\/","url":"https:\/\/ibecbarcelona.eu\/es\/about-us\/sustainable-practices\/research\/","name":"Investigaci\u00f3n - Institute for Bioengineering of Catalonia","isPartOf":{"@id":"https:\/\/ibecbarcelona.eu\/#website"},"primaryImageOfPage":{"@id":"https:\/\/ibecbarcelona.eu\/es\/about-us\/sustainable-practices\/research\/#primaryimage"},"image":{"@id":"https:\/\/ibecbarcelona.eu\/es\/about-us\/sustainable-practices\/research\/#primaryimage"},"thumbnailUrl":"https:\/\/ibecbarcelona.eu\/wp-content\/uploads\/2023\/02\/8_research_slidejpg.jpg","datePublished":"2023-02-15T20:05:11+00:00","dateModified":"2025-07-18T07:45:39+00:00","breadcrumb":{"@id":"https:\/\/ibecbarcelona.eu\/es\/about-us\/sustainable-practices\/research\/#breadcrumb"},"inLanguage":"es","potentialAction":[{"@type":"ReadAction","target":["https:\/\/ibecbarcelona.eu\/es\/about-us\/sustainable-practices\/research\/"]}]},{"@type":"ImageObject","inLanguage":"es","@id":"https:\/\/ibecbarcelona.eu\/es\/about-us\/sustainable-practices\/research\/#primaryimage","url":"https:\/\/ibecbarcelona.eu\/wp-content\/uploads\/2023\/02\/8_research_slidejpg.jpg","contentUrl":"https:\/\/ibecbarcelona.eu\/wp-content\/uploads\/2023\/02\/8_research_slidejpg.jpg","width":2000,"height":400},{"@type":"BreadcrumbList","@id":"https:\/\/ibecbarcelona.eu\/es\/about-us\/sustainable-practices\/research\/#breadcrumb","itemListElement":[{"@type":"ListItem","position":1,"name":"Home","item":"https:\/\/ibecbarcelona.eu\/es\/"},{"@type":"ListItem","position":2,"name":"Sobre nosotros","item":"https:\/\/ibecbarcelona.eu\/es\/sobre-nosotros\/"},{"@type":"ListItem","position":3,"name":"Investigaci\u00f3n sostenible","item":"https:\/\/ibecbarcelona.eu\/es\/sobre-nosotros\/investigacion-sostenible\/"},{"@type":"ListItem","position":4,"name":"Investigaci\u00f3n"}]},{"@type":"WebSite","@id":"https:\/\/ibecbarcelona.eu\/#website","url":"https:\/\/ibecbarcelona.eu\/","name":"Institute for Bioengineering of Catalonia","description":"Bioengineering solutions for health","publisher":{"@id":"https:\/\/ibecbarcelona.eu\/#organization"},"potentialAction":[{"@type":"SearchAction","target":{"@type":"EntryPoint","urlTemplate":"https:\/\/ibecbarcelona.eu\/?s={search_term_string}"},"query-input":{"@type":"PropertyValueSpecification","valueRequired":true,"valueName":"search_term_string"}}],"inLanguage":"es"},{"@type":"Organization","@id":"https:\/\/ibecbarcelona.eu\/#organization","name":"Institute for Bioengineering of Catalonia","url":"https:\/\/ibecbarcelona.eu\/","logo":{"@type":"ImageObject","inLanguage":"es","@id":"https:\/\/ibecbarcelona.eu\/#\/schema\/logo\/image\/","url":"https:\/\/ibecbarcelona.eu\/wp-content\/uploads\/2026\/01\/cropped-IBEC_20ANYS_GRIS.png","contentUrl":"https:\/\/ibecbarcelona.eu\/wp-content\/uploads\/2026\/01\/cropped-IBEC_20ANYS_GRIS.png","width":696,"height":257,"caption":"Institute for Bioengineering of Catalonia"},"image":{"@id":"https:\/\/ibecbarcelona.eu\/#\/schema\/logo\/image\/"}}]}},"AFP_featured_media_urls":{"full":["https:\/\/ibecbarcelona.eu\/wp-content\/uploads\/2023\/02\/8_research_slidejpg.jpg",2000,400,false],"thumbnail":["https:\/\/ibecbarcelona.eu\/wp-content\/uploads\/2023\/02\/8_research_slidejpg-150x150.jpg",150,150,true],"medium":["https:\/\/ibecbarcelona.eu\/wp-content\/uploads\/2023\/02\/8_research_slidejpg-300x60.jpg",300,60,true],"medium_large":["https:\/\/ibecbarcelona.eu\/wp-content\/uploads\/2023\/02\/8_research_slidejpg-768x154.jpg",768,154,true],"large":["https:\/\/ibecbarcelona.eu\/wp-content\/uploads\/2023\/02\/8_research_slidejpg-1024x205.jpg",1024,205,true]},"AFP_attachments":{"full":["https:\/\/ibecbarcelona.eu\/wp-content\/uploads\/2023\/02\/image-30.png",768,505,false],"thumbnail":["https:\/\/ibecbarcelona.eu\/wp-content\/uploads\/2023\/02\/image-30-150x150.png",150,150,true],"medium":["https:\/\/ibecbarcelona.eu\/wp-content\/uploads\/2023\/02\/image-30-300x197.png",300,197,true],"medium_large":["https:\/\/ibecbarcelona.eu\/wp-content\/uploads\/2023\/02\/image-30.png",768,505,false],"large":["https:\/\/ibecbarcelona.eu\/wp-content\/uploads\/2023\/02\/image-30.png",768,505,false]},"AFP_videos":[],"AFP_video_blocks":"","AFP_category_names":[],"_links":{"self":[{"href":"https:\/\/ibecbarcelona.eu\/es\/wp-json\/wp\/v2\/pages\/104529","targetHints":{"allow":["GET"]}}],"collection":[{"href":"https:\/\/ibecbarcelona.eu\/es\/wp-json\/wp\/v2\/pages"}],"about":[{"href":"https:\/\/ibecbarcelona.eu\/es\/wp-json\/wp\/v2\/types\/page"}],"author":[{"embeddable":true,"href":"https:\/\/ibecbarcelona.eu\/es\/wp-json\/wp\/v2\/users\/4"}],"replies":[{"embeddable":true,"href":"https:\/\/ibecbarcelona.eu\/es\/wp-json\/wp\/v2\/comments?post=104529"}],"version-history":[{"count":8,"href":"https:\/\/ibecbarcelona.eu\/es\/wp-json\/wp\/v2\/pages\/104529\/revisions"}],"predecessor-version":[{"id":127533,"href":"https:\/\/ibecbarcelona.eu\/es\/wp-json\/wp\/v2\/pages\/104529\/revisions\/127533"}],"up":[{"embeddable":true,"href":"https:\/\/ibecbarcelona.eu\/es\/wp-json\/wp\/v2\/pages\/86277"}],"wp:featuredmedia":[{"embeddable":true,"href":"https:\/\/ibecbarcelona.eu\/es\/wp-json\/wp\/v2\/media\/104407"}],"wp:attachment":[{"href":"https:\/\/ibecbarcelona.eu\/es\/wp-json\/wp\/v2\/media?parent=104529"}],"wp:term":[{"taxonomy":"post_tag","embeddable":true,"href":"https:\/\/ibecbarcelona.eu\/es\/wp-json\/wp\/v2\/tags?post=104529"}],"curies":[{"name":"wp","href":"https:\/\/api.w.org\/{rel}","templated":true}]}}