
{"id":108976,"date":"2023-06-21T15:38:59","date_gmt":"2023-06-21T13:38:59","guid":{"rendered":"https:\/\/ibecbarcelona.eu\/sociedad-y-ciencia\/inclusive-science\/"},"modified":"2023-07-26T11:30:48","modified_gmt":"2023-07-26T09:30:48","slug":"ciencia-inclusiva","status":"publish","type":"page","link":"https:\/\/ibecbarcelona.eu\/es\/sociedad-y-ciencia\/ciencia-inclusiva\/","title":{"rendered":"Ciencia inclusiva: atenci\u00f3n a la diversidad en los proyectos de educaci\u00f3n cient\u00edfica\u00a0"},"content":{"rendered":"\n<h4 class=\"wp-block-heading\">El proyecto ciencia inclusiva financiado por la FECYT pretende ser una ayuda para transformar las actividades y convertirlas en inclusivas, generando recursos que aseguren la atenci\u00f3n a la diversidad en los proyectos de educaci\u00f3n cient\u00edfica y divulgaci\u00f3n.&nbsp;<\/h4>\n\n\n\n<p>Queremos proporcionar las herramientas necesarias para transformar las propuestas de educaci\u00f3n cient\u00edfica en propuestas que aseguren la participaci\u00f3n y el provecho de todo el alumnado y ayudar a <strong>implementar la accesibilidad universal<\/strong> en actividades de educaci\u00f3n cient\u00edfica, para garantizar as\u00ed el acceso de todos los ni\u00f1os, ni\u00f1as y adolescentes a la cultura cient\u00edfica.&nbsp;<\/p>\n\n\n\n<p>Con este proyecto, hemos buscado f\u00f3rmulas que permitan acercarse al conocimiento cient\u00edfico desde diferentes \u00e1ngulos, dise\u00f1ando m\u00faltiples maneras de acceso a la informaci\u00f3n (visual, escrita, sensorial, etc), proporcionando espacios para la reflexi\u00f3n y garantizando el aprendizaje a diferentes ritmos de comprensi\u00f3n. Ponemos a disposici\u00f3n de la comunidad cient\u00edfica y de la comunidad educativa, herramientas, materiales y ejemplos que contribuyan a la democratizaci\u00f3n del conocimiento cient\u00edfico.&nbsp;<\/p>\n\n\n\n<p>Creemos firmemente en la necesidad de elaborar propuestas de educaci\u00f3n cient\u00edfica donde todas las alumnas y todos los alumnos se sientan integradas e integrados y donde puedan encontrar diversidad de materiales adaptados a sus necesidades garantizando su acceso a la ciencia y la tecnolog\u00eda.&nbsp;<\/p>\n\n\n\n<p>Estamos convencidos adem\u00e1s que esta necesidad es inherente a todas las entidades que hacen difusi\u00f3n de la ciencia, por lo que hemos dise\u00f1ado materiales de apoyo para ponerlos al alcance de la comunidad cient\u00edfica y poder as\u00ed contribuir a mejorar las actividades.&nbsp;&nbsp;<\/p>\n\n\n\n<div style=\"height:30px\" aria-hidden=\"true\" class=\"wp-block-spacer\"><\/div>\n\n\n\n<p>Con la colaboraci\u00f3n de la Fundaci\u00f3n Espa\u00f1ola para la Ciencia y la Tecnolog\u00eda &#8211; Ministerio de Ciencia e Innovaci\u00f3n.<\/p>\n\n\n\n<div class=\"wp-block-columns is-layout-flex wp-container-core-columns-is-layout-9d6595d7 wp-block-columns-is-layout-flex\">\n<div class=\"wp-block-column is-layout-flow wp-block-column-is-layout-flow\"><\/div>\n\n\n\n<div class=\"wp-block-column is-layout-flow wp-block-column-is-layout-flow\" style=\"flex-basis:350px\">\n<figure class=\"wp-block-image size-large\"><img decoding=\"async\" width=\"1024\" height=\"207\" data-src=\"https:\/\/ibecbarcelona.eu\/wp-content\/uploads\/2023\/06\/ministerio-fecyt-impreso_JPG-1024x207.jpg\" alt=\"\" class=\"wp-image-108880 lazyload\" data-srcset=\"https:\/\/ibecbarcelona.eu\/wp-content\/uploads\/2023\/06\/ministerio-fecyt-impreso_JPG-1024x207.jpg 1024w, https:\/\/ibecbarcelona.eu\/wp-content\/uploads\/2023\/06\/ministerio-fecyt-impreso_JPG-300x61.jpg 300w, https:\/\/ibecbarcelona.eu\/wp-content\/uploads\/2023\/06\/ministerio-fecyt-impreso_JPG-768x155.jpg 768w, https:\/\/ibecbarcelona.eu\/wp-content\/uploads\/2023\/06\/ministerio-fecyt-impreso_JPG-1536x311.jpg 1536w, https:\/\/ibecbarcelona.eu\/wp-content\/uploads\/2023\/06\/ministerio-fecyt-impreso_JPG-2048x414.jpg 2048w\" data-sizes=\"(max-width: 1024px) 100vw, 1024px\" src=\"data:image\/svg+xml;base64,PHN2ZyB3aWR0aD0iMSIgaGVpZ2h0PSIxIiB4bWxucz0iaHR0cDovL3d3dy53My5vcmcvMjAwMC9zdmciPjwvc3ZnPg==\" style=\"--smush-placeholder-width: 1024px; --smush-placeholder-aspect-ratio: 1024\/207;\" \/><\/figure>\n<\/div>\n\n\n\n<div class=\"wp-block-column is-layout-flow wp-block-column-is-layout-flow\"><\/div>\n<\/div>\n\n\n\n<div style=\"height:30px\" aria-hidden=\"true\" class=\"wp-block-spacer\"><\/div>\n\n\n\n<hr class=\"wp-block-separator has-alpha-channel-opacity\"\/>\n\n\n\n<div class=\"wp-block-columns is-layout-flex wp-container-core-columns-is-layout-9d6595d7 wp-block-columns-is-layout-flex\">\n<div class=\"wp-block-column is-layout-flow wp-block-column-is-layout-flow\" style=\"flex-basis:250px\">\n<figure class=\"wp-block-image size-full\"><a href=\"https:\/\/ibecbarcelona.eu\/wp-content\/uploads\/2023\/06\/Herramienta-autoevaluacion-IBEC.pdf\"><img decoding=\"async\" width=\"420\" height=\"500\" data-src=\"https:\/\/ibecbarcelona.eu\/wp-content\/uploads\/2023\/06\/autoevaluacion.jpg\" alt=\"\" class=\"wp-image-108940 lazyload\" data-srcset=\"https:\/\/ibecbarcelona.eu\/wp-content\/uploads\/2023\/06\/autoevaluacion.jpg 420w, https:\/\/ibecbarcelona.eu\/wp-content\/uploads\/2023\/06\/autoevaluacion-252x300.jpg 252w\" data-sizes=\"(max-width: 420px) 100vw, 420px\" src=\"data:image\/svg+xml;base64,PHN2ZyB3aWR0aD0iMSIgaGVpZ2h0PSIxIiB4bWxucz0iaHR0cDovL3d3dy53My5vcmcvMjAwMC9zdmciPjwvc3ZnPg==\" style=\"--smush-placeholder-width: 420px; --smush-placeholder-aspect-ratio: 420\/500;\" \/><\/a><\/figure>\n\n\n\n<p><\/p>\n<\/div>\n\n\n\n<div class=\"wp-block-column is-layout-flow wp-block-column-is-layout-flow\" style=\"flex-basis:500px\">\n<h5 class=\"wp-block-heading\"><strong><a href=\"https:\/\/ibecbarcelona.eu\/wp-content\/uploads\/2023\/07\/Herramienta_autoevaluacion_IBEC_ESP.pdf\">Herramienta de autoevaluaci\u00f3n<\/a><\/strong><\/h5>\n\n\n\n<p>Herramienta dise\u00f1ada para identificar el grado de inclusividad de los proyectos de educaci\u00f3n cient\u00edfica.&nbsp;Permite identificar las barreras de aprendizaje de las actividades y sirve como gu\u00eda de partida para crear cambios metodol\u00f3gicos en las propuestas.&nbsp;<\/p>\n\n\n\n<p>Orientada a entidades del entorno cient\u00edfico que disponen de diferentes recursos y proyectos dirigidos al \u00e1mbito educativo.&nbsp;<\/p>\n<\/div>\n\n\n\n<div class=\"wp-block-column is-layout-flow wp-block-column-is-layout-flow\">\n<p><\/p>\n<\/div>\n<\/div>\n\n\n\n<div class=\"wp-block-columns is-layout-flex wp-container-core-columns-is-layout-9d6595d7 wp-block-columns-is-layout-flex\">\n<div class=\"wp-block-column is-layout-flow wp-block-column-is-layout-flow\" style=\"flex-basis:250px\">\n<figure class=\"wp-block-image size-full\"><a href=\"https:\/\/ibecbarcelona.eu\/wp-content\/uploads\/2023\/06\/Guia-de-Buenas-Practicas-IBEC-1.pdf\"><img decoding=\"async\" width=\"420\" height=\"500\" data-src=\"https:\/\/ibecbarcelona.eu\/wp-content\/uploads\/2023\/06\/buenaspracticas-1.jpg\" alt=\"\" class=\"wp-image-108952 lazyload\" data-srcset=\"https:\/\/ibecbarcelona.eu\/wp-content\/uploads\/2023\/06\/buenaspracticas-1.jpg 420w, https:\/\/ibecbarcelona.eu\/wp-content\/uploads\/2023\/06\/buenaspracticas-1-252x300.jpg 252w\" data-sizes=\"(max-width: 420px) 100vw, 420px\" src=\"data:image\/svg+xml;base64,PHN2ZyB3aWR0aD0iMSIgaGVpZ2h0PSIxIiB4bWxucz0iaHR0cDovL3d3dy53My5vcmcvMjAwMC9zdmciPjwvc3ZnPg==\" style=\"--smush-placeholder-width: 420px; --smush-placeholder-aspect-ratio: 420\/500;\" \/><\/a><\/figure>\n\n\n\n<p><\/p>\n<\/div>\n\n\n\n<div class=\"wp-block-column is-layout-flow wp-block-column-is-layout-flow\" style=\"flex-basis:500px\">\n<h5 class=\"wp-block-heading\"><strong><a href=\"https:\/\/ibecbarcelona.eu\/wp-content\/uploads\/2023\/07\/Guia-de-buenas-practicas_ESP.pdf\">Gu\u00eda de buenas pr\u00e1cticas<\/a><\/strong><\/h5>\n\n\n\n<p>Gu\u00eda con recomendaciones para la atenci\u00f3n a la diversidad en las actividades de educaci\u00f3n cient\u00edfica.&nbsp;&nbsp;<\/p>\n\n\n\n<p>Orientada a talleristas de la comunidad cient\u00edfica que no disponen de formaci\u00f3n espec\u00edfica de atenci\u00f3n a la diversidad.&nbsp;<\/p>\n<\/div>\n\n\n\n<div class=\"wp-block-column is-layout-flow wp-block-column-is-layout-flow\">\n<p><\/p>\n<\/div>\n<\/div>\n\n\n\n<hr class=\"wp-block-separator has-alpha-channel-opacity\"\/>\n\n\n\n<h4 class=\"wp-block-heading\"><strong>Actividades de educaci\u00f3n cient\u00edfica<\/strong>&nbsp;<\/h4>\n\n\n\n<p>Ponemos a disposici\u00f3n dos actividades con una mirada inclusiva para garantizar el acceso y la compresi\u00f3n del alumnado con dificultad visual, auditiva y\/o cognitiva, as\u00ed como con trastornos de aprendizaje. Las actividades estan dise\u00f1ada para atender a toda la diversidad, proporcionando materiales multi nivel y completamente accesibles.&nbsp;&nbsp;&nbsp;<\/p>\n\n\n<div class=\"responsive-tabs\">\n<h2 class=\"tabtitle\">LA C\u00c9LULA<\/h2>\n<div class=\"tabcontent\">\n\n\n\n\n<h4 class=\"wp-block-heading\">La C\u00e9lula<\/h4>\n\n\n\n<p><em>Actividad dirigida a 5-6 primaria&nbsp;<\/em><\/p>\n\n\n\n<p>En esta actividad trabajaremos el concepto de c\u00e9lula y las diferencias entre la c\u00e9lula animal y la vegetal. Los alumnos y alumnas podr\u00e1n clasificar las tipolog\u00edas de c\u00e9lula a trav\u00e9s de la observaci\u00f3n de muestras de microscop\u00eda.&nbsp;&nbsp;<\/p>\n\n\n\n<p><strong>Objetivos<\/strong>:&nbsp;<\/p>\n\n\n\n<ul class=\"wp-block-list\">\n<li>Entender el concepto c\u00e9lula y las diferencias de distintos tipos celulares (animal \u2013 vegetal)&nbsp;<\/li>\n\n\n\n<li>Iniciaci\u00f3n a la actividad cient\u00edfica a trav\u00e9s de la experimentaci\u00f3n con muestras propias&nbsp;&nbsp;<\/li>\n\n\n\n<li>Observar e interpretar resultados cient\u00edficos&nbsp;<\/li>\n<\/ul>\n\n\n\n<p><strong>Recursos<\/strong>:&nbsp;<\/p>\n\n\n\n<ul class=\"wp-block-list\">\n<li><a href=\"https:\/\/ibecbarcelona.eu\/wp-content\/uploads\/2023\/07\/Cuestionarios_actividad_ESP.pdf\">Cuestionario previo y de valoraci\u00f3n de la actividad<\/a><\/li>\n\n\n\n<li><a href=\"https:\/\/ibecbarcelona.eu\/wp-content\/uploads\/2023\/07\/3_Dosier_La_Celula-1.pdf\">Dosier de la actividad<\/a><\/li>\n\n\n\n<li><a href=\"https:\/\/ibecbarcelona.eu\/wp-content\/uploads\/2023\/07\/2_Esquema_Activ_La_Celula.pdf\">Esquema de la actividad <\/a><\/li>\n\n\n\n<li><a href=\"https:\/\/ibecbarcelona.eu\/wp-content\/uploads\/2023\/07\/1_Guion_materiales_Activ_La-Celula.pdf\">Guion de materiales <\/a><\/li>\n\n\n\n<li><a href=\"https:\/\/ibecbarcelona.eu\/wp-content\/uploads\/2023\/07\/Anexo.-Material-Didactico.pdf\">Anexo. Material Did\u00e1ctico <\/a><\/li>\n<\/ul>\n\n\n\n<p>Nota: Esta actividad est\u00e1 planteada siguiendo los principios de accesibilidad y del dise\u00f1o universal de aprendizaje (DUA).&nbsp;&nbsp;<\/p>\n\n\n\n<\/div><h2 class=\"tabtitle\">LOS MEDICAMENTOS DEL FUTURO<\/h2>\n<div class=\"tabcontent\">\n\n\n\n\n<h4 class=\"wp-block-heading\">Los medicamentos del futuro<\/h4>\n\n\n\n<p><em>Actividad dirigida a 3\u00ba y 4\u00ba de la ESO<\/em><\/p>\n\n\n\n<p>Descripci\u00f3n de la actividad: En esta actividad trabajaremos como se puede aplicar la nanotecnolog\u00eda en el campo de la salud. Los alumnos y las alumnas simular\u00e1n la encapsulaci\u00f3n de un f\u00e1rmaco.&nbsp;<\/p>\n\n\n\n<p><strong>Objetivos:&nbsp;<\/strong><\/p>\n\n\n\n<ul class=\"wp-block-list\">\n<li>Aprender a leer de forma b\u00e1sica los prospectos de los medicamentos.&nbsp;<\/li>\n\n\n\n<li>Desarrollar pensamiento resolutivo aplicando el m\u00e9todo cient\u00edfico&nbsp;<\/li>\n\n\n\n<li>&nbsp;Iniciaci\u00f3n a los principios experimentales de la nanotecnolog\u00eda&nbsp;<\/li>\n<\/ul>\n\n\n\n<p><strong>Recursos:&nbsp;<\/strong><\/p>\n\n\n\n<ul class=\"wp-block-list\">\n<li><a href=\"https:\/\/ibecbarcelona.eu\/wp-content\/uploads\/2023\/07\/Cuestionarios_actividad_ESP.pdf\">Cuestionario previo y de valoraci\u00f3n de la actividad<\/a><\/li>\n\n\n\n<li><a href=\"https:\/\/ibecbarcelona.eu\/wp-content\/uploads\/2023\/07\/3_Dosier_Medicamentos.pdf\">Dosier de la actividad<\/a><\/li>\n\n\n\n<li><a href=\"https:\/\/ibecbarcelona.eu\/wp-content\/uploads\/2023\/07\/2_Esquema_Act_Medicamentos.pdf\">Esquema de la actividad<\/a><\/li>\n\n\n\n<li><a href=\"https:\/\/ibecbarcelona.eu\/wp-content\/uploads\/2023\/07\/1_Guion_materiales_Activ_Medicamentos.pdf\">Guion de materiales<\/a><\/li>\n\n\n\n<li><a href=\"https:\/\/ibecbarcelona.eu\/wp-content\/uploads\/2023\/07\/Ficha-resumen-para-el-profesorado.pdf\">Ficha resumen para el profesorado<\/a><\/li>\n\n\n\n<li><a href=\"https:\/\/ibecbarcelona.eu\/wp-content\/uploads\/2023\/07\/Prospecto_estandar_Ibuprofeno.pdf\">Material extra para docentes &#8211; Prospecto est\u00e1ndar Ibuprofeno<\/a> (Ficha en <a href=\"https:\/\/ibecbarcelona.eu\/wp-content\/uploads\/2023\/07\/Prospecto_Ibuprofeno_lectura_facil.pdf\">lectura f\u00e1cil<\/a>)<\/li>\n\n\n\n<li><a href=\"https:\/\/ibecbarcelona.eu\/wp-content\/uploads\/2023\/07\/Anexo.-Material-Didactico-1.pdf\">Anexo. Material Did\u00e1ctico<\/a><\/li>\n<\/ul>\n\n\n\n<p>Nota: Esta actividad est\u00e1 planteada siguiendo los principios de accesibilidad y del dise\u00f1o universal de aprendizaje (DUA).&nbsp;&nbsp;<\/p>\n\n\n\n<p><\/p>\n\n\n<\/div><\/div>\n","protected":false},"excerpt":{"rendered":"<p>El proyecto ciencia inclusiva financiado por la FECYT pretende ser una ayuda para transformar las actividades y convertirlas en inclusivas, generando recursos que aseguren la atenci\u00f3n a la diversidad en &#8230; <a title=\"Ciencia inclusiva: atenci\u00f3n a la diversidad en los proyectos de educaci\u00f3n cient\u00edfica\u00a0\" class=\"read-more\" href=\"https:\/\/ibecbarcelona.eu\/es\/sociedad-y-ciencia\/ciencia-inclusiva\/\" aria-label=\"More on Ciencia inclusiva: atenci\u00f3n a la diversidad en los proyectos de educaci\u00f3n cient\u00edfica\u00a0\">Read more<\/a><\/p>\n","protected":false},"author":4,"featured_media":109000,"parent":17489,"menu_order":0,"comment_status":"closed","ping_status":"closed","template":"","meta":{"footnotes":""},"tags":[],"class_list":["post-108976","page","type-page","status-publish","has-post-thumbnail"],"yoast_head":"<!-- This site is optimized with the Yoast SEO plugin v27.4 - https:\/\/yoast.com\/product\/yoast-seo-wordpress\/ -->\n<title>Ciencia inclusiva: atenci\u00f3n a la diversidad en los proyectos de educaci\u00f3n cient\u00edfica\u00a0 - Institute for Bioengineering of Catalonia<\/title>\n<meta name=\"robots\" content=\"index, follow, max-snippet:-1, max-image-preview:large, max-video-preview:-1\" \/>\n<link rel=\"canonical\" href=\"https:\/\/ibecbarcelona.eu\/es\/sociedad-y-ciencia\/ciencia-inclusiva\/\" \/>\n<meta property=\"og:locale\" content=\"es_ES\" \/>\n<meta property=\"og:type\" content=\"article\" \/>\n<meta property=\"og:title\" content=\"Ciencia inclusiva: atenci\u00f3n a la diversidad en los proyectos de educaci\u00f3n cient\u00edfica\u00a0 - Institute for Bioengineering of Catalonia\" \/>\n<meta property=\"og:description\" content=\"El proyecto ciencia inclusiva financiado por la FECYT pretende ser una ayuda para transformar las actividades y convertirlas en inclusivas, generando recursos que aseguren la atenci\u00f3n a la diversidad en ... Read more\" \/>\n<meta property=\"og:url\" content=\"https:\/\/ibecbarcelona.eu\/es\/sociedad-y-ciencia\/ciencia-inclusiva\/\" \/>\n<meta property=\"og:site_name\" content=\"Institute for Bioengineering of Catalonia\" \/>\n<meta property=\"article:modified_time\" content=\"2023-07-26T09:30:48+00:00\" \/>\n<meta property=\"og:image\" content=\"https:\/\/ibecbarcelona.eu\/wp-content\/uploads\/2023\/06\/ciencia-inclusiva_banner.jpg\" \/>\n\t<meta property=\"og:image:width\" content=\"2000\" \/>\n\t<meta property=\"og:image:height\" content=\"400\" \/>\n\t<meta property=\"og:image:type\" content=\"image\/jpeg\" \/>\n<meta name=\"twitter:card\" content=\"summary_large_image\" \/>\n<meta name=\"twitter:label1\" content=\"Tiempo de lectura\" \/>\n\t<meta name=\"twitter:data1\" content=\"4 minutos\" \/>\n<script type=\"application\/ld+json\" class=\"yoast-schema-graph\">{\"@context\":\"https:\\\/\\\/schema.org\",\"@graph\":[{\"@type\":\"WebPage\",\"@id\":\"https:\\\/\\\/ibecbarcelona.eu\\\/es\\\/sociedad-y-ciencia\\\/ciencia-inclusiva\\\/\",\"url\":\"https:\\\/\\\/ibecbarcelona.eu\\\/es\\\/sociedad-y-ciencia\\\/ciencia-inclusiva\\\/\",\"name\":\"Ciencia inclusiva: atenci\u00f3n a la diversidad en los proyectos de educaci\u00f3n cient\u00edfica\u00a0 - Institute for Bioengineering of Catalonia\",\"isPartOf\":{\"@id\":\"https:\\\/\\\/ibecbarcelona.eu\\\/#website\"},\"primaryImageOfPage\":{\"@id\":\"https:\\\/\\\/ibecbarcelona.eu\\\/es\\\/sociedad-y-ciencia\\\/ciencia-inclusiva\\\/#primaryimage\"},\"image\":{\"@id\":\"https:\\\/\\\/ibecbarcelona.eu\\\/es\\\/sociedad-y-ciencia\\\/ciencia-inclusiva\\\/#primaryimage\"},\"thumbnailUrl\":\"https:\\\/\\\/ibecbarcelona.eu\\\/wp-content\\\/uploads\\\/2023\\\/06\\\/ciencia-inclusiva_banner.jpg\",\"datePublished\":\"2023-06-21T13:38:59+00:00\",\"dateModified\":\"2023-07-26T09:30:48+00:00\",\"breadcrumb\":{\"@id\":\"https:\\\/\\\/ibecbarcelona.eu\\\/es\\\/sociedad-y-ciencia\\\/ciencia-inclusiva\\\/#breadcrumb\"},\"inLanguage\":\"es\",\"potentialAction\":[{\"@type\":\"ReadAction\",\"target\":[\"https:\\\/\\\/ibecbarcelona.eu\\\/es\\\/sociedad-y-ciencia\\\/ciencia-inclusiva\\\/\"]}]},{\"@type\":\"ImageObject\",\"inLanguage\":\"es\",\"@id\":\"https:\\\/\\\/ibecbarcelona.eu\\\/es\\\/sociedad-y-ciencia\\\/ciencia-inclusiva\\\/#primaryimage\",\"url\":\"https:\\\/\\\/ibecbarcelona.eu\\\/wp-content\\\/uploads\\\/2023\\\/06\\\/ciencia-inclusiva_banner.jpg\",\"contentUrl\":\"https:\\\/\\\/ibecbarcelona.eu\\\/wp-content\\\/uploads\\\/2023\\\/06\\\/ciencia-inclusiva_banner.jpg\",\"width\":2000,\"height\":400},{\"@type\":\"BreadcrumbList\",\"@id\":\"https:\\\/\\\/ibecbarcelona.eu\\\/es\\\/sociedad-y-ciencia\\\/ciencia-inclusiva\\\/#breadcrumb\",\"itemListElement\":[{\"@type\":\"ListItem\",\"position\":1,\"name\":\"Home\",\"item\":\"https:\\\/\\\/ibecbarcelona.eu\\\/es\\\/\"},{\"@type\":\"ListItem\",\"position\":2,\"name\":\"Sociedad y Ciencia\",\"item\":\"https:\\\/\\\/ibecbarcelona.eu\\\/es\\\/sociedad-y-ciencia\\\/\"},{\"@type\":\"ListItem\",\"position\":3,\"name\":\"Ciencia inclusiva: atenci\u00f3n a la diversidad en los proyectos de educaci\u00f3n cient\u00edfica\u00a0\"}]},{\"@type\":\"WebSite\",\"@id\":\"https:\\\/\\\/ibecbarcelona.eu\\\/#website\",\"url\":\"https:\\\/\\\/ibecbarcelona.eu\\\/\",\"name\":\"Institute for Bioengineering of Catalonia\",\"description\":\"Bioengineering solutions for health\",\"publisher\":{\"@id\":\"https:\\\/\\\/ibecbarcelona.eu\\\/#organization\"},\"potentialAction\":[{\"@type\":\"SearchAction\",\"target\":{\"@type\":\"EntryPoint\",\"urlTemplate\":\"https:\\\/\\\/ibecbarcelona.eu\\\/?s={search_term_string}\"},\"query-input\":{\"@type\":\"PropertyValueSpecification\",\"valueRequired\":true,\"valueName\":\"search_term_string\"}}],\"inLanguage\":\"es\"},{\"@type\":\"Organization\",\"@id\":\"https:\\\/\\\/ibecbarcelona.eu\\\/#organization\",\"name\":\"Institute for Bioengineering of Catalonia\",\"url\":\"https:\\\/\\\/ibecbarcelona.eu\\\/\",\"logo\":{\"@type\":\"ImageObject\",\"inLanguage\":\"es\",\"@id\":\"https:\\\/\\\/ibecbarcelona.eu\\\/#\\\/schema\\\/logo\\\/image\\\/\",\"url\":\"https:\\\/\\\/ibecbarcelona.eu\\\/wp-content\\\/uploads\\\/2026\\\/01\\\/cropped-IBEC_20ANYS_GRIS.png\",\"contentUrl\":\"https:\\\/\\\/ibecbarcelona.eu\\\/wp-content\\\/uploads\\\/2026\\\/01\\\/cropped-IBEC_20ANYS_GRIS.png\",\"width\":696,\"height\":257,\"caption\":\"Institute for Bioengineering of Catalonia\"},\"image\":{\"@id\":\"https:\\\/\\\/ibecbarcelona.eu\\\/#\\\/schema\\\/logo\\\/image\\\/\"}}]}<\/script>\n<!-- \/ Yoast SEO plugin. -->","yoast_head_json":{"title":"Ciencia inclusiva: atenci\u00f3n a la diversidad en los proyectos de educaci\u00f3n cient\u00edfica\u00a0 - Institute for Bioengineering of Catalonia","robots":{"index":"index","follow":"follow","max-snippet":"max-snippet:-1","max-image-preview":"max-image-preview:large","max-video-preview":"max-video-preview:-1"},"canonical":"https:\/\/ibecbarcelona.eu\/es\/sociedad-y-ciencia\/ciencia-inclusiva\/","og_locale":"es_ES","og_type":"article","og_title":"Ciencia inclusiva: atenci\u00f3n a la diversidad en los proyectos de educaci\u00f3n cient\u00edfica\u00a0 - Institute for Bioengineering of Catalonia","og_description":"El proyecto ciencia inclusiva financiado por la FECYT pretende ser una ayuda para transformar las actividades y convertirlas en inclusivas, generando recursos que aseguren la atenci\u00f3n a la diversidad en ... Read more","og_url":"https:\/\/ibecbarcelona.eu\/es\/sociedad-y-ciencia\/ciencia-inclusiva\/","og_site_name":"Institute for Bioengineering of Catalonia","article_modified_time":"2023-07-26T09:30:48+00:00","og_image":[{"width":2000,"height":400,"url":"https:\/\/ibecbarcelona.eu\/wp-content\/uploads\/2023\/06\/ciencia-inclusiva_banner.jpg","type":"image\/jpeg"}],"twitter_card":"summary_large_image","twitter_misc":{"Tiempo de lectura":"4 minutos"},"schema":{"@context":"https:\/\/schema.org","@graph":[{"@type":"WebPage","@id":"https:\/\/ibecbarcelona.eu\/es\/sociedad-y-ciencia\/ciencia-inclusiva\/","url":"https:\/\/ibecbarcelona.eu\/es\/sociedad-y-ciencia\/ciencia-inclusiva\/","name":"Ciencia inclusiva: atenci\u00f3n a la diversidad en los proyectos de educaci\u00f3n cient\u00edfica\u00a0 - Institute for Bioengineering of Catalonia","isPartOf":{"@id":"https:\/\/ibecbarcelona.eu\/#website"},"primaryImageOfPage":{"@id":"https:\/\/ibecbarcelona.eu\/es\/sociedad-y-ciencia\/ciencia-inclusiva\/#primaryimage"},"image":{"@id":"https:\/\/ibecbarcelona.eu\/es\/sociedad-y-ciencia\/ciencia-inclusiva\/#primaryimage"},"thumbnailUrl":"https:\/\/ibecbarcelona.eu\/wp-content\/uploads\/2023\/06\/ciencia-inclusiva_banner.jpg","datePublished":"2023-06-21T13:38:59+00:00","dateModified":"2023-07-26T09:30:48+00:00","breadcrumb":{"@id":"https:\/\/ibecbarcelona.eu\/es\/sociedad-y-ciencia\/ciencia-inclusiva\/#breadcrumb"},"inLanguage":"es","potentialAction":[{"@type":"ReadAction","target":["https:\/\/ibecbarcelona.eu\/es\/sociedad-y-ciencia\/ciencia-inclusiva\/"]}]},{"@type":"ImageObject","inLanguage":"es","@id":"https:\/\/ibecbarcelona.eu\/es\/sociedad-y-ciencia\/ciencia-inclusiva\/#primaryimage","url":"https:\/\/ibecbarcelona.eu\/wp-content\/uploads\/2023\/06\/ciencia-inclusiva_banner.jpg","contentUrl":"https:\/\/ibecbarcelona.eu\/wp-content\/uploads\/2023\/06\/ciencia-inclusiva_banner.jpg","width":2000,"height":400},{"@type":"BreadcrumbList","@id":"https:\/\/ibecbarcelona.eu\/es\/sociedad-y-ciencia\/ciencia-inclusiva\/#breadcrumb","itemListElement":[{"@type":"ListItem","position":1,"name":"Home","item":"https:\/\/ibecbarcelona.eu\/es\/"},{"@type":"ListItem","position":2,"name":"Sociedad y Ciencia","item":"https:\/\/ibecbarcelona.eu\/es\/sociedad-y-ciencia\/"},{"@type":"ListItem","position":3,"name":"Ciencia inclusiva: atenci\u00f3n a la diversidad en los proyectos de educaci\u00f3n cient\u00edfica\u00a0"}]},{"@type":"WebSite","@id":"https:\/\/ibecbarcelona.eu\/#website","url":"https:\/\/ibecbarcelona.eu\/","name":"Institute for Bioengineering of Catalonia","description":"Bioengineering solutions for health","publisher":{"@id":"https:\/\/ibecbarcelona.eu\/#organization"},"potentialAction":[{"@type":"SearchAction","target":{"@type":"EntryPoint","urlTemplate":"https:\/\/ibecbarcelona.eu\/?s={search_term_string}"},"query-input":{"@type":"PropertyValueSpecification","valueRequired":true,"valueName":"search_term_string"}}],"inLanguage":"es"},{"@type":"Organization","@id":"https:\/\/ibecbarcelona.eu\/#organization","name":"Institute for Bioengineering of Catalonia","url":"https:\/\/ibecbarcelona.eu\/","logo":{"@type":"ImageObject","inLanguage":"es","@id":"https:\/\/ibecbarcelona.eu\/#\/schema\/logo\/image\/","url":"https:\/\/ibecbarcelona.eu\/wp-content\/uploads\/2026\/01\/cropped-IBEC_20ANYS_GRIS.png","contentUrl":"https:\/\/ibecbarcelona.eu\/wp-content\/uploads\/2026\/01\/cropped-IBEC_20ANYS_GRIS.png","width":696,"height":257,"caption":"Institute for Bioengineering of Catalonia"},"image":{"@id":"https:\/\/ibecbarcelona.eu\/#\/schema\/logo\/image\/"}}]}},"AFP_featured_media_urls":{"full":["https:\/\/ibecbarcelona.eu\/wp-content\/uploads\/2023\/06\/ciencia-inclusiva_banner.jpg",2000,400,false],"thumbnail":["https:\/\/ibecbarcelona.eu\/wp-content\/uploads\/2023\/06\/ciencia-inclusiva_banner-150x150.jpg",150,150,true],"medium":["https:\/\/ibecbarcelona.eu\/wp-content\/uploads\/2023\/06\/ciencia-inclusiva_banner-300x60.jpg",300,60,true],"medium_large":["https:\/\/ibecbarcelona.eu\/wp-content\/uploads\/2023\/06\/ciencia-inclusiva_banner-768x154.jpg",768,154,true],"large":["https:\/\/ibecbarcelona.eu\/wp-content\/uploads\/2023\/06\/ciencia-inclusiva_banner-1024x205.jpg",1024,205,true]},"AFP_attachments":{"full":["https:\/\/ibecbarcelona.eu\/wp-content\/uploads\/2023\/06\/ministerio-fecyt-impreso_JPG-scaled.jpg",2560,518,false],"thumbnail":["https:\/\/ibecbarcelona.eu\/wp-content\/uploads\/2023\/06\/ministerio-fecyt-impreso_JPG-150x150.jpg",150,150,true],"medium":["https:\/\/ibecbarcelona.eu\/wp-content\/uploads\/2023\/06\/ministerio-fecyt-impreso_JPG-300x61.jpg",300,61,true],"medium_large":["https:\/\/ibecbarcelona.eu\/wp-content\/uploads\/2023\/06\/ministerio-fecyt-impreso_JPG-768x155.jpg",768,155,true],"large":["https:\/\/ibecbarcelona.eu\/wp-content\/uploads\/2023\/06\/ministerio-fecyt-impreso_JPG-1024x207.jpg",1024,207,true]},"AFP_videos":[],"AFP_video_blocks":"","AFP_category_names":[],"_links":{"self":[{"href":"https:\/\/ibecbarcelona.eu\/es\/wp-json\/wp\/v2\/pages\/108976","targetHints":{"allow":["GET"]}}],"collection":[{"href":"https:\/\/ibecbarcelona.eu\/es\/wp-json\/wp\/v2\/pages"}],"about":[{"href":"https:\/\/ibecbarcelona.eu\/es\/wp-json\/wp\/v2\/types\/page"}],"author":[{"embeddable":true,"href":"https:\/\/ibecbarcelona.eu\/es\/wp-json\/wp\/v2\/users\/4"}],"replies":[{"embeddable":true,"href":"https:\/\/ibecbarcelona.eu\/es\/wp-json\/wp\/v2\/comments?post=108976"}],"version-history":[{"count":25,"href":"https:\/\/ibecbarcelona.eu\/es\/wp-json\/wp\/v2\/pages\/108976\/revisions"}],"predecessor-version":[{"id":110543,"href":"https:\/\/ibecbarcelona.eu\/es\/wp-json\/wp\/v2\/pages\/108976\/revisions\/110543"}],"up":[{"embeddable":true,"href":"https:\/\/ibecbarcelona.eu\/es\/wp-json\/wp\/v2\/pages\/17489"}],"wp:featuredmedia":[{"embeddable":true,"href":"https:\/\/ibecbarcelona.eu\/es\/wp-json\/wp\/v2\/media\/109000"}],"wp:attachment":[{"href":"https:\/\/ibecbarcelona.eu\/es\/wp-json\/wp\/v2\/media?parent=108976"}],"wp:term":[{"taxonomy":"post_tag","embeddable":true,"href":"https:\/\/ibecbarcelona.eu\/es\/wp-json\/wp\/v2\/tags?post=108976"}],"curies":[{"name":"wp","href":"https:\/\/api.w.org\/{rel}","templated":true}]}}