
{"id":111866,"date":"2023-10-25T11:13:57","date_gmt":"2023-10-25T09:13:57","guid":{"rendered":"https:\/\/ibecbarcelona.eu\/ethical-channel\/"},"modified":"2023-10-26T18:39:21","modified_gmt":"2023-10-26T16:39:21","slug":"ethical-channel","status":"publish","type":"page","link":"https:\/\/ibecbarcelona.eu\/es\/canal-etico","title":{"rendered":"Canal \u00e9tico"},"content":{"rendered":"\n<p><\/p>\n\n\n\n<h4 class=\"wp-block-heading\">A l&#8217;<strong>IBEC<\/strong> creiem fermament en la import\u00e0ncia de fomentar un entorn segur, \u00e8tic, d&#8217;igualtat, d\u2019integritat i de confian\u00e7a per a totes les persones treballadores de l\u2019IBEC, inclosos estudiants, visitants i col\u00b7laboradors de la comunitat IBEC.<\/h4>\n\n\n\n<p>Per aquesta ra\u00f3, hem implementat un s\u00f2lid Canal \u00c8tic que permet a qualsevol persona reportar possibles conductes indegudes, violacions \u00e8tiques o qualsevol conflicte interpersonal que hagi detectat a l\u2019IBEC. Un canal on es pot comunicar qualsevol possible incompliment o irregularitat a l\u2019IBEC, tal com es descriu a la Llei 2\/2023, de 20 de febrer, reguladora de la protecci\u00f3 de les persones que informin sobre infraccions normatives i de lluita contra la corrupci\u00f3.<\/p>\n\n\n\n<h5 class=\"wp-block-heading\"><strong>QUINS FETS ES PODEN NOTIFICAR?<\/strong><\/h5>\n\n\n\n<p>Pots informar a trav\u00e9s del Canal \u00c8tic dels fets que consideris puguin suposar un incompliment de la normativa legal, del Codi \u00c8tic o de qualsevol normativa interna vigent, com ara:<\/p>\n\n\n\n<ul class=\"wp-block-list\">\n<li>Conductes relatives al frau i corrupci\u00f3.<\/li>\n\n\n\n<li>Conductes relatives a la seguretat, salut i higiene a la feina.<\/li>\n\n\n\n<li>Discriminaci\u00f3 i assetjament al lloc de treball.<\/li>\n\n\n\n<li>Conductes relatives a la seguretat de la informaci\u00f3, protecci\u00f3 de dades.<\/li>\n\n\n\n<li>Pr\u00e0ctiques anticompetitives.<\/li>\n\n\n\n<li>Conductes contr\u00e0ries als drets humans o danys al medi ambient.<\/li>\n\n\n\n<li>Altres possibles infraccions penals o administratives.<\/li>\n\n\n\n<li>Infraccions relacionades amb l\u2019\u00e8tica en la Recerca.<\/li>\n<\/ul>\n\n\n\n<p>A m\u00e9s:<\/p>\n\n\n\n<ul class=\"wp-block-list\">\n<li>Conductes inapropiades.<\/li>\n\n\n\n<li>Conflictes interpersonals.<\/li>\n<\/ul>\n\n\n\n<h5 class=\"wp-block-heading\"><strong>CARACTER\u00cdSTIQUES PRINCIPALS:<\/strong><\/h5>\n\n\n\n<p><strong>CONFIDENCIALITAT:<\/strong> Entenem que la confidencialitat \u00e9s fonamental per encoratjar les persones a presentar den\u00fancies, alertes o informacions, en endavant alertes. Garantim la confidencialitat absoluta en tot el proc\u00e9s i protegim la identitat de la persona informant en la mesura permesa per la llei. S&#8217;hi inclou la possibilitat de fer l&#8217;alerta de manera an\u00f2nima.<\/p>\n\n\n\n<p><strong>PROC\u00c9S D&#8217;INVESTIGACI\u00d3 IMPARCIAL:<\/strong> Un cop es presenta una alerta, el nostre equip responsable de la recepci\u00f3 de les alertes far\u00e0 una valoraci\u00f3 inicial del cas per tal de conduir-lo pel canal que li sigui d\u2019aplicaci\u00f3 d\u2019acord amb la Llei 2\/2023, aix\u00ed com a les pol\u00edtiques i\/o protocols interns desenvolupats a l\u2019IBEC.<\/p>\n\n\n\n<p>Qualsevol alerta s\u2019investigar\u00e0 minuciosament de manera objectiva i diligent de conformitat amb la normativa interna i la legislaci\u00f3 aplicable. Al llarg de tot el proc\u00e9s s&#8217;han de respectar els drets dels involucrats, en particular la presumpci\u00f3 d&#8217;innoc\u00e8ncia.<\/p>\n\n\n\n<p><strong>PROTECCI\u00d3 CONTRA REPRES\u00c0LIES:<\/strong> No tolerem cap forma de repres\u00e0lia contra les persones informants de bona fe. Estem compromesos a salvaguardar els drets i la integritat dels qui s&#8217;atreveixen a denunciar qualsevol irregularitat. Prendrem mesures disciplin\u00e0ries apropiades contra qualsevol individu que prengui repres\u00e0lies contra una persona informant.<\/p>\n\n\n\n<p><strong>RESOLUCI\u00d3 I SEGUIMENT:<\/strong> Un cop conclosa la investigaci\u00f3, prendrem les accions necess\u00e0ries per abordar el problema identificat. A l\u2019IBEC posem \u00e8mfasi en la finalitat preventiva de la resoluci\u00f3 dels conflictes i la prevenci\u00f3 de situacions de viol\u00e8ncia, prioritzant les mesures encaminades a evitar els riscos, mesures correctives i de reparaci\u00f3 de les relacions (per a la no-repetici\u00f3) i de restituci\u00f3 de la salut. A m\u00e9s, ens comprometem a mantenir informada la persona informant sobre el progr\u00e9s i la resoluci\u00f3 de la seva alerta.<\/p>\n\n\n\n<h5 class=\"wp-block-heading\"><strong>COM COMUNICAR UNA &nbsp;ALERTA?<\/strong><\/h5>\n\n\n<div class=\"responsive-tabs\">\n<h2 class=\"tabtitle\">MITJAN\u00c7ANT L'APP CO-RESOL<\/h2>\n<div class=\"tabcontent\">\n\n\n\n\n<h6 class=\"wp-block-heading\"><strong>Mitjan\u00e7ant l&#8217;app co-resol (preferentment):<\/strong><\/h6>\n\n\n\n<div class=\"wp-block-columns is-layout-flex wp-container-core-columns-is-layout-9d6595d7 wp-block-columns-is-layout-flex\">\n<div class=\"wp-block-column is-layout-flow wp-block-column-is-layout-flow\" style=\"flex-basis:400px\">\n<figure class=\"wp-block-image size-full is-resized\"><img decoding=\"async\" width=\"635\" height=\"357\" data-src=\"https:\/\/ibecbarcelona.eu\/wp-content\/uploads\/2023\/10\/qr.png\" alt=\"\" class=\"wp-image-111821 lazyload\" style=\"--smush-placeholder-width: 635px; --smush-placeholder-aspect-ratio: 635\/357;aspect-ratio:1.7787114845938374;width:461px;height:auto\" data-srcset=\"https:\/\/ibecbarcelona.eu\/wp-content\/uploads\/2023\/10\/qr.png 635w, https:\/\/ibecbarcelona.eu\/wp-content\/uploads\/2023\/10\/qr-300x169.png 300w\" data-sizes=\"(max-width: 635px) 100vw, 635px\" src=\"data:image\/svg+xml;base64,PHN2ZyB3aWR0aD0iMSIgaGVpZ2h0PSIxIiB4bWxucz0iaHR0cDovL3d3dy53My5vcmcvMjAwMC9zdmciPjwvc3ZnPg==\" \/><\/figure>\n<\/div>\n\n\n\n<div class=\"wp-block-column is-layout-flow wp-block-column-is-layout-flow\" style=\"flex-basis:230px\">\n<figure class=\"wp-block-image size-full\"><img decoding=\"async\" width=\"421\" height=\"598\" data-src=\"https:\/\/ibecbarcelona.eu\/wp-content\/uploads\/2023\/10\/mobil-1.png\" alt=\"\" class=\"wp-image-111827 lazyload\" data-srcset=\"https:\/\/ibecbarcelona.eu\/wp-content\/uploads\/2023\/10\/mobil-1.png 421w, https:\/\/ibecbarcelona.eu\/wp-content\/uploads\/2023\/10\/mobil-1-211x300.png 211w\" data-sizes=\"(max-width: 421px) 100vw, 421px\" src=\"data:image\/svg+xml;base64,PHN2ZyB3aWR0aD0iMSIgaGVpZ2h0PSIxIiB4bWxucz0iaHR0cDovL3d3dy53My5vcmcvMjAwMC9zdmciPjwvc3ZnPg==\" style=\"--smush-placeholder-width: 421px; --smush-placeholder-aspect-ratio: 421\/598;\" \/><\/figure>\n<\/div>\n<\/div>\n\n\n\n<p><strong>Instruccions<\/strong>:<\/p>\n\n\n\n<ol class=\"wp-block-list\" type=\"1\">\n<li>Descarrega&#8217;t l&#8217;app co-resol, acceptant les notificacions. \u00c9s gratu\u00efta i est\u00e0 disponible a l&#8217;App Store i a Google Play.<\/li>\n\n\n\n<li>Prem el bot\u00f3 \u201cfes un click\u201d i tot seguit introdueix el codi <strong>IBEC<\/strong>.<\/li>\n\n\n\n<li>Selecciona el bot\u00f3 del canal.<\/li>\n\n\n\n<li>Escriu el teu missatge sent el m\u00e9s espec\u00edfic possible. Pots adjuntar imatges i documentaci\u00f3.<\/li>\n\n\n\n<li>Identifica&#8217;t o selecciona l&#8217;opci\u00f3 d&#8217;anonimat. En qualsevol dels casos, has d&#8217;acceptar la Pol\u00edtica de Privadesa.<\/li>\n\n\n\n<li>Un cop hagis efectuat aquests passos, rebr\u00e0s un missatge com a justificant de recepci\u00f3 del teu click.<\/li>\n\n\n\n<li>La comunicaci\u00f3 per al seguiment del click es realitzar\u00e0 mitjan\u00e7ant un xat segur (podr\u00e0s accedir-hi des del bot\u00f3 de xat de la pantalla inicial de l&#8217;app) fins al tancament del mateix.<\/li>\n<\/ol>\n\n\n\n<div style=\"height:50px\" aria-hidden=\"true\" class=\"wp-block-spacer\"><\/div>\n\n\n\n<\/div><h2 class=\"tabtitle\">MITJAN\u00c7ANT LA P\u00c0GINA WEB<\/h2>\n<div class=\"tabcontent\">\n\n\n\n\n<h6 class=\"wp-block-heading\"><strong>Mitjan\u00e7ant la p\u00e0gina web:<\/strong> <a href=\"https:\/\/co-resol.bcnresol.com\/webclick\">https:\/\/co-resol.bcnresol.com\/webclick<\/a><\/h6>\n\n\n\n<div class=\"wp-block-columns is-layout-flex wp-container-core-columns-is-layout-9d6595d7 wp-block-columns-is-layout-flex\">\n<div class=\"wp-block-column is-layout-flow wp-block-column-is-layout-flow\"><\/div>\n\n\n\n<div class=\"wp-block-column is-layout-flow wp-block-column-is-layout-flow\" style=\"flex-basis:400px\">\n<figure class=\"wp-block-image size-full\"><img decoding=\"async\" width=\"770\" height=\"426\" data-src=\"https:\/\/ibecbarcelona.eu\/wp-content\/uploads\/2023\/10\/web.png\" alt=\"\" class=\"wp-image-111831 lazyload\" data-srcset=\"https:\/\/ibecbarcelona.eu\/wp-content\/uploads\/2023\/10\/web.png 770w, https:\/\/ibecbarcelona.eu\/wp-content\/uploads\/2023\/10\/web-300x166.png 300w, https:\/\/ibecbarcelona.eu\/wp-content\/uploads\/2023\/10\/web-768x425.png 768w\" data-sizes=\"(max-width: 770px) 100vw, 770px\" src=\"data:image\/svg+xml;base64,PHN2ZyB3aWR0aD0iMSIgaGVpZ2h0PSIxIiB4bWxucz0iaHR0cDovL3d3dy53My5vcmcvMjAwMC9zdmciPjwvc3ZnPg==\" style=\"--smush-placeholder-width: 770px; --smush-placeholder-aspect-ratio: 770\/426;\" \/><\/figure>\n<\/div>\n\n\n\n<div class=\"wp-block-column is-layout-flow wp-block-column-is-layout-flow\"><\/div>\n<\/div>\n\n\n\n<p><\/p>\n\n\n\n<p><strong>Instruccions:<\/strong><\/p>\n\n\n\n<ol class=\"wp-block-list\" type=\"1\">\n<li>Prem el bot\u00f3 \u201cFes un click\u201d i introdueix el codi <strong>IBEC<\/strong>.<\/li>\n\n\n\n<li>Selecciona el bot\u00f3 del canal.<\/li>\n\n\n\n<li>Escriu el teu missatge sent el m\u00e9s espec\u00edfic possible. Pots adjuntar imatges i documentaci\u00f3.<\/li>\n\n\n\n<li>Identifica&#8217;t o selecciona l&#8217;opci\u00f3 d&#8217;anonimat. En qualsevol dels casos, has d&#8217;acceptar la Pol\u00edtica de Privadesa.<\/li>\n\n\n\n<li>En aquest cas, rebr\u00e0s un codi identificador i una contrasenya \u00fanics que haur\u00e0s de desar per mantenir la comunicaci\u00f3, mitjan\u00e7ant un xat segur, sobre l&#8217;estat del teu click.<\/li>\n\n\n\n<li>Cada vegada que vulguis saber si tens missatge nou al xat o vulguis aportar m\u00e9s informaci\u00f3, per assegurar la confidencialitat, has d&#8217;introduir aquest codi i contrasenya a la p\u00e0gina d&#8217;inici, al bot\u00f3 \u201cAccedir a un click anterior\u201d.<\/li>\n<\/ol>\n\n\n<\/div><\/div>\n\n\n\n<hr class=\"wp-block-separator has-alpha-channel-opacity\"\/>\n\n\n\n<div style=\"height:59px\" aria-hidden=\"true\" class=\"wp-block-spacer\"><\/div>\n\n\n\n<p><strong>Important:<\/strong><\/p>\n\n\n\n<p>Aquest Canal \u00c8tic no \u00e9s un servei d&#8217;emerg\u00e8ncies. No s\u2019ha d\u2019utilitzar aquest canal per informar sobre situacions que comportin una amena\u00e7a immediata. Si necessiteu assist\u00e8ncia en una situaci\u00f3 d&#8217;aquest tipus, si us plau contacteu amb les vostres autoritats locals i utilitzeu els canals definits a aquest efecte.<\/p>\n\n\n\n<div class=\"wp-block-buttons is-content-justification-center is-layout-flex wp-container-core-buttons-is-layout-16018d1d wp-block-buttons-is-layout-flex\">\n<div class=\"wp-block-button has-custom-font-size\" style=\"font-size:15px\"><a class=\"wp-block-button__link has-accent-background-color has-background has-text-align-center wp-element-button\" href=\"https:\/\/ibecbarcelona.eu\/wp-content\/uploads\/2023\/10\/IBEC_Politica-SII-Canal-Etic_102023_CAT.pdf\" style=\"border-radius:15px\" target=\"_blank\" rel=\"noreferrer noopener\">&nbsp;Veure Pol\u00edtica del Sistema Intern d&#8217;Informaci\u00f3&nbsp;<\/a><\/div>\n<\/div>\n\n\n\n<div style=\"height:61px\" aria-hidden=\"true\" class=\"wp-block-spacer\"><\/div>\n\n\n\n<p><\/p>\n\n\n\n<p><\/p>\n","protected":false},"excerpt":{"rendered":"<p>A l&#8217;IBEC creiem fermament en la import\u00e0ncia de fomentar un entorn segur, \u00e8tic, d&#8217;igualtat, d\u2019integritat i de confian\u00e7a per a totes les persones treballadores de l\u2019IBEC, inclosos estudiants, visitants i &#8230; <a title=\"Canal \u00e9tico\" class=\"read-more\" href=\"https:\/\/ibecbarcelona.eu\/es\/canal-etico\" aria-label=\"More on Canal \u00e9tico\">Read more<\/a><\/p>\n","protected":false},"author":4,"featured_media":0,"parent":0,"menu_order":0,"comment_status":"closed","ping_status":"closed","template":"","meta":{"footnotes":""},"tags":[],"class_list":["post-111866","page","type-page","status-publish"],"yoast_head":"<!-- This site is optimized with the Yoast SEO plugin v27.4 - https:\/\/yoast.com\/product\/yoast-seo-wordpress\/ -->\n<title>Canal \u00e9tico - Institute for Bioengineering of Catalonia<\/title>\n<meta name=\"robots\" content=\"index, follow, max-snippet:-1, max-image-preview:large, max-video-preview:-1\" \/>\n<link rel=\"canonical\" href=\"https:\/\/ibecbarcelona.eu\/es\/canal-etico\/\" \/>\n<meta property=\"og:locale\" content=\"es_ES\" \/>\n<meta property=\"og:type\" content=\"article\" \/>\n<meta property=\"og:title\" content=\"Canal \u00e9tico - Institute for Bioengineering of Catalonia\" \/>\n<meta property=\"og:description\" content=\"A l&#8217;IBEC creiem fermament en la import\u00e0ncia de fomentar un entorn segur, \u00e8tic, d&#8217;igualtat, d\u2019integritat i de confian\u00e7a per a totes les persones treballadores de l\u2019IBEC, inclosos estudiants, visitants i ... Read more\" \/>\n<meta property=\"og:url\" content=\"https:\/\/ibecbarcelona.eu\/es\/canal-etico\/\" \/>\n<meta property=\"og:site_name\" content=\"Institute for Bioengineering of Catalonia\" \/>\n<meta property=\"article:modified_time\" content=\"2023-10-26T16:39:21+00:00\" \/>\n<meta property=\"og:image\" content=\"https:\/\/ibecbarcelona.eu\/wp-content\/uploads\/2023\/10\/qr.png\" \/>\n<meta name=\"twitter:card\" content=\"summary_large_image\" \/>\n<meta name=\"twitter:label1\" content=\"Tiempo de lectura\" \/>\n\t<meta name=\"twitter:data1\" content=\"5 minutos\" \/>\n<script type=\"application\/ld+json\" class=\"yoast-schema-graph\">{\"@context\":\"https:\\\/\\\/schema.org\",\"@graph\":[{\"@type\":\"WebPage\",\"@id\":\"https:\\\/\\\/ibecbarcelona.eu\\\/es\\\/canal-etico\\\/\",\"url\":\"https:\\\/\\\/ibecbarcelona.eu\\\/es\\\/canal-etico\\\/\",\"name\":\"Canal \u00e9tico - Institute for Bioengineering of Catalonia\",\"isPartOf\":{\"@id\":\"https:\\\/\\\/ibecbarcelona.eu\\\/#website\"},\"primaryImageOfPage\":{\"@id\":\"https:\\\/\\\/ibecbarcelona.eu\\\/es\\\/canal-etico\\\/#primaryimage\"},\"image\":{\"@id\":\"https:\\\/\\\/ibecbarcelona.eu\\\/es\\\/canal-etico\\\/#primaryimage\"},\"thumbnailUrl\":\"https:\\\/\\\/ibecbarcelona.eu\\\/wp-content\\\/uploads\\\/2023\\\/10\\\/qr.png\",\"datePublished\":\"2023-10-25T09:13:57+00:00\",\"dateModified\":\"2023-10-26T16:39:21+00:00\",\"breadcrumb\":{\"@id\":\"https:\\\/\\\/ibecbarcelona.eu\\\/es\\\/canal-etico\\\/#breadcrumb\"},\"inLanguage\":\"es\",\"potentialAction\":[{\"@type\":\"ReadAction\",\"target\":[\"https:\\\/\\\/ibecbarcelona.eu\\\/es\\\/canal-etico\\\/\"]}]},{\"@type\":\"ImageObject\",\"inLanguage\":\"es\",\"@id\":\"https:\\\/\\\/ibecbarcelona.eu\\\/es\\\/canal-etico\\\/#primaryimage\",\"url\":\"https:\\\/\\\/ibecbarcelona.eu\\\/wp-content\\\/uploads\\\/2023\\\/10\\\/qr.png\",\"contentUrl\":\"https:\\\/\\\/ibecbarcelona.eu\\\/wp-content\\\/uploads\\\/2023\\\/10\\\/qr.png\"},{\"@type\":\"BreadcrumbList\",\"@id\":\"https:\\\/\\\/ibecbarcelona.eu\\\/es\\\/canal-etico\\\/#breadcrumb\",\"itemListElement\":[{\"@type\":\"ListItem\",\"position\":1,\"name\":\"Home\",\"item\":\"https:\\\/\\\/ibecbarcelona.eu\\\/es\\\/\"},{\"@type\":\"ListItem\",\"position\":2,\"name\":\"Canal \u00e9tico\"}]},{\"@type\":\"WebSite\",\"@id\":\"https:\\\/\\\/ibecbarcelona.eu\\\/#website\",\"url\":\"https:\\\/\\\/ibecbarcelona.eu\\\/\",\"name\":\"Institute for Bioengineering of Catalonia\",\"description\":\"Bioengineering solutions for health\",\"publisher\":{\"@id\":\"https:\\\/\\\/ibecbarcelona.eu\\\/#organization\"},\"potentialAction\":[{\"@type\":\"SearchAction\",\"target\":{\"@type\":\"EntryPoint\",\"urlTemplate\":\"https:\\\/\\\/ibecbarcelona.eu\\\/?s={search_term_string}\"},\"query-input\":{\"@type\":\"PropertyValueSpecification\",\"valueRequired\":true,\"valueName\":\"search_term_string\"}}],\"inLanguage\":\"es\"},{\"@type\":\"Organization\",\"@id\":\"https:\\\/\\\/ibecbarcelona.eu\\\/#organization\",\"name\":\"Institute for Bioengineering of Catalonia\",\"url\":\"https:\\\/\\\/ibecbarcelona.eu\\\/\",\"logo\":{\"@type\":\"ImageObject\",\"inLanguage\":\"es\",\"@id\":\"https:\\\/\\\/ibecbarcelona.eu\\\/#\\\/schema\\\/logo\\\/image\\\/\",\"url\":\"https:\\\/\\\/ibecbarcelona.eu\\\/wp-content\\\/uploads\\\/2026\\\/01\\\/cropped-IBEC_20ANYS_GRIS.png\",\"contentUrl\":\"https:\\\/\\\/ibecbarcelona.eu\\\/wp-content\\\/uploads\\\/2026\\\/01\\\/cropped-IBEC_20ANYS_GRIS.png\",\"width\":696,\"height\":257,\"caption\":\"Institute for Bioengineering of Catalonia\"},\"image\":{\"@id\":\"https:\\\/\\\/ibecbarcelona.eu\\\/#\\\/schema\\\/logo\\\/image\\\/\"}}]}<\/script>\n<!-- \/ Yoast SEO plugin. -->","yoast_head_json":{"title":"Canal \u00e9tico - Institute for Bioengineering of Catalonia","robots":{"index":"index","follow":"follow","max-snippet":"max-snippet:-1","max-image-preview":"max-image-preview:large","max-video-preview":"max-video-preview:-1"},"canonical":"https:\/\/ibecbarcelona.eu\/es\/canal-etico\/","og_locale":"es_ES","og_type":"article","og_title":"Canal \u00e9tico - Institute for Bioengineering of Catalonia","og_description":"A l&#8217;IBEC creiem fermament en la import\u00e0ncia de fomentar un entorn segur, \u00e8tic, d&#8217;igualtat, d\u2019integritat i de confian\u00e7a per a totes les persones treballadores de l\u2019IBEC, inclosos estudiants, visitants i ... Read more","og_url":"https:\/\/ibecbarcelona.eu\/es\/canal-etico\/","og_site_name":"Institute for Bioengineering of Catalonia","article_modified_time":"2023-10-26T16:39:21+00:00","og_image":[{"url":"https:\/\/ibecbarcelona.eu\/wp-content\/uploads\/2023\/10\/qr.png","type":"","width":"","height":""}],"twitter_card":"summary_large_image","twitter_misc":{"Tiempo de lectura":"5 minutos"},"schema":{"@context":"https:\/\/schema.org","@graph":[{"@type":"WebPage","@id":"https:\/\/ibecbarcelona.eu\/es\/canal-etico\/","url":"https:\/\/ibecbarcelona.eu\/es\/canal-etico\/","name":"Canal \u00e9tico - Institute for Bioengineering of Catalonia","isPartOf":{"@id":"https:\/\/ibecbarcelona.eu\/#website"},"primaryImageOfPage":{"@id":"https:\/\/ibecbarcelona.eu\/es\/canal-etico\/#primaryimage"},"image":{"@id":"https:\/\/ibecbarcelona.eu\/es\/canal-etico\/#primaryimage"},"thumbnailUrl":"https:\/\/ibecbarcelona.eu\/wp-content\/uploads\/2023\/10\/qr.png","datePublished":"2023-10-25T09:13:57+00:00","dateModified":"2023-10-26T16:39:21+00:00","breadcrumb":{"@id":"https:\/\/ibecbarcelona.eu\/es\/canal-etico\/#breadcrumb"},"inLanguage":"es","potentialAction":[{"@type":"ReadAction","target":["https:\/\/ibecbarcelona.eu\/es\/canal-etico\/"]}]},{"@type":"ImageObject","inLanguage":"es","@id":"https:\/\/ibecbarcelona.eu\/es\/canal-etico\/#primaryimage","url":"https:\/\/ibecbarcelona.eu\/wp-content\/uploads\/2023\/10\/qr.png","contentUrl":"https:\/\/ibecbarcelona.eu\/wp-content\/uploads\/2023\/10\/qr.png"},{"@type":"BreadcrumbList","@id":"https:\/\/ibecbarcelona.eu\/es\/canal-etico\/#breadcrumb","itemListElement":[{"@type":"ListItem","position":1,"name":"Home","item":"https:\/\/ibecbarcelona.eu\/es\/"},{"@type":"ListItem","position":2,"name":"Canal \u00e9tico"}]},{"@type":"WebSite","@id":"https:\/\/ibecbarcelona.eu\/#website","url":"https:\/\/ibecbarcelona.eu\/","name":"Institute for Bioengineering of Catalonia","description":"Bioengineering solutions for health","publisher":{"@id":"https:\/\/ibecbarcelona.eu\/#organization"},"potentialAction":[{"@type":"SearchAction","target":{"@type":"EntryPoint","urlTemplate":"https:\/\/ibecbarcelona.eu\/?s={search_term_string}"},"query-input":{"@type":"PropertyValueSpecification","valueRequired":true,"valueName":"search_term_string"}}],"inLanguage":"es"},{"@type":"Organization","@id":"https:\/\/ibecbarcelona.eu\/#organization","name":"Institute for Bioengineering of Catalonia","url":"https:\/\/ibecbarcelona.eu\/","logo":{"@type":"ImageObject","inLanguage":"es","@id":"https:\/\/ibecbarcelona.eu\/#\/schema\/logo\/image\/","url":"https:\/\/ibecbarcelona.eu\/wp-content\/uploads\/2026\/01\/cropped-IBEC_20ANYS_GRIS.png","contentUrl":"https:\/\/ibecbarcelona.eu\/wp-content\/uploads\/2026\/01\/cropped-IBEC_20ANYS_GRIS.png","width":696,"height":257,"caption":"Institute for Bioengineering of Catalonia"},"image":{"@id":"https:\/\/ibecbarcelona.eu\/#\/schema\/logo\/image\/"}}]}},"AFP_featured_media_urls":{"full":false,"thumbnail":false,"medium":false,"medium_large":false,"large":false},"AFP_attachments":{"full":["https:\/\/ibecbarcelona.eu\/wp-content\/uploads\/2023\/10\/qr.png",635,357,false],"thumbnail":["https:\/\/ibecbarcelona.eu\/wp-content\/uploads\/2023\/10\/qr-150x150.png",150,150,true],"medium":["https:\/\/ibecbarcelona.eu\/wp-content\/uploads\/2023\/10\/qr-300x169.png",300,169,true],"medium_large":["https:\/\/ibecbarcelona.eu\/wp-content\/uploads\/2023\/10\/qr.png",635,357,false],"large":["https:\/\/ibecbarcelona.eu\/wp-content\/uploads\/2023\/10\/qr.png",635,357,false]},"AFP_videos":[],"AFP_video_blocks":"","AFP_category_names":[],"_links":{"self":[{"href":"https:\/\/ibecbarcelona.eu\/es\/wp-json\/wp\/v2\/pages\/111866","targetHints":{"allow":["GET"]}}],"collection":[{"href":"https:\/\/ibecbarcelona.eu\/es\/wp-json\/wp\/v2\/pages"}],"about":[{"href":"https:\/\/ibecbarcelona.eu\/es\/wp-json\/wp\/v2\/types\/page"}],"author":[{"embeddable":true,"href":"https:\/\/ibecbarcelona.eu\/es\/wp-json\/wp\/v2\/users\/4"}],"replies":[{"embeddable":true,"href":"https:\/\/ibecbarcelona.eu\/es\/wp-json\/wp\/v2\/comments?post=111866"}],"version-history":[{"count":5,"href":"https:\/\/ibecbarcelona.eu\/es\/wp-json\/wp\/v2\/pages\/111866\/revisions"}],"predecessor-version":[{"id":111909,"href":"https:\/\/ibecbarcelona.eu\/es\/wp-json\/wp\/v2\/pages\/111866\/revisions\/111909"}],"wp:attachment":[{"href":"https:\/\/ibecbarcelona.eu\/es\/wp-json\/wp\/v2\/media?parent=111866"}],"wp:term":[{"taxonomy":"post_tag","embeddable":true,"href":"https:\/\/ibecbarcelona.eu\/es\/wp-json\/wp\/v2\/tags?post=111866"}],"curies":[{"name":"wp","href":"https:\/\/api.w.org\/{rel}","templated":true}]}}