
{"id":115541,"date":"2024-02-16T14:48:23","date_gmt":"2024-02-16T13:48:23","guid":{"rendered":"https:\/\/ibecbarcelona.eu\/sociedad-y-ciencia\/frontiers-programme-science-and-science-journalism\/"},"modified":"2024-06-26T10:58:44","modified_gmt":"2024-06-26T08:58:44","slug":"frontiers-programme-science-and-science-journalism","status":"publish","type":"page","link":"https:\/\/ibecbarcelona.eu\/es\/programa-frontiers","title":{"rendered":"Frontiers programme. Ciencia y periodismo cient\u00edfico"},"content":{"rendered":"\n<figure class=\"wp-block-image size-large\"><img decoding=\"async\" width=\"1024\" height=\"446\" data-src=\"https:\/\/ibecbarcelona.eu\/wp-content\/uploads\/2024\/02\/frontiers-programme-ibec-1024x446.jpg\" alt=\"\" class=\"wp-image-115567 lazyload\" data-srcset=\"https:\/\/ibecbarcelona.eu\/wp-content\/uploads\/2024\/02\/frontiers-programme-ibec-1024x446.jpg 1024w, https:\/\/ibecbarcelona.eu\/wp-content\/uploads\/2024\/02\/frontiers-programme-ibec-300x131.jpg 300w, https:\/\/ibecbarcelona.eu\/wp-content\/uploads\/2024\/02\/frontiers-programme-ibec-768x335.jpg 768w, https:\/\/ibecbarcelona.eu\/wp-content\/uploads\/2024\/02\/frontiers-programme-ibec-1536x669.jpg 1536w, https:\/\/ibecbarcelona.eu\/wp-content\/uploads\/2024\/02\/frontiers-programme-ibec-2048x892.jpg 2048w\" data-sizes=\"(max-width: 1024px) 100vw, 1024px\" src=\"data:image\/svg+xml;base64,PHN2ZyB3aWR0aD0iMSIgaGVpZ2h0PSIxIiB4bWxucz0iaHR0cDovL3d3dy53My5vcmcvMjAwMC9zdmciPjwvc3ZnPg==\" style=\"--smush-placeholder-width: 1024px; --smush-placeholder-aspect-ratio: 1024\/446;\" \/><\/figure>\n\n\n\n<p>Con el objetivo de establecer sinergias entre periodistas y cient\u00edficos, el IBEC se incorpora al programa europeo FRONTIERS, que ofrece financiamiento a periodistas de todo el mundo que deseen pasar unos meses en residencia en un equipo o instituci\u00f3n de investigaci\u00f3n de vanguardia. <\/p>\n\n\n\n<p><strong>Desde el IBEC, animamos a todos los periodistas cient\u00edficos interesados en una residencia en el IBEC a enviar su candidatura a trav\u00e9s de la p\u00e1gina oficial de <a href=\"https:\/\/frontiers.media\/\">FRONTIERS<\/a><\/strong>.<strong> La fecha l\u00edmite para enviar solicitudes para la segunda ronda es el 25 de septiembre de 2024.<\/strong><\/p>\n\n\n\n<p>FRONTIERS est\u00e1 financiado por el Consejo Europeo de Investigaci\u00f3n (ERC) y dise\u00f1ado para facilitar un programa de residencia para periodistas cient\u00edficos que deseen pasar de tres a cinco meses en una instituci\u00f3n de investigaci\u00f3n. El proyecto est\u00e1 previsto que se ejecute hasta el 2027, y permitir\u00e1 que hasta 40 periodistas cient\u00edficos trabajen conjuntamente con equipos de investigaci\u00f3n o instituciones cient\u00edficas.<\/p>\n\n\n\n<p>El IBEC forma parte del programa europeo FRONTIERS con el objetivo de informar, educar y difundir el conocimiento cient\u00edfico y la innovaci\u00f3n que tiene lugar dentro de nuestro instituto. De hecho, con este proyecto, el IBEC quiere fomentar una mejor comprensi\u00f3n del trabajo cient\u00edfico, adem\u00e1s de propiciar un contexto de aprendizaje mutuo, donde los periodistas pueden adquirir un conocimiento m\u00e1s profundo sobre los temas cient\u00edficos; y los cient\u00edficos pueden entender mejor los desaf\u00edos y las oportunidades asociadas con la divulgaci\u00f3n cient\u00edfica en los medios de comunicaci\u00f3n.<\/p>\n\n\n\n<p>Creemos que esta colaboraci\u00f3n es sin duda indispensable para garantizar una comunicaci\u00f3n efectiva y objetiva sobre la ciencia, adem\u00e1s de garantizar y apoyar el periodismo cient\u00edfico independiente. Con FRONTIERS contribuiremos, por un lado, a construir una sociedad m\u00e1s informada sobre la ciencia y la tecnolog\u00eda y, por otro lado, m\u00e1s cr\u00edtica frente a la desinformaci\u00f3n y las noticias falsas que se encuentran principalmente en el entorno digital.<\/p>\n\n\n\n<p><\/p>\n\n\n\n<p><strong>Related News:<\/strong><\/p>\n\n\n\n<ul class=\"wp-block-list\">\n<li><a href=\"https:\/\/ibecbarcelona.eu\/es\/ibec-estrena-su-programa-de-periodistas-en-residencia-con-astrid-viciano\/\">El IBEC estrena su programa de Periodistas en Residencia con Astrid Viciano<\/a><\/li>\n\n\n\n<li><a href=\"https:\/\/ibecbarcelona.eu\/es\/sociedad-y-ciencia\/ibecs-journalist-in-residence-programme-2022\/\">IBEC\u2019s Journalist-in-Residence&nbsp;Programme&nbsp;2022<\/a><\/li>\n<\/ul>\n\n\n\n<p><\/p>\n\n\n\n<p><\/p>\n","protected":false},"excerpt":{"rendered":"<p>Con el objetivo de establecer sinergias entre periodistas y cient\u00edficos, el IBEC se incorpora al programa europeo FRONTIERS, que ofrece financiamiento a periodistas de todo el mundo que deseen pasar &#8230; <a title=\"Frontiers programme. Ciencia y periodismo cient\u00edfico\" class=\"read-more\" href=\"https:\/\/ibecbarcelona.eu\/es\/programa-frontiers\" aria-label=\"More on Frontiers programme. Ciencia y periodismo cient\u00edfico\">Read more<\/a><\/p>\n","protected":false},"author":4,"featured_media":115567,"parent":17489,"menu_order":0,"comment_status":"closed","ping_status":"closed","template":"","meta":{"footnotes":""},"tags":[],"class_list":["post-115541","page","type-page","status-publish","has-post-thumbnail"],"yoast_head":"<!-- This site is optimized with the Yoast SEO plugin v27.3 - https:\/\/yoast.com\/product\/yoast-seo-wordpress\/ -->\n<title>Frontiers programme. Ciencia y periodismo cient\u00edfico - Institute for Bioengineering of Catalonia<\/title>\n<meta name=\"robots\" content=\"index, follow, max-snippet:-1, max-image-preview:large, max-video-preview:-1\" \/>\n<link rel=\"canonical\" href=\"https:\/\/ibecbarcelona.eu\/es\/programa-frontiers\/\" \/>\n<meta property=\"og:locale\" content=\"es_ES\" \/>\n<meta property=\"og:type\" content=\"article\" \/>\n<meta property=\"og:title\" content=\"Frontiers programme. Ciencia y periodismo cient\u00edfico - Institute for Bioengineering of Catalonia\" \/>\n<meta property=\"og:description\" content=\"Con el objetivo de establecer sinergias entre periodistas y cient\u00edficos, el IBEC se incorpora al programa europeo FRONTIERS, que ofrece financiamiento a periodistas de todo el mundo que deseen pasar ... Read more\" \/>\n<meta property=\"og:url\" content=\"https:\/\/ibecbarcelona.eu\/es\/programa-frontiers\/\" \/>\n<meta property=\"og:site_name\" content=\"Institute for Bioengineering of Catalonia\" \/>\n<meta property=\"article:modified_time\" content=\"2024-06-26T08:58:44+00:00\" \/>\n<meta property=\"og:image\" content=\"https:\/\/ibecbarcelona.eu\/wp-content\/uploads\/2024\/02\/frontiers-programme-ibec-scaled.jpg\" \/>\n\t<meta property=\"og:image:width\" content=\"2560\" \/>\n\t<meta property=\"og:image:height\" content=\"1115\" \/>\n\t<meta property=\"og:image:type\" content=\"image\/jpeg\" \/>\n<meta name=\"twitter:card\" content=\"summary_large_image\" \/>\n<meta name=\"twitter:label1\" content=\"Tiempo de lectura\" \/>\n\t<meta name=\"twitter:data1\" content=\"2 minutos\" \/>\n<script type=\"application\/ld+json\" class=\"yoast-schema-graph\">{\"@context\":\"https:\\\/\\\/schema.org\",\"@graph\":[{\"@type\":\"WebPage\",\"@id\":\"https:\\\/\\\/ibecbarcelona.eu\\\/es\\\/programa-frontiers\\\/\",\"url\":\"https:\\\/\\\/ibecbarcelona.eu\\\/es\\\/programa-frontiers\\\/\",\"name\":\"Frontiers programme. Ciencia y periodismo cient\u00edfico - Institute for Bioengineering of Catalonia\",\"isPartOf\":{\"@id\":\"https:\\\/\\\/ibecbarcelona.eu\\\/#website\"},\"primaryImageOfPage\":{\"@id\":\"https:\\\/\\\/ibecbarcelona.eu\\\/es\\\/programa-frontiers\\\/#primaryimage\"},\"image\":{\"@id\":\"https:\\\/\\\/ibecbarcelona.eu\\\/es\\\/programa-frontiers\\\/#primaryimage\"},\"thumbnailUrl\":\"https:\\\/\\\/ibecbarcelona.eu\\\/wp-content\\\/uploads\\\/2024\\\/02\\\/frontiers-programme-ibec-scaled.jpg\",\"datePublished\":\"2024-02-16T13:48:23+00:00\",\"dateModified\":\"2024-06-26T08:58:44+00:00\",\"breadcrumb\":{\"@id\":\"https:\\\/\\\/ibecbarcelona.eu\\\/es\\\/programa-frontiers\\\/#breadcrumb\"},\"inLanguage\":\"es\",\"potentialAction\":[{\"@type\":\"ReadAction\",\"target\":[\"https:\\\/\\\/ibecbarcelona.eu\\\/es\\\/programa-frontiers\\\/\"]}]},{\"@type\":\"ImageObject\",\"inLanguage\":\"es\",\"@id\":\"https:\\\/\\\/ibecbarcelona.eu\\\/es\\\/programa-frontiers\\\/#primaryimage\",\"url\":\"https:\\\/\\\/ibecbarcelona.eu\\\/wp-content\\\/uploads\\\/2024\\\/02\\\/frontiers-programme-ibec-scaled.jpg\",\"contentUrl\":\"https:\\\/\\\/ibecbarcelona.eu\\\/wp-content\\\/uploads\\\/2024\\\/02\\\/frontiers-programme-ibec-scaled.jpg\",\"width\":2560,\"height\":1115},{\"@type\":\"BreadcrumbList\",\"@id\":\"https:\\\/\\\/ibecbarcelona.eu\\\/es\\\/programa-frontiers\\\/#breadcrumb\",\"itemListElement\":[{\"@type\":\"ListItem\",\"position\":1,\"name\":\"Home\",\"item\":\"https:\\\/\\\/ibecbarcelona.eu\\\/es\\\/\"},{\"@type\":\"ListItem\",\"position\":2,\"name\":\"Sociedad y Ciencia\",\"item\":\"https:\\\/\\\/ibecbarcelona.eu\\\/es\\\/sociedad-y-ciencia\\\/\"},{\"@type\":\"ListItem\",\"position\":3,\"name\":\"Frontiers programme. Ciencia y periodismo cient\u00edfico\"}]},{\"@type\":\"WebSite\",\"@id\":\"https:\\\/\\\/ibecbarcelona.eu\\\/#website\",\"url\":\"https:\\\/\\\/ibecbarcelona.eu\\\/\",\"name\":\"Institute for Bioengineering of Catalonia\",\"description\":\"Bioengineering solutions for health\",\"publisher\":{\"@id\":\"https:\\\/\\\/ibecbarcelona.eu\\\/#organization\"},\"potentialAction\":[{\"@type\":\"SearchAction\",\"target\":{\"@type\":\"EntryPoint\",\"urlTemplate\":\"https:\\\/\\\/ibecbarcelona.eu\\\/?s={search_term_string}\"},\"query-input\":{\"@type\":\"PropertyValueSpecification\",\"valueRequired\":true,\"valueName\":\"search_term_string\"}}],\"inLanguage\":\"es\"},{\"@type\":\"Organization\",\"@id\":\"https:\\\/\\\/ibecbarcelona.eu\\\/#organization\",\"name\":\"Institute for Bioengineering of Catalonia\",\"url\":\"https:\\\/\\\/ibecbarcelona.eu\\\/\",\"logo\":{\"@type\":\"ImageObject\",\"inLanguage\":\"es\",\"@id\":\"https:\\\/\\\/ibecbarcelona.eu\\\/#\\\/schema\\\/logo\\\/image\\\/\",\"url\":\"https:\\\/\\\/ibecbarcelona.eu\\\/wp-content\\\/uploads\\\/2026\\\/01\\\/cropped-IBEC_20ANYS_GRIS.png\",\"contentUrl\":\"https:\\\/\\\/ibecbarcelona.eu\\\/wp-content\\\/uploads\\\/2026\\\/01\\\/cropped-IBEC_20ANYS_GRIS.png\",\"width\":696,\"height\":257,\"caption\":\"Institute for Bioengineering of Catalonia\"},\"image\":{\"@id\":\"https:\\\/\\\/ibecbarcelona.eu\\\/#\\\/schema\\\/logo\\\/image\\\/\"}}]}<\/script>\n<!-- \/ Yoast SEO plugin. -->","yoast_head_json":{"title":"Frontiers programme. Ciencia y periodismo cient\u00edfico - Institute for Bioengineering of Catalonia","robots":{"index":"index","follow":"follow","max-snippet":"max-snippet:-1","max-image-preview":"max-image-preview:large","max-video-preview":"max-video-preview:-1"},"canonical":"https:\/\/ibecbarcelona.eu\/es\/programa-frontiers\/","og_locale":"es_ES","og_type":"article","og_title":"Frontiers programme. Ciencia y periodismo cient\u00edfico - Institute for Bioengineering of Catalonia","og_description":"Con el objetivo de establecer sinergias entre periodistas y cient\u00edficos, el IBEC se incorpora al programa europeo FRONTIERS, que ofrece financiamiento a periodistas de todo el mundo que deseen pasar ... Read more","og_url":"https:\/\/ibecbarcelona.eu\/es\/programa-frontiers\/","og_site_name":"Institute for Bioengineering of Catalonia","article_modified_time":"2024-06-26T08:58:44+00:00","og_image":[{"width":2560,"height":1115,"url":"https:\/\/ibecbarcelona.eu\/wp-content\/uploads\/2024\/02\/frontiers-programme-ibec-scaled.jpg","type":"image\/jpeg"}],"twitter_card":"summary_large_image","twitter_misc":{"Tiempo de lectura":"2 minutos"},"schema":{"@context":"https:\/\/schema.org","@graph":[{"@type":"WebPage","@id":"https:\/\/ibecbarcelona.eu\/es\/programa-frontiers\/","url":"https:\/\/ibecbarcelona.eu\/es\/programa-frontiers\/","name":"Frontiers programme. Ciencia y periodismo cient\u00edfico - Institute for Bioengineering of Catalonia","isPartOf":{"@id":"https:\/\/ibecbarcelona.eu\/#website"},"primaryImageOfPage":{"@id":"https:\/\/ibecbarcelona.eu\/es\/programa-frontiers\/#primaryimage"},"image":{"@id":"https:\/\/ibecbarcelona.eu\/es\/programa-frontiers\/#primaryimage"},"thumbnailUrl":"https:\/\/ibecbarcelona.eu\/wp-content\/uploads\/2024\/02\/frontiers-programme-ibec-scaled.jpg","datePublished":"2024-02-16T13:48:23+00:00","dateModified":"2024-06-26T08:58:44+00:00","breadcrumb":{"@id":"https:\/\/ibecbarcelona.eu\/es\/programa-frontiers\/#breadcrumb"},"inLanguage":"es","potentialAction":[{"@type":"ReadAction","target":["https:\/\/ibecbarcelona.eu\/es\/programa-frontiers\/"]}]},{"@type":"ImageObject","inLanguage":"es","@id":"https:\/\/ibecbarcelona.eu\/es\/programa-frontiers\/#primaryimage","url":"https:\/\/ibecbarcelona.eu\/wp-content\/uploads\/2024\/02\/frontiers-programme-ibec-scaled.jpg","contentUrl":"https:\/\/ibecbarcelona.eu\/wp-content\/uploads\/2024\/02\/frontiers-programme-ibec-scaled.jpg","width":2560,"height":1115},{"@type":"BreadcrumbList","@id":"https:\/\/ibecbarcelona.eu\/es\/programa-frontiers\/#breadcrumb","itemListElement":[{"@type":"ListItem","position":1,"name":"Home","item":"https:\/\/ibecbarcelona.eu\/es\/"},{"@type":"ListItem","position":2,"name":"Sociedad y Ciencia","item":"https:\/\/ibecbarcelona.eu\/es\/sociedad-y-ciencia\/"},{"@type":"ListItem","position":3,"name":"Frontiers programme. Ciencia y periodismo cient\u00edfico"}]},{"@type":"WebSite","@id":"https:\/\/ibecbarcelona.eu\/#website","url":"https:\/\/ibecbarcelona.eu\/","name":"Institute for Bioengineering of Catalonia","description":"Bioengineering solutions for health","publisher":{"@id":"https:\/\/ibecbarcelona.eu\/#organization"},"potentialAction":[{"@type":"SearchAction","target":{"@type":"EntryPoint","urlTemplate":"https:\/\/ibecbarcelona.eu\/?s={search_term_string}"},"query-input":{"@type":"PropertyValueSpecification","valueRequired":true,"valueName":"search_term_string"}}],"inLanguage":"es"},{"@type":"Organization","@id":"https:\/\/ibecbarcelona.eu\/#organization","name":"Institute for Bioengineering of Catalonia","url":"https:\/\/ibecbarcelona.eu\/","logo":{"@type":"ImageObject","inLanguage":"es","@id":"https:\/\/ibecbarcelona.eu\/#\/schema\/logo\/image\/","url":"https:\/\/ibecbarcelona.eu\/wp-content\/uploads\/2026\/01\/cropped-IBEC_20ANYS_GRIS.png","contentUrl":"https:\/\/ibecbarcelona.eu\/wp-content\/uploads\/2026\/01\/cropped-IBEC_20ANYS_GRIS.png","width":696,"height":257,"caption":"Institute for Bioengineering of Catalonia"},"image":{"@id":"https:\/\/ibecbarcelona.eu\/#\/schema\/logo\/image\/"}}]}},"AFP_featured_media_urls":{"full":["https:\/\/ibecbarcelona.eu\/wp-content\/uploads\/2024\/02\/frontiers-programme-ibec-scaled.jpg",2560,1115,false],"thumbnail":["https:\/\/ibecbarcelona.eu\/wp-content\/uploads\/2024\/02\/frontiers-programme-ibec-150x150.jpg",150,150,true],"medium":["https:\/\/ibecbarcelona.eu\/wp-content\/uploads\/2024\/02\/frontiers-programme-ibec-300x131.jpg",300,131,true],"medium_large":["https:\/\/ibecbarcelona.eu\/wp-content\/uploads\/2024\/02\/frontiers-programme-ibec-768x335.jpg",768,335,true],"large":["https:\/\/ibecbarcelona.eu\/wp-content\/uploads\/2024\/02\/frontiers-programme-ibec-1024x446.jpg",1024,446,true]},"AFP_attachments":{"full":["https:\/\/ibecbarcelona.eu\/wp-content\/uploads\/2024\/02\/Captura-de-pantalla-2024-02-16-a-las-15.30.35.png",2732,948,false],"thumbnail":["https:\/\/ibecbarcelona.eu\/wp-content\/uploads\/2024\/02\/Captura-de-pantalla-2024-02-16-a-las-15.30.35-150x150.png",150,150,true],"medium":["https:\/\/ibecbarcelona.eu\/wp-content\/uploads\/2024\/02\/Captura-de-pantalla-2024-02-16-a-las-15.30.35-300x104.png",300,104,true],"medium_large":["https:\/\/ibecbarcelona.eu\/wp-content\/uploads\/2024\/02\/Captura-de-pantalla-2024-02-16-a-las-15.30.35-768x266.png",768,266,true],"large":["https:\/\/ibecbarcelona.eu\/wp-content\/uploads\/2024\/02\/Captura-de-pantalla-2024-02-16-a-las-15.30.35-1024x355.png",1024,355,true]},"AFP_videos":[],"AFP_video_blocks":"","AFP_category_names":[],"_links":{"self":[{"href":"https:\/\/ibecbarcelona.eu\/es\/wp-json\/wp\/v2\/pages\/115541","targetHints":{"allow":["GET"]}}],"collection":[{"href":"https:\/\/ibecbarcelona.eu\/es\/wp-json\/wp\/v2\/pages"}],"about":[{"href":"https:\/\/ibecbarcelona.eu\/es\/wp-json\/wp\/v2\/types\/page"}],"author":[{"embeddable":true,"href":"https:\/\/ibecbarcelona.eu\/es\/wp-json\/wp\/v2\/users\/4"}],"replies":[{"embeddable":true,"href":"https:\/\/ibecbarcelona.eu\/es\/wp-json\/wp\/v2\/comments?post=115541"}],"version-history":[{"count":7,"href":"https:\/\/ibecbarcelona.eu\/es\/wp-json\/wp\/v2\/pages\/115541\/revisions"}],"predecessor-version":[{"id":118788,"href":"https:\/\/ibecbarcelona.eu\/es\/wp-json\/wp\/v2\/pages\/115541\/revisions\/118788"}],"up":[{"embeddable":true,"href":"https:\/\/ibecbarcelona.eu\/es\/wp-json\/wp\/v2\/pages\/17489"}],"wp:featuredmedia":[{"embeddable":true,"href":"https:\/\/ibecbarcelona.eu\/es\/wp-json\/wp\/v2\/media\/115567"}],"wp:attachment":[{"href":"https:\/\/ibecbarcelona.eu\/es\/wp-json\/wp\/v2\/media?parent=115541"}],"wp:term":[{"taxonomy":"post_tag","embeddable":true,"href":"https:\/\/ibecbarcelona.eu\/es\/wp-json\/wp\/v2\/tags?post=115541"}],"curies":[{"name":"wp","href":"https:\/\/api.w.org\/{rel}","templated":true}]}}