
{"id":12227,"date":"2014-08-28T13:07:06","date_gmt":"2014-08-28T11:07:06","guid":{"rendered":"http:\/\/ibecbarcelona.eu\/new\/?page_id=12227"},"modified":"2018-11-16T12:11:45","modified_gmt":"2018-11-16T11:11:45","slug":"colabora","status":"publish","type":"page","link":"https:\/\/ibecbarcelona.eu\/es\/colabora\/","title":{"rendered":"Colabora"},"content":{"rendered":"<hr style=\"height: 2px;\" \/>\n<blockquote>\n<h3 style=\"font-size: 22px;\">Es esencial que la investigaci\u00f3n en bioingenier\u00eda y nanomedicina reciba apoyo privado.\u00a0Sin esta ayuda, nuestra misi\u00f3n de llevar a cabo investigaci\u00f3n de alta calidad para encontrar soluciones para tecnolog\u00edas m\u00e9dicas innovadoras y asequibles se convierte en un reto insalvable.<\/h3>\n<div style=\"text-align: right;\"><em>Josep Samitier, Director del\u00a0IBEC<\/em><\/div>\n<\/blockquote>\n<p><strong><img decoding=\"async\" class=\"alignleft wp-image-9422 size-full lazyload\" data-src=\"https:\/\/ibecbarcelona.eu\/wp-content\/uploads\/2015\/01\/giov.jpg\" alt=\"giov\" width=\"400\" height=\"331\" data-srcset=\"https:\/\/ibecbarcelona.eu\/wp-content\/uploads\/2015\/01\/giov.jpg 400w, https:\/\/ibecbarcelona.eu\/wp-content\/uploads\/2015\/01\/giov-300x248.jpg 300w, https:\/\/ibecbarcelona.eu\/wp-content\/uploads\/2015\/01\/giov-181x150.jpg 181w, https:\/\/ibecbarcelona.eu\/wp-content\/uploads\/2015\/01\/giov-150x124.jpg 150w\" data-sizes=\"(max-width: 400px) 100vw, 400px\" src=\"data:image\/svg+xml;base64,PHN2ZyB3aWR0aD0iMSIgaGVpZ2h0PSIxIiB4bWxucz0iaHR0cDovL3d3dy53My5vcmcvMjAwMC9zdmciPjwvc3ZnPg==\" style=\"--smush-placeholder-width: 400px; --smush-placeholder-aspect-ratio: 400\/331;\" \/><\/strong><\/p>\n<p><strong>No puede haber descubrimiento cient\u00edfico sin investigaci\u00f3n b\u00e1sica.<\/strong> La misi\u00f3n del IBEC es alcanzar la excelencia en los \u00e1mbitos de la bioingenier\u00eda y la nanomedicina, llevar a cabo investigaci\u00f3n que represente oportunidades inesperadas para la sociedad y la salud humana.<\/p>\n<p>La tecnolog\u00eda y la calidad de vida actuales son el resultado de la inversi\u00f3n en ciencia en el pasado, y con el apoyo a la investigaci\u00f3n b\u00e1sica hoy contribuir\u00e1s al progreso en el futuro. Tu apoyo permite a los laboratorios del IBEC aprovechar oportunidades, reaccionar con prontitud a los r\u00e1pidos progresos en el mundo cient\u00edfico y garantizar un trabajo de alta calidad con equipos y material de \u00faltima generaci\u00f3n.<\/p>\n<p><strong>Ay\u00fadanos a permanecer en la vanguardia de la investigaci\u00f3n cient\u00edfica de calidad.<\/strong><br \/>\nSi deseas hablar con mayor detalle sobre c\u00f3mo puedes contribuir positivamente en el trabajo crucial del IBEC en bioingenier\u00eda y nanomedicina, contacta con:<\/p>\n<h6>Ana Gonz\u00e1lez, jefa de Finanzas<br \/>\nEd. Administraci\u00f3 | Baldiri Reixac 10-12 | 08028 | Barcelona<br \/>\nT. +34 934 039 703 | <a href=\"mailto:amgonzalez@ibecbarcelona.eu\" target=\"_blank\" rel=\"noopener\">amgonzalez@ibecbarcelona.eu<\/a><\/h6>\n<div class=\"responsive-tabs\">\n<h2 class=\"tabtitle\">Faster Future<\/h2>\n<div class=\"tabcontent\">\n\n<p><strong><img decoding=\"async\" class=\"wp-image-56432 alignright lazyload\" data-src=\"https:\/\/ibecbarcelona.eu\/wp-content\/uploads\/2017\/11\/newsGT1-300x139.jpg\" alt=\"\" width=\"450\" height=\"209\" data-srcset=\"https:\/\/ibecbarcelona.eu\/wp-content\/uploads\/2017\/11\/newsGT1-300x139.jpg 300w, https:\/\/ibecbarcelona.eu\/wp-content\/uploads\/2017\/11\/newsGT1-230x107.jpg 230w, https:\/\/ibecbarcelona.eu\/wp-content\/uploads\/2017\/11\/newsGT1-150x70.jpg 150w, https:\/\/ibecbarcelona.eu\/wp-content\/uploads\/2017\/11\/newsGT1.jpg 650w\" data-sizes=\"(max-width: 450px) 100vw, 450px\" src=\"data:image\/svg+xml;base64,PHN2ZyB3aWR0aD0iMSIgaGVpZ2h0PSIxIiB4bWxucz0iaHR0cDovL3d3dy53My5vcmcvMjAwMC9zdmciPjwvc3ZnPg==\" style=\"--smush-placeholder-width: 450px; --smush-placeholder-aspect-ratio: 450\/209;\" \/>In 2017 IBEC launched Faster Future, a new initiative that aims to help accelerate research projects that are close to tackling major challenges in health.<\/strong><\/p>\n<p>In its <strong>first year<\/strong>, Faster Future raised money for a new solution for muscular dystrophy being developed in Javier Ramon\u2019s <a href=\"https:\/\/ibecbarcelona.eu\/biosensors\" target=\"_blank\" rel=\"noopener\">Biosensors for Bioengineering<\/a> group. Their \u2018muscle-on-a-chip\u2019 will use a patient\u2019s own cells to study myotonic dystrophy type 1, a progressive disability that begins in adulthood and affects 50,000 people in Spain alone.<\/p>\n<p>As well as modelling the patient\u2019s disease in a personalized way, the platform will also allow the study of different drugs or treatments in conditions that mimic the body as closely as possible, as well as offering a more reliable alternative to animal models.<\/p>\n<p><img decoding=\"async\" class=\"wp-image-59486 aligncenter lazyload\" data-src=\"https:\/\/ibecbarcelona.eu\/wp-content\/uploads\/2018\/06\/progress-bar-June-2018-300x29.jpg\" alt=\"\" width=\"800\" height=\"78\" data-srcset=\"https:\/\/ibecbarcelona.eu\/wp-content\/uploads\/2018\/06\/progress-bar-June-2018-300x29.jpg 300w, https:\/\/ibecbarcelona.eu\/wp-content\/uploads\/2018\/06\/progress-bar-June-2018-768x75.jpg 768w, https:\/\/ibecbarcelona.eu\/wp-content\/uploads\/2018\/06\/progress-bar-June-2018-1024x100.jpg 1024w, https:\/\/ibecbarcelona.eu\/wp-content\/uploads\/2018\/06\/progress-bar-June-2018-230x22.jpg 230w, https:\/\/ibecbarcelona.eu\/wp-content\/uploads\/2018\/06\/progress-bar-June-2018-150x15.jpg 150w, https:\/\/ibecbarcelona.eu\/wp-content\/uploads\/2018\/06\/progress-bar-June-2018.jpg 1464w\" data-sizes=\"(max-width: 800px) 100vw, 800px\" src=\"data:image\/svg+xml;base64,PHN2ZyB3aWR0aD0iMSIgaGVpZ2h0PSIxIiB4bWxucz0iaHR0cDovL3d3dy53My5vcmcvMjAwMC9zdmciPjwvc3ZnPg==\" style=\"--smush-placeholder-width: 800px; --smush-placeholder-aspect-ratio: 800\/78;\" \/><\/p>\n<p>The campaign, which opened on Giving Tuesday 2017, has raised over the 25,000\u20ac needed to carry out the last phases of the project: equipping the chip\u2019s muscle tissue with biosensors, validating the platform and drug testing.<\/p>\n<p><strong>If you&#8217;d like to learn more about the project or make a donation, please visit IBEC&#8217;s <a href=\"http:\/\/www.ibecbarcelona.org\" target=\"_blank\" rel=\"noopener\">Faster Future website<\/a>.<\/strong><\/p>\n\n<\/div><h2 class=\"tabtitle\">Otras formas de ayudar<\/h2>\n<div class=\"tabcontent\">\n\n<p><strong>Existen numerosas oportunidades de canalizar tu apoyo en funci\u00f3n de tus preferencias e intereses personales:<\/strong><\/p>\n<ul>\n<li><em><span style=\"color: #afbd22;\">Patrocinando actividades de divulgaci\u00f3n para ni\u00f1os y j\u00f3venes estudiantes.<br \/>\n<\/span><\/em>Puedes estimular el surgimiento de la nueva generaci\u00f3n de cient\u00edficos ayudando al IBEC a llegar a los j\u00f3venes con visitas a laboratorios y actividades de car\u00e1cter pr\u00e1ctico y atractivo.<\/li>\n<\/ul>\n<ul>\n<li><em><span style=\"color: #afbd22;\">Apoyando eventos internacionales en los campos de la ciencia y la tecnolog\u00eda\u2026<\/span><\/em><em><br \/>\n<\/em>Las empresas que desean llegar a los destinatarios interesados en todo el mundo se pueden beneficiar de las oportunidades de visibilidad y <em>networking<\/em> que ofrece nuestro amplio programa de cursos y congresos.<br \/>\nDesc\u00e1rgate el folleto de patrocinio para m\u00e1s informaci\u00f3n sobre el apoyo a los eventos del IBEC:<br \/>\n<a href=\"https:\/\/ibecbarcelona.eu\/wp-content\/uploads\/2014\/11\/sponsorship-dossier-en.pdf\">Sponsorship dossier<\/a> (English)<br \/>\n<a href=\"https:\/\/ibecbarcelona.eu\/wp-content\/uploads\/2014\/11\/Sponsorship-dossier-CAT.pdf\">Dossier de patrocini<\/a> (Catal\u00e0)<br \/>\n<a href=\"https:\/\/ibecbarcelona.eu\/wp-content\/uploads\/2014\/11\/Sponsorship-dossier-ES.pdf\">Dossier de patrocinio<\/a> (Castellano)<\/li>\n<\/ul>\n<ul>\n<li><em><span style=\"color: #afbd22;\">Patrocine programas de formaci\u00f3n\u2026<\/span><\/em><em><br \/>\n<\/em>Tu contribuci\u00f3n, ya sea apoyando a responsables de grupos j\u00fanior a trav\u00e9s de contratos <em>tenure track<\/em> o participando en nuestros seminarios internacionales con presencia de expertos internacionales, puede beneficiar directamente a los j\u00f3venes investigadores.<\/li>\n<\/ul>\n\n<\/div><h2 class=\"tabtitle\">Incentivos fiscales al mecenazgo<\/h2>\n<div class=\"tabcontent\">\n\n<p><em>Tratamiento fiscal de las donaciones a la Fundaci\u00f3n IBEC<\/em><\/p>\n<p>La Fundaci\u00f3n IBEC es una entidad sin \u00e1nimo de lucro protegida por la ley 49\/2002, de 23 de diciembre, de r\u00e9gimen fiscal de las entidades sin fines lucrativos y de los incentivos fiscales al mecenazgo.<\/p>\n<p>Con el fin de fomentar la colaboraci\u00f3n econ\u00f3mica con las fundaciones amparadas por la mencionada ley, las donaciones a entidades de este tipo tienen derecho a deducciones en el impuesto sobre la renta (en el caso de donantes individuales) o el impuesto de sociedades (en caso de donantes corporativos).<\/p>\n<ul>\n<li><strong>1. Donantes individuales<\/strong><br \/>\nLos donantes individuales tienen derecho a una deducci\u00f3n fiscal del 75% en su IRPF en los primeros 150 \u20ac donados y del 30% (35 % en caso de recurrencia) a partir de los primeros 150 \u20ac donados. Para calcular la deducci\u00f3n, los donantes individuales deben tener en cuenta que la base de deducci\u00f3n no puede superar el 10% de su base imponible. Adicionalmente los residentes en Catalunya podr\u00e1n aplicarse un deducci\u00f3n extra de 25% sobre los % indicados anteriormente ( 75% + 25 % o 30% + 25% ).<\/li>\n<li><strong>2. Donantes corporativos<\/strong><br \/>\nLos donantes corporativos tienen derecho a una deducci\u00f3n fiscal del 35% en su impuesto de sociedades sobre el importe donado.<br \/>\nLos importes donados durante el ejercicio fiscal en vigor pero no deducidos porque la base imponible no alcanza el m\u00ednimo necesario se podr\u00e1n aplicar a las devoluciones fiscales correspondientes a los 10 a\u00f1os fiscales siguientes. Al igual que los donantes individuales, los corporativos deben tener en cuenta que la base de deducci\u00f3n no debe superar el 10% de la base imponible de la empresa para el ejercicio fiscal correspondiente, aunque cualquier importe que exceda dicho l\u00edmite se puede aplicar a las devoluciones correspondientes a los 10 a\u00f1os fiscales siguientes.<\/li>\n<\/ul>\n\n<\/div><h2 class=\"tabtitle\">Campa\u00f1as anteriores<\/h2>\n<div class=\"tabcontent\">\n\n<p><a href=\"https:\/\/ibecbarcelona.eu\/wp-content\/uploads\/2014\/11\/dermoglass.jpg\"><img decoding=\"async\" class=\"alignnone wp-image-2220 size-full lazyload\" data-src=\"https:\/\/ibecbarcelona.eu\/wp-content\/uploads\/2014\/11\/dermoglass.jpg\" alt=\"dermoglass\" width=\"1048\" height=\"828\" data-srcset=\"https:\/\/ibecbarcelona.eu\/wp-content\/uploads\/2014\/11\/dermoglass.jpg 1048w, https:\/\/ibecbarcelona.eu\/wp-content\/uploads\/2014\/11\/dermoglass-300x237.jpg 300w, https:\/\/ibecbarcelona.eu\/wp-content\/uploads\/2014\/11\/dermoglass-1024x809.jpg 1024w, https:\/\/ibecbarcelona.eu\/wp-content\/uploads\/2014\/11\/dermoglass-189x150.jpg 189w, https:\/\/ibecbarcelona.eu\/wp-content\/uploads\/2014\/11\/dermoglass-150x118.jpg 150w\" data-sizes=\"(max-width: 1048px) 100vw, 1048px\" src=\"data:image\/svg+xml;base64,PHN2ZyB3aWR0aD0iMSIgaGVpZ2h0PSIxIiB4bWxucz0iaHR0cDovL3d3dy53My5vcmcvMjAwMC9zdmciPjwvc3ZnPg==\" style=\"--smush-placeholder-width: 1048px; --smush-placeholder-aspect-ratio: 1048\/828;\" \/><\/a><\/p>\n<p>Consulte las p\u00e1ginas de Dermoglass en la plataforma <a href=\"http:\/\/goteo.org\/project\/dermoglass?lang=en\" target=\"_blank\" rel=\"noopener\">Goteo<\/a> y en <a href=\"https:\/\/www.facebook.com\/dermoglassproject?fref=ts\" target=\"_blank\" rel=\"noopener\">Facebook<\/a> para conocer m\u00e1s.<\/p>\n<\/div><\/div>\n","protected":false},"excerpt":{"rendered":"<p>Es esencial que la investigaci\u00f3n en bioingenier\u00eda y nanomedicina reciba apoyo privado.\u00a0Sin esta ayuda, nuestra misi\u00f3n de llevar a cabo investigaci\u00f3n de alta calidad para encontrar soluciones para tecnolog\u00edas m\u00e9dicas &#8230; <a title=\"Colabora\" class=\"read-more\" href=\"https:\/\/ibecbarcelona.eu\/es\/colabora\/\" aria-label=\"More on Colabora\">Read more<\/a><\/p>\n","protected":false},"author":4,"featured_media":0,"parent":0,"menu_order":0,"comment_status":"closed","ping_status":"closed","template":"templates\/template-onecolumn.php","meta":{"footnotes":""},"tags":[],"class_list":["post-12227","page","type-page","status-publish"],"yoast_head":"<!-- This site is optimized with the Yoast SEO plugin v27.4 - https:\/\/yoast.com\/product\/yoast-seo-wordpress\/ -->\n<title>Colabora - Institute for Bioengineering of Catalonia<\/title>\n<meta name=\"robots\" content=\"index, follow, max-snippet:-1, max-image-preview:large, max-video-preview:-1\" \/>\n<link rel=\"canonical\" href=\"https:\/\/ibecbarcelona.eu\/es\/colabora\/\" \/>\n<meta property=\"og:locale\" content=\"es_ES\" \/>\n<meta property=\"og:type\" content=\"article\" \/>\n<meta property=\"og:title\" content=\"Colabora - Institute for Bioengineering of Catalonia\" \/>\n<meta property=\"og:description\" content=\"Es esencial que la investigaci\u00f3n en bioingenier\u00eda y nanomedicina reciba apoyo privado.\u00a0Sin esta ayuda, nuestra misi\u00f3n de llevar a cabo investigaci\u00f3n de alta calidad para encontrar soluciones para tecnolog\u00edas m\u00e9dicas ... Read more\" \/>\n<meta property=\"og:url\" content=\"https:\/\/ibecbarcelona.eu\/es\/colabora\/\" \/>\n<meta property=\"og:site_name\" content=\"Institute for Bioengineering of Catalonia\" \/>\n<meta property=\"article:modified_time\" content=\"2018-11-16T11:11:45+00:00\" \/>\n<meta property=\"og:image\" content=\"https:\/\/ibecbarcelona.eu\/wp-content\/uploads\/2015\/01\/giov.jpg\" \/>\n<meta name=\"twitter:card\" content=\"summary_large_image\" \/>\n<meta name=\"twitter:label1\" content=\"Tiempo de lectura\" \/>\n\t<meta name=\"twitter:data1\" content=\"5 minutos\" \/>\n<script type=\"application\/ld+json\" class=\"yoast-schema-graph\">{\"@context\":\"https:\\\/\\\/schema.org\",\"@graph\":[{\"@type\":\"WebPage\",\"@id\":\"https:\\\/\\\/ibecbarcelona.eu\\\/es\\\/colabora\\\/\",\"url\":\"https:\\\/\\\/ibecbarcelona.eu\\\/es\\\/colabora\\\/\",\"name\":\"Colabora - Institute for Bioengineering of Catalonia\",\"isPartOf\":{\"@id\":\"https:\\\/\\\/ibecbarcelona.eu\\\/#website\"},\"primaryImageOfPage\":{\"@id\":\"https:\\\/\\\/ibecbarcelona.eu\\\/es\\\/colabora\\\/#primaryimage\"},\"image\":{\"@id\":\"https:\\\/\\\/ibecbarcelona.eu\\\/es\\\/colabora\\\/#primaryimage\"},\"thumbnailUrl\":\"https:\\\/\\\/ibecbarcelona.eu\\\/wp-content\\\/uploads\\\/2015\\\/01\\\/giov.jpg\",\"datePublished\":\"2014-08-28T11:07:06+00:00\",\"dateModified\":\"2018-11-16T11:11:45+00:00\",\"breadcrumb\":{\"@id\":\"https:\\\/\\\/ibecbarcelona.eu\\\/es\\\/colabora\\\/#breadcrumb\"},\"inLanguage\":\"es\",\"potentialAction\":[{\"@type\":\"ReadAction\",\"target\":[\"https:\\\/\\\/ibecbarcelona.eu\\\/es\\\/colabora\\\/\"]}]},{\"@type\":\"ImageObject\",\"inLanguage\":\"es\",\"@id\":\"https:\\\/\\\/ibecbarcelona.eu\\\/es\\\/colabora\\\/#primaryimage\",\"url\":\"https:\\\/\\\/ibecbarcelona.eu\\\/wp-content\\\/uploads\\\/2015\\\/01\\\/giov.jpg\",\"contentUrl\":\"https:\\\/\\\/ibecbarcelona.eu\\\/wp-content\\\/uploads\\\/2015\\\/01\\\/giov.jpg\"},{\"@type\":\"BreadcrumbList\",\"@id\":\"https:\\\/\\\/ibecbarcelona.eu\\\/es\\\/colabora\\\/#breadcrumb\",\"itemListElement\":[{\"@type\":\"ListItem\",\"position\":1,\"name\":\"Home\",\"item\":\"https:\\\/\\\/ibecbarcelona.eu\\\/es\\\/\"},{\"@type\":\"ListItem\",\"position\":2,\"name\":\"Colabora\"}]},{\"@type\":\"WebSite\",\"@id\":\"https:\\\/\\\/ibecbarcelona.eu\\\/#website\",\"url\":\"https:\\\/\\\/ibecbarcelona.eu\\\/\",\"name\":\"Institute for Bioengineering of Catalonia\",\"description\":\"Bioengineering solutions for health\",\"publisher\":{\"@id\":\"https:\\\/\\\/ibecbarcelona.eu\\\/#organization\"},\"potentialAction\":[{\"@type\":\"SearchAction\",\"target\":{\"@type\":\"EntryPoint\",\"urlTemplate\":\"https:\\\/\\\/ibecbarcelona.eu\\\/?s={search_term_string}\"},\"query-input\":{\"@type\":\"PropertyValueSpecification\",\"valueRequired\":true,\"valueName\":\"search_term_string\"}}],\"inLanguage\":\"es\"},{\"@type\":\"Organization\",\"@id\":\"https:\\\/\\\/ibecbarcelona.eu\\\/#organization\",\"name\":\"Institute for Bioengineering of Catalonia\",\"url\":\"https:\\\/\\\/ibecbarcelona.eu\\\/\",\"logo\":{\"@type\":\"ImageObject\",\"inLanguage\":\"es\",\"@id\":\"https:\\\/\\\/ibecbarcelona.eu\\\/#\\\/schema\\\/logo\\\/image\\\/\",\"url\":\"https:\\\/\\\/ibecbarcelona.eu\\\/wp-content\\\/uploads\\\/2026\\\/01\\\/cropped-IBEC_20ANYS_GRIS.png\",\"contentUrl\":\"https:\\\/\\\/ibecbarcelona.eu\\\/wp-content\\\/uploads\\\/2026\\\/01\\\/cropped-IBEC_20ANYS_GRIS.png\",\"width\":696,\"height\":257,\"caption\":\"Institute for Bioengineering of Catalonia\"},\"image\":{\"@id\":\"https:\\\/\\\/ibecbarcelona.eu\\\/#\\\/schema\\\/logo\\\/image\\\/\"}}]}<\/script>\n<!-- \/ Yoast SEO plugin. -->","yoast_head_json":{"title":"Colabora - Institute for Bioengineering of Catalonia","robots":{"index":"index","follow":"follow","max-snippet":"max-snippet:-1","max-image-preview":"max-image-preview:large","max-video-preview":"max-video-preview:-1"},"canonical":"https:\/\/ibecbarcelona.eu\/es\/colabora\/","og_locale":"es_ES","og_type":"article","og_title":"Colabora - Institute for Bioengineering of Catalonia","og_description":"Es esencial que la investigaci\u00f3n en bioingenier\u00eda y nanomedicina reciba apoyo privado.\u00a0Sin esta ayuda, nuestra misi\u00f3n de llevar a cabo investigaci\u00f3n de alta calidad para encontrar soluciones para tecnolog\u00edas m\u00e9dicas ... Read more","og_url":"https:\/\/ibecbarcelona.eu\/es\/colabora\/","og_site_name":"Institute for Bioengineering of Catalonia","article_modified_time":"2018-11-16T11:11:45+00:00","og_image":[{"url":"https:\/\/ibecbarcelona.eu\/wp-content\/uploads\/2015\/01\/giov.jpg","type":"","width":"","height":""}],"twitter_card":"summary_large_image","twitter_misc":{"Tiempo de lectura":"5 minutos"},"schema":{"@context":"https:\/\/schema.org","@graph":[{"@type":"WebPage","@id":"https:\/\/ibecbarcelona.eu\/es\/colabora\/","url":"https:\/\/ibecbarcelona.eu\/es\/colabora\/","name":"Colabora - Institute for Bioengineering of Catalonia","isPartOf":{"@id":"https:\/\/ibecbarcelona.eu\/#website"},"primaryImageOfPage":{"@id":"https:\/\/ibecbarcelona.eu\/es\/colabora\/#primaryimage"},"image":{"@id":"https:\/\/ibecbarcelona.eu\/es\/colabora\/#primaryimage"},"thumbnailUrl":"https:\/\/ibecbarcelona.eu\/wp-content\/uploads\/2015\/01\/giov.jpg","datePublished":"2014-08-28T11:07:06+00:00","dateModified":"2018-11-16T11:11:45+00:00","breadcrumb":{"@id":"https:\/\/ibecbarcelona.eu\/es\/colabora\/#breadcrumb"},"inLanguage":"es","potentialAction":[{"@type":"ReadAction","target":["https:\/\/ibecbarcelona.eu\/es\/colabora\/"]}]},{"@type":"ImageObject","inLanguage":"es","@id":"https:\/\/ibecbarcelona.eu\/es\/colabora\/#primaryimage","url":"https:\/\/ibecbarcelona.eu\/wp-content\/uploads\/2015\/01\/giov.jpg","contentUrl":"https:\/\/ibecbarcelona.eu\/wp-content\/uploads\/2015\/01\/giov.jpg"},{"@type":"BreadcrumbList","@id":"https:\/\/ibecbarcelona.eu\/es\/colabora\/#breadcrumb","itemListElement":[{"@type":"ListItem","position":1,"name":"Home","item":"https:\/\/ibecbarcelona.eu\/es\/"},{"@type":"ListItem","position":2,"name":"Colabora"}]},{"@type":"WebSite","@id":"https:\/\/ibecbarcelona.eu\/#website","url":"https:\/\/ibecbarcelona.eu\/","name":"Institute for Bioengineering of Catalonia","description":"Bioengineering solutions for health","publisher":{"@id":"https:\/\/ibecbarcelona.eu\/#organization"},"potentialAction":[{"@type":"SearchAction","target":{"@type":"EntryPoint","urlTemplate":"https:\/\/ibecbarcelona.eu\/?s={search_term_string}"},"query-input":{"@type":"PropertyValueSpecification","valueRequired":true,"valueName":"search_term_string"}}],"inLanguage":"es"},{"@type":"Organization","@id":"https:\/\/ibecbarcelona.eu\/#organization","name":"Institute for Bioengineering of Catalonia","url":"https:\/\/ibecbarcelona.eu\/","logo":{"@type":"ImageObject","inLanguage":"es","@id":"https:\/\/ibecbarcelona.eu\/#\/schema\/logo\/image\/","url":"https:\/\/ibecbarcelona.eu\/wp-content\/uploads\/2026\/01\/cropped-IBEC_20ANYS_GRIS.png","contentUrl":"https:\/\/ibecbarcelona.eu\/wp-content\/uploads\/2026\/01\/cropped-IBEC_20ANYS_GRIS.png","width":696,"height":257,"caption":"Institute for Bioengineering of Catalonia"},"image":{"@id":"https:\/\/ibecbarcelona.eu\/#\/schema\/logo\/image\/"}}]}},"AFP_featured_media_urls":{"full":false,"thumbnail":false,"medium":false,"medium_large":false,"large":false},"AFP_attachments":{"full":["https:\/\/ibecbarcelona.eu\/wp-content\/uploads\/2015\/01\/bionic.jpg",210,43,false],"thumbnail":["https:\/\/ibecbarcelona.eu\/wp-content\/uploads\/2015\/01\/bionic-150x43.jpg",150,43,true],"medium":["https:\/\/ibecbarcelona.eu\/wp-content\/uploads\/2015\/01\/bionic.jpg",210,43,false],"medium_large":["https:\/\/ibecbarcelona.eu\/wp-content\/uploads\/2015\/01\/bionic.jpg",210,43,false],"large":["https:\/\/ibecbarcelona.eu\/wp-content\/uploads\/2015\/01\/bionic.jpg",210,43,false]},"AFP_videos":[],"AFP_video_blocks":"","AFP_category_names":[],"_links":{"self":[{"href":"https:\/\/ibecbarcelona.eu\/es\/wp-json\/wp\/v2\/pages\/12227","targetHints":{"allow":["GET"]}}],"collection":[{"href":"https:\/\/ibecbarcelona.eu\/es\/wp-json\/wp\/v2\/pages"}],"about":[{"href":"https:\/\/ibecbarcelona.eu\/es\/wp-json\/wp\/v2\/types\/page"}],"author":[{"embeddable":true,"href":"https:\/\/ibecbarcelona.eu\/es\/wp-json\/wp\/v2\/users\/4"}],"replies":[{"embeddable":true,"href":"https:\/\/ibecbarcelona.eu\/es\/wp-json\/wp\/v2\/comments?post=12227"}],"version-history":[{"count":7,"href":"https:\/\/ibecbarcelona.eu\/es\/wp-json\/wp\/v2\/pages\/12227\/revisions"}],"predecessor-version":[{"id":63406,"href":"https:\/\/ibecbarcelona.eu\/es\/wp-json\/wp\/v2\/pages\/12227\/revisions\/63406"}],"wp:attachment":[{"href":"https:\/\/ibecbarcelona.eu\/es\/wp-json\/wp\/v2\/media?parent=12227"}],"wp:term":[{"taxonomy":"post_tag","embeddable":true,"href":"https:\/\/ibecbarcelona.eu\/es\/wp-json\/wp\/v2\/tags?post=12227"}],"curies":[{"name":"wp","href":"https:\/\/api.w.org\/{rel}","templated":true}]}}