
{"id":126464,"date":"2025-04-15T15:00:40","date_gmt":"2025-04-15T13:00:40","guid":{"rendered":"https:\/\/ibecbarcelona.eu\/sociedad-y-ciencia\/bioenginyeria-al-territori\/"},"modified":"2025-06-17T10:01:04","modified_gmt":"2025-06-17T08:01:04","slug":"bioenginyeria-al-territori","status":"publish","type":"page","link":"https:\/\/ibecbarcelona.eu\/es\/sociedad-y-ciencia\/bioingenieria-en-el-territorio","title":{"rendered":"Bioingenier\u00eda en el Territorio"},"content":{"rendered":"\n<h4 class=\"wp-block-heading\">El proyecto <em>Bioingenier\u00eda en el Territorio<\/em> tiene como objetivo descentralizar el conocimiento cient\u00edfico y promover la educaci\u00f3n cient\u00edfica de manera igualitaria en todo el territorio. Queremos garantizar que toda la poblaci\u00f3n, independientemente de su ubicaci\u00f3n geogr\u00e1fica y perfil social, tenga acceso a una educaci\u00f3n cient\u00edfica de calidad.<\/h4>\n\n\n\n<p><em>Territorio<\/em> es uno de los pilares fundamentales del proyecto educativo del IBEC, con el que queremos contribuir a la democratizaci\u00f3n de la ciencia. Con este programa, pretendemos garantizar que la educaci\u00f3n cient\u00edfica llegue de forma equitativa a todo el territorio, evitando la centralizaci\u00f3n de iniciativas en los grandes n\u00facleos urbanos.<\/p>\n\n\n\n<p><strong>Nuestros objetivos:<\/strong><\/p>\n\n\n\n<ul class=\"wp-block-list\">\n<li>Democratizar el conocimiento<\/li>\n\n\n\n<li>Acercar la ciencia a la sociedad<\/li>\n\n\n\n<li>Fomentar y consolidar vocaciones cient\u00edficas entre la juventud y, especialmente, entre las ni\u00f1as<\/li>\n\n\n\n<li>Promover la inclusi\u00f3n y la igualdad de oportunidades<\/li>\n<\/ul>\n\n\n<div class=\"responsive-tabs\">\n<h2 class=\"tabtitle\">Escuelas<\/h2>\n<div class=\"tabcontent\">\n\n\n\n\n<p>Esta iniciativa naci\u00f3 en 2021, cuando el IBEC y el Secretariado de Escuela Rural de Catalu\u00f1a (SERC) firmaron un convenio de colaboraci\u00f3n con el objetivo de promover actividades conjuntas para las escuelas rurales de primaria. El prop\u00f3sito es acercar la bioingenier\u00eda a las escuelas m\u00e1s peque\u00f1as y a aquellas con menor acceso al entorno cient\u00edfico.<\/p>\n\n\n\n<p>Cada a\u00f1o, un equipo de investigadoras e investigadores del IBEC viaja a diferentes zonas escolares rurales (ZER) de Catalu\u00f1a para llevar a cabo talleres y actividades pr\u00e1cticas de ciencia. De este modo, el alumnado de zonas m\u00e1s alejadas puede disfrutar de experiencias \u00fanicas que les permiten conocer de primera mano el mundo de la investigaci\u00f3n y la tecnolog\u00eda.<\/p>\n\n\n\n<p>Hasta marzo de 2025, hemos realizado actividades en 16 de las 88 <a href=\"https:\/\/xtec.gencat.cat\/ca\/curriculum\/escolarural\/sobre-les-escoles-rurals\/webszer\/\">ZER existentes actualmente<\/a> en Catalu\u00f1a, as\u00ed como en dos <a href=\"https:\/\/xtec.gencat.cat\/ca\/curriculum\/escolarural\/sobre-les-escoles-rurals\/websescoles\/\">escuelas rurales<\/a>.<\/p>\n\n\n\n<p><\/p>\n\n\n\n<font size=\"4\">Centros que ha visitado IBEC<\/font><br \/><iframe data-src=\"https:\/\/www.google.com\/maps\/d\/embed?mid=16tUJDtctD-qL4e3Gubqvovl4_Je7gEI&#038;ehbc=2E312F\" width=\"100%\" height=\"720\" src=\"data:image\/svg+xml;base64,PHN2ZyB3aWR0aD0iMSIgaGVpZ2h0PSIxIiB4bWxucz0iaHR0cDovL3d3dy53My5vcmcvMjAwMC9zdmciPjwvc3ZnPg==\" class=\"lazyload\" data-load-mode=\"1\"><\/iframe>\n\n\n\n<figure class=\"wp-block-gallery has-nested-images columns-3 is-cropped wp-block-gallery-1 is-layout-flex wp-block-gallery-is-layout-flex\">\n<figure class=\"wp-block-image size-large\"><img decoding=\"async\" width=\"768\" height=\"1024\" data-id=\"125320\" data-src=\"https:\/\/ibecbarcelona.eu\/wp-content\/uploads\/2025\/04\/IMG_1981-768x1024.jpeg\" alt=\"\" class=\"wp-image-125320 lazyload\" data-srcset=\"https:\/\/ibecbarcelona.eu\/wp-content\/uploads\/2025\/04\/IMG_1981-768x1024.jpeg 768w, https:\/\/ibecbarcelona.eu\/wp-content\/uploads\/2025\/04\/IMG_1981-225x300.jpeg 225w, https:\/\/ibecbarcelona.eu\/wp-content\/uploads\/2025\/04\/IMG_1981.jpeg 800w\" data-sizes=\"(max-width: 768px) 100vw, 768px\" src=\"data:image\/svg+xml;base64,PHN2ZyB3aWR0aD0iMSIgaGVpZ2h0PSIxIiB4bWxucz0iaHR0cDovL3d3dy53My5vcmcvMjAwMC9zdmciPjwvc3ZnPg==\" style=\"--smush-placeholder-width: 768px; --smush-placeholder-aspect-ratio: 768\/1024;\" \/><\/figure>\n\n\n\n<figure class=\"wp-block-image size-large\"><img decoding=\"async\" width=\"1024\" height=\"768\" data-id=\"125319\" data-src=\"https:\/\/ibecbarcelona.eu\/wp-content\/uploads\/2025\/04\/9-1024x768.jpeg\" alt=\"\" class=\"wp-image-125319 lazyload\" data-srcset=\"https:\/\/ibecbarcelona.eu\/wp-content\/uploads\/2025\/04\/9-1024x768.jpeg 1024w, https:\/\/ibecbarcelona.eu\/wp-content\/uploads\/2025\/04\/9-300x225.jpeg 300w, https:\/\/ibecbarcelona.eu\/wp-content\/uploads\/2025\/04\/9-768x576.jpeg 768w, https:\/\/ibecbarcelona.eu\/wp-content\/uploads\/2025\/04\/9.jpeg 1200w\" data-sizes=\"(max-width: 1024px) 100vw, 1024px\" src=\"data:image\/svg+xml;base64,PHN2ZyB3aWR0aD0iMSIgaGVpZ2h0PSIxIiB4bWxucz0iaHR0cDovL3d3dy53My5vcmcvMjAwMC9zdmciPjwvc3ZnPg==\" style=\"--smush-placeholder-width: 1024px; --smush-placeholder-aspect-ratio: 1024\/768;\" \/><\/figure>\n\n\n\n<figure class=\"wp-block-image size-large\"><img decoding=\"async\" width=\"768\" height=\"1024\" data-id=\"125328\" data-src=\"https:\/\/ibecbarcelona.eu\/wp-content\/uploads\/2025\/04\/20241126_155304-768x1024.jpg\" alt=\"\" class=\"wp-image-125328 lazyload\" data-srcset=\"https:\/\/ibecbarcelona.eu\/wp-content\/uploads\/2025\/04\/20241126_155304-768x1023.jpg 768w, https:\/\/ibecbarcelona.eu\/wp-content\/uploads\/2025\/04\/20241126_155304-225x300.jpg 225w, https:\/\/ibecbarcelona.eu\/wp-content\/uploads\/2025\/04\/20241126_155304.jpg 800w\" data-sizes=\"(max-width: 768px) 100vw, 768px\" src=\"data:image\/svg+xml;base64,PHN2ZyB3aWR0aD0iMSIgaGVpZ2h0PSIxIiB4bWxucz0iaHR0cDovL3d3dy53My5vcmcvMjAwMC9zdmciPjwvc3ZnPg==\" style=\"--smush-placeholder-width: 768px; --smush-placeholder-aspect-ratio: 768\/1024;\" \/><\/figure>\n\n\n\n<figure class=\"wp-block-image size-large\"><img decoding=\"async\" width=\"1024\" height=\"768\" data-id=\"125325\" data-src=\"https:\/\/ibecbarcelona.eu\/wp-content\/uploads\/2025\/04\/20241029_100130000_iOS-1024x768.jpg\" alt=\"\" class=\"wp-image-125325 lazyload\" data-srcset=\"https:\/\/ibecbarcelona.eu\/wp-content\/uploads\/2025\/04\/20241029_100130000_iOS-1024x768.jpg 1024w, https:\/\/ibecbarcelona.eu\/wp-content\/uploads\/2025\/04\/20241029_100130000_iOS-300x225.jpg 300w, https:\/\/ibecbarcelona.eu\/wp-content\/uploads\/2025\/04\/20241029_100130000_iOS-768x576.jpg 768w, https:\/\/ibecbarcelona.eu\/wp-content\/uploads\/2025\/04\/20241029_100130000_iOS.jpg 1200w\" data-sizes=\"(max-width: 1024px) 100vw, 1024px\" src=\"data:image\/svg+xml;base64,PHN2ZyB3aWR0aD0iMSIgaGVpZ2h0PSIxIiB4bWxucz0iaHR0cDovL3d3dy53My5vcmcvMjAwMC9zdmciPjwvc3ZnPg==\" style=\"--smush-placeholder-width: 1024px; --smush-placeholder-aspect-ratio: 1024\/768;\" \/><\/figure>\n<\/figure>\n\n\n\n<\/div><h2 class=\"tabtitle\">Proyecto Bioingenier\u00eda en las zonas rurales<\/h2>\n<div class=\"tabcontent\">\n\n\n\n\n<p><strong>El proyecto<\/strong><\/p>\n\n\n\n<p>El proyecto <em>\u201cBioingenier\u00eda en las zonas rurales: educaci\u00f3n y divulgaci\u00f3n cient\u00edfica al alcance de todos\u201d<\/em> ha recibido el apoyo del <em>Departamento de Investigaci\u00f3n y Universidades de la Generalitat de Catalu\u00f1a<\/em> en la convocatoria de 2023 \u201cAyudas para proyectos con impacto social (IMPACTE)\u201d (2023 IMPAC 00016).<\/p>\n\n\n\n<p>En el marco del proyecto, adem\u00e1s de las actividades educativas itinerantes en las escuelas, ofrecemos una actividad educativa para personas adultas en el mismo pueblo o en una localidad cercana a la escuela rural. En esta actividad, abordamos los \u00faltimos avances en bioingenier\u00eda para la salud y el envejecimiento saludable, como la bioimpresi\u00f3n 3D y la regeneraci\u00f3n de tejidos. La sesi\u00f3n finaliza con un debate en el que recogemos las opiniones de la comunidad sobre esta investigaci\u00f3n y las posibles terapias futuras.&nbsp;&nbsp;<\/p>\n\n\n\n<figure class=\"wp-block-gallery has-nested-images columns-default is-cropped wp-block-gallery-2 is-layout-flex wp-block-gallery-is-layout-flex\">\n<figure class=\"wp-block-image size-large\"><img decoding=\"async\" width=\"1024\" height=\"768\" data-id=\"125339\" data-src=\"https:\/\/ibecbarcelona.eu\/wp-content\/uploads\/2025\/04\/IMG_6548-1024x768.jpeg\" alt=\"\" class=\"wp-image-125339 lazyload\" data-srcset=\"https:\/\/ibecbarcelona.eu\/wp-content\/uploads\/2025\/04\/IMG_6548-1024x768.jpeg 1024w, https:\/\/ibecbarcelona.eu\/wp-content\/uploads\/2025\/04\/IMG_6548-300x225.jpeg 300w, https:\/\/ibecbarcelona.eu\/wp-content\/uploads\/2025\/04\/IMG_6548-768x576.jpeg 768w, https:\/\/ibecbarcelona.eu\/wp-content\/uploads\/2025\/04\/IMG_6548.jpeg 1200w\" data-sizes=\"(max-width: 1024px) 100vw, 1024px\" src=\"data:image\/svg+xml;base64,PHN2ZyB3aWR0aD0iMSIgaGVpZ2h0PSIxIiB4bWxucz0iaHR0cDovL3d3dy53My5vcmcvMjAwMC9zdmciPjwvc3ZnPg==\" style=\"--smush-placeholder-width: 1024px; --smush-placeholder-aspect-ratio: 1024\/768;\" \/><\/figure>\n\n\n\n<figure class=\"wp-block-image size-large\"><img decoding=\"async\" width=\"768\" height=\"1024\" data-id=\"125336\" data-src=\"https:\/\/ibecbarcelona.eu\/wp-content\/uploads\/2025\/04\/IMG_6555-768x1024.jpeg\" alt=\"\" class=\"wp-image-125336 lazyload\" data-srcset=\"https:\/\/ibecbarcelona.eu\/wp-content\/uploads\/2025\/04\/IMG_6555-768x1024.jpeg 768w, https:\/\/ibecbarcelona.eu\/wp-content\/uploads\/2025\/04\/IMG_6555-225x300.jpeg 225w, https:\/\/ibecbarcelona.eu\/wp-content\/uploads\/2025\/04\/IMG_6555.jpeg 800w\" data-sizes=\"(max-width: 768px) 100vw, 768px\" src=\"data:image\/svg+xml;base64,PHN2ZyB3aWR0aD0iMSIgaGVpZ2h0PSIxIiB4bWxucz0iaHR0cDovL3d3dy53My5vcmcvMjAwMC9zdmciPjwvc3ZnPg==\" style=\"--smush-placeholder-width: 768px; --smush-placeholder-aspect-ratio: 768\/1024;\" \/><\/figure>\n\n\n\n<figure class=\"wp-block-image size-large\"><img decoding=\"async\" width=\"1024\" height=\"771\" data-id=\"125333\" data-src=\"https:\/\/ibecbarcelona.eu\/wp-content\/uploads\/2025\/04\/IMG-20241127-WA0004-1024x771.jpg\" alt=\"\" class=\"wp-image-125333 lazyload\" data-srcset=\"https:\/\/ibecbarcelona.eu\/wp-content\/uploads\/2025\/04\/IMG-20241127-WA0004-1024x771.jpg 1024w, https:\/\/ibecbarcelona.eu\/wp-content\/uploads\/2025\/04\/IMG-20241127-WA0004-300x226.jpg 300w, https:\/\/ibecbarcelona.eu\/wp-content\/uploads\/2025\/04\/IMG-20241127-WA0004-768x578.jpg 768w, https:\/\/ibecbarcelona.eu\/wp-content\/uploads\/2025\/04\/IMG-20241127-WA0004-1536x1157.jpg 1536w, https:\/\/ibecbarcelona.eu\/wp-content\/uploads\/2025\/04\/IMG-20241127-WA0004.jpg 2040w\" data-sizes=\"(max-width: 1024px) 100vw, 1024px\" src=\"data:image\/svg+xml;base64,PHN2ZyB3aWR0aD0iMSIgaGVpZ2h0PSIxIiB4bWxucz0iaHR0cDovL3d3dy53My5vcmcvMjAwMC9zdmciPjwvc3ZnPg==\" style=\"--smush-placeholder-width: 1024px; --smush-placeholder-aspect-ratio: 1024\/771;\" \/><\/figure>\n<\/figure>\n\n\n\n<figure class=\"wp-block-image size-full is-resized\"><img decoding=\"async\" width=\"740\" height=\"176\" data-src=\"https:\/\/ibecbarcelona.eu\/wp-content\/uploads\/2025\/04\/logo-generalitat-recerca.png\" alt=\"\" class=\"wp-image-125315 lazyload\" style=\"--smush-placeholder-width: 740px; --smush-placeholder-aspect-ratio: 740\/176;width:300px\" data-srcset=\"https:\/\/ibecbarcelona.eu\/wp-content\/uploads\/2025\/04\/logo-generalitat-recerca.png 740w, https:\/\/ibecbarcelona.eu\/wp-content\/uploads\/2025\/04\/logo-generalitat-recerca-300x71.png 300w\" data-sizes=\"(max-width: 740px) 100vw, 740px\" src=\"data:image\/svg+xml;base64,PHN2ZyB3aWR0aD0iMSIgaGVpZ2h0PSIxIiB4bWxucz0iaHR0cDovL3d3dy53My5vcmcvMjAwMC9zdmciPjwvc3ZnPg==\" \/><\/figure>\n\n\n\n<p><\/p>\n\n\n\n<p><strong>Jornada Ciencia en el Territorio<\/strong><\/p>\n\n\n\n<p>El pr\u00f3ximo 8 de noviembre de 2025, la jornada \u201cCiencia en el Territorio: voces y experiencias en la escuela rural\u201d se convertir\u00e1 en un punto de encuentro para la comunidad educativa, docentes, instituciones y entidades que impulsan proyectos y actividades STEAM en todo el territorio.<\/p>\n\n\n\n<p>Este evento est\u00e1 coorganizado por el Instituto de Bioingenier\u00eda de Catalu\u00f1a (IBEC), el Secretariado de Escuela Rural de Catalu\u00f1a (SERC) y el Museu Terra de L\u2019Espluga de Francol\u00ed.<\/p>\n\n\n\n<p>M\u00e1s informaci\u00f3n y registro: <a href=\"https:\/\/events.ibecbarcelona.eu\/ciencia-al-territori\/\" target=\"_blank\" rel=\"noreferrer noopener\">https:\/\/events.ibecbarcelona.eu\/ciencia-al-territori\/<\/a>&nbsp;<\/p>\n\n\n\n<hr class=\"wp-block-separator has-alpha-channel-opacity\"\/>\n\n\n\n<p><br>Si eres una escuela rural interesada, no dudes en ponerte en contacto con nosotros escribiendo a: <a href=\"mailto:eduscience@ibecbarcelona.eu\">eduscience@ibecbarcelona.eu<\/a>&nbsp;<\/p>\n\n\n\n<p><strong>Recursos<\/strong>:&nbsp;<\/p>\n\n\n\n<ul class=\"wp-block-list\">\n<li><a href=\"https:\/\/ibecbarcelona.eu\/wp-content\/uploads\/2023\/07\/Questionaris_activitat_CAT.pdf\"><\/a><a href=\"https:\/\/criatures.ara.cat\/escola\/projecte-portar-bioenginyeria-escoles-rurals_130_4320430.html\" target=\"_blank\" rel=\"noreferrer noopener\">Un proyecto para llevar la bioingenier\u00eda a las escuelas rurales&nbsp;<\/a><\/li>\n\n\n\n<li><a href=\"https:\/\/ibecbarcelona.eu\/wp-content\/uploads\/2025\/04\/Escoles_Rurals_ARA_2022.pdf\" target=\"_blank\" rel=\"noreferrer noopener\">Un proyecto para llevar la bioingenier\u00eda a las escuelas rurales (PDF)<\/a><\/li>\n<\/ul>\n\n\n<\/div><\/div>\n\n\n\n<p><\/p>\n","protected":false},"excerpt":{"rendered":"<p>El proyecto Bioingenier\u00eda en el Territorio tiene como objetivo descentralizar el conocimiento cient\u00edfico y promover la educaci\u00f3n cient\u00edfica de manera igualitaria en todo el territorio. Queremos garantizar que toda la &#8230; <a title=\"Bioingenier\u00eda en el Territorio\" class=\"read-more\" href=\"https:\/\/ibecbarcelona.eu\/es\/sociedad-y-ciencia\/bioingenieria-en-el-territorio\" aria-label=\"More on Bioingenier\u00eda en el Territorio\">Read more<\/a><\/p>\n","protected":false},"author":26,"featured_media":125376,"parent":17489,"menu_order":0,"comment_status":"closed","ping_status":"closed","template":"","meta":{"footnotes":""},"tags":[],"class_list":["post-126464","page","type-page","status-publish","has-post-thumbnail"],"yoast_head":"<!-- This site is optimized with the Yoast SEO plugin v27.3 - https:\/\/yoast.com\/product\/yoast-seo-wordpress\/ -->\n<title>Bioingenier\u00eda en el Territorio - Institute for Bioengineering of Catalonia<\/title>\n<meta name=\"robots\" content=\"index, follow, max-snippet:-1, max-image-preview:large, max-video-preview:-1\" \/>\n<link rel=\"canonical\" href=\"https:\/\/ibecbarcelona.eu\/es\/sociedad-y-ciencia\/bioingenieria-en-el-territorio\/\" \/>\n<meta property=\"og:locale\" content=\"es_ES\" \/>\n<meta property=\"og:type\" content=\"article\" \/>\n<meta property=\"og:title\" content=\"Bioingenier\u00eda en el Territorio - Institute for Bioengineering of Catalonia\" \/>\n<meta property=\"og:description\" content=\"El proyecto Bioingenier\u00eda en el Territorio tiene como objetivo descentralizar el conocimiento cient\u00edfico y promover la educaci\u00f3n cient\u00edfica de manera igualitaria en todo el territorio. Queremos garantizar que toda la ... Read more\" \/>\n<meta property=\"og:url\" content=\"https:\/\/ibecbarcelona.eu\/es\/sociedad-y-ciencia\/bioingenieria-en-el-territorio\/\" \/>\n<meta property=\"og:site_name\" content=\"Institute for Bioengineering of Catalonia\" \/>\n<meta property=\"article:modified_time\" content=\"2025-06-17T08:01:04+00:00\" \/>\n<meta property=\"og:image\" content=\"https:\/\/ibecbarcelona.eu\/wp-content\/uploads\/2025\/04\/cienciaterritori.jpg\" \/>\n\t<meta property=\"og:image:width\" content=\"2000\" \/>\n\t<meta property=\"og:image:height\" content=\"400\" \/>\n\t<meta property=\"og:image:type\" content=\"image\/jpeg\" \/>\n<meta name=\"twitter:card\" content=\"summary_large_image\" \/>\n<meta name=\"twitter:label1\" content=\"Tiempo de lectura\" \/>\n\t<meta name=\"twitter:data1\" content=\"5 minutos\" \/>\n<script type=\"application\/ld+json\" class=\"yoast-schema-graph\">{\"@context\":\"https:\\\/\\\/schema.org\",\"@graph\":[{\"@type\":\"WebPage\",\"@id\":\"https:\\\/\\\/ibecbarcelona.eu\\\/es\\\/sociedad-y-ciencia\\\/bioingenieria-en-el-territorio\\\/\",\"url\":\"https:\\\/\\\/ibecbarcelona.eu\\\/es\\\/sociedad-y-ciencia\\\/bioingenieria-en-el-territorio\\\/\",\"name\":\"Bioingenier\u00eda en el Territorio - Institute for Bioengineering of Catalonia\",\"isPartOf\":{\"@id\":\"https:\\\/\\\/ibecbarcelona.eu\\\/#website\"},\"primaryImageOfPage\":{\"@id\":\"https:\\\/\\\/ibecbarcelona.eu\\\/es\\\/sociedad-y-ciencia\\\/bioingenieria-en-el-territorio\\\/#primaryimage\"},\"image\":{\"@id\":\"https:\\\/\\\/ibecbarcelona.eu\\\/es\\\/sociedad-y-ciencia\\\/bioingenieria-en-el-territorio\\\/#primaryimage\"},\"thumbnailUrl\":\"https:\\\/\\\/ibecbarcelona.eu\\\/wp-content\\\/uploads\\\/2025\\\/04\\\/cienciaterritori.jpg\",\"datePublished\":\"2025-04-15T13:00:40+00:00\",\"dateModified\":\"2025-06-17T08:01:04+00:00\",\"breadcrumb\":{\"@id\":\"https:\\\/\\\/ibecbarcelona.eu\\\/es\\\/sociedad-y-ciencia\\\/bioingenieria-en-el-territorio\\\/#breadcrumb\"},\"inLanguage\":\"es\",\"potentialAction\":[{\"@type\":\"ReadAction\",\"target\":[\"https:\\\/\\\/ibecbarcelona.eu\\\/es\\\/sociedad-y-ciencia\\\/bioingenieria-en-el-territorio\\\/\"]}]},{\"@type\":\"ImageObject\",\"inLanguage\":\"es\",\"@id\":\"https:\\\/\\\/ibecbarcelona.eu\\\/es\\\/sociedad-y-ciencia\\\/bioingenieria-en-el-territorio\\\/#primaryimage\",\"url\":\"https:\\\/\\\/ibecbarcelona.eu\\\/wp-content\\\/uploads\\\/2025\\\/04\\\/cienciaterritori.jpg\",\"contentUrl\":\"https:\\\/\\\/ibecbarcelona.eu\\\/wp-content\\\/uploads\\\/2025\\\/04\\\/cienciaterritori.jpg\",\"width\":2000,\"height\":400},{\"@type\":\"BreadcrumbList\",\"@id\":\"https:\\\/\\\/ibecbarcelona.eu\\\/es\\\/sociedad-y-ciencia\\\/bioingenieria-en-el-territorio\\\/#breadcrumb\",\"itemListElement\":[{\"@type\":\"ListItem\",\"position\":1,\"name\":\"Home\",\"item\":\"https:\\\/\\\/ibecbarcelona.eu\\\/es\\\/\"},{\"@type\":\"ListItem\",\"position\":2,\"name\":\"Sociedad y Ciencia\",\"item\":\"https:\\\/\\\/ibecbarcelona.eu\\\/es\\\/sociedad-y-ciencia\\\/\"},{\"@type\":\"ListItem\",\"position\":3,\"name\":\"Bioingenier\u00eda en el Territorio\"}]},{\"@type\":\"WebSite\",\"@id\":\"https:\\\/\\\/ibecbarcelona.eu\\\/#website\",\"url\":\"https:\\\/\\\/ibecbarcelona.eu\\\/\",\"name\":\"Institute for Bioengineering of Catalonia\",\"description\":\"Bioengineering solutions for health\",\"publisher\":{\"@id\":\"https:\\\/\\\/ibecbarcelona.eu\\\/#organization\"},\"potentialAction\":[{\"@type\":\"SearchAction\",\"target\":{\"@type\":\"EntryPoint\",\"urlTemplate\":\"https:\\\/\\\/ibecbarcelona.eu\\\/?s={search_term_string}\"},\"query-input\":{\"@type\":\"PropertyValueSpecification\",\"valueRequired\":true,\"valueName\":\"search_term_string\"}}],\"inLanguage\":\"es\"},{\"@type\":\"Organization\",\"@id\":\"https:\\\/\\\/ibecbarcelona.eu\\\/#organization\",\"name\":\"Institute for Bioengineering of Catalonia\",\"url\":\"https:\\\/\\\/ibecbarcelona.eu\\\/\",\"logo\":{\"@type\":\"ImageObject\",\"inLanguage\":\"es\",\"@id\":\"https:\\\/\\\/ibecbarcelona.eu\\\/#\\\/schema\\\/logo\\\/image\\\/\",\"url\":\"https:\\\/\\\/ibecbarcelona.eu\\\/wp-content\\\/uploads\\\/2026\\\/01\\\/cropped-IBEC_20ANYS_GRIS.png\",\"contentUrl\":\"https:\\\/\\\/ibecbarcelona.eu\\\/wp-content\\\/uploads\\\/2026\\\/01\\\/cropped-IBEC_20ANYS_GRIS.png\",\"width\":696,\"height\":257,\"caption\":\"Institute for Bioengineering of Catalonia\"},\"image\":{\"@id\":\"https:\\\/\\\/ibecbarcelona.eu\\\/#\\\/schema\\\/logo\\\/image\\\/\"}}]}<\/script>\n<!-- \/ Yoast SEO plugin. -->","yoast_head_json":{"title":"Bioingenier\u00eda en el Territorio - Institute for Bioengineering of Catalonia","robots":{"index":"index","follow":"follow","max-snippet":"max-snippet:-1","max-image-preview":"max-image-preview:large","max-video-preview":"max-video-preview:-1"},"canonical":"https:\/\/ibecbarcelona.eu\/es\/sociedad-y-ciencia\/bioingenieria-en-el-territorio\/","og_locale":"es_ES","og_type":"article","og_title":"Bioingenier\u00eda en el Territorio - Institute for Bioengineering of Catalonia","og_description":"El proyecto Bioingenier\u00eda en el Territorio tiene como objetivo descentralizar el conocimiento cient\u00edfico y promover la educaci\u00f3n cient\u00edfica de manera igualitaria en todo el territorio. Queremos garantizar que toda la ... Read more","og_url":"https:\/\/ibecbarcelona.eu\/es\/sociedad-y-ciencia\/bioingenieria-en-el-territorio\/","og_site_name":"Institute for Bioengineering of Catalonia","article_modified_time":"2025-06-17T08:01:04+00:00","og_image":[{"width":2000,"height":400,"url":"https:\/\/ibecbarcelona.eu\/wp-content\/uploads\/2025\/04\/cienciaterritori.jpg","type":"image\/jpeg"}],"twitter_card":"summary_large_image","twitter_misc":{"Tiempo de lectura":"5 minutos"},"schema":{"@context":"https:\/\/schema.org","@graph":[{"@type":"WebPage","@id":"https:\/\/ibecbarcelona.eu\/es\/sociedad-y-ciencia\/bioingenieria-en-el-territorio\/","url":"https:\/\/ibecbarcelona.eu\/es\/sociedad-y-ciencia\/bioingenieria-en-el-territorio\/","name":"Bioingenier\u00eda en el Territorio - Institute for Bioengineering of Catalonia","isPartOf":{"@id":"https:\/\/ibecbarcelona.eu\/#website"},"primaryImageOfPage":{"@id":"https:\/\/ibecbarcelona.eu\/es\/sociedad-y-ciencia\/bioingenieria-en-el-territorio\/#primaryimage"},"image":{"@id":"https:\/\/ibecbarcelona.eu\/es\/sociedad-y-ciencia\/bioingenieria-en-el-territorio\/#primaryimage"},"thumbnailUrl":"https:\/\/ibecbarcelona.eu\/wp-content\/uploads\/2025\/04\/cienciaterritori.jpg","datePublished":"2025-04-15T13:00:40+00:00","dateModified":"2025-06-17T08:01:04+00:00","breadcrumb":{"@id":"https:\/\/ibecbarcelona.eu\/es\/sociedad-y-ciencia\/bioingenieria-en-el-territorio\/#breadcrumb"},"inLanguage":"es","potentialAction":[{"@type":"ReadAction","target":["https:\/\/ibecbarcelona.eu\/es\/sociedad-y-ciencia\/bioingenieria-en-el-territorio\/"]}]},{"@type":"ImageObject","inLanguage":"es","@id":"https:\/\/ibecbarcelona.eu\/es\/sociedad-y-ciencia\/bioingenieria-en-el-territorio\/#primaryimage","url":"https:\/\/ibecbarcelona.eu\/wp-content\/uploads\/2025\/04\/cienciaterritori.jpg","contentUrl":"https:\/\/ibecbarcelona.eu\/wp-content\/uploads\/2025\/04\/cienciaterritori.jpg","width":2000,"height":400},{"@type":"BreadcrumbList","@id":"https:\/\/ibecbarcelona.eu\/es\/sociedad-y-ciencia\/bioingenieria-en-el-territorio\/#breadcrumb","itemListElement":[{"@type":"ListItem","position":1,"name":"Home","item":"https:\/\/ibecbarcelona.eu\/es\/"},{"@type":"ListItem","position":2,"name":"Sociedad y Ciencia","item":"https:\/\/ibecbarcelona.eu\/es\/sociedad-y-ciencia\/"},{"@type":"ListItem","position":3,"name":"Bioingenier\u00eda en el Territorio"}]},{"@type":"WebSite","@id":"https:\/\/ibecbarcelona.eu\/#website","url":"https:\/\/ibecbarcelona.eu\/","name":"Institute for Bioengineering of Catalonia","description":"Bioengineering solutions for health","publisher":{"@id":"https:\/\/ibecbarcelona.eu\/#organization"},"potentialAction":[{"@type":"SearchAction","target":{"@type":"EntryPoint","urlTemplate":"https:\/\/ibecbarcelona.eu\/?s={search_term_string}"},"query-input":{"@type":"PropertyValueSpecification","valueRequired":true,"valueName":"search_term_string"}}],"inLanguage":"es"},{"@type":"Organization","@id":"https:\/\/ibecbarcelona.eu\/#organization","name":"Institute for Bioengineering of Catalonia","url":"https:\/\/ibecbarcelona.eu\/","logo":{"@type":"ImageObject","inLanguage":"es","@id":"https:\/\/ibecbarcelona.eu\/#\/schema\/logo\/image\/","url":"https:\/\/ibecbarcelona.eu\/wp-content\/uploads\/2026\/01\/cropped-IBEC_20ANYS_GRIS.png","contentUrl":"https:\/\/ibecbarcelona.eu\/wp-content\/uploads\/2026\/01\/cropped-IBEC_20ANYS_GRIS.png","width":696,"height":257,"caption":"Institute for Bioengineering of Catalonia"},"image":{"@id":"https:\/\/ibecbarcelona.eu\/#\/schema\/logo\/image\/"}}]}},"AFP_featured_media_urls":{"full":["https:\/\/ibecbarcelona.eu\/wp-content\/uploads\/2025\/04\/cienciaterritori.jpg",2000,400,false],"thumbnail":["https:\/\/ibecbarcelona.eu\/wp-content\/uploads\/2025\/04\/cienciaterritori-150x150.jpg",150,150,true],"medium":["https:\/\/ibecbarcelona.eu\/wp-content\/uploads\/2025\/04\/cienciaterritori-300x60.jpg",300,60,true],"medium_large":["https:\/\/ibecbarcelona.eu\/wp-content\/uploads\/2025\/04\/cienciaterritori-768x154.jpg",768,154,true],"large":["https:\/\/ibecbarcelona.eu\/wp-content\/uploads\/2025\/04\/cienciaterritori-1024x205.jpg",1024,205,true]},"AFP_attachments":{"full":["https:\/\/ibecbarcelona.eu\/wp-content\/uploads\/2025\/04\/logo-generalitat-recerca.png",740,176,false],"thumbnail":["https:\/\/ibecbarcelona.eu\/wp-content\/uploads\/2025\/04\/logo-generalitat-recerca-150x150.png",150,150,true],"medium":["https:\/\/ibecbarcelona.eu\/wp-content\/uploads\/2025\/04\/logo-generalitat-recerca-300x71.png",300,71,true],"medium_large":["https:\/\/ibecbarcelona.eu\/wp-content\/uploads\/2025\/04\/logo-generalitat-recerca.png",740,176,false],"large":["https:\/\/ibecbarcelona.eu\/wp-content\/uploads\/2025\/04\/logo-generalitat-recerca.png",740,176,false]},"AFP_videos":[],"AFP_video_blocks":"","AFP_category_names":[],"_links":{"self":[{"href":"https:\/\/ibecbarcelona.eu\/es\/wp-json\/wp\/v2\/pages\/126464","targetHints":{"allow":["GET"]}}],"collection":[{"href":"https:\/\/ibecbarcelona.eu\/es\/wp-json\/wp\/v2\/pages"}],"about":[{"href":"https:\/\/ibecbarcelona.eu\/es\/wp-json\/wp\/v2\/types\/page"}],"author":[{"embeddable":true,"href":"https:\/\/ibecbarcelona.eu\/es\/wp-json\/wp\/v2\/users\/26"}],"replies":[{"embeddable":true,"href":"https:\/\/ibecbarcelona.eu\/es\/wp-json\/wp\/v2\/comments?post=126464"}],"version-history":[{"count":2,"href":"https:\/\/ibecbarcelona.eu\/es\/wp-json\/wp\/v2\/pages\/126464\/revisions"}],"predecessor-version":[{"id":126472,"href":"https:\/\/ibecbarcelona.eu\/es\/wp-json\/wp\/v2\/pages\/126464\/revisions\/126472"}],"up":[{"embeddable":true,"href":"https:\/\/ibecbarcelona.eu\/es\/wp-json\/wp\/v2\/pages\/17489"}],"wp:featuredmedia":[{"embeddable":true,"href":"https:\/\/ibecbarcelona.eu\/es\/wp-json\/wp\/v2\/media\/125376"}],"wp:attachment":[{"href":"https:\/\/ibecbarcelona.eu\/es\/wp-json\/wp\/v2\/media?parent=126464"}],"wp:term":[{"taxonomy":"post_tag","embeddable":true,"href":"https:\/\/ibecbarcelona.eu\/es\/wp-json\/wp\/v2\/tags?post=126464"}],"curies":[{"name":"wp","href":"https:\/\/api.w.org\/{rel}","templated":true}]}}