
{"id":16506,"date":"2014-08-11T09:01:39","date_gmt":"2014-08-11T07:01:39","guid":{"rendered":"http:\/\/ibecbarcelona.eu\/?page_id=16506"},"modified":"2025-02-26T09:53:42","modified_gmt":"2025-02-26T08:53:42","slug":"aplicaciones-en-bioingenieria","status":"publish","type":"page","link":"https:\/\/ibecbarcelona.eu\/es\/sobre-nosotros\/aplicaciones-en-bioingenieria\/","title":{"rendered":"Aplicaciones en Bioingenier\u00eda"},"content":{"rendered":"\n<h4 class=\"wp-block-heading\">La bioingenier\u00eda implica abordar, comprender y resolver problemas de gran complejidad relacionados con la biomedicina, combinando las herramientas disponibles en los campos de la ciencia experimental, la ciencia de la vida y la ingenier\u00eda en todas sus facetas.<\/h4>\n\n\n\n<p>El modelo contemplado por el IBEC se inspira en un nuevo ecosistema creativo e innovador basado en la interacci\u00f3n entre expertos en investigaci\u00f3n en distintas tecnolog\u00edas (nano-bio-info-cogno) para generar nuevo conocimiento y soluciones de ingenier\u00eda en tecnolog\u00eda sanitaria.<\/p>\n\n\n\n<p>La actividad cient\u00edfica del IBEC se estructura en torno a tres aplicaciones transformadoras que abordan grandes desaf\u00edos de investigaci\u00f3n: bioingenier\u00eda para terapias emergentes y avanzadas, bioingenier\u00eda para medicina de precisi\u00f3n y bioingenier\u00eda para la salud global y pandemias.<\/p>\n\n\n\n<figure class=\"wp-block-image size-large\"><img decoding=\"async\" width=\"1024\" height=\"734\" data-src=\"https:\/\/ibecbarcelona.eu\/wp-content\/uploads\/2024\/04\/esquema-IBEC-SO_v5-1024x734.jpg\" alt=\"\" class=\"wp-image-116616 lazyload\" data-srcset=\"https:\/\/ibecbarcelona.eu\/wp-content\/uploads\/2024\/04\/esquema-IBEC-SO_v5-1024x734.jpg 1024w, https:\/\/ibecbarcelona.eu\/wp-content\/uploads\/2024\/04\/esquema-IBEC-SO_v5-300x215.jpg 300w, https:\/\/ibecbarcelona.eu\/wp-content\/uploads\/2024\/04\/esquema-IBEC-SO_v5-768x551.jpg 768w, https:\/\/ibecbarcelona.eu\/wp-content\/uploads\/2024\/04\/esquema-IBEC-SO_v5-1536x1102.jpg 1536w, https:\/\/ibecbarcelona.eu\/wp-content\/uploads\/2024\/04\/esquema-IBEC-SO_v5.jpg 1800w\" data-sizes=\"(max-width: 1024px) 100vw, 1024px\" src=\"data:image\/svg+xml;base64,PHN2ZyB3aWR0aD0iMSIgaGVpZ2h0PSIxIiB4bWxucz0iaHR0cDovL3d3dy53My5vcmcvMjAwMC9zdmciPjwvc3ZnPg==\" style=\"--smush-placeholder-width: 1024px; --smush-placeholder-aspect-ratio: 1024\/734;\" \/><\/figure>\n\n\n\n<div class=\"wp-block-columns is-layout-flex wp-container-core-columns-is-layout-9d6595d7 wp-block-columns-is-layout-flex\">\n<div class=\"wp-block-column is-layout-flow wp-block-column-is-layout-flow\" style=\"flex-basis:100%\">\n<div style=\"height:60px\" aria-hidden=\"true\" class=\"wp-block-spacer\"><\/div>\n\n\n\n<h4 class=\"wp-block-heading has-medium-font-size\"><strong>BIOINGENIER\u00cdA PARA TERAPIAS EMERGENTES Y AVANZADAS<\/strong><\/h4>\n\n\n\n<p>Las terapias avanzadas son tratamientos m\u00e9dicos innovadores que utilizan tecnolog\u00edas de vanguardia para abordar enfermedades y afecciones complejas. Implican la manipulaci\u00f3n o modificaci\u00f3n de material biol\u00f3gico, como c\u00e9lulas, genes y tejidos, con el objetivo de reparar o reemplazar c\u00e9lulas o tejidos da\u00f1ados o enfermos en el organismo.<\/p>\n\n\n\n<p>IBEC desarrollar\u00e1 las siguientes herramientas de bioingenier\u00eda para el desarrollo y producci\u00f3n de productos de terapias avanzadas:<\/p>\n\n\n\n<ul class=\"wp-block-list\">\n<li>Terapias G\u00e9nicas<\/li>\n\n\n\n<li>Terapias Celulares<\/li>\n\n\n\n<li>Ingenier\u00eda de Tejidos<\/li>\n<\/ul>\n<\/div>\n<\/div>\n\n\n\n<div class=\"wp-block-columns is-layout-flex wp-container-core-columns-is-layout-9d6595d7 wp-block-columns-is-layout-flex\">\n<div class=\"wp-block-column is-layout-flow wp-block-column-is-layout-flow\" style=\"flex-basis:100%\">\n<h4 class=\"wp-block-heading has-medium-font-size\"><strong>BIOINGENIER\u00cdA PARA TERAPIAS EMERGENTES Y AVANZADAS<\/strong><\/h4>\n\n\n\n<p>A pesar de la enorme cantidad de datos \u00f3micos disponibles, todav\u00eda no conocemos los efectos de todas las posibles variantes pat\u00f3genas en los genomas, transcriptomas y proteomas humanos. Para la mayor\u00eda de estas variantes, a\u00fan se desconoce cu\u00e1les son las que causan enfermedades. Estas limitaciones dificultan el desarrollo de sistemas avanzados de diagn\u00f3stico y pron\u00f3stico, as\u00ed como la identificaci\u00f3n de nuevos objetivos terap\u00e9uticos.<\/p>\n\n\n\n<p>Por otro lado, el desarrollo de nuevas terapias lleva tiempo estancado en un callej\u00f3n sin salida, con tasas de \u00e9xito inferiores al 15 % en los ensayos cl\u00ednicos debido a la falta de eficacia y\/o seguridad, lo que conlleva un alto costo y un retraso en la comercializaci\u00f3n de nuevos f\u00e1rmacos. Una parte importante de estas bajas tasas de \u00e9xito se debe a la ausencia de modelos precl\u00ednicos precisos de enfermedades que aprovechen el potencial de los sistemas biomim\u00e9ticos y biomodelos. Solo con un enfoque integrador podremos responder a los principales desaf\u00edos de salud a los que nos enfrentamos: c\u00e1ncer, enfermedades asociadas al envejecimiento (neurodegenerativas, cr\u00f3nicas, etc.), enfermedades raras y enfermedades infecciosas y zoon\u00f3ticas emergentes.<\/p>\n\n\n\n<p>Nos centraremos en:<\/p>\n\n\n\n<ul class=\"wp-block-list\">\n<li>Mejorar los datos del Programa del Atlas de Variabilidad Gen\u00f3mica de Alta Resoluci\u00f3n para predecir los efectos de la mayor\u00eda de las variantes gen\u00e9ticas en nuestros genomas.<\/li>\n\n\n\n<li>Desarrollar y ofrecer biomodelos humanizados mejorados, as\u00ed como sus gemelos digitales, para una medicina inteligente y de precisi\u00f3n.<\/li>\n<\/ul>\n<\/div>\n<\/div>\n\n\n\n<div class=\"wp-block-columns is-layout-flex wp-container-core-columns-is-layout-9d6595d7 wp-block-columns-is-layout-flex\">\n<div class=\"wp-block-column is-layout-flow wp-block-column-is-layout-flow\" style=\"flex-basis:100%\">\n<h4 class=\"wp-block-heading has-medium-font-size\"><strong>BIOINGENIER\u00cdA PARA LA SALUD GLOBAL Y LAS PANDEMIAS<\/strong><\/h4>\n\n\n\n<p>El enfoque <strong>One Health<\/strong> reconoce la conexi\u00f3n entre las personas, los animales, las plantas y el medio ambiente, y busca contribuir a una respuesta multidisciplinaria. La bioingenier\u00eda tiene el potencial de mejorar la salud a nivel global mediante este enfoque integral.<\/p>\n\n\n\n<p>Para mejorar la salud a nivel mundial, es necesario desarrollar estrategias y soluciones que funcionen en diversos entornos, incluidos aquellos con recursos limitados, utilizando plataformas de ingenier\u00eda para el diagn\u00f3stico, tratamiento y monitoreo de enfermedades. La bioingenier\u00eda puede proporcionar nuevas soluciones diagn\u00f3sticas y terap\u00e9uticas para abordar la resistencia a los antimicrobianos, as\u00ed como las epidemias y pandemias de enfermedades infecciosas.<\/p>\n<\/div>\n<\/div>\n\n\n\n<p><\/p>\n\n\n\n<h4 class=\"wp-block-heading\">DESAF\u00cdOS AVANZADOS EN SALUD SOCIETAL<\/h4>\n\n\n\n<figure class=\"wp-block-table\"><table class=\"has-base-background-color has-background\"><tbody><tr><td><a href=\"https:\/\/ibecbarcelona.eu\/wp-content\/uploads\/2021\/02\/IBEC-Bioengineering-against-Cancer.pdf\" target=\"_blank\" rel=\"noopener\"><img decoding=\"async\" class=\"wp-image-81943 size-medium alignnone lazyload\" data-src=\"https:\/\/ibecbarcelona.eu\/wp-content\/uploads\/2021\/02\/cancer-204x300.png\" alt=\"\" width=\"204\" height=\"300\" data-srcset=\"https:\/\/ibecbarcelona.eu\/wp-content\/uploads\/2021\/02\/cancer-204x300.png 204w, https:\/\/ibecbarcelona.eu\/wp-content\/uploads\/2021\/02\/cancer-102x150.png 102w, https:\/\/ibecbarcelona.eu\/wp-content\/uploads\/2021\/02\/cancer.png 425w\" data-sizes=\"(max-width: 204px) 100vw, 204px\" src=\"data:image\/svg+xml;base64,PHN2ZyB3aWR0aD0iMSIgaGVpZ2h0PSIxIiB4bWxucz0iaHR0cDovL3d3dy53My5vcmcvMjAwMC9zdmciPjwvc3ZnPg==\" style=\"--smush-placeholder-width: 204px; --smush-placeholder-aspect-ratio: 204\/300;\" \/><\/a><\/td><td><a href=\"https:\/\/ibecbarcelona.eu\/wp-content\/uploads\/2021\/02\/IBEC-Bioengineering-for-rare-diseases-treatments.pdf\" target=\"_blank\" rel=\"noopener\"><img decoding=\"async\" class=\"wp-image-81940 size-medium alignleft lazyload\" data-src=\"https:\/\/ibecbarcelona.eu\/wp-content\/uploads\/2021\/02\/rarediseases-204x300.png\" alt=\"\" width=\"204\" height=\"300\" data-srcset=\"https:\/\/ibecbarcelona.eu\/wp-content\/uploads\/2021\/02\/rarediseases-204x300.png 204w, https:\/\/ibecbarcelona.eu\/wp-content\/uploads\/2021\/02\/rarediseases-102x150.png 102w, https:\/\/ibecbarcelona.eu\/wp-content\/uploads\/2021\/02\/rarediseases.png 425w\" data-sizes=\"(max-width: 204px) 100vw, 204px\" src=\"data:image\/svg+xml;base64,PHN2ZyB3aWR0aD0iMSIgaGVpZ2h0PSIxIiB4bWxucz0iaHR0cDovL3d3dy53My5vcmcvMjAwMC9zdmciPjwvc3ZnPg==\" style=\"--smush-placeholder-width: 204px; --smush-placeholder-aspect-ratio: 204\/300;\" \/><\/a><\/td><td><a href=\"https:\/\/ibecbarcelona.eu\/wp-content\/uploads\/2022\/07\/Bioengineering-for-Healthy-Ageing.pdf\" target=\"_blank\" rel=\"noreferrer noopener\"><img decoding=\"async\" width=\"195\" height=\"292\" class=\"wp-image-98293 lazyload\" style=\"--smush-placeholder-width: 195px; --smush-placeholder-aspect-ratio: 195\/292;width: 195px;\" data-src=\"https:\/\/ibecbarcelona.eu\/wp-content\/uploads\/2022\/07\/Captura-de-Pantalla-2022-07-29-a-las-13.37.40.png\" alt=\"\" data-srcset=\"https:\/\/ibecbarcelona.eu\/wp-content\/uploads\/2022\/07\/Captura-de-Pantalla-2022-07-29-a-las-13.37.40.png 632w, https:\/\/ibecbarcelona.eu\/wp-content\/uploads\/2022\/07\/Captura-de-Pantalla-2022-07-29-a-las-13.37.40-200x300.png 200w, https:\/\/ibecbarcelona.eu\/wp-content\/uploads\/2022\/07\/Captura-de-Pantalla-2022-07-29-a-las-13.37.40-600x900.png 600w\" data-sizes=\"(max-width: 195px) 100vw, 195px\" src=\"data:image\/svg+xml;base64,PHN2ZyB3aWR0aD0iMSIgaGVpZ2h0PSIxIiB4bWxucz0iaHR0cDovL3d3dy53My5vcmcvMjAwMC9zdmciPjwvc3ZnPg==\" \/><\/a><\/td><\/tr><\/tbody><\/table><\/figure>\n","protected":false},"excerpt":{"rendered":"<p>La bioingenier\u00eda implica abordar, comprender y resolver problemas de gran complejidad relacionados con la biomedicina, combinando las herramientas disponibles en los campos de la ciencia experimental, la ciencia de la &#8230; <a title=\"Aplicaciones en Bioingenier\u00eda\" class=\"read-more\" href=\"https:\/\/ibecbarcelona.eu\/es\/sobre-nosotros\/aplicaciones-en-bioingenieria\/\" aria-label=\"More on Aplicaciones en Bioingenier\u00eda\">Read more<\/a><\/p>\n","protected":false},"author":4,"featured_media":90744,"parent":16501,"menu_order":0,"comment_status":"closed","ping_status":"closed","template":"","meta":{"footnotes":""},"tags":[],"class_list":["post-16506","page","type-page","status-publish","has-post-thumbnail"],"yoast_head":"<!-- This site is optimized with the Yoast SEO plugin v27.5 - https:\/\/yoast.com\/product\/yoast-seo-wordpress\/ -->\n<title>Aplicaciones en Bioingenier\u00eda - Institute for Bioengineering of Catalonia<\/title>\n<meta name=\"robots\" content=\"index, follow, max-snippet:-1, max-image-preview:large, max-video-preview:-1\" \/>\n<link rel=\"canonical\" href=\"https:\/\/ibecbarcelona.eu\/es\/sobre-nosotros\/aplicaciones-en-bioingenieria\/\" \/>\n<meta property=\"og:locale\" content=\"es_ES\" \/>\n<meta property=\"og:type\" content=\"article\" \/>\n<meta property=\"og:title\" content=\"Aplicaciones en Bioingenier\u00eda - Institute for Bioengineering of Catalonia\" \/>\n<meta property=\"og:description\" content=\"La bioingenier\u00eda implica abordar, comprender y resolver problemas de gran complejidad relacionados con la biomedicina, combinando las herramientas disponibles en los campos de la ciencia experimental, la ciencia de la ... Read more\" \/>\n<meta property=\"og:url\" content=\"https:\/\/ibecbarcelona.eu\/es\/sobre-nosotros\/aplicaciones-en-bioingenieria\/\" \/>\n<meta property=\"og:site_name\" content=\"Institute for Bioengineering of Catalonia\" \/>\n<meta property=\"article:modified_time\" content=\"2025-02-26T08:53:42+00:00\" \/>\n<meta property=\"og:image\" content=\"https:\/\/ibecbarcelona.eu\/wp-content\/uploads\/2022\/01\/bioengineering.jpg\" \/>\n\t<meta property=\"og:image:width\" content=\"2000\" \/>\n\t<meta property=\"og:image:height\" content=\"500\" \/>\n\t<meta property=\"og:image:type\" content=\"image\/jpeg\" \/>\n<meta name=\"twitter:card\" content=\"summary_large_image\" \/>\n<meta name=\"twitter:label1\" content=\"Tiempo de lectura\" \/>\n\t<meta name=\"twitter:data1\" content=\"4 minutos\" \/>\n<script type=\"application\/ld+json\" class=\"yoast-schema-graph\">{\"@context\":\"https:\\\/\\\/schema.org\",\"@graph\":[{\"@type\":\"WebPage\",\"@id\":\"https:\\\/\\\/ibecbarcelona.eu\\\/es\\\/sobre-nosotros\\\/aplicaciones-en-bioingenieria\\\/\",\"url\":\"https:\\\/\\\/ibecbarcelona.eu\\\/es\\\/sobre-nosotros\\\/aplicaciones-en-bioingenieria\\\/\",\"name\":\"Aplicaciones en Bioingenier\u00eda - Institute for Bioengineering of Catalonia\",\"isPartOf\":{\"@id\":\"https:\\\/\\\/ibecbarcelona.eu\\\/#website\"},\"primaryImageOfPage\":{\"@id\":\"https:\\\/\\\/ibecbarcelona.eu\\\/es\\\/sobre-nosotros\\\/aplicaciones-en-bioingenieria\\\/#primaryimage\"},\"image\":{\"@id\":\"https:\\\/\\\/ibecbarcelona.eu\\\/es\\\/sobre-nosotros\\\/aplicaciones-en-bioingenieria\\\/#primaryimage\"},\"thumbnailUrl\":\"https:\\\/\\\/ibecbarcelona.eu\\\/wp-content\\\/uploads\\\/2022\\\/01\\\/bioengineering.jpg\",\"datePublished\":\"2014-08-11T07:01:39+00:00\",\"dateModified\":\"2025-02-26T08:53:42+00:00\",\"breadcrumb\":{\"@id\":\"https:\\\/\\\/ibecbarcelona.eu\\\/es\\\/sobre-nosotros\\\/aplicaciones-en-bioingenieria\\\/#breadcrumb\"},\"inLanguage\":\"es\",\"potentialAction\":[{\"@type\":\"ReadAction\",\"target\":[\"https:\\\/\\\/ibecbarcelona.eu\\\/es\\\/sobre-nosotros\\\/aplicaciones-en-bioingenieria\\\/\"]}]},{\"@type\":\"ImageObject\",\"inLanguage\":\"es\",\"@id\":\"https:\\\/\\\/ibecbarcelona.eu\\\/es\\\/sobre-nosotros\\\/aplicaciones-en-bioingenieria\\\/#primaryimage\",\"url\":\"https:\\\/\\\/ibecbarcelona.eu\\\/wp-content\\\/uploads\\\/2022\\\/01\\\/bioengineering.jpg\",\"contentUrl\":\"https:\\\/\\\/ibecbarcelona.eu\\\/wp-content\\\/uploads\\\/2022\\\/01\\\/bioengineering.jpg\",\"width\":2000,\"height\":500},{\"@type\":\"BreadcrumbList\",\"@id\":\"https:\\\/\\\/ibecbarcelona.eu\\\/es\\\/sobre-nosotros\\\/aplicaciones-en-bioingenieria\\\/#breadcrumb\",\"itemListElement\":[{\"@type\":\"ListItem\",\"position\":1,\"name\":\"Home\",\"item\":\"https:\\\/\\\/ibecbarcelona.eu\\\/es\\\/\"},{\"@type\":\"ListItem\",\"position\":2,\"name\":\"Sobre nosotros\",\"item\":\"https:\\\/\\\/ibecbarcelona.eu\\\/es\\\/sobre-nosotros\\\/\"},{\"@type\":\"ListItem\",\"position\":3,\"name\":\"Aplicaciones en Bioingenier\u00eda\"}]},{\"@type\":\"WebSite\",\"@id\":\"https:\\\/\\\/ibecbarcelona.eu\\\/#website\",\"url\":\"https:\\\/\\\/ibecbarcelona.eu\\\/\",\"name\":\"Institute for Bioengineering of Catalonia\",\"description\":\"Bioengineering solutions for health\",\"publisher\":{\"@id\":\"https:\\\/\\\/ibecbarcelona.eu\\\/#organization\"},\"potentialAction\":[{\"@type\":\"SearchAction\",\"target\":{\"@type\":\"EntryPoint\",\"urlTemplate\":\"https:\\\/\\\/ibecbarcelona.eu\\\/?s={search_term_string}\"},\"query-input\":{\"@type\":\"PropertyValueSpecification\",\"valueRequired\":true,\"valueName\":\"search_term_string\"}}],\"inLanguage\":\"es\"},{\"@type\":\"Organization\",\"@id\":\"https:\\\/\\\/ibecbarcelona.eu\\\/#organization\",\"name\":\"Institute for Bioengineering of Catalonia\",\"url\":\"https:\\\/\\\/ibecbarcelona.eu\\\/\",\"logo\":{\"@type\":\"ImageObject\",\"inLanguage\":\"es\",\"@id\":\"https:\\\/\\\/ibecbarcelona.eu\\\/#\\\/schema\\\/logo\\\/image\\\/\",\"url\":\"https:\\\/\\\/ibecbarcelona.eu\\\/wp-content\\\/uploads\\\/2026\\\/01\\\/cropped-IBEC_20ANYS_GRIS.png\",\"contentUrl\":\"https:\\\/\\\/ibecbarcelona.eu\\\/wp-content\\\/uploads\\\/2026\\\/01\\\/cropped-IBEC_20ANYS_GRIS.png\",\"width\":696,\"height\":257,\"caption\":\"Institute for Bioengineering of Catalonia\"},\"image\":{\"@id\":\"https:\\\/\\\/ibecbarcelona.eu\\\/#\\\/schema\\\/logo\\\/image\\\/\"}}]}<\/script>\n<!-- \/ Yoast SEO plugin. -->","yoast_head_json":{"title":"Aplicaciones en Bioingenier\u00eda - Institute for Bioengineering of Catalonia","robots":{"index":"index","follow":"follow","max-snippet":"max-snippet:-1","max-image-preview":"max-image-preview:large","max-video-preview":"max-video-preview:-1"},"canonical":"https:\/\/ibecbarcelona.eu\/es\/sobre-nosotros\/aplicaciones-en-bioingenieria\/","og_locale":"es_ES","og_type":"article","og_title":"Aplicaciones en Bioingenier\u00eda - Institute for Bioengineering of Catalonia","og_description":"La bioingenier\u00eda implica abordar, comprender y resolver problemas de gran complejidad relacionados con la biomedicina, combinando las herramientas disponibles en los campos de la ciencia experimental, la ciencia de la ... Read more","og_url":"https:\/\/ibecbarcelona.eu\/es\/sobre-nosotros\/aplicaciones-en-bioingenieria\/","og_site_name":"Institute for Bioengineering of Catalonia","article_modified_time":"2025-02-26T08:53:42+00:00","og_image":[{"width":2000,"height":500,"url":"https:\/\/ibecbarcelona.eu\/wp-content\/uploads\/2022\/01\/bioengineering.jpg","type":"image\/jpeg"}],"twitter_card":"summary_large_image","twitter_misc":{"Tiempo de lectura":"4 minutos"},"schema":{"@context":"https:\/\/schema.org","@graph":[{"@type":"WebPage","@id":"https:\/\/ibecbarcelona.eu\/es\/sobre-nosotros\/aplicaciones-en-bioingenieria\/","url":"https:\/\/ibecbarcelona.eu\/es\/sobre-nosotros\/aplicaciones-en-bioingenieria\/","name":"Aplicaciones en Bioingenier\u00eda - Institute for Bioengineering of Catalonia","isPartOf":{"@id":"https:\/\/ibecbarcelona.eu\/#website"},"primaryImageOfPage":{"@id":"https:\/\/ibecbarcelona.eu\/es\/sobre-nosotros\/aplicaciones-en-bioingenieria\/#primaryimage"},"image":{"@id":"https:\/\/ibecbarcelona.eu\/es\/sobre-nosotros\/aplicaciones-en-bioingenieria\/#primaryimage"},"thumbnailUrl":"https:\/\/ibecbarcelona.eu\/wp-content\/uploads\/2022\/01\/bioengineering.jpg","datePublished":"2014-08-11T07:01:39+00:00","dateModified":"2025-02-26T08:53:42+00:00","breadcrumb":{"@id":"https:\/\/ibecbarcelona.eu\/es\/sobre-nosotros\/aplicaciones-en-bioingenieria\/#breadcrumb"},"inLanguage":"es","potentialAction":[{"@type":"ReadAction","target":["https:\/\/ibecbarcelona.eu\/es\/sobre-nosotros\/aplicaciones-en-bioingenieria\/"]}]},{"@type":"ImageObject","inLanguage":"es","@id":"https:\/\/ibecbarcelona.eu\/es\/sobre-nosotros\/aplicaciones-en-bioingenieria\/#primaryimage","url":"https:\/\/ibecbarcelona.eu\/wp-content\/uploads\/2022\/01\/bioengineering.jpg","contentUrl":"https:\/\/ibecbarcelona.eu\/wp-content\/uploads\/2022\/01\/bioengineering.jpg","width":2000,"height":500},{"@type":"BreadcrumbList","@id":"https:\/\/ibecbarcelona.eu\/es\/sobre-nosotros\/aplicaciones-en-bioingenieria\/#breadcrumb","itemListElement":[{"@type":"ListItem","position":1,"name":"Home","item":"https:\/\/ibecbarcelona.eu\/es\/"},{"@type":"ListItem","position":2,"name":"Sobre nosotros","item":"https:\/\/ibecbarcelona.eu\/es\/sobre-nosotros\/"},{"@type":"ListItem","position":3,"name":"Aplicaciones en Bioingenier\u00eda"}]},{"@type":"WebSite","@id":"https:\/\/ibecbarcelona.eu\/#website","url":"https:\/\/ibecbarcelona.eu\/","name":"Institute for Bioengineering of Catalonia","description":"Bioengineering solutions for health","publisher":{"@id":"https:\/\/ibecbarcelona.eu\/#organization"},"potentialAction":[{"@type":"SearchAction","target":{"@type":"EntryPoint","urlTemplate":"https:\/\/ibecbarcelona.eu\/?s={search_term_string}"},"query-input":{"@type":"PropertyValueSpecification","valueRequired":true,"valueName":"search_term_string"}}],"inLanguage":"es"},{"@type":"Organization","@id":"https:\/\/ibecbarcelona.eu\/#organization","name":"Institute for Bioengineering of Catalonia","url":"https:\/\/ibecbarcelona.eu\/","logo":{"@type":"ImageObject","inLanguage":"es","@id":"https:\/\/ibecbarcelona.eu\/#\/schema\/logo\/image\/","url":"https:\/\/ibecbarcelona.eu\/wp-content\/uploads\/2026\/01\/cropped-IBEC_20ANYS_GRIS.png","contentUrl":"https:\/\/ibecbarcelona.eu\/wp-content\/uploads\/2026\/01\/cropped-IBEC_20ANYS_GRIS.png","width":696,"height":257,"caption":"Institute for Bioengineering of Catalonia"},"image":{"@id":"https:\/\/ibecbarcelona.eu\/#\/schema\/logo\/image\/"}}]}},"AFP_featured_media_urls":{"full":["https:\/\/ibecbarcelona.eu\/wp-content\/uploads\/2022\/01\/bioengineering.jpg",2000,500,false],"thumbnail":["https:\/\/ibecbarcelona.eu\/wp-content\/uploads\/2022\/01\/bioengineering-150x150.jpg",150,150,true],"medium":["https:\/\/ibecbarcelona.eu\/wp-content\/uploads\/2022\/01\/bioengineering-300x75.jpg",300,75,true],"medium_large":["https:\/\/ibecbarcelona.eu\/wp-content\/uploads\/2022\/01\/bioengineering-768x192.jpg",768,192,true],"large":["https:\/\/ibecbarcelona.eu\/wp-content\/uploads\/2022\/01\/bioengineering-1024x256.jpg",1024,256,true]},"AFP_attachments":{"full":["https:\/\/ibecbarcelona.eu\/wp-content\/uploads\/2021\/02\/rarediseases.png",425,624,false],"thumbnail":["https:\/\/ibecbarcelona.eu\/wp-content\/uploads\/2021\/02\/rarediseases-150x150.png",150,150,true],"medium":["https:\/\/ibecbarcelona.eu\/wp-content\/uploads\/2021\/02\/rarediseases-204x300.png",204,300,true],"medium_large":["https:\/\/ibecbarcelona.eu\/wp-content\/uploads\/2021\/02\/rarediseases.png",425,624,false],"large":["https:\/\/ibecbarcelona.eu\/wp-content\/uploads\/2021\/02\/rarediseases.png",425,624,false]},"AFP_videos":[],"AFP_video_blocks":"","AFP_category_names":[],"_links":{"self":[{"href":"https:\/\/ibecbarcelona.eu\/es\/wp-json\/wp\/v2\/pages\/16506","targetHints":{"allow":["GET"]}}],"collection":[{"href":"https:\/\/ibecbarcelona.eu\/es\/wp-json\/wp\/v2\/pages"}],"about":[{"href":"https:\/\/ibecbarcelona.eu\/es\/wp-json\/wp\/v2\/types\/page"}],"author":[{"embeddable":true,"href":"https:\/\/ibecbarcelona.eu\/es\/wp-json\/wp\/v2\/users\/4"}],"replies":[{"embeddable":true,"href":"https:\/\/ibecbarcelona.eu\/es\/wp-json\/wp\/v2\/comments?post=16506"}],"version-history":[{"count":8,"href":"https:\/\/ibecbarcelona.eu\/es\/wp-json\/wp\/v2\/pages\/16506\/revisions"}],"predecessor-version":[{"id":124440,"href":"https:\/\/ibecbarcelona.eu\/es\/wp-json\/wp\/v2\/pages\/16506\/revisions\/124440"}],"up":[{"embeddable":true,"href":"https:\/\/ibecbarcelona.eu\/es\/wp-json\/wp\/v2\/pages\/16501"}],"wp:featuredmedia":[{"embeddable":true,"href":"https:\/\/ibecbarcelona.eu\/es\/wp-json\/wp\/v2\/media\/90744"}],"wp:attachment":[{"href":"https:\/\/ibecbarcelona.eu\/es\/wp-json\/wp\/v2\/media?parent=16506"}],"wp:term":[{"taxonomy":"post_tag","embeddable":true,"href":"https:\/\/ibecbarcelona.eu\/es\/wp-json\/wp\/v2\/tags?post=16506"}],"curies":[{"name":"wp","href":"https:\/\/api.w.org\/{rel}","templated":true}]}}