
{"id":16510,"date":"2014-08-08T09:18:23","date_gmt":"2014-08-08T07:18:23","guid":{"rendered":"http:\/\/ibecbarcelona.eu\/?page_id=16510"},"modified":"2025-07-30T13:06:28","modified_gmt":"2025-07-30T11:06:28","slug":"nuestra-mision","status":"publish","type":"page","link":"https:\/\/ibecbarcelona.eu\/es\/sobre-nosotros\/mision-y-vision","title":{"rendered":"Nuestra misi\u00f3n"},"content":{"rendered":"<div class=\"wp-block-image is-style-default\">\n<figure class=\"alignright\"><a href=\"https:\/\/ibecbarcelona.eu\/wp-content\/uploads\/2018\/09\/missionandvision2018-1.png\"><img decoding=\"async\" data-src=\"https:\/\/ibecbarcelona.eu\/wp-content\/uploads\/2018\/09\/missionandvision2018-1.png\" alt=\"\" class=\"wp-image-61658 lazyload\" src=\"data:image\/svg+xml;base64,PHN2ZyB3aWR0aD0iMSIgaGVpZ2h0PSIxIiB4bWxucz0iaHR0cDovL3d3dy53My5vcmcvMjAwMC9zdmciPjwvc3ZnPg==\" style=\"--smush-placeholder-width: 556px; --smush-placeholder-aspect-ratio: 556\/557;\" \/><\/a><\/figure><\/div>\n\n\n<h4 class=\"wp-block-heading\"><strong>El IBEC es un centro dedicado a la investigaci\u00f3n interdisciplinar internacional de primer orden, con la que, mediante la creaci\u00f3n de conocimiento, contribuye a mejorar la salud y la calidad de vida y a generar riqueza.<\/strong><\/h4>\n\n\n\n<p>Entre los beneficiarios del trabajo realizado por el Instituto de Bioingenier\u00eda de Catalu\u00f1a se encuentran las universidades, centros de investigaci\u00f3n, la comunidad cient\u00edfica, el sector empresarial impulsor de la investigaci\u00f3n en bioingenier\u00eda y la sociedad en general.<\/p>\n\n\n<div class=\"responsive-tabs\">\n<h2 class=\"tabtitle\">NUESTROS VALORES<\/h2>\n<div class=\"tabcontent\">\n\n\n\n\n<h4 class=\"wp-block-heading\">Basados en la misi\u00f3n y visi\u00f3n del IBEC, nuestros valores fueron identificados y definidos a trav\u00e9s del proyecto \u00abDe los valores a la excelencia\u00bb, una acci\u00f3n en el marco de la <a href=\"https:\/\/ibecbarcelona.eu\/es\/human-resources-strategy\">Estrategia de Recursos Humanos para Investigadores<\/a> de acuerdo con la Carta y el C\u00f3digo Europeos.<\/h4>\n\n\n\n<p>Fue un proceso participativo en el que varios grupos de trabajo interdisciplinarios, formados por directivos, investigadores de todos los niveles y personal de apoyo, se reunieron entre octubre y noviembre de 2016 para identificar y definir, en funci\u00f3n de su percepci\u00f3n y experiencia, los valores que hacen \u00fanico al instituto.<\/p>\n\n\n\n<p>Estos valores ayudan a guiar las elecciones y decisiones que nuestros investigadores toman en su vida laboral.<\/p>\n\n\n\n<ul class=\"wp-block-list\">\n<li><strong>Colaboraci\u00f3n<\/strong><br>Colaboraci\u00f3n en el sentido de apoyo mutuo y constante. La colaboraci\u00f3n implica sentirse seguro, respaldado y bien representado, y est\u00e1 presente en todos los niveles profesionales, independientemente de la jerarqu\u00eda. Significa estar orientado a los servicios tanto interna como externamente, y predispuesto a integrar el conocimiento y los recursos para el bien com\u00fan.<\/li>\n\n\n\n<li><strong>Creatividad<\/strong><br>La creatividad se encuentra tras las iniciativas y propuestas de investigaci\u00f3n que llevan al IBEC a tener \u00e9xito y obtener reconocimiento internacional. La creatividad proviene de la curiosidad, y es la capacidad de moverse fuera de nuestra zona de confort, valorando e integrando lo que ya existe para transformarlo en algo original que de otro modo no podr\u00eda existir.<br>La creatividad tambi\u00e9n se ve en la integraci\u00f3n de diferentes talentos y recursos para lograr resultados innovadores y de alto impacto.<\/li>\n\n\n\n<li><strong>Respeto<\/strong><br>El respeto es la base del trabajo colaborativo, se basa en la aceptaci\u00f3n y la atenci\u00f3n a las diferencias, y permite un enfoque libre de prejuicios y abierto a diversas ideas, as\u00ed como la construcci\u00f3n de relaciones fuertes y enriquecedoras.<\/li>\n\n\n\n<li><strong>Perseverancia<\/strong><br>La perseverancia es la b\u00fasqueda constante de un alto rendimiento realista, manteniendo el enfoque en la motivaci\u00f3n individual y corporativa y el aprendizaje continuo para hacer que los procesos, resultados y recursos sean sostenibles en el tiempo.<br>Se basa en comprender las demandas de nuestros puestos, saber c\u00f3mo valorar los recursos internos y externos y convertir los esfuerzos en una fuente de satisfacci\u00f3n positiva.<\/li>\n\n\n\n<li><strong>Responsabilidad (cient\u00edfica y social)&nbsp;<\/strong><br>La responsabilidad es el compromiso con la profesi\u00f3n y, por lo tanto, actuar de acuerdo con los principios de buena fe, integridad, honestidad y comunicaci\u00f3n transparente, buscar y mantener un c\u00f3digo \u00e9tico de conducta clara y adherirse a las mejores pr\u00e1cticas en ciencias. Se basa en el individuo asumiendo las consecuencias de las decisiones que toma, siendo consciente y responsable de ellas, y report\u00e1ndolas cuando sea necesario. Hace posible la libertad cient\u00edfica y nos ayuda a ser confiables y relevantes en el mundo de la investigaci\u00f3n.<\/li>\n\n\n\n<li><strong>Interdisciplinariedad<br><\/strong>Nuestro entorno de trabajo interdisciplinario est\u00e1 compuesto por personas vers\u00e1tiles con m\u00faltiples talentos. Tambi\u00e9n refleja la capacidad de contribuir desde diferentes perspectivas, integrando el conocimiento tanto a nivel grupal como individual.<br>Se basa en la capacidad de desarrollarse en \u00e1reas distintas a las dominadas, gracias a la capacitaci\u00f3n y el desarrollo continuo, lo que ayuda a crear un sistema adaptable y flexible que es capaz de lograr excelentes resultados incluso con recursos limitados.<\/li>\n\n\n\n<li><strong>Transparencia<\/strong><br>Externamente, la transparencia significa explicar, hacer entender las cosas y establecer una relaci\u00f3n de confianza con los socios, los empleados y la sociedad, actuando de manera abierta y precisa en la entrega y comunicaci\u00f3n de los resultados cient\u00edficos y no cient\u00edficos. Internamente, la transparencia garantiza la coherencia y la toma de responsabilidad sobre nuestras propias decisiones, identificando un marco de referencia que permita la comprensi\u00f3n.<\/li>\n<\/ul>\n\n\n<\/div><\/div>\n","protected":false},"excerpt":{"rendered":"<p>El IBEC es un centro dedicado a la investigaci\u00f3n interdisciplinar internacional de primer orden, con la que, mediante la creaci\u00f3n de conocimiento, contribuye a mejorar la salud y la calidad &#8230; <a title=\"Nuestra misi\u00f3n\" class=\"read-more\" href=\"https:\/\/ibecbarcelona.eu\/es\/sobre-nosotros\/mision-y-vision\" aria-label=\"More on Nuestra misi\u00f3n\">Read more<\/a><\/p>\n","protected":false},"author":4,"featured_media":0,"parent":16501,"menu_order":0,"comment_status":"closed","ping_status":"closed","template":"","meta":{"footnotes":""},"tags":[],"class_list":["post-16510","page","type-page","status-publish"],"yoast_head":"<!-- This site is optimized with the Yoast SEO plugin v27.5 - https:\/\/yoast.com\/product\/yoast-seo-wordpress\/ -->\n<title>Nuestra misi\u00f3n - Institute for Bioengineering of Catalonia<\/title>\n<meta name=\"robots\" content=\"index, follow, max-snippet:-1, max-image-preview:large, max-video-preview:-1\" \/>\n<link rel=\"canonical\" href=\"https:\/\/ibecbarcelona.eu\/es\/sobre-nosotros\/mision-y-vision\/\" \/>\n<meta property=\"og:locale\" content=\"es_ES\" \/>\n<meta property=\"og:type\" content=\"article\" \/>\n<meta property=\"og:title\" content=\"Nuestra misi\u00f3n - Institute for Bioengineering of Catalonia\" \/>\n<meta property=\"og:description\" content=\"El IBEC es un centro dedicado a la investigaci\u00f3n interdisciplinar internacional de primer orden, con la que, mediante la creaci\u00f3n de conocimiento, contribuye a mejorar la salud y la calidad ... Read more\" \/>\n<meta property=\"og:url\" content=\"https:\/\/ibecbarcelona.eu\/es\/sobre-nosotros\/mision-y-vision\/\" \/>\n<meta property=\"og:site_name\" content=\"Institute for Bioengineering of Catalonia\" \/>\n<meta property=\"article:modified_time\" content=\"2025-07-30T11:06:28+00:00\" \/>\n<meta property=\"og:image\" content=\"https:\/\/ibecbarcelona.eu\/wp-content\/uploads\/2018\/09\/missionandvision2018-1-e1538132583993.png\" \/>\n\t<meta property=\"og:image:width\" content=\"555\" \/>\n\t<meta property=\"og:image:height\" content=\"442\" \/>\n\t<meta property=\"og:image:type\" content=\"image\/png\" \/>\n<meta name=\"twitter:card\" content=\"summary_large_image\" \/>\n<meta name=\"twitter:label1\" content=\"Tiempo de lectura\" \/>\n\t<meta name=\"twitter:data1\" content=\"4 minutos\" \/>\n<script type=\"application\/ld+json\" class=\"yoast-schema-graph\">{\"@context\":\"https:\\\/\\\/schema.org\",\"@graph\":[{\"@type\":\"WebPage\",\"@id\":\"https:\\\/\\\/ibecbarcelona.eu\\\/es\\\/sobre-nosotros\\\/mision-y-vision\\\/\",\"url\":\"https:\\\/\\\/ibecbarcelona.eu\\\/es\\\/sobre-nosotros\\\/mision-y-vision\\\/\",\"name\":\"Nuestra misi\u00f3n - Institute for Bioengineering of Catalonia\",\"isPartOf\":{\"@id\":\"https:\\\/\\\/ibecbarcelona.eu\\\/#website\"},\"primaryImageOfPage\":{\"@id\":\"https:\\\/\\\/ibecbarcelona.eu\\\/es\\\/sobre-nosotros\\\/mision-y-vision\\\/#primaryimage\"},\"image\":{\"@id\":\"https:\\\/\\\/ibecbarcelona.eu\\\/es\\\/sobre-nosotros\\\/mision-y-vision\\\/#primaryimage\"},\"thumbnailUrl\":\"https:\\\/\\\/ibecbarcelona.eu\\\/wp-content\\\/uploads\\\/2018\\\/09\\\/missionandvision2018-1.png\",\"datePublished\":\"2014-08-08T07:18:23+00:00\",\"dateModified\":\"2025-07-30T11:06:28+00:00\",\"breadcrumb\":{\"@id\":\"https:\\\/\\\/ibecbarcelona.eu\\\/es\\\/sobre-nosotros\\\/mision-y-vision\\\/#breadcrumb\"},\"inLanguage\":\"es\",\"potentialAction\":[{\"@type\":\"ReadAction\",\"target\":[\"https:\\\/\\\/ibecbarcelona.eu\\\/es\\\/sobre-nosotros\\\/mision-y-vision\\\/\"]}]},{\"@type\":\"ImageObject\",\"inLanguage\":\"es\",\"@id\":\"https:\\\/\\\/ibecbarcelona.eu\\\/es\\\/sobre-nosotros\\\/mision-y-vision\\\/#primaryimage\",\"url\":\"https:\\\/\\\/ibecbarcelona.eu\\\/wp-content\\\/uploads\\\/2018\\\/09\\\/missionandvision2018-1.png\",\"contentUrl\":\"https:\\\/\\\/ibecbarcelona.eu\\\/wp-content\\\/uploads\\\/2018\\\/09\\\/missionandvision2018-1.png\"},{\"@type\":\"BreadcrumbList\",\"@id\":\"https:\\\/\\\/ibecbarcelona.eu\\\/es\\\/sobre-nosotros\\\/mision-y-vision\\\/#breadcrumb\",\"itemListElement\":[{\"@type\":\"ListItem\",\"position\":1,\"name\":\"Home\",\"item\":\"https:\\\/\\\/ibecbarcelona.eu\\\/es\\\/\"},{\"@type\":\"ListItem\",\"position\":2,\"name\":\"Sobre nosotros\",\"item\":\"https:\\\/\\\/ibecbarcelona.eu\\\/es\\\/sobre-nosotros\\\/\"},{\"@type\":\"ListItem\",\"position\":3,\"name\":\"Nuestra misi\u00f3n\"}]},{\"@type\":\"WebSite\",\"@id\":\"https:\\\/\\\/ibecbarcelona.eu\\\/#website\",\"url\":\"https:\\\/\\\/ibecbarcelona.eu\\\/\",\"name\":\"Institute for Bioengineering of Catalonia\",\"description\":\"Bioengineering solutions for health\",\"publisher\":{\"@id\":\"https:\\\/\\\/ibecbarcelona.eu\\\/#organization\"},\"potentialAction\":[{\"@type\":\"SearchAction\",\"target\":{\"@type\":\"EntryPoint\",\"urlTemplate\":\"https:\\\/\\\/ibecbarcelona.eu\\\/?s={search_term_string}\"},\"query-input\":{\"@type\":\"PropertyValueSpecification\",\"valueRequired\":true,\"valueName\":\"search_term_string\"}}],\"inLanguage\":\"es\"},{\"@type\":\"Organization\",\"@id\":\"https:\\\/\\\/ibecbarcelona.eu\\\/#organization\",\"name\":\"Institute for Bioengineering of Catalonia\",\"url\":\"https:\\\/\\\/ibecbarcelona.eu\\\/\",\"logo\":{\"@type\":\"ImageObject\",\"inLanguage\":\"es\",\"@id\":\"https:\\\/\\\/ibecbarcelona.eu\\\/#\\\/schema\\\/logo\\\/image\\\/\",\"url\":\"https:\\\/\\\/ibecbarcelona.eu\\\/wp-content\\\/uploads\\\/2026\\\/01\\\/cropped-IBEC_20ANYS_GRIS.png\",\"contentUrl\":\"https:\\\/\\\/ibecbarcelona.eu\\\/wp-content\\\/uploads\\\/2026\\\/01\\\/cropped-IBEC_20ANYS_GRIS.png\",\"width\":696,\"height\":257,\"caption\":\"Institute for Bioengineering of Catalonia\"},\"image\":{\"@id\":\"https:\\\/\\\/ibecbarcelona.eu\\\/#\\\/schema\\\/logo\\\/image\\\/\"}}]}<\/script>\n<!-- \/ Yoast SEO plugin. -->","yoast_head_json":{"title":"Nuestra misi\u00f3n - Institute for Bioengineering of Catalonia","robots":{"index":"index","follow":"follow","max-snippet":"max-snippet:-1","max-image-preview":"max-image-preview:large","max-video-preview":"max-video-preview:-1"},"canonical":"https:\/\/ibecbarcelona.eu\/es\/sobre-nosotros\/mision-y-vision\/","og_locale":"es_ES","og_type":"article","og_title":"Nuestra misi\u00f3n - Institute for Bioengineering of Catalonia","og_description":"El IBEC es un centro dedicado a la investigaci\u00f3n interdisciplinar internacional de primer orden, con la que, mediante la creaci\u00f3n de conocimiento, contribuye a mejorar la salud y la calidad ... Read more","og_url":"https:\/\/ibecbarcelona.eu\/es\/sobre-nosotros\/mision-y-vision\/","og_site_name":"Institute for Bioengineering of Catalonia","article_modified_time":"2025-07-30T11:06:28+00:00","og_image":[{"width":555,"height":442,"url":"https:\/\/ibecbarcelona.eu\/wp-content\/uploads\/2018\/09\/missionandvision2018-1-e1538132583993.png","type":"image\/png"}],"twitter_card":"summary_large_image","twitter_misc":{"Tiempo de lectura":"4 minutos"},"schema":{"@context":"https:\/\/schema.org","@graph":[{"@type":"WebPage","@id":"https:\/\/ibecbarcelona.eu\/es\/sobre-nosotros\/mision-y-vision\/","url":"https:\/\/ibecbarcelona.eu\/es\/sobre-nosotros\/mision-y-vision\/","name":"Nuestra misi\u00f3n - Institute for Bioengineering of Catalonia","isPartOf":{"@id":"https:\/\/ibecbarcelona.eu\/#website"},"primaryImageOfPage":{"@id":"https:\/\/ibecbarcelona.eu\/es\/sobre-nosotros\/mision-y-vision\/#primaryimage"},"image":{"@id":"https:\/\/ibecbarcelona.eu\/es\/sobre-nosotros\/mision-y-vision\/#primaryimage"},"thumbnailUrl":"https:\/\/ibecbarcelona.eu\/wp-content\/uploads\/2018\/09\/missionandvision2018-1.png","datePublished":"2014-08-08T07:18:23+00:00","dateModified":"2025-07-30T11:06:28+00:00","breadcrumb":{"@id":"https:\/\/ibecbarcelona.eu\/es\/sobre-nosotros\/mision-y-vision\/#breadcrumb"},"inLanguage":"es","potentialAction":[{"@type":"ReadAction","target":["https:\/\/ibecbarcelona.eu\/es\/sobre-nosotros\/mision-y-vision\/"]}]},{"@type":"ImageObject","inLanguage":"es","@id":"https:\/\/ibecbarcelona.eu\/es\/sobre-nosotros\/mision-y-vision\/#primaryimage","url":"https:\/\/ibecbarcelona.eu\/wp-content\/uploads\/2018\/09\/missionandvision2018-1.png","contentUrl":"https:\/\/ibecbarcelona.eu\/wp-content\/uploads\/2018\/09\/missionandvision2018-1.png"},{"@type":"BreadcrumbList","@id":"https:\/\/ibecbarcelona.eu\/es\/sobre-nosotros\/mision-y-vision\/#breadcrumb","itemListElement":[{"@type":"ListItem","position":1,"name":"Home","item":"https:\/\/ibecbarcelona.eu\/es\/"},{"@type":"ListItem","position":2,"name":"Sobre nosotros","item":"https:\/\/ibecbarcelona.eu\/es\/sobre-nosotros\/"},{"@type":"ListItem","position":3,"name":"Nuestra misi\u00f3n"}]},{"@type":"WebSite","@id":"https:\/\/ibecbarcelona.eu\/#website","url":"https:\/\/ibecbarcelona.eu\/","name":"Institute for Bioengineering of Catalonia","description":"Bioengineering solutions for health","publisher":{"@id":"https:\/\/ibecbarcelona.eu\/#organization"},"potentialAction":[{"@type":"SearchAction","target":{"@type":"EntryPoint","urlTemplate":"https:\/\/ibecbarcelona.eu\/?s={search_term_string}"},"query-input":{"@type":"PropertyValueSpecification","valueRequired":true,"valueName":"search_term_string"}}],"inLanguage":"es"},{"@type":"Organization","@id":"https:\/\/ibecbarcelona.eu\/#organization","name":"Institute for Bioengineering of Catalonia","url":"https:\/\/ibecbarcelona.eu\/","logo":{"@type":"ImageObject","inLanguage":"es","@id":"https:\/\/ibecbarcelona.eu\/#\/schema\/logo\/image\/","url":"https:\/\/ibecbarcelona.eu\/wp-content\/uploads\/2026\/01\/cropped-IBEC_20ANYS_GRIS.png","contentUrl":"https:\/\/ibecbarcelona.eu\/wp-content\/uploads\/2026\/01\/cropped-IBEC_20ANYS_GRIS.png","width":696,"height":257,"caption":"Institute for Bioengineering of Catalonia"},"image":{"@id":"https:\/\/ibecbarcelona.eu\/#\/schema\/logo\/image\/"}}]}},"AFP_featured_media_urls":{"full":false,"thumbnail":false,"medium":false,"medium_large":false,"large":false},"AFP_attachments":{"full":["https:\/\/ibecbarcelona.eu\/wp-content\/uploads\/2022\/03\/code-of-condct.png",510,710,false],"thumbnail":["https:\/\/ibecbarcelona.eu\/wp-content\/uploads\/2022\/03\/code-of-condct-150x150.png",150,150,true],"medium":["https:\/\/ibecbarcelona.eu\/wp-content\/uploads\/2022\/03\/code-of-condct-215x300.png",215,300,true],"medium_large":["https:\/\/ibecbarcelona.eu\/wp-content\/uploads\/2022\/03\/code-of-condct.png",510,710,false],"large":["https:\/\/ibecbarcelona.eu\/wp-content\/uploads\/2022\/03\/code-of-condct.png",510,710,false]},"AFP_videos":{"90598":{"ID":90598,"post_author":"4","post_date":"2022-01-24 17:34:05","post_date_gmt":"2022-01-24 16:34:05","post_content":"","post_title":"mision","post_excerpt":"","post_status":"inherit","comment_status":"closed","ping_status":"closed","post_password":"","post_name":"mision-2","to_ping":"","pinged":"","post_modified":"2022-01-24 17:34:05","post_modified_gmt":"2022-01-24 16:34:05","post_content_filtered":"","post_parent":16510,"guid":"https:\/\/testweb.ibecbarcelona.eu\/wp-content\/uploads\/2022\/01\/mision.mov","menu_order":0,"post_type":"attachment","post_mime_type":"video\/quicktime","comment_count":"0","filter":"raw"},"90615":{"ID":90615,"post_author":"4","post_date":"2022-01-24 17:38:18","post_date_gmt":"2022-01-24 16:38:18","post_content":"","post_title":"mision","post_excerpt":"","post_status":"inherit","comment_status":"closed","ping_status":"closed","post_password":"","post_name":"mision-2-2","to_ping":"","pinged":"","post_modified":"2022-01-24 17:38:18","post_modified_gmt":"2022-01-24 16:38:18","post_content_filtered":"","post_parent":16510,"guid":"https:\/\/testweb.ibecbarcelona.eu\/wp-content\/uploads\/2022\/01\/mision-1.mov","menu_order":0,"post_type":"attachment","post_mime_type":"video\/quicktime","comment_count":"0","filter":"raw"},"90616":90598,"90617":90615},"AFP_video_blocks":"","AFP_category_names":[],"_links":{"self":[{"href":"https:\/\/ibecbarcelona.eu\/es\/wp-json\/wp\/v2\/pages\/16510","targetHints":{"allow":["GET"]}}],"collection":[{"href":"https:\/\/ibecbarcelona.eu\/es\/wp-json\/wp\/v2\/pages"}],"about":[{"href":"https:\/\/ibecbarcelona.eu\/es\/wp-json\/wp\/v2\/types\/page"}],"author":[{"embeddable":true,"href":"https:\/\/ibecbarcelona.eu\/es\/wp-json\/wp\/v2\/users\/4"}],"replies":[{"embeddable":true,"href":"https:\/\/ibecbarcelona.eu\/es\/wp-json\/wp\/v2\/comments?post=16510"}],"version-history":[{"count":29,"href":"https:\/\/ibecbarcelona.eu\/es\/wp-json\/wp\/v2\/pages\/16510\/revisions"}],"predecessor-version":[{"id":127954,"href":"https:\/\/ibecbarcelona.eu\/es\/wp-json\/wp\/v2\/pages\/16510\/revisions\/127954"}],"up":[{"embeddable":true,"href":"https:\/\/ibecbarcelona.eu\/es\/wp-json\/wp\/v2\/pages\/16501"}],"wp:attachment":[{"href":"https:\/\/ibecbarcelona.eu\/es\/wp-json\/wp\/v2\/media?parent=16510"}],"wp:term":[{"taxonomy":"post_tag","embeddable":true,"href":"https:\/\/ibecbarcelona.eu\/es\/wp-json\/wp\/v2\/tags?post=16510"}],"curies":[{"name":"wp","href":"https:\/\/api.w.org\/{rel}","templated":true}]}}