
{"id":16564,"date":"2015-03-17T12:51:41","date_gmt":"2015-03-17T11:51:41","guid":{"rendered":"http:\/\/ibecbarcelona.eu\/?page_id=16564"},"modified":"2022-07-11T16:56:51","modified_gmt":"2022-07-11T14:56:51","slug":"tenders","status":"publish","type":"page","link":"https:\/\/ibecbarcelona.eu\/es\/sobre-nosotros\/licitaciones","title":{"rendered":"Licitaciones"},"content":{"rendered":"\n<h4 class=\"wp-block-heading\">La Fundaci\u00f3 Institut Bioenginyeria de Catalunya est\u00e0 adherida a la Plataforma de Serveis de Contractaci\u00f3 P\u00fablica de la Generalitat de Catalunya.<\/h4>\n\n\n\n<p>\u00c9s per aquest motiu que a partir del mes de juliol de 2013 totes les licitacions i tr\u00e0mits associats es fan p\u00fabliques al perfil de la Fundaci\u00f3 Institut Bioenginyeria de Catalunya integrat dins de l&#8217;esmentada Plataforma.<\/p>\n\n\n\n<p>Per entrar al perfil del contractant, cliqueu a la imatge seg\u00fcent:<\/p>\n\n\n\n<p><\/p>\n\n\n\n<figure class=\"wp-block-image is-resized\"><a href=\"https:\/\/contractaciopublica.gencat.cat\/ecofin_pscp\/AppJava\/cap.pscp?reqCode=viewDetail&amp;keyword=&amp;idCap=6870437&amp;ambit=4&amp;\" target=\"_blank\" rel=\"noopener noreferrer\"><img decoding=\"async\" data-src=\"https:\/\/ibecbarcelona.eu\/wp-content\/uploads\/2015\/03\/contratacio-150x51.jpg\" alt=\"contratacio\" class=\"wp-image-17029 lazyload\" width=\"170\" src=\"data:image\/svg+xml;base64,PHN2ZyB3aWR0aD0iMSIgaGVpZ2h0PSIxIiB4bWxucz0iaHR0cDovL3d3dy53My5vcmcvMjAwMC9zdmciPjwvc3ZnPg==\" style=\"--smush-placeholder-width: 150px; --smush-placeholder-aspect-ratio: 150\/51;\" \/><\/a><\/figure>\n\n\n<div class=\"responsive-tabs\">\n<h2 class=\"tabtitle\">DOCUMENTACI\u00d3<\/h2>\n<div class=\"tabcontent\">\n\n\n\n\n<p><a href=\"https:\/\/ibecbarcelona.eu\/wp-content\/uploads\/2017\/01\/IIC_desembre2016.pdf\" target=\"_blank\" rel=\"noopener noreferrer\">Instruccions internes de contractaci\u00f3 <\/a>(Catalan)<br><a href=\"https:\/\/ibecbarcelona.eu\/wp-content\/uploads\/2014\/11\/instruccions_per_a_l_execucio_de_serveis_externs.pdf\">Instruccions per a l\u2019execuci\u00f3 de Serveis Externs IBEC<\/a> (Catalan)<br> <\/p>\n\n\n\n<\/div><h2 class=\"tabtitle\">CONTACTE<\/h2>\n<div class=\"tabcontent\">\n\n\n\n\n<p><strong>Ana Mar\u00eda Gonz\u00e1lez N\u00fa\u00f1ez<\/strong><br>\n<a href=\"mailto:amgonzalez@ibecbarcelona.eu\" target=\"_blank\" rel=\"noopener noreferrer\">amgonzalez@ibecbarcelona.eu<\/a><br>\nInstitut de Bioenginyeria de Catalunya<br>\nc\/Baldiri Reixac 10-12<br>\n08028 Barcelona<br>\nTel. +34 934 039 703<br>\nFax. +34 934 039 702<\/p>\n\n\n\n<\/div><h2 class=\"tabtitle\">LICITACIONS ANTERIORS A JULIOL 2013<\/h2>\n<div class=\"tabcontent\">\n\n\n\n\n<h5 class=\"wp-block-heading\">Subministraments:<\/h5>\n\n\n\n<p><strong>Concurs IT01\/09<\/strong><a href=\"images\/stories\/Procurements\/anunci%20adjudicaci%20dogc.pdf\"><br>\n<\/a>Anunci<a href=\"images\/stories\/Procurements\/anunci%20adjudicaci%20dogc.pdf\"><br>\n<\/a>Cl\u00e0usules particulars<a href=\"images\/stories\/Procurements\/anunci%20adjudicaci%20dogc.pdf\"><br>\n<\/a>Contracte tipus<a href=\"images\/stories\/Procurements\/anunci%20adjudicaci%20dogc.pdf\"><br>\n<\/a>Prescripcions t\u00e8cniques<a href=\"images\/stories\/Procurements\/anunci%20adjudicaci%20dogc.pdf\"><br>\n<\/a>Adjudicaci\u00f3<\/p>\n\n\n\n<p><strong>Concurs confocal 02\/09<br><\/strong><a href=\"https:\/\/ibecbarcelona.eu\/wp-content\/uploads\/2015\/03\/adjudicacio\u0301-02-09.pdf\">Adjudicaci\u00f3<\/a><\/p>\n\n\n\n<p><strong>Concurs sistema fotoactivaci\u00f3 03\/09<\/strong><a href=\"images\/stories\/Procurements\/adjudicaci%2003-09.pdf\"><br><\/a><a href=\"https:\/\/ibecbarcelona.eu\/wp-content\/uploads\/2015\/03\/adjudicacio\u0301-03-09.pdf\">Adjudicaci\u00f3<\/a><\/p>\n\n\n\n<p><strong>Concurs Mobiliari i Instal\u00b7laciones Acces\u00f2ries 01\/10<\/strong><br><a href=\"https:\/\/ibecbarcelona.eu\/wp-content\/uploads\/2015\/03\/adjudicacio\u0301_01_10.pdf\">Adjudicaci\u00f3<\/a><\/p>\n\n\n\n<p><strong>Concurs Adecuaci\u00f3 i Instal\u00b7laciones Acces\u00f2ries 02\/10<\/strong><br><a href=\"https:\/\/ibecbarcelona.eu\/wp-content\/uploads\/2015\/03\/adjudicacio\u0301_02_10.pdf\">Adjudicaci\u00f3<\/a><\/p>\n\n\n\n<p><strong>Concurs Microscopio Fuerzas At\u00f3micas 04\/12<\/strong><a href=\"images\/stories\/Procurements\/adjudicacion.pdf\" target=\"_blank\" rel=\"noopener noreferrer\"><br>\n<\/a>Adjudicaci\u00f3<\/p>\n\n\n\n<p><strong>Concurs Plataforma de Nanotecnolog\u00eda 05\/12<\/strong><br><a href=\"https:\/\/ibecbarcelona.eu\/wp-content\/uploads\/2015\/03\/anucnio_firmado_web_05_12.pdf\">Adjudicaci\u00f3<\/a><br> <\/p>\n\n\n<\/div><\/div>\n","protected":false},"excerpt":{"rendered":"<p>La Fundaci\u00f3 Institut Bioenginyeria de Catalunya est\u00e0 adherida a la Plataforma de Serveis de Contractaci\u00f3 P\u00fablica de la Generalitat de Catalunya. \u00c9s per aquest motiu que a partir del mes &#8230; <a title=\"Licitaciones\" class=\"read-more\" href=\"https:\/\/ibecbarcelona.eu\/es\/sobre-nosotros\/licitaciones\" aria-label=\"More on Licitaciones\">Read more<\/a><\/p>\n","protected":false},"author":4,"featured_media":90792,"parent":16501,"menu_order":0,"comment_status":"closed","ping_status":"closed","template":"","meta":{"footnotes":""},"tags":[],"class_list":["post-16564","page","type-page","status-publish","has-post-thumbnail"],"yoast_head":"<!-- This site is optimized with the Yoast SEO plugin v27.4 - https:\/\/yoast.com\/product\/yoast-seo-wordpress\/ -->\n<title>Licitaciones - Institute for Bioengineering of Catalonia<\/title>\n<meta name=\"robots\" content=\"index, follow, max-snippet:-1, max-image-preview:large, max-video-preview:-1\" \/>\n<link rel=\"canonical\" href=\"https:\/\/ibecbarcelona.eu\/es\/sobre-nosotros\/licitaciones\/\" \/>\n<meta property=\"og:locale\" content=\"es_ES\" \/>\n<meta property=\"og:type\" content=\"article\" \/>\n<meta property=\"og:title\" content=\"Licitaciones - Institute for Bioengineering of Catalonia\" \/>\n<meta property=\"og:description\" content=\"La Fundaci\u00f3 Institut Bioenginyeria de Catalunya est\u00e0 adherida a la Plataforma de Serveis de Contractaci\u00f3 P\u00fablica de la Generalitat de Catalunya. \u00c9s per aquest motiu que a partir del mes ... Read more\" \/>\n<meta property=\"og:url\" content=\"https:\/\/ibecbarcelona.eu\/es\/sobre-nosotros\/licitaciones\/\" \/>\n<meta property=\"og:site_name\" content=\"Institute for Bioengineering of Catalonia\" \/>\n<meta property=\"article:modified_time\" content=\"2022-07-11T14:56:51+00:00\" \/>\n<meta property=\"og:image\" content=\"https:\/\/ibecbarcelona.eu\/wp-content\/uploads\/2022\/01\/tenders.jpg\" \/>\n\t<meta property=\"og:image:width\" content=\"2000\" \/>\n\t<meta property=\"og:image:height\" content=\"500\" \/>\n\t<meta property=\"og:image:type\" content=\"image\/jpeg\" \/>\n<meta name=\"twitter:card\" content=\"summary_large_image\" \/>\n<meta name=\"twitter:label1\" content=\"Tiempo de lectura\" \/>\n\t<meta name=\"twitter:data1\" content=\"1 minuto\" \/>\n<script type=\"application\/ld+json\" class=\"yoast-schema-graph\">{\"@context\":\"https:\\\/\\\/schema.org\",\"@graph\":[{\"@type\":\"WebPage\",\"@id\":\"https:\\\/\\\/ibecbarcelona.eu\\\/es\\\/sobre-nosotros\\\/licitaciones\\\/\",\"url\":\"https:\\\/\\\/ibecbarcelona.eu\\\/es\\\/sobre-nosotros\\\/licitaciones\\\/\",\"name\":\"Licitaciones - Institute for Bioengineering of Catalonia\",\"isPartOf\":{\"@id\":\"https:\\\/\\\/ibecbarcelona.eu\\\/#website\"},\"primaryImageOfPage\":{\"@id\":\"https:\\\/\\\/ibecbarcelona.eu\\\/es\\\/sobre-nosotros\\\/licitaciones\\\/#primaryimage\"},\"image\":{\"@id\":\"https:\\\/\\\/ibecbarcelona.eu\\\/es\\\/sobre-nosotros\\\/licitaciones\\\/#primaryimage\"},\"thumbnailUrl\":\"https:\\\/\\\/ibecbarcelona.eu\\\/wp-content\\\/uploads\\\/2022\\\/01\\\/tenders.jpg\",\"datePublished\":\"2015-03-17T11:51:41+00:00\",\"dateModified\":\"2022-07-11T14:56:51+00:00\",\"breadcrumb\":{\"@id\":\"https:\\\/\\\/ibecbarcelona.eu\\\/es\\\/sobre-nosotros\\\/licitaciones\\\/#breadcrumb\"},\"inLanguage\":\"es\",\"potentialAction\":[{\"@type\":\"ReadAction\",\"target\":[\"https:\\\/\\\/ibecbarcelona.eu\\\/es\\\/sobre-nosotros\\\/licitaciones\\\/\"]}]},{\"@type\":\"ImageObject\",\"inLanguage\":\"es\",\"@id\":\"https:\\\/\\\/ibecbarcelona.eu\\\/es\\\/sobre-nosotros\\\/licitaciones\\\/#primaryimage\",\"url\":\"https:\\\/\\\/ibecbarcelona.eu\\\/wp-content\\\/uploads\\\/2022\\\/01\\\/tenders.jpg\",\"contentUrl\":\"https:\\\/\\\/ibecbarcelona.eu\\\/wp-content\\\/uploads\\\/2022\\\/01\\\/tenders.jpg\",\"width\":2000,\"height\":500},{\"@type\":\"BreadcrumbList\",\"@id\":\"https:\\\/\\\/ibecbarcelona.eu\\\/es\\\/sobre-nosotros\\\/licitaciones\\\/#breadcrumb\",\"itemListElement\":[{\"@type\":\"ListItem\",\"position\":1,\"name\":\"Home\",\"item\":\"https:\\\/\\\/ibecbarcelona.eu\\\/es\\\/\"},{\"@type\":\"ListItem\",\"position\":2,\"name\":\"Sobre nosotros\",\"item\":\"https:\\\/\\\/ibecbarcelona.eu\\\/es\\\/sobre-nosotros\\\/\"},{\"@type\":\"ListItem\",\"position\":3,\"name\":\"Licitaciones\"}]},{\"@type\":\"WebSite\",\"@id\":\"https:\\\/\\\/ibecbarcelona.eu\\\/#website\",\"url\":\"https:\\\/\\\/ibecbarcelona.eu\\\/\",\"name\":\"Institute for Bioengineering of Catalonia\",\"description\":\"Bioengineering solutions for health\",\"publisher\":{\"@id\":\"https:\\\/\\\/ibecbarcelona.eu\\\/#organization\"},\"potentialAction\":[{\"@type\":\"SearchAction\",\"target\":{\"@type\":\"EntryPoint\",\"urlTemplate\":\"https:\\\/\\\/ibecbarcelona.eu\\\/?s={search_term_string}\"},\"query-input\":{\"@type\":\"PropertyValueSpecification\",\"valueRequired\":true,\"valueName\":\"search_term_string\"}}],\"inLanguage\":\"es\"},{\"@type\":\"Organization\",\"@id\":\"https:\\\/\\\/ibecbarcelona.eu\\\/#organization\",\"name\":\"Institute for Bioengineering of Catalonia\",\"url\":\"https:\\\/\\\/ibecbarcelona.eu\\\/\",\"logo\":{\"@type\":\"ImageObject\",\"inLanguage\":\"es\",\"@id\":\"https:\\\/\\\/ibecbarcelona.eu\\\/#\\\/schema\\\/logo\\\/image\\\/\",\"url\":\"https:\\\/\\\/ibecbarcelona.eu\\\/wp-content\\\/uploads\\\/2026\\\/01\\\/cropped-IBEC_20ANYS_GRIS.png\",\"contentUrl\":\"https:\\\/\\\/ibecbarcelona.eu\\\/wp-content\\\/uploads\\\/2026\\\/01\\\/cropped-IBEC_20ANYS_GRIS.png\",\"width\":696,\"height\":257,\"caption\":\"Institute for Bioengineering of Catalonia\"},\"image\":{\"@id\":\"https:\\\/\\\/ibecbarcelona.eu\\\/#\\\/schema\\\/logo\\\/image\\\/\"}}]}<\/script>\n<!-- \/ Yoast SEO plugin. -->","yoast_head_json":{"title":"Licitaciones - Institute for Bioengineering of Catalonia","robots":{"index":"index","follow":"follow","max-snippet":"max-snippet:-1","max-image-preview":"max-image-preview:large","max-video-preview":"max-video-preview:-1"},"canonical":"https:\/\/ibecbarcelona.eu\/es\/sobre-nosotros\/licitaciones\/","og_locale":"es_ES","og_type":"article","og_title":"Licitaciones - Institute for Bioengineering of Catalonia","og_description":"La Fundaci\u00f3 Institut Bioenginyeria de Catalunya est\u00e0 adherida a la Plataforma de Serveis de Contractaci\u00f3 P\u00fablica de la Generalitat de Catalunya. \u00c9s per aquest motiu que a partir del mes ... Read more","og_url":"https:\/\/ibecbarcelona.eu\/es\/sobre-nosotros\/licitaciones\/","og_site_name":"Institute for Bioengineering of Catalonia","article_modified_time":"2022-07-11T14:56:51+00:00","og_image":[{"width":2000,"height":500,"url":"https:\/\/ibecbarcelona.eu\/wp-content\/uploads\/2022\/01\/tenders.jpg","type":"image\/jpeg"}],"twitter_card":"summary_large_image","twitter_misc":{"Tiempo de lectura":"1 minuto"},"schema":{"@context":"https:\/\/schema.org","@graph":[{"@type":"WebPage","@id":"https:\/\/ibecbarcelona.eu\/es\/sobre-nosotros\/licitaciones\/","url":"https:\/\/ibecbarcelona.eu\/es\/sobre-nosotros\/licitaciones\/","name":"Licitaciones - Institute for Bioengineering of Catalonia","isPartOf":{"@id":"https:\/\/ibecbarcelona.eu\/#website"},"primaryImageOfPage":{"@id":"https:\/\/ibecbarcelona.eu\/es\/sobre-nosotros\/licitaciones\/#primaryimage"},"image":{"@id":"https:\/\/ibecbarcelona.eu\/es\/sobre-nosotros\/licitaciones\/#primaryimage"},"thumbnailUrl":"https:\/\/ibecbarcelona.eu\/wp-content\/uploads\/2022\/01\/tenders.jpg","datePublished":"2015-03-17T11:51:41+00:00","dateModified":"2022-07-11T14:56:51+00:00","breadcrumb":{"@id":"https:\/\/ibecbarcelona.eu\/es\/sobre-nosotros\/licitaciones\/#breadcrumb"},"inLanguage":"es","potentialAction":[{"@type":"ReadAction","target":["https:\/\/ibecbarcelona.eu\/es\/sobre-nosotros\/licitaciones\/"]}]},{"@type":"ImageObject","inLanguage":"es","@id":"https:\/\/ibecbarcelona.eu\/es\/sobre-nosotros\/licitaciones\/#primaryimage","url":"https:\/\/ibecbarcelona.eu\/wp-content\/uploads\/2022\/01\/tenders.jpg","contentUrl":"https:\/\/ibecbarcelona.eu\/wp-content\/uploads\/2022\/01\/tenders.jpg","width":2000,"height":500},{"@type":"BreadcrumbList","@id":"https:\/\/ibecbarcelona.eu\/es\/sobre-nosotros\/licitaciones\/#breadcrumb","itemListElement":[{"@type":"ListItem","position":1,"name":"Home","item":"https:\/\/ibecbarcelona.eu\/es\/"},{"@type":"ListItem","position":2,"name":"Sobre nosotros","item":"https:\/\/ibecbarcelona.eu\/es\/sobre-nosotros\/"},{"@type":"ListItem","position":3,"name":"Licitaciones"}]},{"@type":"WebSite","@id":"https:\/\/ibecbarcelona.eu\/#website","url":"https:\/\/ibecbarcelona.eu\/","name":"Institute for Bioengineering of Catalonia","description":"Bioengineering solutions for health","publisher":{"@id":"https:\/\/ibecbarcelona.eu\/#organization"},"potentialAction":[{"@type":"SearchAction","target":{"@type":"EntryPoint","urlTemplate":"https:\/\/ibecbarcelona.eu\/?s={search_term_string}"},"query-input":{"@type":"PropertyValueSpecification","valueRequired":true,"valueName":"search_term_string"}}],"inLanguage":"es"},{"@type":"Organization","@id":"https:\/\/ibecbarcelona.eu\/#organization","name":"Institute for Bioengineering of Catalonia","url":"https:\/\/ibecbarcelona.eu\/","logo":{"@type":"ImageObject","inLanguage":"es","@id":"https:\/\/ibecbarcelona.eu\/#\/schema\/logo\/image\/","url":"https:\/\/ibecbarcelona.eu\/wp-content\/uploads\/2026\/01\/cropped-IBEC_20ANYS_GRIS.png","contentUrl":"https:\/\/ibecbarcelona.eu\/wp-content\/uploads\/2026\/01\/cropped-IBEC_20ANYS_GRIS.png","width":696,"height":257,"caption":"Institute for Bioengineering of Catalonia"},"image":{"@id":"https:\/\/ibecbarcelona.eu\/#\/schema\/logo\/image\/"}}]}},"AFP_featured_media_urls":{"full":["https:\/\/ibecbarcelona.eu\/wp-content\/uploads\/2022\/01\/tenders.jpg",2000,500,false],"thumbnail":["https:\/\/ibecbarcelona.eu\/wp-content\/uploads\/2022\/01\/tenders-150x150.jpg",150,150,true],"medium":["https:\/\/ibecbarcelona.eu\/wp-content\/uploads\/2022\/01\/tenders-300x75.jpg",300,75,true],"medium_large":["https:\/\/ibecbarcelona.eu\/wp-content\/uploads\/2022\/01\/tenders-768x192.jpg",768,192,true],"large":["https:\/\/ibecbarcelona.eu\/wp-content\/uploads\/2022\/01\/tenders-1024x256.jpg",1024,256,true]},"AFP_attachments":{"full":["https:\/\/ibecbarcelona.eu\/wp-content\/uploads\/2015\/05\/tendersheader.jpg",810,183,false],"thumbnail":["https:\/\/ibecbarcelona.eu\/wp-content\/uploads\/2015\/05\/tendersheader-150x150.jpg",150,150,true],"medium":["https:\/\/ibecbarcelona.eu\/wp-content\/uploads\/2015\/05\/tendersheader-300x68.jpg",300,68,true],"medium_large":["https:\/\/ibecbarcelona.eu\/wp-content\/uploads\/2015\/05\/tendersheader.jpg",768,174,false],"large":["https:\/\/ibecbarcelona.eu\/wp-content\/uploads\/2015\/05\/tendersheader.jpg",810,183,false]},"AFP_videos":[],"AFP_video_blocks":"","AFP_category_names":[],"_links":{"self":[{"href":"https:\/\/ibecbarcelona.eu\/es\/wp-json\/wp\/v2\/pages\/16564","targetHints":{"allow":["GET"]}}],"collection":[{"href":"https:\/\/ibecbarcelona.eu\/es\/wp-json\/wp\/v2\/pages"}],"about":[{"href":"https:\/\/ibecbarcelona.eu\/es\/wp-json\/wp\/v2\/types\/page"}],"author":[{"embeddable":true,"href":"https:\/\/ibecbarcelona.eu\/es\/wp-json\/wp\/v2\/users\/4"}],"replies":[{"embeddable":true,"href":"https:\/\/ibecbarcelona.eu\/es\/wp-json\/wp\/v2\/comments?post=16564"}],"version-history":[{"count":2,"href":"https:\/\/ibecbarcelona.eu\/es\/wp-json\/wp\/v2\/pages\/16564\/revisions"}],"predecessor-version":[{"id":94399,"href":"https:\/\/ibecbarcelona.eu\/es\/wp-json\/wp\/v2\/pages\/16564\/revisions\/94399"}],"up":[{"embeddable":true,"href":"https:\/\/ibecbarcelona.eu\/es\/wp-json\/wp\/v2\/pages\/16501"}],"wp:featuredmedia":[{"embeddable":true,"href":"https:\/\/ibecbarcelona.eu\/es\/wp-json\/wp\/v2\/media\/90792"}],"wp:attachment":[{"href":"https:\/\/ibecbarcelona.eu\/es\/wp-json\/wp\/v2\/media?parent=16564"}],"wp:term":[{"taxonomy":"post_tag","embeddable":true,"href":"https:\/\/ibecbarcelona.eu\/es\/wp-json\/wp\/v2\/tags?post=16564"}],"curies":[{"name":"wp","href":"https:\/\/api.w.org\/{rel}","templated":true}]}}