
{"id":16789,"date":"2014-08-08T12:25:11","date_gmt":"2014-08-08T10:25:11","guid":{"rendered":"http:\/\/ibecbarcelona.eu\/?page_id=16789"},"modified":"2018-02-19T09:22:49","modified_gmt":"2018-02-19T08:22:49","slug":"comunidad-de-doctorandos","status":"publish","type":"page","link":"https:\/\/ibecbarcelona.eu\/es\/es\/para-estudiantes\/comunidad-de-doctorandos-old\/","title":{"rendered":"Comunidad de doctorandos"},"content":{"rendered":"<hr \/>\n<p><img decoding=\"async\" class=\"alignleft size-full wp-image-13101 lazyload\" data-src=\"https:\/\/ibecbarcelona.eu\/wp-content\/uploads\/2015\/02\/theses2.jpg\" alt=\"theses2\" width=\"810\" height=\"164\" data-srcset=\"https:\/\/ibecbarcelona.eu\/wp-content\/uploads\/2015\/02\/theses2.jpg 810w, https:\/\/ibecbarcelona.eu\/wp-content\/uploads\/2015\/02\/theses2-300x61.jpg 300w, https:\/\/ibecbarcelona.eu\/wp-content\/uploads\/2015\/02\/theses2-230x47.jpg 230w, https:\/\/ibecbarcelona.eu\/wp-content\/uploads\/2015\/02\/theses2-150x30.jpg 150w\" data-sizes=\"(max-width: 810px) 100vw, 810px\" src=\"data:image\/svg+xml;base64,PHN2ZyB3aWR0aD0iMSIgaGVpZ2h0PSIxIiB4bWxucz0iaHR0cDovL3d3dy53My5vcmcvMjAwMC9zdmciPjwvc3ZnPg==\" style=\"--smush-placeholder-width: 810px; --smush-placeholder-aspect-ratio: 810\/164;\" \/><\/p>\n<div style=\"clear: both;\"><\/div>\n<p style=\"margin-top: 20px;\"><strong>En el IBEC, tenemos claro que un ambiente cordial y solidario, de estrecho compa\u00f1erismo entre los colegas, es fundamental para generar investigadores satisfechos y amplios de miras. <\/strong> Con el fin de ayudar a nuestros j\u00f3venes cient\u00edficos a aprovechar las ventajas de contar con un entorno acogedor, habitualmente se organizan en el propio Instituto o en el campus que lo alberga, el Parc Cient\u00edfic de Barcelona, eventos de car\u00e1cter social o de interrelaci\u00f3n entre los miembros de la comunidad.<\/p>\n<p style=\"margin-top: 20px;\">En el IBEC existen distintos clubes de f\u00fatbol y un equipo de corredores con los que la plantilla y los investigadores pueden hallar una buena opci\u00f3n para desconectar y relajarse. Adem\u00e1s, se organizan eventos como el festival de m\u00fasica del IBEC y, una vez al a\u00f1o, el D\u00eda del IBEC. Asimismo, existe una lista de distribuci\u00f3n para los anuncios de car\u00e1cter social, que hace posible que los miembros de la comunidad del IBEC se conozcan entre ellos y den la bienvenida a los reci\u00e9n llegados.<\/p>\n<p>Como estudiantes matriculados en una de las universidades, los doctorandos del IBEC reciben el correspondiente carn\u00e9, que les permite disfrutar de las ventajas y descuentos habituales para estudiantes en Barcelona y tambi\u00e9n fuera de la ciudad.<\/p>\n<h4>El IBEC PhD Committee<\/h4>\n<hr \/>\n<p><strong>En 2013 se cre\u00f3 el IBEC PhD Committee, pensado para dar voz a los estudiantes en cuanto al funcionamiento del Instituto, as\u00ed como para organizar sus propios eventos.<\/strong><\/p>\n<p>Tras poner en marcha los Bowling Fridays y otros eventos de car\u00e1cter social y destinados a fomentar el contacto entre los miembros de la comunidad, esta comisi\u00f3n de doctorandos ha ampliado su campo de actividad, organizando y coorganizando cursos y talleres. Asimismo, la comisi\u00f3n tambi\u00e9n llev\u00f3 a cabo una encuesta de satisfacci\u00f3n con el fin de conocer el estado de \u00e1nimo de los estudiantes de doctorado del Instituto e identificar cu\u00e1les son los problemas o cuestiones que los afectan.<\/p>\n<p>Si est\u00e1s interesado en formar parte de esta comisi\u00f3n, puedes contactar con nosotros a trav\u00e9s de la direcci\u00f3n <a href=\"mailto:phdcommittee@ibecbarcelona.eu\">phdcommittee@ibecbarcelona.eu<\/a>.<\/p>\n<p><a href=\"https:\/\/www.facebook.com\/groups\/679996542024434\/\" target=\"_blank\" rel=\"noopener\"><img decoding=\"async\" class=\"alignleft wp-image-13399 lazyload\" data-src=\"https:\/\/ibecbarcelona.eu\/wp-content\/uploads\/2015\/02\/facebook.jpg\" alt=\"facebook\" width=\"50\" height=\"50\" data-srcset=\"https:\/\/ibecbarcelona.eu\/wp-content\/uploads\/2015\/02\/facebook.jpg 100w, https:\/\/ibecbarcelona.eu\/wp-content\/uploads\/2015\/02\/facebook-45x45.jpg 45w\" data-sizes=\"(max-width: 50px) 100vw, 50px\" src=\"data:image\/svg+xml;base64,PHN2ZyB3aWR0aD0iMSIgaGVpZ2h0PSIxIiB4bWxucz0iaHR0cDovL3d3dy53My5vcmcvMjAwMC9zdmciPjwvc3ZnPg==\" style=\"--smush-placeholder-width: 50px; --smush-placeholder-aspect-ratio: 50\/50;\" \/><\/a><\/p>\n<p style=\"margin-top: 32px;\"><em>\u00a1Sigue el IBEC PhD Committee en Facebook!<\/em><\/p>\n<div style=\"clear: both;\"><\/div>\n<h4>IBEC Postdoc Committee<\/h4>\n<hr \/>\n<p>Pr\u00f3ximamente disponible<\/p>\n","protected":false},"excerpt":{"rendered":"<p>En el IBEC, tenemos claro que un ambiente cordial y solidario, de estrecho compa\u00f1erismo entre los colegas, es fundamental para generar investigadores satisfechos y amplios de miras. Con el fin &#8230; <a title=\"Comunidad de doctorandos\" class=\"read-more\" href=\"https:\/\/ibecbarcelona.eu\/es\/es\/para-estudiantes\/comunidad-de-doctorandos-old\/\" aria-label=\"More on Comunidad de doctorandos\">Read more<\/a><\/p>\n","protected":false},"author":4,"featured_media":0,"parent":17517,"menu_order":0,"comment_status":"closed","ping_status":"closed","template":"template-twocolumns-leftstudents.php","meta":{"footnotes":""},"tags":[],"class_list":["post-16789","page","type-page","status-publish"],"yoast_head":"<!-- This site is optimized with the Yoast SEO plugin v27.4 - https:\/\/yoast.com\/product\/yoast-seo-wordpress\/ -->\n<title>Comunidad de doctorandos - Institute for Bioengineering of Catalonia<\/title>\n<meta name=\"robots\" content=\"index, follow, max-snippet:-1, max-image-preview:large, max-video-preview:-1\" \/>\n<link rel=\"canonical\" href=\"https:\/\/ibecbarcelona.eu\/es\/para-estudiantes\/comunidad-de-doctorandos-old\/\" \/>\n<meta property=\"og:locale\" content=\"es_ES\" \/>\n<meta property=\"og:type\" content=\"article\" \/>\n<meta property=\"og:title\" content=\"Comunidad de doctorandos - Institute for Bioengineering of Catalonia\" \/>\n<meta property=\"og:description\" content=\"En el IBEC, tenemos claro que un ambiente cordial y solidario, de estrecho compa\u00f1erismo entre los colegas, es fundamental para generar investigadores satisfechos y amplios de miras. Con el fin ... Read more\" \/>\n<meta property=\"og:url\" content=\"https:\/\/ibecbarcelona.eu\/es\/para-estudiantes\/comunidad-de-doctorandos-old\/\" \/>\n<meta property=\"og:site_name\" content=\"Institute for Bioengineering of Catalonia\" \/>\n<meta property=\"article:modified_time\" content=\"2018-02-19T08:22:49+00:00\" \/>\n<meta property=\"og:image\" content=\"https:\/\/ibecbarcelona.eu\/wp-content\/uploads\/2015\/02\/theses2.jpg\" \/>\n<meta name=\"twitter:card\" content=\"summary_large_image\" \/>\n<meta name=\"twitter:label1\" content=\"Tiempo de lectura\" \/>\n\t<meta name=\"twitter:data1\" content=\"2 minutos\" \/>\n<script type=\"application\/ld+json\" class=\"yoast-schema-graph\">{\"@context\":\"https:\\\/\\\/schema.org\",\"@graph\":[{\"@type\":\"WebPage\",\"@id\":\"https:\\\/\\\/ibecbarcelona.eu\\\/es\\\/para-estudiantes\\\/comunidad-de-doctorandos-old\\\/\",\"url\":\"https:\\\/\\\/ibecbarcelona.eu\\\/es\\\/para-estudiantes\\\/comunidad-de-doctorandos-old\\\/\",\"name\":\"Comunidad de doctorandos - Institute for Bioengineering of Catalonia\",\"isPartOf\":{\"@id\":\"https:\\\/\\\/ibecbarcelona.eu\\\/#website\"},\"primaryImageOfPage\":{\"@id\":\"https:\\\/\\\/ibecbarcelona.eu\\\/es\\\/para-estudiantes\\\/comunidad-de-doctorandos-old\\\/#primaryimage\"},\"image\":{\"@id\":\"https:\\\/\\\/ibecbarcelona.eu\\\/es\\\/para-estudiantes\\\/comunidad-de-doctorandos-old\\\/#primaryimage\"},\"thumbnailUrl\":\"https:\\\/\\\/ibecbarcelona.eu\\\/wp-content\\\/uploads\\\/2015\\\/02\\\/theses2.jpg\",\"datePublished\":\"2014-08-08T10:25:11+00:00\",\"dateModified\":\"2018-02-19T08:22:49+00:00\",\"breadcrumb\":{\"@id\":\"https:\\\/\\\/ibecbarcelona.eu\\\/es\\\/para-estudiantes\\\/comunidad-de-doctorandos-old\\\/#breadcrumb\"},\"inLanguage\":\"es\",\"potentialAction\":[{\"@type\":\"ReadAction\",\"target\":[\"https:\\\/\\\/ibecbarcelona.eu\\\/es\\\/para-estudiantes\\\/comunidad-de-doctorandos-old\\\/\"]}]},{\"@type\":\"ImageObject\",\"inLanguage\":\"es\",\"@id\":\"https:\\\/\\\/ibecbarcelona.eu\\\/es\\\/para-estudiantes\\\/comunidad-de-doctorandos-old\\\/#primaryimage\",\"url\":\"https:\\\/\\\/ibecbarcelona.eu\\\/wp-content\\\/uploads\\\/2015\\\/02\\\/theses2.jpg\",\"contentUrl\":\"https:\\\/\\\/ibecbarcelona.eu\\\/wp-content\\\/uploads\\\/2015\\\/02\\\/theses2.jpg\"},{\"@type\":\"BreadcrumbList\",\"@id\":\"https:\\\/\\\/ibecbarcelona.eu\\\/es\\\/para-estudiantes\\\/comunidad-de-doctorandos-old\\\/#breadcrumb\",\"itemListElement\":[{\"@type\":\"ListItem\",\"position\":1,\"name\":\"Home\",\"item\":\"https:\\\/\\\/ibecbarcelona.eu\\\/es\\\/\"},{\"@type\":\"ListItem\",\"position\":2,\"name\":\"Career in Bioengineering\",\"item\":\"https:\\\/\\\/ibecbarcelona.eu\\\/es\\\/career-in-bioengineering\\\/\"},{\"@type\":\"ListItem\",\"position\":3,\"name\":\"Comunidad de doctorandos\"}]},{\"@type\":\"WebSite\",\"@id\":\"https:\\\/\\\/ibecbarcelona.eu\\\/#website\",\"url\":\"https:\\\/\\\/ibecbarcelona.eu\\\/\",\"name\":\"Institute for Bioengineering of Catalonia\",\"description\":\"Bioengineering solutions for health\",\"publisher\":{\"@id\":\"https:\\\/\\\/ibecbarcelona.eu\\\/#organization\"},\"potentialAction\":[{\"@type\":\"SearchAction\",\"target\":{\"@type\":\"EntryPoint\",\"urlTemplate\":\"https:\\\/\\\/ibecbarcelona.eu\\\/?s={search_term_string}\"},\"query-input\":{\"@type\":\"PropertyValueSpecification\",\"valueRequired\":true,\"valueName\":\"search_term_string\"}}],\"inLanguage\":\"es\"},{\"@type\":\"Organization\",\"@id\":\"https:\\\/\\\/ibecbarcelona.eu\\\/#organization\",\"name\":\"Institute for Bioengineering of Catalonia\",\"url\":\"https:\\\/\\\/ibecbarcelona.eu\\\/\",\"logo\":{\"@type\":\"ImageObject\",\"inLanguage\":\"es\",\"@id\":\"https:\\\/\\\/ibecbarcelona.eu\\\/#\\\/schema\\\/logo\\\/image\\\/\",\"url\":\"https:\\\/\\\/ibecbarcelona.eu\\\/wp-content\\\/uploads\\\/2026\\\/01\\\/cropped-IBEC_20ANYS_GRIS.png\",\"contentUrl\":\"https:\\\/\\\/ibecbarcelona.eu\\\/wp-content\\\/uploads\\\/2026\\\/01\\\/cropped-IBEC_20ANYS_GRIS.png\",\"width\":696,\"height\":257,\"caption\":\"Institute for Bioengineering of Catalonia\"},\"image\":{\"@id\":\"https:\\\/\\\/ibecbarcelona.eu\\\/#\\\/schema\\\/logo\\\/image\\\/\"}}]}<\/script>\n<!-- \/ Yoast SEO plugin. -->","yoast_head_json":{"title":"Comunidad de doctorandos - Institute for Bioengineering of Catalonia","robots":{"index":"index","follow":"follow","max-snippet":"max-snippet:-1","max-image-preview":"max-image-preview:large","max-video-preview":"max-video-preview:-1"},"canonical":"https:\/\/ibecbarcelona.eu\/es\/para-estudiantes\/comunidad-de-doctorandos-old\/","og_locale":"es_ES","og_type":"article","og_title":"Comunidad de doctorandos - Institute for Bioengineering of Catalonia","og_description":"En el IBEC, tenemos claro que un ambiente cordial y solidario, de estrecho compa\u00f1erismo entre los colegas, es fundamental para generar investigadores satisfechos y amplios de miras. Con el fin ... Read more","og_url":"https:\/\/ibecbarcelona.eu\/es\/para-estudiantes\/comunidad-de-doctorandos-old\/","og_site_name":"Institute for Bioengineering of Catalonia","article_modified_time":"2018-02-19T08:22:49+00:00","og_image":[{"url":"https:\/\/ibecbarcelona.eu\/wp-content\/uploads\/2015\/02\/theses2.jpg","type":"","width":"","height":""}],"twitter_card":"summary_large_image","twitter_misc":{"Tiempo de lectura":"2 minutos"},"schema":{"@context":"https:\/\/schema.org","@graph":[{"@type":"WebPage","@id":"https:\/\/ibecbarcelona.eu\/es\/para-estudiantes\/comunidad-de-doctorandos-old\/","url":"https:\/\/ibecbarcelona.eu\/es\/para-estudiantes\/comunidad-de-doctorandos-old\/","name":"Comunidad de doctorandos - Institute for Bioengineering of Catalonia","isPartOf":{"@id":"https:\/\/ibecbarcelona.eu\/#website"},"primaryImageOfPage":{"@id":"https:\/\/ibecbarcelona.eu\/es\/para-estudiantes\/comunidad-de-doctorandos-old\/#primaryimage"},"image":{"@id":"https:\/\/ibecbarcelona.eu\/es\/para-estudiantes\/comunidad-de-doctorandos-old\/#primaryimage"},"thumbnailUrl":"https:\/\/ibecbarcelona.eu\/wp-content\/uploads\/2015\/02\/theses2.jpg","datePublished":"2014-08-08T10:25:11+00:00","dateModified":"2018-02-19T08:22:49+00:00","breadcrumb":{"@id":"https:\/\/ibecbarcelona.eu\/es\/para-estudiantes\/comunidad-de-doctorandos-old\/#breadcrumb"},"inLanguage":"es","potentialAction":[{"@type":"ReadAction","target":["https:\/\/ibecbarcelona.eu\/es\/para-estudiantes\/comunidad-de-doctorandos-old\/"]}]},{"@type":"ImageObject","inLanguage":"es","@id":"https:\/\/ibecbarcelona.eu\/es\/para-estudiantes\/comunidad-de-doctorandos-old\/#primaryimage","url":"https:\/\/ibecbarcelona.eu\/wp-content\/uploads\/2015\/02\/theses2.jpg","contentUrl":"https:\/\/ibecbarcelona.eu\/wp-content\/uploads\/2015\/02\/theses2.jpg"},{"@type":"BreadcrumbList","@id":"https:\/\/ibecbarcelona.eu\/es\/para-estudiantes\/comunidad-de-doctorandos-old\/#breadcrumb","itemListElement":[{"@type":"ListItem","position":1,"name":"Home","item":"https:\/\/ibecbarcelona.eu\/es\/"},{"@type":"ListItem","position":2,"name":"Career in Bioengineering","item":"https:\/\/ibecbarcelona.eu\/es\/career-in-bioengineering\/"},{"@type":"ListItem","position":3,"name":"Comunidad de doctorandos"}]},{"@type":"WebSite","@id":"https:\/\/ibecbarcelona.eu\/#website","url":"https:\/\/ibecbarcelona.eu\/","name":"Institute for Bioengineering of Catalonia","description":"Bioengineering solutions for health","publisher":{"@id":"https:\/\/ibecbarcelona.eu\/#organization"},"potentialAction":[{"@type":"SearchAction","target":{"@type":"EntryPoint","urlTemplate":"https:\/\/ibecbarcelona.eu\/?s={search_term_string}"},"query-input":{"@type":"PropertyValueSpecification","valueRequired":true,"valueName":"search_term_string"}}],"inLanguage":"es"},{"@type":"Organization","@id":"https:\/\/ibecbarcelona.eu\/#organization","name":"Institute for Bioengineering of Catalonia","url":"https:\/\/ibecbarcelona.eu\/","logo":{"@type":"ImageObject","inLanguage":"es","@id":"https:\/\/ibecbarcelona.eu\/#\/schema\/logo\/image\/","url":"https:\/\/ibecbarcelona.eu\/wp-content\/uploads\/2026\/01\/cropped-IBEC_20ANYS_GRIS.png","contentUrl":"https:\/\/ibecbarcelona.eu\/wp-content\/uploads\/2026\/01\/cropped-IBEC_20ANYS_GRIS.png","width":696,"height":257,"caption":"Institute for Bioengineering of Catalonia"},"image":{"@id":"https:\/\/ibecbarcelona.eu\/#\/schema\/logo\/image\/"}}]}},"AFP_featured_media_urls":{"full":false,"thumbnail":false,"medium":false,"medium_large":false,"large":false},"AFP_attachments":{"full":["https:\/\/ibecbarcelona.eu\/wp-content\/uploads\/2014\/08\/phd-comm-header.jpg",810,220,false],"thumbnail":["https:\/\/ibecbarcelona.eu\/wp-content\/uploads\/2014\/08\/phd-comm-header-150x150.jpg",150,150,true],"medium":["https:\/\/ibecbarcelona.eu\/wp-content\/uploads\/2014\/08\/phd-comm-header-300x81.jpg",300,81,true],"medium_large":["https:\/\/ibecbarcelona.eu\/wp-content\/uploads\/2014\/08\/phd-comm-header.jpg",768,209,false],"large":["https:\/\/ibecbarcelona.eu\/wp-content\/uploads\/2014\/08\/phd-comm-header.jpg",810,220,false]},"AFP_videos":[],"AFP_video_blocks":"","AFP_category_names":[],"_links":{"self":[{"href":"https:\/\/ibecbarcelona.eu\/es\/wp-json\/wp\/v2\/pages\/16789","targetHints":{"allow":["GET"]}}],"collection":[{"href":"https:\/\/ibecbarcelona.eu\/es\/wp-json\/wp\/v2\/pages"}],"about":[{"href":"https:\/\/ibecbarcelona.eu\/es\/wp-json\/wp\/v2\/types\/page"}],"author":[{"embeddable":true,"href":"https:\/\/ibecbarcelona.eu\/es\/wp-json\/wp\/v2\/users\/4"}],"replies":[{"embeddable":true,"href":"https:\/\/ibecbarcelona.eu\/es\/wp-json\/wp\/v2\/comments?post=16789"}],"version-history":[{"count":1,"href":"https:\/\/ibecbarcelona.eu\/es\/wp-json\/wp\/v2\/pages\/16789\/revisions"}],"predecessor-version":[{"id":57758,"href":"https:\/\/ibecbarcelona.eu\/es\/wp-json\/wp\/v2\/pages\/16789\/revisions\/57758"}],"up":[{"embeddable":true,"href":"https:\/\/ibecbarcelona.eu\/es\/wp-json\/wp\/v2\/pages\/17517"}],"wp:attachment":[{"href":"https:\/\/ibecbarcelona.eu\/es\/wp-json\/wp\/v2\/media?parent=16789"}],"wp:term":[{"taxonomy":"post_tag","embeddable":true,"href":"https:\/\/ibecbarcelona.eu\/es\/wp-json\/wp\/v2\/tags?post=16789"}],"curies":[{"name":"wp","href":"https:\/\/api.w.org\/{rel}","templated":true}]}}