
{"id":17179,"date":"2014-08-28T13:18:02","date_gmt":"2014-08-28T13:18:02","guid":{"rendered":"http:\/\/ibecbarcelona.eu\/?page_id=17179"},"modified":"2016-02-08T09:13:34","modified_gmt":"2016-02-08T09:13:34","slug":"in-house-equipment","status":"publish","type":"page","link":"https:\/\/ibecbarcelona.eu\/es\/services\/in-house-equipment\/","title":{"rendered":"Equipamiento interno"},"content":{"rendered":"<hr \/>\n<p><a href=\"http:\/\/reservas.ibecbarcelona.eu\/schedule\/login\/IBEC_CoreFacilities\/In-House_equipment\" target=\"_blank\"><img decoding=\"async\" class=\"alignright wp-image-2084 lazyload\" data-src=\"https:\/\/ibecbarcelona.eu\/wp-content\/uploads\/2014\/10\/bookings.jpg\" alt=\"bookings\" width=\"169\" height=\"47\" data-srcset=\"https:\/\/ibecbarcelona.eu\/wp-content\/uploads\/2014\/10\/bookings.jpg 238w, https:\/\/ibecbarcelona.eu\/wp-content\/uploads\/2014\/10\/bookings-150x41.jpg 150w\" data-sizes=\"(max-width: 169px) 100vw, 169px\" src=\"data:image\/svg+xml;base64,PHN2ZyB3aWR0aD0iMSIgaGVpZ2h0PSIxIiB4bWxucz0iaHR0cDovL3d3dy53My5vcmcvMjAwMC9zdmciPjwvc3ZnPg==\" style=\"--smush-placeholder-width: 169px; --smush-placeholder-aspect-ratio: 169\/47;\" \/><\/a><strong>Para hacer reservas de equipamiento interno, ya sea para el laboratorio BioSpace como de otro equipo, haga clic aqu\u00ed:<\/strong><\/p>\n<div style=\"clear: both;\"><\/div>\n<h4>BioSpace Lab<\/h4>\n<hr \/>\n<p><strong>El Laboratorio BioSpace es un espacio com\u00fan compartido ubicado en el s\u00f3tano del edificio H\u00e9lix supervisado por la Unidad de Core Facilities.<\/strong>Proporciona capacidades de cultivo celular para cultivos de c\u00e9lulas primarias, as\u00ed como una Bio-impresora 3D para la fabricaci\u00f3n de estructuras celulares tridimensionales utilizando biomateriales combinados con c\u00e9lulas.<\/p>\n<p>El Laboratorio BioSpace es un laboratorio de bioseguridad de nivel 2 (BSL 2), por lo tanto, todo el trabajo debe hacer siguiendo la normativa BSL 2.<\/p>\n<p>El uso del laboratorio BioSpace est\u00e1 abierto a cualquier miembro del IBEC. Para acceder a las instalaciones los usuarios deben leer el documento de Pol\u00edticas y Pr\u00e1cticas y completar la Solicitud de Registro de Usuario y el formulario de notificaci\u00f3n celular, y enviar ambos documentos a <a href=\"mailto:corefacilities@ibecbarcelona.eu\">corefacilities@ibecbarcelona.eu.<\/a><\/p>\n<ul>\n<li><a href=\"https:\/\/ibecbarcelona.eu\/wp-content\/uploads\/2016\/02\/BioSpace-Policies-and-Practices.pdf\" rel=\"\">BioSpace Policies and Practices.pdf<\/a><\/li>\n<li><a href=\"https:\/\/ibecbarcelona.eu\/wp-content\/uploads\/2016\/02\/User-Registration-Request.pdf\" rel=\"\">User Registration Request.pdf<\/a><\/li>\n<li><a href=\"https:\/\/ibecbarcelona.eu\/wp-content\/uploads\/2016\/02\/Cell-Use-Notification-form.pdf\" rel=\"\">Cell Use Notification form.pdf<\/a><\/li>\n<\/ul>\n<h4>Otros equipos<\/h4>\n<hr \/>\n<p style=\"float: left; width: 500px; margin-top: 10px; padding-right: 80px;\">Haga clic en una imagen para obtener m\u00e1s informaci\u00f3n.<\/p>\n<h5 style=\"float: left; padding-left: 10px; margin-top: 5px; line-height: 24px;\"><a href=\"http:\/\/reservas.ibecbarcelona.eu\/schedule\/login\/IBEC_CoreFacilities\/In-House_equipment\" target=\"_blank\"><img decoding=\"async\" class=\"wp-image-2084 lazyload\" data-src=\"https:\/\/ibecbarcelona.eu\/wp-content\/uploads\/2014\/10\/bookings.jpg\" alt=\"bookings\" width=\"169\" height=\"47\" data-srcset=\"https:\/\/ibecbarcelona.eu\/wp-content\/uploads\/2014\/10\/bookings.jpg 238w, https:\/\/ibecbarcelona.eu\/wp-content\/uploads\/2014\/10\/bookings-150x41.jpg 150w\" data-sizes=\"(max-width: 169px) 100vw, 169px\" src=\"data:image\/svg+xml;base64,PHN2ZyB3aWR0aD0iMSIgaGVpZ2h0PSIxIiB4bWxucz0iaHR0cDovL3d3dy53My5vcmcvMjAwMC9zdmciPjwvc3ZnPg==\" style=\"--smush-placeholder-width: 169px; --smush-placeholder-aspect-ratio: 169\/47;\" \/><\/a><\/h5>\n<div style=\"clear: both;\"><\/div>\n<p>[br]<\/p>\n<figure id=\"attachment_2077\" aria-describedby=\"caption-attachment-2077\" style=\"width: 133px\" class=\"wp-caption alignleft\"><a href=\"https:\/\/ibecbarcelona.eu\/wp-content\/uploads\/2015\/01\/ficha_microplatereader.pdf\" target=\"_blank\"><img decoding=\"async\" class=\"size-full wp-image-2077 lazyload\" data-src=\"https:\/\/ibecbarcelona.eu\/wp-content\/uploads\/2014\/10\/benchmark.jpg\" alt=\"Benchmark Plus Microplate Reader\" width=\"143\" height=\"143\" src=\"data:image\/svg+xml;base64,PHN2ZyB3aWR0aD0iMSIgaGVpZ2h0PSIxIiB4bWxucz0iaHR0cDovL3d3dy53My5vcmcvMjAwMC9zdmciPjwvc3ZnPg==\" style=\"--smush-placeholder-width: 143px; --smush-placeholder-aspect-ratio: 143\/143;\" \/><\/a><figcaption id=\"caption-attachment-2077\" class=\"wp-caption-text\">Benchmark Plus Microplate Reader<\/figcaption><\/figure>\n<figure id=\"attachment_2075\" aria-describedby=\"caption-attachment-2075\" style=\"width: 133px\" class=\"wp-caption alignleft\"><a href=\"https:\/\/ibecbarcelona.eu\/wp-content\/uploads\/2015\/01\/ficha_dna.pdf\" target=\"_blank\"><img decoding=\"async\" class=\"size-full wp-image-2075 lazyload\" data-src=\"https:\/\/ibecbarcelona.eu\/wp-content\/uploads\/2014\/10\/dnaengine.jpg\" alt=\"DNA Engine Thermal Cycler\" width=\"143\" height=\"143\" src=\"data:image\/svg+xml;base64,PHN2ZyB3aWR0aD0iMSIgaGVpZ2h0PSIxIiB4bWxucz0iaHR0cDovL3d3dy53My5vcmcvMjAwMC9zdmciPjwvc3ZnPg==\" style=\"--smush-placeholder-width: 143px; --smush-placeholder-aspect-ratio: 143\/143;\" \/><\/a><figcaption id=\"caption-attachment-2075\" class=\"wp-caption-text\">DNA Engine Thermal Cycler<\/figcaption><\/figure>\n<figure id=\"attachment_2074\" aria-describedby=\"caption-attachment-2074\" style=\"width: 133px\" class=\"wp-caption alignleft\"><a href=\"https:\/\/ibecbarcelona.eu\/wp-content\/uploads\/2015\/01\/ficha_geldoc.pdf\" target=\"_blank\"><img decoding=\"async\" class=\"size-full wp-image-2074 lazyload\" data-src=\"https:\/\/ibecbarcelona.eu\/wp-content\/uploads\/2014\/10\/geldoc.jpg\" alt=\"Gel Doc\u2122 XR\" width=\"143\" height=\"143\" src=\"data:image\/svg+xml;base64,PHN2ZyB3aWR0aD0iMSIgaGVpZ2h0PSIxIiB4bWxucz0iaHR0cDovL3d3dy53My5vcmcvMjAwMC9zdmciPjwvc3ZnPg==\" style=\"--smush-placeholder-width: 143px; --smush-placeholder-aspect-ratio: 143\/143;\" \/><\/a><figcaption id=\"caption-attachment-2074\" class=\"wp-caption-text\">Gel Doc\u2122 XR<\/figcaption><\/figure>\n<figure id=\"attachment_2073\" aria-describedby=\"caption-attachment-2073\" style=\"width: 133px\" class=\"wp-caption alignleft\"><a href=\"https:\/\/ibecbarcelona.eu\/wp-content\/uploads\/2015\/01\/ficha_las4000.pdf\" target=\"_blank\"><img decoding=\"async\" class=\"size-full wp-image-2073 lazyload\" data-src=\"https:\/\/ibecbarcelona.eu\/wp-content\/uploads\/2014\/10\/imagequant.jpg\" alt=\"ImageQuant LAS 4000\" width=\"143\" height=\"143\" src=\"data:image\/svg+xml;base64,PHN2ZyB3aWR0aD0iMSIgaGVpZ2h0PSIxIiB4bWxucz0iaHR0cDovL3d3dy53My5vcmcvMjAwMC9zdmciPjwvc3ZnPg==\" style=\"--smush-placeholder-width: 143px; --smush-placeholder-aspect-ratio: 143\/143;\" \/><\/a><figcaption id=\"caption-attachment-2073\" class=\"wp-caption-text\">ImageQuant LAS 4000<\/figcaption><\/figure>\n<figure id=\"attachment_2072\" aria-describedby=\"caption-attachment-2072\" style=\"width: 133px\" class=\"wp-caption alignleft\"><a href=\"https:\/\/ibecbarcelona.eu\/wp-content\/uploads\/2015\/01\/ficha_infinite.pdf\" target=\"_blank\"><img decoding=\"async\" class=\"size-full wp-image-2072 lazyload\" data-src=\"https:\/\/ibecbarcelona.eu\/wp-content\/uploads\/2014\/10\/infinite.jpg\" alt=\"Infinite M200 Pro\" width=\"143\" height=\"143\" src=\"data:image\/svg+xml;base64,PHN2ZyB3aWR0aD0iMSIgaGVpZ2h0PSIxIiB4bWxucz0iaHR0cDovL3d3dy53My5vcmcvMjAwMC9zdmciPjwvc3ZnPg==\" style=\"--smush-placeholder-width: 143px; --smush-placeholder-aspect-ratio: 143\/143;\" \/><\/a><figcaption id=\"caption-attachment-2072\" class=\"wp-caption-text\">Infinite M200 Pro<\/figcaption><\/figure>\n<figure id=\"attachment_2071\" aria-describedby=\"caption-attachment-2071\" style=\"width: 133px\" class=\"wp-caption alignleft\"><a href=\"https:\/\/ibecbarcelona.eu\/wp-content\/uploads\/2015\/01\/ficha_nanodrop.pdf\" target=\"_blank\"><img decoding=\"async\" class=\"size-full wp-image-2071 lazyload\" data-src=\"https:\/\/ibecbarcelona.eu\/wp-content\/uploads\/2014\/10\/nanodrop.jpg\" alt=\"Nanodrop ND-1000\" width=\"143\" height=\"143\" src=\"data:image\/svg+xml;base64,PHN2ZyB3aWR0aD0iMSIgaGVpZ2h0PSIxIiB4bWxucz0iaHR0cDovL3d3dy53My5vcmcvMjAwMC9zdmciPjwvc3ZnPg==\" style=\"--smush-placeholder-width: 143px; --smush-placeholder-aspect-ratio: 143\/143;\" \/><\/a><figcaption id=\"caption-attachment-2071\" class=\"wp-caption-text\">Nanodrop ND-1000<\/figcaption><\/figure>\n<figure id=\"attachment_2076\" aria-describedby=\"caption-attachment-2076\" style=\"width: 133px\" class=\"wp-caption alignleft\"><a href=\"https:\/\/ibecbarcelona.eu\/wp-content\/uploads\/2015\/01\/ficha_rt.pdf\" target=\"_blank\"><img decoding=\"async\" class=\"size-full wp-image-2076 lazyload\" data-src=\"https:\/\/ibecbarcelona.eu\/wp-content\/uploads\/2014\/10\/steponeplus.jpg\" alt=\"RT-PCR StepOnePlus\" width=\"143\" height=\"143\" src=\"data:image\/svg+xml;base64,PHN2ZyB3aWR0aD0iMSIgaGVpZ2h0PSIxIiB4bWxucz0iaHR0cDovL3d3dy53My5vcmcvMjAwMC9zdmciPjwvc3ZnPg==\" style=\"--smush-placeholder-width: 143px; --smush-placeholder-aspect-ratio: 143\/143;\" \/><\/a><figcaption id=\"caption-attachment-2076\" class=\"wp-caption-text\">RT-PCR StepOnePlus<\/figcaption><\/figure>\n","protected":false},"excerpt":{"rendered":"<p>Para hacer reservas de equipamiento interno, ya sea para el laboratorio BioSpace como de otro equipo, haga clic aqu\u00ed: BioSpace Lab El Laboratorio BioSpace es un espacio com\u00fan compartido ubicado &#8230; <a title=\"Equipamiento interno\" class=\"read-more\" href=\"https:\/\/ibecbarcelona.eu\/es\/services\/in-house-equipment\/\" aria-label=\"More on Equipamiento interno\">Read more<\/a><\/p>\n","protected":false},"author":4,"featured_media":0,"parent":66837,"menu_order":0,"comment_status":"closed","ping_status":"closed","template":"template-twocolumns-leftservices.php","meta":{"footnotes":""},"tags":[],"class_list":["post-17179","page","type-page","status-publish"],"yoast_head":"<!-- This site is optimized with the Yoast SEO plugin v27.4 - https:\/\/yoast.com\/product\/yoast-seo-wordpress\/ -->\n<title>Equipamiento interno - Institute for Bioengineering of Catalonia<\/title>\n<meta name=\"robots\" content=\"index, follow, max-snippet:-1, max-image-preview:large, max-video-preview:-1\" \/>\n<link rel=\"canonical\" href=\"https:\/\/ibecbarcelona.eu\/es\/services\/in-house-equipment\/\" \/>\n<meta property=\"og:locale\" content=\"es_ES\" \/>\n<meta property=\"og:type\" content=\"article\" \/>\n<meta property=\"og:title\" content=\"Equipamiento interno - Institute for Bioengineering of Catalonia\" \/>\n<meta property=\"og:description\" content=\"Para hacer reservas de equipamiento interno, ya sea para el laboratorio BioSpace como de otro equipo, haga clic aqu\u00ed: BioSpace Lab El Laboratorio BioSpace es un espacio com\u00fan compartido ubicado ... Read more\" \/>\n<meta property=\"og:url\" content=\"https:\/\/ibecbarcelona.eu\/es\/services\/in-house-equipment\/\" \/>\n<meta property=\"og:site_name\" content=\"Institute for Bioengineering of Catalonia\" \/>\n<meta property=\"article:modified_time\" content=\"2016-02-08T09:13:34+00:00\" \/>\n<meta property=\"og:image\" content=\"https:\/\/ibecbarcelona.eu\/wp-content\/uploads\/2014\/10\/bookings.jpg\" \/>\n<meta name=\"twitter:card\" content=\"summary_large_image\" \/>\n<meta name=\"twitter:label1\" content=\"Tiempo de lectura\" \/>\n\t<meta name=\"twitter:data1\" content=\"1 minuto\" \/>\n<script type=\"application\/ld+json\" class=\"yoast-schema-graph\">{\"@context\":\"https:\\\/\\\/schema.org\",\"@graph\":[{\"@type\":\"WebPage\",\"@id\":\"https:\\\/\\\/ibecbarcelona.eu\\\/es\\\/services\\\/in-house-equipment\\\/\",\"url\":\"https:\\\/\\\/ibecbarcelona.eu\\\/es\\\/services\\\/in-house-equipment\\\/\",\"name\":\"Equipamiento interno - Institute for Bioengineering of Catalonia\",\"isPartOf\":{\"@id\":\"https:\\\/\\\/ibecbarcelona.eu\\\/#website\"},\"primaryImageOfPage\":{\"@id\":\"https:\\\/\\\/ibecbarcelona.eu\\\/es\\\/services\\\/in-house-equipment\\\/#primaryimage\"},\"image\":{\"@id\":\"https:\\\/\\\/ibecbarcelona.eu\\\/es\\\/services\\\/in-house-equipment\\\/#primaryimage\"},\"thumbnailUrl\":\"https:\\\/\\\/ibecbarcelona.eu\\\/wp-content\\\/uploads\\\/2014\\\/10\\\/bookings.jpg\",\"datePublished\":\"2014-08-28T13:18:02+00:00\",\"dateModified\":\"2016-02-08T09:13:34+00:00\",\"breadcrumb\":{\"@id\":\"https:\\\/\\\/ibecbarcelona.eu\\\/es\\\/services\\\/in-house-equipment\\\/#breadcrumb\"},\"inLanguage\":\"es\",\"potentialAction\":[{\"@type\":\"ReadAction\",\"target\":[\"https:\\\/\\\/ibecbarcelona.eu\\\/es\\\/services\\\/in-house-equipment\\\/\"]}]},{\"@type\":\"ImageObject\",\"inLanguage\":\"es\",\"@id\":\"https:\\\/\\\/ibecbarcelona.eu\\\/es\\\/services\\\/in-house-equipment\\\/#primaryimage\",\"url\":\"https:\\\/\\\/ibecbarcelona.eu\\\/wp-content\\\/uploads\\\/2014\\\/10\\\/bookings.jpg\",\"contentUrl\":\"https:\\\/\\\/ibecbarcelona.eu\\\/wp-content\\\/uploads\\\/2014\\\/10\\\/bookings.jpg\"},{\"@type\":\"BreadcrumbList\",\"@id\":\"https:\\\/\\\/ibecbarcelona.eu\\\/es\\\/services\\\/in-house-equipment\\\/#breadcrumb\",\"itemListElement\":[{\"@type\":\"ListItem\",\"position\":1,\"name\":\"Home\",\"item\":\"https:\\\/\\\/ibecbarcelona.eu\\\/es\\\/\"},{\"@type\":\"ListItem\",\"position\":2,\"name\":\"Core Facilities\",\"item\":\"https:\\\/\\\/ibecbarcelona.eu\\\/es\\\/corefacilies\\\/\"},{\"@type\":\"ListItem\",\"position\":3,\"name\":\"Equipamiento interno\"}]},{\"@type\":\"WebSite\",\"@id\":\"https:\\\/\\\/ibecbarcelona.eu\\\/#website\",\"url\":\"https:\\\/\\\/ibecbarcelona.eu\\\/\",\"name\":\"Institute for Bioengineering of Catalonia\",\"description\":\"Bioengineering solutions for health\",\"publisher\":{\"@id\":\"https:\\\/\\\/ibecbarcelona.eu\\\/#organization\"},\"potentialAction\":[{\"@type\":\"SearchAction\",\"target\":{\"@type\":\"EntryPoint\",\"urlTemplate\":\"https:\\\/\\\/ibecbarcelona.eu\\\/?s={search_term_string}\"},\"query-input\":{\"@type\":\"PropertyValueSpecification\",\"valueRequired\":true,\"valueName\":\"search_term_string\"}}],\"inLanguage\":\"es\"},{\"@type\":\"Organization\",\"@id\":\"https:\\\/\\\/ibecbarcelona.eu\\\/#organization\",\"name\":\"Institute for Bioengineering of Catalonia\",\"url\":\"https:\\\/\\\/ibecbarcelona.eu\\\/\",\"logo\":{\"@type\":\"ImageObject\",\"inLanguage\":\"es\",\"@id\":\"https:\\\/\\\/ibecbarcelona.eu\\\/#\\\/schema\\\/logo\\\/image\\\/\",\"url\":\"https:\\\/\\\/ibecbarcelona.eu\\\/wp-content\\\/uploads\\\/2026\\\/01\\\/cropped-IBEC_20ANYS_GRIS.png\",\"contentUrl\":\"https:\\\/\\\/ibecbarcelona.eu\\\/wp-content\\\/uploads\\\/2026\\\/01\\\/cropped-IBEC_20ANYS_GRIS.png\",\"width\":696,\"height\":257,\"caption\":\"Institute for Bioengineering of Catalonia\"},\"image\":{\"@id\":\"https:\\\/\\\/ibecbarcelona.eu\\\/#\\\/schema\\\/logo\\\/image\\\/\"}}]}<\/script>\n<!-- \/ Yoast SEO plugin. -->","yoast_head_json":{"title":"Equipamiento interno - Institute for Bioengineering of Catalonia","robots":{"index":"index","follow":"follow","max-snippet":"max-snippet:-1","max-image-preview":"max-image-preview:large","max-video-preview":"max-video-preview:-1"},"canonical":"https:\/\/ibecbarcelona.eu\/es\/services\/in-house-equipment\/","og_locale":"es_ES","og_type":"article","og_title":"Equipamiento interno - Institute for Bioengineering of Catalonia","og_description":"Para hacer reservas de equipamiento interno, ya sea para el laboratorio BioSpace como de otro equipo, haga clic aqu\u00ed: BioSpace Lab El Laboratorio BioSpace es un espacio com\u00fan compartido ubicado ... Read more","og_url":"https:\/\/ibecbarcelona.eu\/es\/services\/in-house-equipment\/","og_site_name":"Institute for Bioengineering of Catalonia","article_modified_time":"2016-02-08T09:13:34+00:00","og_image":[{"url":"https:\/\/ibecbarcelona.eu\/wp-content\/uploads\/2014\/10\/bookings.jpg","type":"","width":"","height":""}],"twitter_card":"summary_large_image","twitter_misc":{"Tiempo de lectura":"1 minuto"},"schema":{"@context":"https:\/\/schema.org","@graph":[{"@type":"WebPage","@id":"https:\/\/ibecbarcelona.eu\/es\/services\/in-house-equipment\/","url":"https:\/\/ibecbarcelona.eu\/es\/services\/in-house-equipment\/","name":"Equipamiento interno - Institute for Bioengineering of Catalonia","isPartOf":{"@id":"https:\/\/ibecbarcelona.eu\/#website"},"primaryImageOfPage":{"@id":"https:\/\/ibecbarcelona.eu\/es\/services\/in-house-equipment\/#primaryimage"},"image":{"@id":"https:\/\/ibecbarcelona.eu\/es\/services\/in-house-equipment\/#primaryimage"},"thumbnailUrl":"https:\/\/ibecbarcelona.eu\/wp-content\/uploads\/2014\/10\/bookings.jpg","datePublished":"2014-08-28T13:18:02+00:00","dateModified":"2016-02-08T09:13:34+00:00","breadcrumb":{"@id":"https:\/\/ibecbarcelona.eu\/es\/services\/in-house-equipment\/#breadcrumb"},"inLanguage":"es","potentialAction":[{"@type":"ReadAction","target":["https:\/\/ibecbarcelona.eu\/es\/services\/in-house-equipment\/"]}]},{"@type":"ImageObject","inLanguage":"es","@id":"https:\/\/ibecbarcelona.eu\/es\/services\/in-house-equipment\/#primaryimage","url":"https:\/\/ibecbarcelona.eu\/wp-content\/uploads\/2014\/10\/bookings.jpg","contentUrl":"https:\/\/ibecbarcelona.eu\/wp-content\/uploads\/2014\/10\/bookings.jpg"},{"@type":"BreadcrumbList","@id":"https:\/\/ibecbarcelona.eu\/es\/services\/in-house-equipment\/#breadcrumb","itemListElement":[{"@type":"ListItem","position":1,"name":"Home","item":"https:\/\/ibecbarcelona.eu\/es\/"},{"@type":"ListItem","position":2,"name":"Core Facilities","item":"https:\/\/ibecbarcelona.eu\/es\/corefacilies\/"},{"@type":"ListItem","position":3,"name":"Equipamiento interno"}]},{"@type":"WebSite","@id":"https:\/\/ibecbarcelona.eu\/#website","url":"https:\/\/ibecbarcelona.eu\/","name":"Institute for Bioengineering of Catalonia","description":"Bioengineering solutions for health","publisher":{"@id":"https:\/\/ibecbarcelona.eu\/#organization"},"potentialAction":[{"@type":"SearchAction","target":{"@type":"EntryPoint","urlTemplate":"https:\/\/ibecbarcelona.eu\/?s={search_term_string}"},"query-input":{"@type":"PropertyValueSpecification","valueRequired":true,"valueName":"search_term_string"}}],"inLanguage":"es"},{"@type":"Organization","@id":"https:\/\/ibecbarcelona.eu\/#organization","name":"Institute for Bioengineering of Catalonia","url":"https:\/\/ibecbarcelona.eu\/","logo":{"@type":"ImageObject","inLanguage":"es","@id":"https:\/\/ibecbarcelona.eu\/#\/schema\/logo\/image\/","url":"https:\/\/ibecbarcelona.eu\/wp-content\/uploads\/2026\/01\/cropped-IBEC_20ANYS_GRIS.png","contentUrl":"https:\/\/ibecbarcelona.eu\/wp-content\/uploads\/2026\/01\/cropped-IBEC_20ANYS_GRIS.png","width":696,"height":257,"caption":"Institute for Bioengineering of Catalonia"},"image":{"@id":"https:\/\/ibecbarcelona.eu\/#\/schema\/logo\/image\/"}}]}},"AFP_featured_media_urls":{"full":false,"thumbnail":false,"medium":false,"medium_large":false,"large":false},"AFP_attachments":{"full":["https:\/\/ibecbarcelona.eu\/wp-content\/uploads\/2014\/10\/benchmark.jpg",143,143,false],"thumbnail":["https:\/\/ibecbarcelona.eu\/wp-content\/uploads\/2014\/10\/benchmark.jpg",143,143,false],"medium":["https:\/\/ibecbarcelona.eu\/wp-content\/uploads\/2014\/10\/benchmark.jpg",143,143,false],"medium_large":["https:\/\/ibecbarcelona.eu\/wp-content\/uploads\/2014\/10\/benchmark.jpg",143,143,false],"large":["https:\/\/ibecbarcelona.eu\/wp-content\/uploads\/2014\/10\/benchmark.jpg",143,143,false]},"AFP_videos":[],"AFP_video_blocks":"","AFP_category_names":[],"_links":{"self":[{"href":"https:\/\/ibecbarcelona.eu\/es\/wp-json\/wp\/v2\/pages\/17179","targetHints":{"allow":["GET"]}}],"collection":[{"href":"https:\/\/ibecbarcelona.eu\/es\/wp-json\/wp\/v2\/pages"}],"about":[{"href":"https:\/\/ibecbarcelona.eu\/es\/wp-json\/wp\/v2\/types\/page"}],"author":[{"embeddable":true,"href":"https:\/\/ibecbarcelona.eu\/es\/wp-json\/wp\/v2\/users\/4"}],"replies":[{"embeddable":true,"href":"https:\/\/ibecbarcelona.eu\/es\/wp-json\/wp\/v2\/comments?post=17179"}],"version-history":[{"count":0,"href":"https:\/\/ibecbarcelona.eu\/es\/wp-json\/wp\/v2\/pages\/17179\/revisions"}],"up":[{"embeddable":true,"href":"https:\/\/ibecbarcelona.eu\/es\/wp-json\/wp\/v2\/pages\/66837"}],"wp:attachment":[{"href":"https:\/\/ibecbarcelona.eu\/es\/wp-json\/wp\/v2\/media?parent=17179"}],"wp:term":[{"taxonomy":"post_tag","embeddable":true,"href":"https:\/\/ibecbarcelona.eu\/es\/wp-json\/wp\/v2\/tags?post=17179"}],"curies":[{"name":"wp","href":"https:\/\/api.w.org\/{rel}","templated":true}]}}