
{"id":17374,"date":"2014-10-16T11:26:53","date_gmt":"2014-10-16T09:26:53","guid":{"rendered":"http:\/\/ibecbarcelona.eu\/?page_id=17374"},"modified":"2025-10-13T09:41:49","modified_gmt":"2025-10-13T07:41:49","slug":"por-que-colaborar-con-nosotros","status":"publish","type":"page","link":"https:\/\/ibecbarcelona.eu\/es\/industria-y-hospitales\/transferencia-impulsada-desde-el-mercado","title":{"rendered":"Transferencia de tecnolog\u00eda impulsada desde el mercado"},"content":{"rendered":"\n<h4 class=\"wp-block-heading\">El IBEC se compromete a convertir los resultados de la investigaci\u00f3n en aplicaciones pr\u00e1cticas, proporcionando soluciones innovadoras a la industria y los hospitales, y tambi\u00e9n a la sociedad.<\/h4>\n\n\n\n<p>La&nbsp;<strong>transferencia de tecnolog\u00eda que llevamos a cabo se impulsa desde el mercado<\/strong>, gestionando nuestros proyectos desde una perspectiva de mercado. Identificamos y patentamos nuevos descubrimientos y resultados y definimos estrategias de comercializaci\u00f3n, ya sea mediante acuerdos de licencia o spin-offs. Nos relacionamos con socios industriales, brindando soluciones que pueden convertirse en productos o en investigaci\u00f3n colaborativa.<\/p>\n\n\n\n<p>Hemos establecido un s\u00f3lido canal de comunicaci\u00f3n con la&nbsp;<strong>industria<\/strong>&nbsp;y somos conscientes de sus necesidades y limitaciones en cada paso del proceso. Consultamos con&nbsp;<strong>l\u00edderes de opini\u00f3n&nbsp;<\/strong>claves para conocer las oportunidades del mercado, y encuestamos a personal cl\u00ednico con la finalidad de comprender mejor la pr\u00e1ctica cl\u00ednica actual e identificar qu\u00e9 productos y servicios serian valiosos. Incorporamos&nbsp;<strong>estrategias de asuntos regulatorios<\/strong>&nbsp;para identificar el mejor m\u00e9todo para llevar un producto al mercado y anticiparnos a las necesidades de nuestros socios.<\/p>\n\n\n\n<ul class=\"wp-block-list\">\n<li><strong>Contacte con nuestra <a href=\"https:\/\/ibecbarcelona.eu\/es\/for-industry\/meet-the-tech-transfer-team\">Oficina de Transferencia de Tecnolog\u00eda<\/a><\/strong>, que facilitar\u00e1 el proceso y mediar\u00e1 entre su empresa y los equipos de investigaci\u00f3n.<\/li>\n\n\n\n<li><strong>IBEC alberga equipos de investigaci\u00f3n multidisciplinarios<\/strong>, con diversas habilidades y antecedentes; podemos ofrecer una variedad de tecnolog\u00edas y experiencia.<\/li>\n\n\n\n<li><strong>IBEC se compromete a explotar al m\u00e1ximo los resultados de nuestra investigaci\u00f3n<\/strong>, apoyamos la protecci\u00f3n adecuada de la PI generada y buscamos activamente oportunidades de licencia.<\/li>\n\n\n\n<li><strong>Entendemos las prioridades de su empresa<\/strong>. Comparta sus necesidades y limitaciones con nosotros; y podemos definir qu\u00e9 soluci\u00f3n funciona mejor para usted.<\/li>\n\n\n\n<li><strong>Buscamos las mejores oportunidades de financiaci\u00f3n para proyectos colaborativos<\/strong>. La Oficina de Proyectos del IBEC apoya tanto a nuestros cient\u00edficos como a sus colaboradores para identificar fuentes y los acompa\u00f1a a trav\u00e9s de los complicados procesos de solicitud.<\/li>\n<\/ul>\n\n\n<div class=\"responsive-tabs\">\n<h2 class=\"tabtitle\">LINEAS DE INVESTIGACI\u00d3N<\/h2>\n<div class=\"tabcontent\">\n\n\n\n<div class=\"wp-block-image is-style-default\">\n<figure class=\"aligncenter size-full is-resized\"><img decoding=\"async\" width=\"401\" height=\"497\" data-src=\"https:\/\/ibecbarcelona.eu\/wp-content\/uploads\/2022\/04\/applied-focus-areas.jpg\" alt=\"\" class=\"wp-image-93620 lazyload\" style=\"--smush-placeholder-width: 401px; --smush-placeholder-aspect-ratio: 401\/497;width:520px\" data-srcset=\"https:\/\/ibecbarcelona.eu\/wp-content\/uploads\/2022\/04\/applied-focus-areas.jpg 401w, https:\/\/ibecbarcelona.eu\/wp-content\/uploads\/2022\/04\/applied-focus-areas-242x300.jpg 242w\" data-sizes=\"(max-width: 401px) 100vw, 401px\" src=\"data:image\/svg+xml;base64,PHN2ZyB3aWR0aD0iMSIgaGVpZ2h0PSIxIiB4bWxucz0iaHR0cDovL3d3dy53My5vcmcvMjAwMC9zdmciPjwvc3ZnPg==\" \/><\/figure><\/div>\n\n\n<\/div><h2 class=\"tabtitle\">CENTRO TECNIO<\/h2>\n<div class=\"tabcontent\">\n\n\n\n\n<h4 class=\"wp-block-heading\">La Generalitat de Catalunya, mediante <a href=\"http:\/\/www.accio.gencat.cat\/ca\/inici\" target=\"_blank\" rel=\"noreferrer noopener\">ACCI\u00d3<\/a> &#8211; la Agencia para el fomento de la competitividad de las empresas catalanas- acredit\u00f3 en el a\u00f1o 2019 al Instituto de Bioingenier\u00eda de Catalu\u00f1a (IBEC) com el sello <a href=\"https:\/\/www.accio.gencat.cat\/ca\/serveis\/innovacio\/tecnologia-per-a-lempresa\/tecnio\/\" target=\"_blank\" rel=\"noreferrer noopener\">TECNIO<\/a>.<\/h4>\n\n\n\n<div class=\"wp-block-columns is-layout-flex wp-container-core-columns-is-layout-9d6595d7 wp-block-columns-is-layout-flex\">\n<div class=\"wp-block-column is-layout-flow wp-block-column-is-layout-flow\" style=\"flex-basis:33.33%\">\n<figure class=\"wp-block-image size-full\" id=\"Transferencia-de-tecnolog\u00eda-impulsada-desde-el-mercado\"><img decoding=\"async\" width=\"939\" height=\"558\" data-src=\"https:\/\/ibecbarcelona.eu\/wp-content\/uploads\/2025\/10\/segell-acreditacions-entitat-TECNIO-horitzontal-2.png\" alt=\"\" class=\"wp-image-129037 lazyload\" data-srcset=\"https:\/\/ibecbarcelona.eu\/wp-content\/uploads\/2025\/10\/segell-acreditacions-entitat-TECNIO-horitzontal-2.png 939w, https:\/\/ibecbarcelona.eu\/wp-content\/uploads\/2025\/10\/segell-acreditacions-entitat-TECNIO-horitzontal-2-300x178.png 300w, https:\/\/ibecbarcelona.eu\/wp-content\/uploads\/2025\/10\/segell-acreditacions-entitat-TECNIO-horitzontal-2-768x456.png 768w\" data-sizes=\"(max-width: 939px) 100vw, 939px\" src=\"data:image\/svg+xml;base64,PHN2ZyB3aWR0aD0iMSIgaGVpZ2h0PSIxIiB4bWxucz0iaHR0cDovL3d3dy53My5vcmcvMjAwMC9zdmciPjwvc3ZnPg==\" style=\"--smush-placeholder-width: 939px; --smush-placeholder-aspect-ratio: 939\/558;\" \/><\/figure>\n<\/div>\n\n\n\n<div class=\"wp-block-column is-layout-flow wp-block-column-is-layout-flow\" style=\"flex-basis:66.66%\">\n<p>Este programa tiene como objetivo identificar las instituciones catalanas que desarrollen tecnolog\u00edas innovadoras y aporten impacto al ecosistema de R+D+I. Esto permite que las pymes y grandes empresas reconozcan los centros tecnol\u00f3gicos y de investigaci\u00f3n de primer nivel catalanes, para facilitar la transferencia de tecnolog\u00eda en productos y servicios.<\/p>\n\n\n\n<p>El sello&nbsp;TECNIO&nbsp;es una oportunidad para los centros tecnol\u00f3gicos para atraer nuevos socios y proveedores, tanto locales como internacionales. El objetivo principal de este programa es fortalecer el ecosistema de innovaci\u00f3n catal\u00e1n.&nbsp;Neteja<\/p>\n<\/div>\n<\/div>\n\n\n\n<div class=\"wp-block-columns is-layout-flex wp-container-core-columns-is-layout-9d6595d7 wp-block-columns-is-layout-flex\">\n<div class=\"wp-block-column is-layout-flow wp-block-column-is-layout-flow\" style=\"flex-basis:100%\">\n<p><\/p>\n<\/div>\n<\/div>\n\n\n\n<figure class=\"wp-block-embed is-type-video is-provider-youtube wp-block-embed-youtube wp-embed-aspect-16-9 wp-has-aspect-ratio\"><div class=\"wp-block-embed__wrapper\">\n<iframe title=\"[TECNIO] Do you want your business to be more competitive?\" width=\"1200\" height=\"675\" data-src=\"https:\/\/www.youtube.com\/embed\/pTEdmRi2TMQ?start=4&#038;feature=oembed\" frameborder=\"0\" allow=\"accelerometer; autoplay; clipboard-write; encrypted-media; gyroscope; picture-in-picture\" allowfullscreen src=\"data:image\/svg+xml;base64,PHN2ZyB3aWR0aD0iMSIgaGVpZ2h0PSIxIiB4bWxucz0iaHR0cDovL3d3dy53My5vcmcvMjAwMC9zdmciPjwvc3ZnPg==\" class=\"lazyload\" data-load-mode=\"1\"><\/iframe>\n<\/div><\/figure>\n\n\n\n<\/div><h2 class=\"tabtitle\">JUNTA DE INNOVACI\u00d3N EMPRESARIAL<\/h2>\n<div class=\"tabcontent\">\n\n\n\n\n<h4 class=\"wp-block-heading\">El Patronato de Innovaci\u00f3n Empresarial del IBEC est\u00e1 formado por expertos de empresas tecnol\u00f3gicas l\u00edderes que ayudan el instituto a configurar sus estrategias de valorizaci\u00f3n y comercializaci\u00f3n de la investigaci\u00f3n y para colaboraciones fruct\u00edferas y eficientes con la industria.<\/h4>\n\n\n\n<figure class=\"wp-block-image size-full is-style-default\"><img decoding=\"async\" width=\"800\" height=\"337\" data-src=\"https:\/\/ibecbarcelona.eu\/wp-content\/uploads\/2019\/12\/businessboardlogos.jpg\" alt=\"\" class=\"wp-image-70031 lazyload\" data-srcset=\"https:\/\/ibecbarcelona.eu\/wp-content\/uploads\/2019\/12\/businessboardlogos.jpg 800w, https:\/\/ibecbarcelona.eu\/wp-content\/uploads\/2019\/12\/businessboardlogos-300x126.jpg 300w, https:\/\/ibecbarcelona.eu\/wp-content\/uploads\/2019\/12\/businessboardlogos-768x324.jpg 768w, https:\/\/ibecbarcelona.eu\/wp-content\/uploads\/2019\/12\/businessboardlogos-150x63.jpg 150w\" data-sizes=\"(max-width: 800px) 100vw, 800px\" src=\"data:image\/svg+xml;base64,PHN2ZyB3aWR0aD0iMSIgaGVpZ2h0PSIxIiB4bWxucz0iaHR0cDovL3d3dy53My5vcmcvMjAwMC9zdmciPjwvc3ZnPg==\" style=\"--smush-placeholder-width: 800px; --smush-placeholder-aspect-ratio: 800\/337;\" \/><\/figure>\n\n\n<\/div><\/div>\n\n\n\n<p><\/p>\n","protected":false},"excerpt":{"rendered":"<p>El IBEC se compromete a convertir los resultados de la investigaci\u00f3n en aplicaciones pr\u00e1cticas, proporcionando soluciones innovadoras a la industria y los hospitales, y tambi\u00e9n a la sociedad. La&nbsp;transferencia de &#8230; <a title=\"Transferencia de tecnolog\u00eda impulsada desde el mercado\" class=\"read-more\" href=\"https:\/\/ibecbarcelona.eu\/es\/industria-y-hospitales\/transferencia-impulsada-desde-el-mercado\" aria-label=\"More on Transferencia de tecnolog\u00eda impulsada desde el mercado\">Read more<\/a><\/p>\n","protected":false},"author":4,"featured_media":94944,"parent":95522,"menu_order":0,"comment_status":"closed","ping_status":"closed","template":"","meta":{"footnotes":""},"tags":[],"class_list":["post-17374","page","type-page","status-publish","has-post-thumbnail"],"yoast_head":"<!-- This site is optimized with the Yoast SEO plugin v27.4 - https:\/\/yoast.com\/product\/yoast-seo-wordpress\/ -->\n<title>Transferencia de tecnolog\u00eda impulsada desde el mercado - Institute for Bioengineering of Catalonia<\/title>\n<meta name=\"robots\" content=\"index, follow, max-snippet:-1, max-image-preview:large, max-video-preview:-1\" \/>\n<link rel=\"canonical\" href=\"https:\/\/ibecbarcelona.eu\/es\/industria-y-hospitales\/transferencia-impulsada-desde-el-mercado\/\" \/>\n<meta property=\"og:locale\" content=\"es_ES\" \/>\n<meta property=\"og:type\" content=\"article\" \/>\n<meta property=\"og:title\" content=\"Transferencia de tecnolog\u00eda impulsada desde el mercado - Institute for Bioengineering of Catalonia\" \/>\n<meta property=\"og:description\" content=\"El IBEC se compromete a convertir los resultados de la investigaci\u00f3n en aplicaciones pr\u00e1cticas, proporcionando soluciones innovadoras a la industria y los hospitales, y tambi\u00e9n a la sociedad. La&nbsp;transferencia de ... Read more\" \/>\n<meta property=\"og:url\" content=\"https:\/\/ibecbarcelona.eu\/es\/industria-y-hospitales\/transferencia-impulsada-desde-el-mercado\/\" \/>\n<meta property=\"og:site_name\" content=\"Institute for Bioengineering of Catalonia\" \/>\n<meta property=\"article:modified_time\" content=\"2025-10-13T07:41:49+00:00\" \/>\n<meta property=\"og:image\" content=\"https:\/\/ibecbarcelona.eu\/wp-content\/uploads\/2022\/07\/4x1_techtransfer-market-driven.jpg\" \/>\n\t<meta property=\"og:image:width\" content=\"2000\" \/>\n\t<meta property=\"og:image:height\" content=\"500\" \/>\n\t<meta property=\"og:image:type\" content=\"image\/jpeg\" \/>\n<meta name=\"twitter:card\" content=\"summary_large_image\" \/>\n<meta name=\"twitter:label1\" content=\"Tiempo de lectura\" \/>\n\t<meta name=\"twitter:data1\" content=\"4 minutos\" \/>\n<script type=\"application\/ld+json\" class=\"yoast-schema-graph\">{\"@context\":\"https:\\\/\\\/schema.org\",\"@graph\":[{\"@type\":\"WebPage\",\"@id\":\"https:\\\/\\\/ibecbarcelona.eu\\\/es\\\/industria-y-hospitales\\\/transferencia-impulsada-desde-el-mercado\\\/\",\"url\":\"https:\\\/\\\/ibecbarcelona.eu\\\/es\\\/industria-y-hospitales\\\/transferencia-impulsada-desde-el-mercado\\\/\",\"name\":\"Transferencia de tecnolog\u00eda impulsada desde el mercado - Institute for Bioengineering of Catalonia\",\"isPartOf\":{\"@id\":\"https:\\\/\\\/ibecbarcelona.eu\\\/#website\"},\"primaryImageOfPage\":{\"@id\":\"https:\\\/\\\/ibecbarcelona.eu\\\/es\\\/industria-y-hospitales\\\/transferencia-impulsada-desde-el-mercado\\\/#primaryimage\"},\"image\":{\"@id\":\"https:\\\/\\\/ibecbarcelona.eu\\\/es\\\/industria-y-hospitales\\\/transferencia-impulsada-desde-el-mercado\\\/#primaryimage\"},\"thumbnailUrl\":\"https:\\\/\\\/ibecbarcelona.eu\\\/wp-content\\\/uploads\\\/2022\\\/07\\\/4x1_techtransfer-market-driven.jpg\",\"datePublished\":\"2014-10-16T09:26:53+00:00\",\"dateModified\":\"2025-10-13T07:41:49+00:00\",\"breadcrumb\":{\"@id\":\"https:\\\/\\\/ibecbarcelona.eu\\\/es\\\/industria-y-hospitales\\\/transferencia-impulsada-desde-el-mercado\\\/#breadcrumb\"},\"inLanguage\":\"es\",\"potentialAction\":[{\"@type\":\"ReadAction\",\"target\":[\"https:\\\/\\\/ibecbarcelona.eu\\\/es\\\/industria-y-hospitales\\\/transferencia-impulsada-desde-el-mercado\\\/\"]}]},{\"@type\":\"ImageObject\",\"inLanguage\":\"es\",\"@id\":\"https:\\\/\\\/ibecbarcelona.eu\\\/es\\\/industria-y-hospitales\\\/transferencia-impulsada-desde-el-mercado\\\/#primaryimage\",\"url\":\"https:\\\/\\\/ibecbarcelona.eu\\\/wp-content\\\/uploads\\\/2022\\\/07\\\/4x1_techtransfer-market-driven.jpg\",\"contentUrl\":\"https:\\\/\\\/ibecbarcelona.eu\\\/wp-content\\\/uploads\\\/2022\\\/07\\\/4x1_techtransfer-market-driven.jpg\",\"width\":2000,\"height\":500},{\"@type\":\"BreadcrumbList\",\"@id\":\"https:\\\/\\\/ibecbarcelona.eu\\\/es\\\/industria-y-hospitales\\\/transferencia-impulsada-desde-el-mercado\\\/#breadcrumb\",\"itemListElement\":[{\"@type\":\"ListItem\",\"position\":1,\"name\":\"Home\",\"item\":\"https:\\\/\\\/ibecbarcelona.eu\\\/es\\\/\"},{\"@type\":\"ListItem\",\"position\":2,\"name\":\"Industria y Hospitales\",\"item\":\"https:\\\/\\\/ibecbarcelona.eu\\\/es\\\/industria-y-hospitales\\\/\"},{\"@type\":\"ListItem\",\"position\":3,\"name\":\"Transferencia de tecnolog\u00eda impulsada desde el mercado\"}]},{\"@type\":\"WebSite\",\"@id\":\"https:\\\/\\\/ibecbarcelona.eu\\\/#website\",\"url\":\"https:\\\/\\\/ibecbarcelona.eu\\\/\",\"name\":\"Institute for Bioengineering of Catalonia\",\"description\":\"Bioengineering solutions for health\",\"publisher\":{\"@id\":\"https:\\\/\\\/ibecbarcelona.eu\\\/#organization\"},\"potentialAction\":[{\"@type\":\"SearchAction\",\"target\":{\"@type\":\"EntryPoint\",\"urlTemplate\":\"https:\\\/\\\/ibecbarcelona.eu\\\/?s={search_term_string}\"},\"query-input\":{\"@type\":\"PropertyValueSpecification\",\"valueRequired\":true,\"valueName\":\"search_term_string\"}}],\"inLanguage\":\"es\"},{\"@type\":\"Organization\",\"@id\":\"https:\\\/\\\/ibecbarcelona.eu\\\/#organization\",\"name\":\"Institute for Bioengineering of Catalonia\",\"url\":\"https:\\\/\\\/ibecbarcelona.eu\\\/\",\"logo\":{\"@type\":\"ImageObject\",\"inLanguage\":\"es\",\"@id\":\"https:\\\/\\\/ibecbarcelona.eu\\\/#\\\/schema\\\/logo\\\/image\\\/\",\"url\":\"https:\\\/\\\/ibecbarcelona.eu\\\/wp-content\\\/uploads\\\/2026\\\/01\\\/cropped-IBEC_20ANYS_GRIS.png\",\"contentUrl\":\"https:\\\/\\\/ibecbarcelona.eu\\\/wp-content\\\/uploads\\\/2026\\\/01\\\/cropped-IBEC_20ANYS_GRIS.png\",\"width\":696,\"height\":257,\"caption\":\"Institute for Bioengineering of Catalonia\"},\"image\":{\"@id\":\"https:\\\/\\\/ibecbarcelona.eu\\\/#\\\/schema\\\/logo\\\/image\\\/\"}}]}<\/script>\n<!-- \/ Yoast SEO plugin. -->","yoast_head_json":{"title":"Transferencia de tecnolog\u00eda impulsada desde el mercado - Institute for Bioengineering of Catalonia","robots":{"index":"index","follow":"follow","max-snippet":"max-snippet:-1","max-image-preview":"max-image-preview:large","max-video-preview":"max-video-preview:-1"},"canonical":"https:\/\/ibecbarcelona.eu\/es\/industria-y-hospitales\/transferencia-impulsada-desde-el-mercado\/","og_locale":"es_ES","og_type":"article","og_title":"Transferencia de tecnolog\u00eda impulsada desde el mercado - Institute for Bioengineering of Catalonia","og_description":"El IBEC se compromete a convertir los resultados de la investigaci\u00f3n en aplicaciones pr\u00e1cticas, proporcionando soluciones innovadoras a la industria y los hospitales, y tambi\u00e9n a la sociedad. La&nbsp;transferencia de ... Read more","og_url":"https:\/\/ibecbarcelona.eu\/es\/industria-y-hospitales\/transferencia-impulsada-desde-el-mercado\/","og_site_name":"Institute for Bioengineering of Catalonia","article_modified_time":"2025-10-13T07:41:49+00:00","og_image":[{"width":2000,"height":500,"url":"https:\/\/ibecbarcelona.eu\/wp-content\/uploads\/2022\/07\/4x1_techtransfer-market-driven.jpg","type":"image\/jpeg"}],"twitter_card":"summary_large_image","twitter_misc":{"Tiempo de lectura":"4 minutos"},"schema":{"@context":"https:\/\/schema.org","@graph":[{"@type":"WebPage","@id":"https:\/\/ibecbarcelona.eu\/es\/industria-y-hospitales\/transferencia-impulsada-desde-el-mercado\/","url":"https:\/\/ibecbarcelona.eu\/es\/industria-y-hospitales\/transferencia-impulsada-desde-el-mercado\/","name":"Transferencia de tecnolog\u00eda impulsada desde el mercado - Institute for Bioengineering of Catalonia","isPartOf":{"@id":"https:\/\/ibecbarcelona.eu\/#website"},"primaryImageOfPage":{"@id":"https:\/\/ibecbarcelona.eu\/es\/industria-y-hospitales\/transferencia-impulsada-desde-el-mercado\/#primaryimage"},"image":{"@id":"https:\/\/ibecbarcelona.eu\/es\/industria-y-hospitales\/transferencia-impulsada-desde-el-mercado\/#primaryimage"},"thumbnailUrl":"https:\/\/ibecbarcelona.eu\/wp-content\/uploads\/2022\/07\/4x1_techtransfer-market-driven.jpg","datePublished":"2014-10-16T09:26:53+00:00","dateModified":"2025-10-13T07:41:49+00:00","breadcrumb":{"@id":"https:\/\/ibecbarcelona.eu\/es\/industria-y-hospitales\/transferencia-impulsada-desde-el-mercado\/#breadcrumb"},"inLanguage":"es","potentialAction":[{"@type":"ReadAction","target":["https:\/\/ibecbarcelona.eu\/es\/industria-y-hospitales\/transferencia-impulsada-desde-el-mercado\/"]}]},{"@type":"ImageObject","inLanguage":"es","@id":"https:\/\/ibecbarcelona.eu\/es\/industria-y-hospitales\/transferencia-impulsada-desde-el-mercado\/#primaryimage","url":"https:\/\/ibecbarcelona.eu\/wp-content\/uploads\/2022\/07\/4x1_techtransfer-market-driven.jpg","contentUrl":"https:\/\/ibecbarcelona.eu\/wp-content\/uploads\/2022\/07\/4x1_techtransfer-market-driven.jpg","width":2000,"height":500},{"@type":"BreadcrumbList","@id":"https:\/\/ibecbarcelona.eu\/es\/industria-y-hospitales\/transferencia-impulsada-desde-el-mercado\/#breadcrumb","itemListElement":[{"@type":"ListItem","position":1,"name":"Home","item":"https:\/\/ibecbarcelona.eu\/es\/"},{"@type":"ListItem","position":2,"name":"Industria y Hospitales","item":"https:\/\/ibecbarcelona.eu\/es\/industria-y-hospitales\/"},{"@type":"ListItem","position":3,"name":"Transferencia de tecnolog\u00eda impulsada desde el mercado"}]},{"@type":"WebSite","@id":"https:\/\/ibecbarcelona.eu\/#website","url":"https:\/\/ibecbarcelona.eu\/","name":"Institute for Bioengineering of Catalonia","description":"Bioengineering solutions for health","publisher":{"@id":"https:\/\/ibecbarcelona.eu\/#organization"},"potentialAction":[{"@type":"SearchAction","target":{"@type":"EntryPoint","urlTemplate":"https:\/\/ibecbarcelona.eu\/?s={search_term_string}"},"query-input":{"@type":"PropertyValueSpecification","valueRequired":true,"valueName":"search_term_string"}}],"inLanguage":"es"},{"@type":"Organization","@id":"https:\/\/ibecbarcelona.eu\/#organization","name":"Institute for Bioengineering of Catalonia","url":"https:\/\/ibecbarcelona.eu\/","logo":{"@type":"ImageObject","inLanguage":"es","@id":"https:\/\/ibecbarcelona.eu\/#\/schema\/logo\/image\/","url":"https:\/\/ibecbarcelona.eu\/wp-content\/uploads\/2026\/01\/cropped-IBEC_20ANYS_GRIS.png","contentUrl":"https:\/\/ibecbarcelona.eu\/wp-content\/uploads\/2026\/01\/cropped-IBEC_20ANYS_GRIS.png","width":696,"height":257,"caption":"Institute for Bioengineering of Catalonia"},"image":{"@id":"https:\/\/ibecbarcelona.eu\/#\/schema\/logo\/image\/"}}]}},"AFP_featured_media_urls":{"full":["https:\/\/ibecbarcelona.eu\/wp-content\/uploads\/2022\/07\/4x1_techtransfer-market-driven.jpg",2000,500,false],"thumbnail":["https:\/\/ibecbarcelona.eu\/wp-content\/uploads\/2022\/07\/4x1_techtransfer-market-driven-150x150.jpg",150,150,true],"medium":["https:\/\/ibecbarcelona.eu\/wp-content\/uploads\/2022\/07\/4x1_techtransfer-market-driven-300x75.jpg",300,75,true],"medium_large":["https:\/\/ibecbarcelona.eu\/wp-content\/uploads\/2022\/07\/4x1_techtransfer-market-driven-768x192.jpg",768,192,true],"large":["https:\/\/ibecbarcelona.eu\/wp-content\/uploads\/2022\/07\/4x1_techtransfer-market-driven-1024x256.jpg",1024,256,true]},"AFP_attachments":{"full":["https:\/\/ibecbarcelona.eu\/wp-content\/uploads\/2025\/10\/segell-acreditacions-entitat-TECNIO-horitzontal.png",939,558,false],"thumbnail":["https:\/\/ibecbarcelona.eu\/wp-content\/uploads\/2025\/10\/segell-acreditacions-entitat-TECNIO-horitzontal-150x150.png",150,150,true],"medium":["https:\/\/ibecbarcelona.eu\/wp-content\/uploads\/2025\/10\/segell-acreditacions-entitat-TECNIO-horitzontal-300x178.png",300,178,true],"medium_large":["https:\/\/ibecbarcelona.eu\/wp-content\/uploads\/2025\/10\/segell-acreditacions-entitat-TECNIO-horitzontal-768x456.png",768,456,true],"large":["https:\/\/ibecbarcelona.eu\/wp-content\/uploads\/2025\/10\/segell-acreditacions-entitat-TECNIO-horitzontal.png",939,558,false]},"AFP_videos":[],"AFP_video_blocks":"","AFP_category_names":[],"_links":{"self":[{"href":"https:\/\/ibecbarcelona.eu\/es\/wp-json\/wp\/v2\/pages\/17374","targetHints":{"allow":["GET"]}}],"collection":[{"href":"https:\/\/ibecbarcelona.eu\/es\/wp-json\/wp\/v2\/pages"}],"about":[{"href":"https:\/\/ibecbarcelona.eu\/es\/wp-json\/wp\/v2\/types\/page"}],"author":[{"embeddable":true,"href":"https:\/\/ibecbarcelona.eu\/es\/wp-json\/wp\/v2\/users\/4"}],"replies":[{"embeddable":true,"href":"https:\/\/ibecbarcelona.eu\/es\/wp-json\/wp\/v2\/comments?post=17374"}],"version-history":[{"count":11,"href":"https:\/\/ibecbarcelona.eu\/es\/wp-json\/wp\/v2\/pages\/17374\/revisions"}],"predecessor-version":[{"id":129040,"href":"https:\/\/ibecbarcelona.eu\/es\/wp-json\/wp\/v2\/pages\/17374\/revisions\/129040"}],"up":[{"embeddable":true,"href":"https:\/\/ibecbarcelona.eu\/es\/wp-json\/wp\/v2\/pages\/95522"}],"wp:featuredmedia":[{"embeddable":true,"href":"https:\/\/ibecbarcelona.eu\/es\/wp-json\/wp\/v2\/media\/94944"}],"wp:attachment":[{"href":"https:\/\/ibecbarcelona.eu\/es\/wp-json\/wp\/v2\/media?parent=17374"}],"wp:term":[{"taxonomy":"post_tag","embeddable":true,"href":"https:\/\/ibecbarcelona.eu\/es\/wp-json\/wp\/v2\/tags?post=17374"}],"curies":[{"name":"wp","href":"https:\/\/api.w.org\/{rel}","templated":true}]}}