
{"id":17382,"date":"2014-08-08T11:10:59","date_gmt":"2014-08-08T09:10:59","guid":{"rendered":"http:\/\/ibecbarcelona.eu\/?page_id=17382"},"modified":"2023-07-13T13:20:57","modified_gmt":"2023-07-13T11:20:57","slug":"colaboraciones-con-la-industria","status":"publish","type":"page","link":"https:\/\/ibecbarcelona.eu\/es\/industria-y-hospitales\/colaboraciones-con-la-industria\/","title":{"rendered":"Colaboraciones con la industria"},"content":{"rendered":"\n<h4 class=\"wp-block-heading\">IBEC trabaja activamente con la industria bajo diferentes marcos de colaboraci\u00f3n, dependiendo de las necesidades e intereses de la empresa.<\/h4>\n\n\n\n<p>Ofrecemos:<\/p>\n\n\n\n<ul class=\"wp-block-list\">\n<li>Investigaci\u00f3n colaborativa e impulsada desde el mercado.<\/li>\n\n\n\n<li>Conexi\u00f3n con nuestro experto acad\u00e9mico a trav\u00e9s de convenios de consultor\u00eda.<\/li>\n\n\n\n<li>Acceso a nuestra infraestructura de investigaci\u00f3n (visite nuestra secci\u00f3n de <a href=\"https:\/\/ibecbarcelona.eu\/es\/corefacilies\/\">Instalaciones principales<\/a>).<\/li>\n\n\n\n<li>Acceso a nuestra Propiedad Intelectual a trav\u00e9s de licencias.<\/li>\n\n\n\n<li>Identificaci\u00f3n de oportunidades de financiaci\u00f3n para apoyar nuestra colaboraci\u00f3n.<\/li>\n<\/ul>\n\n\n\n<p>El IBEC es un centro de investigaci\u00f3n independiente y din\u00e1mico. Nuestros procesos de toma de decisiones son r\u00e1pidos y flexibles gracias a nuestro reducido tama\u00f1o y estructura de gesti\u00f3n sencilla, podemos evolucionar a medida que evolucionan los proyectos y adaptarnos a las necesidades de nuestros colaboradores.<\/p>\n\n\n\n<p>Estas colaboraciones aprovechan al m\u00e1ximo la experiencia interdisciplinaria de los grupos IBEC en varios campos, as\u00ed como nuestro equipo e instalaciones centrales de \u00faltima generaci\u00f3n.<\/p>\n\n\n\n<p>Colaboradores industriales del IBEC:<\/p>\n\n\n\n<p><\/p>\n\n\n\n<div style=\"height:40px\" aria-hidden=\"true\" class=\"wp-block-spacer\"><\/div>\n\n\n\n<div class=\"wp-block-columns are-vertically-aligned-center is-layout-flex wp-container-core-columns-is-layout-9d6595d7 wp-block-columns-is-layout-flex\">\n<div class=\"wp-block-column is-vertically-aligned-center is-layout-flow wp-block-column-is-layout-flow\">\n<figure class=\"wp-block-image size-full\"><img decoding=\"async\" width=\"320\" height=\"112\" data-src=\"https:\/\/ibecbarcelona.eu\/wp-content\/uploads\/2023\/07\/astrea_logo.png\" alt=\"\" class=\"wp-image-109904 lazyload\" data-srcset=\"https:\/\/ibecbarcelona.eu\/wp-content\/uploads\/2023\/07\/astrea_logo.png 320w, https:\/\/ibecbarcelona.eu\/wp-content\/uploads\/2023\/07\/astrea_logo-300x105.png 300w\" data-sizes=\"(max-width: 320px) 100vw, 320px\" src=\"data:image\/svg+xml;base64,PHN2ZyB3aWR0aD0iMSIgaGVpZ2h0PSIxIiB4bWxucz0iaHR0cDovL3d3dy53My5vcmcvMjAwMC9zdmciPjwvc3ZnPg==\" style=\"--smush-placeholder-width: 320px; --smush-placeholder-aspect-ratio: 320\/112;\" \/><\/figure>\n<\/div>\n\n\n\n<div class=\"wp-block-column is-vertically-aligned-center is-layout-flow wp-block-column-is-layout-flow\">\n<figure class=\"wp-block-image size-full\"><img decoding=\"async\" width=\"500\" height=\"111\" data-src=\"https:\/\/ibecbarcelona.eu\/wp-content\/uploads\/2023\/07\/avinent_logo-1.png\" alt=\"\" class=\"wp-image-109908 lazyload\" data-srcset=\"https:\/\/ibecbarcelona.eu\/wp-content\/uploads\/2023\/07\/avinent_logo-1.png 500w, https:\/\/ibecbarcelona.eu\/wp-content\/uploads\/2023\/07\/avinent_logo-1-300x67.png 300w\" data-sizes=\"(max-width: 500px) 100vw, 500px\" src=\"data:image\/svg+xml;base64,PHN2ZyB3aWR0aD0iMSIgaGVpZ2h0PSIxIiB4bWxucz0iaHR0cDovL3d3dy53My5vcmcvMjAwMC9zdmciPjwvc3ZnPg==\" style=\"--smush-placeholder-width: 500px; --smush-placeholder-aspect-ratio: 500\/111;\" \/><\/figure>\n<\/div>\n\n\n\n<div class=\"wp-block-column is-vertically-aligned-center is-layout-flow wp-block-column-is-layout-flow\"><div class=\"wp-block-image\">\n<figure class=\"aligncenter size-medium is-resized\"><img decoding=\"async\" data-src=\"https:\/\/ibecbarcelona.eu\/wp-content\/uploads\/2023\/07\/bsh_logo-300x93.jpeg\" alt=\"\" class=\"wp-image-109911 lazyload\" width=\"120\" data-srcset=\"https:\/\/ibecbarcelona.eu\/wp-content\/uploads\/2023\/07\/bsh_logo-300x93.jpeg 300w, https:\/\/ibecbarcelona.eu\/wp-content\/uploads\/2023\/07\/bsh_logo-768x239.jpeg 768w, https:\/\/ibecbarcelona.eu\/wp-content\/uploads\/2023\/07\/bsh_logo.jpeg 848w\" data-sizes=\"(max-width: 300px) 100vw, 300px\" src=\"data:image\/svg+xml;base64,PHN2ZyB3aWR0aD0iMSIgaGVpZ2h0PSIxIiB4bWxucz0iaHR0cDovL3d3dy53My5vcmcvMjAwMC9zdmciPjwvc3ZnPg==\" style=\"--smush-placeholder-width: 300px; --smush-placeholder-aspect-ratio: 300\/93;\" \/><\/figure><\/div><\/div>\n\n\n\n<div class=\"wp-block-column is-vertically-aligned-center is-layout-flow wp-block-column-is-layout-flow\">\n<figure class=\"wp-block-image size-full\"><img decoding=\"async\" width=\"260\" height=\"72\" data-src=\"https:\/\/ibecbarcelona.eu\/wp-content\/uploads\/2023\/07\/cebiotex_logo.png\" alt=\"\" class=\"wp-image-109914 lazyload\" src=\"data:image\/svg+xml;base64,PHN2ZyB3aWR0aD0iMSIgaGVpZ2h0PSIxIiB4bWxucz0iaHR0cDovL3d3dy53My5vcmcvMjAwMC9zdmciPjwvc3ZnPg==\" style=\"--smush-placeholder-width: 260px; --smush-placeholder-aspect-ratio: 260\/72;\" \/><\/figure>\n<\/div>\n<\/div>\n\n\n\n<div style=\"height:40px\" aria-hidden=\"true\" class=\"wp-block-spacer\"><\/div>\n\n\n\n<div class=\"wp-block-columns are-vertically-aligned-center is-layout-flex wp-container-core-columns-is-layout-9d6595d7 wp-block-columns-is-layout-flex\">\n<div class=\"wp-block-column is-vertically-aligned-center is-layout-flow wp-block-column-is-layout-flow\">\n<figure class=\"wp-block-image size-full is-resized\"><img decoding=\"async\" data-src=\"https:\/\/ibecbarcelona.eu\/wp-content\/uploads\/2023\/07\/dam_logo.png\" alt=\"\" class=\"wp-image-109923 lazyload\" width=\"100\" height=\"109\" src=\"data:image\/svg+xml;base64,PHN2ZyB3aWR0aD0iMSIgaGVpZ2h0PSIxIiB4bWxucz0iaHR0cDovL3d3dy53My5vcmcvMjAwMC9zdmciPjwvc3ZnPg==\" style=\"--smush-placeholder-width: 100px; --smush-placeholder-aspect-ratio: 100\/109;\" \/><\/figure>\n<\/div>\n\n\n\n<div class=\"wp-block-column is-vertically-aligned-center is-layout-flow wp-block-column-is-layout-flow\">\n<figure class=\"wp-block-image size-full\"><img decoding=\"async\" width=\"192\" height=\"112\" data-src=\"https:\/\/ibecbarcelona.eu\/wp-content\/uploads\/2023\/07\/ern_logo.jpeg\" alt=\"\" class=\"wp-image-109926 lazyload\" src=\"data:image\/svg+xml;base64,PHN2ZyB3aWR0aD0iMSIgaGVpZ2h0PSIxIiB4bWxucz0iaHR0cDovL3d3dy53My5vcmcvMjAwMC9zdmciPjwvc3ZnPg==\" style=\"--smush-placeholder-width: 192px; --smush-placeholder-aspect-ratio: 192\/112;\" \/><\/figure>\n<\/div>\n\n\n\n<div class=\"wp-block-column is-vertically-aligned-center is-layout-flow wp-block-column-is-layout-flow\">\n<figure class=\"wp-block-image size-full\"><img decoding=\"async\" width=\"186\" height=\"134\" data-src=\"https:\/\/ibecbarcelona.eu\/wp-content\/uploads\/2023\/07\/novo-nordisk_logo.png\" alt=\"\" class=\"wp-image-109941 lazyload\" src=\"data:image\/svg+xml;base64,PHN2ZyB3aWR0aD0iMSIgaGVpZ2h0PSIxIiB4bWxucz0iaHR0cDovL3d3dy53My5vcmcvMjAwMC9zdmciPjwvc3ZnPg==\" style=\"--smush-placeholder-width: 186px; --smush-placeholder-aspect-ratio: 186\/134;\" \/><\/figure>\n<\/div>\n\n\n\n<div class=\"wp-block-column is-vertically-aligned-center is-layout-flow wp-block-column-is-layout-flow\">\n<figure class=\"wp-block-image size-full is-resized\"><img decoding=\"async\" data-src=\"https:\/\/ibecbarcelona.eu\/wp-content\/uploads\/2023\/07\/garcia-cugat_logo.png\" alt=\"\" class=\"wp-image-109932 lazyload\" width=\"200\" src=\"data:image\/svg+xml;base64,PHN2ZyB3aWR0aD0iMSIgaGVpZ2h0PSIxIiB4bWxucz0iaHR0cDovL3d3dy53My5vcmcvMjAwMC9zdmciPjwvc3ZnPg==\" style=\"--smush-placeholder-width: 236px; --smush-placeholder-aspect-ratio: 236\/188;\" \/><\/figure>\n<\/div>\n\n\n\n<div class=\"wp-block-column is-vertically-aligned-center is-layout-flow wp-block-column-is-layout-flow\">\n<figure class=\"wp-block-image size-full\"><img decoding=\"async\" width=\"216\" height=\"150\" data-src=\"https:\/\/ibecbarcelona.eu\/wp-content\/uploads\/2023\/07\/oxolife_logo.png\" alt=\"\" class=\"wp-image-109947 lazyload\" src=\"data:image\/svg+xml;base64,PHN2ZyB3aWR0aD0iMSIgaGVpZ2h0PSIxIiB4bWxucz0iaHR0cDovL3d3dy53My5vcmcvMjAwMC9zdmciPjwvc3ZnPg==\" style=\"--smush-placeholder-width: 216px; --smush-placeholder-aspect-ratio: 216\/150;\" \/><\/figure>\n<\/div>\n<\/div>\n\n\n\n<div style=\"height:40px\" aria-hidden=\"true\" class=\"wp-block-spacer\"><\/div>\n\n\n\n<div class=\"wp-block-columns are-vertically-aligned-center is-layout-flex wp-container-core-columns-is-layout-9d6595d7 wp-block-columns-is-layout-flex\">\n<div class=\"wp-block-column is-vertically-aligned-center is-layout-flow wp-block-column-is-layout-flow\">\n<figure class=\"wp-block-image size-full is-resized\"><img decoding=\"async\" data-src=\"https:\/\/ibecbarcelona.eu\/wp-content\/uploads\/2023\/07\/lubrizol_logo-1.png\" alt=\"\" class=\"wp-image-109938 lazyload\" width=\"213\" height=\"64\" data-srcset=\"https:\/\/ibecbarcelona.eu\/wp-content\/uploads\/2023\/07\/lubrizol_logo-1.png 409w, https:\/\/ibecbarcelona.eu\/wp-content\/uploads\/2023\/07\/lubrizol_logo-1-300x90.png 300w\" data-sizes=\"(max-width: 213px) 100vw, 213px\" src=\"data:image\/svg+xml;base64,PHN2ZyB3aWR0aD0iMSIgaGVpZ2h0PSIxIiB4bWxucz0iaHR0cDovL3d3dy53My5vcmcvMjAwMC9zdmciPjwvc3ZnPg==\" style=\"--smush-placeholder-width: 213px; --smush-placeholder-aspect-ratio: 213\/64;\" \/><\/figure>\n<\/div>\n\n\n\n<div class=\"wp-block-column is-vertically-aligned-center is-layout-flow wp-block-column-is-layout-flow\">\n<figure class=\"wp-block-image size-full\"><img decoding=\"async\" width=\"565\" height=\"89\" data-src=\"https:\/\/ibecbarcelona.eu\/wp-content\/uploads\/2023\/07\/ficosa_logo.png\" alt=\"\" class=\"wp-image-109929 lazyload\" data-srcset=\"https:\/\/ibecbarcelona.eu\/wp-content\/uploads\/2023\/07\/ficosa_logo.png 565w, https:\/\/ibecbarcelona.eu\/wp-content\/uploads\/2023\/07\/ficosa_logo-300x47.png 300w\" data-sizes=\"(max-width: 565px) 100vw, 565px\" src=\"data:image\/svg+xml;base64,PHN2ZyB3aWR0aD0iMSIgaGVpZ2h0PSIxIiB4bWxucz0iaHR0cDovL3d3dy53My5vcmcvMjAwMC9zdmciPjwvc3ZnPg==\" style=\"--smush-placeholder-width: 565px; --smush-placeholder-aspect-ratio: 565\/89;\" \/><\/figure>\n<\/div>\n\n\n\n<div class=\"wp-block-column is-vertically-aligned-center is-layout-flow wp-block-column-is-layout-flow\">\n<figure class=\"wp-block-image size-full\"><img decoding=\"async\" width=\"545\" height=\"92\" data-src=\"https:\/\/ibecbarcelona.eu\/wp-content\/uploads\/2023\/07\/luxiona_logo.png\" alt=\"\" class=\"wp-image-109944 lazyload\" data-srcset=\"https:\/\/ibecbarcelona.eu\/wp-content\/uploads\/2023\/07\/luxiona_logo.png 545w, https:\/\/ibecbarcelona.eu\/wp-content\/uploads\/2023\/07\/luxiona_logo-300x51.png 300w\" data-sizes=\"(max-width: 545px) 100vw, 545px\" src=\"data:image\/svg+xml;base64,PHN2ZyB3aWR0aD0iMSIgaGVpZ2h0PSIxIiB4bWxucz0iaHR0cDovL3d3dy53My5vcmcvMjAwMC9zdmciPjwvc3ZnPg==\" style=\"--smush-placeholder-width: 545px; --smush-placeholder-aspect-ratio: 545\/92;\" \/><\/figure>\n<\/div>\n\n\n\n<div class=\"wp-block-column is-vertically-aligned-center is-layout-flow wp-block-column-is-layout-flow\">\n<figure class=\"wp-block-image size-full is-resized\"><img decoding=\"async\" data-src=\"https:\/\/ibecbarcelona.eu\/wp-content\/uploads\/2023\/07\/ivf-tech_logo.png\" alt=\"\" class=\"wp-image-109935 lazyload\" width=\"200\" data-srcset=\"https:\/\/ibecbarcelona.eu\/wp-content\/uploads\/2023\/07\/ivf-tech_logo.png 370w, https:\/\/ibecbarcelona.eu\/wp-content\/uploads\/2023\/07\/ivf-tech_logo-300x83.png 300w\" data-sizes=\"(max-width: 370px) 100vw, 370px\" src=\"data:image\/svg+xml;base64,PHN2ZyB3aWR0aD0iMSIgaGVpZ2h0PSIxIiB4bWxucz0iaHR0cDovL3d3dy53My5vcmcvMjAwMC9zdmciPjwvc3ZnPg==\" style=\"--smush-placeholder-width: 370px; --smush-placeholder-aspect-ratio: 370\/102;\" \/><\/figure>\n<\/div>\n<\/div>\n\n\n\n<div style=\"height:40px\" aria-hidden=\"true\" class=\"wp-block-spacer\"><\/div>\n","protected":false},"excerpt":{"rendered":"<p>IBEC trabaja activamente con la industria bajo diferentes marcos de colaboraci\u00f3n, dependiendo de las necesidades e intereses de la empresa. Ofrecemos: El IBEC es un centro de investigaci\u00f3n independiente y &#8230; <a title=\"Colaboraciones con la industria\" class=\"read-more\" href=\"https:\/\/ibecbarcelona.eu\/es\/industria-y-hospitales\/colaboraciones-con-la-industria\/\" aria-label=\"More on Colaboraciones con la industria\">Read more<\/a><\/p>\n","protected":false},"author":4,"featured_media":92151,"parent":95522,"menu_order":0,"comment_status":"closed","ping_status":"closed","template":"","meta":{"footnotes":""},"tags":[],"class_list":["post-17382","page","type-page","status-publish","has-post-thumbnail"],"yoast_head":"<!-- This site is optimized with the Yoast SEO plugin v27.4 - https:\/\/yoast.com\/product\/yoast-seo-wordpress\/ -->\n<title>Colaboraciones con la industria - Institute for Bioengineering of Catalonia<\/title>\n<meta name=\"description\" content=\"IBEC trabaja activamente con la industria bajo diferentes marcos de colaboraci\u00f3n, dependiendo de las necesidades e intereses de la empresa.\" \/>\n<meta name=\"robots\" content=\"index, follow, max-snippet:-1, max-image-preview:large, max-video-preview:-1\" \/>\n<link rel=\"canonical\" href=\"https:\/\/ibecbarcelona.eu\/es\/industria-y-hospitales\/colaboraciones-con-la-industria\/\" \/>\n<meta property=\"og:locale\" content=\"es_ES\" \/>\n<meta property=\"og:type\" content=\"article\" \/>\n<meta property=\"og:title\" content=\"Colaboraciones con la industria - Institute for Bioengineering of Catalonia\" \/>\n<meta property=\"og:description\" content=\"IBEC trabaja activamente con la industria bajo diferentes marcos de colaboraci\u00f3n, dependiendo de las necesidades e intereses de la empresa.\" \/>\n<meta property=\"og:url\" content=\"https:\/\/ibecbarcelona.eu\/es\/industria-y-hospitales\/colaboraciones-con-la-industria\/\" \/>\n<meta property=\"og:site_name\" content=\"Institute for Bioengineering of Catalonia\" \/>\n<meta property=\"article:modified_time\" content=\"2023-07-13T11:20:57+00:00\" \/>\n<meta property=\"og:image\" content=\"https:\/\/ibecbarcelona.eu\/wp-content\/uploads\/2022\/03\/industrial-collaborations_banner.jpg\" \/>\n\t<meta property=\"og:image:width\" content=\"2000\" \/>\n\t<meta property=\"og:image:height\" content=\"500\" \/>\n\t<meta property=\"og:image:type\" content=\"image\/jpeg\" \/>\n<meta name=\"twitter:card\" content=\"summary_large_image\" \/>\n<meta name=\"twitter:label1\" content=\"Tiempo de lectura\" \/>\n\t<meta name=\"twitter:data1\" content=\"4 minutos\" \/>\n<script type=\"application\/ld+json\" class=\"yoast-schema-graph\">{\"@context\":\"https:\\\/\\\/schema.org\",\"@graph\":[{\"@type\":\"WebPage\",\"@id\":\"https:\\\/\\\/ibecbarcelona.eu\\\/es\\\/industria-y-hospitales\\\/colaboraciones-con-la-industria\\\/\",\"url\":\"https:\\\/\\\/ibecbarcelona.eu\\\/es\\\/industria-y-hospitales\\\/colaboraciones-con-la-industria\\\/\",\"name\":\"Colaboraciones con la industria - Institute for Bioengineering of Catalonia\",\"isPartOf\":{\"@id\":\"https:\\\/\\\/ibecbarcelona.eu\\\/#website\"},\"primaryImageOfPage\":{\"@id\":\"https:\\\/\\\/ibecbarcelona.eu\\\/es\\\/industria-y-hospitales\\\/colaboraciones-con-la-industria\\\/#primaryimage\"},\"image\":{\"@id\":\"https:\\\/\\\/ibecbarcelona.eu\\\/es\\\/industria-y-hospitales\\\/colaboraciones-con-la-industria\\\/#primaryimage\"},\"thumbnailUrl\":\"https:\\\/\\\/ibecbarcelona.eu\\\/wp-content\\\/uploads\\\/2022\\\/03\\\/industrial-collaborations_banner.jpg\",\"datePublished\":\"2014-08-08T09:10:59+00:00\",\"dateModified\":\"2023-07-13T11:20:57+00:00\",\"description\":\"IBEC trabaja activamente con la industria bajo diferentes marcos de colaboraci\u00f3n, dependiendo de las necesidades e intereses de la empresa.\",\"breadcrumb\":{\"@id\":\"https:\\\/\\\/ibecbarcelona.eu\\\/es\\\/industria-y-hospitales\\\/colaboraciones-con-la-industria\\\/#breadcrumb\"},\"inLanguage\":\"es\",\"potentialAction\":[{\"@type\":\"ReadAction\",\"target\":[\"https:\\\/\\\/ibecbarcelona.eu\\\/es\\\/industria-y-hospitales\\\/colaboraciones-con-la-industria\\\/\"]}]},{\"@type\":\"ImageObject\",\"inLanguage\":\"es\",\"@id\":\"https:\\\/\\\/ibecbarcelona.eu\\\/es\\\/industria-y-hospitales\\\/colaboraciones-con-la-industria\\\/#primaryimage\",\"url\":\"https:\\\/\\\/ibecbarcelona.eu\\\/wp-content\\\/uploads\\\/2022\\\/03\\\/industrial-collaborations_banner.jpg\",\"contentUrl\":\"https:\\\/\\\/ibecbarcelona.eu\\\/wp-content\\\/uploads\\\/2022\\\/03\\\/industrial-collaborations_banner.jpg\",\"width\":2000,\"height\":500},{\"@type\":\"BreadcrumbList\",\"@id\":\"https:\\\/\\\/ibecbarcelona.eu\\\/es\\\/industria-y-hospitales\\\/colaboraciones-con-la-industria\\\/#breadcrumb\",\"itemListElement\":[{\"@type\":\"ListItem\",\"position\":1,\"name\":\"Home\",\"item\":\"https:\\\/\\\/ibecbarcelona.eu\\\/es\\\/\"},{\"@type\":\"ListItem\",\"position\":2,\"name\":\"Industria y Hospitales\",\"item\":\"https:\\\/\\\/ibecbarcelona.eu\\\/es\\\/industria-y-hospitales\\\/\"},{\"@type\":\"ListItem\",\"position\":3,\"name\":\"Colaboraciones con la industria\"}]},{\"@type\":\"WebSite\",\"@id\":\"https:\\\/\\\/ibecbarcelona.eu\\\/#website\",\"url\":\"https:\\\/\\\/ibecbarcelona.eu\\\/\",\"name\":\"Institute for Bioengineering of Catalonia\",\"description\":\"Bioengineering solutions for health\",\"publisher\":{\"@id\":\"https:\\\/\\\/ibecbarcelona.eu\\\/#organization\"},\"potentialAction\":[{\"@type\":\"SearchAction\",\"target\":{\"@type\":\"EntryPoint\",\"urlTemplate\":\"https:\\\/\\\/ibecbarcelona.eu\\\/?s={search_term_string}\"},\"query-input\":{\"@type\":\"PropertyValueSpecification\",\"valueRequired\":true,\"valueName\":\"search_term_string\"}}],\"inLanguage\":\"es\"},{\"@type\":\"Organization\",\"@id\":\"https:\\\/\\\/ibecbarcelona.eu\\\/#organization\",\"name\":\"Institute for Bioengineering of Catalonia\",\"url\":\"https:\\\/\\\/ibecbarcelona.eu\\\/\",\"logo\":{\"@type\":\"ImageObject\",\"inLanguage\":\"es\",\"@id\":\"https:\\\/\\\/ibecbarcelona.eu\\\/#\\\/schema\\\/logo\\\/image\\\/\",\"url\":\"https:\\\/\\\/ibecbarcelona.eu\\\/wp-content\\\/uploads\\\/2026\\\/01\\\/cropped-IBEC_20ANYS_GRIS.png\",\"contentUrl\":\"https:\\\/\\\/ibecbarcelona.eu\\\/wp-content\\\/uploads\\\/2026\\\/01\\\/cropped-IBEC_20ANYS_GRIS.png\",\"width\":696,\"height\":257,\"caption\":\"Institute for Bioengineering of Catalonia\"},\"image\":{\"@id\":\"https:\\\/\\\/ibecbarcelona.eu\\\/#\\\/schema\\\/logo\\\/image\\\/\"}}]}<\/script>\n<!-- \/ Yoast SEO plugin. -->","yoast_head_json":{"title":"Colaboraciones con la industria - Institute for Bioengineering of Catalonia","description":"IBEC trabaja activamente con la industria bajo diferentes marcos de colaboraci\u00f3n, dependiendo de las necesidades e intereses de la empresa.","robots":{"index":"index","follow":"follow","max-snippet":"max-snippet:-1","max-image-preview":"max-image-preview:large","max-video-preview":"max-video-preview:-1"},"canonical":"https:\/\/ibecbarcelona.eu\/es\/industria-y-hospitales\/colaboraciones-con-la-industria\/","og_locale":"es_ES","og_type":"article","og_title":"Colaboraciones con la industria - Institute for Bioengineering of Catalonia","og_description":"IBEC trabaja activamente con la industria bajo diferentes marcos de colaboraci\u00f3n, dependiendo de las necesidades e intereses de la empresa.","og_url":"https:\/\/ibecbarcelona.eu\/es\/industria-y-hospitales\/colaboraciones-con-la-industria\/","og_site_name":"Institute for Bioengineering of Catalonia","article_modified_time":"2023-07-13T11:20:57+00:00","og_image":[{"width":2000,"height":500,"url":"https:\/\/ibecbarcelona.eu\/wp-content\/uploads\/2022\/03\/industrial-collaborations_banner.jpg","type":"image\/jpeg"}],"twitter_card":"summary_large_image","twitter_misc":{"Tiempo de lectura":"4 minutos"},"schema":{"@context":"https:\/\/schema.org","@graph":[{"@type":"WebPage","@id":"https:\/\/ibecbarcelona.eu\/es\/industria-y-hospitales\/colaboraciones-con-la-industria\/","url":"https:\/\/ibecbarcelona.eu\/es\/industria-y-hospitales\/colaboraciones-con-la-industria\/","name":"Colaboraciones con la industria - Institute for Bioengineering of Catalonia","isPartOf":{"@id":"https:\/\/ibecbarcelona.eu\/#website"},"primaryImageOfPage":{"@id":"https:\/\/ibecbarcelona.eu\/es\/industria-y-hospitales\/colaboraciones-con-la-industria\/#primaryimage"},"image":{"@id":"https:\/\/ibecbarcelona.eu\/es\/industria-y-hospitales\/colaboraciones-con-la-industria\/#primaryimage"},"thumbnailUrl":"https:\/\/ibecbarcelona.eu\/wp-content\/uploads\/2022\/03\/industrial-collaborations_banner.jpg","datePublished":"2014-08-08T09:10:59+00:00","dateModified":"2023-07-13T11:20:57+00:00","description":"IBEC trabaja activamente con la industria bajo diferentes marcos de colaboraci\u00f3n, dependiendo de las necesidades e intereses de la empresa.","breadcrumb":{"@id":"https:\/\/ibecbarcelona.eu\/es\/industria-y-hospitales\/colaboraciones-con-la-industria\/#breadcrumb"},"inLanguage":"es","potentialAction":[{"@type":"ReadAction","target":["https:\/\/ibecbarcelona.eu\/es\/industria-y-hospitales\/colaboraciones-con-la-industria\/"]}]},{"@type":"ImageObject","inLanguage":"es","@id":"https:\/\/ibecbarcelona.eu\/es\/industria-y-hospitales\/colaboraciones-con-la-industria\/#primaryimage","url":"https:\/\/ibecbarcelona.eu\/wp-content\/uploads\/2022\/03\/industrial-collaborations_banner.jpg","contentUrl":"https:\/\/ibecbarcelona.eu\/wp-content\/uploads\/2022\/03\/industrial-collaborations_banner.jpg","width":2000,"height":500},{"@type":"BreadcrumbList","@id":"https:\/\/ibecbarcelona.eu\/es\/industria-y-hospitales\/colaboraciones-con-la-industria\/#breadcrumb","itemListElement":[{"@type":"ListItem","position":1,"name":"Home","item":"https:\/\/ibecbarcelona.eu\/es\/"},{"@type":"ListItem","position":2,"name":"Industria y Hospitales","item":"https:\/\/ibecbarcelona.eu\/es\/industria-y-hospitales\/"},{"@type":"ListItem","position":3,"name":"Colaboraciones con la industria"}]},{"@type":"WebSite","@id":"https:\/\/ibecbarcelona.eu\/#website","url":"https:\/\/ibecbarcelona.eu\/","name":"Institute for Bioengineering of Catalonia","description":"Bioengineering solutions for health","publisher":{"@id":"https:\/\/ibecbarcelona.eu\/#organization"},"potentialAction":[{"@type":"SearchAction","target":{"@type":"EntryPoint","urlTemplate":"https:\/\/ibecbarcelona.eu\/?s={search_term_string}"},"query-input":{"@type":"PropertyValueSpecification","valueRequired":true,"valueName":"search_term_string"}}],"inLanguage":"es"},{"@type":"Organization","@id":"https:\/\/ibecbarcelona.eu\/#organization","name":"Institute for Bioengineering of Catalonia","url":"https:\/\/ibecbarcelona.eu\/","logo":{"@type":"ImageObject","inLanguage":"es","@id":"https:\/\/ibecbarcelona.eu\/#\/schema\/logo\/image\/","url":"https:\/\/ibecbarcelona.eu\/wp-content\/uploads\/2026\/01\/cropped-IBEC_20ANYS_GRIS.png","contentUrl":"https:\/\/ibecbarcelona.eu\/wp-content\/uploads\/2026\/01\/cropped-IBEC_20ANYS_GRIS.png","width":696,"height":257,"caption":"Institute for Bioengineering of Catalonia"},"image":{"@id":"https:\/\/ibecbarcelona.eu\/#\/schema\/logo\/image\/"}}]}},"AFP_featured_media_urls":{"full":["https:\/\/ibecbarcelona.eu\/wp-content\/uploads\/2022\/03\/industrial-collaborations_banner.jpg",2000,500,false],"thumbnail":["https:\/\/ibecbarcelona.eu\/wp-content\/uploads\/2022\/03\/industrial-collaborations_banner-150x150.jpg",150,150,true],"medium":["https:\/\/ibecbarcelona.eu\/wp-content\/uploads\/2022\/03\/industrial-collaborations_banner-300x75.jpg",300,75,true],"medium_large":["https:\/\/ibecbarcelona.eu\/wp-content\/uploads\/2022\/03\/industrial-collaborations_banner-768x192.jpg",768,192,true],"large":["https:\/\/ibecbarcelona.eu\/wp-content\/uploads\/2022\/03\/industrial-collaborations_banner-1024x256.jpg",1024,256,true]},"AFP_attachments":{"full":["https:\/\/ibecbarcelona.eu\/wp-content\/uploads\/2022\/04\/industrial-collaborations-logos.jpg",880,400,false],"thumbnail":["https:\/\/ibecbarcelona.eu\/wp-content\/uploads\/2022\/04\/industrial-collaborations-logos-150x150.jpg",150,150,true],"medium":["https:\/\/ibecbarcelona.eu\/wp-content\/uploads\/2022\/04\/industrial-collaborations-logos-300x136.jpg",300,136,true],"medium_large":["https:\/\/ibecbarcelona.eu\/wp-content\/uploads\/2022\/04\/industrial-collaborations-logos-768x349.jpg",768,349,true],"large":["https:\/\/ibecbarcelona.eu\/wp-content\/uploads\/2022\/04\/industrial-collaborations-logos.jpg",880,400,false]},"AFP_videos":[],"AFP_video_blocks":"","AFP_category_names":[],"_links":{"self":[{"href":"https:\/\/ibecbarcelona.eu\/es\/wp-json\/wp\/v2\/pages\/17382","targetHints":{"allow":["GET"]}}],"collection":[{"href":"https:\/\/ibecbarcelona.eu\/es\/wp-json\/wp\/v2\/pages"}],"about":[{"href":"https:\/\/ibecbarcelona.eu\/es\/wp-json\/wp\/v2\/types\/page"}],"author":[{"embeddable":true,"href":"https:\/\/ibecbarcelona.eu\/es\/wp-json\/wp\/v2\/users\/4"}],"replies":[{"embeddable":true,"href":"https:\/\/ibecbarcelona.eu\/es\/wp-json\/wp\/v2\/comments?post=17382"}],"version-history":[{"count":7,"href":"https:\/\/ibecbarcelona.eu\/es\/wp-json\/wp\/v2\/pages\/17382\/revisions"}],"predecessor-version":[{"id":109984,"href":"https:\/\/ibecbarcelona.eu\/es\/wp-json\/wp\/v2\/pages\/17382\/revisions\/109984"}],"up":[{"embeddable":true,"href":"https:\/\/ibecbarcelona.eu\/es\/wp-json\/wp\/v2\/pages\/95522"}],"wp:featuredmedia":[{"embeddable":true,"href":"https:\/\/ibecbarcelona.eu\/es\/wp-json\/wp\/v2\/media\/92151"}],"wp:attachment":[{"href":"https:\/\/ibecbarcelona.eu\/es\/wp-json\/wp\/v2\/media?parent=17382"}],"wp:term":[{"taxonomy":"post_tag","embeddable":true,"href":"https:\/\/ibecbarcelona.eu\/es\/wp-json\/wp\/v2\/tags?post=17382"}],"curies":[{"name":"wp","href":"https:\/\/api.w.org\/{rel}","templated":true}]}}