
{"id":17485,"date":"2014-08-11T09:13:29","date_gmt":"2014-08-11T07:13:29","guid":{"rendered":"http:\/\/ibecbarcelona.eu\/?page_id=17485"},"modified":"2025-12-17T12:12:05","modified_gmt":"2025-12-17T11:12:05","slug":"publications","status":"publish","type":"page","link":"https:\/\/ibecbarcelona.eu\/es\/investigacion\/publicaciones","title":{"rendered":"Publicaciones"},"content":{"rendered":"\n<pre class=\"wp-block-preformatted\"><a href=\"https:\/\/outputs.ibecbarcelona.eu\/es\/\" target=\"_blank\" rel=\"noreferrer noopener\">Acceder al portal de producci\u00f3n cient\u00edfica del IBEC<\/a> (<strong>IBEC CRIS<\/strong>), para <strong>informaci\u00f3n m\u00e1s detallada<\/strong> y funciones de<strong> b\u00fasqueda<\/strong> <strong>avanzada<\/strong>.<br><br>Aqu\u00ed encontrar\u00e9is la lista de todas las publicaciones del IBEC por a\u00f1os.<\/pre>\n\n\n<p style='margin-top: 30px; margin-bottom: 40px;'>By year:<br \/>[ <a href='\/for-researchers\/publications\/?any=2027'>2027<\/a> | <a href='\/for-researchers\/publications\/?any=2026'>2026<\/a> | <a href='\/for-researchers\/publications\/?any=2025'>2025<\/a> | <a href='\/for-researchers\/publications\/?any=2024'>2024<\/a> | <a href='\/for-researchers\/publications\/?any=2023'>2023<\/a> | <a href='\/for-researchers\/publications\/?any=2022'>2022<\/a> | <a href='\/for-researchers\/publications\/?any=2021'>2021<\/a> | <a href='\/for-researchers\/publications\/?any=2020'>2020<\/a> | <a href='\/for-researchers\/publications\/?any=2019'>2019<\/a> | <a href='\/for-researchers\/publications\/?any=2018'>2018<\/a> | <a href='\/for-researchers\/publications\/?any=2017'>2017<\/a> | <a href='\/for-researchers\/publications\/?any=2016'>2016<\/a> | <a href='\/for-researchers\/publications\/?any=2015'>2015<\/a> | <a href='\/for-researchers\/publications\/?any=2014'>2014<\/a> | <a href='\/for-researchers\/publications\/?any=2013'>2013<\/a> | <a href='\/for-researchers\/publications\/?any=2012'>2012<\/a> | <a href='\/for-researchers\/publications\/?any=2011'>2011<\/a> | <a href='\/for-researchers\/publications\/?any=2010'>2010<\/a> | <a href='\/for-researchers\/publications\/?any=2009'>2009<\/a> | <a href='\/for-researchers\/publications\/?any=2008'>2008<\/a> | <a href='\/for-researchers\/publications\/?any=2007'>2007<\/a> | <a href='\/for-researchers\/publications\/?any=2006'>2006<\/a> | <a href='\/for-researchers\/publications\/?any=2005'>2005<\/a> ]<\/p><hr><h4>Year 2026<\/h4><script> document.title = '2026 - ' + document.title<\/script><div class=\"loadpubs\"><\/div><script>\n                var url=\"https:\/\/ibecbarcelona.eu\/wp-content\/plugins\/ibec\/pubs\/2026.html\";\n                jQuery(document).ready(function(){\n                    \n                        jQuery(\".loadpubs\").load(url);\n                    \n                });\n                <\/script>\n\n\n\n<p><\/p>\n","protected":false},"excerpt":{"rendered":"<p>Acceder al portal de producci\u00f3n cient\u00edfica del IBEC (IBEC CRIS), para informaci\u00f3n m\u00e1s detallada y funciones de b\u00fasqueda avanzada.Aqu\u00ed encontrar\u00e9is la lista de todas las publicaciones del IBEC por a\u00f1os.<\/p>\n","protected":false},"author":4,"featured_media":94777,"parent":17497,"menu_order":0,"comment_status":"closed","ping_status":"closed","template":"","meta":{"footnotes":""},"tags":[],"class_list":["post-17485","page","type-page","status-publish","has-post-thumbnail"],"yoast_head":"<!-- This site is optimized with the Yoast SEO plugin v27.3 - https:\/\/yoast.com\/product\/yoast-seo-wordpress\/ -->\n<title>Publicaciones - Institute for Bioengineering of Catalonia<\/title>\n<meta name=\"robots\" content=\"index, follow, max-snippet:-1, max-image-preview:large, max-video-preview:-1\" \/>\n<link rel=\"canonical\" href=\"https:\/\/ibecbarcelona.eu\/es\/investigacion\/publicaciones\/\" \/>\n<meta property=\"og:locale\" content=\"es_ES\" \/>\n<meta property=\"og:type\" content=\"article\" \/>\n<meta property=\"og:title\" content=\"Publicaciones - Institute for Bioengineering of Catalonia\" \/>\n<meta property=\"og:description\" content=\"Acceder al portal de producci\u00f3n cient\u00edfica del IBEC (IBEC CRIS), para informaci\u00f3n m\u00e1s detallada y funciones de b\u00fasqueda avanzada.Aqu\u00ed encontrar\u00e9is la lista de todas las publicaciones del IBEC por a\u00f1os.\" \/>\n<meta property=\"og:url\" content=\"https:\/\/ibecbarcelona.eu\/es\/investigacion\/publicaciones\/\" \/>\n<meta property=\"og:site_name\" content=\"Institute for Bioengineering of Catalonia\" \/>\n<meta property=\"article:modified_time\" content=\"2025-12-17T11:12:05+00:00\" \/>\n<meta property=\"og:image\" content=\"https:\/\/ibecbarcelona.eu\/wp-content\/uploads\/2022\/07\/publications_20x5.jpg\" \/>\n\t<meta property=\"og:image:width\" content=\"2000\" \/>\n\t<meta property=\"og:image:height\" content=\"502\" \/>\n\t<meta property=\"og:image:type\" content=\"image\/jpeg\" \/>\n<meta name=\"twitter:card\" content=\"summary_large_image\" \/>\n<meta name=\"twitter:label1\" content=\"Tiempo de lectura\" \/>\n\t<meta name=\"twitter:data1\" content=\"1 minuto\" \/>\n<script type=\"application\/ld+json\" class=\"yoast-schema-graph\">{\"@context\":\"https:\\\/\\\/schema.org\",\"@graph\":[{\"@type\":\"WebPage\",\"@id\":\"https:\\\/\\\/ibecbarcelona.eu\\\/es\\\/investigacion\\\/publicaciones\\\/\",\"url\":\"https:\\\/\\\/ibecbarcelona.eu\\\/es\\\/investigacion\\\/publicaciones\\\/\",\"name\":\"Publicaciones - Institute for Bioengineering of Catalonia\",\"isPartOf\":{\"@id\":\"https:\\\/\\\/ibecbarcelona.eu\\\/#website\"},\"primaryImageOfPage\":{\"@id\":\"https:\\\/\\\/ibecbarcelona.eu\\\/es\\\/investigacion\\\/publicaciones\\\/#primaryimage\"},\"image\":{\"@id\":\"https:\\\/\\\/ibecbarcelona.eu\\\/es\\\/investigacion\\\/publicaciones\\\/#primaryimage\"},\"thumbnailUrl\":\"https:\\\/\\\/ibecbarcelona.eu\\\/wp-content\\\/uploads\\\/2022\\\/07\\\/publications_20x5.jpg\",\"datePublished\":\"2014-08-11T07:13:29+00:00\",\"dateModified\":\"2025-12-17T11:12:05+00:00\",\"breadcrumb\":{\"@id\":\"https:\\\/\\\/ibecbarcelona.eu\\\/es\\\/investigacion\\\/publicaciones\\\/#breadcrumb\"},\"inLanguage\":\"es\",\"potentialAction\":[{\"@type\":\"ReadAction\",\"target\":[\"https:\\\/\\\/ibecbarcelona.eu\\\/es\\\/investigacion\\\/publicaciones\\\/\"]}]},{\"@type\":\"ImageObject\",\"inLanguage\":\"es\",\"@id\":\"https:\\\/\\\/ibecbarcelona.eu\\\/es\\\/investigacion\\\/publicaciones\\\/#primaryimage\",\"url\":\"https:\\\/\\\/ibecbarcelona.eu\\\/wp-content\\\/uploads\\\/2022\\\/07\\\/publications_20x5.jpg\",\"contentUrl\":\"https:\\\/\\\/ibecbarcelona.eu\\\/wp-content\\\/uploads\\\/2022\\\/07\\\/publications_20x5.jpg\",\"width\":2000,\"height\":502},{\"@type\":\"BreadcrumbList\",\"@id\":\"https:\\\/\\\/ibecbarcelona.eu\\\/es\\\/investigacion\\\/publicaciones\\\/#breadcrumb\",\"itemListElement\":[{\"@type\":\"ListItem\",\"position\":1,\"name\":\"Home\",\"item\":\"https:\\\/\\\/ibecbarcelona.eu\\\/es\\\/\"},{\"@type\":\"ListItem\",\"position\":2,\"name\":\"Research\",\"item\":\"https:\\\/\\\/ibecbarcelona.eu\\\/es\\\/investigacion\\\/\"},{\"@type\":\"ListItem\",\"position\":3,\"name\":\"Publicaciones\"}]},{\"@type\":\"WebSite\",\"@id\":\"https:\\\/\\\/ibecbarcelona.eu\\\/#website\",\"url\":\"https:\\\/\\\/ibecbarcelona.eu\\\/\",\"name\":\"Institute for Bioengineering of Catalonia\",\"description\":\"Bioengineering solutions for health\",\"publisher\":{\"@id\":\"https:\\\/\\\/ibecbarcelona.eu\\\/#organization\"},\"potentialAction\":[{\"@type\":\"SearchAction\",\"target\":{\"@type\":\"EntryPoint\",\"urlTemplate\":\"https:\\\/\\\/ibecbarcelona.eu\\\/?s={search_term_string}\"},\"query-input\":{\"@type\":\"PropertyValueSpecification\",\"valueRequired\":true,\"valueName\":\"search_term_string\"}}],\"inLanguage\":\"es\"},{\"@type\":\"Organization\",\"@id\":\"https:\\\/\\\/ibecbarcelona.eu\\\/#organization\",\"name\":\"Institute for Bioengineering of Catalonia\",\"url\":\"https:\\\/\\\/ibecbarcelona.eu\\\/\",\"logo\":{\"@type\":\"ImageObject\",\"inLanguage\":\"es\",\"@id\":\"https:\\\/\\\/ibecbarcelona.eu\\\/#\\\/schema\\\/logo\\\/image\\\/\",\"url\":\"https:\\\/\\\/ibecbarcelona.eu\\\/wp-content\\\/uploads\\\/2026\\\/01\\\/cropped-IBEC_20ANYS_GRIS.png\",\"contentUrl\":\"https:\\\/\\\/ibecbarcelona.eu\\\/wp-content\\\/uploads\\\/2026\\\/01\\\/cropped-IBEC_20ANYS_GRIS.png\",\"width\":696,\"height\":257,\"caption\":\"Institute for Bioengineering of Catalonia\"},\"image\":{\"@id\":\"https:\\\/\\\/ibecbarcelona.eu\\\/#\\\/schema\\\/logo\\\/image\\\/\"}}]}<\/script>\n<!-- \/ Yoast SEO plugin. -->","yoast_head_json":{"title":"Publicaciones - Institute for Bioengineering of Catalonia","robots":{"index":"index","follow":"follow","max-snippet":"max-snippet:-1","max-image-preview":"max-image-preview:large","max-video-preview":"max-video-preview:-1"},"canonical":"https:\/\/ibecbarcelona.eu\/es\/investigacion\/publicaciones\/","og_locale":"es_ES","og_type":"article","og_title":"Publicaciones - Institute for Bioengineering of Catalonia","og_description":"Acceder al portal de producci\u00f3n cient\u00edfica del IBEC (IBEC CRIS), para informaci\u00f3n m\u00e1s detallada y funciones de b\u00fasqueda avanzada.Aqu\u00ed encontrar\u00e9is la lista de todas las publicaciones del IBEC por a\u00f1os.","og_url":"https:\/\/ibecbarcelona.eu\/es\/investigacion\/publicaciones\/","og_site_name":"Institute for Bioengineering of Catalonia","article_modified_time":"2025-12-17T11:12:05+00:00","og_image":[{"width":2000,"height":502,"url":"https:\/\/ibecbarcelona.eu\/wp-content\/uploads\/2022\/07\/publications_20x5.jpg","type":"image\/jpeg"}],"twitter_card":"summary_large_image","twitter_misc":{"Tiempo de lectura":"1 minuto"},"schema":{"@context":"https:\/\/schema.org","@graph":[{"@type":"WebPage","@id":"https:\/\/ibecbarcelona.eu\/es\/investigacion\/publicaciones\/","url":"https:\/\/ibecbarcelona.eu\/es\/investigacion\/publicaciones\/","name":"Publicaciones - Institute for Bioengineering of Catalonia","isPartOf":{"@id":"https:\/\/ibecbarcelona.eu\/#website"},"primaryImageOfPage":{"@id":"https:\/\/ibecbarcelona.eu\/es\/investigacion\/publicaciones\/#primaryimage"},"image":{"@id":"https:\/\/ibecbarcelona.eu\/es\/investigacion\/publicaciones\/#primaryimage"},"thumbnailUrl":"https:\/\/ibecbarcelona.eu\/wp-content\/uploads\/2022\/07\/publications_20x5.jpg","datePublished":"2014-08-11T07:13:29+00:00","dateModified":"2025-12-17T11:12:05+00:00","breadcrumb":{"@id":"https:\/\/ibecbarcelona.eu\/es\/investigacion\/publicaciones\/#breadcrumb"},"inLanguage":"es","potentialAction":[{"@type":"ReadAction","target":["https:\/\/ibecbarcelona.eu\/es\/investigacion\/publicaciones\/"]}]},{"@type":"ImageObject","inLanguage":"es","@id":"https:\/\/ibecbarcelona.eu\/es\/investigacion\/publicaciones\/#primaryimage","url":"https:\/\/ibecbarcelona.eu\/wp-content\/uploads\/2022\/07\/publications_20x5.jpg","contentUrl":"https:\/\/ibecbarcelona.eu\/wp-content\/uploads\/2022\/07\/publications_20x5.jpg","width":2000,"height":502},{"@type":"BreadcrumbList","@id":"https:\/\/ibecbarcelona.eu\/es\/investigacion\/publicaciones\/#breadcrumb","itemListElement":[{"@type":"ListItem","position":1,"name":"Home","item":"https:\/\/ibecbarcelona.eu\/es\/"},{"@type":"ListItem","position":2,"name":"Research","item":"https:\/\/ibecbarcelona.eu\/es\/investigacion\/"},{"@type":"ListItem","position":3,"name":"Publicaciones"}]},{"@type":"WebSite","@id":"https:\/\/ibecbarcelona.eu\/#website","url":"https:\/\/ibecbarcelona.eu\/","name":"Institute for Bioengineering of Catalonia","description":"Bioengineering solutions for health","publisher":{"@id":"https:\/\/ibecbarcelona.eu\/#organization"},"potentialAction":[{"@type":"SearchAction","target":{"@type":"EntryPoint","urlTemplate":"https:\/\/ibecbarcelona.eu\/?s={search_term_string}"},"query-input":{"@type":"PropertyValueSpecification","valueRequired":true,"valueName":"search_term_string"}}],"inLanguage":"es"},{"@type":"Organization","@id":"https:\/\/ibecbarcelona.eu\/#organization","name":"Institute for Bioengineering of Catalonia","url":"https:\/\/ibecbarcelona.eu\/","logo":{"@type":"ImageObject","inLanguage":"es","@id":"https:\/\/ibecbarcelona.eu\/#\/schema\/logo\/image\/","url":"https:\/\/ibecbarcelona.eu\/wp-content\/uploads\/2026\/01\/cropped-IBEC_20ANYS_GRIS.png","contentUrl":"https:\/\/ibecbarcelona.eu\/wp-content\/uploads\/2026\/01\/cropped-IBEC_20ANYS_GRIS.png","width":696,"height":257,"caption":"Institute for Bioengineering of Catalonia"},"image":{"@id":"https:\/\/ibecbarcelona.eu\/#\/schema\/logo\/image\/"}}]}},"AFP_featured_media_urls":{"full":["https:\/\/ibecbarcelona.eu\/wp-content\/uploads\/2022\/07\/publications_20x5.jpg",2000,502,false],"thumbnail":["https:\/\/ibecbarcelona.eu\/wp-content\/uploads\/2022\/07\/publications_20x5-150x150.jpg",150,150,true],"medium":["https:\/\/ibecbarcelona.eu\/wp-content\/uploads\/2022\/07\/publications_20x5-300x75.jpg",300,75,true],"medium_large":["https:\/\/ibecbarcelona.eu\/wp-content\/uploads\/2022\/07\/publications_20x5-768x193.jpg",768,193,true],"large":["https:\/\/ibecbarcelona.eu\/wp-content\/uploads\/2022\/07\/publications_20x5-1024x257.jpg",1024,257,true]},"AFP_attachments":[],"AFP_videos":[],"AFP_video_blocks":"","AFP_category_names":[],"_links":{"self":[{"href":"https:\/\/ibecbarcelona.eu\/es\/wp-json\/wp\/v2\/pages\/17485","targetHints":{"allow":["GET"]}}],"collection":[{"href":"https:\/\/ibecbarcelona.eu\/es\/wp-json\/wp\/v2\/pages"}],"about":[{"href":"https:\/\/ibecbarcelona.eu\/es\/wp-json\/wp\/v2\/types\/page"}],"author":[{"embeddable":true,"href":"https:\/\/ibecbarcelona.eu\/es\/wp-json\/wp\/v2\/users\/4"}],"replies":[{"embeddable":true,"href":"https:\/\/ibecbarcelona.eu\/es\/wp-json\/wp\/v2\/comments?post=17485"}],"version-history":[{"count":14,"href":"https:\/\/ibecbarcelona.eu\/es\/wp-json\/wp\/v2\/pages\/17485\/revisions"}],"predecessor-version":[{"id":130965,"href":"https:\/\/ibecbarcelona.eu\/es\/wp-json\/wp\/v2\/pages\/17485\/revisions\/130965"}],"up":[{"embeddable":true,"href":"https:\/\/ibecbarcelona.eu\/es\/wp-json\/wp\/v2\/pages\/17497"}],"wp:featuredmedia":[{"embeddable":true,"href":"https:\/\/ibecbarcelona.eu\/es\/wp-json\/wp\/v2\/media\/94777"}],"wp:attachment":[{"href":"https:\/\/ibecbarcelona.eu\/es\/wp-json\/wp\/v2\/media?parent=17485"}],"wp:term":[{"taxonomy":"post_tag","embeddable":true,"href":"https:\/\/ibecbarcelona.eu\/es\/wp-json\/wp\/v2\/tags?post=17485"}],"curies":[{"name":"wp","href":"https:\/\/api.w.org\/{rel}","templated":true}]}}