
{"id":25665,"date":"2016-11-07T13:08:24","date_gmt":"2016-11-07T12:08:24","guid":{"rendered":"http:\/\/ibecbarcelona.eu\/?page_id=25665"},"modified":"2016-11-07T17:28:03","modified_gmt":"2016-11-07T16:28:03","slug":"hystrainer-surgical-trainer-for-hysteroscopy-surgery","status":"publish","type":"page","link":"https:\/\/ibecbarcelona.eu\/es\/research-groups\/former-groups\/robotics\/hystrainer-surgical-trainer-for-hysteroscopy-surgery\/","title":{"rendered":"Hystrainer: Surgical trainer for hysteroscopy surgery"},"content":{"rendered":"<h5 class=\"p1\">Programa Ind\u00fastria del Coneixement LLAVOR 2014<\/h5>\n<p class=\"p1\">Projecte summary:<\/p>\n<p>The medical community has a growing interest in the correct acquisition of surgical abilities by new surgeons and residents and proposes training and accreditation programs. A correct training results in benefits on both, the patient, and the associated costs of the intervention and its follow up.<\/p>\n<p>Hystrainer, HT, is a new training and accreditation platform that integrates a complete educational program with a simulator for the acquisition of the required knowledge and abilities in the hysteroscopy field.\u00a0HT offers a communication channel, training and supervision from specialists. It has been designed together with the current chair of the European Society of Gynaecological Endoscopy (ESGE) aiming to be integrated in the GESEA Programme (Gynaecological Endoscopic Surgical Education and Assessment).<\/p>\n<p>HT uses internet to connect each unit to a global program that includes theoretical lectures, multimedia, online courses and connection with specialists. HT records and analyses the execution of the training exercises and provides a virtual reality feedback to assist its users in their training and learning of surgical procedures, thus decreasing the need of mentors.<\/p>\n<p>HT, as simulator, is the result of combining two technologies: a physical and a virtual simulator. Their combined use reinforces each other. HT is composed of a workspace (vagina, cervix and uterus), a set of sensors to record all relevant data and a computer with an interactive screen provided with augmented reality.<\/p>\n<p>HT is the first prototype of a set of simulators oriented to various surgical fields. Its modular design enables its reusability in fields like cystoscopy, arthroscopy and minimally invasive transanal surgery, introducing minor changes.\u00a0Currently, HT is being validated in various gynaecological departments of public hospitals in Spain and Belgium. The first results with more than 30 subjects demonstrate its face and construct validity. In parallel, a pre-industrial prototype is in development.<\/p>\n<hr \/>\n<h6 class=\"p1\">Aquest projecte ha estat confinan\u00e7at en el marc de la convocat\u00f2ria d&#8217;ajuts per a projectes innovadors amb potencial d&#8217;incorporaci\u00f3 al sector productiu (LLAVOR 2014) en un 50% pel Fons Europeus de Desenvolupament Regional de la Uni\u00f3 Europea en el marc del Programa operatiu FEDER de Catalunya 2014-2020<\/h6>\n<p>&nbsp;<\/p>\n<p><img decoding=\"async\" class=\"aligncenter size-full wp-image-25742 lazyload\" data-src=\"https:\/\/ibecbarcelona.eu\/wp-content\/uploads\/2016\/11\/todoslogos-1.jpg\" alt=\"todoslogos\" width=\"1000\" height=\"77\" data-srcset=\"https:\/\/ibecbarcelona.eu\/wp-content\/uploads\/2016\/11\/todoslogos-1.jpg 1000w, https:\/\/ibecbarcelona.eu\/wp-content\/uploads\/2016\/11\/todoslogos-1-300x23.jpg 300w, https:\/\/ibecbarcelona.eu\/wp-content\/uploads\/2016\/11\/todoslogos-1-768x59.jpg 768w, https:\/\/ibecbarcelona.eu\/wp-content\/uploads\/2016\/11\/todoslogos-1-230x18.jpg 230w, https:\/\/ibecbarcelona.eu\/wp-content\/uploads\/2016\/11\/todoslogos-1-150x12.jpg 150w\" data-sizes=\"(max-width: 1000px) 100vw, 1000px\" src=\"data:image\/svg+xml;base64,PHN2ZyB3aWR0aD0iMSIgaGVpZ2h0PSIxIiB4bWxucz0iaHR0cDovL3d3dy53My5vcmcvMjAwMC9zdmciPjwvc3ZnPg==\" style=\"--smush-placeholder-width: 1000px; --smush-placeholder-aspect-ratio: 1000\/77;\" \/><\/p>\n<p>&nbsp;<\/p>\n","protected":false},"excerpt":{"rendered":"<p>Programa Ind\u00fastria del Coneixement LLAVOR 2014 Projecte summary: The medical community has a growing interest in the correct acquisition of surgical abilities by new surgeons and residents and proposes training &#8230; <a title=\"Hystrainer: Surgical trainer for hysteroscopy surgery\" class=\"read-more\" href=\"https:\/\/ibecbarcelona.eu\/es\/research-groups\/former-groups\/robotics\/hystrainer-surgical-trainer-for-hysteroscopy-surgery\/\" aria-label=\"More on Hystrainer: Surgical trainer for hysteroscopy surgery\">Read more<\/a><\/p>\n","protected":false},"author":4,"featured_media":0,"parent":9249,"menu_order":0,"comment_status":"closed","ping_status":"closed","template":"template-twocolumns-leftresearch.php","meta":{"footnotes":""},"tags":[],"class_list":["post-25665","page","type-page","status-publish"],"yoast_head":"<!-- This site is optimized with the Yoast SEO plugin v27.3 - https:\/\/yoast.com\/product\/yoast-seo-wordpress\/ -->\n<title>Hystrainer: Surgical trainer for hysteroscopy surgery - Institute for Bioengineering of Catalonia<\/title>\n<meta name=\"robots\" content=\"index, follow, max-snippet:-1, max-image-preview:large, max-video-preview:-1\" \/>\n<link rel=\"canonical\" href=\"https:\/\/ibecbarcelona.eu\/research-groups\/former-groups\/robotics\/hystrainer-surgical-trainer-for-hysteroscopy-surgery\/\" \/>\n<meta property=\"og:locale\" content=\"es_ES\" \/>\n<meta property=\"og:type\" content=\"article\" \/>\n<meta property=\"og:title\" content=\"Hystrainer: Surgical trainer for hysteroscopy surgery - Institute for Bioengineering of Catalonia\" \/>\n<meta property=\"og:description\" content=\"Programa Ind\u00fastria del Coneixement LLAVOR 2014 Projecte summary: The medical community has a growing interest in the correct acquisition of surgical abilities by new surgeons and residents and proposes training ... Read more\" \/>\n<meta property=\"og:url\" content=\"https:\/\/ibecbarcelona.eu\/research-groups\/former-groups\/robotics\/hystrainer-surgical-trainer-for-hysteroscopy-surgery\/\" \/>\n<meta property=\"og:site_name\" content=\"Institute for Bioengineering of Catalonia\" \/>\n<meta property=\"article:modified_time\" content=\"2016-11-07T16:28:03+00:00\" \/>\n<meta property=\"og:image\" content=\"https:\/\/ibecbarcelona.eu\/wp-content\/uploads\/2016\/11\/todoslogos-1.jpg\" \/>\n<meta name=\"twitter:card\" content=\"summary_large_image\" \/>\n<meta name=\"twitter:label1\" content=\"Tiempo de lectura\" \/>\n\t<meta name=\"twitter:data1\" content=\"2 minutos\" \/>\n<script type=\"application\/ld+json\" class=\"yoast-schema-graph\">{\"@context\":\"https:\\\/\\\/schema.org\",\"@graph\":[{\"@type\":\"WebPage\",\"@id\":\"https:\\\/\\\/ibecbarcelona.eu\\\/research-groups\\\/former-groups\\\/robotics\\\/hystrainer-surgical-trainer-for-hysteroscopy-surgery\\\/\",\"url\":\"https:\\\/\\\/ibecbarcelona.eu\\\/research-groups\\\/former-groups\\\/robotics\\\/hystrainer-surgical-trainer-for-hysteroscopy-surgery\\\/\",\"name\":\"Hystrainer: Surgical trainer for hysteroscopy surgery - Institute for Bioengineering of Catalonia\",\"isPartOf\":{\"@id\":\"https:\\\/\\\/ibecbarcelona.eu\\\/#website\"},\"primaryImageOfPage\":{\"@id\":\"https:\\\/\\\/ibecbarcelona.eu\\\/research-groups\\\/former-groups\\\/robotics\\\/hystrainer-surgical-trainer-for-hysteroscopy-surgery\\\/#primaryimage\"},\"image\":{\"@id\":\"https:\\\/\\\/ibecbarcelona.eu\\\/research-groups\\\/former-groups\\\/robotics\\\/hystrainer-surgical-trainer-for-hysteroscopy-surgery\\\/#primaryimage\"},\"thumbnailUrl\":\"https:\\\/\\\/ibecbarcelona.eu\\\/wp-content\\\/uploads\\\/2016\\\/11\\\/todoslogos-1.jpg\",\"datePublished\":\"2016-11-07T12:08:24+00:00\",\"dateModified\":\"2016-11-07T16:28:03+00:00\",\"breadcrumb\":{\"@id\":\"https:\\\/\\\/ibecbarcelona.eu\\\/research-groups\\\/former-groups\\\/robotics\\\/hystrainer-surgical-trainer-for-hysteroscopy-surgery\\\/#breadcrumb\"},\"inLanguage\":\"es\",\"potentialAction\":[{\"@type\":\"ReadAction\",\"target\":[\"https:\\\/\\\/ibecbarcelona.eu\\\/research-groups\\\/former-groups\\\/robotics\\\/hystrainer-surgical-trainer-for-hysteroscopy-surgery\\\/\"]}]},{\"@type\":\"ImageObject\",\"inLanguage\":\"es\",\"@id\":\"https:\\\/\\\/ibecbarcelona.eu\\\/research-groups\\\/former-groups\\\/robotics\\\/hystrainer-surgical-trainer-for-hysteroscopy-surgery\\\/#primaryimage\",\"url\":\"https:\\\/\\\/ibecbarcelona.eu\\\/wp-content\\\/uploads\\\/2016\\\/11\\\/todoslogos-1.jpg\",\"contentUrl\":\"https:\\\/\\\/ibecbarcelona.eu\\\/wp-content\\\/uploads\\\/2016\\\/11\\\/todoslogos-1.jpg\"},{\"@type\":\"BreadcrumbList\",\"@id\":\"https:\\\/\\\/ibecbarcelona.eu\\\/research-groups\\\/former-groups\\\/robotics\\\/hystrainer-surgical-trainer-for-hysteroscopy-surgery\\\/#breadcrumb\",\"itemListElement\":[{\"@type\":\"ListItem\",\"position\":1,\"name\":\"Home\",\"item\":\"https:\\\/\\\/ibecbarcelona.eu\\\/es\\\/\"},{\"@type\":\"ListItem\",\"position\":2,\"name\":\"Research groups\",\"item\":\"https:\\\/\\\/ibecbarcelona.eu\\\/research-groups\\\/\"},{\"@type\":\"ListItem\",\"position\":3,\"name\":\"Former groups\",\"item\":\"https:\\\/\\\/ibecbarcelona.eu\\\/research-groups\\\/former-groups\\\/\"},{\"@type\":\"ListItem\",\"position\":4,\"name\":\"Robotics\",\"item\":\"https:\\\/\\\/ibecbarcelona.eu\\\/former-groups\\\/robotics\\\/\"},{\"@type\":\"ListItem\",\"position\":5,\"name\":\"Hystrainer: Surgical trainer for hysteroscopy surgery\"}]},{\"@type\":\"WebSite\",\"@id\":\"https:\\\/\\\/ibecbarcelona.eu\\\/#website\",\"url\":\"https:\\\/\\\/ibecbarcelona.eu\\\/\",\"name\":\"Institute for Bioengineering of Catalonia\",\"description\":\"Bioengineering solutions for health\",\"publisher\":{\"@id\":\"https:\\\/\\\/ibecbarcelona.eu\\\/#organization\"},\"potentialAction\":[{\"@type\":\"SearchAction\",\"target\":{\"@type\":\"EntryPoint\",\"urlTemplate\":\"https:\\\/\\\/ibecbarcelona.eu\\\/?s={search_term_string}\"},\"query-input\":{\"@type\":\"PropertyValueSpecification\",\"valueRequired\":true,\"valueName\":\"search_term_string\"}}],\"inLanguage\":\"es\"},{\"@type\":\"Organization\",\"@id\":\"https:\\\/\\\/ibecbarcelona.eu\\\/#organization\",\"name\":\"Institute for Bioengineering of Catalonia\",\"url\":\"https:\\\/\\\/ibecbarcelona.eu\\\/\",\"logo\":{\"@type\":\"ImageObject\",\"inLanguage\":\"es\",\"@id\":\"https:\\\/\\\/ibecbarcelona.eu\\\/#\\\/schema\\\/logo\\\/image\\\/\",\"url\":\"https:\\\/\\\/ibecbarcelona.eu\\\/wp-content\\\/uploads\\\/2026\\\/01\\\/cropped-IBEC_20ANYS_GRIS.png\",\"contentUrl\":\"https:\\\/\\\/ibecbarcelona.eu\\\/wp-content\\\/uploads\\\/2026\\\/01\\\/cropped-IBEC_20ANYS_GRIS.png\",\"width\":696,\"height\":257,\"caption\":\"Institute for Bioengineering of Catalonia\"},\"image\":{\"@id\":\"https:\\\/\\\/ibecbarcelona.eu\\\/#\\\/schema\\\/logo\\\/image\\\/\"}}]}<\/script>\n<!-- \/ Yoast SEO plugin. -->","yoast_head_json":{"title":"Hystrainer: Surgical trainer for hysteroscopy surgery - Institute for Bioengineering of Catalonia","robots":{"index":"index","follow":"follow","max-snippet":"max-snippet:-1","max-image-preview":"max-image-preview:large","max-video-preview":"max-video-preview:-1"},"canonical":"https:\/\/ibecbarcelona.eu\/research-groups\/former-groups\/robotics\/hystrainer-surgical-trainer-for-hysteroscopy-surgery\/","og_locale":"es_ES","og_type":"article","og_title":"Hystrainer: Surgical trainer for hysteroscopy surgery - Institute for Bioengineering of Catalonia","og_description":"Programa Ind\u00fastria del Coneixement LLAVOR 2014 Projecte summary: The medical community has a growing interest in the correct acquisition of surgical abilities by new surgeons and residents and proposes training ... Read more","og_url":"https:\/\/ibecbarcelona.eu\/research-groups\/former-groups\/robotics\/hystrainer-surgical-trainer-for-hysteroscopy-surgery\/","og_site_name":"Institute for Bioengineering of Catalonia","article_modified_time":"2016-11-07T16:28:03+00:00","og_image":[{"url":"https:\/\/ibecbarcelona.eu\/wp-content\/uploads\/2016\/11\/todoslogos-1.jpg","type":"","width":"","height":""}],"twitter_card":"summary_large_image","twitter_misc":{"Tiempo de lectura":"2 minutos"},"schema":{"@context":"https:\/\/schema.org","@graph":[{"@type":"WebPage","@id":"https:\/\/ibecbarcelona.eu\/research-groups\/former-groups\/robotics\/hystrainer-surgical-trainer-for-hysteroscopy-surgery\/","url":"https:\/\/ibecbarcelona.eu\/research-groups\/former-groups\/robotics\/hystrainer-surgical-trainer-for-hysteroscopy-surgery\/","name":"Hystrainer: Surgical trainer for hysteroscopy surgery - Institute for Bioengineering of Catalonia","isPartOf":{"@id":"https:\/\/ibecbarcelona.eu\/#website"},"primaryImageOfPage":{"@id":"https:\/\/ibecbarcelona.eu\/research-groups\/former-groups\/robotics\/hystrainer-surgical-trainer-for-hysteroscopy-surgery\/#primaryimage"},"image":{"@id":"https:\/\/ibecbarcelona.eu\/research-groups\/former-groups\/robotics\/hystrainer-surgical-trainer-for-hysteroscopy-surgery\/#primaryimage"},"thumbnailUrl":"https:\/\/ibecbarcelona.eu\/wp-content\/uploads\/2016\/11\/todoslogos-1.jpg","datePublished":"2016-11-07T12:08:24+00:00","dateModified":"2016-11-07T16:28:03+00:00","breadcrumb":{"@id":"https:\/\/ibecbarcelona.eu\/research-groups\/former-groups\/robotics\/hystrainer-surgical-trainer-for-hysteroscopy-surgery\/#breadcrumb"},"inLanguage":"es","potentialAction":[{"@type":"ReadAction","target":["https:\/\/ibecbarcelona.eu\/research-groups\/former-groups\/robotics\/hystrainer-surgical-trainer-for-hysteroscopy-surgery\/"]}]},{"@type":"ImageObject","inLanguage":"es","@id":"https:\/\/ibecbarcelona.eu\/research-groups\/former-groups\/robotics\/hystrainer-surgical-trainer-for-hysteroscopy-surgery\/#primaryimage","url":"https:\/\/ibecbarcelona.eu\/wp-content\/uploads\/2016\/11\/todoslogos-1.jpg","contentUrl":"https:\/\/ibecbarcelona.eu\/wp-content\/uploads\/2016\/11\/todoslogos-1.jpg"},{"@type":"BreadcrumbList","@id":"https:\/\/ibecbarcelona.eu\/research-groups\/former-groups\/robotics\/hystrainer-surgical-trainer-for-hysteroscopy-surgery\/#breadcrumb","itemListElement":[{"@type":"ListItem","position":1,"name":"Home","item":"https:\/\/ibecbarcelona.eu\/es\/"},{"@type":"ListItem","position":2,"name":"Research groups","item":"https:\/\/ibecbarcelona.eu\/research-groups\/"},{"@type":"ListItem","position":3,"name":"Former groups","item":"https:\/\/ibecbarcelona.eu\/research-groups\/former-groups\/"},{"@type":"ListItem","position":4,"name":"Robotics","item":"https:\/\/ibecbarcelona.eu\/former-groups\/robotics\/"},{"@type":"ListItem","position":5,"name":"Hystrainer: Surgical trainer for hysteroscopy surgery"}]},{"@type":"WebSite","@id":"https:\/\/ibecbarcelona.eu\/#website","url":"https:\/\/ibecbarcelona.eu\/","name":"Institute for Bioengineering of Catalonia","description":"Bioengineering solutions for health","publisher":{"@id":"https:\/\/ibecbarcelona.eu\/#organization"},"potentialAction":[{"@type":"SearchAction","target":{"@type":"EntryPoint","urlTemplate":"https:\/\/ibecbarcelona.eu\/?s={search_term_string}"},"query-input":{"@type":"PropertyValueSpecification","valueRequired":true,"valueName":"search_term_string"}}],"inLanguage":"es"},{"@type":"Organization","@id":"https:\/\/ibecbarcelona.eu\/#organization","name":"Institute for Bioengineering of Catalonia","url":"https:\/\/ibecbarcelona.eu\/","logo":{"@type":"ImageObject","inLanguage":"es","@id":"https:\/\/ibecbarcelona.eu\/#\/schema\/logo\/image\/","url":"https:\/\/ibecbarcelona.eu\/wp-content\/uploads\/2026\/01\/cropped-IBEC_20ANYS_GRIS.png","contentUrl":"https:\/\/ibecbarcelona.eu\/wp-content\/uploads\/2026\/01\/cropped-IBEC_20ANYS_GRIS.png","width":696,"height":257,"caption":"Institute for Bioengineering of Catalonia"},"image":{"@id":"https:\/\/ibecbarcelona.eu\/#\/schema\/logo\/image\/"}}]}},"AFP_featured_media_urls":{"full":false,"thumbnail":false,"medium":false,"medium_large":false,"large":false},"AFP_attachments":{"full":["https:\/\/ibecbarcelona.eu\/wp-content\/uploads\/2016\/11\/varios.jpg",800,45,false],"thumbnail":["https:\/\/ibecbarcelona.eu\/wp-content\/uploads\/2016\/11\/varios-150x45.jpg",150,45,true],"medium":["https:\/\/ibecbarcelona.eu\/wp-content\/uploads\/2016\/11\/varios-300x17.jpg",300,17,true],"medium_large":["https:\/\/ibecbarcelona.eu\/wp-content\/uploads\/2016\/11\/varios-768x43.jpg",768,43,true],"large":["https:\/\/ibecbarcelona.eu\/wp-content\/uploads\/2016\/11\/varios.jpg",800,45,false]},"AFP_videos":[],"AFP_video_blocks":"","AFP_category_names":[],"_links":{"self":[{"href":"https:\/\/ibecbarcelona.eu\/es\/wp-json\/wp\/v2\/pages\/25665","targetHints":{"allow":["GET"]}}],"collection":[{"href":"https:\/\/ibecbarcelona.eu\/es\/wp-json\/wp\/v2\/pages"}],"about":[{"href":"https:\/\/ibecbarcelona.eu\/es\/wp-json\/wp\/v2\/types\/page"}],"author":[{"embeddable":true,"href":"https:\/\/ibecbarcelona.eu\/es\/wp-json\/wp\/v2\/users\/4"}],"replies":[{"embeddable":true,"href":"https:\/\/ibecbarcelona.eu\/es\/wp-json\/wp\/v2\/comments?post=25665"}],"version-history":[{"count":0,"href":"https:\/\/ibecbarcelona.eu\/es\/wp-json\/wp\/v2\/pages\/25665\/revisions"}],"up":[{"embeddable":true,"href":"https:\/\/ibecbarcelona.eu\/es\/wp-json\/wp\/v2\/pages\/9249"}],"wp:attachment":[{"href":"https:\/\/ibecbarcelona.eu\/es\/wp-json\/wp\/v2\/media?parent=25665"}],"wp:term":[{"taxonomy":"post_tag","embeddable":true,"href":"https:\/\/ibecbarcelona.eu\/es\/wp-json\/wp\/v2\/tags?post=25665"}],"curies":[{"name":"wp","href":"https:\/\/api.w.org\/{rel}","templated":true}]}}