
{"id":31269,"date":"2017-09-15T12:10:00","date_gmt":"2017-09-15T10:10:00","guid":{"rendered":"http:\/\/ibecbarcelona.eu\/?page_id=31269\/"},"modified":"2019-01-17T11:34:35","modified_gmt":"2019-01-17T10:34:35","slug":"peris-2016-2020","status":"publish","type":"page","link":"https:\/\/ibecbarcelona.eu\/es\/industry-and-hospitals\/clinical-translation\/peris-2016-2020\/","title":{"rendered":"PERIS 2016-2020"},"content":{"rendered":"<hr \/>\n<p style=\"text-align: left;\"><strong><span style=\"color: #ff6600;\">&#x2666; Convocatoria PhD4MD abierta para el periodo 2019-2021<\/span><\/strong><\/p>\n<p><img decoding=\"async\" class=\"alignleft size-full wp-image-31344 lazyload\" data-src=\"https:\/\/ibecbarcelona.eu\/wp-content\/uploads\/2017\/09\/peris_imagen_800.jpg\" alt=\"\" width=\"800\" height=\"278\" data-srcset=\"https:\/\/ibecbarcelona.eu\/wp-content\/uploads\/2017\/09\/peris_imagen_800.jpg 800w, https:\/\/ibecbarcelona.eu\/wp-content\/uploads\/2017\/09\/peris_imagen_800-300x104.jpg 300w, https:\/\/ibecbarcelona.eu\/wp-content\/uploads\/2017\/09\/peris_imagen_800-768x267.jpg 768w, https:\/\/ibecbarcelona.eu\/wp-content\/uploads\/2017\/09\/peris_imagen_800-230x80.jpg 230w, https:\/\/ibecbarcelona.eu\/wp-content\/uploads\/2017\/09\/peris_imagen_800-150x52.jpg 150w\" data-sizes=\"(max-width: 800px) 100vw, 800px\" src=\"data:image\/svg+xml;base64,PHN2ZyB3aWR0aD0iMSIgaGVpZ2h0PSIxIiB4bWxucz0iaHR0cDovL3d3dy53My5vcmcvMjAwMC9zdmciPjwvc3ZnPg==\" style=\"--smush-placeholder-width: 800px; --smush-placeholder-aspect-ratio: 800\/278;\" \/><\/p>\n<p><strong>Con el inter\u00e9s de continuar y potenciar estas colaboraciones cl\u00ednicas, el IBEC ofrece a m\u00e9dicos especialistas la posibilidad de realizar su PhD en los diferentes grupos del Instituto a trav\u00e9s de la convocatoria PERIS 2019-2021 (<em>Plan estrat\u00e8gic de recerca i innovaci\u00f3 en salut<\/em>), en la que se encuentra la Acci\u00f3 instrumental de formaci\u00f3n de cient\u00edfics i tecn\u00f2legs, donde se encuentra la modalidad PhD for Medical Doctors (PhD4MD).<\/strong><\/p>\n<p>El objeto de esta convocatoria es la financiaci\u00f3n de contratos de m\u00e9dicos que hayan completado la formaci\u00f3n sanitaria especializada (FSE), destinados a la formaci\u00f3n pr\u00e1ctica avanzada en los campos de investigaci\u00f3n m\u00e1s nuevos y las tecnolog\u00edas de vanguardia. Los candidatos tienen que llevar a cabo un proyecto colaborativo entre un grupo cl\u00ednico y uno<br \/>\nde b\u00e1sico para la realizaci\u00f3n de la tesis doctoral<\/p>\n<p>Los contratos de PhD4MD tienen las siguientes finalidades:<\/p>\n<ol>\n<li>a) Proporcionar formaci\u00f3n de excelencia cient\u00edfica a los m\u00e9dicos que han completado el FSE y, as\u00ed, aumentar la masa cr\u00edtica de m\u00e9dicos cient\u00edficos.<\/li>\n<li>b) Fomentar la investigaci\u00f3n orientada a los pacientes mediante actividades de investigaci\u00f3n translacional.<\/li>\n<li>c) Estrechar los v\u00ednculos entre los centros de investigaci\u00f3n b\u00e1sica y los centros de investigaci\u00f3n hospitalaria para hacer llegar m\u00e1s r\u00e1pidamente a los pacientes los resultados que se obtienen en el laboratorio.<\/li>\n<\/ol>\n<p>El plazo de presentaci\u00f3n de las solicitudes y del resto de documentaci\u00f3n necesaria de todas las acciones instrumentales finaliza el <strong>28 de enero del 2019 a las 24:00 horas<\/strong>.<\/p>\n<div class=\"responsive-tabs\">\n<h2 class=\"tabtitle\">Condiciones<\/h2>\n<div class=\"tabcontent\">\n\n<p><strong>Condiciones de los contratos<\/strong><\/p>\n<p>Las subvenciones concedidas tienen una duraci\u00f3n m\u00e1xima de tres a\u00f1os. Los contratos que deriven de estas tienen que formalizarse con dedicaci\u00f3n a tiempo completo, y deben suscribirse entre los investigadores y la entidad beneficiaria. Se entiende por dedicaci\u00f3n a tiempo completo la que determine el convenio colectivo o acuerdo de condiciones de trabajo vigente en cada centro. Todo ello sin perjuicio de lo que establece el art\u00edculo 15 de la presente Resoluci\u00f3n sobre la justificaci\u00f3n econ\u00f3mica y el seguimiento cient\u00edfico-t\u00e9cnico.<\/p>\n<p>El plazo de ejecuci\u00f3n comprende desde la fecha que se especifique en la resoluci\u00f3n de concesi\u00f3n hasta el 31 de diciembre de 2021, como m\u00e1ximo. La fecha de inicio del contrato tiene que coincidir con la fecha de inicio del plazo de ejecuci\u00f3n, excepto en caso de solicitud de aplazamiento de incorporaci\u00f3n de la persona candidata.<\/p>\n<p>Los importes anuales de subvenci\u00f3n son de 36.000,00 euros para el a\u00f1o 2019, de 36.720,00 euros para el a\u00f1o 2020 y de 37.454,40 euros para 2021, y se tienen que destinar \u00edntegramente a financiar el conjunto de costes laborales de la contrataci\u00f3n. Estos importes incluyen las cuotas empresariales de la Seguridad Social, y el resto de gastos de contrataci\u00f3n corre a cargo de la entidad beneficiaria.<\/p>\n<p>Adem\u00e1s, se concede una ayuda adicional de 1.000,00 euros anuales para el pago de las tasas universitarias y otros gastos relacionados con la formaci\u00f3n de los candidatos.<\/p>\n\n<\/div><h2 class=\"tabtitle\">Requisitos<\/h2>\n<div class=\"tabcontent\">\n\n<p><strong>Requisitos de los candidatos<\/strong><\/p>\n<ol>\n<li>a) Tener el t\u00edtulo oficial de especialidad m\u00e9dica (MIR). Los candidatos que hayan obtenido la titulaci\u00f3n fuera del Estado espa\u00f1ol es necesario que dispongan del t\u00edtulo homologado.<\/li>\n<li>b) Haber finalizado el programa de FSE entre el 1 de enero de 2013 y el plazo de presentaci\u00f3n de solicitudes. Este periodo se puede ampliar un a\u00f1o si la persona candidata justifica cualquiera de los supuestos que se mencionan a continuaci\u00f3n, siempre que est\u00e9n comprendidos entre el 1 de enero de 2013 y el plazo de presentaci\u00f3n de solicitudes:<\/li>\n<\/ol>\n<p>Haber disfrutado de un periodo de baja por maternidad o paternidad; haber tenido a cargo ni\u00f1os menores de 6 a\u00f1os, personas con discapacidad f\u00edsica, ps\u00edquica o sensorial, o personas mayores de 65 a\u00f1os que dependan de la persona beneficiaria y requieran una dedicaci\u00f3n especial; o haber sufrido una enfermedad grave o un accidente con una baja m\u00e9dica igual o superior a los seis meses.<\/p>\n<p>En el supuesto de baja por maternidad o paternidad, la ampliaci\u00f3n es de un a\u00f1o por cada hijo. Estos periodos de interrupci\u00f3n se tienen que indicar y es necesario que se acrediten en el momento de presentar la solicitud y tambi\u00e9n suponen la ampliaci\u00f3n del periodo de contabilizaci\u00f3n de las publicaciones de la persona candidata para los mismos periodos.<\/p>\n<p>Los candidatos tienen que presentar un proyecto de investigaci\u00f3n translacional coordinado conjuntamente por un grupo de investigaci\u00f3n cl\u00ednico y uno de investigaci\u00f3n b\u00e1sica de un centro del sistema CERCA, como es el caso del IBEC.<\/p>\n<p>Por ello, invitamos a los facultativos que cumplan los requisitos y con inter\u00e9s en esta convocatoria que contacten con la Unidad de Iniciativas Estrat\u00e9gicas del IBEC a trav\u00e9s de su mail (<a href=\"mailto:strategicinitiatives@ibecbarcelona.eu\">strategicinitiatives@ibecbarcelona.eu<\/a>) para cualquier consulta o muestra de inter\u00e9s en el programa.<\/p>\n<p><strong>\u00a0<\/strong><\/div><\/div><\/p>\n<p>M\u00e1s informaci\u00f3n sobre la convocatoria del programa PERIS <a href=\"https:\/\/dogc.gencat.cat\/es\/pdogc_canals_interns\/pdogc_resultats_fitxa\/index.html?action=fitxa&amp;documentId=838441&amp;language=ca_ES&amp;newLang=es_ES\">aqu\u00ed<\/a>.<\/p>\n","protected":false},"excerpt":{"rendered":"<p>&#x2666; Convocatoria PhD4MD abierta para el periodo 2019-2021 Con el inter\u00e9s de continuar y potenciar estas colaboraciones cl\u00ednicas, el IBEC ofrece a m\u00e9dicos especialistas la posibilidad de realizar su PhD &#8230; <a title=\"PERIS 2016-2020\" class=\"read-more\" href=\"https:\/\/ibecbarcelona.eu\/es\/industry-and-hospitals\/clinical-translation\/peris-2016-2020\/\" aria-label=\"More on PERIS 2016-2020\">Read more<\/a><\/p>\n","protected":false},"author":4,"featured_media":0,"parent":17184,"menu_order":0,"comment_status":"closed","ping_status":"closed","template":"template-twocolumns-leftindustry.php","meta":{"footnotes":""},"tags":[],"class_list":["post-31269","page","type-page","status-publish"],"yoast_head":"<!-- This site is optimized with the Yoast SEO plugin v27.3 - https:\/\/yoast.com\/product\/yoast-seo-wordpress\/ -->\n<title>PERIS 2016-2020 - Institute for Bioengineering of Catalonia<\/title>\n<meta name=\"robots\" content=\"index, follow, max-snippet:-1, max-image-preview:large, max-video-preview:-1\" \/>\n<link rel=\"canonical\" href=\"https:\/\/ibecbarcelona.eu\/es\/industry-and-hospitals\/clinical-translation\/peris-2016-2020\/\" \/>\n<meta property=\"og:locale\" content=\"es_ES\" \/>\n<meta property=\"og:type\" content=\"article\" \/>\n<meta property=\"og:title\" content=\"PERIS 2016-2020 - Institute for Bioengineering of Catalonia\" \/>\n<meta property=\"og:description\" content=\"&#x2666; Convocatoria PhD4MD abierta para el periodo 2019-2021 Con el inter\u00e9s de continuar y potenciar estas colaboraciones cl\u00ednicas, el IBEC ofrece a m\u00e9dicos especialistas la posibilidad de realizar su PhD ... Read more\" \/>\n<meta property=\"og:url\" content=\"https:\/\/ibecbarcelona.eu\/es\/industry-and-hospitals\/clinical-translation\/peris-2016-2020\/\" \/>\n<meta property=\"og:site_name\" content=\"Institute for Bioengineering of Catalonia\" \/>\n<meta property=\"article:modified_time\" content=\"2019-01-17T10:34:35+00:00\" \/>\n<meta property=\"og:image\" content=\"https:\/\/ibecbarcelona.eu\/wp-content\/uploads\/2017\/09\/peris_imagen_800.jpg\" \/>\n<meta name=\"twitter:card\" content=\"summary_large_image\" \/>\n<meta name=\"twitter:label1\" content=\"Tiempo de lectura\" \/>\n\t<meta name=\"twitter:data1\" content=\"4 minutos\" \/>\n<script type=\"application\/ld+json\" class=\"yoast-schema-graph\">{\"@context\":\"https:\\\/\\\/schema.org\",\"@graph\":[{\"@type\":\"WebPage\",\"@id\":\"https:\\\/\\\/ibecbarcelona.eu\\\/es\\\/industry-and-hospitals\\\/clinical-translation\\\/peris-2016-2020\\\/\",\"url\":\"https:\\\/\\\/ibecbarcelona.eu\\\/es\\\/industry-and-hospitals\\\/clinical-translation\\\/peris-2016-2020\\\/\",\"name\":\"PERIS 2016-2020 - Institute for Bioengineering of Catalonia\",\"isPartOf\":{\"@id\":\"https:\\\/\\\/ibecbarcelona.eu\\\/#website\"},\"primaryImageOfPage\":{\"@id\":\"https:\\\/\\\/ibecbarcelona.eu\\\/es\\\/industry-and-hospitals\\\/clinical-translation\\\/peris-2016-2020\\\/#primaryimage\"},\"image\":{\"@id\":\"https:\\\/\\\/ibecbarcelona.eu\\\/es\\\/industry-and-hospitals\\\/clinical-translation\\\/peris-2016-2020\\\/#primaryimage\"},\"thumbnailUrl\":\"https:\\\/\\\/ibecbarcelona.eu\\\/wp-content\\\/uploads\\\/2017\\\/09\\\/peris_imagen_800.jpg\",\"datePublished\":\"2017-09-15T10:10:00+00:00\",\"dateModified\":\"2019-01-17T10:34:35+00:00\",\"breadcrumb\":{\"@id\":\"https:\\\/\\\/ibecbarcelona.eu\\\/es\\\/industry-and-hospitals\\\/clinical-translation\\\/peris-2016-2020\\\/#breadcrumb\"},\"inLanguage\":\"es\",\"potentialAction\":[{\"@type\":\"ReadAction\",\"target\":[\"https:\\\/\\\/ibecbarcelona.eu\\\/es\\\/industry-and-hospitals\\\/clinical-translation\\\/peris-2016-2020\\\/\"]}]},{\"@type\":\"ImageObject\",\"inLanguage\":\"es\",\"@id\":\"https:\\\/\\\/ibecbarcelona.eu\\\/es\\\/industry-and-hospitals\\\/clinical-translation\\\/peris-2016-2020\\\/#primaryimage\",\"url\":\"https:\\\/\\\/ibecbarcelona.eu\\\/wp-content\\\/uploads\\\/2017\\\/09\\\/peris_imagen_800.jpg\",\"contentUrl\":\"https:\\\/\\\/ibecbarcelona.eu\\\/wp-content\\\/uploads\\\/2017\\\/09\\\/peris_imagen_800.jpg\"},{\"@type\":\"BreadcrumbList\",\"@id\":\"https:\\\/\\\/ibecbarcelona.eu\\\/es\\\/industry-and-hospitals\\\/clinical-translation\\\/peris-2016-2020\\\/#breadcrumb\",\"itemListElement\":[{\"@type\":\"ListItem\",\"position\":1,\"name\":\"Home\",\"item\":\"https:\\\/\\\/ibecbarcelona.eu\\\/es\\\/\"},{\"@type\":\"ListItem\",\"position\":2,\"name\":\"Industria y Hospitales\",\"item\":\"https:\\\/\\\/ibecbarcelona.eu\\\/es\\\/industria-y-hospitales\\\/\"},{\"@type\":\"ListItem\",\"position\":3,\"name\":\"Colaboraciones cl\u00ednicas\",\"item\":\"https:\\\/\\\/ibecbarcelona.eu\\\/es\\\/industria-y-hospitales\\\/colaboraciones-clinicas\\\/\"},{\"@type\":\"ListItem\",\"position\":4,\"name\":\"PERIS 2016-2020\"}]},{\"@type\":\"WebSite\",\"@id\":\"https:\\\/\\\/ibecbarcelona.eu\\\/#website\",\"url\":\"https:\\\/\\\/ibecbarcelona.eu\\\/\",\"name\":\"Institute for Bioengineering of Catalonia\",\"description\":\"Bioengineering solutions for health\",\"publisher\":{\"@id\":\"https:\\\/\\\/ibecbarcelona.eu\\\/#organization\"},\"potentialAction\":[{\"@type\":\"SearchAction\",\"target\":{\"@type\":\"EntryPoint\",\"urlTemplate\":\"https:\\\/\\\/ibecbarcelona.eu\\\/?s={search_term_string}\"},\"query-input\":{\"@type\":\"PropertyValueSpecification\",\"valueRequired\":true,\"valueName\":\"search_term_string\"}}],\"inLanguage\":\"es\"},{\"@type\":\"Organization\",\"@id\":\"https:\\\/\\\/ibecbarcelona.eu\\\/#organization\",\"name\":\"Institute for Bioengineering of Catalonia\",\"url\":\"https:\\\/\\\/ibecbarcelona.eu\\\/\",\"logo\":{\"@type\":\"ImageObject\",\"inLanguage\":\"es\",\"@id\":\"https:\\\/\\\/ibecbarcelona.eu\\\/#\\\/schema\\\/logo\\\/image\\\/\",\"url\":\"https:\\\/\\\/ibecbarcelona.eu\\\/wp-content\\\/uploads\\\/2026\\\/01\\\/cropped-IBEC_20ANYS_GRIS.png\",\"contentUrl\":\"https:\\\/\\\/ibecbarcelona.eu\\\/wp-content\\\/uploads\\\/2026\\\/01\\\/cropped-IBEC_20ANYS_GRIS.png\",\"width\":696,\"height\":257,\"caption\":\"Institute for Bioengineering of Catalonia\"},\"image\":{\"@id\":\"https:\\\/\\\/ibecbarcelona.eu\\\/#\\\/schema\\\/logo\\\/image\\\/\"}}]}<\/script>\n<!-- \/ Yoast SEO plugin. -->","yoast_head_json":{"title":"PERIS 2016-2020 - Institute for Bioengineering of Catalonia","robots":{"index":"index","follow":"follow","max-snippet":"max-snippet:-1","max-image-preview":"max-image-preview:large","max-video-preview":"max-video-preview:-1"},"canonical":"https:\/\/ibecbarcelona.eu\/es\/industry-and-hospitals\/clinical-translation\/peris-2016-2020\/","og_locale":"es_ES","og_type":"article","og_title":"PERIS 2016-2020 - Institute for Bioengineering of Catalonia","og_description":"&#x2666; Convocatoria PhD4MD abierta para el periodo 2019-2021 Con el inter\u00e9s de continuar y potenciar estas colaboraciones cl\u00ednicas, el IBEC ofrece a m\u00e9dicos especialistas la posibilidad de realizar su PhD ... Read more","og_url":"https:\/\/ibecbarcelona.eu\/es\/industry-and-hospitals\/clinical-translation\/peris-2016-2020\/","og_site_name":"Institute for Bioengineering of Catalonia","article_modified_time":"2019-01-17T10:34:35+00:00","og_image":[{"url":"https:\/\/ibecbarcelona.eu\/wp-content\/uploads\/2017\/09\/peris_imagen_800.jpg","type":"","width":"","height":""}],"twitter_card":"summary_large_image","twitter_misc":{"Tiempo de lectura":"4 minutos"},"schema":{"@context":"https:\/\/schema.org","@graph":[{"@type":"WebPage","@id":"https:\/\/ibecbarcelona.eu\/es\/industry-and-hospitals\/clinical-translation\/peris-2016-2020\/","url":"https:\/\/ibecbarcelona.eu\/es\/industry-and-hospitals\/clinical-translation\/peris-2016-2020\/","name":"PERIS 2016-2020 - Institute for Bioengineering of Catalonia","isPartOf":{"@id":"https:\/\/ibecbarcelona.eu\/#website"},"primaryImageOfPage":{"@id":"https:\/\/ibecbarcelona.eu\/es\/industry-and-hospitals\/clinical-translation\/peris-2016-2020\/#primaryimage"},"image":{"@id":"https:\/\/ibecbarcelona.eu\/es\/industry-and-hospitals\/clinical-translation\/peris-2016-2020\/#primaryimage"},"thumbnailUrl":"https:\/\/ibecbarcelona.eu\/wp-content\/uploads\/2017\/09\/peris_imagen_800.jpg","datePublished":"2017-09-15T10:10:00+00:00","dateModified":"2019-01-17T10:34:35+00:00","breadcrumb":{"@id":"https:\/\/ibecbarcelona.eu\/es\/industry-and-hospitals\/clinical-translation\/peris-2016-2020\/#breadcrumb"},"inLanguage":"es","potentialAction":[{"@type":"ReadAction","target":["https:\/\/ibecbarcelona.eu\/es\/industry-and-hospitals\/clinical-translation\/peris-2016-2020\/"]}]},{"@type":"ImageObject","inLanguage":"es","@id":"https:\/\/ibecbarcelona.eu\/es\/industry-and-hospitals\/clinical-translation\/peris-2016-2020\/#primaryimage","url":"https:\/\/ibecbarcelona.eu\/wp-content\/uploads\/2017\/09\/peris_imagen_800.jpg","contentUrl":"https:\/\/ibecbarcelona.eu\/wp-content\/uploads\/2017\/09\/peris_imagen_800.jpg"},{"@type":"BreadcrumbList","@id":"https:\/\/ibecbarcelona.eu\/es\/industry-and-hospitals\/clinical-translation\/peris-2016-2020\/#breadcrumb","itemListElement":[{"@type":"ListItem","position":1,"name":"Home","item":"https:\/\/ibecbarcelona.eu\/es\/"},{"@type":"ListItem","position":2,"name":"Industria y Hospitales","item":"https:\/\/ibecbarcelona.eu\/es\/industria-y-hospitales\/"},{"@type":"ListItem","position":3,"name":"Colaboraciones cl\u00ednicas","item":"https:\/\/ibecbarcelona.eu\/es\/industria-y-hospitales\/colaboraciones-clinicas\/"},{"@type":"ListItem","position":4,"name":"PERIS 2016-2020"}]},{"@type":"WebSite","@id":"https:\/\/ibecbarcelona.eu\/#website","url":"https:\/\/ibecbarcelona.eu\/","name":"Institute for Bioengineering of Catalonia","description":"Bioengineering solutions for health","publisher":{"@id":"https:\/\/ibecbarcelona.eu\/#organization"},"potentialAction":[{"@type":"SearchAction","target":{"@type":"EntryPoint","urlTemplate":"https:\/\/ibecbarcelona.eu\/?s={search_term_string}"},"query-input":{"@type":"PropertyValueSpecification","valueRequired":true,"valueName":"search_term_string"}}],"inLanguage":"es"},{"@type":"Organization","@id":"https:\/\/ibecbarcelona.eu\/#organization","name":"Institute for Bioengineering of Catalonia","url":"https:\/\/ibecbarcelona.eu\/","logo":{"@type":"ImageObject","inLanguage":"es","@id":"https:\/\/ibecbarcelona.eu\/#\/schema\/logo\/image\/","url":"https:\/\/ibecbarcelona.eu\/wp-content\/uploads\/2026\/01\/cropped-IBEC_20ANYS_GRIS.png","contentUrl":"https:\/\/ibecbarcelona.eu\/wp-content\/uploads\/2026\/01\/cropped-IBEC_20ANYS_GRIS.png","width":696,"height":257,"caption":"Institute for Bioengineering of Catalonia"},"image":{"@id":"https:\/\/ibecbarcelona.eu\/#\/schema\/logo\/image\/"}}]}},"AFP_featured_media_urls":{"full":false,"thumbnail":false,"medium":false,"medium_large":false,"large":false},"AFP_attachments":[],"AFP_videos":[],"AFP_video_blocks":"","AFP_category_names":[],"_links":{"self":[{"href":"https:\/\/ibecbarcelona.eu\/es\/wp-json\/wp\/v2\/pages\/31269","targetHints":{"allow":["GET"]}}],"collection":[{"href":"https:\/\/ibecbarcelona.eu\/es\/wp-json\/wp\/v2\/pages"}],"about":[{"href":"https:\/\/ibecbarcelona.eu\/es\/wp-json\/wp\/v2\/types\/page"}],"author":[{"embeddable":true,"href":"https:\/\/ibecbarcelona.eu\/es\/wp-json\/wp\/v2\/users\/4"}],"replies":[{"embeddable":true,"href":"https:\/\/ibecbarcelona.eu\/es\/wp-json\/wp\/v2\/comments?post=31269"}],"version-history":[{"count":23,"href":"https:\/\/ibecbarcelona.eu\/es\/wp-json\/wp\/v2\/pages\/31269\/revisions"}],"predecessor-version":[{"id":65220,"href":"https:\/\/ibecbarcelona.eu\/es\/wp-json\/wp\/v2\/pages\/31269\/revisions\/65220"}],"up":[{"embeddable":true,"href":"https:\/\/ibecbarcelona.eu\/es\/wp-json\/wp\/v2\/pages\/17184"}],"wp:attachment":[{"href":"https:\/\/ibecbarcelona.eu\/es\/wp-json\/wp\/v2\/media?parent=31269"}],"wp:term":[{"taxonomy":"post_tag","embeddable":true,"href":"https:\/\/ibecbarcelona.eu\/es\/wp-json\/wp\/v2\/tags?post=31269"}],"curies":[{"name":"wp","href":"https:\/\/api.w.org\/{rel}","templated":true}]}}