
{"id":71154,"date":"2020-02-10T18:08:46","date_gmt":"2020-02-10T17:08:46","guid":{"rendered":"http:\/\/ibecbarcelona.eu\/?page_id=71154"},"modified":"2020-02-10T21:23:16","modified_gmt":"2020-02-10T20:23:16","slug":"engineering-of-a-3d-organotypic-model-of-intestinal-mucosa-for-cancer-research","status":"publish","type":"page","link":"https:\/\/ibecbarcelona.eu\/for-students\/doing-your-phd\/ibec-international-phd-programme\/engineering-of-a-3d-organotypic-model-of-intestinal-mucosa-for-cancer-research\/","title":{"rendered":"Bioprinted hydrogel microfluidics to mimic tissue barriers"},"content":{"rendered":"<p>Group: <a href=\"https:\/\/ibecbarcelona.eu\/biomsyscelleng\" target=\"_blank\" rel=\"noopener noreferrer\">Biomimetic systems for cell engineering<\/a><br \/>\nGroup leader: Elena Mart\u00ednez (emartinez@ibecbarcelona.eu)<\/p>\n<p>Microfluidics it is nowadays recognized as a key technology in which, by controlling small volumes of fluids in microsystems, allows progress in fields such as biology, medicine, tissue engineering, toxicology and biomedical engineering. While the vast majority of developments in microfluidic devices rely on microchannels produced by standard microfabrication techniques derived from the silicon microelectronics industry, new components are being added as important elements to these systems. In particular, hydrogels, which are three-dimensional polymeric networks of polymers that mimic the architecture, water content and mass transfer potential of the extracellular matrix of soft tissues, are considered to revolutionize the impact and potential of in vitro processes mimicked by microfluidics [1]. However, at present, including hydrogels in microfluidic devices is a tedious and sometimes not very well controlled process. In our group we have been working in developing biofabrication strategies that use light-induced photopolymerization and customized photopolymerizable hydrogels to produce in vitro models of the intestinal barrier [2,3]. In this project, we propose to exploit the unique characteristics of our custom-made biofabrication light-based set up to produce hydrogel-based microfluidic devices that will mimic tissue barriers such as the intestinal barrier or the endothelial barrier.<\/p>\n<p>&nbsp;<\/p>\n<p><em>[1] Goy C.B; Chaile, R.E.; Madrid, R. E. Microfluidics and hydrogel: A powerful combination. Reactive and Functional Polymers, 145 (2019 104314<\/em><\/p>\n<p><em>[2] Vila, A*., Torras, N*., Casta\u00f1o, A.G., Garc\u00eda-D\u00edaz, M., Comelles, J., P\u00e9rez-Berezo, T., Corregidor, C., Casta\u00f1o, O., Engel, E., Fern\u00e1ndez-Majada, V., Mart\u00ednez, E.*, 2019. Hydrogel co-networks of gelatin methacrylate and poly(ethylene glycol) diacrylate sustain 3D functional in vitro models of intestinal mucosa Biofabrication (in press)<\/em><\/p>\n<p><em>[3] Casta\u00f1o, AG; Garcia-Diaz, M; Torras, N; Altay, G; Comelles, J; Martinez, E. Dynamic photopolymerization produces complex microstructures on hydrogels in a moldless approach to generate a 3D intestinal tissue model, Biofabrication 2019, 11(2) art no. 025007<\/em><\/p>\n<p>&nbsp;<\/p>\n","protected":false},"excerpt":{"rendered":"<p>Group: Biomimetic systems for cell engineering Group leader: Elena Mart\u00ednez (emartinez@ibecbarcelona.eu) Microfluidics it is nowadays recognized as a key technology in which, by controlling small volumes of fluids in microsystems, &#8230; <a title=\"Bioprinted hydrogel microfluidics to mimic tissue barriers\" class=\"read-more\" href=\"https:\/\/ibecbarcelona.eu\/for-students\/doing-your-phd\/ibec-international-phd-programme\/engineering-of-a-3d-organotypic-model-of-intestinal-mucosa-for-cancer-research\/\" aria-label=\"More on Bioprinted hydrogel microfluidics to mimic tissue barriers\">Read more<\/a><\/p>\n","protected":false},"author":4,"featured_media":0,"parent":24978,"menu_order":0,"comment_status":"closed","ping_status":"closed","template":"","meta":{"footnotes":""},"tags":[],"class_list":["post-71154","page","type-page","status-publish"],"yoast_head":"<!-- This site is optimized with the Yoast SEO plugin v27.4 - https:\/\/yoast.com\/product\/yoast-seo-wordpress\/ -->\n<title>Bioprinted hydrogel microfluidics to mimic tissue barriers - Institute for Bioengineering of Catalonia<\/title>\n<meta name=\"robots\" content=\"index, follow, max-snippet:-1, max-image-preview:large, max-video-preview:-1\" \/>\n<link rel=\"canonical\" href=\"https:\/\/ibecbarcelona.eu\/for-students\/doing-your-phd\/ibec-international-phd-programme\/engineering-of-a-3d-organotypic-model-of-intestinal-mucosa-for-cancer-research\/\" \/>\n<meta property=\"og:locale\" content=\"es_ES\" \/>\n<meta property=\"og:type\" content=\"article\" \/>\n<meta property=\"og:title\" content=\"Bioprinted hydrogel microfluidics to mimic tissue barriers - Institute for Bioengineering of Catalonia\" \/>\n<meta property=\"og:description\" content=\"Group: Biomimetic systems for cell engineering Group leader: Elena Mart\u00ednez (emartinez@ibecbarcelona.eu) Microfluidics it is nowadays recognized as a key technology in which, by controlling small volumes of fluids in microsystems, ... Read more\" \/>\n<meta property=\"og:url\" content=\"https:\/\/ibecbarcelona.eu\/for-students\/doing-your-phd\/ibec-international-phd-programme\/engineering-of-a-3d-organotypic-model-of-intestinal-mucosa-for-cancer-research\/\" \/>\n<meta property=\"og:site_name\" content=\"Institute for Bioengineering of Catalonia\" \/>\n<meta property=\"article:modified_time\" content=\"2020-02-10T20:23:16+00:00\" \/>\n<meta name=\"twitter:card\" content=\"summary_large_image\" \/>\n<meta name=\"twitter:label1\" content=\"Tiempo de lectura\" \/>\n\t<meta name=\"twitter:data1\" content=\"2 minutos\" \/>\n<script type=\"application\/ld+json\" class=\"yoast-schema-graph\">{\"@context\":\"https:\\\/\\\/schema.org\",\"@graph\":[{\"@type\":\"WebPage\",\"@id\":\"https:\\\/\\\/ibecbarcelona.eu\\\/for-students\\\/doing-your-phd\\\/ibec-international-phd-programme\\\/engineering-of-a-3d-organotypic-model-of-intestinal-mucosa-for-cancer-research\\\/\",\"url\":\"https:\\\/\\\/ibecbarcelona.eu\\\/for-students\\\/doing-your-phd\\\/ibec-international-phd-programme\\\/engineering-of-a-3d-organotypic-model-of-intestinal-mucosa-for-cancer-research\\\/\",\"name\":\"Bioprinted hydrogel microfluidics to mimic tissue barriers - Institute for Bioengineering of Catalonia\",\"isPartOf\":{\"@id\":\"https:\\\/\\\/ibecbarcelona.eu\\\/#website\"},\"datePublished\":\"2020-02-10T17:08:46+00:00\",\"dateModified\":\"2020-02-10T20:23:16+00:00\",\"breadcrumb\":{\"@id\":\"https:\\\/\\\/ibecbarcelona.eu\\\/for-students\\\/doing-your-phd\\\/ibec-international-phd-programme\\\/engineering-of-a-3d-organotypic-model-of-intestinal-mucosa-for-cancer-research\\\/#breadcrumb\"},\"inLanguage\":\"es\",\"potentialAction\":[{\"@type\":\"ReadAction\",\"target\":[\"https:\\\/\\\/ibecbarcelona.eu\\\/for-students\\\/doing-your-phd\\\/ibec-international-phd-programme\\\/engineering-of-a-3d-organotypic-model-of-intestinal-mucosa-for-cancer-research\\\/\"]}]},{\"@type\":\"BreadcrumbList\",\"@id\":\"https:\\\/\\\/ibecbarcelona.eu\\\/for-students\\\/doing-your-phd\\\/ibec-international-phd-programme\\\/engineering-of-a-3d-organotypic-model-of-intestinal-mucosa-for-cancer-research\\\/#breadcrumb\",\"itemListElement\":[{\"@type\":\"ListItem\",\"position\":1,\"name\":\"Home\",\"item\":\"https:\\\/\\\/ibecbarcelona.eu\\\/es\\\/\"},{\"@type\":\"ListItem\",\"position\":2,\"name\":\"Career in Bioengineering\",\"item\":\"https:\\\/\\\/ibecbarcelona.eu\\\/career-in-bioengineering\\\/\"},{\"@type\":\"ListItem\",\"position\":3,\"name\":\"Doing your PhD at IBEC\",\"item\":\"https:\\\/\\\/ibecbarcelona.eu\\\/career-in-bioengineering\\\/doing-your-phd\\\/\"},{\"@type\":\"ListItem\",\"position\":4,\"name\":\"IBEC International PhD Programme fellowships\",\"item\":\"https:\\\/\\\/ibecbarcelona.eu\\\/phd\\\/iippfellowships\\\/\"},{\"@type\":\"ListItem\",\"position\":5,\"name\":\"Bioprinted hydrogel microfluidics to mimic tissue barriers\"}]},{\"@type\":\"WebSite\",\"@id\":\"https:\\\/\\\/ibecbarcelona.eu\\\/#website\",\"url\":\"https:\\\/\\\/ibecbarcelona.eu\\\/\",\"name\":\"Institute for Bioengineering of Catalonia\",\"description\":\"Bioengineering solutions for health\",\"publisher\":{\"@id\":\"https:\\\/\\\/ibecbarcelona.eu\\\/#organization\"},\"potentialAction\":[{\"@type\":\"SearchAction\",\"target\":{\"@type\":\"EntryPoint\",\"urlTemplate\":\"https:\\\/\\\/ibecbarcelona.eu\\\/?s={search_term_string}\"},\"query-input\":{\"@type\":\"PropertyValueSpecification\",\"valueRequired\":true,\"valueName\":\"search_term_string\"}}],\"inLanguage\":\"es\"},{\"@type\":\"Organization\",\"@id\":\"https:\\\/\\\/ibecbarcelona.eu\\\/#organization\",\"name\":\"Institute for Bioengineering of Catalonia\",\"url\":\"https:\\\/\\\/ibecbarcelona.eu\\\/\",\"logo\":{\"@type\":\"ImageObject\",\"inLanguage\":\"es\",\"@id\":\"https:\\\/\\\/ibecbarcelona.eu\\\/#\\\/schema\\\/logo\\\/image\\\/\",\"url\":\"https:\\\/\\\/ibecbarcelona.eu\\\/wp-content\\\/uploads\\\/2026\\\/01\\\/cropped-IBEC_20ANYS_GRIS.png\",\"contentUrl\":\"https:\\\/\\\/ibecbarcelona.eu\\\/wp-content\\\/uploads\\\/2026\\\/01\\\/cropped-IBEC_20ANYS_GRIS.png\",\"width\":696,\"height\":257,\"caption\":\"Institute for Bioengineering of Catalonia\"},\"image\":{\"@id\":\"https:\\\/\\\/ibecbarcelona.eu\\\/#\\\/schema\\\/logo\\\/image\\\/\"}}]}<\/script>\n<!-- \/ Yoast SEO plugin. -->","yoast_head_json":{"title":"Bioprinted hydrogel microfluidics to mimic tissue barriers - Institute for Bioengineering of Catalonia","robots":{"index":"index","follow":"follow","max-snippet":"max-snippet:-1","max-image-preview":"max-image-preview:large","max-video-preview":"max-video-preview:-1"},"canonical":"https:\/\/ibecbarcelona.eu\/for-students\/doing-your-phd\/ibec-international-phd-programme\/engineering-of-a-3d-organotypic-model-of-intestinal-mucosa-for-cancer-research\/","og_locale":"es_ES","og_type":"article","og_title":"Bioprinted hydrogel microfluidics to mimic tissue barriers - Institute for Bioengineering of Catalonia","og_description":"Group: Biomimetic systems for cell engineering Group leader: Elena Mart\u00ednez (emartinez@ibecbarcelona.eu) Microfluidics it is nowadays recognized as a key technology in which, by controlling small volumes of fluids in microsystems, ... Read more","og_url":"https:\/\/ibecbarcelona.eu\/for-students\/doing-your-phd\/ibec-international-phd-programme\/engineering-of-a-3d-organotypic-model-of-intestinal-mucosa-for-cancer-research\/","og_site_name":"Institute for Bioengineering of Catalonia","article_modified_time":"2020-02-10T20:23:16+00:00","twitter_card":"summary_large_image","twitter_misc":{"Tiempo de lectura":"2 minutos"},"schema":{"@context":"https:\/\/schema.org","@graph":[{"@type":"WebPage","@id":"https:\/\/ibecbarcelona.eu\/for-students\/doing-your-phd\/ibec-international-phd-programme\/engineering-of-a-3d-organotypic-model-of-intestinal-mucosa-for-cancer-research\/","url":"https:\/\/ibecbarcelona.eu\/for-students\/doing-your-phd\/ibec-international-phd-programme\/engineering-of-a-3d-organotypic-model-of-intestinal-mucosa-for-cancer-research\/","name":"Bioprinted hydrogel microfluidics to mimic tissue barriers - Institute for Bioengineering of Catalonia","isPartOf":{"@id":"https:\/\/ibecbarcelona.eu\/#website"},"datePublished":"2020-02-10T17:08:46+00:00","dateModified":"2020-02-10T20:23:16+00:00","breadcrumb":{"@id":"https:\/\/ibecbarcelona.eu\/for-students\/doing-your-phd\/ibec-international-phd-programme\/engineering-of-a-3d-organotypic-model-of-intestinal-mucosa-for-cancer-research\/#breadcrumb"},"inLanguage":"es","potentialAction":[{"@type":"ReadAction","target":["https:\/\/ibecbarcelona.eu\/for-students\/doing-your-phd\/ibec-international-phd-programme\/engineering-of-a-3d-organotypic-model-of-intestinal-mucosa-for-cancer-research\/"]}]},{"@type":"BreadcrumbList","@id":"https:\/\/ibecbarcelona.eu\/for-students\/doing-your-phd\/ibec-international-phd-programme\/engineering-of-a-3d-organotypic-model-of-intestinal-mucosa-for-cancer-research\/#breadcrumb","itemListElement":[{"@type":"ListItem","position":1,"name":"Home","item":"https:\/\/ibecbarcelona.eu\/es\/"},{"@type":"ListItem","position":2,"name":"Career in Bioengineering","item":"https:\/\/ibecbarcelona.eu\/career-in-bioengineering\/"},{"@type":"ListItem","position":3,"name":"Doing your PhD at IBEC","item":"https:\/\/ibecbarcelona.eu\/career-in-bioengineering\/doing-your-phd\/"},{"@type":"ListItem","position":4,"name":"IBEC International PhD Programme fellowships","item":"https:\/\/ibecbarcelona.eu\/phd\/iippfellowships\/"},{"@type":"ListItem","position":5,"name":"Bioprinted hydrogel microfluidics to mimic tissue barriers"}]},{"@type":"WebSite","@id":"https:\/\/ibecbarcelona.eu\/#website","url":"https:\/\/ibecbarcelona.eu\/","name":"Institute for Bioengineering of Catalonia","description":"Bioengineering solutions for health","publisher":{"@id":"https:\/\/ibecbarcelona.eu\/#organization"},"potentialAction":[{"@type":"SearchAction","target":{"@type":"EntryPoint","urlTemplate":"https:\/\/ibecbarcelona.eu\/?s={search_term_string}"},"query-input":{"@type":"PropertyValueSpecification","valueRequired":true,"valueName":"search_term_string"}}],"inLanguage":"es"},{"@type":"Organization","@id":"https:\/\/ibecbarcelona.eu\/#organization","name":"Institute for Bioengineering of Catalonia","url":"https:\/\/ibecbarcelona.eu\/","logo":{"@type":"ImageObject","inLanguage":"es","@id":"https:\/\/ibecbarcelona.eu\/#\/schema\/logo\/image\/","url":"https:\/\/ibecbarcelona.eu\/wp-content\/uploads\/2026\/01\/cropped-IBEC_20ANYS_GRIS.png","contentUrl":"https:\/\/ibecbarcelona.eu\/wp-content\/uploads\/2026\/01\/cropped-IBEC_20ANYS_GRIS.png","width":696,"height":257,"caption":"Institute for Bioengineering of Catalonia"},"image":{"@id":"https:\/\/ibecbarcelona.eu\/#\/schema\/logo\/image\/"}}]}},"AFP_featured_media_urls":{"full":false,"thumbnail":false,"medium":false,"medium_large":false,"large":false},"AFP_attachments":[],"AFP_videos":[],"AFP_video_blocks":"","AFP_category_names":[],"_links":{"self":[{"href":"https:\/\/ibecbarcelona.eu\/es\/wp-json\/wp\/v2\/pages\/71154","targetHints":{"allow":["GET"]}}],"collection":[{"href":"https:\/\/ibecbarcelona.eu\/es\/wp-json\/wp\/v2\/pages"}],"about":[{"href":"https:\/\/ibecbarcelona.eu\/es\/wp-json\/wp\/v2\/types\/page"}],"author":[{"embeddable":true,"href":"https:\/\/ibecbarcelona.eu\/es\/wp-json\/wp\/v2\/users\/4"}],"replies":[{"embeddable":true,"href":"https:\/\/ibecbarcelona.eu\/es\/wp-json\/wp\/v2\/comments?post=71154"}],"version-history":[{"count":3,"href":"https:\/\/ibecbarcelona.eu\/es\/wp-json\/wp\/v2\/pages\/71154\/revisions"}],"predecessor-version":[{"id":71234,"href":"https:\/\/ibecbarcelona.eu\/es\/wp-json\/wp\/v2\/pages\/71154\/revisions\/71234"}],"up":[{"embeddable":true,"href":"https:\/\/ibecbarcelona.eu\/es\/wp-json\/wp\/v2\/pages\/24978"}],"wp:attachment":[{"href":"https:\/\/ibecbarcelona.eu\/es\/wp-json\/wp\/v2\/media?parent=71154"}],"wp:term":[{"taxonomy":"post_tag","embeddable":true,"href":"https:\/\/ibecbarcelona.eu\/es\/wp-json\/wp\/v2\/tags?post=71154"}],"curies":[{"name":"wp","href":"https:\/\/api.w.org\/{rel}","templated":true}]}}