
{"id":73680,"date":"2020-04-22T23:01:48","date_gmt":"2020-04-22T21:01:48","guid":{"rendered":"http:\/\/ibecbarcelona.eu\/?page_id=73680"},"modified":"2022-01-11T17:52:39","modified_gmt":"2022-01-11T16:52:39","slug":"superamigos-del-ibec","status":"publish","type":"page","link":"https:\/\/ibecbarcelona.eu\/es\/superamigos-del-ibec\/","title":{"rendered":"SUPERAMIGOS del IBEC"},"content":{"rendered":"<p>&nbsp;<\/p>\n<p><img decoding=\"async\" class=\"aligncenter size-full wp-image-73681 lazyload\" data-src=\"https:\/\/ibecbarcelona.eu\/wp-content\/uploads\/2020\/04\/banner_superamigos.jpg\" alt=\"\" width=\"1400\" height=\"539\" data-srcset=\"https:\/\/ibecbarcelona.eu\/wp-content\/uploads\/2020\/04\/banner_superamigos.jpg 1400w, https:\/\/ibecbarcelona.eu\/wp-content\/uploads\/2020\/04\/banner_superamigos-300x116.jpg 300w, https:\/\/ibecbarcelona.eu\/wp-content\/uploads\/2020\/04\/banner_superamigos-1024x394.jpg 1024w, https:\/\/ibecbarcelona.eu\/wp-content\/uploads\/2020\/04\/banner_superamigos-768x296.jpg 768w, https:\/\/ibecbarcelona.eu\/wp-content\/uploads\/2020\/04\/banner_superamigos-150x58.jpg 150w\" data-sizes=\"(max-width: 1400px) 100vw, 1400px\" src=\"data:image\/svg+xml;base64,PHN2ZyB3aWR0aD0iMSIgaGVpZ2h0PSIxIiB4bWxucz0iaHR0cDovL3d3dy53My5vcmcvMjAwMC9zdmciPjwvc3ZnPg==\" style=\"--smush-placeholder-width: 1400px; --smush-placeholder-aspect-ratio: 1400\/539;\" \/><\/p>\n<p>&nbsp;<\/p>\n<p><strong>En IBEC somos muchos, y muy distintos, pero hay algo que nos une a todos: la curiosidad, el ingenio y las ganas de hallar soluciones a problemas de salud. Pero IBEC no ser\u00eda lo mismo sin un grupo de personas muy importante para nosotros: nuestros superamigos.<\/strong><\/p>\n<p>Los Superamigos de IBEC son personas que, como t\u00fa, se preocupan por los dem\u00e1s y creen que la ciencia y la bioingenier\u00eda puede ayudarnos a luchar contra las enfermedades, a estar m\u00e1s sanos y a envejecer con mayor calidad de vida.<\/p>\n<h2>\u00bfPor qu\u00e9 convertirte en SUPERAMIGO\/A IBEC?<\/h2>\n<p>Queremos que nos conozcas mejor y disfrutes de la bioingenier\u00eda. Es por ello que, por el simple hecho de convertirte en nuestro SUPERAMIGO\/A, te ofreceremos, todas estas ventajas:<\/p>\n<p>&#8211; Visitas a nuestras instalaciones, en un centro de investigaci\u00f3n puntero a nivel europeo.<br \/>\n&#8211; Inscripci\u00f3n preferente a talleres de ciencia para todos los p\u00fablicos.<br \/>\n&#8211; Informaci\u00f3n sobre las \u00faltimos descubrimientos y avances en bioingenier\u00eda para salud.<br \/>\n&#8211; Informaci\u00f3n sobre ferias, conferencias de ciencia y eventos de divulgaci\u00f3n en bioingenier\u00eda.<\/p>\n<h2>\u00bfQu\u00e9 tengo que hacer para convertirme en SUPERAMIGO\/A de IBEC?<\/h2>\n<p>&nbsp;<\/p>\n<p>Completa este formulario:<\/p>\n\n<div class=\"wpcf7 no-js\" id=\"wpcf7-f73686-o1\" lang=\"en-US\" dir=\"ltr\" data-wpcf7-id=\"73686\">\n<div class=\"screen-reader-response\"><p role=\"status\" aria-live=\"polite\" aria-atomic=\"true\"><\/p> <ul><\/ul><\/div>\n<form action=\"\/es\/wp-json\/wp\/v2\/pages\/73680#wpcf7-f73686-o1\" method=\"post\" class=\"wpcf7-form init d78512de3621 cmatic-conn cmatic-aud-2 cmatic-mapd0-0 cmatic-v097802 cmatic-sent-0 cmatic-total-6\" aria-label=\"Contact form\" novalidate=\"novalidate\" data-status=\"init\">\n<fieldset class=\"hidden-fields-container\"><input type=\"hidden\" name=\"_wpcf7\" value=\"73686\" \/><input type=\"hidden\" name=\"_wpcf7_version\" value=\"6.1.5\" \/><input type=\"hidden\" name=\"_wpcf7_locale\" value=\"en_US\" \/><input type=\"hidden\" name=\"_wpcf7_unit_tag\" value=\"wpcf7-f73686-o1\" \/><input type=\"hidden\" name=\"_wpcf7_container_post\" value=\"0\" \/><input type=\"hidden\" name=\"_wpcf7_posted_data_hash\" value=\"\" \/><input type=\"hidden\" name=\"_wpcf7_recaptcha_response\" value=\"\" \/>\n<\/fieldset>\n<p><span class=\"wpcf7-form-control-wrap\" data-name=\"nombre\"><input size=\"40\" maxlength=\"400\" class=\"wpcf7-form-control wpcf7-text wpcf7-validates-as-required\" id=\"tiny-field\" aria-required=\"true\" aria-invalid=\"false\" placeholder=\"Nombre\" value=\"\" type=\"text\" name=\"nombre\" \/><\/span>\n<\/p>\n<p><span class=\"wpcf7-form-control-wrap\" data-name=\"apellido\"><input size=\"40\" maxlength=\"400\" class=\"wpcf7-form-control wpcf7-text wpcf7-validates-as-required\" aria-required=\"true\" aria-invalid=\"false\" placeholder=\"Apellido\" value=\"\" type=\"text\" name=\"apellido\" \/><\/span>\n<\/p>\n<p><span class=\"wpcf7-form-control-wrap\" data-name=\"email\"><input size=\"40\" maxlength=\"400\" class=\"wpcf7-form-control wpcf7-email wpcf7-validates-as-required wpcf7-text wpcf7-validates-as-email\" aria-required=\"true\" aria-invalid=\"false\" placeholder=\"Email\" value=\"\" type=\"email\" name=\"email\" \/><\/span>\n<\/p>\n<p><span class=\"wpcf7-form-control-wrap\" data-name=\"cp\"><input size=\"40\" maxlength=\"400\" class=\"wpcf7-form-control wpcf7-text wpcf7-validates-as-required\" aria-required=\"true\" aria-invalid=\"false\" placeholder=\"Codigo Postal\" value=\"\" type=\"text\" name=\"cp\" \/><\/span>\n<\/p>\n<p>Idioma preferente: <small><span class=\"wpcf7-form-control-wrap\" data-name=\"idioma\"><span class=\"wpcf7-form-control wpcf7-radio\"><span class=\"wpcf7-list-item first\"><span class=\"wpcf7-list-item-label\">Castellano<\/span><input type=\"radio\" name=\"idioma\" value=\"Castellano\" checked=\"checked\" \/><\/span><span class=\"wpcf7-list-item\"><span class=\"wpcf7-list-item-label\">Catal\u00e1n<\/span><input type=\"radio\" name=\"idioma\" value=\"Catal\u00e1n\" \/><\/span><span class=\"wpcf7-list-item last\"><span class=\"wpcf7-list-item-label\">Ingl\u00e9s<\/span><input type=\"radio\" name=\"idioma\" value=\"Ingl\u00e9s\" \/><\/span><\/span><\/span><\/small>\n<\/p>\n<p><small><span class=\"wpcf7-form-control-wrap\" data-name=\"privacidad\"><span class=\"wpcf7-form-control wpcf7-acceptance\"><span class=\"wpcf7-list-item\"><label><input type=\"checkbox\" name=\"privacidad\" value=\"1\" checked=\"checked\" aria-invalid=\"false\" \/><span class=\"wpcf7-list-item-label\">Estoy de acuerdo en recibir comunicaciones sobre eventos, novedades, y campa\u00f1as que puedan ser de mi inter\u00e9s. He le\u00eddo y acepto la\u00a0<a href=\"https:\/\/ibecbarcelona.org\/wp-content\/uploads\/2020\/04\/ley-de-proteccion-datos-IBEC_ES.pdf\" target=\"_blank\" rel=\"nofollow noopener\">Pol\u00edtica de Privacidad<\/a>.<\/span><\/label><\/span><\/span><\/span><\/small>\n<\/p>\n<p><input class=\"wpcf7-form-control wpcf7-submit has-spinner\" type=\"submit\" value=\"HACERSE SUPERAMIGO\/A\" \/>\n<\/p><div class=\"wpcf7-response-output\" aria-hidden=\"true\"><\/div>\n<\/form>\n<\/div>\n\n<p>&nbsp;<\/p>\n<p><em>Para cualquier consulta sobre el programa de SuperAMIGOS IBEC, puedes contactarnos en: ibecommunications@ibecbarcelona.eu.<\/em><\/p>\n<p>&nbsp;<\/p>\n<p>&nbsp;<\/p>\n<h2>Tambi\u00e9n puedes ayudarnos a acelerar la investigaci\u00f3n con el programa <a href=\"https:\/\/ibecbarcelona.org\/es\/\" target=\"_blank\" rel=\"noopener noreferrer\">FASTER FUTURE<\/a><\/h2>\n<p><a href=\"https:\/\/ibecbarcelona.org\/es\/\" target=\"_blank\" rel=\"noopener noreferrer\"><img decoding=\"async\" class=\"aligncenter wp-image-73688 size-full lazyload\" data-src=\"https:\/\/ibecbarcelona.eu\/wp-content\/uploads\/2020\/04\/portadaff_.jpg\" alt=\"\" width=\"900\" height=\"434\" data-srcset=\"https:\/\/ibecbarcelona.eu\/wp-content\/uploads\/2020\/04\/portadaff_.jpg 900w, https:\/\/ibecbarcelona.eu\/wp-content\/uploads\/2020\/04\/portadaff_-300x145.jpg 300w, https:\/\/ibecbarcelona.eu\/wp-content\/uploads\/2020\/04\/portadaff_-768x370.jpg 768w, https:\/\/ibecbarcelona.eu\/wp-content\/uploads\/2020\/04\/portadaff_-150x72.jpg 150w\" data-sizes=\"(max-width: 900px) 100vw, 900px\" src=\"data:image\/svg+xml;base64,PHN2ZyB3aWR0aD0iMSIgaGVpZ2h0PSIxIiB4bWxucz0iaHR0cDovL3d3dy53My5vcmcvMjAwMC9zdmciPjwvc3ZnPg==\" style=\"--smush-placeholder-width: 900px; --smush-placeholder-aspect-ratio: 900\/434;\" \/><\/a><\/p>\n<p>&nbsp;<\/p>\n<p>Tambi\u00e9n puedes ayudarnos a utilizar nuestro principal superpoder, la bioingenier\u00eda, para intentar encontrar las soluciones de graves problemas de salud.<\/p>\n<p>Visita <a href=\"https:\/\/ibecbarcelona.org\/es\/proyectos\/\" target=\"_blank\" rel=\"noopener noreferrer\">nuestras campa\u00f1as<\/a>\u00a0 te invitamos a impulsar con una aportaci\u00f3n econ\u00f3mica los proyectos de investigaci\u00f3n en curso. A partir de una donaci\u00f3n de 10 Euros ya puedes ayudarnos a acelerar la investigaci\u00f3n.<\/p>\n<p>Gracias al programa FASTER FUTURE, los equipos de investigaci\u00f3n de IBEC est\u00e1n ya avanzando hacia un FUTURO MEJOR y t\u00fa puedes contribuir:<\/p>\n<p>&#8211; <a href=\"https:\/\/ibecbarcelona.org\/es\/portfolio-items\/distrofia-muscular\/\" target=\"_blank\" rel=\"noopener noreferrer\">Proyecto Distrofia Muscular<\/a><br \/>\n&#8211; <a href=\"https:\/\/ibecbarcelona.org\/es\/portfolio-items\/a-por-el-parkinson\/\" target=\"_blank\" rel=\"noopener noreferrer\">Proyecto Parkinson<\/a><br \/>\n&#8211; <a href=\"https:\/\/ibecbarcelona.org\/es\/portfolio-items\/covid19\/\" target=\"_blank\" rel=\"noopener noreferrer\">Proyecto Covid19<\/a><\/p>\n","protected":false},"excerpt":{"rendered":"<p>&nbsp; &nbsp; En IBEC somos muchos, y muy distintos, pero hay algo que nos une a todos: la curiosidad, el ingenio y las ganas de hallar soluciones a problemas de &#8230; <a title=\"SUPERAMIGOS del IBEC\" class=\"read-more\" href=\"https:\/\/ibecbarcelona.eu\/es\/superamigos-del-ibec\/\" aria-label=\"More on SUPERAMIGOS del IBEC\">Read more<\/a><\/p>\n","protected":false},"author":4,"featured_media":0,"parent":0,"menu_order":0,"comment_status":"closed","ping_status":"closed","template":"templates\/template-onecolumn.php","meta":{"footnotes":""},"class_list":["post-73680","page","type-page","status-publish"],"yoast_head":"<!-- This site is optimized with the Yoast SEO plugin v27.5 - https:\/\/yoast.com\/product\/yoast-seo-wordpress\/ -->\n<title>SUPERAMIGOS del IBEC - Institute for Bioengineering of Catalonia<\/title>\n<meta name=\"robots\" content=\"index, follow, max-snippet:-1, max-image-preview:large, max-video-preview:-1\" \/>\n<link rel=\"canonical\" href=\"https:\/\/ibecbarcelona.eu\/es\/superamigos-del-ibec\/\" \/>\n<meta property=\"og:locale\" content=\"es_ES\" \/>\n<meta property=\"og:type\" content=\"article\" \/>\n<meta property=\"og:title\" content=\"SUPERAMIGOS del IBEC - Institute for Bioengineering of Catalonia\" \/>\n<meta property=\"og:description\" content=\"&nbsp; &nbsp; En IBEC somos muchos, y muy distintos, pero hay algo que nos une a todos: la curiosidad, el ingenio y las ganas de hallar soluciones a problemas de ... Read more\" \/>\n<meta property=\"og:url\" content=\"https:\/\/ibecbarcelona.eu\/es\/superamigos-del-ibec\/\" \/>\n<meta property=\"og:site_name\" content=\"Institute for Bioengineering of Catalonia\" \/>\n<meta property=\"article:modified_time\" content=\"2022-01-11T16:52:39+00:00\" \/>\n<meta property=\"og:image\" content=\"https:\/\/ibecbarcelona.eu\/wp-content\/uploads\/2020\/04\/banner_superamigos.jpg\" \/>\n<meta name=\"twitter:card\" content=\"summary_large_image\" \/>\n<meta name=\"twitter:label1\" content=\"Tiempo de lectura\" \/>\n\t<meta name=\"twitter:data1\" content=\"2 minutos\" \/>\n<script type=\"application\/ld+json\" class=\"yoast-schema-graph\">{\"@context\":\"https:\\\/\\\/schema.org\",\"@graph\":[{\"@type\":\"WebPage\",\"@id\":\"https:\\\/\\\/ibecbarcelona.eu\\\/es\\\/superamigos-del-ibec\\\/\",\"url\":\"https:\\\/\\\/ibecbarcelona.eu\\\/es\\\/superamigos-del-ibec\\\/\",\"name\":\"SUPERAMIGOS del IBEC - Institute for Bioengineering of Catalonia\",\"isPartOf\":{\"@id\":\"https:\\\/\\\/ibecbarcelona.eu\\\/#website\"},\"primaryImageOfPage\":{\"@id\":\"https:\\\/\\\/ibecbarcelona.eu\\\/es\\\/superamigos-del-ibec\\\/#primaryimage\"},\"image\":{\"@id\":\"https:\\\/\\\/ibecbarcelona.eu\\\/es\\\/superamigos-del-ibec\\\/#primaryimage\"},\"thumbnailUrl\":\"https:\\\/\\\/ibecbarcelona.eu\\\/wp-content\\\/uploads\\\/2020\\\/04\\\/banner_superamigos.jpg\",\"datePublished\":\"2020-04-22T21:01:48+00:00\",\"dateModified\":\"2022-01-11T16:52:39+00:00\",\"breadcrumb\":{\"@id\":\"https:\\\/\\\/ibecbarcelona.eu\\\/es\\\/superamigos-del-ibec\\\/#breadcrumb\"},\"inLanguage\":\"es\",\"potentialAction\":[{\"@type\":\"ReadAction\",\"target\":[\"https:\\\/\\\/ibecbarcelona.eu\\\/es\\\/superamigos-del-ibec\\\/\"]}]},{\"@type\":\"ImageObject\",\"inLanguage\":\"es\",\"@id\":\"https:\\\/\\\/ibecbarcelona.eu\\\/es\\\/superamigos-del-ibec\\\/#primaryimage\",\"url\":\"https:\\\/\\\/ibecbarcelona.eu\\\/wp-content\\\/uploads\\\/2020\\\/04\\\/banner_superamigos.jpg\",\"contentUrl\":\"https:\\\/\\\/ibecbarcelona.eu\\\/wp-content\\\/uploads\\\/2020\\\/04\\\/banner_superamigos.jpg\"},{\"@type\":\"BreadcrumbList\",\"@id\":\"https:\\\/\\\/ibecbarcelona.eu\\\/es\\\/superamigos-del-ibec\\\/#breadcrumb\",\"itemListElement\":[{\"@type\":\"ListItem\",\"position\":1,\"name\":\"Home\",\"item\":\"https:\\\/\\\/ibecbarcelona.eu\\\/es\\\/\"},{\"@type\":\"ListItem\",\"position\":2,\"name\":\"SUPERAMIGOS del IBEC\"}]},{\"@type\":\"WebSite\",\"@id\":\"https:\\\/\\\/ibecbarcelona.eu\\\/#website\",\"url\":\"https:\\\/\\\/ibecbarcelona.eu\\\/\",\"name\":\"Institute for Bioengineering of Catalonia\",\"description\":\"Bioengineering solutions for health\",\"publisher\":{\"@id\":\"https:\\\/\\\/ibecbarcelona.eu\\\/#organization\"},\"potentialAction\":[{\"@type\":\"SearchAction\",\"target\":{\"@type\":\"EntryPoint\",\"urlTemplate\":\"https:\\\/\\\/ibecbarcelona.eu\\\/?s={search_term_string}\"},\"query-input\":{\"@type\":\"PropertyValueSpecification\",\"valueRequired\":true,\"valueName\":\"search_term_string\"}}],\"inLanguage\":\"es\"},{\"@type\":\"Organization\",\"@id\":\"https:\\\/\\\/ibecbarcelona.eu\\\/#organization\",\"name\":\"Institute for Bioengineering of Catalonia\",\"url\":\"https:\\\/\\\/ibecbarcelona.eu\\\/\",\"logo\":{\"@type\":\"ImageObject\",\"inLanguage\":\"es\",\"@id\":\"https:\\\/\\\/ibecbarcelona.eu\\\/#\\\/schema\\\/logo\\\/image\\\/\",\"url\":\"https:\\\/\\\/ibecbarcelona.eu\\\/wp-content\\\/uploads\\\/2026\\\/01\\\/cropped-IBEC_20ANYS_GRIS.png\",\"contentUrl\":\"https:\\\/\\\/ibecbarcelona.eu\\\/wp-content\\\/uploads\\\/2026\\\/01\\\/cropped-IBEC_20ANYS_GRIS.png\",\"width\":696,\"height\":257,\"caption\":\"Institute for Bioengineering of Catalonia\"},\"image\":{\"@id\":\"https:\\\/\\\/ibecbarcelona.eu\\\/#\\\/schema\\\/logo\\\/image\\\/\"}}]}<\/script>\n<!-- \/ Yoast SEO plugin. -->","yoast_head_json":{"title":"SUPERAMIGOS del IBEC - Institute for Bioengineering of Catalonia","robots":{"index":"index","follow":"follow","max-snippet":"max-snippet:-1","max-image-preview":"max-image-preview:large","max-video-preview":"max-video-preview:-1"},"canonical":"https:\/\/ibecbarcelona.eu\/es\/superamigos-del-ibec\/","og_locale":"es_ES","og_type":"article","og_title":"SUPERAMIGOS del IBEC - Institute for Bioengineering of Catalonia","og_description":"&nbsp; &nbsp; En IBEC somos muchos, y muy distintos, pero hay algo que nos une a todos: la curiosidad, el ingenio y las ganas de hallar soluciones a problemas de ... Read more","og_url":"https:\/\/ibecbarcelona.eu\/es\/superamigos-del-ibec\/","og_site_name":"Institute for Bioengineering of Catalonia","article_modified_time":"2022-01-11T16:52:39+00:00","og_image":[{"url":"https:\/\/ibecbarcelona.eu\/wp-content\/uploads\/2020\/04\/banner_superamigos.jpg","type":"","width":"","height":""}],"twitter_card":"summary_large_image","twitter_misc":{"Tiempo de lectura":"2 minutos"},"schema":{"@context":"https:\/\/schema.org","@graph":[{"@type":"WebPage","@id":"https:\/\/ibecbarcelona.eu\/es\/superamigos-del-ibec\/","url":"https:\/\/ibecbarcelona.eu\/es\/superamigos-del-ibec\/","name":"SUPERAMIGOS del IBEC - Institute for Bioengineering of Catalonia","isPartOf":{"@id":"https:\/\/ibecbarcelona.eu\/#website"},"primaryImageOfPage":{"@id":"https:\/\/ibecbarcelona.eu\/es\/superamigos-del-ibec\/#primaryimage"},"image":{"@id":"https:\/\/ibecbarcelona.eu\/es\/superamigos-del-ibec\/#primaryimage"},"thumbnailUrl":"https:\/\/ibecbarcelona.eu\/wp-content\/uploads\/2020\/04\/banner_superamigos.jpg","datePublished":"2020-04-22T21:01:48+00:00","dateModified":"2022-01-11T16:52:39+00:00","breadcrumb":{"@id":"https:\/\/ibecbarcelona.eu\/es\/superamigos-del-ibec\/#breadcrumb"},"inLanguage":"es","potentialAction":[{"@type":"ReadAction","target":["https:\/\/ibecbarcelona.eu\/es\/superamigos-del-ibec\/"]}]},{"@type":"ImageObject","inLanguage":"es","@id":"https:\/\/ibecbarcelona.eu\/es\/superamigos-del-ibec\/#primaryimage","url":"https:\/\/ibecbarcelona.eu\/wp-content\/uploads\/2020\/04\/banner_superamigos.jpg","contentUrl":"https:\/\/ibecbarcelona.eu\/wp-content\/uploads\/2020\/04\/banner_superamigos.jpg"},{"@type":"BreadcrumbList","@id":"https:\/\/ibecbarcelona.eu\/es\/superamigos-del-ibec\/#breadcrumb","itemListElement":[{"@type":"ListItem","position":1,"name":"Home","item":"https:\/\/ibecbarcelona.eu\/es\/"},{"@type":"ListItem","position":2,"name":"SUPERAMIGOS del IBEC"}]},{"@type":"WebSite","@id":"https:\/\/ibecbarcelona.eu\/#website","url":"https:\/\/ibecbarcelona.eu\/","name":"Institute for Bioengineering of Catalonia","description":"Bioengineering solutions for health","publisher":{"@id":"https:\/\/ibecbarcelona.eu\/#organization"},"potentialAction":[{"@type":"SearchAction","target":{"@type":"EntryPoint","urlTemplate":"https:\/\/ibecbarcelona.eu\/?s={search_term_string}"},"query-input":{"@type":"PropertyValueSpecification","valueRequired":true,"valueName":"search_term_string"}}],"inLanguage":"es"},{"@type":"Organization","@id":"https:\/\/ibecbarcelona.eu\/#organization","name":"Institute for Bioengineering of Catalonia","url":"https:\/\/ibecbarcelona.eu\/","logo":{"@type":"ImageObject","inLanguage":"es","@id":"https:\/\/ibecbarcelona.eu\/#\/schema\/logo\/image\/","url":"https:\/\/ibecbarcelona.eu\/wp-content\/uploads\/2026\/01\/cropped-IBEC_20ANYS_GRIS.png","contentUrl":"https:\/\/ibecbarcelona.eu\/wp-content\/uploads\/2026\/01\/cropped-IBEC_20ANYS_GRIS.png","width":696,"height":257,"caption":"Institute for Bioengineering of Catalonia"},"image":{"@id":"https:\/\/ibecbarcelona.eu\/#\/schema\/logo\/image\/"}}]}},"AFP_featured_media_urls":{"full":false,"thumbnail":false,"medium":false,"medium_large":false,"large":false},"AFP_attachments":{"full":["https:\/\/ibecbarcelona.eu\/wp-content\/uploads\/2020\/04\/SUPERAMIGO-DEL-IBEC3.jpg",1200,721,false],"thumbnail":["https:\/\/ibecbarcelona.eu\/wp-content\/uploads\/2020\/04\/SUPERAMIGO-DEL-IBEC3-150x150.jpg",150,150,true],"medium":["https:\/\/ibecbarcelona.eu\/wp-content\/uploads\/2020\/04\/SUPERAMIGO-DEL-IBEC3-300x180.jpg",300,180,true],"medium_large":["https:\/\/ibecbarcelona.eu\/wp-content\/uploads\/2020\/04\/SUPERAMIGO-DEL-IBEC3-768x461.jpg",768,461,true],"large":["https:\/\/ibecbarcelona.eu\/wp-content\/uploads\/2020\/04\/SUPERAMIGO-DEL-IBEC3-1024x615.jpg",1024,615,true]},"AFP_videos":[],"AFP_video_blocks":"","AFP_category_names":[],"_links":{"self":[{"href":"https:\/\/ibecbarcelona.eu\/es\/wp-json\/wp\/v2\/pages\/73680","targetHints":{"allow":["GET"]}}],"collection":[{"href":"https:\/\/ibecbarcelona.eu\/es\/wp-json\/wp\/v2\/pages"}],"about":[{"href":"https:\/\/ibecbarcelona.eu\/es\/wp-json\/wp\/v2\/types\/page"}],"author":[{"embeddable":true,"href":"https:\/\/ibecbarcelona.eu\/es\/wp-json\/wp\/v2\/users\/4"}],"replies":[{"embeddable":true,"href":"https:\/\/ibecbarcelona.eu\/es\/wp-json\/wp\/v2\/comments?post=73680"}],"version-history":[{"count":19,"href":"https:\/\/ibecbarcelona.eu\/es\/wp-json\/wp\/v2\/pages\/73680\/revisions"}],"predecessor-version":[{"id":89911,"href":"https:\/\/ibecbarcelona.eu\/es\/wp-json\/wp\/v2\/pages\/73680\/revisions\/89911"}],"wp:attachment":[{"href":"https:\/\/ibecbarcelona.eu\/es\/wp-json\/wp\/v2\/media?parent=73680"}],"curies":[{"name":"wp","href":"https:\/\/api.w.org\/{rel}","templated":true}]}}