
{"id":73902,"date":"2020-05-06T16:55:07","date_gmt":"2020-05-06T14:55:07","guid":{"rendered":"http:\/\/ibecbarcelona.eu\/?page_id=73902"},"modified":"2020-05-06T16:55:07","modified_gmt":"2020-05-06T14:55:07","slug":"volunteers-in-challenging-days","status":"publish","type":"page","link":"https:\/\/ibecbarcelona.eu\/es\/volunteers-in-challenging-days\/","title":{"rendered":"Volunteers in challenging days"},"content":{"rendered":"<p><a href=\"https:\/\/ibecbarcelona.eu\/es\/volunteers-in-challenging-days\/feature_insideibec_final\/#main\"><img decoding=\"async\" class=\"size-full wp-image-73899 aligncenter lazyload\" data-src=\"https:\/\/ibecbarcelona.eu\/wp-content\/uploads\/2020\/05\/feature_insideibec_final.jpg\" alt=\"\" width=\"600\" height=\"300\" data-srcset=\"https:\/\/ibecbarcelona.eu\/wp-content\/uploads\/2020\/05\/feature_insideibec_final.jpg 600w, https:\/\/ibecbarcelona.eu\/wp-content\/uploads\/2020\/05\/feature_insideibec_final-300x150.jpg 300w, https:\/\/ibecbarcelona.eu\/wp-content\/uploads\/2020\/05\/feature_insideibec_final-150x75.jpg 150w\" data-sizes=\"(max-width: 600px) 100vw, 600px\" src=\"data:image\/svg+xml;base64,PHN2ZyB3aWR0aD0iMSIgaGVpZ2h0PSIxIiB4bWxucz0iaHR0cDovL3d3dy53My5vcmcvMjAwMC9zdmciPjwvc3ZnPg==\" style=\"--smush-placeholder-width: 600px; --smush-placeholder-aspect-ratio: 600\/300;\" \/><\/a><\/p>\n<p>Proud of the scientific community&#8217;s response in these difficult times! tweeted Ignasi, PhD at the Nanobioengineering group a few days ago. As many other IBEC researchers and staff, Ignasi knows these are not ordinary days.<\/p>\n<p>Indeed, these days are not ordinary. IBEC facilities are not busy with people going from one lab to the other carrying their samples or chatting with other institution\u2019s colleagues during a coffee break. In a few days, some IBEC people will return to our labs but not to their usual workplace. As you might know, IBEC, IRB, CRG and CNAG are participating in the ORFEU programme to set up mass testing for citizens to stop the spread of the new coronavirus outbreak.<\/p>\n<p>As requested by the Catalan Government real-time PCR (RT-PCR) are planned to be performed during the next weeks, in order to look for the presence of coronavirus genetic material in patient\u2019s samples. The response to this call was outstanding: researchers, technicians and administration staff, came together at breakneck speed to volunteer their efforts and join this initiative. There are two mass testing sites \u2013 one coordinated by the CRG at its labs at the Barcelona Biomedical Research Park (PRBB), and another at the Barcelona Science Park (PCB), jointly coordinated by IRB Barcelona, IBEC and the National Centre for Genomic Analysis Centro Nacional de An\u00e1lisis Gen\u00f3mico (CNAG-CRG), part of the CRG.<\/p>\n<p>At IBEC, more than 70 people volunteered to perform the tests, and finally a total of 26 have been selected. Overall, at the PCB facilities, more than 80 people from the three institutions will be participating in this programme. This feature is dedicated to all IBEC people contributing to the ORFEU project but, very especially, to all these volunteers.<\/p>\n<h3><span style=\"color: #aab300;\">Selecting and training volunteers<\/span><\/h3>\n<p>&nbsp;<\/p>\n<p>A Volunteer Coordinating Team was set up in order to analyse the volunteer\u2019s profiles and skills required to perform the tests. This committee was composed by Jos\u00e9 Antonio del R\u00edo, Marija Matej\u010di\u0107, Joan Montero and Carolina Mar\u00ed, and it was in charge of selecting the IBEC people who will participate in the ORFEU programme. <strong>\u201c<\/strong><strong>For me, participating in such project like the ORFEU it\u00b4s a great and extensive learning experience. <\/strong>Working<strong>\u00a0<\/strong>in the volunteers coordinating committee is especially rewarding to me because I am witnessing the solidarity of so many of my IBEC colleagues first-hand.<strong>\u201d, says Marija <\/strong><strong>Matej\u010di\u0107<\/strong><strong>.<\/strong><\/p>\n<p><span lang=\"en-GB\">Once the volunteers list was set up, two training sessions took place by the end of April. Volunteers started their training with an online session imparted by the Health and Safety staff, Miriam Funes and Raquel Guillen from IBEC and Ana Vilches\u00a0<\/span><span lang=\"en-GB\">and Goretti Mallorqu\u00ed\u00a0<\/span><span lang=\"en-GB\">from IRB, on risk prevention and security protocol. \u00ab<strong>It&#8217;s a great challenge that has been achieved thanks to the collaboration, solidarity and effort of many people at IBEC<\/strong>\u00bb says Raquel Guill\u00e9n, from the Health and Safety Service at IBEC. After that, an on-site training took place at Cluster I at the PCB, imparted by the<\/span><span lang=\"en-GB\"> Experimental Team\u00a0 in order to get familiar with the facilities and the working protocol. \u00abThe programme has given us the possibility to interact with other research centers and this has brought us closer togheter to face this problem and for future challenges. <strong>As researchers we had the responsibility to do something<\/strong>\u00ab, says Eduard Torrents, coordinator of the Experimental Team.\u00a0\u00a0<\/span><\/p>\n<p>Isabel Oliveira, Head of the Core Facilities Unit, one of the representatives of the Technical Coordination Committee at the PCB, is the bridge between IBEC, IRB and CNAG. For instance, she coordinates the logistics and the organisation of the shifts. Isa has been dedicating the 90% of her time to the ORFEU project for the past few weeks <strong>\u201cIt is a very important challenge that is requiring the effort and dedication of many great people, especially the Experimental Team that is setting up the entire sample analysis process.\u201d<\/strong>, says Oliveira.<\/p>\n<h3><span style=\"color: #aab300;\">The volunteers are ready<\/span><\/h3>\n<p>&nbsp;<\/p>\n<p>Last Monday 27<sup>th<\/sup> April a first group of 11 people from all three institutions, 4 from IBEC, the ones with more experience, started with the validation action, to check the entire protocol. These four people in turns will have the role of coordinators and will be able to train other people and supervise them better. The Experimental Team coordinators are Eduard Torrents, N\u00faria Montserrat and Joan Montero, they play a crucial role in this chain, overseeing all the lab processes and handling the sample reception. \u201cTogether with the members of the IRB and the CNAG we quickly set up a protocol ready for the analysis of samples. <strong>I think that launching a project of this magnitude in such a short time proves that when coordinating leading research centers effectively, great goals can be achieved<\/strong>\u00ab, says Joan Montero.<\/p>\n<p>If everything goes on schedule, IBEC volunteers will start testing samples in the next days. They will work in shifts, depending on the influx of samples. Moreover, there is a data analysis team that will computationally track incoming samples and their numbers, and to analyse the results coming from the RT PCR. At the PCB, this team is composed mostly of CNAG people. Still, from IBEC, Benedetta Bolognesi, Marija Matej\u010di\u0107 and 2 postdocs from the SPECS group are ready to help if needed. In this sense, IBEC has computational volunteers ready to help with data analysis should the need arise.<\/p>\n<p>J\u00falia Rodr\u00edquez, a biologist and postdoc at Javier Ram\u00f3n\u2019s lab is one of our volunteers, <strong>\u201cwhen IBEC\u2019s directorate proposed us to be part of the Orfeu programme,\u00a0I<\/strong><strong> didn\u2019t hesitate to volunteer, mainly for social commitment and responsibility reasons<\/strong>. I would like to thank IBEC, who has coordinated, promoted and encouraged participation in this program. The organization has been excellent\u201d, says Julia. \u00a0\u201c<strong>We are ready to perform as many tests as necessary<\/strong>! concludes Julia\u201d.<\/p>\n<p>&nbsp;<\/p>\n","protected":false},"excerpt":{"rendered":"<p>Proud of the scientific community&#8217;s response in these difficult times! tweeted Ignasi, PhD at the Nanobioengineering group a few days ago. As many other IBEC researchers and staff, Ignasi knows &#8230; <a title=\"Volunteers in challenging days\" class=\"read-more\" href=\"https:\/\/ibecbarcelona.eu\/es\/volunteers-in-challenging-days\/\" aria-label=\"More on Volunteers in challenging days\">Read more<\/a><\/p>\n","protected":false},"author":4,"featured_media":0,"parent":0,"menu_order":0,"comment_status":"closed","ping_status":"closed","template":"","meta":{"footnotes":""},"tags":[],"class_list":["post-73902","page","type-page","status-publish"],"yoast_head":"<!-- This site is optimized with the Yoast SEO plugin v27.4 - https:\/\/yoast.com\/product\/yoast-seo-wordpress\/ -->\n<title>Volunteers in challenging days - Institute for Bioengineering of Catalonia<\/title>\n<meta name=\"robots\" content=\"index, follow, max-snippet:-1, max-image-preview:large, max-video-preview:-1\" \/>\n<link rel=\"canonical\" href=\"https:\/\/ibecbarcelona.eu\/es\/volunteers-in-challenging-days\/\" \/>\n<meta property=\"og:locale\" content=\"es_ES\" \/>\n<meta property=\"og:type\" content=\"article\" \/>\n<meta property=\"og:title\" content=\"Volunteers in challenging days - Institute for Bioengineering of Catalonia\" \/>\n<meta property=\"og:description\" content=\"Proud of the scientific community&#8217;s response in these difficult times! tweeted Ignasi, PhD at the Nanobioengineering group a few days ago. As many other IBEC researchers and staff, Ignasi knows ... Read more\" \/>\n<meta property=\"og:url\" content=\"https:\/\/ibecbarcelona.eu\/es\/volunteers-in-challenging-days\/\" \/>\n<meta property=\"og:site_name\" content=\"Institute for Bioengineering of Catalonia\" \/>\n<meta property=\"og:image\" content=\"https:\/\/ibecbarcelona.eu\/wp-content\/uploads\/2020\/05\/feature_insideibec_final.jpg\" \/>\n<meta name=\"twitter:card\" content=\"summary_large_image\" \/>\n<meta name=\"twitter:label1\" content=\"Tiempo de lectura\" \/>\n\t<meta name=\"twitter:data1\" content=\"5 minutos\" \/>\n<script type=\"application\/ld+json\" class=\"yoast-schema-graph\">{\"@context\":\"https:\\\/\\\/schema.org\",\"@graph\":[{\"@type\":\"WebPage\",\"@id\":\"https:\\\/\\\/ibecbarcelona.eu\\\/es\\\/volunteers-in-challenging-days\\\/\",\"url\":\"https:\\\/\\\/ibecbarcelona.eu\\\/es\\\/volunteers-in-challenging-days\\\/\",\"name\":\"Volunteers in challenging days - Institute for Bioengineering of Catalonia\",\"isPartOf\":{\"@id\":\"https:\\\/\\\/ibecbarcelona.eu\\\/#website\"},\"primaryImageOfPage\":{\"@id\":\"https:\\\/\\\/ibecbarcelona.eu\\\/es\\\/volunteers-in-challenging-days\\\/#primaryimage\"},\"image\":{\"@id\":\"https:\\\/\\\/ibecbarcelona.eu\\\/es\\\/volunteers-in-challenging-days\\\/#primaryimage\"},\"thumbnailUrl\":\"https:\\\/\\\/ibecbarcelona.eu\\\/wp-content\\\/uploads\\\/2020\\\/05\\\/feature_insideibec_final.jpg\",\"datePublished\":\"2020-05-06T14:55:07+00:00\",\"breadcrumb\":{\"@id\":\"https:\\\/\\\/ibecbarcelona.eu\\\/es\\\/volunteers-in-challenging-days\\\/#breadcrumb\"},\"inLanguage\":\"es\",\"potentialAction\":[{\"@type\":\"ReadAction\",\"target\":[\"https:\\\/\\\/ibecbarcelona.eu\\\/es\\\/volunteers-in-challenging-days\\\/\"]}]},{\"@type\":\"ImageObject\",\"inLanguage\":\"es\",\"@id\":\"https:\\\/\\\/ibecbarcelona.eu\\\/es\\\/volunteers-in-challenging-days\\\/#primaryimage\",\"url\":\"https:\\\/\\\/ibecbarcelona.eu\\\/wp-content\\\/uploads\\\/2020\\\/05\\\/feature_insideibec_final.jpg\",\"contentUrl\":\"https:\\\/\\\/ibecbarcelona.eu\\\/wp-content\\\/uploads\\\/2020\\\/05\\\/feature_insideibec_final.jpg\"},{\"@type\":\"BreadcrumbList\",\"@id\":\"https:\\\/\\\/ibecbarcelona.eu\\\/es\\\/volunteers-in-challenging-days\\\/#breadcrumb\",\"itemListElement\":[{\"@type\":\"ListItem\",\"position\":1,\"name\":\"Home\",\"item\":\"https:\\\/\\\/ibecbarcelona.eu\\\/es\\\/\"},{\"@type\":\"ListItem\",\"position\":2,\"name\":\"Volunteers in challenging days\"}]},{\"@type\":\"WebSite\",\"@id\":\"https:\\\/\\\/ibecbarcelona.eu\\\/#website\",\"url\":\"https:\\\/\\\/ibecbarcelona.eu\\\/\",\"name\":\"Institute for Bioengineering of Catalonia\",\"description\":\"Bioengineering solutions for health\",\"publisher\":{\"@id\":\"https:\\\/\\\/ibecbarcelona.eu\\\/#organization\"},\"potentialAction\":[{\"@type\":\"SearchAction\",\"target\":{\"@type\":\"EntryPoint\",\"urlTemplate\":\"https:\\\/\\\/ibecbarcelona.eu\\\/?s={search_term_string}\"},\"query-input\":{\"@type\":\"PropertyValueSpecification\",\"valueRequired\":true,\"valueName\":\"search_term_string\"}}],\"inLanguage\":\"es\"},{\"@type\":\"Organization\",\"@id\":\"https:\\\/\\\/ibecbarcelona.eu\\\/#organization\",\"name\":\"Institute for Bioengineering of Catalonia\",\"url\":\"https:\\\/\\\/ibecbarcelona.eu\\\/\",\"logo\":{\"@type\":\"ImageObject\",\"inLanguage\":\"es\",\"@id\":\"https:\\\/\\\/ibecbarcelona.eu\\\/#\\\/schema\\\/logo\\\/image\\\/\",\"url\":\"https:\\\/\\\/ibecbarcelona.eu\\\/wp-content\\\/uploads\\\/2026\\\/01\\\/cropped-IBEC_20ANYS_GRIS.png\",\"contentUrl\":\"https:\\\/\\\/ibecbarcelona.eu\\\/wp-content\\\/uploads\\\/2026\\\/01\\\/cropped-IBEC_20ANYS_GRIS.png\",\"width\":696,\"height\":257,\"caption\":\"Institute for Bioengineering of Catalonia\"},\"image\":{\"@id\":\"https:\\\/\\\/ibecbarcelona.eu\\\/#\\\/schema\\\/logo\\\/image\\\/\"}}]}<\/script>\n<!-- \/ Yoast SEO plugin. -->","yoast_head_json":{"title":"Volunteers in challenging days - Institute for Bioengineering of Catalonia","robots":{"index":"index","follow":"follow","max-snippet":"max-snippet:-1","max-image-preview":"max-image-preview:large","max-video-preview":"max-video-preview:-1"},"canonical":"https:\/\/ibecbarcelona.eu\/es\/volunteers-in-challenging-days\/","og_locale":"es_ES","og_type":"article","og_title":"Volunteers in challenging days - Institute for Bioengineering of Catalonia","og_description":"Proud of the scientific community&#8217;s response in these difficult times! tweeted Ignasi, PhD at the Nanobioengineering group a few days ago. As many other IBEC researchers and staff, Ignasi knows ... Read more","og_url":"https:\/\/ibecbarcelona.eu\/es\/volunteers-in-challenging-days\/","og_site_name":"Institute for Bioengineering of Catalonia","og_image":[{"url":"https:\/\/ibecbarcelona.eu\/wp-content\/uploads\/2020\/05\/feature_insideibec_final.jpg","type":"","width":"","height":""}],"twitter_card":"summary_large_image","twitter_misc":{"Tiempo de lectura":"5 minutos"},"schema":{"@context":"https:\/\/schema.org","@graph":[{"@type":"WebPage","@id":"https:\/\/ibecbarcelona.eu\/es\/volunteers-in-challenging-days\/","url":"https:\/\/ibecbarcelona.eu\/es\/volunteers-in-challenging-days\/","name":"Volunteers in challenging days - Institute for Bioengineering of Catalonia","isPartOf":{"@id":"https:\/\/ibecbarcelona.eu\/#website"},"primaryImageOfPage":{"@id":"https:\/\/ibecbarcelona.eu\/es\/volunteers-in-challenging-days\/#primaryimage"},"image":{"@id":"https:\/\/ibecbarcelona.eu\/es\/volunteers-in-challenging-days\/#primaryimage"},"thumbnailUrl":"https:\/\/ibecbarcelona.eu\/wp-content\/uploads\/2020\/05\/feature_insideibec_final.jpg","datePublished":"2020-05-06T14:55:07+00:00","breadcrumb":{"@id":"https:\/\/ibecbarcelona.eu\/es\/volunteers-in-challenging-days\/#breadcrumb"},"inLanguage":"es","potentialAction":[{"@type":"ReadAction","target":["https:\/\/ibecbarcelona.eu\/es\/volunteers-in-challenging-days\/"]}]},{"@type":"ImageObject","inLanguage":"es","@id":"https:\/\/ibecbarcelona.eu\/es\/volunteers-in-challenging-days\/#primaryimage","url":"https:\/\/ibecbarcelona.eu\/wp-content\/uploads\/2020\/05\/feature_insideibec_final.jpg","contentUrl":"https:\/\/ibecbarcelona.eu\/wp-content\/uploads\/2020\/05\/feature_insideibec_final.jpg"},{"@type":"BreadcrumbList","@id":"https:\/\/ibecbarcelona.eu\/es\/volunteers-in-challenging-days\/#breadcrumb","itemListElement":[{"@type":"ListItem","position":1,"name":"Home","item":"https:\/\/ibecbarcelona.eu\/es\/"},{"@type":"ListItem","position":2,"name":"Volunteers in challenging days"}]},{"@type":"WebSite","@id":"https:\/\/ibecbarcelona.eu\/#website","url":"https:\/\/ibecbarcelona.eu\/","name":"Institute for Bioengineering of Catalonia","description":"Bioengineering solutions for health","publisher":{"@id":"https:\/\/ibecbarcelona.eu\/#organization"},"potentialAction":[{"@type":"SearchAction","target":{"@type":"EntryPoint","urlTemplate":"https:\/\/ibecbarcelona.eu\/?s={search_term_string}"},"query-input":{"@type":"PropertyValueSpecification","valueRequired":true,"valueName":"search_term_string"}}],"inLanguage":"es"},{"@type":"Organization","@id":"https:\/\/ibecbarcelona.eu\/#organization","name":"Institute for Bioengineering of Catalonia","url":"https:\/\/ibecbarcelona.eu\/","logo":{"@type":"ImageObject","inLanguage":"es","@id":"https:\/\/ibecbarcelona.eu\/#\/schema\/logo\/image\/","url":"https:\/\/ibecbarcelona.eu\/wp-content\/uploads\/2026\/01\/cropped-IBEC_20ANYS_GRIS.png","contentUrl":"https:\/\/ibecbarcelona.eu\/wp-content\/uploads\/2026\/01\/cropped-IBEC_20ANYS_GRIS.png","width":696,"height":257,"caption":"Institute for Bioengineering of Catalonia"},"image":{"@id":"https:\/\/ibecbarcelona.eu\/#\/schema\/logo\/image\/"}}]}},"AFP_featured_media_urls":{"full":false,"thumbnail":false,"medium":false,"medium_large":false,"large":false},"AFP_attachments":{"full":["https:\/\/ibecbarcelona.eu\/wp-content\/uploads\/2020\/05\/feature_insideibec_final.jpg",600,300,false],"thumbnail":["https:\/\/ibecbarcelona.eu\/wp-content\/uploads\/2020\/05\/feature_insideibec_final-150x150.jpg",150,150,true],"medium":["https:\/\/ibecbarcelona.eu\/wp-content\/uploads\/2020\/05\/feature_insideibec_final-300x150.jpg",300,150,true],"medium_large":["https:\/\/ibecbarcelona.eu\/wp-content\/uploads\/2020\/05\/feature_insideibec_final.jpg",600,300,false],"large":["https:\/\/ibecbarcelona.eu\/wp-content\/uploads\/2020\/05\/feature_insideibec_final.jpg",600,300,false]},"AFP_videos":[],"AFP_video_blocks":"","AFP_category_names":[],"_links":{"self":[{"href":"https:\/\/ibecbarcelona.eu\/es\/wp-json\/wp\/v2\/pages\/73902","targetHints":{"allow":["GET"]}}],"collection":[{"href":"https:\/\/ibecbarcelona.eu\/es\/wp-json\/wp\/v2\/pages"}],"about":[{"href":"https:\/\/ibecbarcelona.eu\/es\/wp-json\/wp\/v2\/types\/page"}],"author":[{"embeddable":true,"href":"https:\/\/ibecbarcelona.eu\/es\/wp-json\/wp\/v2\/users\/4"}],"replies":[{"embeddable":true,"href":"https:\/\/ibecbarcelona.eu\/es\/wp-json\/wp\/v2\/comments?post=73902"}],"version-history":[{"count":11,"href":"https:\/\/ibecbarcelona.eu\/es\/wp-json\/wp\/v2\/pages\/73902\/revisions"}],"predecessor-version":[{"id":73913,"href":"https:\/\/ibecbarcelona.eu\/es\/wp-json\/wp\/v2\/pages\/73902\/revisions\/73913"}],"wp:attachment":[{"href":"https:\/\/ibecbarcelona.eu\/es\/wp-json\/wp\/v2\/media?parent=73902"}],"wp:term":[{"taxonomy":"post_tag","embeddable":true,"href":"https:\/\/ibecbarcelona.eu\/es\/wp-json\/wp\/v2\/tags?post=73902"}],"curies":[{"name":"wp","href":"https:\/\/api.w.org\/{rel}","templated":true}]}}