
{"id":79284,"date":"2020-11-11T21:28:51","date_gmt":"2020-11-11T20:28:51","guid":{"rendered":"http:\/\/ibecbarcelona.eu\/formulario-superheroina\/"},"modified":"2020-11-16T14:41:08","modified_gmt":"2020-11-16T13:41:08","slug":"formulario-superheroina","status":"publish","type":"page","link":"https:\/\/ibecbarcelona.eu\/es\/name-me-superheroina\/","title":{"rendered":"Name me Superheroina"},"content":{"rendered":"<h1>Name me!<\/h1>\n<p>\t\t\t\t\t\t\t\t\t\t<img decoding=\"async\" width=\"768\" height=\"529\" data-src=\"https:\/\/ibecbarcelona.eu\/wp-content\/uploads\/2020\/10\/Superheroina_name-me_-768x529.jpg\" alt=\"\" data-srcset=\"https:\/\/ibecbarcelona.eu\/wp-content\/uploads\/2020\/10\/Superheroina_name-me_-768x529.jpg 768w, https:\/\/ibecbarcelona.eu\/wp-content\/uploads\/2020\/10\/Superheroina_name-me_-300x207.jpg 300w, https:\/\/ibecbarcelona.eu\/wp-content\/uploads\/2020\/10\/Superheroina_name-me_-1024x706.jpg 1024w, https:\/\/ibecbarcelona.eu\/wp-content\/uploads\/2020\/10\/Superheroina_name-me_-150x103.jpg 150w, https:\/\/ibecbarcelona.eu\/wp-content\/uploads\/2020\/10\/Superheroina_name-me_.jpg 1200w\" data-sizes=\"auto, (max-width: 768px) 100vw, 768px\" src=\"data:image\/svg+xml;base64,PHN2ZyB3aWR0aD0iMSIgaGVpZ2h0PSIxIiB4bWxucz0iaHR0cDovL3d3dy53My5vcmcvMjAwMC9zdmciPjwvc3ZnPg==\" class=\"lazyload\" style=\"--smush-placeholder-width: 768px; --smush-placeholder-aspect-ratio: 768\/529;\" \/>\t\t\t\t\t\t\t\t\t\t\t<\/p>\n<p>Estamos entusiasmados de presentarte a nuestra nueva Superhero\u00edna. Ella nos ayudar\u00e1 a explicar al mundo qu\u00e9 hacen nuestros cient\u00edficos, en qu\u00e9 proyectos trabajan y para qu\u00e9 lo hacen. En definitiva, queremos que nos ayude a explicar qu\u00e9 es la \u00abbioingenier\u00eda\u00bb.<\/p>\n<p>Esta figura es el resultado de un proyecto llevado a cabo con diferentes escuelas de dise\u00f1o, a las que a trav\u00e9s del programa \u00abTalent creatiu i empresa\u00bb del Departament d&#8217;Educaci\u00f3 de la Generalitat de Catalunya, les pedimos crear un personaje poderoso que nos representara. De las 24 maravillosas propuestas que nos presentaron los alumnos, elegimos esta, creada por Helena Portella.<\/p>\n<p>Pero ahora, que ya tenemos su imagen, nos falta su nombre, y por eso acudimos a ti. \u00bfNos ayudas? Nuestros investigadores han propuesto tres opciones, solo tienes que clicar en el bot\u00f3n y elegir tu preferida \ud83d\ude09<\/p>\n<p>\u00bfEUREKA? \u00bfIBBI? \u00bfBECKY? \u00bfQu\u00e9 nombre le quedar\u00e1 mejor?<\/p>\n<p>\u00bfTodav\u00eda no eres superamigo\/a del IBEC? Date de alta <a href=\"https:\/\/ibecbarcelona.org\/es\/superamigos\/\" target=\"_blank\" rel=\"noopener noreferrer\">aqu\u00ed<\/a><\/p>\n","protected":false},"excerpt":{"rendered":"<p>Name me! Estamos entusiasmados de presentarte a nuestra nueva Superhero\u00edna. Ella nos ayudar\u00e1 a explicar al mundo qu\u00e9 hacen nuestros cient\u00edficos, en qu\u00e9 proyectos trabajan y para qu\u00e9 lo hacen. &#8230; <a title=\"Name me Superheroina\" class=\"read-more\" href=\"https:\/\/ibecbarcelona.eu\/es\/name-me-superheroina\/\" aria-label=\"More on Name me Superheroina\">Read more<\/a><\/p>\n","protected":false},"author":4,"featured_media":0,"parent":0,"menu_order":0,"comment_status":"closed","ping_status":"closed","template":"templates\/template-onecolumn.php","meta":{"footnotes":""},"tags":[],"class_list":["post-79284","page","type-page","status-publish"],"yoast_head":"<!-- This site is optimized with the Yoast SEO plugin v27.4 - https:\/\/yoast.com\/product\/yoast-seo-wordpress\/ -->\n<title>Name me Superheroina - Institute for Bioengineering of Catalonia<\/title>\n<meta name=\"robots\" content=\"index, follow, max-snippet:-1, max-image-preview:large, max-video-preview:-1\" \/>\n<link rel=\"canonical\" href=\"https:\/\/ibecbarcelona.eu\/es\/name-me-superheroina\/\" \/>\n<meta property=\"og:locale\" content=\"es_ES\" \/>\n<meta property=\"og:type\" content=\"article\" \/>\n<meta property=\"og:title\" content=\"Name me Superheroina - Institute for Bioengineering of Catalonia\" \/>\n<meta property=\"og:description\" content=\"Name me! Estamos entusiasmados de presentarte a nuestra nueva Superhero\u00edna. Ella nos ayudar\u00e1 a explicar al mundo qu\u00e9 hacen nuestros cient\u00edficos, en qu\u00e9 proyectos trabajan y para qu\u00e9 lo hacen. ... Read more\" \/>\n<meta property=\"og:url\" content=\"https:\/\/ibecbarcelona.eu\/es\/name-me-superheroina\/\" \/>\n<meta property=\"og:site_name\" content=\"Institute for Bioengineering of Catalonia\" \/>\n<meta property=\"article:modified_time\" content=\"2020-11-16T13:41:08+00:00\" \/>\n<meta property=\"og:image\" content=\"https:\/\/ibecbarcelona.eu\/wp-content\/uploads\/2020\/10\/Superheroina_name-me_-768x529.jpg\" \/>\n<meta name=\"twitter:card\" content=\"summary_large_image\" \/>\n<meta name=\"twitter:label1\" content=\"Tiempo de lectura\" \/>\n\t<meta name=\"twitter:data1\" content=\"1 minuto\" \/>\n<script type=\"application\/ld+json\" class=\"yoast-schema-graph\">{\"@context\":\"https:\\\/\\\/schema.org\",\"@graph\":[{\"@type\":\"WebPage\",\"@id\":\"https:\\\/\\\/ibecbarcelona.eu\\\/es\\\/name-me-superheroina\\\/\",\"url\":\"https:\\\/\\\/ibecbarcelona.eu\\\/es\\\/name-me-superheroina\\\/\",\"name\":\"Name me Superheroina - Institute for Bioengineering of Catalonia\",\"isPartOf\":{\"@id\":\"https:\\\/\\\/ibecbarcelona.eu\\\/#website\"},\"primaryImageOfPage\":{\"@id\":\"https:\\\/\\\/ibecbarcelona.eu\\\/es\\\/name-me-superheroina\\\/#primaryimage\"},\"image\":{\"@id\":\"https:\\\/\\\/ibecbarcelona.eu\\\/es\\\/name-me-superheroina\\\/#primaryimage\"},\"thumbnailUrl\":\"https:\\\/\\\/ibecbarcelona.eu\\\/wp-content\\\/uploads\\\/2020\\\/10\\\/Superheroina_name-me_-768x529.jpg\",\"datePublished\":\"2020-11-11T20:28:51+00:00\",\"dateModified\":\"2020-11-16T13:41:08+00:00\",\"breadcrumb\":{\"@id\":\"https:\\\/\\\/ibecbarcelona.eu\\\/es\\\/name-me-superheroina\\\/#breadcrumb\"},\"inLanguage\":\"es\",\"potentialAction\":[{\"@type\":\"ReadAction\",\"target\":[\"https:\\\/\\\/ibecbarcelona.eu\\\/es\\\/name-me-superheroina\\\/\"]}]},{\"@type\":\"ImageObject\",\"inLanguage\":\"es\",\"@id\":\"https:\\\/\\\/ibecbarcelona.eu\\\/es\\\/name-me-superheroina\\\/#primaryimage\",\"url\":\"https:\\\/\\\/ibecbarcelona.eu\\\/wp-content\\\/uploads\\\/2020\\\/10\\\/Superheroina_name-me_-768x529.jpg\",\"contentUrl\":\"https:\\\/\\\/ibecbarcelona.eu\\\/wp-content\\\/uploads\\\/2020\\\/10\\\/Superheroina_name-me_-768x529.jpg\"},{\"@type\":\"BreadcrumbList\",\"@id\":\"https:\\\/\\\/ibecbarcelona.eu\\\/es\\\/name-me-superheroina\\\/#breadcrumb\",\"itemListElement\":[{\"@type\":\"ListItem\",\"position\":1,\"name\":\"Home\",\"item\":\"https:\\\/\\\/ibecbarcelona.eu\\\/es\\\/\"},{\"@type\":\"ListItem\",\"position\":2,\"name\":\"Name me Superheroina\"}]},{\"@type\":\"WebSite\",\"@id\":\"https:\\\/\\\/ibecbarcelona.eu\\\/#website\",\"url\":\"https:\\\/\\\/ibecbarcelona.eu\\\/\",\"name\":\"Institute for Bioengineering of Catalonia\",\"description\":\"Bioengineering solutions for health\",\"publisher\":{\"@id\":\"https:\\\/\\\/ibecbarcelona.eu\\\/#organization\"},\"potentialAction\":[{\"@type\":\"SearchAction\",\"target\":{\"@type\":\"EntryPoint\",\"urlTemplate\":\"https:\\\/\\\/ibecbarcelona.eu\\\/?s={search_term_string}\"},\"query-input\":{\"@type\":\"PropertyValueSpecification\",\"valueRequired\":true,\"valueName\":\"search_term_string\"}}],\"inLanguage\":\"es\"},{\"@type\":\"Organization\",\"@id\":\"https:\\\/\\\/ibecbarcelona.eu\\\/#organization\",\"name\":\"Institute for Bioengineering of Catalonia\",\"url\":\"https:\\\/\\\/ibecbarcelona.eu\\\/\",\"logo\":{\"@type\":\"ImageObject\",\"inLanguage\":\"es\",\"@id\":\"https:\\\/\\\/ibecbarcelona.eu\\\/#\\\/schema\\\/logo\\\/image\\\/\",\"url\":\"https:\\\/\\\/ibecbarcelona.eu\\\/wp-content\\\/uploads\\\/2026\\\/01\\\/cropped-IBEC_20ANYS_GRIS.png\",\"contentUrl\":\"https:\\\/\\\/ibecbarcelona.eu\\\/wp-content\\\/uploads\\\/2026\\\/01\\\/cropped-IBEC_20ANYS_GRIS.png\",\"width\":696,\"height\":257,\"caption\":\"Institute for Bioengineering of Catalonia\"},\"image\":{\"@id\":\"https:\\\/\\\/ibecbarcelona.eu\\\/#\\\/schema\\\/logo\\\/image\\\/\"}}]}<\/script>\n<!-- \/ Yoast SEO plugin. -->","yoast_head_json":{"title":"Name me Superheroina - Institute for Bioengineering of Catalonia","robots":{"index":"index","follow":"follow","max-snippet":"max-snippet:-1","max-image-preview":"max-image-preview:large","max-video-preview":"max-video-preview:-1"},"canonical":"https:\/\/ibecbarcelona.eu\/es\/name-me-superheroina\/","og_locale":"es_ES","og_type":"article","og_title":"Name me Superheroina - Institute for Bioengineering of Catalonia","og_description":"Name me! Estamos entusiasmados de presentarte a nuestra nueva Superhero\u00edna. Ella nos ayudar\u00e1 a explicar al mundo qu\u00e9 hacen nuestros cient\u00edficos, en qu\u00e9 proyectos trabajan y para qu\u00e9 lo hacen. ... Read more","og_url":"https:\/\/ibecbarcelona.eu\/es\/name-me-superheroina\/","og_site_name":"Institute for Bioengineering of Catalonia","article_modified_time":"2020-11-16T13:41:08+00:00","og_image":[{"url":"https:\/\/ibecbarcelona.eu\/wp-content\/uploads\/2020\/10\/Superheroina_name-me_-768x529.jpg","type":"","width":"","height":""}],"twitter_card":"summary_large_image","twitter_misc":{"Tiempo de lectura":"1 minuto"},"schema":{"@context":"https:\/\/schema.org","@graph":[{"@type":"WebPage","@id":"https:\/\/ibecbarcelona.eu\/es\/name-me-superheroina\/","url":"https:\/\/ibecbarcelona.eu\/es\/name-me-superheroina\/","name":"Name me Superheroina - Institute for Bioengineering of Catalonia","isPartOf":{"@id":"https:\/\/ibecbarcelona.eu\/#website"},"primaryImageOfPage":{"@id":"https:\/\/ibecbarcelona.eu\/es\/name-me-superheroina\/#primaryimage"},"image":{"@id":"https:\/\/ibecbarcelona.eu\/es\/name-me-superheroina\/#primaryimage"},"thumbnailUrl":"https:\/\/ibecbarcelona.eu\/wp-content\/uploads\/2020\/10\/Superheroina_name-me_-768x529.jpg","datePublished":"2020-11-11T20:28:51+00:00","dateModified":"2020-11-16T13:41:08+00:00","breadcrumb":{"@id":"https:\/\/ibecbarcelona.eu\/es\/name-me-superheroina\/#breadcrumb"},"inLanguage":"es","potentialAction":[{"@type":"ReadAction","target":["https:\/\/ibecbarcelona.eu\/es\/name-me-superheroina\/"]}]},{"@type":"ImageObject","inLanguage":"es","@id":"https:\/\/ibecbarcelona.eu\/es\/name-me-superheroina\/#primaryimage","url":"https:\/\/ibecbarcelona.eu\/wp-content\/uploads\/2020\/10\/Superheroina_name-me_-768x529.jpg","contentUrl":"https:\/\/ibecbarcelona.eu\/wp-content\/uploads\/2020\/10\/Superheroina_name-me_-768x529.jpg"},{"@type":"BreadcrumbList","@id":"https:\/\/ibecbarcelona.eu\/es\/name-me-superheroina\/#breadcrumb","itemListElement":[{"@type":"ListItem","position":1,"name":"Home","item":"https:\/\/ibecbarcelona.eu\/es\/"},{"@type":"ListItem","position":2,"name":"Name me Superheroina"}]},{"@type":"WebSite","@id":"https:\/\/ibecbarcelona.eu\/#website","url":"https:\/\/ibecbarcelona.eu\/","name":"Institute for Bioengineering of Catalonia","description":"Bioengineering solutions for health","publisher":{"@id":"https:\/\/ibecbarcelona.eu\/#organization"},"potentialAction":[{"@type":"SearchAction","target":{"@type":"EntryPoint","urlTemplate":"https:\/\/ibecbarcelona.eu\/?s={search_term_string}"},"query-input":{"@type":"PropertyValueSpecification","valueRequired":true,"valueName":"search_term_string"}}],"inLanguage":"es"},{"@type":"Organization","@id":"https:\/\/ibecbarcelona.eu\/#organization","name":"Institute for Bioengineering of Catalonia","url":"https:\/\/ibecbarcelona.eu\/","logo":{"@type":"ImageObject","inLanguage":"es","@id":"https:\/\/ibecbarcelona.eu\/#\/schema\/logo\/image\/","url":"https:\/\/ibecbarcelona.eu\/wp-content\/uploads\/2026\/01\/cropped-IBEC_20ANYS_GRIS.png","contentUrl":"https:\/\/ibecbarcelona.eu\/wp-content\/uploads\/2026\/01\/cropped-IBEC_20ANYS_GRIS.png","width":696,"height":257,"caption":"Institute for Bioengineering of Catalonia"},"image":{"@id":"https:\/\/ibecbarcelona.eu\/#\/schema\/logo\/image\/"}}]}},"AFP_featured_media_urls":{"full":false,"thumbnail":false,"medium":false,"medium_large":false,"large":false},"AFP_attachments":[],"AFP_videos":[],"AFP_video_blocks":"","AFP_category_names":[],"_links":{"self":[{"href":"https:\/\/ibecbarcelona.eu\/es\/wp-json\/wp\/v2\/pages\/79284","targetHints":{"allow":["GET"]}}],"collection":[{"href":"https:\/\/ibecbarcelona.eu\/es\/wp-json\/wp\/v2\/pages"}],"about":[{"href":"https:\/\/ibecbarcelona.eu\/es\/wp-json\/wp\/v2\/types\/page"}],"author":[{"embeddable":true,"href":"https:\/\/ibecbarcelona.eu\/es\/wp-json\/wp\/v2\/users\/4"}],"replies":[{"embeddable":true,"href":"https:\/\/ibecbarcelona.eu\/es\/wp-json\/wp\/v2\/comments?post=79284"}],"version-history":[{"count":68,"href":"https:\/\/ibecbarcelona.eu\/es\/wp-json\/wp\/v2\/pages\/79284\/revisions"}],"predecessor-version":[{"id":79724,"href":"https:\/\/ibecbarcelona.eu\/es\/wp-json\/wp\/v2\/pages\/79284\/revisions\/79724"}],"wp:attachment":[{"href":"https:\/\/ibecbarcelona.eu\/es\/wp-json\/wp\/v2\/media?parent=79284"}],"wp:term":[{"taxonomy":"post_tag","embeddable":true,"href":"https:\/\/ibecbarcelona.eu\/es\/wp-json\/wp\/v2\/tags?post=79284"}],"curies":[{"name":"wp","href":"https:\/\/api.w.org\/{rel}","templated":true}]}}