
{"id":86277,"date":"2021-07-20T14:08:40","date_gmt":"2021-07-20T12:08:40","guid":{"rendered":"https:\/\/ibecbarcelona.eu\/sobre-nosotros\/sustainable-practices\/"},"modified":"2025-07-21T10:56:29","modified_gmt":"2025-07-21T08:56:29","slug":"sustainable-practices","status":"publish","type":"page","link":"https:\/\/ibecbarcelona.eu\/es\/sobre-nosotros\/investigacion-sostenible","title":{"rendered":"Investigaci\u00f3n sostenible"},"content":{"rendered":"\n<h4 class=\"wp-block-heading\" id=\"ibec-is-committed-to-promote-more-sustainable-practices-in-research-and-administration-to-contribute-in-our-daily-work-to-fight-climate-change-and-pollution\">El IBEC se compromete a promover pr\u00e1cticas m\u00e1s sostenibles en la investigaci\u00f3n y la administraci\u00f3n, para contribuir, en nuestro trabajo diario, a combatir el cambio clim\u00e1tico y la contaminaci\u00f3n.<\/h4>\n\n\n\n<p><\/p>\n\n\n\n<figure class=\"wp-block-gallery has-nested-images columns-default is-cropped wp-block-gallery-1 is-layout-flex wp-block-gallery-is-layout-flex\">\n<figure class=\"wp-block-image size-full\"><a href=\"https:\/\/ibecbarcelona.eu\/es\/about-us\/sustainable-practices\/strategy\/\"><img decoding=\"async\" width=\"500\" height=\"500\" data-id=\"104360\" data-src=\"https:\/\/ibecbarcelona.eu\/wp-content\/uploads\/2023\/02\/1_strategy_1x1.jpg\" alt=\"\" class=\"wp-image-104360 lazyload\" data-srcset=\"https:\/\/ibecbarcelona.eu\/wp-content\/uploads\/2023\/02\/1_strategy_1x1.jpg 500w, https:\/\/ibecbarcelona.eu\/wp-content\/uploads\/2023\/02\/1_strategy_1x1-300x300.jpg 300w, https:\/\/ibecbarcelona.eu\/wp-content\/uploads\/2023\/02\/1_strategy_1x1-150x150.jpg 150w\" data-sizes=\"(max-width: 500px) 100vw, 500px\" src=\"data:image\/svg+xml;base64,PHN2ZyB3aWR0aD0iMSIgaGVpZ2h0PSIxIiB4bWxucz0iaHR0cDovL3d3dy53My5vcmcvMjAwMC9zdmciPjwvc3ZnPg==\" style=\"--smush-placeholder-width: 500px; --smush-placeholder-aspect-ratio: 500\/500;\" \/><\/a><figcaption class=\"wp-element-caption\"><mark style=\"background-color:var(--accent)\" class=\"has-inline-color\">                       <\/mark><strong><mark style=\"background-color:var(--accent)\" class=\"has-inline-color has-base-3-color\">ESTRATEGIA<\/mark><\/strong><mark style=\"background-color:var(--accent)\" class=\"has-inline-color\"><strong>                               <\/strong>      <\/mark><\/figcaption><\/figure>\n\n\n\n<figure class=\"wp-block-image size-full\"><a href=\"https:\/\/ibecbarcelona.eu\/es\/about-us\/sustainable-practices\/committee\/\"><img decoding=\"async\" width=\"500\" height=\"500\" data-id=\"104366\" data-src=\"https:\/\/ibecbarcelona.eu\/wp-content\/uploads\/2023\/02\/2_committee_1x1.jpg\" alt=\"\" class=\"wp-image-104366 lazyload\" data-srcset=\"https:\/\/ibecbarcelona.eu\/wp-content\/uploads\/2023\/02\/2_committee_1x1.jpg 500w, https:\/\/ibecbarcelona.eu\/wp-content\/uploads\/2023\/02\/2_committee_1x1-300x300.jpg 300w, https:\/\/ibecbarcelona.eu\/wp-content\/uploads\/2023\/02\/2_committee_1x1-150x150.jpg 150w\" data-sizes=\"(max-width: 500px) 100vw, 500px\" src=\"data:image\/svg+xml;base64,PHN2ZyB3aWR0aD0iMSIgaGVpZ2h0PSIxIiB4bWxucz0iaHR0cDovL3d3dy53My5vcmcvMjAwMC9zdmciPjwvc3ZnPg==\" style=\"--smush-placeholder-width: 500px; --smush-placeholder-aspect-ratio: 500\/500;\" \/><\/a><figcaption class=\"wp-element-caption\"><mark style=\"background-color:var(--accent)\" class=\"has-inline-color has-base-3-color\"><strong>               COMIT\u00c9 DE SOSTENIBILIDAD DEL IBEC            <\/strong>     <\/mark><\/figcaption><\/figure>\n\n\n\n<figure class=\"wp-block-image size-full is-style-default\"><a href=\"https:\/\/ibecbarcelona.eu\/es\/about-us\/sustainable-practices\/energy\/\"><img decoding=\"async\" width=\"500\" height=\"500\" data-id=\"104414\" data-src=\"https:\/\/ibecbarcelona.eu\/wp-content\/uploads\/2023\/02\/3_energy_1x1_2.jpg\" alt=\"\" class=\"wp-image-104414 lazyload\" data-srcset=\"https:\/\/ibecbarcelona.eu\/wp-content\/uploads\/2023\/02\/3_energy_1x1_2.jpg 500w, https:\/\/ibecbarcelona.eu\/wp-content\/uploads\/2023\/02\/3_energy_1x1_2-300x300.jpg 300w, https:\/\/ibecbarcelona.eu\/wp-content\/uploads\/2023\/02\/3_energy_1x1_2-150x150.jpg 150w\" data-sizes=\"(max-width: 500px) 100vw, 500px\" src=\"data:image\/svg+xml;base64,PHN2ZyB3aWR0aD0iMSIgaGVpZ2h0PSIxIiB4bWxucz0iaHR0cDovL3d3dy53My5vcmcvMjAwMC9zdmciPjwvc3ZnPg==\" style=\"--smush-placeholder-width: 500px; --smush-placeholder-aspect-ratio: 500\/500;\" \/><\/a><figcaption class=\"wp-element-caption\"><mark style=\"background-color:var(--accent)\" class=\"has-inline-color has-base-3-color\">                         <strong>ENERG\u00cdA<\/strong>                      <\/mark><\/figcaption><\/figure>\n\n\n\n<figure class=\"wp-block-image size-full is-style-default\"><a href=\"https:\/\/ibecbarcelona.eu\/es\/about-us\/sustainable-practices\/reduce-reuse-recycle\/\"><img decoding=\"async\" width=\"500\" height=\"500\" data-id=\"104381\" data-src=\"https:\/\/ibecbarcelona.eu\/wp-content\/uploads\/2023\/02\/4_recycle_1x1.jpg\" alt=\"\" class=\"wp-image-104381 lazyload\" data-srcset=\"https:\/\/ibecbarcelona.eu\/wp-content\/uploads\/2023\/02\/4_recycle_1x1.jpg 500w, https:\/\/ibecbarcelona.eu\/wp-content\/uploads\/2023\/02\/4_recycle_1x1-300x300.jpg 300w, https:\/\/ibecbarcelona.eu\/wp-content\/uploads\/2023\/02\/4_recycle_1x1-150x150.jpg 150w\" data-sizes=\"(max-width: 500px) 100vw, 500px\" src=\"data:image\/svg+xml;base64,PHN2ZyB3aWR0aD0iMSIgaGVpZ2h0PSIxIiB4bWxucz0iaHR0cDovL3d3dy53My5vcmcvMjAwMC9zdmciPjwvc3ZnPg==\" style=\"--smush-placeholder-width: 500px; --smush-placeholder-aspect-ratio: 500\/500;\" \/><\/a><figcaption class=\"wp-element-caption\"><mark style=\"background-color:var(--accent)\" class=\"has-inline-color has-base-3-color\">                  <strong>REDUCIR\/REUTILIZAR\/RECICLAR<\/strong>              <\/mark><\/figcaption><\/figure>\n\n\n\n<figure class=\"wp-block-image size-full is-style-default\"><a href=\"https:\/\/ibecbarcelona.eu\/es\/about-us\/sustainable-practices\/water\/\"><img decoding=\"async\" width=\"500\" height=\"500\" data-id=\"104384\" data-src=\"https:\/\/ibecbarcelona.eu\/wp-content\/uploads\/2023\/02\/5_watter_1s1.jpg\" alt=\"\" class=\"wp-image-104384 lazyload\" data-srcset=\"https:\/\/ibecbarcelona.eu\/wp-content\/uploads\/2023\/02\/5_watter_1s1.jpg 500w, https:\/\/ibecbarcelona.eu\/wp-content\/uploads\/2023\/02\/5_watter_1s1-300x300.jpg 300w, https:\/\/ibecbarcelona.eu\/wp-content\/uploads\/2023\/02\/5_watter_1s1-150x150.jpg 150w\" data-sizes=\"(max-width: 500px) 100vw, 500px\" src=\"data:image\/svg+xml;base64,PHN2ZyB3aWR0aD0iMSIgaGVpZ2h0PSIxIiB4bWxucz0iaHR0cDovL3d3dy53My5vcmcvMjAwMC9zdmciPjwvc3ZnPg==\" style=\"--smush-placeholder-width: 500px; --smush-placeholder-aspect-ratio: 500\/500;\" \/><\/a><figcaption class=\"wp-element-caption\"><mark style=\"background-color:var(--accent)\" class=\"has-inline-color has-base-3-color\">                          <strong> AGUA <\/strong>                       <\/mark><\/figcaption><\/figure>\n\n\n\n<figure class=\"wp-block-image size-full is-style-default\"><a href=\"https:\/\/ibecbarcelona.eu\/es\/about-us\/sustainable-practices\/purchasing\/\"><img decoding=\"async\" width=\"500\" height=\"500\" data-id=\"104390\" data-src=\"https:\/\/ibecbarcelona.eu\/wp-content\/uploads\/2023\/02\/6_purchasing_1x1.jpg\" alt=\"\" class=\"wp-image-104390 lazyload\" data-srcset=\"https:\/\/ibecbarcelona.eu\/wp-content\/uploads\/2023\/02\/6_purchasing_1x1.jpg 500w, https:\/\/ibecbarcelona.eu\/wp-content\/uploads\/2023\/02\/6_purchasing_1x1-300x300.jpg 300w, https:\/\/ibecbarcelona.eu\/wp-content\/uploads\/2023\/02\/6_purchasing_1x1-150x150.jpg 150w\" data-sizes=\"(max-width: 500px) 100vw, 500px\" src=\"data:image\/svg+xml;base64,PHN2ZyB3aWR0aD0iMSIgaGVpZ2h0PSIxIiB4bWxucz0iaHR0cDovL3d3dy53My5vcmcvMjAwMC9zdmciPjwvc3ZnPg==\" style=\"--smush-placeholder-width: 500px; --smush-placeholder-aspect-ratio: 500\/500;\" \/><\/a><figcaption class=\"wp-element-caption\"><mark style=\"background-color:var(--accent)\" class=\"has-inline-color has-base-3-color\">                <strong>              COMPRAS<\/strong>                         <\/mark><\/figcaption><\/figure>\n\n\n\n<figure class=\"wp-block-image size-full is-style-default\"><a href=\"https:\/\/ibecbarcelona.eu\/es\/about-us\/sustainable-practices\/travel-and-commuting\/\"><img decoding=\"async\" width=\"500\" height=\"500\" data-id=\"104396\" data-src=\"https:\/\/ibecbarcelona.eu\/wp-content\/uploads\/2023\/02\/7_travel_1x1.jpg\" alt=\"\" class=\"wp-image-104396 lazyload\" data-srcset=\"https:\/\/ibecbarcelona.eu\/wp-content\/uploads\/2023\/02\/7_travel_1x1.jpg 500w, https:\/\/ibecbarcelona.eu\/wp-content\/uploads\/2023\/02\/7_travel_1x1-300x300.jpg 300w, https:\/\/ibecbarcelona.eu\/wp-content\/uploads\/2023\/02\/7_travel_1x1-150x150.jpg 150w\" data-sizes=\"(max-width: 500px) 100vw, 500px\" src=\"data:image\/svg+xml;base64,PHN2ZyB3aWR0aD0iMSIgaGVpZ2h0PSIxIiB4bWxucz0iaHR0cDovL3d3dy53My5vcmcvMjAwMC9zdmciPjwvc3ZnPg==\" style=\"--smush-placeholder-width: 500px; --smush-placeholder-aspect-ratio: 500\/500;\" \/><\/a><figcaption class=\"wp-element-caption\"><mark style=\"background-color:var(--accent)\" class=\"has-inline-color has-base-3-color\">                        <strong>VIAJES Y DESPLAZAMIENTOS                              <\/strong> <\/mark><\/figcaption><\/figure>\n\n\n\n<figure class=\"wp-block-image size-full is-style-default\"><a href=\"https:\/\/ibecbarcelona.eu\/es\/about-us\/sustainable-practices\/research\/\"><img decoding=\"async\" width=\"500\" height=\"500\" data-id=\"104402\" data-src=\"https:\/\/ibecbarcelona.eu\/wp-content\/uploads\/2023\/02\/8_research_1x1.jpg\" alt=\"\" class=\"wp-image-104402 lazyload\" data-srcset=\"https:\/\/ibecbarcelona.eu\/wp-content\/uploads\/2023\/02\/8_research_1x1.jpg 500w, https:\/\/ibecbarcelona.eu\/wp-content\/uploads\/2023\/02\/8_research_1x1-300x300.jpg 300w, https:\/\/ibecbarcelona.eu\/wp-content\/uploads\/2023\/02\/8_research_1x1-150x150.jpg 150w\" data-sizes=\"(max-width: 500px) 100vw, 500px\" src=\"data:image\/svg+xml;base64,PHN2ZyB3aWR0aD0iMSIgaGVpZ2h0PSIxIiB4bWxucz0iaHR0cDovL3d3dy53My5vcmcvMjAwMC9zdmciPjwvc3ZnPg==\" style=\"--smush-placeholder-width: 500px; --smush-placeholder-aspect-ratio: 500\/500;\" \/><\/a><figcaption class=\"wp-element-caption\"><mark style=\"background-color:var(--accent)\" class=\"has-inline-color has-base-3-color\"> <strong>                            INVESTIGACI\u00d3N<\/strong>                          <\/mark><\/figcaption><\/figure>\n\n\n\n<figure class=\"wp-block-image size-full\"><a href=\"https:\/\/ibecbarcelona.eu\/es\/about-us\/sustainable-practices\/other-actions\/\"><img decoding=\"async\" width=\"500\" height=\"500\" data-id=\"104408\" data-src=\"https:\/\/ibecbarcelona.eu\/wp-content\/uploads\/2023\/02\/9_otheractions_1x1.jpg\" alt=\"\" class=\"wp-image-104408 lazyload\" data-srcset=\"https:\/\/ibecbarcelona.eu\/wp-content\/uploads\/2023\/02\/9_otheractions_1x1.jpg 500w, https:\/\/ibecbarcelona.eu\/wp-content\/uploads\/2023\/02\/9_otheractions_1x1-300x300.jpg 300w, https:\/\/ibecbarcelona.eu\/wp-content\/uploads\/2023\/02\/9_otheractions_1x1-150x150.jpg 150w\" data-sizes=\"(max-width: 500px) 100vw, 500px\" src=\"data:image\/svg+xml;base64,PHN2ZyB3aWR0aD0iMSIgaGVpZ2h0PSIxIiB4bWxucz0iaHR0cDovL3d3dy53My5vcmcvMjAwMC9zdmciPjwvc3ZnPg==\" style=\"--smush-placeholder-width: 500px; --smush-placeholder-aspect-ratio: 500\/500;\" \/><\/a><figcaption class=\"wp-element-caption\"><mark style=\"background-color:var(--accent)\" class=\"has-inline-color has-base-3-color\"><strong>                         OTRAS ACCIONES<\/strong>                    <\/mark><\/figcaption><\/figure>\n<\/figure>\n\n\n\n<p><\/p>\n\n\n\n<p><\/p>\n","protected":false},"excerpt":{"rendered":"<p>El IBEC se compromete a promover pr\u00e1cticas m\u00e1s sostenibles en la investigaci\u00f3n y la administraci\u00f3n, para contribuir, en nuestro trabajo diario, a combatir el cambio clim\u00e1tico y la contaminaci\u00f3n.<\/p>\n","protected":false},"author":4,"featured_media":91535,"parent":16501,"menu_order":0,"comment_status":"closed","ping_status":"closed","template":"","meta":{"footnotes":""},"tags":[],"class_list":["post-86277","page","type-page","status-publish","has-post-thumbnail"],"yoast_head":"<!-- This site is optimized with the Yoast SEO plugin v27.3 - https:\/\/yoast.com\/product\/yoast-seo-wordpress\/ -->\n<title>Investigaci\u00f3n sostenible - Institute for Bioengineering of Catalonia<\/title>\n<meta name=\"robots\" content=\"index, follow, max-snippet:-1, max-image-preview:large, max-video-preview:-1\" \/>\n<link rel=\"canonical\" href=\"https:\/\/ibecbarcelona.eu\/es\/sobre-nosotros\/investigacion-sostenible\/\" \/>\n<meta property=\"og:locale\" content=\"es_ES\" \/>\n<meta property=\"og:type\" content=\"article\" \/>\n<meta property=\"og:title\" content=\"Investigaci\u00f3n sostenible - Institute for Bioengineering of Catalonia\" \/>\n<meta property=\"og:description\" content=\"El IBEC se compromete a promover pr\u00e1cticas m\u00e1s sostenibles en la investigaci\u00f3n y la administraci\u00f3n, para contribuir, en nuestro trabajo diario, a combatir el cambio clim\u00e1tico y la contaminaci\u00f3n.\" \/>\n<meta property=\"og:url\" content=\"https:\/\/ibecbarcelona.eu\/es\/sobre-nosotros\/investigacion-sostenible\/\" \/>\n<meta property=\"og:site_name\" content=\"Institute for Bioengineering of Catalonia\" \/>\n<meta property=\"article:modified_time\" content=\"2025-07-21T08:56:29+00:00\" \/>\n<meta property=\"og:image\" content=\"https:\/\/ibecbarcelona.eu\/wp-content\/uploads\/2022\/02\/sustainable_banner.jpg\" \/>\n\t<meta property=\"og:image:width\" content=\"2000\" \/>\n\t<meta property=\"og:image:height\" content=\"500\" \/>\n\t<meta property=\"og:image:type\" content=\"image\/jpeg\" \/>\n<meta name=\"twitter:card\" content=\"summary_large_image\" \/>\n<meta name=\"twitter:label1\" content=\"Tiempo de lectura\" \/>\n\t<meta name=\"twitter:data1\" content=\"3 minutos\" \/>\n<script type=\"application\/ld+json\" class=\"yoast-schema-graph\">{\"@context\":\"https:\\\/\\\/schema.org\",\"@graph\":[{\"@type\":\"WebPage\",\"@id\":\"https:\\\/\\\/ibecbarcelona.eu\\\/es\\\/sobre-nosotros\\\/investigacion-sostenible\\\/\",\"url\":\"https:\\\/\\\/ibecbarcelona.eu\\\/es\\\/sobre-nosotros\\\/investigacion-sostenible\\\/\",\"name\":\"Investigaci\u00f3n sostenible - Institute for Bioengineering of Catalonia\",\"isPartOf\":{\"@id\":\"https:\\\/\\\/ibecbarcelona.eu\\\/#website\"},\"primaryImageOfPage\":{\"@id\":\"https:\\\/\\\/ibecbarcelona.eu\\\/es\\\/sobre-nosotros\\\/investigacion-sostenible\\\/#primaryimage\"},\"image\":{\"@id\":\"https:\\\/\\\/ibecbarcelona.eu\\\/es\\\/sobre-nosotros\\\/investigacion-sostenible\\\/#primaryimage\"},\"thumbnailUrl\":\"https:\\\/\\\/ibecbarcelona.eu\\\/wp-content\\\/uploads\\\/2022\\\/02\\\/sustainable_banner.jpg\",\"datePublished\":\"2021-07-20T12:08:40+00:00\",\"dateModified\":\"2025-07-21T08:56:29+00:00\",\"breadcrumb\":{\"@id\":\"https:\\\/\\\/ibecbarcelona.eu\\\/es\\\/sobre-nosotros\\\/investigacion-sostenible\\\/#breadcrumb\"},\"inLanguage\":\"es\",\"potentialAction\":[{\"@type\":\"ReadAction\",\"target\":[\"https:\\\/\\\/ibecbarcelona.eu\\\/es\\\/sobre-nosotros\\\/investigacion-sostenible\\\/\"]}]},{\"@type\":\"ImageObject\",\"inLanguage\":\"es\",\"@id\":\"https:\\\/\\\/ibecbarcelona.eu\\\/es\\\/sobre-nosotros\\\/investigacion-sostenible\\\/#primaryimage\",\"url\":\"https:\\\/\\\/ibecbarcelona.eu\\\/wp-content\\\/uploads\\\/2022\\\/02\\\/sustainable_banner.jpg\",\"contentUrl\":\"https:\\\/\\\/ibecbarcelona.eu\\\/wp-content\\\/uploads\\\/2022\\\/02\\\/sustainable_banner.jpg\",\"width\":2000,\"height\":500},{\"@type\":\"BreadcrumbList\",\"@id\":\"https:\\\/\\\/ibecbarcelona.eu\\\/es\\\/sobre-nosotros\\\/investigacion-sostenible\\\/#breadcrumb\",\"itemListElement\":[{\"@type\":\"ListItem\",\"position\":1,\"name\":\"Home\",\"item\":\"https:\\\/\\\/ibecbarcelona.eu\\\/es\\\/\"},{\"@type\":\"ListItem\",\"position\":2,\"name\":\"Sobre nosotros\",\"item\":\"https:\\\/\\\/ibecbarcelona.eu\\\/es\\\/sobre-nosotros\\\/\"},{\"@type\":\"ListItem\",\"position\":3,\"name\":\"Investigaci\u00f3n sostenible\"}]},{\"@type\":\"WebSite\",\"@id\":\"https:\\\/\\\/ibecbarcelona.eu\\\/#website\",\"url\":\"https:\\\/\\\/ibecbarcelona.eu\\\/\",\"name\":\"Institute for Bioengineering of Catalonia\",\"description\":\"Bioengineering solutions for health\",\"publisher\":{\"@id\":\"https:\\\/\\\/ibecbarcelona.eu\\\/#organization\"},\"potentialAction\":[{\"@type\":\"SearchAction\",\"target\":{\"@type\":\"EntryPoint\",\"urlTemplate\":\"https:\\\/\\\/ibecbarcelona.eu\\\/?s={search_term_string}\"},\"query-input\":{\"@type\":\"PropertyValueSpecification\",\"valueRequired\":true,\"valueName\":\"search_term_string\"}}],\"inLanguage\":\"es\"},{\"@type\":\"Organization\",\"@id\":\"https:\\\/\\\/ibecbarcelona.eu\\\/#organization\",\"name\":\"Institute for Bioengineering of Catalonia\",\"url\":\"https:\\\/\\\/ibecbarcelona.eu\\\/\",\"logo\":{\"@type\":\"ImageObject\",\"inLanguage\":\"es\",\"@id\":\"https:\\\/\\\/ibecbarcelona.eu\\\/#\\\/schema\\\/logo\\\/image\\\/\",\"url\":\"https:\\\/\\\/ibecbarcelona.eu\\\/wp-content\\\/uploads\\\/2026\\\/01\\\/cropped-IBEC_20ANYS_GRIS.png\",\"contentUrl\":\"https:\\\/\\\/ibecbarcelona.eu\\\/wp-content\\\/uploads\\\/2026\\\/01\\\/cropped-IBEC_20ANYS_GRIS.png\",\"width\":696,\"height\":257,\"caption\":\"Institute for Bioengineering of Catalonia\"},\"image\":{\"@id\":\"https:\\\/\\\/ibecbarcelona.eu\\\/#\\\/schema\\\/logo\\\/image\\\/\"}}]}<\/script>\n<!-- \/ Yoast SEO plugin. -->","yoast_head_json":{"title":"Investigaci\u00f3n sostenible - Institute for Bioengineering of Catalonia","robots":{"index":"index","follow":"follow","max-snippet":"max-snippet:-1","max-image-preview":"max-image-preview:large","max-video-preview":"max-video-preview:-1"},"canonical":"https:\/\/ibecbarcelona.eu\/es\/sobre-nosotros\/investigacion-sostenible\/","og_locale":"es_ES","og_type":"article","og_title":"Investigaci\u00f3n sostenible - Institute for Bioengineering of Catalonia","og_description":"El IBEC se compromete a promover pr\u00e1cticas m\u00e1s sostenibles en la investigaci\u00f3n y la administraci\u00f3n, para contribuir, en nuestro trabajo diario, a combatir el cambio clim\u00e1tico y la contaminaci\u00f3n.","og_url":"https:\/\/ibecbarcelona.eu\/es\/sobre-nosotros\/investigacion-sostenible\/","og_site_name":"Institute for Bioengineering of Catalonia","article_modified_time":"2025-07-21T08:56:29+00:00","og_image":[{"width":2000,"height":500,"url":"https:\/\/ibecbarcelona.eu\/wp-content\/uploads\/2022\/02\/sustainable_banner.jpg","type":"image\/jpeg"}],"twitter_card":"summary_large_image","twitter_misc":{"Tiempo de lectura":"3 minutos"},"schema":{"@context":"https:\/\/schema.org","@graph":[{"@type":"WebPage","@id":"https:\/\/ibecbarcelona.eu\/es\/sobre-nosotros\/investigacion-sostenible\/","url":"https:\/\/ibecbarcelona.eu\/es\/sobre-nosotros\/investigacion-sostenible\/","name":"Investigaci\u00f3n sostenible - Institute for Bioengineering of Catalonia","isPartOf":{"@id":"https:\/\/ibecbarcelona.eu\/#website"},"primaryImageOfPage":{"@id":"https:\/\/ibecbarcelona.eu\/es\/sobre-nosotros\/investigacion-sostenible\/#primaryimage"},"image":{"@id":"https:\/\/ibecbarcelona.eu\/es\/sobre-nosotros\/investigacion-sostenible\/#primaryimage"},"thumbnailUrl":"https:\/\/ibecbarcelona.eu\/wp-content\/uploads\/2022\/02\/sustainable_banner.jpg","datePublished":"2021-07-20T12:08:40+00:00","dateModified":"2025-07-21T08:56:29+00:00","breadcrumb":{"@id":"https:\/\/ibecbarcelona.eu\/es\/sobre-nosotros\/investigacion-sostenible\/#breadcrumb"},"inLanguage":"es","potentialAction":[{"@type":"ReadAction","target":["https:\/\/ibecbarcelona.eu\/es\/sobre-nosotros\/investigacion-sostenible\/"]}]},{"@type":"ImageObject","inLanguage":"es","@id":"https:\/\/ibecbarcelona.eu\/es\/sobre-nosotros\/investigacion-sostenible\/#primaryimage","url":"https:\/\/ibecbarcelona.eu\/wp-content\/uploads\/2022\/02\/sustainable_banner.jpg","contentUrl":"https:\/\/ibecbarcelona.eu\/wp-content\/uploads\/2022\/02\/sustainable_banner.jpg","width":2000,"height":500},{"@type":"BreadcrumbList","@id":"https:\/\/ibecbarcelona.eu\/es\/sobre-nosotros\/investigacion-sostenible\/#breadcrumb","itemListElement":[{"@type":"ListItem","position":1,"name":"Home","item":"https:\/\/ibecbarcelona.eu\/es\/"},{"@type":"ListItem","position":2,"name":"Sobre nosotros","item":"https:\/\/ibecbarcelona.eu\/es\/sobre-nosotros\/"},{"@type":"ListItem","position":3,"name":"Investigaci\u00f3n sostenible"}]},{"@type":"WebSite","@id":"https:\/\/ibecbarcelona.eu\/#website","url":"https:\/\/ibecbarcelona.eu\/","name":"Institute for Bioengineering of Catalonia","description":"Bioengineering solutions for health","publisher":{"@id":"https:\/\/ibecbarcelona.eu\/#organization"},"potentialAction":[{"@type":"SearchAction","target":{"@type":"EntryPoint","urlTemplate":"https:\/\/ibecbarcelona.eu\/?s={search_term_string}"},"query-input":{"@type":"PropertyValueSpecification","valueRequired":true,"valueName":"search_term_string"}}],"inLanguage":"es"},{"@type":"Organization","@id":"https:\/\/ibecbarcelona.eu\/#organization","name":"Institute for Bioengineering of Catalonia","url":"https:\/\/ibecbarcelona.eu\/","logo":{"@type":"ImageObject","inLanguage":"es","@id":"https:\/\/ibecbarcelona.eu\/#\/schema\/logo\/image\/","url":"https:\/\/ibecbarcelona.eu\/wp-content\/uploads\/2026\/01\/cropped-IBEC_20ANYS_GRIS.png","contentUrl":"https:\/\/ibecbarcelona.eu\/wp-content\/uploads\/2026\/01\/cropped-IBEC_20ANYS_GRIS.png","width":696,"height":257,"caption":"Institute for Bioengineering of Catalonia"},"image":{"@id":"https:\/\/ibecbarcelona.eu\/#\/schema\/logo\/image\/"}}]}},"AFP_featured_media_urls":{"full":["https:\/\/ibecbarcelona.eu\/wp-content\/uploads\/2022\/02\/sustainable_banner.jpg",2000,500,false],"thumbnail":["https:\/\/ibecbarcelona.eu\/wp-content\/uploads\/2022\/02\/sustainable_banner-150x150.jpg",150,150,true],"medium":["https:\/\/ibecbarcelona.eu\/wp-content\/uploads\/2022\/02\/sustainable_banner-300x75.jpg",300,75,true],"medium_large":["https:\/\/ibecbarcelona.eu\/wp-content\/uploads\/2022\/02\/sustainable_banner-768x192.jpg",768,192,true],"large":["https:\/\/ibecbarcelona.eu\/wp-content\/uploads\/2022\/02\/sustainable_banner-1024x256.jpg",1024,256,true]},"AFP_attachments":{"full":["https:\/\/ibecbarcelona.eu\/wp-content\/uploads\/2022\/02\/sustainable_banner.jpg",2000,500,false],"thumbnail":["https:\/\/ibecbarcelona.eu\/wp-content\/uploads\/2022\/02\/sustainable_banner-150x150.jpg",150,150,true],"medium":["https:\/\/ibecbarcelona.eu\/wp-content\/uploads\/2022\/02\/sustainable_banner-300x75.jpg",300,75,true],"medium_large":["https:\/\/ibecbarcelona.eu\/wp-content\/uploads\/2022\/02\/sustainable_banner-768x192.jpg",768,192,true],"large":["https:\/\/ibecbarcelona.eu\/wp-content\/uploads\/2022\/02\/sustainable_banner-1024x256.jpg",1024,256,true]},"AFP_videos":[],"AFP_video_blocks":"","AFP_category_names":[],"_links":{"self":[{"href":"https:\/\/ibecbarcelona.eu\/es\/wp-json\/wp\/v2\/pages\/86277","targetHints":{"allow":["GET"]}}],"collection":[{"href":"https:\/\/ibecbarcelona.eu\/es\/wp-json\/wp\/v2\/pages"}],"about":[{"href":"https:\/\/ibecbarcelona.eu\/es\/wp-json\/wp\/v2\/types\/page"}],"author":[{"embeddable":true,"href":"https:\/\/ibecbarcelona.eu\/es\/wp-json\/wp\/v2\/users\/4"}],"replies":[{"embeddable":true,"href":"https:\/\/ibecbarcelona.eu\/es\/wp-json\/wp\/v2\/comments?post=86277"}],"version-history":[{"count":24,"href":"https:\/\/ibecbarcelona.eu\/es\/wp-json\/wp\/v2\/pages\/86277\/revisions"}],"predecessor-version":[{"id":127595,"href":"https:\/\/ibecbarcelona.eu\/es\/wp-json\/wp\/v2\/pages\/86277\/revisions\/127595"}],"up":[{"embeddable":true,"href":"https:\/\/ibecbarcelona.eu\/es\/wp-json\/wp\/v2\/pages\/16501"}],"wp:featuredmedia":[{"embeddable":true,"href":"https:\/\/ibecbarcelona.eu\/es\/wp-json\/wp\/v2\/media\/91535"}],"wp:attachment":[{"href":"https:\/\/ibecbarcelona.eu\/es\/wp-json\/wp\/v2\/media?parent=86277"}],"wp:term":[{"taxonomy":"post_tag","embeddable":true,"href":"https:\/\/ibecbarcelona.eu\/es\/wp-json\/wp\/v2\/tags?post=86277"}],"curies":[{"name":"wp","href":"https:\/\/api.w.org\/{rel}","templated":true}]}}