
{"id":97166,"date":"2022-07-19T19:16:21","date_gmt":"2022-07-19T17:16:21","guid":{"rendered":"https:\/\/testweb.ibecbarcelona.eu\/about-us\/open-science\/citizen-science\/"},"modified":"2023-09-05T13:14:51","modified_gmt":"2023-09-05T11:14:51","slug":"citizen-science","status":"publish","type":"page","link":"https:\/\/ibecbarcelona.eu\/es\/open-science\/citizen-science\/","title":{"rendered":"Citizen Science"},"content":{"rendered":"\n<h4 class=\"wp-block-heading\">Citizen science is the involvement of the public in scientific research \u2013 whether community-driven research or global investigations. IBEC is committed to increasing the impact and involvement of society in its research. <\/h4>\n\n\n\n<p>Beyond open access to publications and data, we will actively encourage our scientists to uptake Open Science practices such as the involvement in citizen science projects, or the use and creation of open educational resources.<\/p>\n\n\n<div class=\"responsive-tabs\">\n<h2 class=\"tabtitle\">PROJECTS<\/h2>\n<div class=\"tabcontent\">\n\n\n\n\n<h4 class=\"wp-block-heading\">Research Creation and Service<\/h4>\n\n\n\n<p>The <em>project Research Creation and Service<\/em> involves secondary school students in a citizen science project. Students participate in the design and data collection phase of an experiment as an active learning approach involving in-person experience. These activities contribute to raise awareness and build capacity for students\u2019 participation in projects for society.<\/p>\n\n\n\n<figure class=\"wp-block-image size-full is-style-default\"><img decoding=\"async\" width=\"816\" height=\"379\" data-src=\"https:\/\/ibecbarcelona.eu\/wp-content\/uploads\/2022\/07\/education_citizen.png\" alt=\"\" class=\"wp-image-97135 lazyload\" data-srcset=\"https:\/\/ibecbarcelona.eu\/wp-content\/uploads\/2022\/07\/education_citizen.png 816w, https:\/\/ibecbarcelona.eu\/wp-content\/uploads\/2022\/07\/education_citizen-300x139.png 300w, https:\/\/ibecbarcelona.eu\/wp-content\/uploads\/2022\/07\/education_citizen-768x357.png 768w\" data-sizes=\"(max-width: 816px) 100vw, 816px\" src=\"data:image\/svg+xml;base64,PHN2ZyB3aWR0aD0iMSIgaGVpZ2h0PSIxIiB4bWxucz0iaHR0cDovL3d3dy53My5vcmcvMjAwMC9zdmciPjwvc3ZnPg==\" style=\"--smush-placeholder-width: 816px; --smush-placeholder-aspect-ratio: 816\/379;\" \/><\/figure>\n\n\n\n<p>Within this framework, IBEC has participated in two projects:<\/p>\n\n\n\n<ul class=\"wp-block-list\">\n<li><mark style=\"background-color:rgba(0, 0, 0, 0)\" class=\"has-inline-color has-contrast-3-color\"><strong>The quality of the air we breathe in the classroom: Measuring CO2<\/strong><\/mark><br>With this project we propose to measure a series of parameters that will characterize the level of pollution and comfort in the classroom, including temperature, humidity, CO2 concentration and noise level at different times. We will investigate the variables that control the level and temporal evolution of these indicators, and we will highlight the importance of ventilation to improve the quality of the air we breathe.<\/li>\n<\/ul>\n\n\n\n<ul class=\"wp-block-list\">\n<li><mark style=\"background-color:rgba(0, 0, 0, 0)\" class=\"has-inline-color has-contrast-3-color\"><strong>Sleep quality: what are the variables that affect rest?<\/strong><\/mark><br>With this project we suggest you measure your sleeping position as well as analyse what your position changes are. This variability in sleeping position (whether there is movement) can be measured by a mobile application developed by IBEC researchers that will be made available to students and teachers.<\/li>\n<\/ul>\n\n\n\n<p><\/p>\n\n\n\n<h4 class=\"wp-block-heading\">Engineering Life, Designing Our Futures: A Conversation on New Biological Systems <\/h4>\n\n\n\n<p>EMBL and IBEC aim to contribute to the discussion on challenges and opportunities in the expanding field of multi-cellular engineered living systems (M-CELS), in this we organized a special session to discuss with high school students their views on these new biological systems and the implications for the future of medicine and our understanding of what life is. &nbsp;With this activity IBEC and EMBL would like to highlight the importance of the involvement of citizens in the processes of research and innovation and their commitment towards and open and inclusive science. &nbsp;Multi-cellular engineered living systems (M-CELS) are living cellular systems engineered for specific functions. Scientists in this rapidly developing field of research are quickly learning how to test new drugs and more on actual human tissue systems grown outside the human body. However, as with any developing research, there are many ethical questions surrounding it and we wanted to hear from 50 students for an introduction to M-CELS and to dive into a morning of conversations around the questions:&nbsp;<em>What are these new biological systems?, How do we decide if they\u2019re \u201calive\u201d?, Who will benefit from this research?<\/em><\/p>\n\n\n\n<\/div><h2 class=\"tabtitle\">OTHER RESOURCES<\/h2>\n<div class=\"tabcontent\">\n\n\n\n\n<p><a href=\"https:\/\/eu-citizen.science\/\" target=\"_blank\" rel=\"noreferrer noopener\">EU Citizen Science<\/a>, the platform for sharing citizen science projects, resources, tools, training, etc.<\/p>\n\n\n\n<p><a href=\"https:\/\/www.citizenscience.gov\/\" target=\"_blank\" rel=\"noreferrer noopener\">CitizenScience.gov<\/a>\u00a0, the US Government platform on Citizen Science.<\/p>\n\n\n\n<p><a href=\"https:\/\/ciencia-ciudadana.es\/\" target=\"_blank\" rel=\"noreferrer noopener\">Observatorio de la Ciencia Ciudadana en Espa\u00f1a<\/a>, es un proyecto de la Fundaci\u00f3n Ibercivis en colaboraci\u00f3n con la Fundaci\u00f3n Espa\u00f1ola para la Ciencia y la Tecnolog\u00eda (FECYT)-Ministerio de Ciencia e Innovaci\u00f3n, que tiene el objetivo de recopilar los proyectos de ciencia ciudadana llevados a cabo en Espa\u00f1a, con el fin de darles difusi\u00f3n y de crear una red de colaboraci\u00f3n y participaci\u00f3n entre los distintos agentes implicados: cient\u00edficos profesionales, cient\u00edficos ciudadanos, gestores, dinamizadores, pol\u00edticos, divulgadores y comunicadores de la ciencia.<\/p>\n\n\n\n<p><a href=\"https:\/\/www.barcelona.cat\/barcelonaciencia\/en\/science-city\/science-and-citizenship\/citizen-science\" target=\"_blank\" rel=\"noreferrer noopener\">The Barcelona Citizen Science Office<\/a>, it&#8217;s mission is to support citizen science in Barcelona by advising, accompanying and promoting projects that want to work in the city and its Metropolitan Area, as well as developing actions aimed at bringing citizens and research closer together and strengthening the connection with new civic and cultural agents.<\/p>\n\n\n\n<p><a href=\"https:\/\/scistarter.org\/\" target=\"_blank\" rel=\"noreferrer noopener\">SciStarter<\/a>, \u00a0is a globally acclaimed, online citizen science hub where more than 3,000 projects, searchable by location, topic, age level, etc, have been registered by individual project leaders or imported through partnerships with federal governments, NGOs, and universities. It\u2019s features enable SciStarter&#8217;s partners (libraries, schools, museums, Girl Scouts and more) to catalyze customized citizen science pathways and track and support the progress of their communities through SciStarter. SciStarter also supports researchers in managing projects, including best practices for engaging participant partners.<\/p>\n\n\n<\/div><\/div>\n","protected":false},"excerpt":{"rendered":"<p>Citizen science is the involvement of the public in scientific research \u2013 whether community-driven research or global investigations. IBEC is committed to increasing the impact and involvement of society in &#8230; <a title=\"Citizen Science\" class=\"read-more\" href=\"https:\/\/ibecbarcelona.eu\/es\/open-science\/citizen-science\/\" aria-label=\"More on Citizen Science\">Read more<\/a><\/p>\n","protected":false},"author":4,"featured_media":97104,"parent":92038,"menu_order":1,"comment_status":"closed","ping_status":"closed","template":"","meta":{"footnotes":""},"tags":[1855],"class_list":["post-97166","page","type-page","status-publish","has-post-thumbnail","tag-ciencia-abierta"],"yoast_head":"<!-- This site is optimized with the Yoast SEO plugin v27.4 - https:\/\/yoast.com\/product\/yoast-seo-wordpress\/ -->\n<title>Citizen Science - Institute for Bioengineering of Catalonia<\/title>\n<meta name=\"robots\" content=\"index, follow, max-snippet:-1, max-image-preview:large, max-video-preview:-1\" \/>\n<link rel=\"canonical\" href=\"https:\/\/ibecbarcelona.eu\/es\/open-science\/citizen-science\/\" \/>\n<meta property=\"og:locale\" content=\"es_ES\" \/>\n<meta property=\"og:type\" content=\"article\" \/>\n<meta property=\"og:title\" content=\"Citizen Science - Institute for Bioengineering of Catalonia\" \/>\n<meta property=\"og:description\" content=\"Citizen science is the involvement of the public in scientific research \u2013 whether community-driven research or global investigations. IBEC is committed to increasing the impact and involvement of society in ... Read more\" \/>\n<meta property=\"og:url\" content=\"https:\/\/ibecbarcelona.eu\/es\/open-science\/citizen-science\/\" \/>\n<meta property=\"og:site_name\" content=\"Institute for Bioengineering of Catalonia\" \/>\n<meta property=\"article:modified_time\" content=\"2023-09-05T11:14:51+00:00\" \/>\n<meta property=\"og:image\" content=\"https:\/\/ibecbarcelona.eu\/wp-content\/uploads\/2022\/07\/4X1_citizen-science.jpg\" \/>\n\t<meta property=\"og:image:width\" content=\"2000\" \/>\n\t<meta property=\"og:image:height\" content=\"400\" \/>\n\t<meta property=\"og:image:type\" content=\"image\/jpeg\" \/>\n<meta name=\"twitter:card\" content=\"summary_large_image\" \/>\n<meta name=\"twitter:label1\" content=\"Tiempo de lectura\" \/>\n\t<meta name=\"twitter:data1\" content=\"4 minutos\" \/>\n<script type=\"application\/ld+json\" class=\"yoast-schema-graph\">{\"@context\":\"https:\\\/\\\/schema.org\",\"@graph\":[{\"@type\":\"WebPage\",\"@id\":\"https:\\\/\\\/ibecbarcelona.eu\\\/es\\\/open-science\\\/citizen-science\\\/\",\"url\":\"https:\\\/\\\/ibecbarcelona.eu\\\/es\\\/open-science\\\/citizen-science\\\/\",\"name\":\"Citizen Science - Institute for Bioengineering of Catalonia\",\"isPartOf\":{\"@id\":\"https:\\\/\\\/ibecbarcelona.eu\\\/#website\"},\"primaryImageOfPage\":{\"@id\":\"https:\\\/\\\/ibecbarcelona.eu\\\/es\\\/open-science\\\/citizen-science\\\/#primaryimage\"},\"image\":{\"@id\":\"https:\\\/\\\/ibecbarcelona.eu\\\/es\\\/open-science\\\/citizen-science\\\/#primaryimage\"},\"thumbnailUrl\":\"https:\\\/\\\/ibecbarcelona.eu\\\/wp-content\\\/uploads\\\/2022\\\/07\\\/4X1_citizen-science.jpg\",\"datePublished\":\"2022-07-19T17:16:21+00:00\",\"dateModified\":\"2023-09-05T11:14:51+00:00\",\"breadcrumb\":{\"@id\":\"https:\\\/\\\/ibecbarcelona.eu\\\/es\\\/open-science\\\/citizen-science\\\/#breadcrumb\"},\"inLanguage\":\"es\",\"potentialAction\":[{\"@type\":\"ReadAction\",\"target\":[\"https:\\\/\\\/ibecbarcelona.eu\\\/es\\\/open-science\\\/citizen-science\\\/\"]}]},{\"@type\":\"ImageObject\",\"inLanguage\":\"es\",\"@id\":\"https:\\\/\\\/ibecbarcelona.eu\\\/es\\\/open-science\\\/citizen-science\\\/#primaryimage\",\"url\":\"https:\\\/\\\/ibecbarcelona.eu\\\/wp-content\\\/uploads\\\/2022\\\/07\\\/4X1_citizen-science.jpg\",\"contentUrl\":\"https:\\\/\\\/ibecbarcelona.eu\\\/wp-content\\\/uploads\\\/2022\\\/07\\\/4X1_citizen-science.jpg\",\"width\":2000,\"height\":400},{\"@type\":\"BreadcrumbList\",\"@id\":\"https:\\\/\\\/ibecbarcelona.eu\\\/es\\\/open-science\\\/citizen-science\\\/#breadcrumb\",\"itemListElement\":[{\"@type\":\"ListItem\",\"position\":1,\"name\":\"Home\",\"item\":\"https:\\\/\\\/ibecbarcelona.eu\\\/es\\\/\"},{\"@type\":\"ListItem\",\"position\":2,\"name\":\"Sociedad y Ciencia\",\"item\":\"https:\\\/\\\/ibecbarcelona.eu\\\/es\\\/sociedad-y-ciencia\\\/\"},{\"@type\":\"ListItem\",\"position\":3,\"name\":\"Ciencia Abierta\",\"item\":\"https:\\\/\\\/ibecbarcelona.eu\\\/es\\\/open-science\\\/\"},{\"@type\":\"ListItem\",\"position\":4,\"name\":\"Citizen Science\"}]},{\"@type\":\"WebSite\",\"@id\":\"https:\\\/\\\/ibecbarcelona.eu\\\/#website\",\"url\":\"https:\\\/\\\/ibecbarcelona.eu\\\/\",\"name\":\"Institute for Bioengineering of Catalonia\",\"description\":\"Bioengineering solutions for health\",\"publisher\":{\"@id\":\"https:\\\/\\\/ibecbarcelona.eu\\\/#organization\"},\"potentialAction\":[{\"@type\":\"SearchAction\",\"target\":{\"@type\":\"EntryPoint\",\"urlTemplate\":\"https:\\\/\\\/ibecbarcelona.eu\\\/?s={search_term_string}\"},\"query-input\":{\"@type\":\"PropertyValueSpecification\",\"valueRequired\":true,\"valueName\":\"search_term_string\"}}],\"inLanguage\":\"es\"},{\"@type\":\"Organization\",\"@id\":\"https:\\\/\\\/ibecbarcelona.eu\\\/#organization\",\"name\":\"Institute for Bioengineering of Catalonia\",\"url\":\"https:\\\/\\\/ibecbarcelona.eu\\\/\",\"logo\":{\"@type\":\"ImageObject\",\"inLanguage\":\"es\",\"@id\":\"https:\\\/\\\/ibecbarcelona.eu\\\/#\\\/schema\\\/logo\\\/image\\\/\",\"url\":\"https:\\\/\\\/ibecbarcelona.eu\\\/wp-content\\\/uploads\\\/2026\\\/01\\\/cropped-IBEC_20ANYS_GRIS.png\",\"contentUrl\":\"https:\\\/\\\/ibecbarcelona.eu\\\/wp-content\\\/uploads\\\/2026\\\/01\\\/cropped-IBEC_20ANYS_GRIS.png\",\"width\":696,\"height\":257,\"caption\":\"Institute for Bioengineering of Catalonia\"},\"image\":{\"@id\":\"https:\\\/\\\/ibecbarcelona.eu\\\/#\\\/schema\\\/logo\\\/image\\\/\"}}]}<\/script>\n<!-- \/ Yoast SEO plugin. -->","yoast_head_json":{"title":"Citizen Science - Institute for Bioengineering of Catalonia","robots":{"index":"index","follow":"follow","max-snippet":"max-snippet:-1","max-image-preview":"max-image-preview:large","max-video-preview":"max-video-preview:-1"},"canonical":"https:\/\/ibecbarcelona.eu\/es\/open-science\/citizen-science\/","og_locale":"es_ES","og_type":"article","og_title":"Citizen Science - Institute for Bioengineering of Catalonia","og_description":"Citizen science is the involvement of the public in scientific research \u2013 whether community-driven research or global investigations. IBEC is committed to increasing the impact and involvement of society in ... Read more","og_url":"https:\/\/ibecbarcelona.eu\/es\/open-science\/citizen-science\/","og_site_name":"Institute for Bioengineering of Catalonia","article_modified_time":"2023-09-05T11:14:51+00:00","og_image":[{"width":2000,"height":400,"url":"https:\/\/ibecbarcelona.eu\/wp-content\/uploads\/2022\/07\/4X1_citizen-science.jpg","type":"image\/jpeg"}],"twitter_card":"summary_large_image","twitter_misc":{"Tiempo de lectura":"4 minutos"},"schema":{"@context":"https:\/\/schema.org","@graph":[{"@type":"WebPage","@id":"https:\/\/ibecbarcelona.eu\/es\/open-science\/citizen-science\/","url":"https:\/\/ibecbarcelona.eu\/es\/open-science\/citizen-science\/","name":"Citizen Science - Institute for Bioengineering of Catalonia","isPartOf":{"@id":"https:\/\/ibecbarcelona.eu\/#website"},"primaryImageOfPage":{"@id":"https:\/\/ibecbarcelona.eu\/es\/open-science\/citizen-science\/#primaryimage"},"image":{"@id":"https:\/\/ibecbarcelona.eu\/es\/open-science\/citizen-science\/#primaryimage"},"thumbnailUrl":"https:\/\/ibecbarcelona.eu\/wp-content\/uploads\/2022\/07\/4X1_citizen-science.jpg","datePublished":"2022-07-19T17:16:21+00:00","dateModified":"2023-09-05T11:14:51+00:00","breadcrumb":{"@id":"https:\/\/ibecbarcelona.eu\/es\/open-science\/citizen-science\/#breadcrumb"},"inLanguage":"es","potentialAction":[{"@type":"ReadAction","target":["https:\/\/ibecbarcelona.eu\/es\/open-science\/citizen-science\/"]}]},{"@type":"ImageObject","inLanguage":"es","@id":"https:\/\/ibecbarcelona.eu\/es\/open-science\/citizen-science\/#primaryimage","url":"https:\/\/ibecbarcelona.eu\/wp-content\/uploads\/2022\/07\/4X1_citizen-science.jpg","contentUrl":"https:\/\/ibecbarcelona.eu\/wp-content\/uploads\/2022\/07\/4X1_citizen-science.jpg","width":2000,"height":400},{"@type":"BreadcrumbList","@id":"https:\/\/ibecbarcelona.eu\/es\/open-science\/citizen-science\/#breadcrumb","itemListElement":[{"@type":"ListItem","position":1,"name":"Home","item":"https:\/\/ibecbarcelona.eu\/es\/"},{"@type":"ListItem","position":2,"name":"Sociedad y Ciencia","item":"https:\/\/ibecbarcelona.eu\/es\/sociedad-y-ciencia\/"},{"@type":"ListItem","position":3,"name":"Ciencia Abierta","item":"https:\/\/ibecbarcelona.eu\/es\/open-science\/"},{"@type":"ListItem","position":4,"name":"Citizen Science"}]},{"@type":"WebSite","@id":"https:\/\/ibecbarcelona.eu\/#website","url":"https:\/\/ibecbarcelona.eu\/","name":"Institute for Bioengineering of Catalonia","description":"Bioengineering solutions for health","publisher":{"@id":"https:\/\/ibecbarcelona.eu\/#organization"},"potentialAction":[{"@type":"SearchAction","target":{"@type":"EntryPoint","urlTemplate":"https:\/\/ibecbarcelona.eu\/?s={search_term_string}"},"query-input":{"@type":"PropertyValueSpecification","valueRequired":true,"valueName":"search_term_string"}}],"inLanguage":"es"},{"@type":"Organization","@id":"https:\/\/ibecbarcelona.eu\/#organization","name":"Institute for Bioengineering of Catalonia","url":"https:\/\/ibecbarcelona.eu\/","logo":{"@type":"ImageObject","inLanguage":"es","@id":"https:\/\/ibecbarcelona.eu\/#\/schema\/logo\/image\/","url":"https:\/\/ibecbarcelona.eu\/wp-content\/uploads\/2026\/01\/cropped-IBEC_20ANYS_GRIS.png","contentUrl":"https:\/\/ibecbarcelona.eu\/wp-content\/uploads\/2026\/01\/cropped-IBEC_20ANYS_GRIS.png","width":696,"height":257,"caption":"Institute for Bioengineering of Catalonia"},"image":{"@id":"https:\/\/ibecbarcelona.eu\/#\/schema\/logo\/image\/"}}]}},"AFP_featured_media_urls":{"full":["https:\/\/ibecbarcelona.eu\/wp-content\/uploads\/2022\/07\/4X1_citizen-science.jpg",2000,400,false],"thumbnail":["https:\/\/ibecbarcelona.eu\/wp-content\/uploads\/2022\/07\/4X1_citizen-science-150x150.jpg",150,150,true],"medium":["https:\/\/ibecbarcelona.eu\/wp-content\/uploads\/2022\/07\/4X1_citizen-science-300x60.jpg",300,60,true],"medium_large":["https:\/\/ibecbarcelona.eu\/wp-content\/uploads\/2022\/07\/4X1_citizen-science-768x154.jpg",768,154,true],"large":["https:\/\/ibecbarcelona.eu\/wp-content\/uploads\/2022\/07\/4X1_citizen-science-1024x205.jpg",1024,205,true]},"AFP_attachments":[],"AFP_videos":[],"AFP_video_blocks":"","AFP_category_names":[],"_links":{"self":[{"href":"https:\/\/ibecbarcelona.eu\/es\/wp-json\/wp\/v2\/pages\/97166","targetHints":{"allow":["GET"]}}],"collection":[{"href":"https:\/\/ibecbarcelona.eu\/es\/wp-json\/wp\/v2\/pages"}],"about":[{"href":"https:\/\/ibecbarcelona.eu\/es\/wp-json\/wp\/v2\/types\/page"}],"author":[{"embeddable":true,"href":"https:\/\/ibecbarcelona.eu\/es\/wp-json\/wp\/v2\/users\/4"}],"replies":[{"embeddable":true,"href":"https:\/\/ibecbarcelona.eu\/es\/wp-json\/wp\/v2\/comments?post=97166"}],"version-history":[{"count":14,"href":"https:\/\/ibecbarcelona.eu\/es\/wp-json\/wp\/v2\/pages\/97166\/revisions"}],"predecessor-version":[{"id":110675,"href":"https:\/\/ibecbarcelona.eu\/es\/wp-json\/wp\/v2\/pages\/97166\/revisions\/110675"}],"up":[{"embeddable":true,"href":"https:\/\/ibecbarcelona.eu\/es\/wp-json\/wp\/v2\/pages\/92038"}],"wp:featuredmedia":[{"embeddable":true,"href":"https:\/\/ibecbarcelona.eu\/es\/wp-json\/wp\/v2\/media\/97104"}],"wp:attachment":[{"href":"https:\/\/ibecbarcelona.eu\/es\/wp-json\/wp\/v2\/media?parent=97166"}],"wp:term":[{"taxonomy":"post_tag","embeddable":true,"href":"https:\/\/ibecbarcelona.eu\/es\/wp-json\/wp\/v2\/tags?post=97166"}],"curies":[{"name":"wp","href":"https:\/\/api.w.org\/{rel}","templated":true}]}}