
{"id":97505,"date":"2022-07-20T15:44:56","date_gmt":"2022-07-20T13:44:56","guid":{"rendered":"https:\/\/testweb.ibecbarcelona.eu\/industry-and-hospitals\/isciii-biobanks-and-biomodels-platform\/"},"modified":"2022-07-20T16:07:12","modified_gmt":"2022-07-20T14:07:12","slug":"isciii-biobanks-and-biomodels-platform","status":"publish","type":"page","link":"https:\/\/ibecbarcelona.eu\/es\/industria-y-hospitales\/plataforma-biobancos-y-biomodelos","title":{"rendered":"Plataforma ISCIII Biobancos y Biomodelos"},"content":{"rendered":"\n<h4 class=\"wp-block-heading\">Durante el a\u00f1o 2020, el Instituto de Salud Carlos III (ISCIII) inici\u00f3 una experiencia pionera al promover la creaci\u00f3n de la&nbsp;<a href=\"https:\/\/www.isciiibiobanksbiomodels.es\/en\/\" target=\"_blank\" rel=\"noreferrer noopener\">Plataforma ISCIII de Biobancos y Biomodelos<\/a>&nbsp;(P_ISCIII_BB).&nbsp;<\/h4>\n\n\n\n<p>En la actualidad la P_ISCIII_BB, coordinada desde IBEC, cuenta con una composici\u00f3n excepcional que incluye a las 64 Unidades que la conforman. Para cada HUB cient\u00edfico-tecnol\u00f3gico la composici\u00f3n incluye: 57 Unidades en el HUB de Biobancos, 18 Unidades en HUB de modelo animal, 19 Unidades en el HUB de Organoides y 15 Unidades en el HUB de impresi\u00f3n 3D.&nbsp;<\/p>\n\n\n\n<p>Estas unidades est\u00e1n distribuidas por toda la geograf\u00eda espa\u00f1ola representando a 16 CCAA, que incluyen: Andaluc\u00eda, Arag\u00f3n, Principado de Asturias, Islas Baleares, Cantabria, Castilla-La Mancha, Castilla y Le\u00f3n, Catalu\u00f1a, Comunidad Valenciana, Galicia, Comunidad de Madrid, Regi\u00f3n de Murcia, Comunidad Foral de Navarra, Pa\u00eds Vasco, Extremadura, y Canarias. De esta manera la P_ISCIII_BB ofrece el m\u00e1s alto nivel de calidad y servicios de vanguardia para facilitar y avanzar en la definici\u00f3n de la mejor terapia para el paciente y as\u00ed cerrar el ciclo desde la investigaci\u00f3n b\u00e1sica hasta la realizaci\u00f3n de la aplicaci\u00f3n cl\u00ednica.<\/p>\n\n\n\n<p>Cabe destacar tambi\u00e9n, que desde el a\u00f1o 2021 el Reino de Espa\u00f1a es miembro asociado de la Infraestructura de Investigaci\u00f3n de Biobancos y Recursos BioMoleculares\u2013 Consorcio Europeo de Infraestructuras de Investigaci\u00f3n (BBMRI-ERIC) designando adem\u00e1s a la P_ISCIII_BB como Nodo Nacional.&nbsp; La entrada de Espa\u00f1a y el ISCIII en el BBMRI-ERIC es un paso m\u00e1s para la consolidaci\u00f3n de la investigaci\u00f3n colaborativa con apoyo europeo e internacional. De esta manera, el ISCIII adem\u00e1s impulsa y cristaliza su modelo de plataformas de investigaci\u00f3n cooperativa y la Plataforma ISCIII_BB.<\/p>\n\n\n\n<p><\/p>\n\n\n<div class=\"responsive-tabs\">\n<h2 class=\"tabtitle\">SERVICIOS<\/h2>\n<div class=\"tabcontent\">\n\n\n\n\n<p><\/p>\n\n\n\n<h4 class=\"wp-block-heading\">En el marco de la&nbsp;<a href=\"https:\/\/www.isciiibiobanksbiomodels.es\/\" target=\"_blank\" rel=\"noreferrer noopener\">Plataforma Biobancos y Biomodelos<\/a>, el IBEC ofrece los siguientes servicios:<\/h4>\n\n\n\n<ul class=\"wp-block-list\"><li>Generaci\u00f3n de sistemas de cultivo 3D (incluidos organoides, esferoides y tumoroides) a partir de c\u00e9lulas madre pluripotentes humanas y muestras de pacientes para aplicaciones en el modelado de enfermedades. Nuestros sistemas de cultivo 3D incluyen: organoides de ri\u00f1\u00f3n, organoides de retina, organoides de h\u00edgado, organoides de h\u00edgado y organoides de vejiga.<\/li><li>Edici\u00f3n de genomas en c\u00e9lulas primarias y sistemas de cultivo 3D (incluidos organoides, tumoroides y esferoides) para aplicaciones en modelado de enfermedades y descubrimiento de f\u00e1rmacos. Nuestras herramientas de edici\u00f3n del genoma incluyen CRISPR\/Cas9 y TALEN.<\/li><li>S\u00edntesis y caracterizaci\u00f3n de (bio)materiales para aplicaciones en ingenier\u00eda de tejidos y bioimpresi\u00f3n 3D.<\/li><li>Generaci\u00f3n de construcciones de tejidos y \u00f3rganos mediante biofabricaci\u00f3n (incluida la bioimpresi\u00f3n 3D y el uso de matrices biol\u00f3gicas).<\/li><li>Dise\u00f1o y microfabricaci\u00f3n de dispositivos de \u00f3rganos-en-chips para dirigir la derivaci\u00f3n de cultivos 3D (incluidos organoides, tumoroides y esferoides) para aplicaciones en modelado de enfermedades y detecci\u00f3n de f\u00e1rmacos.<\/li><\/ul>\n\n\n\n<p><\/p>\n\n\n<\/div><\/div>\n\n\n\n<p><\/p>\n\n\n\n<hr class=\"wp-block-separator has-alpha-channel-opacity\"\/>\n\n\n\n<p><strong><em>M\u00e1s informaci\u00f3n:<br><\/em><\/strong>requestsplatformisciiibb@ibecbarcelona.eu<br>biomodels_unit_ibec@ibecbarcelona.eu<\/p>\n","protected":false},"excerpt":{"rendered":"<p>Durante el a\u00f1o 2020, el Instituto de Salud Carlos III (ISCIII) inici\u00f3 una experiencia pionera al promover la creaci\u00f3n de la&nbsp;Plataforma ISCIII de Biobancos y Biomodelos&nbsp;(P_ISCIII_BB).&nbsp; En la actualidad la &#8230; <a title=\"Plataforma ISCIII Biobancos y Biomodelos\" class=\"read-more\" href=\"https:\/\/ibecbarcelona.eu\/es\/industria-y-hospitales\/plataforma-biobancos-y-biomodelos\" aria-label=\"More on Plataforma ISCIII Biobancos y Biomodelos\">Read more<\/a><\/p>\n","protected":false},"author":4,"featured_media":97500,"parent":95522,"menu_order":0,"comment_status":"closed","ping_status":"closed","template":"","meta":{"footnotes":""},"tags":[],"class_list":["post-97505","page","type-page","status-publish","has-post-thumbnail"],"yoast_head":"<!-- This site is optimized with the Yoast SEO plugin v27.3 - https:\/\/yoast.com\/product\/yoast-seo-wordpress\/ -->\n<title>Plataforma ISCIII Biobancos y Biomodelos - Institute for Bioengineering of Catalonia<\/title>\n<meta name=\"robots\" content=\"index, follow, max-snippet:-1, max-image-preview:large, max-video-preview:-1\" \/>\n<link rel=\"canonical\" href=\"https:\/\/ibecbarcelona.eu\/es\/industria-y-hospitales\/plataforma-biobancos-y-biomodelos\/\" \/>\n<meta property=\"og:locale\" content=\"es_ES\" \/>\n<meta property=\"og:type\" content=\"article\" \/>\n<meta property=\"og:title\" content=\"Plataforma ISCIII Biobancos y Biomodelos - Institute for Bioengineering of Catalonia\" \/>\n<meta property=\"og:description\" content=\"Durante el a\u00f1o 2020, el Instituto de Salud Carlos III (ISCIII) inici\u00f3 una experiencia pionera al promover la creaci\u00f3n de la&nbsp;Plataforma ISCIII de Biobancos y Biomodelos&nbsp;(P_ISCIII_BB).&nbsp; En la actualidad la ... Read more\" \/>\n<meta property=\"og:url\" content=\"https:\/\/ibecbarcelona.eu\/es\/industria-y-hospitales\/plataforma-biobancos-y-biomodelos\/\" \/>\n<meta property=\"og:site_name\" content=\"Institute for Bioengineering of Catalonia\" \/>\n<meta property=\"article:modified_time\" content=\"2022-07-20T14:07:12+00:00\" \/>\n<meta property=\"og:image\" content=\"https:\/\/ibecbarcelona.eu\/wp-content\/uploads\/2022\/07\/biobanks_banner.jpg\" \/>\n\t<meta property=\"og:image:width\" content=\"1993\" \/>\n\t<meta property=\"og:image:height\" content=\"399\" \/>\n\t<meta property=\"og:image:type\" content=\"image\/jpeg\" \/>\n<meta name=\"twitter:card\" content=\"summary_large_image\" \/>\n<meta name=\"twitter:label1\" content=\"Tiempo de lectura\" \/>\n\t<meta name=\"twitter:data1\" content=\"2 minutos\" \/>\n<script type=\"application\/ld+json\" class=\"yoast-schema-graph\">{\"@context\":\"https:\\\/\\\/schema.org\",\"@graph\":[{\"@type\":\"WebPage\",\"@id\":\"https:\\\/\\\/ibecbarcelona.eu\\\/es\\\/industria-y-hospitales\\\/plataforma-biobancos-y-biomodelos\\\/\",\"url\":\"https:\\\/\\\/ibecbarcelona.eu\\\/es\\\/industria-y-hospitales\\\/plataforma-biobancos-y-biomodelos\\\/\",\"name\":\"Plataforma ISCIII Biobancos y Biomodelos - Institute for Bioengineering of Catalonia\",\"isPartOf\":{\"@id\":\"https:\\\/\\\/ibecbarcelona.eu\\\/#website\"},\"primaryImageOfPage\":{\"@id\":\"https:\\\/\\\/ibecbarcelona.eu\\\/es\\\/industria-y-hospitales\\\/plataforma-biobancos-y-biomodelos\\\/#primaryimage\"},\"image\":{\"@id\":\"https:\\\/\\\/ibecbarcelona.eu\\\/es\\\/industria-y-hospitales\\\/plataforma-biobancos-y-biomodelos\\\/#primaryimage\"},\"thumbnailUrl\":\"https:\\\/\\\/ibecbarcelona.eu\\\/wp-content\\\/uploads\\\/2022\\\/07\\\/biobanks_banner.jpg\",\"datePublished\":\"2022-07-20T13:44:56+00:00\",\"dateModified\":\"2022-07-20T14:07:12+00:00\",\"breadcrumb\":{\"@id\":\"https:\\\/\\\/ibecbarcelona.eu\\\/es\\\/industria-y-hospitales\\\/plataforma-biobancos-y-biomodelos\\\/#breadcrumb\"},\"inLanguage\":\"es\",\"potentialAction\":[{\"@type\":\"ReadAction\",\"target\":[\"https:\\\/\\\/ibecbarcelona.eu\\\/es\\\/industria-y-hospitales\\\/plataforma-biobancos-y-biomodelos\\\/\"]}]},{\"@type\":\"ImageObject\",\"inLanguage\":\"es\",\"@id\":\"https:\\\/\\\/ibecbarcelona.eu\\\/es\\\/industria-y-hospitales\\\/plataforma-biobancos-y-biomodelos\\\/#primaryimage\",\"url\":\"https:\\\/\\\/ibecbarcelona.eu\\\/wp-content\\\/uploads\\\/2022\\\/07\\\/biobanks_banner.jpg\",\"contentUrl\":\"https:\\\/\\\/ibecbarcelona.eu\\\/wp-content\\\/uploads\\\/2022\\\/07\\\/biobanks_banner.jpg\",\"width\":1993,\"height\":399},{\"@type\":\"BreadcrumbList\",\"@id\":\"https:\\\/\\\/ibecbarcelona.eu\\\/es\\\/industria-y-hospitales\\\/plataforma-biobancos-y-biomodelos\\\/#breadcrumb\",\"itemListElement\":[{\"@type\":\"ListItem\",\"position\":1,\"name\":\"Home\",\"item\":\"https:\\\/\\\/ibecbarcelona.eu\\\/es\\\/\"},{\"@type\":\"ListItem\",\"position\":2,\"name\":\"Industria y Hospitales\",\"item\":\"https:\\\/\\\/ibecbarcelona.eu\\\/es\\\/industria-y-hospitales\\\/\"},{\"@type\":\"ListItem\",\"position\":3,\"name\":\"Plataforma ISCIII Biobancos y Biomodelos\"}]},{\"@type\":\"WebSite\",\"@id\":\"https:\\\/\\\/ibecbarcelona.eu\\\/#website\",\"url\":\"https:\\\/\\\/ibecbarcelona.eu\\\/\",\"name\":\"Institute for Bioengineering of Catalonia\",\"description\":\"Bioengineering solutions for health\",\"publisher\":{\"@id\":\"https:\\\/\\\/ibecbarcelona.eu\\\/#organization\"},\"potentialAction\":[{\"@type\":\"SearchAction\",\"target\":{\"@type\":\"EntryPoint\",\"urlTemplate\":\"https:\\\/\\\/ibecbarcelona.eu\\\/?s={search_term_string}\"},\"query-input\":{\"@type\":\"PropertyValueSpecification\",\"valueRequired\":true,\"valueName\":\"search_term_string\"}}],\"inLanguage\":\"es\"},{\"@type\":\"Organization\",\"@id\":\"https:\\\/\\\/ibecbarcelona.eu\\\/#organization\",\"name\":\"Institute for Bioengineering of Catalonia\",\"url\":\"https:\\\/\\\/ibecbarcelona.eu\\\/\",\"logo\":{\"@type\":\"ImageObject\",\"inLanguage\":\"es\",\"@id\":\"https:\\\/\\\/ibecbarcelona.eu\\\/#\\\/schema\\\/logo\\\/image\\\/\",\"url\":\"https:\\\/\\\/ibecbarcelona.eu\\\/wp-content\\\/uploads\\\/2026\\\/01\\\/cropped-IBEC_20ANYS_GRIS.png\",\"contentUrl\":\"https:\\\/\\\/ibecbarcelona.eu\\\/wp-content\\\/uploads\\\/2026\\\/01\\\/cropped-IBEC_20ANYS_GRIS.png\",\"width\":696,\"height\":257,\"caption\":\"Institute for Bioengineering of Catalonia\"},\"image\":{\"@id\":\"https:\\\/\\\/ibecbarcelona.eu\\\/#\\\/schema\\\/logo\\\/image\\\/\"}}]}<\/script>\n<!-- \/ Yoast SEO plugin. -->","yoast_head_json":{"title":"Plataforma ISCIII Biobancos y Biomodelos - Institute for Bioengineering of Catalonia","robots":{"index":"index","follow":"follow","max-snippet":"max-snippet:-1","max-image-preview":"max-image-preview:large","max-video-preview":"max-video-preview:-1"},"canonical":"https:\/\/ibecbarcelona.eu\/es\/industria-y-hospitales\/plataforma-biobancos-y-biomodelos\/","og_locale":"es_ES","og_type":"article","og_title":"Plataforma ISCIII Biobancos y Biomodelos - Institute for Bioengineering of Catalonia","og_description":"Durante el a\u00f1o 2020, el Instituto de Salud Carlos III (ISCIII) inici\u00f3 una experiencia pionera al promover la creaci\u00f3n de la&nbsp;Plataforma ISCIII de Biobancos y Biomodelos&nbsp;(P_ISCIII_BB).&nbsp; En la actualidad la ... Read more","og_url":"https:\/\/ibecbarcelona.eu\/es\/industria-y-hospitales\/plataforma-biobancos-y-biomodelos\/","og_site_name":"Institute for Bioengineering of Catalonia","article_modified_time":"2022-07-20T14:07:12+00:00","og_image":[{"width":1993,"height":399,"url":"https:\/\/ibecbarcelona.eu\/wp-content\/uploads\/2022\/07\/biobanks_banner.jpg","type":"image\/jpeg"}],"twitter_card":"summary_large_image","twitter_misc":{"Tiempo de lectura":"2 minutos"},"schema":{"@context":"https:\/\/schema.org","@graph":[{"@type":"WebPage","@id":"https:\/\/ibecbarcelona.eu\/es\/industria-y-hospitales\/plataforma-biobancos-y-biomodelos\/","url":"https:\/\/ibecbarcelona.eu\/es\/industria-y-hospitales\/plataforma-biobancos-y-biomodelos\/","name":"Plataforma ISCIII Biobancos y Biomodelos - Institute for Bioengineering of Catalonia","isPartOf":{"@id":"https:\/\/ibecbarcelona.eu\/#website"},"primaryImageOfPage":{"@id":"https:\/\/ibecbarcelona.eu\/es\/industria-y-hospitales\/plataforma-biobancos-y-biomodelos\/#primaryimage"},"image":{"@id":"https:\/\/ibecbarcelona.eu\/es\/industria-y-hospitales\/plataforma-biobancos-y-biomodelos\/#primaryimage"},"thumbnailUrl":"https:\/\/ibecbarcelona.eu\/wp-content\/uploads\/2022\/07\/biobanks_banner.jpg","datePublished":"2022-07-20T13:44:56+00:00","dateModified":"2022-07-20T14:07:12+00:00","breadcrumb":{"@id":"https:\/\/ibecbarcelona.eu\/es\/industria-y-hospitales\/plataforma-biobancos-y-biomodelos\/#breadcrumb"},"inLanguage":"es","potentialAction":[{"@type":"ReadAction","target":["https:\/\/ibecbarcelona.eu\/es\/industria-y-hospitales\/plataforma-biobancos-y-biomodelos\/"]}]},{"@type":"ImageObject","inLanguage":"es","@id":"https:\/\/ibecbarcelona.eu\/es\/industria-y-hospitales\/plataforma-biobancos-y-biomodelos\/#primaryimage","url":"https:\/\/ibecbarcelona.eu\/wp-content\/uploads\/2022\/07\/biobanks_banner.jpg","contentUrl":"https:\/\/ibecbarcelona.eu\/wp-content\/uploads\/2022\/07\/biobanks_banner.jpg","width":1993,"height":399},{"@type":"BreadcrumbList","@id":"https:\/\/ibecbarcelona.eu\/es\/industria-y-hospitales\/plataforma-biobancos-y-biomodelos\/#breadcrumb","itemListElement":[{"@type":"ListItem","position":1,"name":"Home","item":"https:\/\/ibecbarcelona.eu\/es\/"},{"@type":"ListItem","position":2,"name":"Industria y Hospitales","item":"https:\/\/ibecbarcelona.eu\/es\/industria-y-hospitales\/"},{"@type":"ListItem","position":3,"name":"Plataforma ISCIII Biobancos y Biomodelos"}]},{"@type":"WebSite","@id":"https:\/\/ibecbarcelona.eu\/#website","url":"https:\/\/ibecbarcelona.eu\/","name":"Institute for Bioengineering of Catalonia","description":"Bioengineering solutions for health","publisher":{"@id":"https:\/\/ibecbarcelona.eu\/#organization"},"potentialAction":[{"@type":"SearchAction","target":{"@type":"EntryPoint","urlTemplate":"https:\/\/ibecbarcelona.eu\/?s={search_term_string}"},"query-input":{"@type":"PropertyValueSpecification","valueRequired":true,"valueName":"search_term_string"}}],"inLanguage":"es"},{"@type":"Organization","@id":"https:\/\/ibecbarcelona.eu\/#organization","name":"Institute for Bioengineering of Catalonia","url":"https:\/\/ibecbarcelona.eu\/","logo":{"@type":"ImageObject","inLanguage":"es","@id":"https:\/\/ibecbarcelona.eu\/#\/schema\/logo\/image\/","url":"https:\/\/ibecbarcelona.eu\/wp-content\/uploads\/2026\/01\/cropped-IBEC_20ANYS_GRIS.png","contentUrl":"https:\/\/ibecbarcelona.eu\/wp-content\/uploads\/2026\/01\/cropped-IBEC_20ANYS_GRIS.png","width":696,"height":257,"caption":"Institute for Bioengineering of Catalonia"},"image":{"@id":"https:\/\/ibecbarcelona.eu\/#\/schema\/logo\/image\/"}}]}},"AFP_featured_media_urls":{"full":["https:\/\/ibecbarcelona.eu\/wp-content\/uploads\/2022\/07\/biobanks_banner.jpg",1993,399,false],"thumbnail":["https:\/\/ibecbarcelona.eu\/wp-content\/uploads\/2022\/07\/biobanks_banner-150x150.jpg",150,150,true],"medium":["https:\/\/ibecbarcelona.eu\/wp-content\/uploads\/2022\/07\/biobanks_banner-300x60.jpg",300,60,true],"medium_large":["https:\/\/ibecbarcelona.eu\/wp-content\/uploads\/2022\/07\/biobanks_banner-768x154.jpg",768,154,true],"large":["https:\/\/ibecbarcelona.eu\/wp-content\/uploads\/2022\/07\/biobanks_banner-1024x205.jpg",1024,205,true]},"AFP_attachments":{"full":["https:\/\/ibecbarcelona.eu\/wp-content\/uploads\/2022\/07\/biobanks_banner.jpg",1993,399,false],"thumbnail":["https:\/\/ibecbarcelona.eu\/wp-content\/uploads\/2022\/07\/biobanks_banner-150x150.jpg",150,150,true],"medium":["https:\/\/ibecbarcelona.eu\/wp-content\/uploads\/2022\/07\/biobanks_banner-300x60.jpg",300,60,true],"medium_large":["https:\/\/ibecbarcelona.eu\/wp-content\/uploads\/2022\/07\/biobanks_banner-768x154.jpg",768,154,true],"large":["https:\/\/ibecbarcelona.eu\/wp-content\/uploads\/2022\/07\/biobanks_banner-1024x205.jpg",1024,205,true]},"AFP_videos":[],"AFP_video_blocks":"","AFP_category_names":[],"_links":{"self":[{"href":"https:\/\/ibecbarcelona.eu\/es\/wp-json\/wp\/v2\/pages\/97505","targetHints":{"allow":["GET"]}}],"collection":[{"href":"https:\/\/ibecbarcelona.eu\/es\/wp-json\/wp\/v2\/pages"}],"about":[{"href":"https:\/\/ibecbarcelona.eu\/es\/wp-json\/wp\/v2\/types\/page"}],"author":[{"embeddable":true,"href":"https:\/\/ibecbarcelona.eu\/es\/wp-json\/wp\/v2\/users\/4"}],"replies":[{"embeddable":true,"href":"https:\/\/ibecbarcelona.eu\/es\/wp-json\/wp\/v2\/comments?post=97505"}],"version-history":[{"count":6,"href":"https:\/\/ibecbarcelona.eu\/es\/wp-json\/wp\/v2\/pages\/97505\/revisions"}],"predecessor-version":[{"id":97519,"href":"https:\/\/ibecbarcelona.eu\/es\/wp-json\/wp\/v2\/pages\/97505\/revisions\/97519"}],"up":[{"embeddable":true,"href":"https:\/\/ibecbarcelona.eu\/es\/wp-json\/wp\/v2\/pages\/95522"}],"wp:featuredmedia":[{"embeddable":true,"href":"https:\/\/ibecbarcelona.eu\/es\/wp-json\/wp\/v2\/media\/97500"}],"wp:attachment":[{"href":"https:\/\/ibecbarcelona.eu\/es\/wp-json\/wp\/v2\/media?parent=97505"}],"wp:term":[{"taxonomy":"post_tag","embeddable":true,"href":"https:\/\/ibecbarcelona.eu\/es\/wp-json\/wp\/v2\/tags?post=97505"}],"curies":[{"name":"wp","href":"https:\/\/api.w.org\/{rel}","templated":true}]}}